{"id":6245,"date":"1970-01-01T00:00:00","date_gmt":"1970-01-01T00:00:00","guid":{"rendered":"https:\/\/elfsight.com\/pl\/?page_id=6245"},"modified":"2025-06-23T09:16:27","modified_gmt":"2025-06-23T09:16:27","slug":"joomla","status":"publish","type":"page","link":"https:\/\/elfsight.com\/pl\/radio-player-widget\/joomla\/","title":{"rendered":"Radio Player &#8211; Joomla"},"content":{"rendered":"<div class=\"application-platform-content-item-description application-platform-content-item\" id=\"description\" data-nav-section=\"description\">\n<h2>Opis<\/h2>\n<p>Elfsight Radio Player to nieskomplikowane rozszerzenie umo\u017cliwiaj\u0105ce odtwarzanie stacji radiowych na stronach Twojej witryny. Modu\u0142 jest niezwykle modyfikowalny: mo\u017cesz zmienia\u0107 jego po\u0142o\u017cenie, ustawia\u0107 w dowolnym miejscu strony, skalowa\u0107 jego rozmiar, przemalowywa\u0107 t\u0142o i inne elementy, aby dopasowa\u0107 je do stylu swojej witryny, zastosowa\u0107 ciemny motyw, wy\u015bwietli\u0107 ok\u0142adki i pokaza\u0107 lub ukry\u0107 3 dodatkowe szczeg\u00f3\u0142y odtwarzacza, takie jak nag\u0142\u00f3wek, status i inne. Mo\u017cesz przes\u0142a\u0107 tyle stacji, ile potrzebujesz, aby zabawia\u0107 odbiorc\u00f3w, w\u0142\u0105czy\u0107 autoodtwarzanie i nie mie\u0107 w\u0105tpliwo\u015bci \u2013 Twoi odbiorcy nie opuszcz\u0105 Twojej witryny w po\u015bpiechu!<\/p>\n<p>Udost\u0119pnij swoim u\u017cytkownikom nowe \u017ar\u00f3d\u0142o przydatnych i rozrywkowych tre\u015bci za po\u015brednictwem modu\u0142u Elfsight Radio Player dla Joomla.<\/p>\n<\/div>\n\n<div class=\"faq\" data-component=\"FAQ\">\n    <div class=\"faq-item\">\r\n\t\t\t\t\t<div class=\"faq-item-question\">\r\n\t\t\t\t\t\t<h3 class=\"faq-item-question-text\">Jak mog\u0119 osadzi\u0107 odtwarzacz radiowy w moja witryna Joomla?<\/h3>\r\n\r\n\t\t\t\t\t\t<div class=\"faq-item-question-icon\"><\/div>\r\n\t\t\t\t\t<\/div>\r\n\r\n\t\t\t\t\t<div class=\"faq-item-answer\">\r\n\t\t\t\t\t\t<div class=\"faq-item-answer-text\">\n    <p>Tworzenie wid\u017cetu odbywa si\u0119 na stronach Elfsight i nie musisz uczy\u0107 si\u0119 kodowania. Otw\u00f3rz nasze demo online, aby zbudowa\u0107 w\u0142asny wid\u017cet, uzyska\u0107 kod i zaimplementowa\u0107 go na swojej stronie.<\/p>\n    <\/div>\r\n\t\t\t\t\t<\/div>\r\n\t\t\t\t<\/div>\n\n    <div class=\"faq-item\">\r\n\t\t\t\t\t<div class=\"faq-item-question\">\r\n\t\t\t\t\t\t<h3 class=\"faq-item-question-text\">Najlepsze sposoby wykorzystania integracji radia internetowego z odtwarzaczem<\/h3>\r\n\r\n\t\t\t\t\t\t<div class=\"faq-item-question-icon\"><\/div>\r\n\t\t\t\t\t<\/div>\r\n\r\n\t\t\t\t\t<div class=\"faq-item-answer\">\r\n\t\t\t\t\t\t<div class=\"faq-item-answer-text\">\n    <p>Zapewnimy Ci wiele mo\u017cliwo\u015bci personalizacji: pe\u0142nowymiarowe wid\u017cety do wstawiania obszar zawarto\u015bci, p\u0142ywaj\u0105ce wtyczki z opcjami przewijania, uk\u0142ady stopki, nag\u0142\u00f3wka i wszelkiego rodzaju opcje pionowe dla pask\u00f3w bocznych i menu.<\/p>\n    <\/div>\r\n\t\t\t\t\t<\/div>\r\n\t\t\t\t<\/div>\n\n    <div class=\"faq-item\">\r\n\t\t\t\t\t<div class=\"faq-item-question\">\r\n\t\t\t\t\t\t<h3 class=\"faq-item-question-text\">Jak za pomoc\u0105 edytora zbudowa\u0107 odtwarzacz radia w tle lub radia z wiadomo\u015bciami?<\/h3>\r\n\r\n\t\t\t\t\t\t<div class=\"faq-item-question-icon\"><\/div>\r\n\t\t\t\t\t<\/div>\r\n\r\n\t\t\t\t\t<div class=\"faq-item-answer\">\r\n\t\t\t\t\t\t<div class=\"faq-item-answer-text\">\n    <p>Mo\u017cesz kszta\u0142towa\u0107 zmiany w dowolnym wid\u017cecie. W edytorze dost\u0119pnych jest wiele uk\u0142ad\u00f3w, a ka\u017cdy z nich mo\u017cna \u0142atwo spersonalizowa\u0107 wed\u0142ug w\u0142asnych upodoba\u0144.<\/p>\n    <\/div>\r\n\t\t\t\t\t<\/div>\r\n\t\t\t\t<\/div>\n<\/div>\n\n<div class=\"application-platform-content-item-features application-platform-content-item\" id=\"features\" data-nav-section=\"features\">\n<h2>Rozszerzenie zawiera cenne i proste funkcje, zobacz niekt\u00f3re z nich:<\/h2>\n<ul>\n    <li>Nieograniczona liczba odmian kolorystycznych.<\/li>\n    <li>Schemat kolor\u00f3w ciemnych\/jasnych.<\/li>\n    <li>Dwa uk\u0142ady gotowe do u\u017cycia.<\/li>\n    <li>Mo\u017cliwo\u015b\u0107 dodania obrazu t\u0142a.<\/li>\n    <li>Dodaj nieograniczon\u0105 liczb\u0119 stacji.<\/li>\n<\/ul>\n<p><a href=\"#demo\">Przetestuj wszystkie ustawienia w pe\u0142nej wersji demonstracyjnej<\/a><\/p>\n<\/div>\n\n<div class=\"application-platform-content-item-installation application-platform-content-item\" id=\"installation\" data-nav-section=\"installation\">\n<h2>Jak doda\u0107 rozszerzenie Radio Player na mojej stronie Joomla?<\/h2>\n<div class=\"video-container\"><iframe width=\"720\" height=\"405\" src=\"https:\/\/www.youtube.com\/embed\/QRYjLk3uGJU\" frameborder=\"0\" allowfullscreen><\/iframe><\/div>\n<p>Wystarczy spe\u0142ni\u0107 poni\u017csze wytyczne, aby doda\u0107 modu\u0142.<\/p>\n<ol>\n    <li>Zarz\u0105dzaj naszym bezp\u0142atnym konfiguratorem i rozpocznij prac\u0119 ze swoim unikalnym rozszerzeniem.\n        <br>Okre\u015bl preferowany uk\u0142ad i opcje rozszerzenia oraz zastosuj wszystkie modyfikacje.<\/li>\n    <li>Skopiuj sw\u00f3j osobisty kod wy\u015bwietlony w oknie aplikacji Elfsight.\n        <br>Gdy tylko wygenerowanie Twojego osobistego rozszerzenia zostanie zako\u0144czone, skopiuj sw\u00f3j kod w wy\u015bwietlonym polu i zapisz go na przysz\u0142o\u015b\u0107.<\/li>\n    <li>Zacznij u\u017cywa\u0107 rozszerzenia na stronie internetowej Joomla.\n        <br>Wstaw ostatnio zapisany kod na swoj\u0105 stron\u0119 i zapisz zmiany.<\/li>\n    <li>Konfiguracja zosta\u0142a pomy\u015blnie przeprowadzona.\n        <br>Otw\u00f3rz swoj\u0105 witryn\u0119 i zobacz w akcji, jak dzia\u0142a rozszerzenie.<\/li>\n<\/ol>\n<p>Je\u015bli napotkasz jakie\u015b trudno\u015bci, napisz do naszego personelu pomocy technicznej. Nasi specjali\u015bci z przyjemno\u015bci\u0105 rozwi\u0105\u017c\u0105 wszystkie problemy, jakie mo\u017cesz mie\u0107 z produktem.<\/p>\n<\/div>","protected":false},"excerpt":{"rendered":"","protected":false},"author":9,"featured_media":0,"parent":3418,"menu_order":0,"comment_status":"closed","ping_status":"closed","template":"templates\/template-application-platform.php","meta":{"publish_to_discourse":"","publish_post_category":"","wpdc_auto_publish_overridden":"","wpdc_topic_tags":"","wpdc_pin_topic":"","wpdc_pin_until":"","discourse_post_id":"","discourse_permalink":"","wpdc_publishing_response":"","wpdc_publishing_error":"","footnotes":""},"class_list":["post-6245","page","type-page","status-publish","hentry"],"yoast_head":"<!-- This site is optimized with the Yoast SEO plugin v25.3.1 - https:\/\/yoast.com\/wordpress\/plugins\/seo\/ -->\n<title>Widget Radio Player dla witryny Joomla (bezp\u0142atny i \u0142atwy)<\/title>\n<meta name=\"description\" content=\"Umie\u015b\u0107 responsywne rozszerzenie wtyczki Radio na swojej stronie Joomla. Skorzystaj z naszego \u0142atwego w zarz\u0105dzaniu demo i \u0142atwo wygeneruj swoje narz\u0119dzie!\" \/>\n<meta name=\"robots\" content=\"index, follow, max-snippet:-1, max-image-preview:large, max-video-preview:-1\" \/>\n<link rel=\"canonical\" href=\"https:\/\/elfsight.com\/pl\/radio-player-widget\/joomla\/\" \/>\n<meta property=\"og:locale\" content=\"pl_PL\" \/>\n<meta property=\"og:type\" content=\"article\" \/>\n<meta property=\"og:title\" content=\"Widget Radio Player dla witryny Joomla (bezp\u0142atny i \u0142atwy)\" \/>\n<meta property=\"og:description\" content=\"Umie\u015b\u0107 responsywne rozszerzenie wtyczki Radio na swojej stronie Joomla. Skorzystaj z naszego \u0142atwego w zarz\u0105dzaniu demo i \u0142atwo wygeneruj swoje narz\u0119dzie!\" \/>\n<meta property=\"og:url\" content=\"https:\/\/elfsight.com\/pl\/radio-player-widget\/joomla\/\" \/>\n<meta property=\"og:site_name\" content=\"Elfsight PL\" \/>\n<meta property=\"article:modified_time\" content=\"2025-06-23T09:16:27+00:00\" \/>\n<meta name=\"twitter:card\" content=\"summary_large_image\" \/>\n<meta name=\"twitter:label1\" content=\"Szacowany czas czytania\" \/>\n\t<meta name=\"twitter:data1\" content=\"3 minuty\" \/>\n<!-- \/ Yoast SEO plugin. -->","yoast_head_json":{"title":"Widget Radio Player dla witryny Joomla (bezp\u0142atny i \u0142atwy)","description":"Umie\u015b\u0107 responsywne rozszerzenie wtyczki Radio na swojej stronie Joomla. Skorzystaj z naszego \u0142atwego w zarz\u0105dzaniu demo i \u0142atwo wygeneruj swoje narz\u0119dzie!","robots":{"index":"index","follow":"follow","max-snippet":"max-snippet:-1","max-image-preview":"max-image-preview:large","max-video-preview":"max-video-preview:-1"},"canonical":"https:\/\/elfsight.com\/pl\/radio-player-widget\/joomla\/","og_locale":"pl_PL","og_type":"article","og_title":"Widget Radio Player dla witryny Joomla (bezp\u0142atny i \u0142atwy)","og_description":"Umie\u015b\u0107 responsywne rozszerzenie wtyczki Radio na swojej stronie Joomla. Skorzystaj z naszego \u0142atwego w zarz\u0105dzaniu demo i \u0142atwo wygeneruj swoje narz\u0119dzie!","og_url":"https:\/\/elfsight.com\/pl\/radio-player-widget\/joomla\/","og_site_name":"Elfsight PL","article_modified_time":"2025-06-23T09:16:27+00:00","twitter_card":"summary_large_image","twitter_misc":{"Szacowany czas czytania":"3 minuty"},"schema":{"@context":"https:\/\/schema.org","@graph":[{"@type":"WebPage","@id":"https:\/\/elfsight.com\/pl\/radio-player-widget\/joomla\/","url":"https:\/\/elfsight.com\/pl\/radio-player-widget\/joomla\/","name":"Widget Radio Player dla witryny Joomla (bezp\u0142atny i \u0142atwy)","isPartOf":{"@id":"https:\/\/elfsight.com\/pl\/#website"},"datePublished":"1970-01-01T00:00:00+00:00","dateModified":"2025-06-23T09:16:27+00:00","description":"Umie\u015b\u0107 responsywne rozszerzenie wtyczki Radio na swojej stronie Joomla. Skorzystaj z naszego \u0142atwego w zarz\u0105dzaniu demo i \u0142atwo wygeneruj swoje narz\u0119dzie!","breadcrumb":{"@id":"https:\/\/elfsight.com\/pl\/radio-player-widget\/joomla\/#breadcrumb"},"inLanguage":"pl-PL","potentialAction":[{"@type":"ReadAction","target":["https:\/\/elfsight.com\/pl\/radio-player-widget\/joomla\/"]}]},{"@type":"BreadcrumbList","@id":"https:\/\/elfsight.com\/pl\/radio-player-widget\/joomla\/#breadcrumb","itemListElement":[{"@type":"ListItem","position":1,"name":"Home","item":"https:\/\/elfsight.com\/pl\/"},{"@type":"ListItem","position":2,"name":"Radio Player","item":"https:\/\/elfsight.com\/pl\/radio-player-widget\/"},{"@type":"ListItem","position":3,"name":"Radio Player &#8211; Joomla"}]},{"@type":"WebSite","@id":"https:\/\/elfsight.com\/pl\/#website","url":"https:\/\/elfsight.com\/pl\/","name":"Elfsight PL","description":"Just another Elfsight Sites site","potentialAction":[{"@type":"SearchAction","target":{"@type":"EntryPoint","urlTemplate":"https:\/\/elfsight.com\/pl\/?s={search_term_string}"},"query-input":{"@type":"PropertyValueSpecification","valueRequired":true,"valueName":"search_term_string"}}],"inLanguage":"pl-PL"}]}},"meta_box":{"industry":"","seo_heading":"","heading":"","description":"","cta_heading":"","cta_description":"","application":"3334","h1":"Rozszerzenie Joomla Radio Player","h1_caption":"Dodaj transmisj\u0119 radiow\u0105 na \u017cywo do swojej witryny za pomoc\u0105 konfigurowalnego odtwarzacza, kt\u00f3ry bez problemu dopasuje Twoj\u0105 mark\u0119 do Twojej witryny Joomla.","application_category":[],"applications_title":"","applications_request_title":"","applications_request_button_text":"","hero_text":"","hero_video":"","hero_video_schema_markup":"","selling_points_title":"","selling_points_caption":"","selling_points":[],"selling_points_cta_text":"","features_title":"","features":"","ed_cta_examples_text":"","ed_cta_examples_hidden":"","ed_cta_demo_text":"","ed_cta_demo_hidden":"","why_caption":"","why_editor_title":"","why_editor_text":"","why_team_title":"","why_team_text":"","why_service_title":"","why_service_text":"","template_catalog_visible":"0","template_catalog_title":"","template_catalog_text":"","template_catalog_categories_visible":"","demo_title":"Utw\u00f3rz wtyczk\u0119 Radio Player","demo_caption":"Skonfiguruj sw\u00f3j Radio Player i dodaj go do swojej witryny Joomla za darmo!","default_faq_hidden":"","app_template_category":[],"platform":"53","template_public_id":"","codecanyon_url":"","codecanyon_item_id":"","codecanyon_price":"","pricing_caption":"","pricing_elfsight_apps_hide_column":"","pricing_elfsight_apps_url":"","pricing_codecanyon_price_caption":"","integration_category":[],"integration_request_title":"","integration_request_cta":"","integration_platform":"","integrations":[],"platform_category":[],"video_schema_markup":"","price":"od 0 USD \/ miesi\u0105c","trial":"","benefits":[{"text":"Bezp\u0142atna us\u0142uga monta\u017cu"},{"text":"Wyj\u0105tkowe wsparcie"},{"text":"14-dniowa gwarancja zwrotu pieni\u0119dzy"}],"button_url":"#demo","button_target_blank":"0","button_nofollow":"0","attributes":[{"name":"Instaluje"},{"name":"Czu\u0142y"},{"name":"Kompatybilne przegl\u0105darki"}],"tags":[],"tags_disable_links":"0","hide_more_platforms":"0","video_object":"","demo_hide_cta":"0","demo_hide_cloud_options":"0","pricing_title":"","pricing":[{"pricing_icon":"platform","pricing_title":"Elfsight Apps","pricing_title_caption":"Oprogramowanie niezale\u017cne od platformy, kt\u00f3re dzia\u0142a na dowolnej witrynie","pricing_price":"od 0 USD \/ miesi\u0105c","pricing_price_caption":"zacznij od bezp\u0142atnego planu","pricing_benefits":[{"text":"Nielimitowane strony internetowe"},{"text":"Profesjonalne wsparcie firmy"},{"text":"Bezp\u0142atna us\u0142uga monta\u017cu"},{"text":"Specjalna cena za wiele aplikacji"}],"pricing_button_text":"Dodaj do witryny","pricing_button_url":"#demo"}],"related_apps_title":"","related_apps_hidden":"0","author":"","image":[],"title":"","job":"","social_networks":[]},"_links":{"self":[{"href":"https:\/\/elfsight.com\/pl\/wp-json\/wp\/v2\/pages\/6245","targetHints":{"allow":["GET"]}}],"collection":[{"href":"https:\/\/elfsight.com\/pl\/wp-json\/wp\/v2\/pages"}],"about":[{"href":"https:\/\/elfsight.com\/pl\/wp-json\/wp\/v2\/types\/page"}],"author":[{"embeddable":true,"href":"https:\/\/elfsight.com\/pl\/wp-json\/wp\/v2\/users\/9"}],"replies":[{"embeddable":true,"href":"https:\/\/elfsight.com\/pl\/wp-json\/wp\/v2\/comments?post=6245"}],"version-history":[{"count":3,"href":"https:\/\/elfsight.com\/pl\/wp-json\/wp\/v2\/pages\/6245\/revisions"}],"predecessor-version":[{"id":10217,"href":"https:\/\/elfsight.com\/pl\/wp-json\/wp\/v2\/pages\/6245\/revisions\/10217"}],"up":[{"embeddable":true,"href":"https:\/\/elfsight.com\/pl\/wp-json\/wp\/v2\/pages\/3418"}],"wp:attachment":[{"href":"https:\/\/elfsight.com\/pl\/wp-json\/wp\/v2\/media?parent=6245"}],"curies":[{"name":"wp","href":"https:\/\/api.w.org\/{rel}","templated":true}]}}