{"id":6240,"date":"1970-01-01T00:00:00","date_gmt":"1970-01-01T00:00:00","guid":{"rendered":"https:\/\/elfsight.com\/pl\/?page_id=6240"},"modified":"2024-11-14T09:02:30","modified_gmt":"2024-11-14T09:02:30","slug":"jquery","status":"publish","type":"page","link":"https:\/\/elfsight.com\/pl\/radio-player-widget\/jquery\/","title":{"rendered":"Radio Player &#8211; jQuery"},"content":{"rendered":"<div class=\"application-platform-content-item-description application-platform-content-item\" id=\"description\" data-nav-section=\"description\"> <h2>Opis<\/h2> <p>Elfsight Radio to prosta wtyczka umo\u017cliwiaj\u0105ca odtwarzanie stacji radiowych bezpo\u015brednio na stronach Twojej witryny . Wid\u017cet jest w pe\u0142ni modyfikowalny: mo\u017cesz zmienia\u0107 jego po\u0142o\u017cenie, ustawia\u0107 go w dowolnym miejscu strony, skalowa\u0107 jego rozmiar, przemalowywa\u0107 t\u0142o i wszystkie inne elementy tak, aby dopasowa\u0107 je do projektu witryny, zastosowa\u0107 ciemn\u0105 kolorystyk\u0119, zademonstrowa\u0107 ok\u0142adki i wy\u015bwietlanie lub ukryj trzy inne cz\u0119\u015bci gracza, takie jak tytu\u0142, status i inne. Uwzgl\u0119dnij tyle stacji, ile chcesz, aby zachwyci\u0107 odwiedzaj\u0105cych, w\u0142\u0105cz opcj\u0119 autoodtwarzania i miej pewno\u015b\u0107, \u017ce odwiedzaj\u0105cy nie opuszcz\u0105 Twojej witryny w po\u015bpiechu! <\/p> <p><b>Dostarcz swoim odbiorcom zupe\u0142nie nowe \u017ar\u00f3d\u0142o pomocnych i wci\u0105gaj\u0105cych tre\u015bci za po\u015brednictwem odtwarzacza Elfsight Radio Player<\/b><\/p> <\/div> <div class=\"application-platform-content-item-features application-platform-content-item\" id=\"features\" data-nav-section=\"features\"> <h2>Wy\u015bwietl lista najwa\u017cniejszych funkcji: <\/h2> <ul><li>R\u00f3\u017cne warianty kolorystyczne.<\/li><li>Schemat kolor\u00f3w ciemny\/jasny.<\/li><li>Dost\u0119pne s\u0105 dwa uk\u0142ady.<\/li> <li>Mo\u017cliwo\u015b\u0107 dodania obrazu t\u0142a.<\/li><li>Niesko\u0144czona liczba stacji.<\/li><\/ul><p><a href=\"#demo\">Mo\u017cesz wypr\u00f3bowa\u0107 pe\u0142n\u0105 funkcjonalno\u015b\u0107 wtyczka w wersji demonstracyjnej na tej stronie<\/a><\/p> <\/div> <div class=\"application-platform-content-item-installation application-platform-content-item\" id=\"installation\" data-nav-section=\"installation\"> <h2>Jak osadzi\u0107 Radio Player na mojej stronie jQuery?<\/h2> <p>Wystarczy wykona\u0107 poni\u017csze wskaz\u00f3wki, jak osadzi\u0107 wtyczk\u0119.<\/p> <ol><li><b>Otw\u00f3rz nasz darmowy edytor i zacznij tworzy\u0107 w\u0142asn\u0105 wtyczk\u0119.<\/b><br> Okre\u015bl preferowan\u0105 form\u0119 i cechy funkcjonalne wtyczki i zapisz poprawki.<\/li> <li><b>Odbierz unikalny kod pojawiaj\u0105cy si\u0119 w polu aplikacji Elfsight.<\/b><br> Po zako\u0144czeniu dostosowywania Twojego osobistego wid\u017cetu skopiuj indywidualny kod na pojawi si\u0119 okno i zachowaj je na p\u00f3\u017aniej.<\/li> <li><b>Rozpocznij korzystanie z wid\u017cetu Radio na stronie g\u0142\u00f3wnej jQuery.<\/b><br> Zintegruj kod zapisany ostatnio na swojej stronie internetowej i zastosuj zmiany .<\/li> <li><b>Gotowe! Osadzanie zosta\u0142o zako\u0144czone.<\/b><br> Przejd\u017a na swoj\u0105 stron\u0119, aby sprawdzi\u0107 dzia\u0142anie wid\u017cetu.<\/li><\/ol> <p>W przypadku napotkania jakichkolwiek trudno\u015bci nie wahaj si\u0119 zwr\u00f3ci\u0107 do naszego personel pomocniczy. Nasi pracownicy z przyjemno\u015bci\u0105 rozwi\u0105\u017c\u0105 wszystkie problemy, jakie mo\u017cesz mie\u0107 z produktem. <\/p> <\/div>","protected":false},"excerpt":{"rendered":"","protected":false},"author":9,"featured_media":0,"parent":3418,"menu_order":0,"comment_status":"closed","ping_status":"closed","template":"templates\/template-application-platform.php","meta":{"publish_to_discourse":"","publish_post_category":"","wpdc_auto_publish_overridden":"","wpdc_topic_tags":"","wpdc_pin_topic":"","wpdc_pin_until":"","discourse_post_id":"","discourse_permalink":"","wpdc_publishing_response":"","wpdc_publishing_error":"","footnotes":""},"class_list":["post-6240","page","type-page","status-publish","hentry"],"yoast_head":"<!-- This site is optimized with the Yoast SEO plugin v25.3.1 - https:\/\/yoast.com\/wordpress\/plugins\/seo\/ -->\n<title>Elfsight Radio Player dla witryny jQuery (szybko i za darmo)<\/title>\n<meta name=\"description\" content=\"Zaimplementuj responsywn\u0105 wtyczk\u0119 Radio Player na swojej stronie g\u0142\u00f3wnej. Skorzystaj z naszego \u0142atwego w zarz\u0105dzaniu demo i z \u0142atwo\u015bci\u0105 utw\u00f3rz swoj\u0105 wtyczk\u0119!\" \/>\n<meta name=\"robots\" content=\"index, follow, max-snippet:-1, max-image-preview:large, max-video-preview:-1\" \/>\n<link rel=\"canonical\" href=\"https:\/\/elfsight.com\/pl\/radio-player-widget\/jquery\/\" \/>\n<meta property=\"og:locale\" content=\"pl_PL\" \/>\n<meta property=\"og:type\" content=\"article\" \/>\n<meta property=\"og:title\" content=\"Elfsight Radio Player dla witryny jQuery (szybko i za darmo)\" \/>\n<meta property=\"og:description\" content=\"Zaimplementuj responsywn\u0105 wtyczk\u0119 Radio Player na swojej stronie g\u0142\u00f3wnej. Skorzystaj z naszego \u0142atwego w zarz\u0105dzaniu demo i z \u0142atwo\u015bci\u0105 utw\u00f3rz swoj\u0105 wtyczk\u0119!\" \/>\n<meta property=\"og:url\" content=\"https:\/\/elfsight.com\/pl\/radio-player-widget\/jquery\/\" \/>\n<meta property=\"og:site_name\" content=\"Elfsight PL\" \/>\n<meta property=\"article:modified_time\" content=\"2024-11-14T09:02:30+00:00\" \/>\n<meta name=\"twitter:card\" content=\"summary_large_image\" \/>\n<meta name=\"twitter:label1\" content=\"Szacowany czas czytania\" \/>\n\t<meta name=\"twitter:data1\" content=\"2 minuty\" \/>\n<!-- \/ Yoast SEO plugin. -->","yoast_head_json":{"title":"Elfsight Radio Player dla witryny jQuery (szybko i za darmo)","description":"Zaimplementuj responsywn\u0105 wtyczk\u0119 Radio Player na swojej stronie g\u0142\u00f3wnej. Skorzystaj z naszego \u0142atwego w zarz\u0105dzaniu demo i z \u0142atwo\u015bci\u0105 utw\u00f3rz swoj\u0105 wtyczk\u0119!","robots":{"index":"index","follow":"follow","max-snippet":"max-snippet:-1","max-image-preview":"max-image-preview:large","max-video-preview":"max-video-preview:-1"},"canonical":"https:\/\/elfsight.com\/pl\/radio-player-widget\/jquery\/","og_locale":"pl_PL","og_type":"article","og_title":"Elfsight Radio Player dla witryny jQuery (szybko i za darmo)","og_description":"Zaimplementuj responsywn\u0105 wtyczk\u0119 Radio Player na swojej stronie g\u0142\u00f3wnej. Skorzystaj z naszego \u0142atwego w zarz\u0105dzaniu demo i z \u0142atwo\u015bci\u0105 utw\u00f3rz swoj\u0105 wtyczk\u0119!","og_url":"https:\/\/elfsight.com\/pl\/radio-player-widget\/jquery\/","og_site_name":"Elfsight PL","article_modified_time":"2024-11-14T09:02:30+00:00","twitter_card":"summary_large_image","twitter_misc":{"Szacowany czas czytania":"2 minuty"},"schema":{"@context":"https:\/\/schema.org","@graph":[{"@type":"WebPage","@id":"https:\/\/elfsight.com\/pl\/radio-player-widget\/jquery\/","url":"https:\/\/elfsight.com\/pl\/radio-player-widget\/jquery\/","name":"Elfsight Radio Player dla witryny jQuery (szybko i za darmo)","isPartOf":{"@id":"https:\/\/elfsight.com\/pl\/#website"},"datePublished":"1970-01-01T00:00:00+00:00","dateModified":"2024-11-14T09:02:30+00:00","description":"Zaimplementuj responsywn\u0105 wtyczk\u0119 Radio Player na swojej stronie g\u0142\u00f3wnej. Skorzystaj z naszego \u0142atwego w zarz\u0105dzaniu demo i z \u0142atwo\u015bci\u0105 utw\u00f3rz swoj\u0105 wtyczk\u0119!","breadcrumb":{"@id":"https:\/\/elfsight.com\/pl\/radio-player-widget\/jquery\/#breadcrumb"},"inLanguage":"pl-PL","potentialAction":[{"@type":"ReadAction","target":["https:\/\/elfsight.com\/pl\/radio-player-widget\/jquery\/"]}]},{"@type":"BreadcrumbList","@id":"https:\/\/elfsight.com\/pl\/radio-player-widget\/jquery\/#breadcrumb","itemListElement":[{"@type":"ListItem","position":1,"name":"Home","item":"https:\/\/elfsight.com\/pl\/"},{"@type":"ListItem","position":2,"name":"Radio Player","item":"https:\/\/elfsight.com\/pl\/radio-player-widget\/"},{"@type":"ListItem","position":3,"name":"Radio Player &#8211; jQuery"}]},{"@type":"WebSite","@id":"https:\/\/elfsight.com\/pl\/#website","url":"https:\/\/elfsight.com\/pl\/","name":"Elfsight PL","description":"Just another Elfsight Sites site","potentialAction":[{"@type":"SearchAction","target":{"@type":"EntryPoint","urlTemplate":"https:\/\/elfsight.com\/pl\/?s={search_term_string}"},"query-input":{"@type":"PropertyValueSpecification","valueRequired":true,"valueName":"search_term_string"}}],"inLanguage":"pl-PL"}]}},"meta_box":{"industry":"","seo_heading":"","heading":"","description":"","cta_heading":"","cta_description":"","application":"3334","h1":"Wtyczka jQuery Radio Player","h1_caption":"Dodaj transmisj\u0119 radiow\u0105 na \u017cywo do swojej witryny internetowej za pomoc\u0105 konfigurowalnego odtwarzacza, kt\u00f3ry bez trudu dopasuje Twoj\u0105 mark\u0119 do witryny jQuery.","application_category":[],"applications_title":"","applications_request_title":"","applications_request_button_text":"","hero_text":"","hero_video":"","hero_video_schema_markup":"","selling_points_title":"","selling_points_caption":"","selling_points":[],"selling_points_cta_text":"","features_title":"","features":"","ed_cta_examples_text":"","ed_cta_examples_hidden":"","ed_cta_demo_text":"","ed_cta_demo_hidden":"","why_caption":"","why_editor_title":"","why_editor_text":"","why_team_title":"","why_team_text":"","why_service_title":"","why_service_text":"","template_catalog_visible":"","template_catalog_title":"","template_catalog_text":"","template_catalog_categories_visible":"","demo_title":"Utw\u00f3rz wtyczk\u0119 Radio Player","demo_caption":"Skonfiguruj sw\u00f3j Radio Player i dodaj go do swojej witryny jQuery za darmo!","default_faq_hidden":"","app_template_category":[],"platform":"56","template_public_id":"","codecanyon_url":"","codecanyon_item_id":"","codecanyon_price":"","pricing_caption":"","pricing_elfsight_apps_hide_column":"","pricing_elfsight_apps_url":"","pricing_codecanyon_price_caption":"","integration_category":[],"integration_request_title":"","integration_request_cta":"","integration_platform":"","integrations":[],"platform_category":[],"video_schema_markup":"","price":"od 0 USD \/ miesi\u0105c","trial":"","benefits":[{"text":"Bezp\u0142atna pomoc w instalacji"},{"text":"Do\u015bwiadczona obs\u0142uga klienta"},{"text":"14-dniowa gwarancja zwrotu pieni\u0119dzy"}],"button_url":"#demo","button_target_blank":"","button_nofollow":"","attributes":[{"name":"Instaluje"},{"name":"Czu\u0142y"},{"name":"Kompatybilne przegl\u0105darki"}],"tags":[],"tags_disable_links":"","hide_more_platforms":"","video_object":"","demo_hide_cta":"","demo_hide_cloud_options":"","pricing_title":"","pricing":[{"pricing_icon":"platform","pricing_title":"Elfsight Apps","pricing_title_caption":"Rozwi\u0105zanie wieloplatformowe","pricing_price":"od 0 USD \/ miesi\u0105c","pricing_price_caption":"zacznij od bezp\u0142atnego planu","pricing_benefits":[{"text":"Nielimitowane strony internetowe"},{"text":"Obs\u0142uga klienta premium i dobrze udokumentowana"},{"text":"Bezp\u0142atne wsparcie przy instalacji"},{"text":"100% konfigurowalny"}],"pricing_button_text":"Dodaj do witryny","pricing_button_url":"#demo"}],"related_apps_title":"","related_apps_hidden":"","author":"","image":[],"title":"","job":"","social_networks":[]},"_links":{"self":[{"href":"https:\/\/elfsight.com\/pl\/wp-json\/wp\/v2\/pages\/6240","targetHints":{"allow":["GET"]}}],"collection":[{"href":"https:\/\/elfsight.com\/pl\/wp-json\/wp\/v2\/pages"}],"about":[{"href":"https:\/\/elfsight.com\/pl\/wp-json\/wp\/v2\/types\/page"}],"author":[{"embeddable":true,"href":"https:\/\/elfsight.com\/pl\/wp-json\/wp\/v2\/users\/9"}],"replies":[{"embeddable":true,"href":"https:\/\/elfsight.com\/pl\/wp-json\/wp\/v2\/comments?post=6240"}],"version-history":[{"count":1,"href":"https:\/\/elfsight.com\/pl\/wp-json\/wp\/v2\/pages\/6240\/revisions"}],"predecessor-version":[{"id":6244,"href":"https:\/\/elfsight.com\/pl\/wp-json\/wp\/v2\/pages\/6240\/revisions\/6244"}],"up":[{"embeddable":true,"href":"https:\/\/elfsight.com\/pl\/wp-json\/wp\/v2\/pages\/3418"}],"wp:attachment":[{"href":"https:\/\/elfsight.com\/pl\/wp-json\/wp\/v2\/media?parent=6240"}],"curies":[{"name":"wp","href":"https:\/\/api.w.org\/{rel}","templated":true}]}}