{"id":6239,"date":"1970-01-01T00:00:00","date_gmt":"1970-01-01T00:00:00","guid":{"rendered":"https:\/\/elfsight.com\/pl\/?page_id=6239"},"modified":"2025-06-23T12:45:49","modified_gmt":"2025-06-23T12:45:49","slug":"iframe","status":"publish","type":"page","link":"https:\/\/elfsight.com\/pl\/radio-player-widget\/iframe\/","title":{"rendered":"Radio Player &#8211; iFrame"},"content":{"rendered":"<div class=\"application-platform-content-item-description application-platform-content-item\" id=\"description\" data-nav-section=\"description\">\n<h2>Osad\u017a Radio Player w iFrame za pomoc\u0105 wid\u017cetu Elfsight<\/h2>\n<p>Elfsight Radio to nieskomplikowany wid\u017cet umo\u017cliwiaj\u0105cy bezpo\u015brednie odtwarzanie stacji radiowych na twojej stronie. Wtyczka jest niezwykle modyfikowalna: mo\u017cesz dowolnie zmienia\u0107 jej po\u0142o\u017cenie, umieszcza\u0107 j\u0105 w dowolnym miejscu strony, zmienia\u0107 jej rozmiar, nak\u0142ada\u0107 t\u0142o i inne elementy, aby zmiesza\u0107 je z uk\u0142adem witryny, stosowa\u0107 ciemn\u0105 kolorystyk\u0119, wy\u015bwietla\u0107 ok\u0142adki i zademonstrowa\u0107 lub ukry\u0107 trzy dodatkowe szczeg\u00f3\u0142y gracza, na przyk\u0142ad pozycj\u0119, status i inne. Uwzgl\u0119dnij tyle stacji, ile chcesz zabawia\u0107 odwiedzaj\u0105cych, w\u0142\u0105cz autoodtwarzanie i miej pewno\u015b\u0107, \u017ce Twoi odbiorcy nie opuszcz\u0105 Twojej strony g\u0142\u00f3wnej w po\u015bpiechu!<\/p>\n<p>Udost\u0119pnij swoim odbiorcom jeszcze jedno przydatne \u017ar\u00f3d\u0142o przydatnych informacji i anga\u017cuj\u0105ce tre\u015bci za pomoc\u0105 Elfsight Radio Player.<\/p>\n<\/div>\n\n<div class=\"application-platform-content-item-features application-platform-content-item\" id=\"features\" data-nav-section=\"features\">\n<h2>Wid\u017cet zawiera praktyczne i szybkie funkcje, zobacz niekt\u00f3re z nich:<\/h2>\n<ul>\n    <li>R\u00f3\u017cne warianty kolorystyczne.<\/li>\n    <li>Motyw ciemnego\/jasnego koloru.<\/li>\n    <li>Dost\u0119pne s\u0105 dwa uk\u0142ady.<\/li>\n    <li>Opcja do\u0142\u0105czenia obrazu t\u0142a.<\/li>\n    <li>Niesko\u0144czona liczba stacji.<\/li>\n<\/ul>\n<p><a href=\"#demo\">Wypr\u00f3buj wersj\u0119 demonstracyjn\u0105, aby zobaczy\u0107, ile jest warta wtyczka<\/a><\/p>\n<\/div>\n\n<div class=\"application-platform-content-item-installation application-platform-content-item\" id=\"installation\" data-nav-section=\"installation\"><\/div>\n<h2>Jak doda\u0107 wtyczk\u0119 Radio Player do iFrame?<\/h2>\n<p>Wystarczy zastosowa\u0107 si\u0119 do poni\u017cszych instrukcji, aby doda\u0107 wid\u017cet.<\/p>\n<ol>\n    <li>Wykonaj nasz darmowy konfigurator i zacznij kszta\u0142towa\u0107 sw\u00f3j spersonalizowany instrument.\n        <br>Wybierz odpowiedni\u0105 form\u0119 i parametry wid\u017cetu i zapisz zmiany.<\/li>\n    <li>Ujawnij indywidualny kod w polu aplikacji Elfsight.\n        <br>Po zako\u0144czeniu tworzenia osobistego wid\u017cetu skopiuj indywidualny kod z wy\u015bwietlonego okna i zapisz go do wykorzystania w przysz\u0142o\u015bci.<\/li>\n    <li>Zainicjuj u\u017cycie wtyczki radia w iFrame.\n        <br>Wklej zapisany wcze\u015bniej kod na swoj\u0105 stron\u0119 i zapisz ulepszenia.<\/li>\n    <li>Instalacja zosta\u0142a w pe\u0142ni wykonana.\n        <br>Odwied\u017a swoj\u0105 stron\u0119, aby zobaczy\u0107, jak dzia\u0142a wid\u017cet.<\/li>\n<\/ol>\n<p>W przypadku pyta\u0144 lub napotkania pewnych trudno\u015bci, prosimy o zwr\u00f3cenie si\u0119 o pomoc do naszego zespo\u0142u obs\u0142ugi klienta. Nasi specjali\u015bci z przyjemno\u015bci\u0105 rozwi\u0105\u017c\u0105 wszystkie problemy, jakie mo\u017cesz mie\u0107 z wtyczk\u0105.<\/p>\n<div class=\"faq\" data-component=\"FAQ\">\n    <div class=\"faq-item\">\r\n\t\t\t\t\t<div class=\"faq-item-question\">\r\n\t\t\t\t\t\t<h3 class=\"faq-item-question-text\">Jak mog\u0119 osadzi\u0107 wid\u017cet Radio Player na mojej stronie Squarespace bez umiej\u0119tno\u015bci kodowania?<\/h3>\r\n\r\n\t\t\t\t\t\t<div class=\"faq-item-question-icon\"><\/div>\r\n\t\t\t\t\t<\/div>\r\n\r\n\t\t\t\t\t<div class=\"faq-item-answer\">\r\n\t\t\t\t\t\t<div class=\"faq-item-answer-text\">\n    <p>Elfsight zapewnia rozwi\u0105zanie oparte na chmurze, kt\u00f3re umo\u017cliwia u\u017cytkownikom samodzielne utworzenie wid\u017cetu Radio Player. Zobacz, jak prosty jest ten proces:<\/p>\n    <ul>\n        <li>Uzyskaj dost\u0119p do edytora online, aby utworzy\u0107 sekcj\u0119 wid\u017cetu Radio Player, kt\u00f3r\u0105 chcesz umie\u015bci\u0107 w swojej witrynie Squarespace.<\/li>\n        <li>Wybierz jedn\u0105 z naszych wst\u0119pnie zaprojektowanych szablon\u00f3w i skonfiguruj ustawienia wid\u017cetu Odtwarzacza Radia, dostosuj uk\u0142ad i schemat kolor\u00f3w oraz do\u0142\u0105cz swoje tre\u015bci bez konieczno\u015bci kodowania.<\/li>\n        <li>Zapisz ustawienia dostosowane dla wid\u017cetu Odtwarzacza Radia i zdob\u0105d\u017a kod do osadzenia, kt\u00f3ry mo\u017cna \u0142atwo i bezp\u0142atnie wstawi\u0107 do witryny Squarespace.<\/li>\n    <\/ul>\n    <p>Korzystaj\u0105c z przyjaznego dla u\u017cytkownika Edytora, ka\u017cdy u\u017cytkownik Internetu mo\u017ce utworzy\u0107 sekcj\u0119 wid\u017cetu Radio Player i doda\u0107 go na swojej stronie internetowej Squarespace. Aby uzyska\u0107 dost\u0119p do Edytora Elfsight, nie ma wymogu dokonywania p\u0142atno\u015bci ani ujawniania danych karty. Je\u015bli na kt\u00f3rymkolwiek etapie napotkasz jakiekolwiek problemy, nie wahaj si\u0119 skontaktowa\u0107 z naszym dzia\u0142em obs\u0142ugi klienta w celu uzyskania pomocy.<\/p>\n    <\/div>\r\n\t\t\t\t\t<\/div>\r\n\t\t\t\t<\/div>\n<\/div>","protected":false},"excerpt":{"rendered":"Jak doda\u0107 wtyczk\u0119 Radio Player do iFrame? Wystarczy zastosowa\u0107 si\u0119 do poni\u017cszych instrukcji, aby doda\u0107 wid\u017cet. Wykonaj nasz darmowy konfigurator i zacznij kszta\u0142towa\u0107 sw\u00f3j spersonalizowany instrument. Wybierz odpowiedni\u0105 form\u0119 i parametry wid\u017cetu i zapisz zmiany. Ujawnij indywidualny kod w polu aplikacji Elfsight. Po zako\u0144czeniu tworzenia osobistego wid\u017cetu skopiuj indywidualny kod&#8230;","protected":false},"author":9,"featured_media":0,"parent":3418,"menu_order":0,"comment_status":"closed","ping_status":"closed","template":"templates\/template-application-platform.php","meta":{"publish_to_discourse":"","publish_post_category":"","wpdc_auto_publish_overridden":"","wpdc_topic_tags":"","wpdc_pin_topic":"","wpdc_pin_until":"","discourse_post_id":"","discourse_permalink":"","wpdc_publishing_response":"","wpdc_publishing_error":"","footnotes":""},"class_list":["post-6239","page","type-page","status-publish","hentry"],"yoast_head":"<!-- This site is optimized with the Yoast SEO plugin v25.3.1 - https:\/\/yoast.com\/wordpress\/plugins\/seo\/ -->\n<title>Widget Radio Player dla witryny iFrame (bezp\u0142atny i \u0142atwy)<\/title>\n<meta name=\"description\" content=\"Zintegruj responsywny przycisk odtwarzacza radiowego ze swoj\u0105 stron\u0105 internetow\u0105 iFrame. Skorzystaj z naszego wygodnego demo i \u0142atwo wygeneruj wtyczk\u0119!\" \/>\n<meta name=\"robots\" content=\"index, follow, max-snippet:-1, max-image-preview:large, max-video-preview:-1\" \/>\n<link rel=\"canonical\" href=\"https:\/\/elfsight.com\/pl\/radio-player-widget\/iframe\/\" \/>\n<meta property=\"og:locale\" content=\"pl_PL\" \/>\n<meta property=\"og:type\" content=\"article\" \/>\n<meta property=\"og:title\" content=\"Widget Radio Player dla witryny iFrame (bezp\u0142atny i \u0142atwy)\" \/>\n<meta property=\"og:description\" content=\"Zintegruj responsywny przycisk odtwarzacza radiowego ze swoj\u0105 stron\u0105 internetow\u0105 iFrame. Skorzystaj z naszego wygodnego demo i \u0142atwo wygeneruj wtyczk\u0119!\" \/>\n<meta property=\"og:url\" content=\"https:\/\/elfsight.com\/pl\/radio-player-widget\/iframe\/\" \/>\n<meta property=\"og:site_name\" content=\"Elfsight PL\" \/>\n<meta property=\"article:modified_time\" content=\"2025-06-23T12:45:49+00:00\" \/>\n<meta name=\"twitter:card\" content=\"summary_large_image\" \/>\n<meta name=\"twitter:label1\" content=\"Szacowany czas czytania\" \/>\n\t<meta name=\"twitter:data1\" content=\"3 minuty\" \/>\n<!-- \/ Yoast SEO plugin. -->","yoast_head_json":{"title":"Widget Radio Player dla witryny iFrame (bezp\u0142atny i \u0142atwy)","description":"Zintegruj responsywny przycisk odtwarzacza radiowego ze swoj\u0105 stron\u0105 internetow\u0105 iFrame. Skorzystaj z naszego wygodnego demo i \u0142atwo wygeneruj wtyczk\u0119!","robots":{"index":"index","follow":"follow","max-snippet":"max-snippet:-1","max-image-preview":"max-image-preview:large","max-video-preview":"max-video-preview:-1"},"canonical":"https:\/\/elfsight.com\/pl\/radio-player-widget\/iframe\/","og_locale":"pl_PL","og_type":"article","og_title":"Widget Radio Player dla witryny iFrame (bezp\u0142atny i \u0142atwy)","og_description":"Zintegruj responsywny przycisk odtwarzacza radiowego ze swoj\u0105 stron\u0105 internetow\u0105 iFrame. Skorzystaj z naszego wygodnego demo i \u0142atwo wygeneruj wtyczk\u0119!","og_url":"https:\/\/elfsight.com\/pl\/radio-player-widget\/iframe\/","og_site_name":"Elfsight PL","article_modified_time":"2025-06-23T12:45:49+00:00","twitter_card":"summary_large_image","twitter_misc":{"Szacowany czas czytania":"3 minuty"},"schema":{"@context":"https:\/\/schema.org","@graph":[{"@type":"WebPage","@id":"https:\/\/elfsight.com\/pl\/radio-player-widget\/iframe\/","url":"https:\/\/elfsight.com\/pl\/radio-player-widget\/iframe\/","name":"Widget Radio Player dla witryny iFrame (bezp\u0142atny i \u0142atwy)","isPartOf":{"@id":"https:\/\/elfsight.com\/pl\/#website"},"datePublished":"1970-01-01T00:00:00+00:00","dateModified":"2025-06-23T12:45:49+00:00","description":"Zintegruj responsywny przycisk odtwarzacza radiowego ze swoj\u0105 stron\u0105 internetow\u0105 iFrame. Skorzystaj z naszego wygodnego demo i \u0142atwo wygeneruj wtyczk\u0119!","breadcrumb":{"@id":"https:\/\/elfsight.com\/pl\/radio-player-widget\/iframe\/#breadcrumb"},"inLanguage":"pl-PL","potentialAction":[{"@type":"ReadAction","target":["https:\/\/elfsight.com\/pl\/radio-player-widget\/iframe\/"]}]},{"@type":"BreadcrumbList","@id":"https:\/\/elfsight.com\/pl\/radio-player-widget\/iframe\/#breadcrumb","itemListElement":[{"@type":"ListItem","position":1,"name":"Home","item":"https:\/\/elfsight.com\/pl\/"},{"@type":"ListItem","position":2,"name":"Radio Player","item":"https:\/\/elfsight.com\/pl\/radio-player-widget\/"},{"@type":"ListItem","position":3,"name":"Radio Player &#8211; iFrame"}]},{"@type":"WebSite","@id":"https:\/\/elfsight.com\/pl\/#website","url":"https:\/\/elfsight.com\/pl\/","name":"Elfsight PL","description":"Just another Elfsight Sites site","potentialAction":[{"@type":"SearchAction","target":{"@type":"EntryPoint","urlTemplate":"https:\/\/elfsight.com\/pl\/?s={search_term_string}"},"query-input":{"@type":"PropertyValueSpecification","valueRequired":true,"valueName":"search_term_string"}}],"inLanguage":"pl-PL"}]}},"meta_box":{"industry":"","seo_heading":"","heading":"","description":"","cta_heading":"","cta_description":"","application":"3334","h1":"Wid\u017cet odtwarzacza radia iFrame","h1_caption":"Dodaj transmisj\u0119 radiow\u0105 na \u017cywo do swojej witryny internetowej za pomoc\u0105 konfigurowalnego odtwarzacza, kt\u00f3ry z \u0142atwo\u015bci\u0105 dopasuje Twoj\u0105 mark\u0119 do witryny iFrame.","application_category":[],"applications_title":"","applications_request_title":"","applications_request_button_text":"","hero_text":"","hero_video":"","hero_video_schema_markup":"","selling_points_title":"","selling_points_caption":"","selling_points":[],"selling_points_cta_text":"","features_title":"","features":"","ed_cta_examples_text":"","ed_cta_examples_hidden":"","ed_cta_demo_text":"","ed_cta_demo_hidden":"","why_caption":"","why_editor_title":"","why_editor_text":"","why_team_title":"","why_team_text":"","why_service_title":"","why_service_text":"","template_catalog_visible":"0","template_catalog_title":"","template_catalog_text":"","template_catalog_categories_visible":"","demo_title":"Utw\u00f3rz wid\u017cet odtwarzacza radia","demo_caption":"Skonfiguruj sw\u00f3j Radio Player i dodaj go do swojej witryny iFrame za darmo!","default_faq_hidden":"","app_template_category":[],"platform":"187","template_public_id":"","codecanyon_url":"","codecanyon_item_id":"","codecanyon_price":"","pricing_caption":"","pricing_elfsight_apps_hide_column":"","pricing_elfsight_apps_url":"","pricing_codecanyon_price_caption":"","integration_category":[],"integration_request_title":"","integration_request_cta":"","integration_platform":"","integrations":[],"platform_category":[],"video_schema_markup":"","price":"od 0 USD \/ miesi\u0105c","trial":"","benefits":[{"text":"Bezp\u0142atna pomoc w instalacji"},{"text":"Kompetentna obs\u0142uga klienta"},{"text":"14-dniowa gwarancja zwrotu pieni\u0119dzy"}],"button_url":"#demo","button_target_blank":"0","button_nofollow":"0","attributes":[{"name":"Instaluje"},{"name":"Czu\u0142y"},{"name":"Kompatybilne przegl\u0105darki"}],"tags":[],"tags_disable_links":"0","hide_more_platforms":"0","video_object":"","demo_hide_cta":"0","demo_hide_cloud_options":"0","pricing_title":"","pricing":[{"pricing_icon":"platform","pricing_title":"Elfsight Apps","pricing_title_caption":"Oprogramowanie wieloplatformowe, kt\u00f3re pasuje do ka\u017cdej witryny internetowej","pricing_price":"od 0 USD \/ miesi\u0105c","pricing_price_caption":"zacznij od bezp\u0142atnego planu","pricing_benefits":[{"text":"Nielimitowane strony internetowe"},{"text":"Wsparcie premium"},{"text":"Bezp\u0142atna us\u0142uga monta\u017cu"},{"text":"Oferta specjalna na wiele aplikacji"}],"pricing_button_text":"Dodaj do witryny","pricing_button_url":"#demo"}],"related_apps_title":"","related_apps_hidden":"0","author":"","image":[],"title":"","job":"","social_networks":[]},"_links":{"self":[{"href":"https:\/\/elfsight.com\/pl\/wp-json\/wp\/v2\/pages\/6239","targetHints":{"allow":["GET"]}}],"collection":[{"href":"https:\/\/elfsight.com\/pl\/wp-json\/wp\/v2\/pages"}],"about":[{"href":"https:\/\/elfsight.com\/pl\/wp-json\/wp\/v2\/types\/page"}],"author":[{"embeddable":true,"href":"https:\/\/elfsight.com\/pl\/wp-json\/wp\/v2\/users\/9"}],"replies":[{"embeddable":true,"href":"https:\/\/elfsight.com\/pl\/wp-json\/wp\/v2\/comments?post=6239"}],"version-history":[{"count":2,"href":"https:\/\/elfsight.com\/pl\/wp-json\/wp\/v2\/pages\/6239\/revisions"}],"predecessor-version":[{"id":10385,"href":"https:\/\/elfsight.com\/pl\/wp-json\/wp\/v2\/pages\/6239\/revisions\/10385"}],"up":[{"embeddable":true,"href":"https:\/\/elfsight.com\/pl\/wp-json\/wp\/v2\/pages\/3418"}],"wp:attachment":[{"href":"https:\/\/elfsight.com\/pl\/wp-json\/wp\/v2\/media?parent=6239"}],"curies":[{"name":"wp","href":"https:\/\/api.w.org\/{rel}","templated":true}]}}