{"id":6238,"date":"1970-01-01T00:00:00","date_gmt":"1970-01-01T00:00:00","guid":{"rendered":"https:\/\/elfsight.com\/pl\/?page_id=6238"},"modified":"2024-11-14T09:02:30","modified_gmt":"2024-11-14T09:02:30","slug":"magento","status":"publish","type":"page","link":"https:\/\/elfsight.com\/pl\/radio-player-widget\/magento\/","title":{"rendered":"Radio Player &#8211; Magento"},"content":{"rendered":"<div class=\"application-platform-content-item-description application-platform-content-item\" id=\"description\" data-nav-section=\"description\"> <h2>Opis<\/h2> <p>Elfsight Radio to nieskomplikowane rozszerzenie umo\u017cliwiaj\u0105ce strumieniowe przesy\u0142anie stacji radiowych bezpo\u015brednio na Twoj\u0105 stron\u0119 internetow\u0105. Wtyczka jest niezwykle konfigurowalna: mo\u017cesz zmienia\u0107 jej po\u0142o\u017cenie, wstawia\u0107 j\u0105 w dowolnym miejscu strony, skalowa\u0107 jej rozmiar, zmienia\u0107 kolor t\u0142a i wszystkich innych element\u00f3w, aby zmiesza\u0107 je z uk\u0142adem witryny, zastosowa\u0107 ciemny motyw, ods\u0142oni\u0107 ok\u0142adki i wy\u015bwietli\u0107 lub ukry\u0107 trzy dodatkowe szczeg\u00f3\u0142y gracza, takie jak nag\u0142\u00f3wek, status i inne. Mo\u017cesz przes\u0142a\u0107 tyle stacji, ile chcesz, aby zapewni\u0107 rozrywk\u0119 u\u017cytkownikom, w\u0142\u0105czy\u0107 autoodtwarzanie i mie\u0107 pewno\u015b\u0107, \u017ce odwiedzaj\u0105cy nie opuszcz\u0105 Twojej witryny natychmiast! <\/p> <p><b>Udost\u0119pnij swoim u\u017cytkownikom jeszcze jedno \u017ar\u00f3d\u0142o przydatnych i interesuj\u0105cych tre\u015bci, stosuj\u0105c Radio Player<\/b><\/p> <\/div> <div class=\"application-platform-content-item-features application-platform-content-item\" id=\"features\" data-nav-section=\"features\"> <h2>To tylko kilka pot\u0119\u017cnych funkcji rozszerze\u0144:<\/h2> <ul><li>R\u00f3\u017cne warianty kolorystyczne. <\/li><li>Motyw ciemnego\/jasnego koloru. <\/li><li>Dost\u0119pne 2 uk\u0142ady. <\/li><li>Opcja dodania obrazu t\u0142a. <\/li><li>Dostosuj niesko\u0144czon\u0105 liczb\u0119 stacji<\/li><\/ul><p><a href=\"#demo\">Wypr\u00f3buj wszystkie funkcje personalizacji w pe\u0142nej wersji demonstracyjnej<\/a><\/p> <\/div> <div class=\"application-platform-content-item-installation application-platform-content-item\" id=\"installation\" data-nav-section=\"installation\"> <h2>Jak doda\u0107 Radio Player do mojej witryny Magento?<\/h2> <p>Wystarczy wykona\u0107 kilka krok\u00f3w opisanych poni\u017cej, aby zintegrowa\u0107 wtyczk\u0119.<\/p> <ol><li><b>Skorzystaj z naszego bezp\u0142atnego edytora i rozpocznij prac\u0119 ze swoim spersonalizowanym rozszerzeniem. <\/b><br> Znajd\u017a wybrany uk\u0142ad i specyfikacj\u0119 rozszerzenia i zastosuj wszystkie poprawki. <\/li> <li><b>Zdob\u0105d\u017a sw\u00f3j osobisty kod widoczny w polu w aplikacjach Elfsight. <\/b><br> Po zako\u0144czeniu generowania osobistego rozszerzenia skopiuj kod z wy\u015bwietlonego pola i zachowaj go na p\u00f3\u017aniej. <\/li> <li><b>Rozpocznij korzystanie z rozszerzenia w swojej witrynie Magento. <\/b><br> Wpisz kod, kt\u00f3ry niedawno skopiowa\u0142e\u015b na swoj\u0105 stron\u0119 i zastosuj zmiany. <\/li> <li><b>Instalacja zosta\u0142a ca\u0142kowicie zako\u0144czona. <\/b><br> Przejd\u017a do swojej witryny i zobacz, jak dzia\u0142a rozszerzenie. <\/li><\/ol><p>Je\u015bli napotkasz pewne trudno\u015bci, bez wahania skontaktuj si\u0119 z naszym zespo\u0142em wsparcia. Nasi specjali\u015bci ch\u0119tnie pomog\u0105 Ci we wszystkich pytaniach zwi\u0105zanych z widgetem. <\/p> <\/div>","protected":false},"excerpt":{"rendered":"","protected":false},"author":9,"featured_media":0,"parent":3418,"menu_order":0,"comment_status":"closed","ping_status":"closed","template":"templates\/template-application-platform.php","meta":{"publish_to_discourse":"","publish_post_category":"","wpdc_auto_publish_overridden":"","wpdc_topic_tags":"","wpdc_pin_topic":"","wpdc_pin_until":"","discourse_post_id":"","discourse_permalink":"","wpdc_publishing_response":"","wpdc_publishing_error":"","footnotes":""},"class_list":["post-6238","page","type-page","status-publish","hentry"],"yoast_head":"<!-- This site is optimized with the Yoast SEO plugin v25.3.1 - https:\/\/yoast.com\/wordpress\/plugins\/seo\/ -->\n<title>Elfsight Radio Player dla witryny Magento (bezp\u0142atny i \u0142atwy)<\/title>\n<meta name=\"description\" content=\"Umie\u015b\u0107 responsywne rozszerzenie Radio Player na swojej stronie g\u0142\u00f3wnej. Skorzystaj z naszego przydatnego demo i kszta\u0142tuj sw\u00f3j widget bez wysi\u0142ku!\" \/>\n<meta name=\"robots\" content=\"index, follow, max-snippet:-1, max-image-preview:large, max-video-preview:-1\" \/>\n<link rel=\"canonical\" href=\"https:\/\/elfsight.com\/pl\/radio-player-widget\/magento\/\" \/>\n<meta property=\"og:locale\" content=\"pl_PL\" \/>\n<meta property=\"og:type\" content=\"article\" \/>\n<meta property=\"og:title\" content=\"Elfsight Radio Player dla witryny Magento (bezp\u0142atny i \u0142atwy)\" \/>\n<meta property=\"og:description\" content=\"Umie\u015b\u0107 responsywne rozszerzenie Radio Player na swojej stronie g\u0142\u00f3wnej. Skorzystaj z naszego przydatnego demo i kszta\u0142tuj sw\u00f3j widget bez wysi\u0142ku!\" \/>\n<meta property=\"og:url\" content=\"https:\/\/elfsight.com\/pl\/radio-player-widget\/magento\/\" \/>\n<meta property=\"og:site_name\" content=\"Elfsight PL\" \/>\n<meta property=\"article:modified_time\" content=\"2024-11-14T09:02:30+00:00\" \/>\n<meta name=\"twitter:card\" content=\"summary_large_image\" \/>\n<meta name=\"twitter:label1\" content=\"Szacowany czas czytania\" \/>\n\t<meta name=\"twitter:data1\" content=\"2 minuty\" \/>\n<!-- \/ Yoast SEO plugin. -->","yoast_head_json":{"title":"Elfsight Radio Player dla witryny Magento (bezp\u0142atny i \u0142atwy)","description":"Umie\u015b\u0107 responsywne rozszerzenie Radio Player na swojej stronie g\u0142\u00f3wnej. Skorzystaj z naszego przydatnego demo i kszta\u0142tuj sw\u00f3j widget bez wysi\u0142ku!","robots":{"index":"index","follow":"follow","max-snippet":"max-snippet:-1","max-image-preview":"max-image-preview:large","max-video-preview":"max-video-preview:-1"},"canonical":"https:\/\/elfsight.com\/pl\/radio-player-widget\/magento\/","og_locale":"pl_PL","og_type":"article","og_title":"Elfsight Radio Player dla witryny Magento (bezp\u0142atny i \u0142atwy)","og_description":"Umie\u015b\u0107 responsywne rozszerzenie Radio Player na swojej stronie g\u0142\u00f3wnej. Skorzystaj z naszego przydatnego demo i kszta\u0142tuj sw\u00f3j widget bez wysi\u0142ku!","og_url":"https:\/\/elfsight.com\/pl\/radio-player-widget\/magento\/","og_site_name":"Elfsight PL","article_modified_time":"2024-11-14T09:02:30+00:00","twitter_card":"summary_large_image","twitter_misc":{"Szacowany czas czytania":"2 minuty"},"schema":{"@context":"https:\/\/schema.org","@graph":[{"@type":"WebPage","@id":"https:\/\/elfsight.com\/pl\/radio-player-widget\/magento\/","url":"https:\/\/elfsight.com\/pl\/radio-player-widget\/magento\/","name":"Elfsight Radio Player dla witryny Magento (bezp\u0142atny i \u0142atwy)","isPartOf":{"@id":"https:\/\/elfsight.com\/pl\/#website"},"datePublished":"1970-01-01T00:00:00+00:00","dateModified":"2024-11-14T09:02:30+00:00","description":"Umie\u015b\u0107 responsywne rozszerzenie Radio Player na swojej stronie g\u0142\u00f3wnej. Skorzystaj z naszego przydatnego demo i kszta\u0142tuj sw\u00f3j widget bez wysi\u0142ku!","breadcrumb":{"@id":"https:\/\/elfsight.com\/pl\/radio-player-widget\/magento\/#breadcrumb"},"inLanguage":"pl-PL","potentialAction":[{"@type":"ReadAction","target":["https:\/\/elfsight.com\/pl\/radio-player-widget\/magento\/"]}]},{"@type":"BreadcrumbList","@id":"https:\/\/elfsight.com\/pl\/radio-player-widget\/magento\/#breadcrumb","itemListElement":[{"@type":"ListItem","position":1,"name":"Home","item":"https:\/\/elfsight.com\/pl\/"},{"@type":"ListItem","position":2,"name":"Radio Player","item":"https:\/\/elfsight.com\/pl\/radio-player-widget\/"},{"@type":"ListItem","position":3,"name":"Radio Player &#8211; Magento"}]},{"@type":"WebSite","@id":"https:\/\/elfsight.com\/pl\/#website","url":"https:\/\/elfsight.com\/pl\/","name":"Elfsight PL","description":"Just another Elfsight Sites site","potentialAction":[{"@type":"SearchAction","target":{"@type":"EntryPoint","urlTemplate":"https:\/\/elfsight.com\/pl\/?s={search_term_string}"},"query-input":{"@type":"PropertyValueSpecification","valueRequired":true,"valueName":"search_term_string"}}],"inLanguage":"pl-PL"}]}},"meta_box":{"industry":"","seo_heading":"","heading":"","description":"","cta_heading":"","cta_description":"","application":"3334","h1":"Rozszerzenie Magento Radio Player","h1_caption":"Dodaj transmisj\u0119 radiow\u0105 na \u017cywo do swojej witryny za pomoc\u0105 konfigurowalnego odtwarzacza, kt\u00f3ry bez problemu dopasuje Twoj\u0105 mark\u0119 do Twojej witryny Magento.","application_category":[],"applications_title":"","applications_request_title":"","applications_request_button_text":"","hero_text":"","hero_video":"","hero_video_schema_markup":"","selling_points_title":"","selling_points_caption":"","selling_points":[],"selling_points_cta_text":"","features_title":"","features":"","ed_cta_examples_text":"","ed_cta_examples_hidden":"","ed_cta_demo_text":"","ed_cta_demo_hidden":"","why_caption":"","why_editor_title":"","why_editor_text":"","why_team_title":"","why_team_text":"","why_service_title":"","why_service_text":"","template_catalog_visible":"","template_catalog_title":"","template_catalog_text":"","template_catalog_categories_visible":"","demo_title":"Utw\u00f3rz rozszerzenie Radio Player","demo_caption":"Skonfiguruj sw\u00f3j Radio Player i dodaj go do swojej witryny Magento za darmo!","default_faq_hidden":"","app_template_category":[],"platform":"92","template_public_id":"","codecanyon_url":"","codecanyon_item_id":"","codecanyon_price":"","pricing_caption":"","pricing_elfsight_apps_hide_column":"","pricing_elfsight_apps_url":"","pricing_codecanyon_price_caption":"","integration_category":[],"integration_request_title":"","integration_request_cta":"","integration_platform":"","integrations":[],"platform_category":[],"video_schema_markup":"","price":"od 0 USD \/ miesi\u0105c","trial":"","benefits":[{"text":"Bezp\u0142atna us\u0142uga monta\u017cu"},{"text":"Do\u015bwiadczona obs\u0142uga klienta"},{"text":"14-dniowa gwarancja zwrotu pieni\u0119dzy"}],"button_url":"#demo","button_target_blank":"","button_nofollow":"","attributes":[{"name":"Instaluje"},{"name":"Czu\u0142y"},{"name":"Kompatybilne przegl\u0105darki"}],"tags":[],"tags_disable_links":"","hide_more_platforms":"","video_object":"","demo_hide_cta":"","demo_hide_cloud_options":"","pricing_title":"","pricing":[{"pricing_icon":"platform","pricing_title":"Elfsight Apps","pricing_title_caption":"Rozwi\u0105zanie wieloplatformowe, kt\u00f3re pasuje do ka\u017cdej witryny internetowej","pricing_price":"od 0 USD \/ miesi\u0105c","pricing_price_caption":"zacznij od bezp\u0142atnego planu","pricing_benefits":[{"text":"Nielimitowane domeny"},{"text":"Dedykowane wsparcie firmy i dobrze udokumentowane"},{"text":"Bezp\u0142atna pomoc w monta\u017cu"},{"text":"100% konfigurowalny"}],"pricing_button_text":"Dodaj do witryny","pricing_button_url":"#demo"}],"related_apps_title":"","related_apps_hidden":"","author":"","image":[],"title":"","job":"","social_networks":[]},"_links":{"self":[{"href":"https:\/\/elfsight.com\/pl\/wp-json\/wp\/v2\/pages\/6238","targetHints":{"allow":["GET"]}}],"collection":[{"href":"https:\/\/elfsight.com\/pl\/wp-json\/wp\/v2\/pages"}],"about":[{"href":"https:\/\/elfsight.com\/pl\/wp-json\/wp\/v2\/types\/page"}],"author":[{"embeddable":true,"href":"https:\/\/elfsight.com\/pl\/wp-json\/wp\/v2\/users\/9"}],"replies":[{"embeddable":true,"href":"https:\/\/elfsight.com\/pl\/wp-json\/wp\/v2\/comments?post=6238"}],"version-history":[{"count":1,"href":"https:\/\/elfsight.com\/pl\/wp-json\/wp\/v2\/pages\/6238\/revisions"}],"predecessor-version":[{"id":6242,"href":"https:\/\/elfsight.com\/pl\/wp-json\/wp\/v2\/pages\/6238\/revisions\/6242"}],"up":[{"embeddable":true,"href":"https:\/\/elfsight.com\/pl\/wp-json\/wp\/v2\/pages\/3418"}],"wp:attachment":[{"href":"https:\/\/elfsight.com\/pl\/wp-json\/wp\/v2\/media?parent=6238"}],"curies":[{"name":"wp","href":"https:\/\/api.w.org\/{rel}","templated":true}]}}