{"id":6237,"date":"1970-01-01T00:00:00","date_gmt":"1970-01-01T00:00:00","guid":{"rendered":"https:\/\/elfsight.com\/pl\/?page_id=6237"},"modified":"2024-11-14T09:02:30","modified_gmt":"2024-11-14T09:02:30","slug":"html","status":"publish","type":"page","link":"https:\/\/elfsight.com\/pl\/radio-player-widget\/html\/","title":{"rendered":"Radio Player &#8211; HTML"},"content":{"rendered":"<div class=\"application-platform-content-item-description application-platform-content-item\" id=\"description\" data-nav-section=\"description\"> <h2>Opis<\/h2> <p>Elfsight Live Stream Player to nieskomplikowany widget umo\u017cliwiaj\u0105cy odtwarzanie stacji radiowych bezpo\u015brednio na Twojej stronie internetowej. Wtyczka jest wysoce modyfikowalna: mo\u017cesz zmienia\u0107 jej po\u0142o\u017cenie, ustawia\u0107 j\u0105 w dowolnym miejscu na stronie, zmienia\u0107 jej rozmiar, zmienia\u0107 kolor t\u0142a i innych cz\u0119\u015bci, aby dopasowa\u0107 je do uk\u0142adu witryny, stosowa\u0107 ciemny motyw, prezentowa\u0107 obrazy oraz pokazywa\u0107 lub ukrywa\u0107 3 inne elementy odtwarzacza, takie jak tytu\u0142, status i inne. Mo\u017cesz przes\u0142a\u0107 dowoln\u0105 liczb\u0119 stacji, ile chcesz, aby zaanga\u017cowa\u0107 odbiorc\u00f3w, w\u0142\u0105czy\u0107 autoodtwarzanie i nie mie\u0107 w\u0105tpliwo\u015bci \u2013 Twoi u\u017cytkownicy nie opuszcz\u0105 Twojej strony g\u0142\u00f3wnej od razu! <\/p> <p><b>Wyposa\u017c swoich odbiorc\u00f3w w zupe\u0142nie nowe \u017ar\u00f3d\u0142o pomocnych i wci\u0105gaj\u0105cych tre\u015bci wykorzystuj\u0105cych Elfsight Live Radio Player dla HTML<\/b><\/p> <\/div> <div class=\"application-platform-content-item-features application-platform-content-item\" id=\"features\" data-nav-section=\"features\"> <h2>Widget oferuje cenne i nieskomplikowane funkcje, zobacz niekt\u00f3re z nich:<\/h2> <ul><li>Liczne warianty kolorystyczne.<\/li><li>Schemat kolor\u00f3w ciemny\/jasny.<\/li><li>Dwa odpowiednie uk\u0142ady.<\/li><li>Opcja do\u0142\u0105czenia obrazu t\u0142a.<\/li><li>Dostosuj nieograniczon\u0105 liczb\u0119 stacji.<\/li><\/ul><p><a href=\"#demo\"> Po prostu sprawd\u017a t\u0119 wersj\u0119 demonstracyjn\u0105, aby zobaczy\u0107, jak dzia\u0142a<\/a><\/p> <\/div> <div class=\"application-platform-content-item-installation application-platform-content-item\" id=\"installation\" data-nav-section=\"installation\"> <h2>Jak osadzi\u0107 Radio Player na stronie HTML?<\/h2> <div class=\" kontener wideo\"><iframe width=\"720\" height=\"405\" src=\"https:\/\/www.youtube.com\/embed\/jB68F2g1d1I\" frameborder=\"0\" allowfullscreen><\/iframe><\/div><p>Wystarczy wykona\u0107 poni\u017csze kroki, aby zintegrowa\u0107 wid\u017cet.<\/p> <ol><li><b>Korzystaj\u0105c z naszego bezp\u0142atnego edytora, zacznij kszta\u0142towa\u0107 sw\u00f3j odtwarzacz transmisji na \u017cywo.<\/b><br> Okre\u015bl odpowiedni wygl\u0105d i cechy funkcjonalne wtyczki i zastosuj zmiany.<\/li> <li><b>Skopiuj unikalny kod, kt\u00f3ry pojawia si\u0119 w polu aplikacji Elfsight.<\/b><br> Zaraz po zako\u0144czeniu konfiguracji wtyczki , skopiuj osobisty kod z wy\u015bwietlonego pola i zapisz go na przysz\u0142o\u015b\u0107.<\/li> <li><b>Rozpocznij korzystanie z wid\u017cetu radiowego na swojej stronie HTML.<\/b><br> Wprowad\u017a kod, kt\u00f3ry chcesz zapisa\u0142em ostatnio na Twojej stronie i zastosuj zmiany.<\/li> <li><b>Instalacja zosta\u0142a w pe\u0142ni przeprowadzona.<\/b><br> Przejd\u017a na swoj\u0105 stron\u0119, aby sprawdzi\u0107 dzia\u0142anie wtyczki.<\/li><\/ol> <p>Je\u015bli napotkasz jakie\u015b trudno\u015bci, nie wahaj si\u0119 napisa\u0107 do naszego personelu obs\u0142ugi klienta. Nasi ludzie z przyjemno\u015bci\u0105 pomog\u0105 Ci we wszystkich problemach, jakie mo\u017cesz mie\u0107 z wid\u017cetem.<\/p> <\/div>","protected":false},"excerpt":{"rendered":"","protected":false},"author":9,"featured_media":0,"parent":3418,"menu_order":0,"comment_status":"closed","ping_status":"closed","template":"templates\/template-application-platform.php","meta":{"publish_to_discourse":"","publish_post_category":"","wpdc_auto_publish_overridden":"","wpdc_topic_tags":"","wpdc_pin_topic":"","wpdc_pin_until":"","discourse_post_id":"","discourse_permalink":"","wpdc_publishing_response":"","wpdc_publishing_error":"","footnotes":""},"class_list":["post-6237","page","type-page","status-publish","hentry"],"yoast_head":"<!-- This site is optimized with the Yoast SEO plugin v25.3.1 - https:\/\/yoast.com\/wordpress\/plugins\/seo\/ -->\n<title>Kod widgetu HTML Radio Player dla strony internetowej (bezp\u0142atny i \u0142atwy)<\/title>\n<meta name=\"description\" content=\"Zintegruj responsywny kod widgetu HTML Radio Player na swojej stronie internetowej. Zastosuj nasze praktyczne demo i bez wysi\u0142ku stw\u00f3rz sw\u00f3j odtwarzacz strumieniowy Radio!\" \/>\n<meta name=\"robots\" content=\"index, follow, max-snippet:-1, max-image-preview:large, max-video-preview:-1\" \/>\n<link rel=\"canonical\" href=\"https:\/\/elfsight.com\/pl\/radio-player-widget\/html\/\" \/>\n<meta property=\"og:locale\" content=\"pl_PL\" \/>\n<meta property=\"og:type\" content=\"article\" \/>\n<meta property=\"og:title\" content=\"Kod widgetu HTML Radio Player dla strony internetowej (bezp\u0142atny i \u0142atwy)\" \/>\n<meta property=\"og:description\" content=\"Zintegruj responsywny kod widgetu HTML Radio Player na swojej stronie internetowej. Zastosuj nasze praktyczne demo i bez wysi\u0142ku stw\u00f3rz sw\u00f3j odtwarzacz strumieniowy Radio!\" \/>\n<meta property=\"og:url\" content=\"https:\/\/elfsight.com\/pl\/radio-player-widget\/html\/\" \/>\n<meta property=\"og:site_name\" content=\"Elfsight PL\" \/>\n<meta property=\"article:modified_time\" content=\"2024-11-14T09:02:30+00:00\" \/>\n<meta name=\"twitter:card\" content=\"summary_large_image\" \/>\n<meta name=\"twitter:label1\" content=\"Szacowany czas czytania\" \/>\n\t<meta name=\"twitter:data1\" content=\"2 minuty\" \/>\n<!-- \/ Yoast SEO plugin. -->","yoast_head_json":{"title":"Kod widgetu HTML Radio Player dla strony internetowej (bezp\u0142atny i \u0142atwy)","description":"Zintegruj responsywny kod widgetu HTML Radio Player na swojej stronie internetowej. Zastosuj nasze praktyczne demo i bez wysi\u0142ku stw\u00f3rz sw\u00f3j odtwarzacz strumieniowy Radio!","robots":{"index":"index","follow":"follow","max-snippet":"max-snippet:-1","max-image-preview":"max-image-preview:large","max-video-preview":"max-video-preview:-1"},"canonical":"https:\/\/elfsight.com\/pl\/radio-player-widget\/html\/","og_locale":"pl_PL","og_type":"article","og_title":"Kod widgetu HTML Radio Player dla strony internetowej (bezp\u0142atny i \u0142atwy)","og_description":"Zintegruj responsywny kod widgetu HTML Radio Player na swojej stronie internetowej. Zastosuj nasze praktyczne demo i bez wysi\u0142ku stw\u00f3rz sw\u00f3j odtwarzacz strumieniowy Radio!","og_url":"https:\/\/elfsight.com\/pl\/radio-player-widget\/html\/","og_site_name":"Elfsight PL","article_modified_time":"2024-11-14T09:02:30+00:00","twitter_card":"summary_large_image","twitter_misc":{"Szacowany czas czytania":"2 minuty"},"schema":{"@context":"https:\/\/schema.org","@graph":[{"@type":"WebPage","@id":"https:\/\/elfsight.com\/pl\/radio-player-widget\/html\/","url":"https:\/\/elfsight.com\/pl\/radio-player-widget\/html\/","name":"Kod widgetu HTML Radio Player dla strony internetowej (bezp\u0142atny i \u0142atwy)","isPartOf":{"@id":"https:\/\/elfsight.com\/pl\/#website"},"datePublished":"1970-01-01T00:00:00+00:00","dateModified":"2024-11-14T09:02:30+00:00","description":"Zintegruj responsywny kod widgetu HTML Radio Player na swojej stronie internetowej. Zastosuj nasze praktyczne demo i bez wysi\u0142ku stw\u00f3rz sw\u00f3j odtwarzacz strumieniowy Radio!","breadcrumb":{"@id":"https:\/\/elfsight.com\/pl\/radio-player-widget\/html\/#breadcrumb"},"inLanguage":"pl-PL","potentialAction":[{"@type":"ReadAction","target":["https:\/\/elfsight.com\/pl\/radio-player-widget\/html\/"]}]},{"@type":"BreadcrumbList","@id":"https:\/\/elfsight.com\/pl\/radio-player-widget\/html\/#breadcrumb","itemListElement":[{"@type":"ListItem","position":1,"name":"Home","item":"https:\/\/elfsight.com\/pl\/"},{"@type":"ListItem","position":2,"name":"Radio Player","item":"https:\/\/elfsight.com\/pl\/radio-player-widget\/"},{"@type":"ListItem","position":3,"name":"Radio Player &#8211; HTML"}]},{"@type":"WebSite","@id":"https:\/\/elfsight.com\/pl\/#website","url":"https:\/\/elfsight.com\/pl\/","name":"Elfsight PL","description":"Just another Elfsight Sites site","potentialAction":[{"@type":"SearchAction","target":{"@type":"EntryPoint","urlTemplate":"https:\/\/elfsight.com\/pl\/?s={search_term_string}"},"query-input":{"@type":"PropertyValueSpecification","valueRequired":true,"valueName":"search_term_string"}}],"inLanguage":"pl-PL"}]}},"meta_box":{"industry":"","seo_heading":"","heading":"","description":"","cta_heading":"","cta_description":"","application":"3334","h1":"Wid\u017cet odtwarzacza radia HTML","h1_caption":"Dodaj transmisj\u0119 radiow\u0105 na \u017cywo do swojej witryny internetowej za pomoc\u0105 konfigurowalnego odtwarzacza, kt\u00f3ry bez trudu dopasuje Twoj\u0105 mark\u0119 do Twojej witryny HTML.","application_category":[],"applications_title":"","applications_request_title":"","applications_request_button_text":"","hero_text":"","hero_video":"","hero_video_schema_markup":"","selling_points_title":"","selling_points_caption":"","selling_points":[],"selling_points_cta_text":"","features_title":"","features":"","ed_cta_examples_text":"","ed_cta_examples_hidden":"","ed_cta_demo_text":"","ed_cta_demo_hidden":"","why_caption":"","why_editor_title":"","why_editor_text":"","why_team_title":"","why_team_text":"","why_service_title":"","why_service_text":"","template_catalog_visible":"","template_catalog_title":"","template_catalog_text":"","template_catalog_categories_visible":"","demo_title":"Utw\u00f3rz wid\u017cet odtwarzacza radia","demo_caption":"Skonfiguruj sw\u00f3j Radio Player i dodaj go do swojej strony HTML za darmo!","default_faq_hidden":"","app_template_category":[],"platform":"50","template_public_id":"","codecanyon_url":"","codecanyon_item_id":"","codecanyon_price":"","pricing_caption":"","pricing_elfsight_apps_hide_column":"","pricing_elfsight_apps_url":"","pricing_codecanyon_price_caption":"","integration_category":[],"integration_request_title":"","integration_request_cta":"","integration_platform":"","integrations":[],"platform_category":[],"video_schema_markup":"","price":"od 0 USD \/ miesi\u0105c","trial":"","benefits":[{"text":"Bezp\u0142atna pomoc w instalacji"},{"text":"Wyj\u0105tkowe wsparcie"},{"text":"14-dniowa gwarancja zwrotu pieni\u0119dzy"}],"button_url":"#demo","button_target_blank":"","button_nofollow":"","attributes":[{"name":"Instaluje"},{"name":"Czu\u0142y"},{"name":"Kompatybilne przegl\u0105darki"}],"tags":[],"tags_disable_links":"","hide_more_platforms":"","video_object":"","demo_hide_cta":"","demo_hide_cloud_options":"","pricing_title":"","pricing":[{"pricing_icon":"platform","pricing_title":"Elfsight Apps","pricing_title_caption":"Wersja wieloplatformowa","pricing_price":"od 0 USD \/ miesi\u0105c","pricing_price_caption":"zacznij od bezp\u0142atnego planu","pricing_benefits":[{"text":"Nielimitowane strony internetowe"},{"text":"Dedykowana obs\u0142uga klienta"},{"text":"Bezp\u0142atna pomoc w instalacji"},{"text":"Cena do z\u0142apania dla wielu aplikacji"}],"pricing_button_text":"Dodaj do witryny","pricing_button_url":"#demo"}],"related_apps_title":"","related_apps_hidden":"","author":"","image":[],"title":"","job":"","social_networks":[]},"_links":{"self":[{"href":"https:\/\/elfsight.com\/pl\/wp-json\/wp\/v2\/pages\/6237","targetHints":{"allow":["GET"]}}],"collection":[{"href":"https:\/\/elfsight.com\/pl\/wp-json\/wp\/v2\/pages"}],"about":[{"href":"https:\/\/elfsight.com\/pl\/wp-json\/wp\/v2\/types\/page"}],"author":[{"embeddable":true,"href":"https:\/\/elfsight.com\/pl\/wp-json\/wp\/v2\/users\/9"}],"replies":[{"embeddable":true,"href":"https:\/\/elfsight.com\/pl\/wp-json\/wp\/v2\/comments?post=6237"}],"version-history":[{"count":2,"href":"https:\/\/elfsight.com\/pl\/wp-json\/wp\/v2\/pages\/6237\/revisions"}],"predecessor-version":[{"id":7976,"href":"https:\/\/elfsight.com\/pl\/wp-json\/wp\/v2\/pages\/6237\/revisions\/7976"}],"up":[{"embeddable":true,"href":"https:\/\/elfsight.com\/pl\/wp-json\/wp\/v2\/pages\/3418"}],"wp:attachment":[{"href":"https:\/\/elfsight.com\/pl\/wp-json\/wp\/v2\/media?parent=6237"}],"curies":[{"name":"wp","href":"https:\/\/api.w.org\/{rel}","templated":true}]}}