{"id":6231,"date":"1970-01-01T00:00:00","date_gmt":"1970-01-01T00:00:00","guid":{"rendered":"https:\/\/elfsight.com\/pl\/?page_id=6231"},"modified":"2024-11-14T09:02:22","modified_gmt":"2024-11-14T09:02:22","slug":"opencart","status":"publish","type":"page","link":"https:\/\/elfsight.com\/pl\/radio-player-widget\/opencart\/","title":{"rendered":"Radio Player &#8211; OpenCart"},"content":{"rendered":"<div class=\"application-platform-content-item-description application-platform-content-item\" id=\"description\" data-nav-section=\"description\"> <h2>Opis<\/h2> <p>Elfsight Radio to proste rozszerzenie umo\u017cliwiaj\u0105ce odtwarzanie stacji radiowych na Twojej stronie internetowej. Modu\u0142 jest w pe\u0142ni konfigurowalny: mo\u017cesz zmieni\u0107 jego po\u0142o\u017cenie, osadzi\u0107 go w dowolnym miejscu strony, skalowa\u0107 jego rozmiar, przemalowa\u0107 t\u0142o i wszystkie inne cz\u0119\u015bci, aby dopasowa\u0107 je do stylu witryny, zastosowa\u0107 ciemn\u0105 kolorystyk\u0119, pokaza\u0107 ok\u0142adki i pokaza\u0107 lub ukry\u0107 trzy inne elementy gracza, takie jak tytu\u0142, status i inne. Dodaj tyle stacji, ile potrzebujesz, aby zachwyci\u0107 u\u017cytkownik\u00f3w, w\u0142\u0105cz autoodtwarzanie i miej pewno\u015b\u0107, \u017ce odwiedzaj\u0105cy nie opuszcz\u0105 Twojej strony natychmiast!<\/p><p><b>Wyposa\u017c swoich odbiorc\u00f3w w jeszcze jedno \u017ar\u00f3d\u0142o przydatnych tre\u015bci i tre\u015bci rozrywkowe wykorzystuj\u0105ce rozszerzenie Radio Player.<\/b><\/p> <\/div> <div class=\"application-platform-content-item-features application-platform-content-item\" id=\"features\" data-nav-section=\"features\"> <h2>Oto podstawowe cechy rozszerzenia:<\/h2> <ul><li>R\u00f3\u017cne wariacje kolorystyczne.<\/li><li>Motyw ciemnego\/jasnego koloru.<\/li><li>Dwa uk\u0142ady gotowe do u\u017cycia.<\/li><li>Mo\u017cliwo\u015b\u0107 do\u0142\u0105czenia obrazu t\u0142a.<\/li><li>Adject niesko\u0144czona liczba stacji.<\/li><\/ul><p><a href=\"#demo\">Odkryj wszystkie funkcje personalizacji w pe\u0142nej wersji demonstracyjnej<\/a><\/p> <\/div> <div class=\"application-platform-content-item-installation application-platform-content-item\" id=\"installation\" data-nav-section=\"installation\"> <h2>Jak doda\u0107 Radio Player do mojej witryny OpenCart?<\/h2> <p>Wystarczy wykona\u0107 kroki opisane poni\u017cej, aby aktywowa\u0107 modu\u0142.<\/p> <ol><li><b>Uruchom naszego darmowego edytora i zacznij tworzy\u0107 w\u0142asne rozszerzenie. <\/b><br> Wybierz \u017c\u0105dany uk\u0142ad i opcje rozszerzenia i zastosuj wszystkie modyfikacje. <\/li> <li><b>Odbierz sw\u00f3j indywidualny kod widoczny w oknie aplikacji Elfsight. <\/b><br> Zaraz po zako\u0144czeniu tworzenia rozszerzenia skopiuj sw\u00f3j kod z wy\u015bwietlonego wyskakuj\u0105cego okienka i zachowaj go do p\u00f3\u017aniejszego wykorzystania. <\/li> <li><b>Rozpocznij korzystanie z rozszerzenia na stronie OpenCart. <\/b><br> Zintegruj skopiowany wcze\u015bniej kod ze swoj\u0105 witryn\u0105 i zapisz zmiany. <\/li> <li><b>Gotowe! Osadzanie zosta\u0142o w pe\u0142ni zako\u0144czone. <\/b><br> Przejd\u017a do swojej witryny, aby sprawdzi\u0107 skuteczno\u015b\u0107 rozszerzenia. <\/li><\/ol><p>Je\u015bli napotkasz pytania lub napotkasz pewne przeszkody, nie b\u00f3j si\u0119 zwr\u00f3ci\u0107 do naszego zespo\u0142u wsparcia. Nasi ludzie pragn\u0105 rozwi\u0105za\u0107 wszystkie problemy, jakie mo\u017cesz mie\u0107 z tym narz\u0119dziem.<\/p> <\/div>","protected":false},"excerpt":{"rendered":"","protected":false},"author":9,"featured_media":0,"parent":3418,"menu_order":0,"comment_status":"closed","ping_status":"closed","template":"templates\/template-application-platform.php","meta":{"publish_to_discourse":"","publish_post_category":"","wpdc_auto_publish_overridden":"","wpdc_topic_tags":"","wpdc_pin_topic":"","wpdc_pin_until":"","discourse_post_id":"","discourse_permalink":"","wpdc_publishing_response":"","wpdc_publishing_error":"","footnotes":""},"class_list":["post-6231","page","type-page","status-publish","hentry"],"yoast_head":"<!-- This site is optimized with the Yoast SEO plugin v25.3.1 - https:\/\/yoast.com\/wordpress\/plugins\/seo\/ -->\n<title>Elfsight Radio Player dla witryn OpenCart (bezp\u0142atny i \u0142atwy)<\/title>\n<meta name=\"description\" content=\"Dodaj responsywne rozszerzenie Radio Player na swojej stronie. Skorzystaj z naszego wygodnego demo i zbuduj swoje narz\u0119dzie za pomoc\u0105 kilku klikni\u0119\u0107!\" \/>\n<meta name=\"robots\" content=\"index, follow, max-snippet:-1, max-image-preview:large, max-video-preview:-1\" \/>\n<link rel=\"canonical\" href=\"https:\/\/elfsight.com\/pl\/radio-player-widget\/opencart\/\" \/>\n<meta property=\"og:locale\" content=\"pl_PL\" \/>\n<meta property=\"og:type\" content=\"article\" \/>\n<meta property=\"og:title\" content=\"Elfsight Radio Player dla witryn OpenCart (bezp\u0142atny i \u0142atwy)\" \/>\n<meta property=\"og:description\" content=\"Dodaj responsywne rozszerzenie Radio Player na swojej stronie. Skorzystaj z naszego wygodnego demo i zbuduj swoje narz\u0119dzie za pomoc\u0105 kilku klikni\u0119\u0107!\" \/>\n<meta property=\"og:url\" content=\"https:\/\/elfsight.com\/pl\/radio-player-widget\/opencart\/\" \/>\n<meta property=\"og:site_name\" content=\"Elfsight PL\" \/>\n<meta property=\"article:modified_time\" content=\"2024-11-14T09:02:22+00:00\" \/>\n<meta name=\"twitter:card\" content=\"summary_large_image\" \/>\n<meta name=\"twitter:label1\" content=\"Szacowany czas czytania\" \/>\n\t<meta name=\"twitter:data1\" content=\"2 minuty\" \/>\n<!-- \/ Yoast SEO plugin. -->","yoast_head_json":{"title":"Elfsight Radio Player dla witryn OpenCart (bezp\u0142atny i \u0142atwy)","description":"Dodaj responsywne rozszerzenie Radio Player na swojej stronie. Skorzystaj z naszego wygodnego demo i zbuduj swoje narz\u0119dzie za pomoc\u0105 kilku klikni\u0119\u0107!","robots":{"index":"index","follow":"follow","max-snippet":"max-snippet:-1","max-image-preview":"max-image-preview:large","max-video-preview":"max-video-preview:-1"},"canonical":"https:\/\/elfsight.com\/pl\/radio-player-widget\/opencart\/","og_locale":"pl_PL","og_type":"article","og_title":"Elfsight Radio Player dla witryn OpenCart (bezp\u0142atny i \u0142atwy)","og_description":"Dodaj responsywne rozszerzenie Radio Player na swojej stronie. Skorzystaj z naszego wygodnego demo i zbuduj swoje narz\u0119dzie za pomoc\u0105 kilku klikni\u0119\u0107!","og_url":"https:\/\/elfsight.com\/pl\/radio-player-widget\/opencart\/","og_site_name":"Elfsight PL","article_modified_time":"2024-11-14T09:02:22+00:00","twitter_card":"summary_large_image","twitter_misc":{"Szacowany czas czytania":"2 minuty"},"schema":{"@context":"https:\/\/schema.org","@graph":[{"@type":"WebPage","@id":"https:\/\/elfsight.com\/pl\/radio-player-widget\/opencart\/","url":"https:\/\/elfsight.com\/pl\/radio-player-widget\/opencart\/","name":"Elfsight Radio Player dla witryn OpenCart (bezp\u0142atny i \u0142atwy)","isPartOf":{"@id":"https:\/\/elfsight.com\/pl\/#website"},"datePublished":"1970-01-01T00:00:00+00:00","dateModified":"2024-11-14T09:02:22+00:00","description":"Dodaj responsywne rozszerzenie Radio Player na swojej stronie. Skorzystaj z naszego wygodnego demo i zbuduj swoje narz\u0119dzie za pomoc\u0105 kilku klikni\u0119\u0107!","breadcrumb":{"@id":"https:\/\/elfsight.com\/pl\/radio-player-widget\/opencart\/#breadcrumb"},"inLanguage":"pl-PL","potentialAction":[{"@type":"ReadAction","target":["https:\/\/elfsight.com\/pl\/radio-player-widget\/opencart\/"]}]},{"@type":"BreadcrumbList","@id":"https:\/\/elfsight.com\/pl\/radio-player-widget\/opencart\/#breadcrumb","itemListElement":[{"@type":"ListItem","position":1,"name":"Home","item":"https:\/\/elfsight.com\/pl\/"},{"@type":"ListItem","position":2,"name":"Radio Player","item":"https:\/\/elfsight.com\/pl\/radio-player-widget\/"},{"@type":"ListItem","position":3,"name":"Radio Player &#8211; OpenCart"}]},{"@type":"WebSite","@id":"https:\/\/elfsight.com\/pl\/#website","url":"https:\/\/elfsight.com\/pl\/","name":"Elfsight PL","description":"Just another Elfsight Sites site","potentialAction":[{"@type":"SearchAction","target":{"@type":"EntryPoint","urlTemplate":"https:\/\/elfsight.com\/pl\/?s={search_term_string}"},"query-input":{"@type":"PropertyValueSpecification","valueRequired":true,"valueName":"search_term_string"}}],"inLanguage":"pl-PL"}]}},"meta_box":{"industry":"","seo_heading":"","heading":"","description":"","cta_heading":"","cta_description":"","application":"3334","h1":"Rozszerzenie OpenCart Radio Player","h1_caption":"Dodaj transmisj\u0119 radiow\u0105 na \u017cywo do swojej witryny za pomoc\u0105 konfigurowalnego odtwarzacza, kt\u00f3ry bez problemu dopasuje Twoj\u0105 mark\u0119 do Twojej witryny Opencart.","application_category":[],"applications_title":"","applications_request_title":"","applications_request_button_text":"","hero_text":"","hero_video":"","hero_video_schema_markup":"","selling_points_title":"","selling_points_caption":"","selling_points":[],"selling_points_cta_text":"","features_title":"","features":"","ed_cta_examples_text":"","ed_cta_examples_hidden":"","ed_cta_demo_text":"","ed_cta_demo_hidden":"","why_caption":"","why_editor_title":"","why_editor_text":"","why_team_title":"","why_team_text":"","why_service_title":"","why_service_text":"","template_catalog_visible":"","template_catalog_title":"","template_catalog_text":"","template_catalog_categories_visible":"","demo_title":"Utw\u00f3rz rozszerzenie Radio Player","demo_caption":"Skonfiguruj sw\u00f3j Radio Player i dodaj go do swojej witryny OpenCart za darmo!","default_faq_hidden":"","app_template_category":[],"platform":"107","template_public_id":"","codecanyon_url":"","codecanyon_item_id":"","codecanyon_price":"","pricing_caption":"","pricing_elfsight_apps_hide_column":"","pricing_elfsight_apps_url":"","pricing_codecanyon_price_caption":"","integration_category":[],"integration_request_title":"","integration_request_cta":"","integration_platform":"","integrations":[],"platform_category":[],"video_schema_markup":"","price":"od 0 USD \/ miesi\u0105c","trial":"","benefits":[{"text":"Bezp\u0142atna pomoc w monta\u017cu"},{"text":"Skuteczna obs\u0142uga klienta"},{"text":"14-dniowa gwarancja zwrotu pieni\u0119dzy"}],"button_url":"#demo","button_target_blank":"","button_nofollow":"","attributes":[{"name":"Instaluje"},{"name":"Czu\u0142y"},{"name":"Kompatybilne przegl\u0105darki"}],"tags":[],"tags_disable_links":"","hide_more_platforms":"","video_object":"","demo_hide_cta":"","demo_hide_cloud_options":"","pricing_title":"","pricing":[{"pricing_icon":"platform","pricing_title":"Elfsight Apps","pricing_title_caption":"Wieloplatformowe rozwi\u0105zanie cyfrowe","pricing_price":"od 0 USD \/ miesi\u0105c","pricing_price_caption":"zacznij od bezp\u0142atnego planu","pricing_benefits":[{"text":"Nielimitowane domeny"},{"text":"Szybkie i terminowe wsparcie"},{"text":"Bezp\u0142atna pomoc w monta\u017cu"},{"text":"Elastyczny projekt"}],"pricing_button_text":"Dodaj do witryny","pricing_button_url":"#demo"}],"related_apps_title":"","related_apps_hidden":"","author":"","image":[],"title":"","job":"","social_networks":[]},"_links":{"self":[{"href":"https:\/\/elfsight.com\/pl\/wp-json\/wp\/v2\/pages\/6231","targetHints":{"allow":["GET"]}}],"collection":[{"href":"https:\/\/elfsight.com\/pl\/wp-json\/wp\/v2\/pages"}],"about":[{"href":"https:\/\/elfsight.com\/pl\/wp-json\/wp\/v2\/types\/page"}],"author":[{"embeddable":true,"href":"https:\/\/elfsight.com\/pl\/wp-json\/wp\/v2\/users\/9"}],"replies":[{"embeddable":true,"href":"https:\/\/elfsight.com\/pl\/wp-json\/wp\/v2\/comments?post=6231"}],"version-history":[{"count":1,"href":"https:\/\/elfsight.com\/pl\/wp-json\/wp\/v2\/pages\/6231\/revisions"}],"predecessor-version":[{"id":6235,"href":"https:\/\/elfsight.com\/pl\/wp-json\/wp\/v2\/pages\/6231\/revisions\/6235"}],"up":[{"embeddable":true,"href":"https:\/\/elfsight.com\/pl\/wp-json\/wp\/v2\/pages\/3418"}],"wp:attachment":[{"href":"https:\/\/elfsight.com\/pl\/wp-json\/wp\/v2\/media?parent=6231"}],"curies":[{"name":"wp","href":"https:\/\/api.w.org\/{rel}","templated":true}]}}