{"id":6230,"date":"1970-01-01T00:00:00","date_gmt":"1970-01-01T00:00:00","guid":{"rendered":"https:\/\/elfsight.com\/pl\/?page_id=6230"},"modified":"2025-06-23T12:48:19","modified_gmt":"2025-06-23T12:48:19","slug":"shopify","status":"publish","type":"page","link":"https:\/\/elfsight.com\/pl\/radio-player-widget\/shopify\/","title":{"rendered":"Radio Player &#8211; Shopify"},"content":{"rendered":"<div class=\"application-platform-content-item-description application-platform-content-item\" id=\"description\" data-nav-section=\"description\">\n<h2>Osad\u017a Radio Player w Shopify za pomoc\u0105 wid\u017cetu Elfsight<\/h2>\n<p>Elfsight Radio to prosta aplikacja umo\u017cliwiaj\u0105ca bezpo\u015brednie strumieniowe przesy\u0142anie stacji radiowych na twojej stronie. Aplikacja jest wysoce konfigurowalna: mo\u017cesz zmienia\u0107 jej po\u0142o\u017cenie, ustawia\u0107 w dowolnym miejscu strony, zmienia\u0107 jej rozmiar, zmienia\u0107 kolor t\u0142a i innych element\u00f3w, aby dopasowa\u0107 je do uk\u0142adu witryny, u\u017cywa\u0107 ciemnej kolorystyki, wy\u015bwietla\u0107 obrazy oraz pokazywa\u0107 lub ukrywa\u0107 trzy inne cz\u0119\u015bci gracza, na przyk\u0142ad nag\u0142\u00f3wek, status i inne. Mo\u017cesz przes\u0142a\u0107 tyle stacji, ile potrzebujesz, aby zapewni\u0107 rozrywk\u0119 u\u017cytkownikom, w\u0142\u0105czy\u0107 autoodtwarzanie i mie\u0107 pewno\u015b\u0107, \u017ce odwiedzaj\u0105cy nie opuszcz\u0105 Twojej witryny natychmiast!<\/p>\n<p>Zapewnij odwiedzaj\u0105cym jeszcze jedno \u017ar\u00f3d\u0142o pomocnej i wci\u0105gaj\u0105cej tre\u015bci za pomoc\u0105 Radio Playera.<\/p>\n<\/div>\n\n<div class=\"application-platform-content-item-features application-platform-content-item\" id=\"features\" data-nav-section=\"features\">\n<h2>To tylko kilka r\u00f3\u017cnych funkcji aplikacji:<\/h2>\n<ul>\n    <li>Liczne warianty kolorystyczne;<\/li>\n    <li>Motyw ciemnego\/jasnego koloru;<\/li>\n    <li>Dost\u0119pne s\u0105 dwa uk\u0142ady;<\/li>\n    <li>Mo\u017cliwo\u015b\u0107 wykorzystania obrazu t\u0142a;<\/li>\n    <li>Dodaj niesko\u0144czon\u0105 liczb\u0119 stacji.<\/li>\n<\/ul>\n<p><a href=\"#demo\">Mo\u017cesz zobaczy\u0107, co aplikacja oferuje, korzystaj\u0105c z wersji demonstracyjnej<\/a><\/p>\n<\/div>\n\n<div class=\"application-platform-content-item-installation application-platform-content-item\" id=\"installation\" data-nav-section=\"installation\"><\/div>\n<h2>Jak osadzi\u0107 Radio Player w mojej witrynie Shopify?<\/h2>\n<div class=\"video-container\"><iframe width=\"720\" height=\"405\" src=\"https:\/\/www.youtube.com\/embed\/XBI3KIu9iHI\" frameborder=\"0\" allowfullscreen=\"\"><\/iframe><\/div>\n<p>Wystarczy post\u0119powa\u0107 zgodnie z poni\u017cszymi wskaz\u00f3wkami, aby zainstalowa\u0107 aplikacj\u0119.<\/p>\n<ol>\n    <li>Wykonaj nasz darmowy edytor i zacznij tworzy\u0107 niestandardow\u0105 aplikacj\u0119.\n        <br>Wybierz preferowany wygl\u0105d i parametry aplikacji oraz zapisz wszystkie poprawki.<\/li>\n    <li>Wy\u015bwietl sw\u00f3j unikalny kod w oknie aplikacji Elfsight.\n        <br>Zaraz po zako\u0144czeniu generowania aplikacji skopiuj kod osobisty z wy\u015bwietlonego pola i zachowaj go na p\u00f3\u017aniej.<\/li>\n    <li>Rozpocznij korzystanie z aplikacji w witrynie Shopify.\n        <br>Dodaj skopiowany wcze\u015bniej kod na swoj\u0105 stron\u0119 i zapisz zmiany.<\/li>\n    <li>Gotowe! Osadzanie zosta\u0142o pomy\u015blnie zako\u0144czone.\n        <br>Przejd\u017a na swoj\u0105 stron\u0119 internetow\u0105, aby zobaczy\u0107, jak dzia\u0142a aplikacja.<\/li>\n<\/ol>\n<p>W przypadku pyta\u0144 lub trudno\u015bci nie wahaj si\u0119 zwr\u00f3ci\u0107 do naszego personelu obs\u0142ugi klienta. Nasi specjali\u015bci ch\u0119tnie pomog\u0105 Ci we wszystkich trudno\u015bciach, jakie mo\u017cesz mie\u0107 z wid\u017cetem.<\/p>\n<div class=\"faq\" data-component=\"FAQ\">\n    <div class=\"faq-item\">\r\n\t\t\t\t\t<div class=\"faq-item-question\">\r\n\t\t\t\t\t\t<h3 class=\"faq-item-question-text\">Jak mog\u0119 osadzi\u0107 odtwarzacz radiowy w Shopify bez umiej\u0119tno\u015bci kodowania?<\/h3>\r\n\r\n\t\t\t\t\t\t<div class=\"faq-item-question-icon\"><\/div>\r\n\t\t\t\t\t<\/div>\r\n\r\n\t\t\t\t\t<div class=\"faq-item-answer\">\r\n\t\t\t\t\t\t<div class=\"faq-item-answer-text\">\n    <p>Elfsight oferuje rozwi\u0105zanie oparte na chmurze, kt\u00f3re umo\u017cliwia u\u017cytkownikom samodzielne utworzenie odtwarzacza radiowego dla Shopify. Sprawd\u017a, jak prosty mo\u017ce by\u0107 ten proces:<\/p>\n    <ul>\n        <li>Uzyskaj dost\u0119p do edytora online, aby wygenerowa\u0107 sekcj\u0119 Radio Player, kt\u00f3r\u0105 chcesz zintegrowa\u0107 ze swoim sklepem Shopify.<\/li>\n        <li>Wybierz jedn\u0105 z naszych wst\u0119pnie zaprojektowanych szablon\u00f3w i dostosuj ustawienia Odtwarzacza Radia, dostosowuj\u0105c uk\u0142ad i schemat kolor\u00f3w oraz w\u0142\u0105czaj\u0105c tre\u015bci bez konieczno\u015bci kodowania.<\/li>\n        <li>Zapisz ustawienia skonfigurowane dla Odtwarzacza Radia i uzyskaj kod do osadzenia, kt\u00f3ry mo\u017cna \u0142atwo i bezp\u0142atnie doda\u0107 do Twojego sklepu Shopify.<\/li>\n    <\/ul>\n    <p>Dzi\u0119ki pracy w przyjaznym dla u\u017cytkownika Edytorze ka\u017cdy u\u017cytkownik Internetu mo\u017ce utworzy\u0107 sekcj\u0119 Radio Player i osadzi\u0107 j\u0105 w ich sklepie Shopify. Aby uzyska\u0107 dost\u0119p do Edytora Elfsight, nie ma wymogu dokonywania p\u0142atno\u015bci ani ujawniania danych karty. Je\u015bli na kt\u00f3rymkolwiek etapie napotkasz jakiekolwiek trudno\u015bci, skontaktuj si\u0119 z naszym dzia\u0142em obs\u0142ugi klienta.<\/p>\n    <\/div>\r\n\t\t\t\t\t<\/div>\r\n\t\t\t\t<\/div>\n<\/div>","protected":false},"excerpt":{"rendered":"Jak osadzi\u0107 Radio Player w mojej witrynie Shopify? Wystarczy post\u0119powa\u0107 zgodnie z poni\u017cszymi wskaz\u00f3wkami, aby zainstalowa\u0107 aplikacj\u0119. Wykonaj nasz darmowy edytor i zacznij tworzy\u0107 niestandardow\u0105 aplikacj\u0119. Wybierz preferowany wygl\u0105d i parametry aplikacji oraz zapisz wszystkie poprawki. Wy\u015bwietl sw\u00f3j unikalny kod w oknie aplikacji Elfsight. Zaraz po zako\u0144czeniu generowania aplikacji skopiuj&#8230;","protected":false},"author":9,"featured_media":0,"parent":3418,"menu_order":0,"comment_status":"closed","ping_status":"closed","template":"templates\/template-application-platform.php","meta":{"publish_to_discourse":"","publish_post_category":"","wpdc_auto_publish_overridden":"","wpdc_topic_tags":"","wpdc_pin_topic":"","wpdc_pin_until":"","discourse_post_id":"","discourse_permalink":"","wpdc_publishing_response":"","wpdc_publishing_error":"","footnotes":""},"class_list":["post-6230","page","type-page","status-publish","hentry"],"yoast_head":"<!-- This site is optimized with the Yoast SEO plugin v25.3.1 - https:\/\/yoast.com\/wordpress\/plugins\/seo\/ -->\n<title>Elfsight Radio Player dla witryn Shopify (bezp\u0142atny i szybki)<\/title>\n<meta name=\"description\" content=\"Dodaj responsywn\u0105 aplikacj\u0119 Radio Player do swojej strony g\u0142\u00f3wnej. Skorzystaj z naszego podr\u0119cznego demo i zbuduj swoje narz\u0119dzie za pomoc\u0105 kilku klikni\u0119\u0107!\" \/>\n<meta name=\"robots\" content=\"index, follow, max-snippet:-1, max-image-preview:large, max-video-preview:-1\" \/>\n<link rel=\"canonical\" href=\"https:\/\/elfsight.com\/pl\/radio-player-widget\/shopify\/\" \/>\n<meta property=\"og:locale\" content=\"pl_PL\" \/>\n<meta property=\"og:type\" content=\"article\" \/>\n<meta property=\"og:title\" content=\"Elfsight Radio Player dla witryn Shopify (bezp\u0142atny i szybki)\" \/>\n<meta property=\"og:description\" content=\"Dodaj responsywn\u0105 aplikacj\u0119 Radio Player do swojej strony g\u0142\u00f3wnej. Skorzystaj z naszego podr\u0119cznego demo i zbuduj swoje narz\u0119dzie za pomoc\u0105 kilku klikni\u0119\u0107!\" \/>\n<meta property=\"og:url\" content=\"https:\/\/elfsight.com\/pl\/radio-player-widget\/shopify\/\" \/>\n<meta property=\"og:site_name\" content=\"Elfsight PL\" \/>\n<meta property=\"article:modified_time\" content=\"2025-06-23T12:48:19+00:00\" \/>\n<meta name=\"twitter:card\" content=\"summary_large_image\" \/>\n<meta name=\"twitter:label1\" content=\"Szacowany czas czytania\" \/>\n\t<meta name=\"twitter:data1\" content=\"3 minuty\" \/>\n<!-- \/ Yoast SEO plugin. -->","yoast_head_json":{"title":"Elfsight Radio Player dla witryn Shopify (bezp\u0142atny i szybki)","description":"Dodaj responsywn\u0105 aplikacj\u0119 Radio Player do swojej strony g\u0142\u00f3wnej. Skorzystaj z naszego podr\u0119cznego demo i zbuduj swoje narz\u0119dzie za pomoc\u0105 kilku klikni\u0119\u0107!","robots":{"index":"index","follow":"follow","max-snippet":"max-snippet:-1","max-image-preview":"max-image-preview:large","max-video-preview":"max-video-preview:-1"},"canonical":"https:\/\/elfsight.com\/pl\/radio-player-widget\/shopify\/","og_locale":"pl_PL","og_type":"article","og_title":"Elfsight Radio Player dla witryn Shopify (bezp\u0142atny i szybki)","og_description":"Dodaj responsywn\u0105 aplikacj\u0119 Radio Player do swojej strony g\u0142\u00f3wnej. Skorzystaj z naszego podr\u0119cznego demo i zbuduj swoje narz\u0119dzie za pomoc\u0105 kilku klikni\u0119\u0107!","og_url":"https:\/\/elfsight.com\/pl\/radio-player-widget\/shopify\/","og_site_name":"Elfsight PL","article_modified_time":"2025-06-23T12:48:19+00:00","twitter_card":"summary_large_image","twitter_misc":{"Szacowany czas czytania":"3 minuty"},"schema":{"@context":"https:\/\/schema.org","@graph":[{"@type":"WebPage","@id":"https:\/\/elfsight.com\/pl\/radio-player-widget\/shopify\/","url":"https:\/\/elfsight.com\/pl\/radio-player-widget\/shopify\/","name":"Elfsight Radio Player dla witryn Shopify (bezp\u0142atny i szybki)","isPartOf":{"@id":"https:\/\/elfsight.com\/pl\/#website"},"datePublished":"1970-01-01T00:00:00+00:00","dateModified":"2025-06-23T12:48:19+00:00","description":"Dodaj responsywn\u0105 aplikacj\u0119 Radio Player do swojej strony g\u0142\u00f3wnej. Skorzystaj z naszego podr\u0119cznego demo i zbuduj swoje narz\u0119dzie za pomoc\u0105 kilku klikni\u0119\u0107!","breadcrumb":{"@id":"https:\/\/elfsight.com\/pl\/radio-player-widget\/shopify\/#breadcrumb"},"inLanguage":"pl-PL","potentialAction":[{"@type":"ReadAction","target":["https:\/\/elfsight.com\/pl\/radio-player-widget\/shopify\/"]}]},{"@type":"BreadcrumbList","@id":"https:\/\/elfsight.com\/pl\/radio-player-widget\/shopify\/#breadcrumb","itemListElement":[{"@type":"ListItem","position":1,"name":"Home","item":"https:\/\/elfsight.com\/pl\/"},{"@type":"ListItem","position":2,"name":"Radio Player","item":"https:\/\/elfsight.com\/pl\/radio-player-widget\/"},{"@type":"ListItem","position":3,"name":"Radio Player &#8211; Shopify"}]},{"@type":"WebSite","@id":"https:\/\/elfsight.com\/pl\/#website","url":"https:\/\/elfsight.com\/pl\/","name":"Elfsight PL","description":"Just another Elfsight Sites site","potentialAction":[{"@type":"SearchAction","target":{"@type":"EntryPoint","urlTemplate":"https:\/\/elfsight.com\/pl\/?s={search_term_string}"},"query-input":{"@type":"PropertyValueSpecification","valueRequired":true,"valueName":"search_term_string"}}],"inLanguage":"pl-PL"}]}},"meta_box":{"industry":"","seo_heading":"","heading":"","description":"","cta_heading":"","cta_description":"","application":"3334","h1":"Aplikacja Shopify Radio Player","h1_caption":"Dodaj transmisj\u0119 radiow\u0105 na \u017cywo do swojej witryny za pomoc\u0105 konfigurowalnego odtwarzacza, kt\u00f3ry bez trudu dopasuje Twoj\u0105 mark\u0119 do Twojej witryny Shopify.","application_category":[],"applications_title":"","applications_request_title":"","applications_request_button_text":"","hero_text":"","hero_video":"","hero_video_schema_markup":"","selling_points_title":"","selling_points_caption":"","selling_points":[],"selling_points_cta_text":"","features_title":"","features":"","ed_cta_examples_text":"","ed_cta_examples_hidden":"","ed_cta_demo_text":"","ed_cta_demo_hidden":"","why_caption":"","why_editor_title":"","why_editor_text":"","why_team_title":"","why_team_text":"","why_service_title":"","why_service_text":"","template_catalog_visible":"0","template_catalog_title":"","template_catalog_text":"","template_catalog_categories_visible":"","demo_title":"Utw\u00f3rz aplikacj\u0119 Radio Player","demo_caption":"Skonfiguruj sw\u00f3j Radio Player i dodaj go do swojej witryny Shopify za darmo!","default_faq_hidden":"","app_template_category":[],"platform":"7580","template_public_id":"","codecanyon_url":"","codecanyon_item_id":"","codecanyon_price":"","pricing_caption":"","pricing_elfsight_apps_hide_column":"","pricing_elfsight_apps_url":"","pricing_codecanyon_price_caption":"","integration_category":[],"integration_request_title":"","integration_request_cta":"","integration_platform":"","integrations":[],"platform_category":[],"video_schema_markup":"","price":"od 0 USD \/ miesi\u0105c","trial":"","benefits":[{"text":"Bezp\u0142atna us\u0142uga monta\u017cu"},{"text":"Wsparcie premium"},{"text":"14-dniowa gwarancja zwrotu pieni\u0119dzy"}],"button_url":"#demo","button_target_blank":"0","button_nofollow":"0","attributes":[{"name":"Instaluje"},{"name":"Czu\u0142y"},{"name":"Kompatybilne przegl\u0105darki"}],"tags":[],"tags_disable_links":"0","hide_more_platforms":"0","video_object":"","demo_hide_cta":"0","demo_hide_cloud_options":"0","pricing_title":"","pricing":[{"pricing_icon":"cloud","pricing_title":"Elfsight Apps","pricing_title_caption":"Wersja wieloplatformowa, kt\u00f3ra dzia\u0142a na ka\u017cdej stronie internetowej","pricing_price":"od 0 USD \/ miesi\u0105c","pricing_price_caption":"zacznij od bezp\u0142atnego planu","pricing_benefits":[{"text":"Nielimitowane strony internetowe"},{"text":"Wsparcie premium"},{"text":"Bezp\u0142atna us\u0142uga monta\u017cu"},{"text":"Oferta specjalna na wiele aplikacji"}],"pricing_button_text":"Dodaj do witryny","pricing_button_url":"#demo"}],"related_apps_title":"","related_apps_hidden":"0","author":"","image":[],"title":"","job":"","social_networks":[]},"_links":{"self":[{"href":"https:\/\/elfsight.com\/pl\/wp-json\/wp\/v2\/pages\/6230","targetHints":{"allow":["GET"]}}],"collection":[{"href":"https:\/\/elfsight.com\/pl\/wp-json\/wp\/v2\/pages"}],"about":[{"href":"https:\/\/elfsight.com\/pl\/wp-json\/wp\/v2\/types\/page"}],"author":[{"embeddable":true,"href":"https:\/\/elfsight.com\/pl\/wp-json\/wp\/v2\/users\/9"}],"replies":[{"embeddable":true,"href":"https:\/\/elfsight.com\/pl\/wp-json\/wp\/v2\/comments?post=6230"}],"version-history":[{"count":3,"href":"https:\/\/elfsight.com\/pl\/wp-json\/wp\/v2\/pages\/6230\/revisions"}],"predecessor-version":[{"id":10386,"href":"https:\/\/elfsight.com\/pl\/wp-json\/wp\/v2\/pages\/6230\/revisions\/10386"}],"up":[{"embeddable":true,"href":"https:\/\/elfsight.com\/pl\/wp-json\/wp\/v2\/pages\/3418"}],"wp:attachment":[{"href":"https:\/\/elfsight.com\/pl\/wp-json\/wp\/v2\/media?parent=6230"}],"curies":[{"name":"wp","href":"https:\/\/api.w.org\/{rel}","templated":true}]}}