{"id":6229,"date":"2024-05-03T06:45:40","date_gmt":"2024-05-03T06:45:40","guid":{"rendered":"https:\/\/elfsight.com\/pl\/?page_id=6229"},"modified":"2025-06-23T12:50:13","modified_gmt":"2025-06-23T12:50:13","slug":"squarespace","status":"publish","type":"page","link":"https:\/\/elfsight.com\/pl\/radio-player-widget\/squarespace\/","title":{"rendered":"Radio Player &#8211; Squarespace"},"content":{"rendered":"<div class=\"application-platform-content-item-description application-platform-content-item\" id=\"description\" data-nav-section=\"description\">\n<h2>Osad\u017a Radio Player na Squarespace za pomoc\u0105 wid\u017cetu Elfsight<\/h2>\n<p>Elfsight Radio to prosta wtyczka umo\u017cliwiaj\u0105ca strumieniowe przesy\u0142anie stacji radiowych na stronach Twojej witryny. Widget jest niezwykle konfigurowalny: mo\u017cesz zmieni\u0107 jego po\u0142o\u017cenie, ustawi\u0107 go w dowolnym miejscu strony, zmieni\u0107 jego rozmiar, na\u0142o\u017cy\u0107 na t\u0142o i inne elementy, aby po\u0142\u0105czy\u0107 go z projektem witryny, u\u017cy\u0107 ciemnego motywu, pokaza\u0107 obrazy i zademonstrowa\u0107 lub ukry\u0107 trzy dodatkowe szczeg\u00f3\u0142y gracza, takie jak nag\u0142\u00f3wek, status i inne. Uwzgl\u0119dnij tyle stacji, ile potrzebujesz, aby zachwyci\u0107 u\u017cytkownik\u00f3w, w\u0142\u0105cz autoodtwarzanie i miej pewno\u015b\u0107, \u017ce odwiedzaj\u0105cy nie opuszcz\u0105 Twojej strony w po\u015bpiechu!<\/p>\n<p>Wyposa\u017c odwiedzaj\u0105cych w nowe \u017ar\u00f3d\u0142o przydatnych i interesuj\u0105cych tre\u015bci za pomoc\u0105 Elfsight Radio Player.<\/p>\n<\/div>\n\n<div class=\"application-platform-content-item-features application-platform-content-item\" id=\"features\" data-nav-section=\"features\">\n<h2>To tylko kilka r\u00f3\u017cnych funkcji wtyczki:<\/h2>\n<ul>\n    <li>Liczne zmiany kolor\u00f3w;<\/li>\n    <li>Schemat kolor\u00f3w ciemny\/jasny;<\/li>\n    <li>Dost\u0119pne dwa uk\u0142ady;<\/li>\n    <li>Mo\u017cliwo\u015b\u0107 dodania obrazu t\u0142a;<\/li>\n    <li>Dostosuj nieograniczon\u0105 liczb\u0119 stacji.<\/li>\n<\/ul>\n<p><a href=\"#demo\">Mo\u017cesz wypr\u00f3bowa\u0107 pe\u0142n\u0105 funkcjonalno\u015b\u0107 wtyczki w wersji demonstracyjnej na tej stronie<\/a><\/p>\n<\/div>\n\n<div class=\"application-platform-content-item-installation application-platform-content-item\" id=\"installation\" data-nav-section=\"installation\"><\/div>\n<h2>Jak doda\u0107 Radio Player do mojej witryny Squarespace?<\/h2>\n<div class=\"video-container\"><iframe width=\"720\" height=\"405\" src=\"https:\/\/www.youtube.com\/embed\/Ng7k1VrE4Fg\" frameborder=\"0\" allowfullscreen=\"\"><\/iframe><\/div>\n<p>Wystarczy post\u0119powa\u0107 zgodnie z poni\u017cszymi instrukcjami, aby zintegrowa\u0107 wtyczk\u0119.<\/p>\n<ol>\n    <li>Skorzystaj z naszego bezp\u0142atnego konfiguratora i zacznij tworzy\u0107 w\u0142asn\u0105 wtyczk\u0119.\n        <br>Okre\u015bl preferowany wygl\u0105d i specyfikacje wid\u017cetu i zapisz zmiany.<\/li>\n    <li>Odbierz indywidualny kod, kt\u00f3ry pojawi si\u0119 w polu aplikacji Elfsight.\n        <br>Po zako\u0144czeniu generowania osobistego wid\u017cetu skopiuj indywidualny kod z wy\u015bwietlonego okna i zachowaj go na p\u00f3\u017aniej.<\/li>\n    <li>Rozpocznij korzystanie z wtyczki na swojej stronie internetowej Squarespace.\n        <br>Dodaj zapisany wcze\u015bniej kod do swojej strony internetowej i zastosuj ulepszenia.<\/li>\n    <li>Instalacja zosta\u0142a pomy\u015blnie zako\u0144czona.\n        <br>Przejd\u017a do swojej strony internetowej, aby sprawdzi\u0107 dzia\u0142anie wtyczki.<\/li>\n<\/ol>\n<p>Je\u015bli masz jakie\u015b przeszkody, nie b\u00f3j si\u0119 skontaktuj si\u0119 z naszym personelem obs\u0142ugi klienta. Nasi konsultanci z przyjemno\u015bci\u0105 rozwi\u0105\u017c\u0105 wszystkie problemy, jakie mo\u017cesz mie\u0107 z produktem.<\/p>\n<div class=\"faq\" data-component=\"FAQ\">\n    <div class=\"faq-item\">\r\n\t\t\t\t\t<div class=\"faq-item-question\">\r\n\t\t\t\t\t\t<h3 class=\"faq-item-question-text\">Jak mog\u0119 osadzi\u0107 wtyczk\u0119 Radio Player na mojej stronie internetowej Squarespace?<\/h3>\r\n\r\n\t\t\t\t\t\t<div class=\"faq-item-question-icon\"><\/div>\r\n\t\t\t\t\t<\/div>\r\n\r\n\t\t\t\t\t<div class=\"faq-item-answer\">\r\n\t\t\t\t\t\t<div class=\"faq-item-answer-text\">\n    <p>Mo\u017cesz zintegrowa\u0107 wtyczk\u0119 Radio Player do swojej witryny Squarespace, aby umo\u017cliwi\u0107 u\u017cytkownikom s\u0142uchanie audycji radiowych. Po prostu przejd\u017a do panelu administracyjnego i wykonaj nast\u0119puj\u0105ce kroki:<\/p>\n    <ol>\n        <li>Uzyskaj dost\u0119p do ustawie\u0144 motywu.<\/li>\n        <li>Wybierz sekcj\u0119 w witrynie Squarespace, do kt\u00f3rej chcesz doda\u0107 odtwarzacz radiowy.<\/li>\n        <li>Wstaw kod z us\u0142ugi Elfsight Apps i zapisz zmiany.<\/li>\n        <li>Wszystko gotowe.<\/li>\n    <\/ol>\n    <\/div>\r\n\t\t\t\t\t<\/div>\r\n\t\t\t\t<\/div>\n<\/div>","protected":false},"excerpt":{"rendered":"Jak doda\u0107 Radio Player do mojej witryny Squarespace? Wystarczy post\u0119powa\u0107 zgodnie z poni\u017cszymi instrukcjami, aby zintegrowa\u0107 wtyczk\u0119. Skorzystaj z naszego bezp\u0142atnego konfiguratora i zacznij tworzy\u0107 w\u0142asn\u0105 wtyczk\u0119. Okre\u015bl preferowany wygl\u0105d i specyfikacje wid\u017cetu i zapisz zmiany. Odbierz indywidualny kod, kt\u00f3ry pojawi si\u0119 w polu aplikacji Elfsight. Po zako\u0144czeniu generowania osobistego&#8230;","protected":false},"author":9,"featured_media":0,"parent":3418,"menu_order":0,"comment_status":"closed","ping_status":"closed","template":"templates\/template-application-platform.php","meta":{"publish_to_discourse":"","publish_post_category":"","wpdc_auto_publish_overridden":"","wpdc_topic_tags":"","wpdc_pin_topic":"","wpdc_pin_until":"","discourse_post_id":"","discourse_permalink":"","wpdc_publishing_response":"","wpdc_publishing_error":"","footnotes":""},"class_list":["post-6229","page","type-page","status-publish","hentry"],"yoast_head":"<!-- This site is optimized with the Yoast SEO plugin v25.3.1 - https:\/\/yoast.com\/wordpress\/plugins\/seo\/ -->\n<title>Wtyczka Elfsight Radio Player dla witryn Squarespace (bezp\u0142atna i szybka)<\/title>\n<meta name=\"description\" content=\"Zaimplementuj responsywn\u0105 wtyczk\u0119 Radio Player na swojej stronie. Skorzystaj z naszego praktycznego demo i zbuduj swoj\u0105 wtyczk\u0119 bez wysi\u0142ku!\" \/>\n<meta name=\"robots\" content=\"index, follow, max-snippet:-1, max-image-preview:large, max-video-preview:-1\" \/>\n<link rel=\"canonical\" href=\"https:\/\/elfsight.com\/pl\/radio-player-widget\/squarespace\/\" \/>\n<meta property=\"og:locale\" content=\"pl_PL\" \/>\n<meta property=\"og:type\" content=\"article\" \/>\n<meta property=\"og:title\" content=\"Wtyczka Elfsight Radio Player dla witryn Squarespace (bezp\u0142atna i szybka)\" \/>\n<meta property=\"og:description\" content=\"Zaimplementuj responsywn\u0105 wtyczk\u0119 Radio Player na swojej stronie. Skorzystaj z naszego praktycznego demo i zbuduj swoj\u0105 wtyczk\u0119 bez wysi\u0142ku!\" \/>\n<meta property=\"og:url\" content=\"https:\/\/elfsight.com\/pl\/radio-player-widget\/squarespace\/\" \/>\n<meta property=\"og:site_name\" content=\"Elfsight PL\" \/>\n<meta property=\"article:modified_time\" content=\"2025-06-23T12:50:13+00:00\" \/>\n<meta name=\"twitter:card\" content=\"summary_large_image\" \/>\n<meta name=\"twitter:label1\" content=\"Szacowany czas czytania\" \/>\n\t<meta name=\"twitter:data1\" content=\"3 minuty\" \/>\n<!-- \/ Yoast SEO plugin. -->","yoast_head_json":{"title":"Wtyczka Elfsight Radio Player dla witryn Squarespace (bezp\u0142atna i szybka)","description":"Zaimplementuj responsywn\u0105 wtyczk\u0119 Radio Player na swojej stronie. Skorzystaj z naszego praktycznego demo i zbuduj swoj\u0105 wtyczk\u0119 bez wysi\u0142ku!","robots":{"index":"index","follow":"follow","max-snippet":"max-snippet:-1","max-image-preview":"max-image-preview:large","max-video-preview":"max-video-preview:-1"},"canonical":"https:\/\/elfsight.com\/pl\/radio-player-widget\/squarespace\/","og_locale":"pl_PL","og_type":"article","og_title":"Wtyczka Elfsight Radio Player dla witryn Squarespace (bezp\u0142atna i szybka)","og_description":"Zaimplementuj responsywn\u0105 wtyczk\u0119 Radio Player na swojej stronie. Skorzystaj z naszego praktycznego demo i zbuduj swoj\u0105 wtyczk\u0119 bez wysi\u0142ku!","og_url":"https:\/\/elfsight.com\/pl\/radio-player-widget\/squarespace\/","og_site_name":"Elfsight PL","article_modified_time":"2025-06-23T12:50:13+00:00","twitter_card":"summary_large_image","twitter_misc":{"Szacowany czas czytania":"3 minuty"},"schema":{"@context":"https:\/\/schema.org","@graph":[{"@type":"WebPage","@id":"https:\/\/elfsight.com\/pl\/radio-player-widget\/squarespace\/","url":"https:\/\/elfsight.com\/pl\/radio-player-widget\/squarespace\/","name":"Wtyczka Elfsight Radio Player dla witryn Squarespace (bezp\u0142atna i szybka)","isPartOf":{"@id":"https:\/\/elfsight.com\/pl\/#website"},"datePublished":"2024-05-03T06:45:40+00:00","dateModified":"2025-06-23T12:50:13+00:00","description":"Zaimplementuj responsywn\u0105 wtyczk\u0119 Radio Player na swojej stronie. Skorzystaj z naszego praktycznego demo i zbuduj swoj\u0105 wtyczk\u0119 bez wysi\u0142ku!","breadcrumb":{"@id":"https:\/\/elfsight.com\/pl\/radio-player-widget\/squarespace\/#breadcrumb"},"inLanguage":"pl-PL","potentialAction":[{"@type":"ReadAction","target":["https:\/\/elfsight.com\/pl\/radio-player-widget\/squarespace\/"]}]},{"@type":"BreadcrumbList","@id":"https:\/\/elfsight.com\/pl\/radio-player-widget\/squarespace\/#breadcrumb","itemListElement":[{"@type":"ListItem","position":1,"name":"Home","item":"https:\/\/elfsight.com\/pl\/"},{"@type":"ListItem","position":2,"name":"Radio Player","item":"https:\/\/elfsight.com\/pl\/radio-player-widget\/"},{"@type":"ListItem","position":3,"name":"Radio Player &#8211; Squarespace"}]},{"@type":"WebSite","@id":"https:\/\/elfsight.com\/pl\/#website","url":"https:\/\/elfsight.com\/pl\/","name":"Elfsight PL","description":"Just another Elfsight Sites site","potentialAction":[{"@type":"SearchAction","target":{"@type":"EntryPoint","urlTemplate":"https:\/\/elfsight.com\/pl\/?s={search_term_string}"},"query-input":{"@type":"PropertyValueSpecification","valueRequired":true,"valueName":"search_term_string"}}],"inLanguage":"pl-PL"}]}},"meta_box":{"industry":"","seo_heading":"","heading":"","description":"","cta_heading":"","cta_description":"","application":"3334","h1":"Wtyczka Squarespace Radio Player","h1_caption":"Dodaj transmisj\u0119 radiow\u0105 na \u017cywo do swojej witryny za pomoc\u0105 konfigurowalnego odtwarzacza, kt\u00f3ry bez trudu dopasuje Twoj\u0105 mark\u0119 do Twojej witryny Squarespace.","application_category":[],"applications_title":"","applications_request_title":"","applications_request_button_text":"","hero_text":"","hero_video":"","hero_video_schema_markup":"","selling_points_title":"","selling_points_caption":"","selling_points":[],"selling_points_cta_text":"","features_title":"","features":"","ed_cta_examples_text":"","ed_cta_examples_hidden":"","ed_cta_demo_text":"","ed_cta_demo_hidden":"","why_caption":"","why_editor_title":"","why_editor_text":"","why_team_title":"","why_team_text":"","why_service_title":"","why_service_text":"","template_catalog_visible":"0","template_catalog_title":"","template_catalog_text":"","template_catalog_categories_visible":"","demo_title":"Utw\u00f3rz wtyczk\u0119 Radio Player","demo_caption":"Skonfiguruj sw\u00f3j odtwarzacz radiowy i dodaj go do swojej witryny Squarespace za darmo!","default_faq_hidden":"","app_template_category":[],"platform":"7588","template_public_id":"","codecanyon_url":"","codecanyon_item_id":"","codecanyon_price":"","pricing_caption":"","pricing_elfsight_apps_hide_column":"","pricing_elfsight_apps_url":"","pricing_codecanyon_price_caption":"","integration_category":[],"integration_request_title":"","integration_request_cta":"","integration_platform":"","integrations":[],"platform_category":[],"video_schema_markup":"","price":"od 0 USD \/ miesi\u0105c","trial":"","benefits":[{"text":"Bezp\u0142atna us\u0142uga monta\u017cu"},{"text":"Do\u015bwiadczona obs\u0142uga klienta"},{"text":"14-dniowa gwarancja zwrotu pieni\u0119dzy"}],"button_url":"#demo","button_target_blank":"0","button_nofollow":"0","attributes":[{"name":"Instaluje"},{"name":"Czu\u0142y"},{"name":"Kompatybilne przegl\u0105darki"}],"tags":[],"tags_disable_links":"0","hide_more_platforms":"0","video_object":"","demo_hide_cta":"0","demo_hide_cloud_options":"0","pricing_title":"","pricing":[{"pricing_icon":"platform","pricing_title":"Elfsight Apps","pricing_title_caption":"Wersja wieloplatformowa, kt\u00f3ra dzia\u0142a na ka\u017cdej stronie internetowej","pricing_price":"od 0 USD \/ miesi\u0105c","pricing_price_caption":"zacznij od bezp\u0142atnego planu","pricing_benefits":[{"text":"Nielimitowane strony internetowe"},{"text":"Profesjonalna i terminowa pomoc oraz dobrze udokumentowana"},{"text":"Bezp\u0142atne wsparcie instalacyjne"},{"text":"100% konfigurowalny"}],"pricing_button_text":"Dodaj do witryny","pricing_button_url":"#demo"}],"related_apps_title":"","related_apps_hidden":"0","author":"","image":[],"title":"","job":"","social_networks":[]},"_links":{"self":[{"href":"https:\/\/elfsight.com\/pl\/wp-json\/wp\/v2\/pages\/6229","targetHints":{"allow":["GET"]}}],"collection":[{"href":"https:\/\/elfsight.com\/pl\/wp-json\/wp\/v2\/pages"}],"about":[{"href":"https:\/\/elfsight.com\/pl\/wp-json\/wp\/v2\/types\/page"}],"author":[{"embeddable":true,"href":"https:\/\/elfsight.com\/pl\/wp-json\/wp\/v2\/users\/9"}],"replies":[{"embeddable":true,"href":"https:\/\/elfsight.com\/pl\/wp-json\/wp\/v2\/comments?post=6229"}],"version-history":[{"count":3,"href":"https:\/\/elfsight.com\/pl\/wp-json\/wp\/v2\/pages\/6229\/revisions"}],"predecessor-version":[{"id":10387,"href":"https:\/\/elfsight.com\/pl\/wp-json\/wp\/v2\/pages\/6229\/revisions\/10387"}],"up":[{"embeddable":true,"href":"https:\/\/elfsight.com\/pl\/wp-json\/wp\/v2\/pages\/3418"}],"wp:attachment":[{"href":"https:\/\/elfsight.com\/pl\/wp-json\/wp\/v2\/media?parent=6229"}],"curies":[{"name":"wp","href":"https:\/\/api.w.org\/{rel}","templated":true}]}}