{"id":6224,"date":"1970-01-01T00:00:00","date_gmt":"1970-01-01T00:00:00","guid":{"rendered":"https:\/\/elfsight.com\/pl\/?page_id=6224"},"modified":"2025-06-23T12:51:14","modified_gmt":"2025-06-23T12:51:14","slug":"webflow","status":"publish","type":"page","link":"https:\/\/elfsight.com\/pl\/radio-player-widget\/webflow\/","title":{"rendered":"Radio Player &#8211; Webflow"},"content":{"rendered":"<div class=\"application-platform-content-item-description application-platform-content-item\" id=\"description\" data-nav-section=\"description\">\n<h2>Osad\u017a Radio Player w Webflow za pomoc\u0105 wid\u017cetu Elfsight<\/h2>\n<p>Wid\u017cet Elfsight Radio to proste narz\u0119dzie umo\u017cliwiaj\u0105ce strumieniowe przesy\u0142anie stacji radiowych na stronach Twojej witryny. Wtyczka jest niezwykle elastyczna: mo\u017cesz zmieni\u0107 jej po\u0142o\u017cenie, ustawi\u0107 j\u0105 w dowolnym miejscu na stronie, zmieni\u0107 jej rozmiar, na\u0142o\u017cy\u0107 t\u0142o i inne cz\u0119\u015bci, aby dopasowa\u0107 j\u0105 do projektu witryny, zastosowa\u0107 ciemn\u0105 kolorystyk\u0119, ods\u0142oni\u0107 obrazy i pokaza\u0107 lub ukry\u0107 3 dodatkowe elementy odtwarzacza, takie jak nag\u0142\u00f3wek, status i inne. Mo\u017cesz przes\u0142a\u0107 dowoln\u0105 liczb\u0119 stacji, ilu chcesz zaanga\u017cowa\u0107 odbiorc\u00f3w, w\u0142\u0105czy\u0107 opcj\u0119 autoodtwarzania i mie\u0107 pewno\u015b\u0107, \u017ce odwiedzaj\u0105cy nie opuszcz\u0105 Twojej witryny natychmiast!<\/p>\n<p><b>Udost\u0119pnij odwiedzaj\u0105cym zupe\u0142nie nowe \u017ar\u00f3d\u0142o przydatnych i interesuj\u0105cych tre\u015bci dzi\u0119ki Radio Player.<\/b><\/p>\n<\/div>\n\n<div class=\"application-platform-content-item-features application-platform-content-item\" id=\"features\" data-nav-section=\"features\">\n<h2>Widget zawiera przydatne i szybkie funkcje, zobacz niekt\u00f3re z nich:<\/h2>\n<ul>\n    <li>R\u00f3\u017cne warianty kolorystyczne;<\/li>\n    <li>Motyw ciemnego\/jasnego koloru;<\/li>\n    <li>Dost\u0119pne s\u0105 dwa uk\u0142ady;<\/li>\n    <li>Opcja dodania obrazu t\u0142a;<\/li>\n    <li>Nieograniczona liczba stacji.<\/li>\n<\/ul>\n<p><a href=\"#demo\">Mo\u017cesz sprawdzi\u0107, jak dzia\u0142a widget, wypr\u00f3bowuj\u0105c wersj\u0119 demonstracyjn\u0105<\/a><\/p>\n<\/div>\n\n<div class=\"application-platform-content-item-installation application-platform-content-item\" id=\"installation\" data-nav-section=\"installation\">\n<h2>Jak mog\u0119 osadzi\u0107 Radio Player w mojej witrynie Webflow?<\/h2>\n<div class=\"video-container\"><iframe width=\"720\" height=\"405\" src=\"https:\/\/www.youtube.com\/embed\/SN1x_pYrglc\" frameborder=\"0\" allowfullscreen=\"\"><\/iframe><\/div>\n<p>Wystarczy zastosowa\u0107 si\u0119 do poni\u017cszych instrukcji, aby wstawi\u0107 narz\u0119dzie.<\/p>\n<ol>\n    <li><b>Skorzystaj z naszego bezp\u0142atnego konfiguratora i zacznij tworzy\u0107 sw\u00f3j spersonalizowany widget.<\/b><br>Okre\u015bl preferowany uk\u0142ad i specyfikacje wtyczki oraz zapisz zmiany.<\/li>\n    <li><b>Poka\u017c sw\u00f3j unikalny kod w oknie aplikacji Elfsight.<\/b><br>Zaraz po zako\u0144czeniu dostosowywania Twojego osobistego narz\u0119dzia skopiuj ekskluzywny kod z wy\u015bwietlonego wyskakuj\u0105cego okienka i zachowaj go na dalsze potrzeby.<\/li>\n    <li><b>Rozpocznij stosowanie wid\u017cetu na swojej witrynie Webflow.<\/b><br>Umie\u015b\u0107 zapisany wcze\u015bniej kod na swojej stronie internetowej i zapisz zmiany.<\/li>\n    <li><b>Instalacja zosta\u0142a w pe\u0142ni przeprowadzona.<\/b><br>Odwied\u017a swoj\u0105 witryn\u0119, aby sprawdzi\u0107 dzia\u0142anie wtyczki.<\/li>\n<\/ol>\n<p>Pod warunkiem masz pytania lub napotkasz jakiekolwiek problemy, bez wahania skontaktuj si\u0119 z naszym zespo\u0142em wsparcia. Nasi konsultanci ch\u0119tnie odpowiedz\u0105 na wszystkie Twoje pytania dotycz\u0105ce wid\u017cetu.<\/p>\n<div class=\"faq\" data-component=\"FAQ\">\n    <div class=\"faq-item\">\r\n\t\t\t\t\t<div class=\"faq-item-question\">\r\n\t\t\t\t\t\t<h3 class=\"faq-item-question-text\">Jak mog\u0119 osadzi\u0107 wid\u017cet Radio Player w mojej witrynie Webflow bez umiej\u0119tno\u015bci kodowania?<\/h3>\r\n\r\n\t\t\t\t\t\t<div class=\"faq-item-question-icon\"><\/div>\r\n\t\t\t\t\t<\/div>\r\n\r\n\t\t\t\t\t<div class=\"faq-item-answer\">\r\n\t\t\t\t\t\t<div class=\"faq-item-answer-text\">\n    <p>Elfsight zapewnia rozwi\u0105zanie oparte na chmurze, kt\u00f3re umo\u017cliwia u\u017cytkownikom samodzielne tworzenie wid\u017cetu Odtwarzacza Radia. Zobacz, jak prosty jest ten proces:<\/p>\n    <ul>\n        <li>Uzyskaj dost\u0119p do edytora online, aby wygenerowa\u0107 sekcj\u0119 wid\u017cetu Odtwarzacza Radia, kt\u00f3r\u0105 chcesz zintegrowa\u0107 si\u0119 ze swoj\u0105 witryn\u0105 Webflow.<\/li>\n        <li>Wybierz jeden z naszych wst\u0119pnie zaprojektowanych szablon\u00f3w i dostosuj ustawienia wid\u017cetu Radio Player, zmodyfikuj uk\u0142ad i schemat kolor\u00f3w, do\u0142\u0105cz swoj\u0105 tre\u015b\u0107 bez konieczno\u015bci kodowania.<\/li>\n        <li>Zapisz ustawienia skonfigurowane dla wid\u017cetu Radio Player i uzyskaj kod do osadzenia wid\u017cetu, kt\u00f3ry mo\u017cna \u0142atwo i bezp\u0142atnie doda\u0107 do witryny Webflow.<\/li>\n    <\/ul>\n    <p>Pracuj\u0105c w przyjaznym dla u\u017cytkownika Edytorze, ka\u017cdy internauta mo\u017ce stworzy\u0107 sekcj\u0119 wid\u017cetu Radio Player i osadzi\u0107 j\u0105 na swojej stronie internetowej Webflow. Aby uzyska\u0107 dost\u0119p do Edytora Elfsight, nie jest wymagana \u017cadna p\u0142atno\u015b\u0107 ani ujawnianie danych karty. Je\u015bli na kt\u00f3rymkolwiek etapie napotkasz jakiekolwiek trudno\u015bci, skontaktuj si\u0119 z naszym dzia\u0142em obs\u0142ugi klienta.<\/p>\n    <\/div>\r\n\t\t\t\t\t<\/div>\r\n\t\t\t\t<\/div>\n<\/div>\n<\/div>","protected":false},"excerpt":{"rendered":"","protected":false},"author":9,"featured_media":0,"parent":3418,"menu_order":0,"comment_status":"closed","ping_status":"closed","template":"templates\/template-application-platform.php","meta":{"publish_to_discourse":"","publish_post_category":"","wpdc_auto_publish_overridden":"","wpdc_topic_tags":"","wpdc_pin_topic":"","wpdc_pin_until":"","discourse_post_id":"","discourse_permalink":"","wpdc_publishing_response":"","wpdc_publishing_error":"","footnotes":""},"class_list":["post-6224","page","type-page","status-publish","hentry"],"yoast_head":"<!-- This site is optimized with the Yoast SEO plugin v25.3.1 - https:\/\/yoast.com\/wordpress\/plugins\/seo\/ -->\n<title>Elfsight Radio Player dla witryny internetowej Webflow (bezp\u0142atny i \u0142atwy do dodania)<\/title>\n<meta name=\"description\" content=\"Zaimplementuj responsywny widget Radio Player na swojej stronie g\u0142\u00f3wnej. Skorzystaj z naszego praktycznego demo i zbuduj go kilkoma klikni\u0119ciami!\" \/>\n<meta name=\"robots\" content=\"index, follow, max-snippet:-1, max-image-preview:large, max-video-preview:-1\" \/>\n<link rel=\"canonical\" href=\"https:\/\/elfsight.com\/pl\/radio-player-widget\/webflow\/\" \/>\n<meta property=\"og:locale\" content=\"pl_PL\" \/>\n<meta property=\"og:type\" content=\"article\" \/>\n<meta property=\"og:title\" content=\"Elfsight Radio Player dla witryny internetowej Webflow (bezp\u0142atny i \u0142atwy do dodania)\" \/>\n<meta property=\"og:description\" content=\"Zaimplementuj responsywny widget Radio Player na swojej stronie g\u0142\u00f3wnej. Skorzystaj z naszego praktycznego demo i zbuduj go kilkoma klikni\u0119ciami!\" \/>\n<meta property=\"og:url\" content=\"https:\/\/elfsight.com\/pl\/radio-player-widget\/webflow\/\" \/>\n<meta property=\"og:site_name\" content=\"Elfsight PL\" \/>\n<meta property=\"article:modified_time\" content=\"2025-06-23T12:51:14+00:00\" \/>\n<meta name=\"twitter:card\" content=\"summary_large_image\" \/>\n<meta name=\"twitter:label1\" content=\"Szacowany czas czytania\" \/>\n\t<meta name=\"twitter:data1\" content=\"3 minuty\" \/>\n<!-- \/ Yoast SEO plugin. -->","yoast_head_json":{"title":"Elfsight Radio Player dla witryny internetowej Webflow (bezp\u0142atny i \u0142atwy do dodania)","description":"Zaimplementuj responsywny widget Radio Player na swojej stronie g\u0142\u00f3wnej. Skorzystaj z naszego praktycznego demo i zbuduj go kilkoma klikni\u0119ciami!","robots":{"index":"index","follow":"follow","max-snippet":"max-snippet:-1","max-image-preview":"max-image-preview:large","max-video-preview":"max-video-preview:-1"},"canonical":"https:\/\/elfsight.com\/pl\/radio-player-widget\/webflow\/","og_locale":"pl_PL","og_type":"article","og_title":"Elfsight Radio Player dla witryny internetowej Webflow (bezp\u0142atny i \u0142atwy do dodania)","og_description":"Zaimplementuj responsywny widget Radio Player na swojej stronie g\u0142\u00f3wnej. Skorzystaj z naszego praktycznego demo i zbuduj go kilkoma klikni\u0119ciami!","og_url":"https:\/\/elfsight.com\/pl\/radio-player-widget\/webflow\/","og_site_name":"Elfsight PL","article_modified_time":"2025-06-23T12:51:14+00:00","twitter_card":"summary_large_image","twitter_misc":{"Szacowany czas czytania":"3 minuty"},"schema":{"@context":"https:\/\/schema.org","@graph":[{"@type":"WebPage","@id":"https:\/\/elfsight.com\/pl\/radio-player-widget\/webflow\/","url":"https:\/\/elfsight.com\/pl\/radio-player-widget\/webflow\/","name":"Elfsight Radio Player dla witryny internetowej Webflow (bezp\u0142atny i \u0142atwy do dodania)","isPartOf":{"@id":"https:\/\/elfsight.com\/pl\/#website"},"datePublished":"1970-01-01T00:00:00+00:00","dateModified":"2025-06-23T12:51:14+00:00","description":"Zaimplementuj responsywny widget Radio Player na swojej stronie g\u0142\u00f3wnej. Skorzystaj z naszego praktycznego demo i zbuduj go kilkoma klikni\u0119ciami!","breadcrumb":{"@id":"https:\/\/elfsight.com\/pl\/radio-player-widget\/webflow\/#breadcrumb"},"inLanguage":"pl-PL","potentialAction":[{"@type":"ReadAction","target":["https:\/\/elfsight.com\/pl\/radio-player-widget\/webflow\/"]}]},{"@type":"BreadcrumbList","@id":"https:\/\/elfsight.com\/pl\/radio-player-widget\/webflow\/#breadcrumb","itemListElement":[{"@type":"ListItem","position":1,"name":"Home","item":"https:\/\/elfsight.com\/pl\/"},{"@type":"ListItem","position":2,"name":"Radio Player","item":"https:\/\/elfsight.com\/pl\/radio-player-widget\/"},{"@type":"ListItem","position":3,"name":"Radio Player &#8211; Webflow"}]},{"@type":"WebSite","@id":"https:\/\/elfsight.com\/pl\/#website","url":"https:\/\/elfsight.com\/pl\/","name":"Elfsight PL","description":"Just another Elfsight Sites site","potentialAction":[{"@type":"SearchAction","target":{"@type":"EntryPoint","urlTemplate":"https:\/\/elfsight.com\/pl\/?s={search_term_string}"},"query-input":{"@type":"PropertyValueSpecification","valueRequired":true,"valueName":"search_term_string"}}],"inLanguage":"pl-PL"}]}},"meta_box":{"industry":"","seo_heading":"","heading":"","description":"","cta_heading":"","cta_description":"","application":"3334","h1":"Wid\u017cet odtwarzacza radia Webflow","h1_caption":"Dodaj transmisj\u0119 radiow\u0105 na \u017cywo do swojej witryny internetowej za pomoc\u0105 konfigurowalnego odtwarzacza, kt\u00f3ry bez trudu dopasuje Twoj\u0105 mark\u0119 do witryny Webflow.","application_category":[],"applications_title":"","applications_request_title":"","applications_request_button_text":"","hero_text":"","hero_video":"","hero_video_schema_markup":"","selling_points_title":"","selling_points_caption":"","selling_points":[],"selling_points_cta_text":"","features_title":"","features":"","ed_cta_examples_text":"","ed_cta_examples_hidden":"","ed_cta_demo_text":"","ed_cta_demo_hidden":"","why_caption":"","why_editor_title":"","why_editor_text":"","why_team_title":"","why_team_text":"","why_service_title":"","why_service_text":"","template_catalog_visible":"0","template_catalog_title":"","template_catalog_text":"","template_catalog_categories_visible":"","demo_title":"Utw\u00f3rz wid\u017cet odtwarzacza radia","demo_caption":"Skonfiguruj sw\u00f3j Radio Player i dodaj go za darmo do swojej witryny Webflow!","default_faq_hidden":"","app_template_category":[],"platform":"127","template_public_id":"","codecanyon_url":"","codecanyon_item_id":"","codecanyon_price":"","pricing_caption":"","pricing_elfsight_apps_hide_column":"","pricing_elfsight_apps_url":"","pricing_codecanyon_price_caption":"","integration_category":[],"integration_request_title":"","integration_request_cta":"","integration_platform":"","integrations":[],"platform_category":[],"video_schema_markup":"","price":"od 0 USD \/ miesi\u0105c","trial":"","benefits":[{"text":"Bezp\u0142atna pomoc w monta\u017cu"},{"text":"Wyj\u0105tkowe wsparcie"},{"text":"14-dniowa gwarancja zwrotu pieni\u0119dzy"}],"button_url":"#demo","button_target_blank":"0","button_nofollow":"0","attributes":[{"name":"Instaluje"},{"name":"Czu\u0142y"},{"name":"Kompatybilne przegl\u0105darki"}],"tags":[],"tags_disable_links":"0","hide_more_platforms":"0","video_object":"","demo_hide_cta":"0","demo_hide_cloud_options":"0","pricing_title":"","pricing":[{"pricing_icon":"platform","pricing_title":"Elfsight Apps","pricing_title_caption":"Niezale\u017cne od platformy rozwi\u0105zanie cyfrowe, kt\u00f3re pasuje do ka\u017cdej witryny","pricing_price":"od 0 USD \/ miesi\u0105c","pricing_price_caption":"zacznij od bezp\u0142atnego planu","pricing_benefits":[{"text":"Nielimitowane domeny"},{"text":"Dedykowana obs\u0142uga klienta"},{"text":"Bezp\u0142atna us\u0142uga monta\u017cu"},{"text":"Specjalna oferta na wiele aplikacji"}],"pricing_button_text":"Dodaj do witryny","pricing_button_url":"#demo"}],"related_apps_title":"","related_apps_hidden":"0","author":"","image":[],"title":"","job":"","social_networks":[]},"_links":{"self":[{"href":"https:\/\/elfsight.com\/pl\/wp-json\/wp\/v2\/pages\/6224","targetHints":{"allow":["GET"]}}],"collection":[{"href":"https:\/\/elfsight.com\/pl\/wp-json\/wp\/v2\/pages"}],"about":[{"href":"https:\/\/elfsight.com\/pl\/wp-json\/wp\/v2\/types\/page"}],"author":[{"embeddable":true,"href":"https:\/\/elfsight.com\/pl\/wp-json\/wp\/v2\/users\/9"}],"replies":[{"embeddable":true,"href":"https:\/\/elfsight.com\/pl\/wp-json\/wp\/v2\/comments?post=6224"}],"version-history":[{"count":3,"href":"https:\/\/elfsight.com\/pl\/wp-json\/wp\/v2\/pages\/6224\/revisions"}],"predecessor-version":[{"id":10388,"href":"https:\/\/elfsight.com\/pl\/wp-json\/wp\/v2\/pages\/6224\/revisions\/10388"}],"up":[{"embeddable":true,"href":"https:\/\/elfsight.com\/pl\/wp-json\/wp\/v2\/pages\/3418"}],"wp:attachment":[{"href":"https:\/\/elfsight.com\/pl\/wp-json\/wp\/v2\/media?parent=6224"}],"curies":[{"name":"wp","href":"https:\/\/api.w.org\/{rel}","templated":true}]}}