{"id":6223,"date":"1970-01-01T00:00:00","date_gmt":"1970-01-01T00:00:00","guid":{"rendered":"https:\/\/elfsight.com\/pl\/?page_id=6223"},"modified":"2025-06-23T12:52:29","modified_gmt":"2025-06-23T12:52:29","slug":"webnode","status":"publish","type":"page","link":"https:\/\/elfsight.com\/pl\/radio-player-widget\/webnode\/","title":{"rendered":"Radio Player &#8211; Webnode"},"content":{"rendered":"<div class=\"application-platform-content-item-description application-platform-content-item\" id=\"description\" data-nav-section=\"description\">\n<h2>Opis<\/h2>\n<p>Wid\u017cet **Elfsight Radio** to nieskomplikowany wid\u017cet umo\u017cliwiaj\u0105cy odtwarzanie stacji radiowych na stronach Twojej witryny. Wid\u017cet jest niezwykle modyfikowalny: mo\u017cesz zmieni\u0107 jego po\u0142o\u017cenie, wstawi\u0107 go w dowolnym miejscu strony, zmieni\u0107 jego rozmiar, przekolorowa\u0107 t\u0142o i wszystkie inne cz\u0119\u015bci, aby dopasowa\u0107 je do stylu witryny, zastosowa\u0107 ciemn\u0105 kolorystyk\u0119, pokaza\u0107 obrazy i zademonstrowa\u0107 lub ukrywa\u0107 trzy dodatkowe cz\u0119\u015bci odtwarzacza, takie jak nag\u0142\u00f3wek, status i inne. Dodaj tyle stacji, ile chcesz zapewni\u0107 rozrywk\u0119 u\u017cytkownikom, w\u0142\u0105cz autoodtwarzanie i nie wahaj si\u0119 \u2013 Twoi odbiorcy nie opuszcz\u0105 Twojej witryny w po\u015bpiechu!<\/p>\n<p>Zaprezentuj swoim u\u017cytkownikom nowe \u017ar\u00f3d\u0142o przydatnych i wci\u0105gaj\u0105cych tre\u015bci za pomoc\u0105 odtwarzacza Elfsight Radio Player.<\/p>\n<\/div>\n\n<div class=\"application-platform-content-item-features application-platform-content-item\" id=\"features\" data-nav-section=\"features\">\n<h2>To tylko kilka z wielu funkcji wid\u017cetu:<\/h2>\n<ul>\n    <li>R\u00f3\u017cne zmiany kolor\u00f3w;<\/li>\n    <li>Schemat kolor\u00f3w ciemnych\/jasnych;<\/li>\n    <li>Dotyczy 2 uk\u0142ad\u00f3w;<\/li>\n    <li>Mo\u017cliwo\u015b\u0107 do\u0142\u0105czenia obrazu t\u0142a;<\/li>\n    <li>Niesko\u0144czona liczba stacji.<\/li>\n<\/ul>\n<p><a href=\"#demo\">Wystarczy sprawdzi\u0107 t\u0119 wersj\u0119 demonstracyjn\u0105, aby uzyska\u0107 pe\u0142ny obraz<\/a><\/p>\n<\/div>\n\n<div class=\"application-platform-content-item-installation application-platform-content-item\" id=\"installation\" data-nav-section=\"installation\">\n<h2>Jak mog\u0119 osadzi\u0107 Radio Player w mojej witrynie internetowej Webnode?<\/h2>\n<p>Wystarczy wykona\u0107 poni\u017csze kroki, aby rozpocz\u0105\u0107 prac\u0119 z wid\u017cetem.<\/p>\n<ol>\n    <li>Skorzystaj z naszego darmowego edytora i zacznij tworzy\u0107 sw\u00f3j w\u0142asny instrument.\n        <br>Znajd\u017a odpowiedni uk\u0142ad i funkcje wtyczki i zapisz zmiany.<\/li>\n    <li>Odbierz sw\u00f3j indywidualny kod ujawniony w specjalnym formularzu w aplikacjach Elfsight.\n        <br>Po zako\u0144czeniu tworzenia wtyczki skopiuj ekskluzywny kod z wyskakuj\u0105cego okienka i zapisz go na przysz\u0142o\u015b\u0107.<\/li>\n    <li>Rozpocznij korzystanie z wid\u017cetu w witrynie Webnode.\n        <br>Umie\u015b\u0107 skopiowany wcze\u015bniej kod na swojej stronie internetowej i zapisz zmiany.<\/li>\n    <li>Konfiguracja zosta\u0142a w pe\u0142ni przeprowadzona.\n        <br>Przejd\u017a do swojej witryny i obserwuj dzia\u0142anie wid\u017cetu.<\/li>\n<\/ol>\n<p>Je\u015bli napotkasz jakiekolwiek trudno\u015bci, napisz do naszego zespo\u0142u wsparcia. Nasi konsultanci ch\u0119tnie odpowiedz\u0105 na wszystkie pytania dotycz\u0105ce wtyczki.<\/p>\n<\/div>","protected":false},"excerpt":{"rendered":"","protected":false},"author":9,"featured_media":0,"parent":3418,"menu_order":0,"comment_status":"closed","ping_status":"closed","template":"templates\/template-application-platform.php","meta":{"publish_to_discourse":"","publish_post_category":"","wpdc_auto_publish_overridden":"","wpdc_topic_tags":"","wpdc_pin_topic":"","wpdc_pin_until":"","discourse_post_id":"","discourse_permalink":"","wpdc_publishing_response":"","wpdc_publishing_error":"","footnotes":""},"class_list":["post-6223","page","type-page","status-publish","hentry"],"yoast_head":"<!-- This site is optimized with the Yoast SEO plugin v25.3.1 - https:\/\/yoast.com\/wordpress\/plugins\/seo\/ -->\n<title>Elfsight Radio Player dla witryn Webnode (\u0142atwy do osadzenia i bezp\u0142atny)<\/title>\n<meta name=\"description\" content=\"Zaimplementuj responsywny widget Radio Player na swojej stronie internetowej. Skorzystaj z naszego podr\u0119cznego demo i zbuduj swoje narz\u0119dzie bez wysi\u0142ku!\" \/>\n<meta name=\"robots\" content=\"index, follow, max-snippet:-1, max-image-preview:large, max-video-preview:-1\" \/>\n<link rel=\"canonical\" href=\"https:\/\/elfsight.com\/pl\/radio-player-widget\/webnode\/\" \/>\n<meta property=\"og:locale\" content=\"pl_PL\" \/>\n<meta property=\"og:type\" content=\"article\" \/>\n<meta property=\"og:title\" content=\"Elfsight Radio Player dla witryn Webnode (\u0142atwy do osadzenia i bezp\u0142atny)\" \/>\n<meta property=\"og:description\" content=\"Zaimplementuj responsywny widget Radio Player na swojej stronie internetowej. Skorzystaj z naszego podr\u0119cznego demo i zbuduj swoje narz\u0119dzie bez wysi\u0142ku!\" \/>\n<meta property=\"og:url\" content=\"https:\/\/elfsight.com\/pl\/radio-player-widget\/webnode\/\" \/>\n<meta property=\"og:site_name\" content=\"Elfsight PL\" \/>\n<meta property=\"article:modified_time\" content=\"2025-06-23T12:52:29+00:00\" \/>\n<meta name=\"twitter:card\" content=\"summary_large_image\" \/>\n<meta name=\"twitter:label1\" content=\"Szacowany czas czytania\" \/>\n\t<meta name=\"twitter:data1\" content=\"2 minuty\" \/>\n<!-- \/ Yoast SEO plugin. -->","yoast_head_json":{"title":"Elfsight Radio Player dla witryn Webnode (\u0142atwy do osadzenia i bezp\u0142atny)","description":"Zaimplementuj responsywny widget Radio Player na swojej stronie internetowej. Skorzystaj z naszego podr\u0119cznego demo i zbuduj swoje narz\u0119dzie bez wysi\u0142ku!","robots":{"index":"index","follow":"follow","max-snippet":"max-snippet:-1","max-image-preview":"max-image-preview:large","max-video-preview":"max-video-preview:-1"},"canonical":"https:\/\/elfsight.com\/pl\/radio-player-widget\/webnode\/","og_locale":"pl_PL","og_type":"article","og_title":"Elfsight Radio Player dla witryn Webnode (\u0142atwy do osadzenia i bezp\u0142atny)","og_description":"Zaimplementuj responsywny widget Radio Player na swojej stronie internetowej. Skorzystaj z naszego podr\u0119cznego demo i zbuduj swoje narz\u0119dzie bez wysi\u0142ku!","og_url":"https:\/\/elfsight.com\/pl\/radio-player-widget\/webnode\/","og_site_name":"Elfsight PL","article_modified_time":"2025-06-23T12:52:29+00:00","twitter_card":"summary_large_image","twitter_misc":{"Szacowany czas czytania":"2 minuty"},"schema":{"@context":"https:\/\/schema.org","@graph":[{"@type":"WebPage","@id":"https:\/\/elfsight.com\/pl\/radio-player-widget\/webnode\/","url":"https:\/\/elfsight.com\/pl\/radio-player-widget\/webnode\/","name":"Elfsight Radio Player dla witryn Webnode (\u0142atwy do osadzenia i bezp\u0142atny)","isPartOf":{"@id":"https:\/\/elfsight.com\/pl\/#website"},"datePublished":"1970-01-01T00:00:00+00:00","dateModified":"2025-06-23T12:52:29+00:00","description":"Zaimplementuj responsywny widget Radio Player na swojej stronie internetowej. Skorzystaj z naszego podr\u0119cznego demo i zbuduj swoje narz\u0119dzie bez wysi\u0142ku!","breadcrumb":{"@id":"https:\/\/elfsight.com\/pl\/radio-player-widget\/webnode\/#breadcrumb"},"inLanguage":"pl-PL","potentialAction":[{"@type":"ReadAction","target":["https:\/\/elfsight.com\/pl\/radio-player-widget\/webnode\/"]}]},{"@type":"BreadcrumbList","@id":"https:\/\/elfsight.com\/pl\/radio-player-widget\/webnode\/#breadcrumb","itemListElement":[{"@type":"ListItem","position":1,"name":"Home","item":"https:\/\/elfsight.com\/pl\/"},{"@type":"ListItem","position":2,"name":"Radio Player","item":"https:\/\/elfsight.com\/pl\/radio-player-widget\/"},{"@type":"ListItem","position":3,"name":"Radio Player &#8211; Webnode"}]},{"@type":"WebSite","@id":"https:\/\/elfsight.com\/pl\/#website","url":"https:\/\/elfsight.com\/pl\/","name":"Elfsight PL","description":"Just another Elfsight Sites site","potentialAction":[{"@type":"SearchAction","target":{"@type":"EntryPoint","urlTemplate":"https:\/\/elfsight.com\/pl\/?s={search_term_string}"},"query-input":{"@type":"PropertyValueSpecification","valueRequired":true,"valueName":"search_term_string"}}],"inLanguage":"pl-PL"}]}},"meta_box":{"industry":"","seo_heading":"","heading":"","description":"","cta_heading":"","cta_description":"","application":"3334","h1":"Wid\u017cet odtwarzacza radia Webnode","h1_caption":"Dodaj transmisj\u0119 radiow\u0105 na \u017cywo do swojej witryny internetowej za pomoc\u0105 konfigurowalnego odtwarzacza, kt\u00f3ry bez problemu dopasuje Twoj\u0105 mark\u0119 do witryny Webnode.","application_category":[],"applications_title":"","applications_request_title":"","applications_request_button_text":"","hero_text":"","hero_video":"","hero_video_schema_markup":"","selling_points_title":"","selling_points_caption":"","selling_points":[],"selling_points_cta_text":"","features_title":"","features":"","ed_cta_examples_text":"","ed_cta_examples_hidden":"","ed_cta_demo_text":"","ed_cta_demo_hidden":"","why_caption":"","why_editor_title":"","why_editor_text":"","why_team_title":"","why_team_text":"","why_service_title":"","why_service_text":"","template_catalog_visible":"0","template_catalog_title":"","template_catalog_text":"","template_catalog_categories_visible":"","demo_title":"Utw\u00f3rz wid\u017cet odtwarzacza radia","demo_caption":"Skonfiguruj sw\u00f3j Radio Player i dodaj go do swojej witryny Webnode za darmo!","default_faq_hidden":"","app_template_category":[],"platform":"138","template_public_id":"","codecanyon_url":"","codecanyon_item_id":"","codecanyon_price":"","pricing_caption":"","pricing_elfsight_apps_hide_column":"","pricing_elfsight_apps_url":"","pricing_codecanyon_price_caption":"","integration_category":[],"integration_request_title":"","integration_request_cta":"","integration_platform":"","integrations":[],"platform_category":[],"video_schema_markup":"","price":"od 0 USD \/ miesi\u0105c","trial":"","benefits":[{"text":"Bezp\u0142atna us\u0142uga monta\u017cu"},{"text":"Profesjonalna obs\u0142uga klienta"},{"text":"14-dniowa gwarancja zwrotu pieni\u0119dzy"}],"button_url":"#demo","button_target_blank":"0","button_nofollow":"0","attributes":[{"name":"Instaluje"},{"name":"Czu\u0142y"},{"name":"Kompatybilne przegl\u0105darki"}],"tags":[],"tags_disable_links":"0","hide_more_platforms":"0","video_object":"","demo_hide_cta":"0","demo_hide_cloud_options":"0","pricing_title":"","pricing":[{"pricing_icon":"platform","pricing_title":"Elfsight Apps","pricing_title_caption":"Wieloplatformowe rozwi\u0105zanie cyfrowe","pricing_price":"od 0 USD \/ miesi\u0105c","pricing_price_caption":"zacznij od bezp\u0142atnego planu","pricing_benefits":[{"text":"Nielimitowane domeny"},{"text":"Wsparcie premium i na czas"},{"text":"Bezp\u0142atna pomoc w monta\u017cu"},{"text":"Oferta ograniczona czasowo dla wielu aplikacji"}],"pricing_button_text":"Dodaj do witryny","pricing_button_url":"#demo"}],"related_apps_title":"","related_apps_hidden":"0","author":"","image":[],"title":"","job":"","social_networks":[]},"_links":{"self":[{"href":"https:\/\/elfsight.com\/pl\/wp-json\/wp\/v2\/pages\/6223","targetHints":{"allow":["GET"]}}],"collection":[{"href":"https:\/\/elfsight.com\/pl\/wp-json\/wp\/v2\/pages"}],"about":[{"href":"https:\/\/elfsight.com\/pl\/wp-json\/wp\/v2\/types\/page"}],"author":[{"embeddable":true,"href":"https:\/\/elfsight.com\/pl\/wp-json\/wp\/v2\/users\/9"}],"replies":[{"embeddable":true,"href":"https:\/\/elfsight.com\/pl\/wp-json\/wp\/v2\/comments?post=6223"}],"version-history":[{"count":2,"href":"https:\/\/elfsight.com\/pl\/wp-json\/wp\/v2\/pages\/6223\/revisions"}],"predecessor-version":[{"id":10389,"href":"https:\/\/elfsight.com\/pl\/wp-json\/wp\/v2\/pages\/6223\/revisions\/10389"}],"up":[{"embeddable":true,"href":"https:\/\/elfsight.com\/pl\/wp-json\/wp\/v2\/pages\/3418"}],"wp:attachment":[{"href":"https:\/\/elfsight.com\/pl\/wp-json\/wp\/v2\/media?parent=6223"}],"curies":[{"name":"wp","href":"https:\/\/api.w.org\/{rel}","templated":true}]}}