{"id":6221,"date":"1970-01-01T00:00:00","date_gmt":"1970-01-01T00:00:00","guid":{"rendered":"https:\/\/elfsight.com\/pl\/?page_id=6221"},"modified":"2024-11-14T09:02:14","modified_gmt":"2024-11-14T09:02:14","slug":"wix","status":"publish","type":"page","link":"https:\/\/elfsight.com\/pl\/radio-player-widget\/wix\/","title":{"rendered":"Radio Player &#8211; Wix"},"content":{"rendered":"<div class=\"application-platform-content-item-description application-platform-content-item\" id=\"description\" data-nav-section=\"description\"> <h2>Opis<\/h2> <p>Aplikacja Elfsight Radio to nieskomplikowane narz\u0119dzie umo\u017cliwiaj\u0105ce odtwarzanie stacji radiowych bezpo\u015brednio w Twojej witrynie. Aplikacj\u0119 mo\u017cna w du\u017cym stopniu dostosowa\u0107: mo\u017cesz dowolnie zmienia\u0107 jej po\u0142o\u017cenie, osadza\u0107 j\u0105 w dowolnym miejscu strony, zmienia\u0107 jej rozmiar, nak\u0142ada\u0107 na t\u0142o i inne cz\u0119\u015bci, aby zmiesza\u0107 j\u0105 z uk\u0142adem witryny, stosowa\u0107 ciemny motyw, ujawnia\u0107 ok\u0142adki i wy\u015bwietla\u0107 lub ukrywa\u0107 trzy dodatkowe elementy odtwarzacza, na przyk\u0142ad nag\u0142\u00f3wek, status i inne. Mo\u017cesz przes\u0142a\u0107 tyle stacji, ile potrzebujesz, aby zachwyci\u0107 odbiorc\u00f3w, w\u0142\u0105czy\u0107 opcj\u0119 automatycznego odtwarzania i nie mie\u0107 w\u0105tpliwo\u015bci \u2013 Twoi odbiorcy nie opuszcz\u0105 Twojej strony g\u0142\u00f3wnej w po\u015bpiechu!<\/p> <p><b>Wyposa\u017c swoich odbiorc\u00f3w w jeszcze jedno \u017ar\u00f3d\u0142o przydatnych i interesuj\u0105cych tre\u015bci dzi\u0119ki aplikacji Elfsight Radio Player.<\/b><\/p> <\/div> <div class=\"application-platform-content-item-features application-platform-content-item\" id=\"features\" data-nav-section=\"features\"> <h2>Oferujemy pot\u0119\u017cne i nieskomplikowane funkcje, oto niekt\u00f3re z nich: <\/h2> <ul><li>Nieograniczone zmiany kolor\u00f3w. <\/li><li>Motyw ciemnego\/jasnego koloru. <\/li><li>Dost\u0119pne 2 uk\u0142ady. <\/li><li>Mo\u017cliwo\u015b\u0107 wykorzystania obrazu t\u0142a. <\/li><li>Dodaj nieograniczon\u0105 liczb\u0119 stacji<\/li><\/ul><p><a href=\"#demo\">Po prostu wypr\u00f3buj t\u0119 wersj\u0119 demonstracyjn\u0105, aby uzyska\u0107 pe\u0142ny obraz<\/a><\/p> <\/div> <div class=\"application-platform-content-item-installation application-platform-content-item\" id=\"installation\" data-nav-section=\"installation\"> <h2>Jak mog\u0119 osadzi\u0107 Radio Player na mojej stronie Wix? <\/h2><div class=\"video-container\"><iframe width=\"720\" height=\"405\" src=\"https:\/\/www.youtube.com\/embed\/aTr6zjRt3q8\" frameborder=\"0\" allowfullscreen><\/iframe><\/div><p>Wystarczy spe\u0142ni\u0107 poni\u017csze wytyczne, aby zintegrowa\u0107 aplikacj\u0119. <\/p> <ol><li><b>Otw\u00f3rz nasz darmowy konfigurator i zacznij kszta\u0142towa\u0107 sw\u00f3j spersonalizowany instrument. <\/b><br> Znajd\u017a preferowany uk\u0142ad i funkcjonalno\u015b\u0107 aplikacji i zastosuj zmiany. <\/li> <li><b>Zdob\u0105d\u017a sw\u00f3j osobisty kod, kt\u00f3ry pojawi si\u0119 w oknie aplikacji Elfsight. <\/b><br> Po skonfigurowaniu narz\u0119dzia skopiuj indywidualny kod w wy\u015bwietlonym oknie i zachowaj go do dalszego wykorzystania. <\/li> <li><b>Zacznij korzysta\u0107 z narz\u0119dzia na stronie Wix. <\/b><br> Wklej skopiowany wcze\u015bniej kod na swoj\u0105 stron\u0119 g\u0142\u00f3wn\u0105 i zapisz ulepszenia. <\/li> <li><b>Gotowe! Konfiguracja zosta\u0142a pomy\u015blnie przeprowadzona. <\/b><br> Odwied\u017a swoj\u0105 witryn\u0119, aby sprawdzi\u0107 dzia\u0142anie narz\u0119dzia. <\/li><\/ol> <p>Je\u015bli masz do czynienia z zapytaniami lub napotykasz jakiekolwiek komplikacje, bez wahania zwr\u00f3\u0107 si\u0119 do naszego zespo\u0142u wsparcia. Nasi specjali\u015bci ch\u0119tnie odpowiedz\u0105 na wszystkie pytania dotycz\u0105ce aplikacji. <\/p> <\/div>","protected":false},"excerpt":{"rendered":"","protected":false},"author":9,"featured_media":0,"parent":3418,"menu_order":0,"comment_status":"closed","ping_status":"closed","template":"templates\/template-application-platform.php","meta":{"publish_to_discourse":"","publish_post_category":"","wpdc_auto_publish_overridden":"","wpdc_topic_tags":"","wpdc_pin_topic":"","wpdc_pin_until":"","discourse_post_id":"","discourse_permalink":"","wpdc_publishing_response":"","wpdc_publishing_error":"","footnotes":""},"class_list":["post-6221","page","type-page","status-publish","hentry"],"yoast_head":"<!-- This site is optimized with the Yoast SEO plugin v25.3.1 - https:\/\/yoast.com\/wordpress\/plugins\/seo\/ -->\n<title>Radio Player \u2014 Dodaj przycisk Radio Player do witryny Wix [2025]<\/title>\n<meta name=\"description\" content=\"Przedstaw responsywn\u0105 aplikacj\u0119 Radio Player na swojej stronie Wix. Zastosuj nasze \u0142atwe w zarz\u0105dzaniu demo i z \u0142atwo\u015bci\u0105 stw\u00f3rz swoje narz\u0119dzie!\" \/>\n<meta name=\"robots\" content=\"index, follow, max-snippet:-1, max-image-preview:large, max-video-preview:-1\" \/>\n<link rel=\"canonical\" href=\"https:\/\/elfsight.com\/pl\/radio-player-widget\/wix\/\" \/>\n<meta property=\"og:locale\" content=\"pl_PL\" \/>\n<meta property=\"og:type\" content=\"article\" \/>\n<meta property=\"og:title\" content=\"Radio Player \u2014 Dodaj przycisk Radio Player do witryny Wix [2025]\" \/>\n<meta property=\"og:description\" content=\"Przedstaw responsywn\u0105 aplikacj\u0119 Radio Player na swojej stronie Wix. Zastosuj nasze \u0142atwe w zarz\u0105dzaniu demo i z \u0142atwo\u015bci\u0105 stw\u00f3rz swoje narz\u0119dzie!\" \/>\n<meta property=\"og:url\" content=\"https:\/\/elfsight.com\/pl\/radio-player-widget\/wix\/\" \/>\n<meta property=\"og:site_name\" content=\"Elfsight PL\" \/>\n<meta property=\"article:modified_time\" content=\"2024-11-14T09:02:14+00:00\" \/>\n<meta name=\"twitter:card\" content=\"summary_large_image\" \/>\n<meta name=\"twitter:label1\" content=\"Szacowany czas czytania\" \/>\n\t<meta name=\"twitter:data1\" content=\"2 minuty\" \/>\n<!-- \/ Yoast SEO plugin. -->","yoast_head_json":{"title":"Radio Player \u2014 Dodaj przycisk Radio Player do witryny Wix [2025]","description":"Przedstaw responsywn\u0105 aplikacj\u0119 Radio Player na swojej stronie Wix. Zastosuj nasze \u0142atwe w zarz\u0105dzaniu demo i z \u0142atwo\u015bci\u0105 stw\u00f3rz swoje narz\u0119dzie!","robots":{"index":"index","follow":"follow","max-snippet":"max-snippet:-1","max-image-preview":"max-image-preview:large","max-video-preview":"max-video-preview:-1"},"canonical":"https:\/\/elfsight.com\/pl\/radio-player-widget\/wix\/","og_locale":"pl_PL","og_type":"article","og_title":"Radio Player \u2014 Dodaj przycisk Radio Player do witryny Wix [2025]","og_description":"Przedstaw responsywn\u0105 aplikacj\u0119 Radio Player na swojej stronie Wix. Zastosuj nasze \u0142atwe w zarz\u0105dzaniu demo i z \u0142atwo\u015bci\u0105 stw\u00f3rz swoje narz\u0119dzie!","og_url":"https:\/\/elfsight.com\/pl\/radio-player-widget\/wix\/","og_site_name":"Elfsight PL","article_modified_time":"2024-11-14T09:02:14+00:00","twitter_card":"summary_large_image","twitter_misc":{"Szacowany czas czytania":"2 minuty"},"schema":{"@context":"https:\/\/schema.org","@graph":[{"@type":"WebPage","@id":"https:\/\/elfsight.com\/pl\/radio-player-widget\/wix\/","url":"https:\/\/elfsight.com\/pl\/radio-player-widget\/wix\/","name":"Radio Player \u2014 Dodaj przycisk Radio Player do witryny Wix [2025]","isPartOf":{"@id":"https:\/\/elfsight.com\/pl\/#website"},"datePublished":"1970-01-01T00:00:00+00:00","dateModified":"2024-11-14T09:02:14+00:00","description":"Przedstaw responsywn\u0105 aplikacj\u0119 Radio Player na swojej stronie Wix. Zastosuj nasze \u0142atwe w zarz\u0105dzaniu demo i z \u0142atwo\u015bci\u0105 stw\u00f3rz swoje narz\u0119dzie!","breadcrumb":{"@id":"https:\/\/elfsight.com\/pl\/radio-player-widget\/wix\/#breadcrumb"},"inLanguage":"pl-PL","potentialAction":[{"@type":"ReadAction","target":["https:\/\/elfsight.com\/pl\/radio-player-widget\/wix\/"]}]},{"@type":"BreadcrumbList","@id":"https:\/\/elfsight.com\/pl\/radio-player-widget\/wix\/#breadcrumb","itemListElement":[{"@type":"ListItem","position":1,"name":"Home","item":"https:\/\/elfsight.com\/pl\/"},{"@type":"ListItem","position":2,"name":"Radio Player","item":"https:\/\/elfsight.com\/pl\/radio-player-widget\/"},{"@type":"ListItem","position":3,"name":"Radio Player &#8211; Wix"}]},{"@type":"WebSite","@id":"https:\/\/elfsight.com\/pl\/#website","url":"https:\/\/elfsight.com\/pl\/","name":"Elfsight PL","description":"Just another Elfsight Sites site","potentialAction":[{"@type":"SearchAction","target":{"@type":"EntryPoint","urlTemplate":"https:\/\/elfsight.com\/pl\/?s={search_term_string}"},"query-input":{"@type":"PropertyValueSpecification","valueRequired":true,"valueName":"search_term_string"}}],"inLanguage":"pl-PL"}]}},"meta_box":{"industry":"","seo_heading":"","heading":"","description":"","cta_heading":"","cta_description":"","application":"3334","h1":"Aplikacja Wix Radio Player","h1_caption":"Dodaj transmisj\u0119 radiow\u0105 na \u017cywo do swojej witryny za pomoc\u0105 konfigurowalnego odtwarzacza, kt\u00f3ry bez problemu dopasuje Twoj\u0105 mark\u0119 do Twojej witryny Wix.","application_category":[],"applications_title":"","applications_request_title":"","applications_request_button_text":"","hero_text":"","hero_video":"","hero_video_schema_markup":"","selling_points_title":"","selling_points_caption":"","selling_points":[],"selling_points_cta_text":"","features_title":"","features":"","ed_cta_examples_text":"","ed_cta_examples_hidden":"","ed_cta_demo_text":"","ed_cta_demo_hidden":"","why_caption":"","why_editor_title":"","why_editor_text":"","why_team_title":"","why_team_text":"","why_service_title":"","why_service_text":"","template_catalog_visible":"","template_catalog_title":"","template_catalog_text":"","template_catalog_categories_visible":"","demo_title":"Utw\u00f3rz aplikacj\u0119 Radio Player","demo_caption":"Skonfiguruj sw\u00f3j Radio Player i dodaj go do swojej witryny Wix za darmo!","default_faq_hidden":"","app_template_category":[],"platform":"30","template_public_id":"","codecanyon_url":"","codecanyon_item_id":"","codecanyon_price":"","pricing_caption":"","pricing_elfsight_apps_hide_column":"","pricing_elfsight_apps_url":"","pricing_codecanyon_price_caption":"","integration_category":[],"integration_request_title":"","integration_request_cta":"","integration_platform":"","integrations":[],"platform_category":[],"video_schema_markup":"","price":"od 0 USD \/ miesi\u0105c","trial":"","benefits":[{"text":"Bezp\u0142atna pomoc w monta\u017cu"},{"text":"Wsparcie premium"},{"text":"14-dniowa gwarancja zwrotu pieni\u0119dzy"}],"button_url":"#demo","button_target_blank":"","button_nofollow":"","attributes":[{"name":"Instaluje"},{"name":"Czu\u0142y"},{"name":"Kompatybilne przegl\u0105darki"}],"tags":[],"tags_disable_links":"","hide_more_platforms":"","video_object":"","demo_hide_cta":"","demo_hide_cloud_options":"","pricing_title":"","pricing":[{"pricing_icon":"platform","pricing_title":"Elfsight Apps","pricing_title_caption":"Wieloplatformowe rozwi\u0105zanie cyfrowe, kt\u00f3re pasuje do ka\u017cdej witryny internetowej","pricing_price":"od 0 USD \/ miesi\u0105c","pricing_price_caption":"zacznij od bezp\u0142atnego planu","pricing_benefits":[{"text":"Nielimitowane strony internetowe"},{"text":"Profesjonalna obs\u0142uga klienta"},{"text":"Bezp\u0142atna us\u0142uga monta\u017cu"},{"text":"Specjalna cena za wiele aplikacji"}],"pricing_button_text":"Dodaj do witryny","pricing_button_url":"#demo"}],"related_apps_title":"","related_apps_hidden":"","author":"","image":[],"title":"","job":"","social_networks":[]},"_links":{"self":[{"href":"https:\/\/elfsight.com\/pl\/wp-json\/wp\/v2\/pages\/6221","targetHints":{"allow":["GET"]}}],"collection":[{"href":"https:\/\/elfsight.com\/pl\/wp-json\/wp\/v2\/pages"}],"about":[{"href":"https:\/\/elfsight.com\/pl\/wp-json\/wp\/v2\/types\/page"}],"author":[{"embeddable":true,"href":"https:\/\/elfsight.com\/pl\/wp-json\/wp\/v2\/users\/9"}],"replies":[{"embeddable":true,"href":"https:\/\/elfsight.com\/pl\/wp-json\/wp\/v2\/comments?post=6221"}],"version-history":[{"count":2,"href":"https:\/\/elfsight.com\/pl\/wp-json\/wp\/v2\/pages\/6221\/revisions"}],"predecessor-version":[{"id":7971,"href":"https:\/\/elfsight.com\/pl\/wp-json\/wp\/v2\/pages\/6221\/revisions\/7971"}],"up":[{"embeddable":true,"href":"https:\/\/elfsight.com\/pl\/wp-json\/wp\/v2\/pages\/3418"}],"wp:attachment":[{"href":"https:\/\/elfsight.com\/pl\/wp-json\/wp\/v2\/media?parent=6221"}],"curies":[{"name":"wp","href":"https:\/\/api.w.org\/{rel}","templated":true}]}}