{"id":6216,"date":"1970-01-01T00:00:00","date_gmt":"1970-01-01T00:00:00","guid":{"rendered":"https:\/\/elfsight.com\/pl\/?page_id=6216"},"modified":"2024-11-14T09:02:06","modified_gmt":"2024-11-14T09:02:06","slug":"woocommerce","status":"publish","type":"page","link":"https:\/\/elfsight.com\/pl\/radio-player-widget\/woocommerce\/","title":{"rendered":"Radio Player &#8211; WooCommerce"},"content":{"rendered":"<div class=\"application-platform-content-item-description application-platform-content-item\" id=\"description\" data-nav-section=\"description\"> <h2>Opis<\/h2> <p>Wtyczka Elfsight Radio to nieskomplikowane narz\u0119dzie, kt\u00f3re umo\u017cliwia strumieniowe przesy\u0142anie stacji radiowych bezpo\u015brednio na stron\u0119 g\u0142\u00f3wn\u0105. Narz\u0119dzie jest niezwykle konfigurowalne: mo\u017cesz zmienia\u0107 jego po\u0142o\u017cenie, osadza\u0107 je w dowolnym miejscu na stronie, skalowa\u0107 jego rozmiar, przemalowywa\u0107 t\u0142o i wszystkie inne cz\u0119\u015bci, aby dopasowa\u0107 je do uk\u0142adu witryny, zastosowa\u0107 ciemn\u0105 kolorystyk\u0119, zademonstrowa\u0107 ok\u0142adki i wy\u015bwietli\u0107 lub ukry\u0107 trzy inne elementy gracza, takie jak tytu\u0142, status i inne. Dodaj tyle stacji, ile potrzebujesz, aby zaanga\u017cowa\u0107 odwiedzaj\u0105cych, w\u0142\u0105cz opcj\u0119 autoodtwarzania i nie miej w\u0105tpliwo\u015bci \u2013 Twoi u\u017cytkownicy nie opuszcz\u0105 Twojej strony g\u0142\u00f3wnej w po\u015bpiechu!<\/p> <p><b>Daj swoim odbiorcom jeszcze jedno \u017ar\u00f3d\u0142o przydatnych i rozrywkowych tre\u015bci wykorzystuj\u0105cych Radio Player.<\/b><\/p> <\/div> <div class=\"application-platform-content-item-features application-platform-content-item\" id=\"features\" data-nav-section=\"features\"> <h2>To tylko kilka z bogatych funkcji wtyczki:<\/h2> <ul><li>Liczne zmiany kolor\u00f3w.<\/li><li>Motyw ciemnego\/jasnego koloru.<\/li><li>Dost\u0119pne s\u0105 dwa uk\u0142ady.<\/li><li>Mo\u017cliwo\u015b\u0107 do\u0142\u0105czenia obrazu t\u0142a.<\/li><li> Nieograniczona ilo\u015b\u0107 stacji.<\/li><\/ul><p><a href=\"#demo\">Pe\u0142n\u0105 funkcjonalno\u015b\u0107 wtyczki mo\u017cesz odkry\u0107 w wersji demonstracyjnej na tej stronie<\/a><\/p> [ \/application_platform_content_item] <div class=\"application-platform-content-item-installation application-platform-content-item\" id=\"installation\" data-nav-section=\"installation\"><\/div> <h2>Jak osadzi\u0107 Radio Player na mojej stronie internetowej WooCommerce?<\/h2> <p>Wystarczy post\u0119powa\u0107 zgodnie z poni\u017cszymi instrukcjami, aby aktywowa\u0107 wtyczk\u0119.<\/p> <ol> <li><b>Uruchom nasze bezp\u0142atne demo i zacznij kszta\u0142towa\u0107 sw\u00f3j spersonalizowany instrument.<\/b><br> Okre\u015bl preferowan\u0105 form\u0119 i funkcje narz\u0119dzia oraz zapisz modyfikacje.<\/li> <li><b>Pobierz indywidualny kod, kt\u00f3ry pojawia si\u0119 w oknie aplikacji Elfsight.<\/b><br> Po zako\u0144czeniu konfiguracji wtyczki skopiuj ekskluzywny kod z wy\u015bwietlonego pola i zachowaj go na przysz\u0142o\u015b\u0107.<\/li> <li><b>Rozpocznij stosowanie wtyczki na stronie WooCommerce.<\/b><br> Dodaj ostatnio skopiowany kod na swoj\u0105 stron\u0119 internetow\u0105 i zapisz zmiany. <\/li> <li><b>Gotowe! Osadzanie zosta\u0142o pomy\u015blnie zako\u0144czone.<\/b><br> Przejd\u017a na swoj\u0105 witryn\u0119 i sprawd\u017a dzia\u0142anie wtyczki.<\/li><\/ol> <p>Je\u015bli masz jakie\u015b komplikacje, nie wahaj si\u0119 wej\u015b\u0107 skontaktuj si\u0119 z naszym zespo\u0142em obs\u0142ugi klienta. Nasi ludzie pragn\u0105 rozwi\u0105za\u0107 wszystkie problemy, jakie mo\u017cesz mie\u0107 z wtyczk\u0105.<\/p> <\/div>","protected":false},"excerpt":{"rendered":"","protected":false},"author":9,"featured_media":0,"parent":3418,"menu_order":0,"comment_status":"closed","ping_status":"closed","template":"templates\/template-application-platform.php","meta":{"publish_to_discourse":"","publish_post_category":"","wpdc_auto_publish_overridden":"","wpdc_topic_tags":"","wpdc_pin_topic":"","wpdc_pin_until":"","discourse_post_id":"","discourse_permalink":"","wpdc_publishing_response":"","wpdc_publishing_error":"","footnotes":""},"class_list":["post-6216","page","type-page","status-publish","hentry"],"yoast_head":"<!-- This site is optimized with the Yoast SEO plugin v25.3.1 - https:\/\/yoast.com\/wordpress\/plugins\/seo\/ -->\n<title>Przycisk Radio Player dla witryny WooCommerce (bezp\u0142atny i \u0142atwy)<\/title>\n<meta name=\"description\" content=\"Umie\u015b\u0107 responsywn\u0105 aplikacj\u0119 Radio Player na swojej stronie WooCommerce. Skorzystaj z naszego praktycznego demo i wygeneruj wid\u017cet przycisku radiowego bez wysi\u0142ku!\" \/>\n<meta name=\"robots\" content=\"index, follow, max-snippet:-1, max-image-preview:large, max-video-preview:-1\" \/>\n<link rel=\"canonical\" href=\"https:\/\/elfsight.com\/pl\/radio-player-widget\/woocommerce\/\" \/>\n<meta property=\"og:locale\" content=\"pl_PL\" \/>\n<meta property=\"og:type\" content=\"article\" \/>\n<meta property=\"og:title\" content=\"Przycisk Radio Player dla witryny WooCommerce (bezp\u0142atny i \u0142atwy)\" \/>\n<meta property=\"og:description\" content=\"Umie\u015b\u0107 responsywn\u0105 aplikacj\u0119 Radio Player na swojej stronie WooCommerce. Skorzystaj z naszego praktycznego demo i wygeneruj wid\u017cet przycisku radiowego bez wysi\u0142ku!\" \/>\n<meta property=\"og:url\" content=\"https:\/\/elfsight.com\/pl\/radio-player-widget\/woocommerce\/\" \/>\n<meta property=\"og:site_name\" content=\"Elfsight PL\" \/>\n<meta property=\"article:modified_time\" content=\"2024-11-14T09:02:06+00:00\" \/>\n<meta name=\"twitter:card\" content=\"summary_large_image\" \/>\n<meta name=\"twitter:label1\" content=\"Szacowany czas czytania\" \/>\n\t<meta name=\"twitter:data1\" content=\"2 minuty\" \/>\n<!-- \/ Yoast SEO plugin. -->","yoast_head_json":{"title":"Przycisk Radio Player dla witryny WooCommerce (bezp\u0142atny i \u0142atwy)","description":"Umie\u015b\u0107 responsywn\u0105 aplikacj\u0119 Radio Player na swojej stronie WooCommerce. Skorzystaj z naszego praktycznego demo i wygeneruj wid\u017cet przycisku radiowego bez wysi\u0142ku!","robots":{"index":"index","follow":"follow","max-snippet":"max-snippet:-1","max-image-preview":"max-image-preview:large","max-video-preview":"max-video-preview:-1"},"canonical":"https:\/\/elfsight.com\/pl\/radio-player-widget\/woocommerce\/","og_locale":"pl_PL","og_type":"article","og_title":"Przycisk Radio Player dla witryny WooCommerce (bezp\u0142atny i \u0142atwy)","og_description":"Umie\u015b\u0107 responsywn\u0105 aplikacj\u0119 Radio Player na swojej stronie WooCommerce. Skorzystaj z naszego praktycznego demo i wygeneruj wid\u017cet przycisku radiowego bez wysi\u0142ku!","og_url":"https:\/\/elfsight.com\/pl\/radio-player-widget\/woocommerce\/","og_site_name":"Elfsight PL","article_modified_time":"2024-11-14T09:02:06+00:00","twitter_card":"summary_large_image","twitter_misc":{"Szacowany czas czytania":"2 minuty"},"schema":{"@context":"https:\/\/schema.org","@graph":[{"@type":"WebPage","@id":"https:\/\/elfsight.com\/pl\/radio-player-widget\/woocommerce\/","url":"https:\/\/elfsight.com\/pl\/radio-player-widget\/woocommerce\/","name":"Przycisk Radio Player dla witryny WooCommerce (bezp\u0142atny i \u0142atwy)","isPartOf":{"@id":"https:\/\/elfsight.com\/pl\/#website"},"datePublished":"1970-01-01T00:00:00+00:00","dateModified":"2024-11-14T09:02:06+00:00","description":"Umie\u015b\u0107 responsywn\u0105 aplikacj\u0119 Radio Player na swojej stronie WooCommerce. Skorzystaj z naszego praktycznego demo i wygeneruj wid\u017cet przycisku radiowego bez wysi\u0142ku!","breadcrumb":{"@id":"https:\/\/elfsight.com\/pl\/radio-player-widget\/woocommerce\/#breadcrumb"},"inLanguage":"pl-PL","potentialAction":[{"@type":"ReadAction","target":["https:\/\/elfsight.com\/pl\/radio-player-widget\/woocommerce\/"]}]},{"@type":"BreadcrumbList","@id":"https:\/\/elfsight.com\/pl\/radio-player-widget\/woocommerce\/#breadcrumb","itemListElement":[{"@type":"ListItem","position":1,"name":"Home","item":"https:\/\/elfsight.com\/pl\/"},{"@type":"ListItem","position":2,"name":"Radio Player","item":"https:\/\/elfsight.com\/pl\/radio-player-widget\/"},{"@type":"ListItem","position":3,"name":"Radio Player &#8211; WooCommerce"}]},{"@type":"WebSite","@id":"https:\/\/elfsight.com\/pl\/#website","url":"https:\/\/elfsight.com\/pl\/","name":"Elfsight PL","description":"Just another Elfsight Sites site","potentialAction":[{"@type":"SearchAction","target":{"@type":"EntryPoint","urlTemplate":"https:\/\/elfsight.com\/pl\/?s={search_term_string}"},"query-input":{"@type":"PropertyValueSpecification","valueRequired":true,"valueName":"search_term_string"}}],"inLanguage":"pl-PL"}]}},"meta_box":{"industry":"","seo_heading":"","heading":"","description":"","cta_heading":"","cta_description":"","application":"3334","h1":"Wid\u017cet odtwarzacza radia WooCommerce","h1_caption":"Dodaj transmisj\u0119 radiow\u0105 na \u017cywo do swojej witryny za pomoc\u0105 konfigurowalnego odtwarzacza, kt\u00f3ry bez trudu dopasuje Twoj\u0105 mark\u0119 do Twojej witryny WooCommerce.","application_category":[],"applications_title":"","applications_request_title":"","applications_request_button_text":"","hero_text":"","hero_video":"","hero_video_schema_markup":"","selling_points_title":"","selling_points_caption":"","selling_points":[],"selling_points_cta_text":"","features_title":"","features":"","ed_cta_examples_text":"","ed_cta_examples_hidden":"","ed_cta_demo_text":"","ed_cta_demo_hidden":"","why_caption":"","why_editor_title":"","why_editor_text":"","why_team_title":"","why_team_text":"","why_service_title":"","why_service_text":"","template_catalog_visible":"","template_catalog_title":"","template_catalog_text":"","template_catalog_categories_visible":"","demo_title":"Utw\u00f3rz aplikacj\u0119 Radio Player","demo_caption":"Skonfiguruj sw\u00f3j Radio Player i dodaj go do swojej witryny WooCommerce za darmo!","default_faq_hidden":"","app_template_category":[],"platform":"335","template_public_id":"","codecanyon_url":"","codecanyon_item_id":"","codecanyon_price":"","pricing_caption":"","pricing_elfsight_apps_hide_column":"","pricing_elfsight_apps_url":"","pricing_codecanyon_price_caption":"","integration_category":[],"integration_request_title":"","integration_request_cta":"","integration_platform":"","integrations":[],"platform_category":[],"video_schema_markup":"","price":"od 0 USD \/ miesi\u0105c","trial":"","benefits":[{"text":"Bezp\u0142atna pomoc w monta\u017cu"},{"text":"Skuteczna obs\u0142uga klienta"},{"text":"14-dniowa gwarancja zwrotu pieni\u0119dzy"}],"button_url":"#demo","button_target_blank":"","button_nofollow":"","attributes":[{"name":"Instaluje"},{"name":"Czu\u0142y"},{"name":"Kompatybilne przegl\u0105darki"}],"tags":[],"tags_disable_links":"","hide_more_platforms":"","video_object":"","demo_hide_cta":"","demo_hide_cloud_options":"","pricing_title":"","pricing":[{"pricing_icon":"platform","pricing_title":"Elfsight Apps","pricing_title_caption":"Wersja niezale\u017cna od platformy","pricing_price":"od 0 USD \/ miesi\u0105c","pricing_price_caption":"zacznij od bezp\u0142atnego planu","pricing_benefits":[{"text":"Nielimitowane domeny"},{"text":"Ca\u0142odobowa obs\u0142uga klienta, dobrze udokumentowana"},{"text":"Bezp\u0142atna us\u0142uga monta\u017cu"},{"text":"W pe\u0142ni konfigurowalny"}],"pricing_button_text":"Dodaj do witryny","pricing_button_url":"#demo"}],"related_apps_title":"","related_apps_hidden":"","author":"","image":[],"title":"","job":"","social_networks":[]},"_links":{"self":[{"href":"https:\/\/elfsight.com\/pl\/wp-json\/wp\/v2\/pages\/6216","targetHints":{"allow":["GET"]}}],"collection":[{"href":"https:\/\/elfsight.com\/pl\/wp-json\/wp\/v2\/pages"}],"about":[{"href":"https:\/\/elfsight.com\/pl\/wp-json\/wp\/v2\/types\/page"}],"author":[{"embeddable":true,"href":"https:\/\/elfsight.com\/pl\/wp-json\/wp\/v2\/users\/9"}],"replies":[{"embeddable":true,"href":"https:\/\/elfsight.com\/pl\/wp-json\/wp\/v2\/comments?post=6216"}],"version-history":[{"count":1,"href":"https:\/\/elfsight.com\/pl\/wp-json\/wp\/v2\/pages\/6216\/revisions"}],"predecessor-version":[{"id":6220,"href":"https:\/\/elfsight.com\/pl\/wp-json\/wp\/v2\/pages\/6216\/revisions\/6220"}],"up":[{"embeddable":true,"href":"https:\/\/elfsight.com\/pl\/wp-json\/wp\/v2\/pages\/3418"}],"wp:attachment":[{"href":"https:\/\/elfsight.com\/pl\/wp-json\/wp\/v2\/media?parent=6216"}],"curies":[{"name":"wp","href":"https:\/\/api.w.org\/{rel}","templated":true}]}}