{"id":6215,"date":"1970-01-01T00:00:00","date_gmt":"1970-01-01T00:00:00","guid":{"rendered":"https:\/\/elfsight.com\/pl\/?page_id=6215"},"modified":"2025-06-23T12:53:35","modified_gmt":"2025-06-23T12:53:35","slug":"wordpress","status":"publish","type":"page","link":"https:\/\/elfsight.com\/pl\/radio-player-widget\/wordpress\/","title":{"rendered":"Radio Player &#8211; WordPress"},"content":{"rendered":"<div class=\"application-platform-content-item-description application-platform-content-item\" id=\"description\" data-nav-section=\"description\">\n<h2>Osad\u017a Radio Player na WordPress za pomoc\u0105 wid\u017cetu Elfsight<\/h2>\n<p>Elfsight Live Player to nieskomplikowana wtyczka do przesy\u0142ania strumieniowego, kt\u00f3ra umo\u017cliwia odtwarzanie stacji radiowych bezpo\u015brednio na swojej stronie internetowej. Wid\u017cet jest niezwykle konfigurowalny: mo\u017cesz zmieni\u0107 jego po\u0142o\u017cenie, umie\u015bci\u0107 go w dowolnym miejscu strony, zmieni\u0107 jego rozmiar, przemalowa\u0107 t\u0142o i inne elementy, aby dopasowa\u0107 je do stylu witryny, zastosowa\u0107 ciemn\u0105 kolorystyk\u0119, zademonstrowa\u0107 ok\u0142adki i pokaza\u0107 lub ukry\u0107 3 inne cz\u0119\u015bci gracza, na przyk\u0142ad tytu\u0142, status i inne. Dodaj tyle stacji, ile chcesz, aby zachwyci\u0107 odwiedzaj\u0105cych, w\u0142\u0105cz opcj\u0119 autoodtwarzania i nie miej w\u0105tpliwo\u015bci \u2013 Twoi odbiorcy nie opuszcz\u0105 Twojej witryny natychmiast!<\/p>\n<p>Dostarcz swoim go\u015bciom zupe\u0142nie nowe \u017ar\u00f3d\u0142o pomocnych i wci\u0105gaj\u0105cych tre\u015bci, wykorzystuj\u0105c Streaming Radio Player dla WordPress.<\/p>\n<\/div>\n\n<div class=\"application-platform-content-item-features application-platform-content-item\" id=\"features\" data-nav-section=\"features\">\n<h2>To tylko kilka z wielu funkcji wtyczki:<\/h2>\n<ul>\n    <li>Liczne zmiany kolor\u00f3w.<\/li>\n    <li>Schemat kolor\u00f3w ciemnych\/jasnych.<\/li>\n    <li>2 uk\u0142ady gotowe do u\u017cycia.<\/li>\n    <li>Mo\u017cliwo\u015b\u0107 dodania obrazu t\u0142a.<\/li>\n    <li>Dodaj nieograniczon\u0105 liczb\u0119 stacji.<\/li>\n<\/ul>\n<p><a href=\"#demo\">Wypr\u00f3buj t\u0119 wersj\u0119 demonstracyjn\u0105, aby zobaczy\u0107, jak to dzia\u0142a<\/a><\/p>\n<\/div>\n\n<div class=\"application-platform-content-item-installation application-platform-content-item\" id=\"installation\" data-nav-section=\"installation\">\n<h2>Jak doda\u0107 wtyczk\u0119 Live Radio Player do witryny WordPress?<\/h2>\n<div class=\"video-container\"><iframe width=\"720\" height=\"405\" src=\"https:\/\/www.youtube.com\/embed\/uyaX025ORVE\" frameborder=\"0\" allowfullscreen=\"\"><\/iframe><\/div>\n<p>Wystarczy wykona\u0107 kilka krok\u00f3w opisanych poni\u017cej, aby osadzi\u0107 wid\u017cet.<\/p>\n<ol>\n    <li>Otw\u00f3rz nasz darmowy edytor i zacznij tworzy\u0107 w\u0142asn\u0105 wtyczk\u0119.\n        <br>Okre\u015bl odpowiedni uk\u0142ad i wydajno\u015b\u0107 wtyczki oraz zastosuj wszystkie poprawki.<\/li>\n    <li>Uzyskaj indywidualny kod widoczny w pude\u0142ku w aplikacjach Elfsight.\n        <br>Zaraz po zako\u0144czeniu konfiguracji wtyczki skopiuj kod w wy\u015bwietlonym oknie i zachowaj go do wykorzystania w przysz\u0142o\u015bci.<\/li>\n    <li>Rozpocznij korzystanie z wtyczki w witrynie WordPress.\n        <br>Zaimplementuj zapisany ostatnio kod na swojej stronie internetowej i zastosuj poprawki.<\/li>\n    <li>Gotowe! Konfiguracja zosta\u0142a w pe\u0142ni wykonana.\n        <br>Odwied\u017a swoj\u0105 stron\u0119 internetow\u0105, aby zobaczy\u0107 w dzia\u0142aniu dzia\u0142anie wtyczki.<\/li>\n<\/ol>\n<p>W przypadku pyta\u0144 lub wyst\u0105pienia problem\u00f3w nie wahaj si\u0119 zwr\u00f3ci\u0107 do naszego personelu obs\u0142ugi klienta. Nasi specjali\u015bci ch\u0119tnie pomog\u0105 Ci we wszystkich problemach, jakie mo\u017cesz mie\u0107 z wid\u017cetem.<\/p>\n<div class=\"faq\" data-component=\"FAQ\">\n    <div class=\"faq-item\">\r\n\t\t\t\t\t<div class=\"faq-item-question\">\r\n\t\t\t\t\t\t<h3 class=\"faq-item-question-text\">Jak mog\u0119 osadzi\u0107 wtyczk\u0119 Radio Player dla WordPress na mojej stronie internetowej bez umiej\u0119tno\u015bci kodowania?<\/h3>\r\n\r\n\t\t\t\t\t\t<div class=\"faq-item-question-icon\"><\/div>\r\n\t\t\t\t\t<\/div>\r\n\r\n\t\t\t\t\t<div class=\"faq-item-answer\">\r\n\t\t\t\t\t\t<div class=\"faq-item-answer-text\">\n    <p>Elfsight zapewnia rozwi\u0105zanie oparte na chmurze, kt\u00f3re umo\u017cliwia u\u017cytkownikom utworzenie wtyczki Radio Player dla samego WordPressa. Zobacz, jak prosty jest ten proces:<\/p>\n    <ul>\n        <li>Uzyskaj dost\u0119p do edytora online, aby wygenerowa\u0107 wtyczk\u0119 Radio Player dla sekcji WordPress, kt\u00f3r\u0105 chcesz zintegrowa\u0107 ze swoj\u0105 witryn\u0105.<\/li>\n        <li>Wybierz jedn\u0105 z naszych wst\u0119pnie zaprojektowanych szablon\u00f3w i dostosuj wtyczk\u0119 Radio Player do ustawie\u0144 WordPress, zmodyfikuj uk\u0142ad i schemat kolor\u00f3w, do\u0142\u0105cz swoje tre\u015bci bez konieczno\u015bci kodowania.<\/li>\n        <li>Zapisz ustawienia skonfigurowane dla wtyczki Radio Player dla WordPressa i uzyskaj kod do osadzenia wtyczki, kt\u00f3r\u0105 mo\u017cesz \u0142atwo i bezp\u0142atnie doda\u0107 na swoj\u0105 stron\u0119.<\/li>\n    <\/ul>\n    <p>Pracuj\u0105c w przyjaznym dla u\u017cytkownika Edytorze, ka\u017cdy internauta mo\u017ce stworzy\u0107 Radio wtyczka odtwarzacza dla sekcji WordPress i umie\u015b\u0107 j\u0105 na swojej stronie internetowej. Aby uzyska\u0107 dost\u0119p do Edytora Elfsight, nie jest wymagana \u017cadna p\u0142atno\u015b\u0107 ani ujawnianie danych karty. Je\u015bli na kt\u00f3rymkolwiek etapie napotkasz jakiekolwiek trudno\u015bci, skontaktuj si\u0119 z naszym dzia\u0142em obs\u0142ugi klienta.<\/p>\n    <\/div>\r\n\t\t\t\t\t<\/div>\r\n\t\t\t\t<\/div>\n<\/div>\n<\/div>","protected":false},"excerpt":{"rendered":"","protected":false},"author":9,"featured_media":0,"parent":3418,"menu_order":0,"comment_status":"closed","ping_status":"closed","template":"templates\/template-application-platform.php","meta":{"publish_to_discourse":"","publish_post_category":"","wpdc_auto_publish_overridden":"","wpdc_topic_tags":"","wpdc_pin_topic":"","wpdc_pin_until":"","discourse_post_id":"","discourse_permalink":"","wpdc_publishing_response":"","wpdc_publishing_error":"","footnotes":""},"class_list":["post-6215","page","type-page","status-publish","hentry"],"yoast_head":"<!-- This site is optimized with the Yoast SEO plugin v25.3.1 - https:\/\/yoast.com\/wordpress\/plugins\/seo\/ -->\n<title>Widget Streaming Radio Player dla witryny WordPress (bezp\u0142atny i \u0142atwy)<\/title>\n<meta name=\"description\" content=\"Wprowad\u017a responsywn\u0105 wtyczk\u0119 Radio Player na swojej stronie WordPress. Skorzystaj z naszego wygodnego demo i \u0142atwo wygeneruj swoje radio strumieniowe!\" \/>\n<meta name=\"robots\" content=\"index, follow, max-snippet:-1, max-image-preview:large, max-video-preview:-1\" \/>\n<link rel=\"canonical\" href=\"https:\/\/elfsight.com\/pl\/radio-player-widget\/wordpress\/\" \/>\n<meta property=\"og:locale\" content=\"pl_PL\" \/>\n<meta property=\"og:type\" content=\"article\" \/>\n<meta property=\"og:title\" content=\"Widget Streaming Radio Player dla witryny WordPress (bezp\u0142atny i \u0142atwy)\" \/>\n<meta property=\"og:description\" content=\"Wprowad\u017a responsywn\u0105 wtyczk\u0119 Radio Player na swojej stronie WordPress. Skorzystaj z naszego wygodnego demo i \u0142atwo wygeneruj swoje radio strumieniowe!\" \/>\n<meta property=\"og:url\" content=\"https:\/\/elfsight.com\/pl\/radio-player-widget\/wordpress\/\" \/>\n<meta property=\"og:site_name\" content=\"Elfsight PL\" \/>\n<meta property=\"article:modified_time\" content=\"2025-06-23T12:53:35+00:00\" \/>\n<meta name=\"twitter:card\" content=\"summary_large_image\" \/>\n<meta name=\"twitter:label1\" content=\"Szacowany czas czytania\" \/>\n\t<meta name=\"twitter:data1\" content=\"3 minuty\" \/>\n<!-- \/ Yoast SEO plugin. -->","yoast_head_json":{"title":"Widget Streaming Radio Player dla witryny WordPress (bezp\u0142atny i \u0142atwy)","description":"Wprowad\u017a responsywn\u0105 wtyczk\u0119 Radio Player na swojej stronie WordPress. Skorzystaj z naszego wygodnego demo i \u0142atwo wygeneruj swoje radio strumieniowe!","robots":{"index":"index","follow":"follow","max-snippet":"max-snippet:-1","max-image-preview":"max-image-preview:large","max-video-preview":"max-video-preview:-1"},"canonical":"https:\/\/elfsight.com\/pl\/radio-player-widget\/wordpress\/","og_locale":"pl_PL","og_type":"article","og_title":"Widget Streaming Radio Player dla witryny WordPress (bezp\u0142atny i \u0142atwy)","og_description":"Wprowad\u017a responsywn\u0105 wtyczk\u0119 Radio Player na swojej stronie WordPress. Skorzystaj z naszego wygodnego demo i \u0142atwo wygeneruj swoje radio strumieniowe!","og_url":"https:\/\/elfsight.com\/pl\/radio-player-widget\/wordpress\/","og_site_name":"Elfsight PL","article_modified_time":"2025-06-23T12:53:35+00:00","twitter_card":"summary_large_image","twitter_misc":{"Szacowany czas czytania":"3 minuty"},"schema":{"@context":"https:\/\/schema.org","@graph":[{"@type":"WebPage","@id":"https:\/\/elfsight.com\/pl\/radio-player-widget\/wordpress\/","url":"https:\/\/elfsight.com\/pl\/radio-player-widget\/wordpress\/","name":"Widget Streaming Radio Player dla witryny WordPress (bezp\u0142atny i \u0142atwy)","isPartOf":{"@id":"https:\/\/elfsight.com\/pl\/#website"},"datePublished":"1970-01-01T00:00:00+00:00","dateModified":"2025-06-23T12:53:35+00:00","description":"Wprowad\u017a responsywn\u0105 wtyczk\u0119 Radio Player na swojej stronie WordPress. Skorzystaj z naszego wygodnego demo i \u0142atwo wygeneruj swoje radio strumieniowe!","breadcrumb":{"@id":"https:\/\/elfsight.com\/pl\/radio-player-widget\/wordpress\/#breadcrumb"},"inLanguage":"pl-PL","potentialAction":[{"@type":"ReadAction","target":["https:\/\/elfsight.com\/pl\/radio-player-widget\/wordpress\/"]}]},{"@type":"BreadcrumbList","@id":"https:\/\/elfsight.com\/pl\/radio-player-widget\/wordpress\/#breadcrumb","itemListElement":[{"@type":"ListItem","position":1,"name":"Home","item":"https:\/\/elfsight.com\/pl\/"},{"@type":"ListItem","position":2,"name":"Radio Player","item":"https:\/\/elfsight.com\/pl\/radio-player-widget\/"},{"@type":"ListItem","position":3,"name":"Radio Player &#8211; WordPress"}]},{"@type":"WebSite","@id":"https:\/\/elfsight.com\/pl\/#website","url":"https:\/\/elfsight.com\/pl\/","name":"Elfsight PL","description":"Just another Elfsight Sites site","potentialAction":[{"@type":"SearchAction","target":{"@type":"EntryPoint","urlTemplate":"https:\/\/elfsight.com\/pl\/?s={search_term_string}"},"query-input":{"@type":"PropertyValueSpecification","valueRequired":true,"valueName":"search_term_string"}}],"inLanguage":"pl-PL"}]}},"meta_box":{"industry":"","seo_heading":"","heading":"","description":"","cta_heading":"","cta_description":"","application":"3334","h1":"Wtyczka WordPress Radio Player","h1_caption":"Dodaj transmisj\u0119 radiow\u0105 na \u017cywo do swojej witryny za pomoc\u0105 konfigurowalnego odtwarzacza, kt\u00f3ry bez trudu dopasuje Twoj\u0105 mark\u0119 do Twojej witryny WordPress.","application_category":[],"applications_title":"","applications_request_title":"","applications_request_button_text":"","hero_text":"","hero_video":"","hero_video_schema_markup":"","selling_points_title":"","selling_points_caption":"","selling_points":[],"selling_points_cta_text":"","features_title":"","features":"","ed_cta_examples_text":"","ed_cta_examples_hidden":"","ed_cta_demo_text":"","ed_cta_demo_hidden":"","why_caption":"","why_editor_title":"","why_editor_text":"","why_team_title":"","why_team_text":"","why_service_title":"","why_service_text":"","template_catalog_visible":"0","template_catalog_title":"","template_catalog_text":"","template_catalog_categories_visible":"","demo_title":"Utw\u00f3rz wtyczk\u0119 Radio Player","demo_caption":"Skonfiguruj sw\u00f3j Radio Player i dodaj go do swojej witryny WordPress za darmo!","default_faq_hidden":"","app_template_category":[],"platform":"31","template_public_id":"","codecanyon_url":"","codecanyon_item_id":"","codecanyon_price":"","pricing_caption":"","pricing_elfsight_apps_hide_column":"","pricing_elfsight_apps_url":"","pricing_codecanyon_price_caption":"","integration_category":[],"integration_request_title":"","integration_request_cta":"","integration_platform":"","integrations":[],"platform_category":[],"video_schema_markup":"","price":"od 0 USD \/ miesi\u0105c","trial":"","benefits":[{"text":"Bezp\u0142atna pomoc w instalacji"},{"text":"Wsparcie premium"},{"text":"14-dniowa gwarancja zwrotu pieni\u0119dzy"}],"button_url":"#demo","button_target_blank":"0","button_nofollow":"0","attributes":[{"name":"Instaluje"},{"name":"Czu\u0142y"},{"name":"Kompatybilne przegl\u0105darki"}],"tags":[],"tags_disable_links":"0","hide_more_platforms":"0","video_object":"","demo_hide_cta":"0","demo_hide_cloud_options":"0","pricing_title":"","pricing":[{"pricing_icon":"platform","pricing_title":"Elfsight Apps","pricing_title_caption":"Rozwi\u0105zanie wieloplatformowe, kt\u00f3re dzia\u0142a na ka\u017cdej stronie internetowej","pricing_price":"od 0 USD \/ miesi\u0105c","pricing_price_caption":"zacznij od bezp\u0142atnego planu","pricing_benefits":[{"text":"Nielimitowane domeny"},{"text":"Wsparcie firmy premium"},{"text":"Bezp\u0142atna pomoc w monta\u017cu"},{"text":"Oferta specjalna na wiele aplikacji"}],"pricing_button_text":"Dodaj do witryny","pricing_button_url":"#demo"}],"related_apps_title":"","related_apps_hidden":"0","author":"","image":[],"title":"","job":"","social_networks":[]},"_links":{"self":[{"href":"https:\/\/elfsight.com\/pl\/wp-json\/wp\/v2\/pages\/6215","targetHints":{"allow":["GET"]}}],"collection":[{"href":"https:\/\/elfsight.com\/pl\/wp-json\/wp\/v2\/pages"}],"about":[{"href":"https:\/\/elfsight.com\/pl\/wp-json\/wp\/v2\/types\/page"}],"author":[{"embeddable":true,"href":"https:\/\/elfsight.com\/pl\/wp-json\/wp\/v2\/users\/9"}],"replies":[{"embeddable":true,"href":"https:\/\/elfsight.com\/pl\/wp-json\/wp\/v2\/comments?post=6215"}],"version-history":[{"count":3,"href":"https:\/\/elfsight.com\/pl\/wp-json\/wp\/v2\/pages\/6215\/revisions"}],"predecessor-version":[{"id":10390,"href":"https:\/\/elfsight.com\/pl\/wp-json\/wp\/v2\/pages\/6215\/revisions\/10390"}],"up":[{"embeddable":true,"href":"https:\/\/elfsight.com\/pl\/wp-json\/wp\/v2\/pages\/3418"}],"wp:attachment":[{"href":"https:\/\/elfsight.com\/pl\/wp-json\/wp\/v2\/media?parent=6215"}],"curies":[{"name":"wp","href":"https:\/\/api.w.org\/{rel}","templated":true}]}}