{"id":6213,"date":"1970-01-01T00:00:00","date_gmt":"1970-01-01T00:00:00","guid":{"rendered":"https:\/\/elfsight.com\/pl\/?page_id=6213"},"modified":"2024-11-14T08:53:13","modified_gmt":"2024-11-14T08:53:13","slug":"google-sites","status":"publish","type":"page","link":"https:\/\/elfsight.com\/pl\/radio-player-widget\/google-sites\/","title":{"rendered":"Radio Player &#8211; Google Sites"},"content":{"rendered":"<div class=\"application-platform-content-item-description application-platform-content-item\" id=\"description\" data-nav-section=\"description\"> <h2>Umie\u015b\u0107 odtwarzacz radiowy w Witrynach Google za pomoc\u0105 wid\u017cetu Elfsight<\/h2> <p>Odtwarzacz radiowy Elfsight dla Witryn Google to prosty wid\u017cet umo\u017cliwiaj\u0105cy do odtwarzania stacji radiowych bezpo\u015brednio na Twojej stronie internetowej. Narz\u0119dzie jest niezwykle modyfikowalne: mo\u017cesz zmieni\u0107 jego po\u0142o\u017cenie, wstawi\u0107 w dowolnym miejscu strony, zmieni\u0107 jego rozmiar, zmieni\u0107 kolor t\u0142a i wszystkich innych element\u00f3w, aby dopasowa\u0107 je do stylu witryny, zastosowa\u0107 ciemn\u0105 kolorystyk\u0119, ods\u0142oni\u0107 obrazy i wy\u015bwietli\u0107 lub ukry\u0107 3 inne elementy gracza, takie jak nag\u0142\u00f3wek, status i inne. Dodaj tyle stacji, ile chcesz zaanga\u017cowa\u0107 odbiorc\u00f3w, w\u0142\u0105cz opcj\u0119 autoodtwarzania i miej pewno\u015b\u0107, \u017ce Twoi u\u017cytkownicy nie opuszcz\u0105 Twojej witryny w po\u015bpiechu! <\/p> <p><b>Zapewnij odwiedzaj\u0105cym jeszcze jedno \u017ar\u00f3d\u0142o przydatnych i rozrywkowych tre\u015bci za pomoc\u0105 odtwarzacza Elfsight Radio Player<\/b><\/p> <\/div> <div class=\"application-platform-content-item-features application-platform-content-item\" id=\"features\" data-nav-section=\"features\"> <h2>Oferta najwa\u017cniejszych funkcji widgetu<\/h2> <ul><li>R\u00f3\u017cne warianty kolorystyczne. <\/li><li>Schemat kolor\u00f3w ciemnych\/jasnych. <\/li><li>Dost\u0119pne dwa uk\u0142ady. <\/li><li>Opcja do\u0142\u0105czenia obrazu t\u0142a. <\/li><li>Dodaj nieograniczon\u0105 liczb\u0119 stacji<\/li><\/ul><p><a href=\"#demo\">Przetestuj wszystkie opcje dostosowywania w 100% funkcjonalnej wersji demonstracyjnej<\/a><\/p> <\/div> <div class=\"application-platform-content-item-installation application-platform-content-item\" id=\"installation\" data-nav-section=\"installation\"> <h2>Jak doda\u0107 Radio Player do mojej witryny Witryn Google? <\/h2> <div class=\"video-container\"><iframe width=\"720\" height=\"405\" src=\"https:\/\/www.youtube.com\/embed\/x1-g7oqnMDI\" frameborder=\"0\" allowfullscreen=\"\"><\/iframe><\/div><p>Wystarczy wykona\u0107 kilka krok\u00f3w podanych poni\u017cej, aby zainstalowa\u0107 wtyczk\u0119. <\/p> <ol><li><b>Otw\u00f3rz nasze bezp\u0142atne demo i zacznij kszta\u0142towa\u0107 sw\u00f3j spersonalizowany instrument. <\/b><br> Wybierz preferowany interfejs i funkcjonalno\u015b\u0107 wid\u017cetu i zastosuj poprawki. <\/li> <li><b>Zdob\u0105d\u017a sw\u00f3j unikalny kod, kt\u00f3ry pojawi si\u0119 w oknie aplikacji Elfsight. <\/b><br> Zaraz po zako\u0144czeniu konfiguracji osobistej wtyczki skopiuj ekskluzywny kod w wy\u015bwietlonym oknie i zapisz go do dalszego wykorzystania. <\/li> <li><b>Rozpocznij korzystanie z wid\u017cetu na stronie g\u0142\u00f3wnej Witryn Google. <\/b><br> Wklej wcze\u015bniej zapisany kod na swoj\u0105 stron\u0119 i zastosuj zmiany. <\/li> <li><b>Instalacja zosta\u0142a pomy\u015blnie przeprowadzona. <\/b><br> Odwied\u017a swoj\u0105 stron\u0119, aby sprawdzi\u0107 dzia\u0142anie narz\u0119dzia. <\/li><\/ol> <div class=\"tip-yellow tip\"><b>Ze wzgl\u0119du na specyfik\u0119 dzia\u0142ania Witryn Google wid\u017cet mo\u017ce wygl\u0105da\u0107 inaczej ni\u017c wersja demonstracyjna online. Przepraszamy za wszelkie niedogodno\u015bci.<\/b><\/div><p>Je\u015bli masz pytania lub napotkasz jakiekolwiek trudno\u015bci, skontaktuj si\u0119 z naszym zespo\u0142em pomocy. Nasi ludzie pragn\u0105 rozwi\u0105za\u0107 wszystkie problemy, jakie mo\u017cesz mie\u0107 z produktem. <\/p> <div class=\"faq\" data-component=\"FAQ\"><div class=\"faq-item\">\r\n\t\t\t\t\t<div class=\"faq-item-question\">\r\n\t\t\t\t\t\t<h3 class=\"faq-item-question-text\">Jak mog\u0119 osadzi\u0107 wid\u017cet Odtwarzacza Radia na mojej stronie Witryn Google bez wiedzy w zakresie kodowania?<\/h3>\r\n\r\n\t\t\t\t\t\t<div class=\"faq-item-question-icon\"><\/div>\r\n\t\t\t\t\t<\/div>\r\n\r\n\t\t\t\t\t<div class=\"faq-item-answer\">\r\n\t\t\t\t\t\t<div class=\"faq-item-answer-text\"><p>Elfsight zapewnia rozwi\u0105zanie oparte na chmurze, kt\u00f3re umo\u017cliwia u\u017cytkownikom do\u0142\u0105czenie wid\u017cetu Odtwarzacza Radia na stronie Witryn Google i przekonaj si\u0119, jak nieskomplikowany jest ten proces:<\/p><ul><li>Uzyskaj dost\u0119p do edytora online, aby wygenerowa\u0107 sekcj\u0119 wid\u017cetu odtwarzacza radia, kt\u00f3r\u0105 chcesz umie\u015bci\u0107 na swojej stronie w Witrynach Google.<\/li> <li>Wybierz jeden z naszych wst\u0119pnie zaprojektowanych szablon\u00f3w i dostosuj ustawienia wid\u017cetu Radio Player, zmodyfikuj uk\u0142ad i schemat kolor\u00f3w, do\u0142\u0105cz swoj\u0105 tre\u015b\u0107 bez konieczno\u015bci kodowania.<\/li><li>Zapisz skonfigurowane ustawienia wid\u017cet Radio Player i uzyskaj kod wid\u017cetu do umieszczenia na stronie, kt\u00f3ry mo\u017cna \u0142atwo i bezp\u0142atnie umie\u015bci\u0107 na stronie Witryn Google.<\/li><\/ul><p>Dzi\u0119ki pracy w przyjaznym dla u\u017cytkownika Edytorze ka\u017cdy u\u017cytkownik Internetu mo\u017ce utw\u00f3rz sekcj\u0119 wid\u017cetu Radio Player i umie\u015b\u0107 j\u0105 na swojej stronie Witryn Google. Aby uzyska\u0107 dost\u0119p do Edytora Elfsight, nie jest wymagana \u017cadna p\u0142atno\u015b\u0107 ani ujawnianie danych karty. Je\u015bli na kt\u00f3rymkolwiek etapie napotkasz jakiekolwiek trudno\u015bci, skontaktuj si\u0119 z naszym dzia\u0142em obs\u0142ugi klienta.<\/p><\/div>\r\n\t\t\t\t\t<\/div>\r\n\t\t\t\t<\/div><\/div><\/div>","protected":false},"excerpt":{"rendered":"","protected":false},"author":9,"featured_media":0,"parent":3418,"menu_order":0,"comment_status":"closed","ping_status":"closed","template":"templates\/template-application-platform.php","meta":{"publish_to_discourse":"","publish_post_category":"","wpdc_auto_publish_overridden":"","wpdc_topic_tags":"","wpdc_pin_topic":"","wpdc_pin_until":"","discourse_post_id":"","discourse_permalink":"","wpdc_publishing_response":"","wpdc_publishing_error":"","footnotes":""},"class_list":["post-6213","page","type-page","status-publish","hentry"],"yoast_head":"<!-- This site is optimized with the Yoast SEO plugin v25.3.1 - https:\/\/yoast.com\/wordpress\/plugins\/seo\/ -->\n<title>Radio Player \u2013 dodaj wid\u017cet Radio Player do Witryn Google (2025)<\/title>\n<meta name=\"description\" content=\"Zaimplementuj responsywny widget Radio Player na swojej stronie internetowej. Skorzystaj z naszego podr\u0119cznego demo i w kilka minut bez wysi\u0142ku ukszta\u0142tuj swoje narz\u0119dzie!\" \/>\n<meta name=\"robots\" content=\"index, follow, max-snippet:-1, max-image-preview:large, max-video-preview:-1\" \/>\n<link rel=\"canonical\" href=\"https:\/\/elfsight.com\/pl\/radio-player-widget\/google-sites\/\" \/>\n<meta property=\"og:locale\" content=\"pl_PL\" \/>\n<meta property=\"og:type\" content=\"article\" \/>\n<meta property=\"og:title\" content=\"Radio Player \u2013 dodaj wid\u017cet Radio Player do Witryn Google (2025)\" \/>\n<meta property=\"og:description\" content=\"Zaimplementuj responsywny widget Radio Player na swojej stronie internetowej. Skorzystaj z naszego podr\u0119cznego demo i w kilka minut bez wysi\u0142ku ukszta\u0142tuj swoje narz\u0119dzie!\" \/>\n<meta property=\"og:url\" content=\"https:\/\/elfsight.com\/pl\/radio-player-widget\/google-sites\/\" \/>\n<meta property=\"og:site_name\" content=\"Elfsight PL\" \/>\n<meta property=\"article:modified_time\" content=\"2024-11-14T08:53:13+00:00\" \/>\n<meta name=\"twitter:card\" content=\"summary_large_image\" \/>\n<meta name=\"twitter:label1\" content=\"Szacowany czas czytania\" \/>\n\t<meta name=\"twitter:data1\" content=\"3 minuty\" \/>\n<!-- \/ Yoast SEO plugin. -->","yoast_head_json":{"title":"Radio Player \u2013 dodaj wid\u017cet Radio Player do Witryn Google (2025)","description":"Zaimplementuj responsywny widget Radio Player na swojej stronie internetowej. Skorzystaj z naszego podr\u0119cznego demo i w kilka minut bez wysi\u0142ku ukszta\u0142tuj swoje narz\u0119dzie!","robots":{"index":"index","follow":"follow","max-snippet":"max-snippet:-1","max-image-preview":"max-image-preview:large","max-video-preview":"max-video-preview:-1"},"canonical":"https:\/\/elfsight.com\/pl\/radio-player-widget\/google-sites\/","og_locale":"pl_PL","og_type":"article","og_title":"Radio Player \u2013 dodaj wid\u017cet Radio Player do Witryn Google (2025)","og_description":"Zaimplementuj responsywny widget Radio Player na swojej stronie internetowej. Skorzystaj z naszego podr\u0119cznego demo i w kilka minut bez wysi\u0142ku ukszta\u0142tuj swoje narz\u0119dzie!","og_url":"https:\/\/elfsight.com\/pl\/radio-player-widget\/google-sites\/","og_site_name":"Elfsight PL","article_modified_time":"2024-11-14T08:53:13+00:00","twitter_card":"summary_large_image","twitter_misc":{"Szacowany czas czytania":"3 minuty"},"schema":{"@context":"https:\/\/schema.org","@graph":[{"@type":"WebPage","@id":"https:\/\/elfsight.com\/pl\/radio-player-widget\/google-sites\/","url":"https:\/\/elfsight.com\/pl\/radio-player-widget\/google-sites\/","name":"Radio Player \u2013 dodaj wid\u017cet Radio Player do Witryn Google (2025)","isPartOf":{"@id":"https:\/\/elfsight.com\/pl\/#website"},"datePublished":"1970-01-01T00:00:00+00:00","dateModified":"2024-11-14T08:53:13+00:00","description":"Zaimplementuj responsywny widget Radio Player na swojej stronie internetowej. Skorzystaj z naszego podr\u0119cznego demo i w kilka minut bez wysi\u0142ku ukszta\u0142tuj swoje narz\u0119dzie!","breadcrumb":{"@id":"https:\/\/elfsight.com\/pl\/radio-player-widget\/google-sites\/#breadcrumb"},"inLanguage":"pl-PL","potentialAction":[{"@type":"ReadAction","target":["https:\/\/elfsight.com\/pl\/radio-player-widget\/google-sites\/"]}]},{"@type":"BreadcrumbList","@id":"https:\/\/elfsight.com\/pl\/radio-player-widget\/google-sites\/#breadcrumb","itemListElement":[{"@type":"ListItem","position":1,"name":"Home","item":"https:\/\/elfsight.com\/pl\/"},{"@type":"ListItem","position":2,"name":"Radio Player","item":"https:\/\/elfsight.com\/pl\/radio-player-widget\/"},{"@type":"ListItem","position":3,"name":"Radio Player &#8211; Google Sites"}]},{"@type":"WebSite","@id":"https:\/\/elfsight.com\/pl\/#website","url":"https:\/\/elfsight.com\/pl\/","name":"Elfsight PL","description":"Just another Elfsight Sites site","potentialAction":[{"@type":"SearchAction","target":{"@type":"EntryPoint","urlTemplate":"https:\/\/elfsight.com\/pl\/?s={search_term_string}"},"query-input":{"@type":"PropertyValueSpecification","valueRequired":true,"valueName":"search_term_string"}}],"inLanguage":"pl-PL"}]}},"meta_box":{"industry":"","seo_heading":"","heading":"","description":"","cta_heading":"","cta_description":"","application":"3334","h1":"Widget odtwarzacza radiowego Witryn Google","h1_caption":"Dodaj transmisj\u0119 radiow\u0105 na \u017cywo do swojej witryny za pomoc\u0105 konfigurowalnego odtwarzacza, kt\u00f3ry z \u0142atwo\u015bci\u0105 dopasuje Twoj\u0105 mark\u0119 do Witryn Google.","application_category":[],"applications_title":"","applications_request_title":"","applications_request_button_text":"","hero_text":"","hero_video":"","hero_video_schema_markup":"","selling_points_title":"","selling_points_caption":"","selling_points":[],"selling_points_cta_text":"","features_title":"","features":"","ed_cta_examples_text":"","ed_cta_examples_hidden":"","ed_cta_demo_text":"","ed_cta_demo_hidden":"","why_caption":"","why_editor_title":"","why_editor_text":"","why_team_title":"","why_team_text":"","why_service_title":"","why_service_text":"","template_catalog_visible":"","template_catalog_title":"","template_catalog_text":"","template_catalog_categories_visible":"","demo_title":"Utw\u00f3rz wid\u017cet odtwarzacza radia","demo_caption":"Skonfiguruj sw\u00f3j odtwarzacz radiowy i dodaj go za darmo do swojej witryny Google Sites!","default_faq_hidden":"","app_template_category":[],"platform":"484","template_public_id":"","codecanyon_url":"","codecanyon_item_id":"","codecanyon_price":"","pricing_caption":"","pricing_elfsight_apps_hide_column":"","pricing_elfsight_apps_url":"","pricing_codecanyon_price_caption":"","integration_category":[],"integration_request_title":"","integration_request_cta":"","integration_platform":"","integrations":[],"platform_category":[],"video_schema_markup":"","price":"od 0 USD \/ miesi\u0105c","trial":"","benefits":[{"text":"Bezp\u0142atna pomoc w monta\u017cu"},{"text":"Wsparcie premium"},{"text":"14-dniowa gwarancja zwrotu pieni\u0119dzy"}],"button_url":"#demo","button_target_blank":"","button_nofollow":"","attributes":[{"name":"Instaluje"},{"name":"Czu\u0142y"},{"name":"Kompatybilne przegl\u0105darki"}],"tags":[],"tags_disable_links":"","hide_more_platforms":"","video_object":"","demo_hide_cta":"","demo_hide_cloud_options":"","pricing_title":"","pricing":[{"pricing_icon":"platform","pricing_title":"Elfsight Apps","pricing_title_caption":"Oprogramowanie niezale\u017cne od platformy, kt\u00f3re pasuje do ka\u017cdej witryny internetowej","pricing_price":"od 0 USD \/ miesi\u0105c","pricing_price_caption":"zacznij od bezp\u0142atnego planu","pricing_benefits":[{"text":"Nielimitowane domeny"},{"text":"Dedykowane wsparcie"},{"text":"Bezp\u0142atna us\u0142uga monta\u017cu"},{"text":"Elastyczny projekt"}],"pricing_button_text":"Dodaj do witryny","pricing_button_url":"#demo"}],"related_apps_title":"","related_apps_hidden":"","author":"","image":[],"title":"","job":"","social_networks":[]},"_links":{"self":[{"href":"https:\/\/elfsight.com\/pl\/wp-json\/wp\/v2\/pages\/6213","targetHints":{"allow":["GET"]}}],"collection":[{"href":"https:\/\/elfsight.com\/pl\/wp-json\/wp\/v2\/pages"}],"about":[{"href":"https:\/\/elfsight.com\/pl\/wp-json\/wp\/v2\/types\/page"}],"author":[{"embeddable":true,"href":"https:\/\/elfsight.com\/pl\/wp-json\/wp\/v2\/users\/9"}],"replies":[{"embeddable":true,"href":"https:\/\/elfsight.com\/pl\/wp-json\/wp\/v2\/comments?post=6213"}],"version-history":[{"count":2,"href":"https:\/\/elfsight.com\/pl\/wp-json\/wp\/v2\/pages\/6213\/revisions"}],"predecessor-version":[{"id":7969,"href":"https:\/\/elfsight.com\/pl\/wp-json\/wp\/v2\/pages\/6213\/revisions\/7969"}],"up":[{"embeddable":true,"href":"https:\/\/elfsight.com\/pl\/wp-json\/wp\/v2\/pages\/3418"}],"wp:attachment":[{"href":"https:\/\/elfsight.com\/pl\/wp-json\/wp\/v2\/media?parent=6213"}],"curies":[{"name":"wp","href":"https:\/\/api.w.org\/{rel}","templated":true}]}}