{"id":6208,"date":"1970-01-01T00:00:00","date_gmt":"1970-01-01T00:00:00","guid":{"rendered":"https:\/\/elfsight.com\/pl\/?page_id=6208"},"modified":"2024-09-13T13:51:21","modified_gmt":"2024-09-13T13:51:21","slug":"godaddy","status":"publish","type":"page","link":"https:\/\/elfsight.com\/pl\/radio-player-widget\/godaddy\/","title":{"rendered":"Radio Player  &#8211; GoDaddy"},"content":{"rendered":"<div class=\"application-platform-content-item-description application-platform-content-item\" id=\"description\" data-nav-section=\"description\"> <h2>Osad\u017a Radio Player w GoDaddy za pomoc\u0105 wid\u017cetu Elfsight<\/h2> <p>Elfsight Radio Player to prosta wtyczka do GoDaddy, kt\u00f3ra daje Ci mo\u017cliwo\u015bci do strumieniowego przesy\u0142ania stacji radiowych bezpo\u015brednio na swoj\u0105 stron\u0119 internetow\u0105. Wtyczka ma ogromne mo\u017cliwo\u015bci dostosowywania: mo\u017cesz dowolnie zmienia\u0107 jej po\u0142o\u017cenie, ustawia\u0107 j\u0105 w dowolnym miejscu strony, skalowa\u0107 jej rozmiar, zmienia\u0107 kolor t\u0142a i wszystkich innych cz\u0119\u015bci, aby dopasowa\u0107 go do stylu witryny, stosowa\u0107 ciemny motyw, demonstrowa\u0107 obrazy i demonstrowa\u0107 lub ukryj 3 dodatkowe elementy gracza, na przyk\u0142ad tytu\u0142, status i inne. Mo\u017cesz przes\u0142a\u0107 dowoln\u0105 liczb\u0119 stacji, ile chcesz zabawia\u0107 odwiedzaj\u0105cych, w\u0142\u0105czy\u0107 opcj\u0119 automatycznego odtwarzania i nie wahaj si\u0119 \u2013 Twoi u\u017cytkownicy nie opuszcz\u0105 Twojej witryny w po\u015bpiechu! <\/p> <p><b>Wyposa\u017c swoich odbiorc\u00f3w w nowe \u017ar\u00f3d\u0142o przydatnych i rozrywkowych tre\u015bci za pomoc\u0105 Radio Playera<\/b><\/p> <\/div> <div class=\"application-platform-content-item-features application-platform-content-item\" id=\"features\" data-nav-section=\"features\"> <h2>My oferuj\u0105 zaawansowane i nieskomplikowane funkcje, sprawd\u017a niekt\u00f3re z nich: <\/h2> <ul><li>R\u00f3\u017cne warianty kolorystyczne. <\/li><li>Motyw ciemnego\/jasnego koloru. <\/li><li>2 uk\u0142ady gotowe do u\u017cycia. <\/li><li>Opcja do\u0142\u0105czenia obrazu t\u0142a. <\/li><li>Dodaj nieograniczon\u0105 liczb\u0119 stacji<\/li><\/ul><p><a href=\"#demo\">Pe\u0142n\u0105 funkcjonalno\u015b\u0107 wtyczki mo\u017cesz sprawdzi\u0107 w wersji demonstracyjnej <\/a><\/p> <\/div> <div class=\"application-platform-content-item-installation application-platform-content-item\" id=\"installation\" data-nav-section=\"installation\"> <h2>Jak osadzi\u0107 Radio Player w mojej witrynie GoDaddy? <\/h2> <p>Wystarczy wykona\u0107 poni\u017csze kroki opisane poni\u017cej, aby doda\u0107 wtyczk\u0119. <\/p> <ol><li><b>Zarz\u0105dzaj naszym darmowym edytorem i zacznij tworzy\u0107 w\u0142asn\u0105 wtyczk\u0119. <\/b><br> Okre\u015bl preferowan\u0105 form\u0119 i cechy wtyczki oraz zapisz zmiany. <\/li> <li><b>Odbierz sw\u00f3j unikalny kod widoczny w pude\u0142ku w aplikacjach Elfsight. <\/b><br> Po zako\u0144czeniu tworzenia wtyczki skopiuj indywidualny kod w wy\u015bwietlonym wyskakuj\u0105cym okienku i zapisz go do p\u00f3\u017aniejszego wykorzystania. <\/li> <li><b>Rozpocznij korzystanie z wtyczki na stronie g\u0142\u00f3wnej GoDaddy. <\/b><br> Zintegruj skopiowany wcze\u015bniej kod ze swoj\u0105 stron\u0105 g\u0142\u00f3wn\u0105 i zastosuj poprawki. <\/li> <li><b>Gotowe! Integracja zosta\u0142a w pe\u0142ni wykonana. <\/b><br> Odwied\u017a swoj\u0105 witryn\u0119, aby sprawdzi\u0107 dzia\u0142anie narz\u0119dzia. <\/li><\/ol> <p>Je\u015bli masz pytania lub napotykasz pewne komplikacje, skontaktuj si\u0119 z naszym personelem pomocniczym. Nasi konsultanci ch\u0119tnie pomog\u0105 Ci we wszystkich trudno\u015bciach, jakie mo\u017cesz mie\u0107 z wtyczk\u0105. <\/p> <div class=\"faq\" data-component=\"FAQ\"><div class=\"faq-item\">\r\n\t\t\t\t\t<div class=\"faq-item-question\">\r\n\t\t\t\t\t\t<h3 class=\"faq-item-question-text\">Jak mog\u0119 osadzi\u0107 wtyczk\u0119 GoDaddy Radio Player w mojej witrynie internetowej bez umiej\u0119tno\u015bci kodowania?<\/h3>\r\n\r\n\t\t\t\t\t\t<div class=\"faq-item-question-icon\"><\/div>\r\n\t\t\t\t\t<\/div>\r\n\r\n\t\t\t\t\t<div class=\"faq-item-answer\">\r\n\t\t\t\t\t\t<div class=\"faq-item-answer-text\"><p>Elfsight oferuje rozwi\u0105zanie oparte na chmurze, kt\u00f3re umo\u017cliwia u\u017cytkownikom tworzenie wtyczki GoDaddy Radio Player na w\u0142asn\u0105 r\u0119k\u0119. Zobacz, jak prosty mo\u017ce by\u0107 ten proces:<\/p><ul><li>Uzyskaj dost\u0119p do edytora online, aby wygenerowa\u0107 sekcj\u0119 wtyczki GoDaddy Radio Player, kt\u00f3r\u0105 chcesz zintegrowa\u0107 ze swoj\u0105 witryn\u0105.<\/li><li>Wybierz jedn\u0105 z naszych wst\u0119pnie zaprojektowanych szablon\u00f3w i dostosuj ustawienia wtyczki GoDaddy Radio Player, zmodyfikuj uk\u0142ad i schemat kolor\u00f3w, do\u0142\u0105cz swoj\u0105 tre\u015b\u0107 bez konieczno\u015bci kodowania.<\/li><li>Zachowaj ustawienia skonfigurowane dla wtyczki GoDaddy Radio Player i uzyskaj kod do osadzenia, kt\u00f3ry mo\u017cesz \u0142atwo i bezp\u0142atnie umie\u015bci\u0107 w swojej witrynie.<\/li><\/ul><p>Pracuj\u0105c w przyjaznym dla u\u017cytkownika Edytorze, ka\u017cdy u\u017cytkownik Internetu mo\u017ce utworzy\u0107 sekcj\u0119 wtyczek GoDaddy Radio Player i umie\u015b\u0107 go na swojej stronie internetowej. Aby uzyska\u0107 dost\u0119p do Edytora Elfsight, nie jest wymagana \u017cadna p\u0142atno\u015b\u0107 ani ujawnianie danych karty. Je\u015bli na kt\u00f3rymkolwiek etapie napotkasz jakiekolwiek trudno\u015bci, skontaktuj si\u0119 z naszym dzia\u0142em obs\u0142ugi klienta.<\/p><\/div>\r\n\t\t\t\t\t<\/div>\r\n\t\t\t\t<\/div><\/div><\/div>","protected":false},"excerpt":{"rendered":"","protected":false},"author":9,"featured_media":0,"parent":3418,"menu_order":0,"comment_status":"closed","ping_status":"closed","template":"templates\/template-application-platform.php","meta":{"publish_to_discourse":"","publish_post_category":"","wpdc_auto_publish_overridden":"","wpdc_topic_tags":"","wpdc_pin_topic":"","wpdc_pin_until":"","discourse_post_id":"","discourse_permalink":"","wpdc_publishing_response":"","wpdc_publishing_error":"","footnotes":""},"class_list":["post-6208","page","type-page","status-publish","hentry"],"yoast_head":"<!-- This site is optimized with the Yoast SEO plugin v25.3.1 - https:\/\/yoast.com\/wordpress\/plugins\/seo\/ -->\n<title>Radio Player \u2014 dodaj wtyczk\u0119 Radio Player do witryny GoDaddy!<\/title>\n<meta name=\"description\" content=\"Dodaj responsywn\u0105 wtyczk\u0119 Radio Player do swojej strony g\u0142\u00f3wnej. Zastosuj nasze praktyczne demo i wygeneruj wtyczk\u0119 za pomoc\u0105 kilku klikni\u0119\u0107!\" \/>\n<meta name=\"robots\" content=\"index, follow, max-snippet:-1, max-image-preview:large, max-video-preview:-1\" \/>\n<link rel=\"canonical\" href=\"https:\/\/elfsight.com\/pl\/radio-player-widget\/godaddy\/\" \/>\n<meta property=\"og:locale\" content=\"pl_PL\" \/>\n<meta property=\"og:type\" content=\"article\" \/>\n<meta property=\"og:title\" content=\"Radio Player \u2014 dodaj wtyczk\u0119 Radio Player do witryny GoDaddy!\" \/>\n<meta property=\"og:description\" content=\"Dodaj responsywn\u0105 wtyczk\u0119 Radio Player do swojej strony g\u0142\u00f3wnej. Zastosuj nasze praktyczne demo i wygeneruj wtyczk\u0119 za pomoc\u0105 kilku klikni\u0119\u0107!\" \/>\n<meta property=\"og:url\" content=\"https:\/\/elfsight.com\/pl\/radio-player-widget\/godaddy\/\" \/>\n<meta property=\"og:site_name\" content=\"Elfsight PL\" \/>\n<meta property=\"article:modified_time\" content=\"2024-09-13T13:51:21+00:00\" \/>\n<meta name=\"twitter:card\" content=\"summary_large_image\" \/>\n<meta name=\"twitter:label1\" content=\"Szacowany czas czytania\" \/>\n\t<meta name=\"twitter:data1\" content=\"3 minuty\" \/>\n<!-- \/ Yoast SEO plugin. -->","yoast_head_json":{"title":"Radio Player \u2014 dodaj wtyczk\u0119 Radio Player do witryny GoDaddy!","description":"Dodaj responsywn\u0105 wtyczk\u0119 Radio Player do swojej strony g\u0142\u00f3wnej. Zastosuj nasze praktyczne demo i wygeneruj wtyczk\u0119 za pomoc\u0105 kilku klikni\u0119\u0107!","robots":{"index":"index","follow":"follow","max-snippet":"max-snippet:-1","max-image-preview":"max-image-preview:large","max-video-preview":"max-video-preview:-1"},"canonical":"https:\/\/elfsight.com\/pl\/radio-player-widget\/godaddy\/","og_locale":"pl_PL","og_type":"article","og_title":"Radio Player \u2014 dodaj wtyczk\u0119 Radio Player do witryny GoDaddy!","og_description":"Dodaj responsywn\u0105 wtyczk\u0119 Radio Player do swojej strony g\u0142\u00f3wnej. Zastosuj nasze praktyczne demo i wygeneruj wtyczk\u0119 za pomoc\u0105 kilku klikni\u0119\u0107!","og_url":"https:\/\/elfsight.com\/pl\/radio-player-widget\/godaddy\/","og_site_name":"Elfsight PL","article_modified_time":"2024-09-13T13:51:21+00:00","twitter_card":"summary_large_image","twitter_misc":{"Szacowany czas czytania":"3 minuty"},"schema":{"@context":"https:\/\/schema.org","@graph":[{"@type":"WebPage","@id":"https:\/\/elfsight.com\/pl\/radio-player-widget\/godaddy\/","url":"https:\/\/elfsight.com\/pl\/radio-player-widget\/godaddy\/","name":"Radio Player \u2014 dodaj wtyczk\u0119 Radio Player do witryny GoDaddy!","isPartOf":{"@id":"https:\/\/elfsight.com\/pl\/#website"},"datePublished":"1970-01-01T00:00:00+00:00","dateModified":"2024-09-13T13:51:21+00:00","description":"Dodaj responsywn\u0105 wtyczk\u0119 Radio Player do swojej strony g\u0142\u00f3wnej. Zastosuj nasze praktyczne demo i wygeneruj wtyczk\u0119 za pomoc\u0105 kilku klikni\u0119\u0107!","breadcrumb":{"@id":"https:\/\/elfsight.com\/pl\/radio-player-widget\/godaddy\/#breadcrumb"},"inLanguage":"pl-PL","potentialAction":[{"@type":"ReadAction","target":["https:\/\/elfsight.com\/pl\/radio-player-widget\/godaddy\/"]}]},{"@type":"BreadcrumbList","@id":"https:\/\/elfsight.com\/pl\/radio-player-widget\/godaddy\/#breadcrumb","itemListElement":[{"@type":"ListItem","position":1,"name":"Home","item":"https:\/\/elfsight.com\/pl\/"},{"@type":"ListItem","position":2,"name":"Radio Player","item":"https:\/\/elfsight.com\/pl\/radio-player-widget\/"},{"@type":"ListItem","position":3,"name":"Radio Player &#8211; GoDaddy"}]},{"@type":"WebSite","@id":"https:\/\/elfsight.com\/pl\/#website","url":"https:\/\/elfsight.com\/pl\/","name":"Elfsight PL","description":"Just another Elfsight Sites site","potentialAction":[{"@type":"SearchAction","target":{"@type":"EntryPoint","urlTemplate":"https:\/\/elfsight.com\/pl\/?s={search_term_string}"},"query-input":{"@type":"PropertyValueSpecification","valueRequired":true,"valueName":"search_term_string"}}],"inLanguage":"pl-PL"}]}},"meta_box":{"industry":"","seo_heading":"","heading":"","description":"","cta_heading":"","cta_description":"","application":"3334","h1":"Wtyczka GoDaddy Radio Player","h1_caption":"Urozmaicaj warianty tre\u015bci i wyr\u00f3\u017cnij si\u0119 z t\u0142umu","application_category":[],"applications_title":"","applications_request_title":"","applications_request_button_text":"","hero_text":"","hero_video":"","hero_video_schema_markup":"","selling_points_title":"","selling_points_caption":"","selling_points":[],"selling_points_cta_text":"","features_title":"","features":"","ed_cta_examples_text":"","ed_cta_examples_hidden":"","ed_cta_demo_text":"","ed_cta_demo_hidden":"","why_caption":"","why_editor_title":"","why_editor_text":"","why_team_title":"","why_team_text":"","why_service_title":"","why_service_text":"","template_catalog_visible":"","template_catalog_title":"","template_catalog_text":"","template_catalog_categories_visible":"","demo_title":"Nie wahaj si\u0119 zaprojektowa\u0107 w\u0142asnego odtwarzacza radiowego","demo_caption":"Dostosuj go i zintegruj ze swoj\u0105 stron\u0105 g\u0142\u00f3wn\u0105 z wersji demonstracyjnej na \u017cywo.","default_faq_hidden":"","app_template_category":[],"platform":"180","template_public_id":"","codecanyon_url":"","codecanyon_item_id":"","codecanyon_price":"","pricing_caption":"","pricing_elfsight_apps_hide_column":"","pricing_elfsight_apps_url":"","pricing_codecanyon_price_caption":"","integration_category":[],"integration_request_title":"","integration_request_cta":"","integration_platform":"","integrations":[],"platform_category":[],"video_schema_markup":"","price":"od 0 USD \/ miesi\u0105c","trial":"","benefits":[{"text":"Bezp\u0142atna us\u0142uga monta\u017cu"},{"text":"Do\u015bwiadczona obs\u0142uga klienta"},{"text":"14-dniowa gwarancja zwrotu pieni\u0119dzy"}],"button_url":"#demo","button_target_blank":"","button_nofollow":"","attributes":[{"name":"Instaluje"},{"name":"Czu\u0142y"},{"name":"Kompatybilne przegl\u0105darki"}],"tags":[],"tags_disable_links":"","hide_more_platforms":"","video_object":"","demo_hide_cta":"","demo_hide_cloud_options":"","pricing_title":"","pricing":[{"pricing_icon":"platform","pricing_title":"Elfsight Apps","pricing_title_caption":"Wieloplatformowe rozwi\u0105zanie cyfrowe","pricing_price":"od 0 USD \/ miesi\u0105c","pricing_price_caption":"zacznij od bezp\u0142atnego planu","pricing_benefits":[{"text":"Nielimitowane domeny"},{"text":"Profesjonalna obs\u0142uga klienta i dobrze udokumentowana"},{"text":"Bezp\u0142atna pomoc w instalacji"},{"text":"W pe\u0142ni konfigurowalny"}],"pricing_button_text":"Dodaj do witryny","pricing_button_url":"#demo"}],"related_apps_title":"","related_apps_hidden":"","author":"","image":[],"title":"","job":"","social_networks":[]},"_links":{"self":[{"href":"https:\/\/elfsight.com\/pl\/wp-json\/wp\/v2\/pages\/6208","targetHints":{"allow":["GET"]}}],"collection":[{"href":"https:\/\/elfsight.com\/pl\/wp-json\/wp\/v2\/pages"}],"about":[{"href":"https:\/\/elfsight.com\/pl\/wp-json\/wp\/v2\/types\/page"}],"author":[{"embeddable":true,"href":"https:\/\/elfsight.com\/pl\/wp-json\/wp\/v2\/users\/9"}],"replies":[{"embeddable":true,"href":"https:\/\/elfsight.com\/pl\/wp-json\/wp\/v2\/comments?post=6208"}],"version-history":[{"count":1,"href":"https:\/\/elfsight.com\/pl\/wp-json\/wp\/v2\/pages\/6208\/revisions"}],"predecessor-version":[{"id":6212,"href":"https:\/\/elfsight.com\/pl\/wp-json\/wp\/v2\/pages\/6208\/revisions\/6212"}],"up":[{"embeddable":true,"href":"https:\/\/elfsight.com\/pl\/wp-json\/wp\/v2\/pages\/3418"}],"wp:attachment":[{"href":"https:\/\/elfsight.com\/pl\/wp-json\/wp\/v2\/media?parent=6208"}],"curies":[{"name":"wp","href":"https:\/\/api.w.org\/{rel}","templated":true}]}}