{"id":6207,"date":"2024-05-03T06:45:30","date_gmt":"2024-05-03T06:45:30","guid":{"rendered":"https:\/\/elfsight.com\/pl\/?page_id=6207"},"modified":"2024-10-25T12:02:31","modified_gmt":"2024-10-25T12:02:31","slug":"prestashop","status":"publish","type":"page","link":"https:\/\/elfsight.com\/pl\/radio-player-widget\/prestashop\/","title":{"rendered":"Radio Player &#8211; PrestaShop"},"content":{"rendered":"<div class=\"application-platform-content-item-description application-platform-content-item\" id=\"description\" data-nav-section=\"description\"> <h2>Opis<\/h2> <p>Elfsight Radio Player to nieskomplikowane narz\u0119dzie umo\u017cliwiaj\u0105ce strumieniowe przesy\u0142anie \u015bcie\u017cek audio bezpo\u015brednio na Twoj\u0105 stron\u0119 internetow\u0105. Wid\u017cet jest wysoce konfigurowalny: mo\u017cesz zmienia\u0107 jego po\u0142o\u017cenie, osadza\u0107 go w dowolnym miejscu strony, skalowa\u0107 jego rozmiar, zmienia\u0107 kolor t\u0142a i innych cz\u0119\u015bci, aby dopasowa\u0107 go do uk\u0142adu witryny, zastosowa\u0107 ciemny motyw, ods\u0142oni\u0107 ok\u0142adki i wy\u015bwietli\u0107 lub ukry\u0107 trzech dodatkowych graczy szczeg\u00f3\u0142y, na przyk\u0142ad pasek post\u0119pu i wiele innych. Do\u0142\u0105cz tyle utwor\u00f3w, ile chcesz zapewni\u0107 rozrywk\u0119 u\u017cytkownikom, w\u0142\u0105cz autoodtwarzanie i nie miej w\u0105tpliwo\u015bci \u2013 odwiedzaj\u0105cy nie opuszcz\u0105 Twojej witryny w po\u015bpiechu! <\/p><p><b>Zintegruj Radio Player, aby \u0142atwiej osi\u0105ga\u0107 cele e-commerce! <\/b><\/p> <\/div> <div class=\"application-platform-content-item-features application-platform-content-item\" id=\"features\" data-nav-section=\"features\"> <h2>Oto lista najbardziej przydatnych funkcji: <\/h2> <ul><li>Dost\u0119pne 2 uk\u0142ady<\/li><li>Mo\u017cliwo\u015b\u0107 dodania obrazu t\u0142a<\/li><li>Dodaj nieograniczon\u0105 liczb\u0119 stacji<\/li><li>Opcja stworzenia niestandardowego schematu kolor\u00f3w<\/li><li>Dodaj nieograniczon\u0105 liczb\u0119 stacji<\/li><li>Poka\u017c stan stacji<\/li><\/ul><p><a href=\"#demo\">Mo\u017cesz sprawdzi\u0107, czy wid\u017cet jest dla Ciebie, korzystaj\u0105c z wersji demonstracyjnej<\/a><\/p> <\/div> <div class=\"application-platform-content-item-installation application-platform-content-item\" id=\"installation\" data-nav-section=\"installation\"> <h2>Jak mog\u0119 osadzi\u0107 Radio Player na stronie internetowej PrestaShop? <\/h2> <p>Wystarczy wykona\u0107 poni\u017csze wskaz\u00f3wki, aby aktywowa\u0107 dodatek. <\/p> <ol><li><b>Zarz\u0105dzaj naszym bezp\u0142atnym konfiguratorem i zacznij kszta\u0142towa\u0107 sw\u00f3j niestandardowy instrument. <\/b><br> Wybierz preferowan\u0105 form\u0119 i specyfikacj\u0119 wid\u017cetu i zapisz poprawki. <\/li> <li><b>Odbierz sw\u00f3j unikalny kod, kt\u00f3ry pojawi si\u0119 w specjalnym formularzu w aplikacjach Elfsight. <\/b><br> Po zako\u0144czeniu konfiguracji narz\u0119dzia skopiuj kod osobisty z wyskakuj\u0105cego okienka i zapisz go do p\u00f3\u017aniejszego wykorzystania. <\/li> <li><b>Rozpocznij korzystanie z wid\u017cetu na swojej stronie PrestaShop. <\/b><br> Wstaw zapisany wcze\u015bniej kod na swojej stronie i zastosuj zmiany. <\/li> <li><b>Gotowe! Integracja zosta\u0142a pomy\u015blnie przeprowadzona. <\/b><br> Wejd\u017a na swoj\u0105 stron\u0119 i zobacz w akcji dzia\u0142anie narz\u0119dzia. <\/li><\/ol> <p>W przypadku pyta\u0144 lub komplikacji prosimy o kontakt z naszym personelem pomocniczym. Nasi specjali\u015bci ch\u0119tnie pomog\u0105 Ci we wszystkich problemach, jakie mo\u017cesz mie\u0107 z narz\u0119dziem. <\/p> <\/div>","protected":false},"excerpt":{"rendered":"","protected":false},"author":9,"featured_media":0,"parent":3418,"menu_order":0,"comment_status":"closed","ping_status":"closed","template":"templates\/template-application-platform.php","meta":{"publish_to_discourse":"","publish_post_category":"","wpdc_auto_publish_overridden":"","wpdc_topic_tags":"","wpdc_pin_topic":"","wpdc_pin_until":"","discourse_post_id":"","discourse_permalink":"","wpdc_publishing_response":"","wpdc_publishing_error":"","footnotes":""},"class_list":["post-6207","page","type-page","status-publish","hentry"],"yoast_head":"<!-- This site is optimized with the Yoast SEO plugin v25.3.1 - https:\/\/yoast.com\/wordpress\/plugins\/seo\/ -->\n<title>Dodatek Elfsight Radio Player do witryn PrestaShop (bezp\u0142atny i szybki)<\/title>\n<meta name=\"description\" content=\"Zaimplementuj responsywny dodatek Radio Player do swojej witryny. Skorzystaj z naszej praktycznej wersji demonstracyjnej i zbuduj sw\u00f3j dodatek bez wysi\u0142ku!\" \/>\n<meta name=\"robots\" content=\"index, follow, max-snippet:-1, max-image-preview:large, max-video-preview:-1\" \/>\n<link rel=\"canonical\" href=\"https:\/\/elfsight.com\/pl\/radio-player-widget\/prestashop\/\" \/>\n<meta property=\"og:locale\" content=\"pl_PL\" \/>\n<meta property=\"og:type\" content=\"article\" \/>\n<meta property=\"og:title\" content=\"Dodatek Elfsight Radio Player do witryn PrestaShop (bezp\u0142atny i szybki)\" \/>\n<meta property=\"og:description\" content=\"Zaimplementuj responsywny dodatek Radio Player do swojej witryny. Skorzystaj z naszej praktycznej wersji demonstracyjnej i zbuduj sw\u00f3j dodatek bez wysi\u0142ku!\" \/>\n<meta property=\"og:url\" content=\"https:\/\/elfsight.com\/pl\/radio-player-widget\/prestashop\/\" \/>\n<meta property=\"og:site_name\" content=\"Elfsight PL\" \/>\n<meta property=\"article:modified_time\" content=\"2024-10-25T12:02:31+00:00\" \/>\n<meta name=\"twitter:card\" content=\"summary_large_image\" \/>\n<meta name=\"twitter:label1\" content=\"Szacowany czas czytania\" \/>\n\t<meta name=\"twitter:data1\" content=\"2 minuty\" \/>\n<!-- \/ Yoast SEO plugin. -->","yoast_head_json":{"title":"Dodatek Elfsight Radio Player do witryn PrestaShop (bezp\u0142atny i szybki)","description":"Zaimplementuj responsywny dodatek Radio Player do swojej witryny. Skorzystaj z naszej praktycznej wersji demonstracyjnej i zbuduj sw\u00f3j dodatek bez wysi\u0142ku!","robots":{"index":"index","follow":"follow","max-snippet":"max-snippet:-1","max-image-preview":"max-image-preview:large","max-video-preview":"max-video-preview:-1"},"canonical":"https:\/\/elfsight.com\/pl\/radio-player-widget\/prestashop\/","og_locale":"pl_PL","og_type":"article","og_title":"Dodatek Elfsight Radio Player do witryn PrestaShop (bezp\u0142atny i szybki)","og_description":"Zaimplementuj responsywny dodatek Radio Player do swojej witryny. Skorzystaj z naszej praktycznej wersji demonstracyjnej i zbuduj sw\u00f3j dodatek bez wysi\u0142ku!","og_url":"https:\/\/elfsight.com\/pl\/radio-player-widget\/prestashop\/","og_site_name":"Elfsight PL","article_modified_time":"2024-10-25T12:02:31+00:00","twitter_card":"summary_large_image","twitter_misc":{"Szacowany czas czytania":"2 minuty"},"schema":{"@context":"https:\/\/schema.org","@graph":[{"@type":"WebPage","@id":"https:\/\/elfsight.com\/pl\/radio-player-widget\/prestashop\/","url":"https:\/\/elfsight.com\/pl\/radio-player-widget\/prestashop\/","name":"Dodatek Elfsight Radio Player do witryn PrestaShop (bezp\u0142atny i szybki)","isPartOf":{"@id":"https:\/\/elfsight.com\/pl\/#website"},"datePublished":"2024-05-03T06:45:30+00:00","dateModified":"2024-10-25T12:02:31+00:00","description":"Zaimplementuj responsywny dodatek Radio Player do swojej witryny. Skorzystaj z naszej praktycznej wersji demonstracyjnej i zbuduj sw\u00f3j dodatek bez wysi\u0142ku!","breadcrumb":{"@id":"https:\/\/elfsight.com\/pl\/radio-player-widget\/prestashop\/#breadcrumb"},"inLanguage":"pl-PL","potentialAction":[{"@type":"ReadAction","target":["https:\/\/elfsight.com\/pl\/radio-player-widget\/prestashop\/"]}]},{"@type":"BreadcrumbList","@id":"https:\/\/elfsight.com\/pl\/radio-player-widget\/prestashop\/#breadcrumb","itemListElement":[{"@type":"ListItem","position":1,"name":"Home","item":"https:\/\/elfsight.com\/pl\/"},{"@type":"ListItem","position":2,"name":"Radio Player","item":"https:\/\/elfsight.com\/pl\/radio-player-widget\/"},{"@type":"ListItem","position":3,"name":"Radio Player &#8211; PrestaShop"}]},{"@type":"WebSite","@id":"https:\/\/elfsight.com\/pl\/#website","url":"https:\/\/elfsight.com\/pl\/","name":"Elfsight PL","description":"Just another Elfsight Sites site","potentialAction":[{"@type":"SearchAction","target":{"@type":"EntryPoint","urlTemplate":"https:\/\/elfsight.com\/pl\/?s={search_term_string}"},"query-input":{"@type":"PropertyValueSpecification","valueRequired":true,"valueName":"search_term_string"}}],"inLanguage":"pl-PL"}]}},"meta_box":{"industry":"","seo_heading":"","heading":"","description":"","cta_heading":"","cta_description":"","application":"3334","h1":"Dodatek do odtwarzacza radia PrestaShop","h1_caption":"Dodaj transmisj\u0119 radiow\u0105 na \u017cywo do swojej witryny za pomoc\u0105 konfigurowalnego odtwarzacza, kt\u00f3ry bez trudu dopasuje Twoj\u0105 mark\u0119 do Twojej witryny Prestashop.","application_category":[],"applications_title":"","applications_request_title":"","applications_request_button_text":"","hero_text":"","hero_video":"","hero_video_schema_markup":"","selling_points_title":"","selling_points_caption":"","selling_points":[],"selling_points_cta_text":"","features_title":"","features":"","ed_cta_examples_text":"","ed_cta_examples_hidden":"","ed_cta_demo_text":"","ed_cta_demo_hidden":"","why_caption":"","why_editor_title":"","why_editor_text":"","why_team_title":"","why_team_text":"","why_service_title":"","why_service_text":"","template_catalog_visible":"","template_catalog_title":"","template_catalog_text":"","template_catalog_categories_visible":"","demo_title":"Nie wahaj si\u0119 i utw\u00f3rz spersonalizowany odtwarzacz radiowy PrestaShop","demo_caption":"Dostosuj go i wstaw na swoj\u0105 stron\u0119 za pomoc\u0105 demo na \u017cywo","default_faq_hidden":"","app_template_category":[],"platform":"586","template_public_id":"","codecanyon_url":"","codecanyon_item_id":"","codecanyon_price":"","pricing_caption":"","pricing_elfsight_apps_hide_column":"","pricing_elfsight_apps_url":"","pricing_codecanyon_price_caption":"","integration_category":[],"integration_request_title":"","integration_request_cta":"","integration_platform":"","integrations":[],"platform_category":[],"video_schema_markup":"","price":"od 0 USD \/ miesi\u0105c","trial":"","benefits":[{"text":"Bezp\u0142atna pomoc w instalacji"},{"text":"Kompetentna obs\u0142uga klienta"},{"text":"14-dniowa gwarancja zwrotu pieni\u0119dzy"}],"button_url":"#demo","button_target_blank":"","button_nofollow":"","attributes":[{"name":"Instaluje"},{"name":"Czu\u0142y"},{"name":"Kompatybilne przegl\u0105darki"}],"tags":[],"tags_disable_links":"","hide_more_platforms":"","video_object":"","demo_hide_cta":"","demo_hide_cloud_options":"","pricing_title":"","pricing":[{"pricing_icon":"platform","pricing_title":"Elfsight Apps","pricing_title_caption":"Oprogramowanie wieloplatformowe, kt\u00f3re dzia\u0142a na dowolnej witrynie","pricing_price":"od 0 USD \/ miesi\u0105c","pricing_price_caption":"zacznij od bezp\u0142atnego planu","pricing_benefits":[{"text":"Nielimitowane strony internetowe"},{"text":"Profesjonalna obs\u0142uga klienta"},{"text":"Bezp\u0142atna us\u0142uga monta\u017cu"},{"text":"W pe\u0142ni konfigurowalny"}],"pricing_button_text":"Dodaj do witryny","pricing_button_url":"#demo"}],"related_apps_title":"","related_apps_hidden":"","author":"","image":[],"title":"","job":"","social_networks":[]},"_links":{"self":[{"href":"https:\/\/elfsight.com\/pl\/wp-json\/wp\/v2\/pages\/6207","targetHints":{"allow":["GET"]}}],"collection":[{"href":"https:\/\/elfsight.com\/pl\/wp-json\/wp\/v2\/pages"}],"about":[{"href":"https:\/\/elfsight.com\/pl\/wp-json\/wp\/v2\/types\/page"}],"author":[{"embeddable":true,"href":"https:\/\/elfsight.com\/pl\/wp-json\/wp\/v2\/users\/9"}],"replies":[{"embeddable":true,"href":"https:\/\/elfsight.com\/pl\/wp-json\/wp\/v2\/comments?post=6207"}],"version-history":[{"count":1,"href":"https:\/\/elfsight.com\/pl\/wp-json\/wp\/v2\/pages\/6207\/revisions"}],"predecessor-version":[{"id":6211,"href":"https:\/\/elfsight.com\/pl\/wp-json\/wp\/v2\/pages\/6207\/revisions\/6211"}],"up":[{"embeddable":true,"href":"https:\/\/elfsight.com\/pl\/wp-json\/wp\/v2\/pages\/3418"}],"wp:attachment":[{"href":"https:\/\/elfsight.com\/pl\/wp-json\/wp\/v2\/media?parent=6207"}],"curies":[{"name":"wp","href":"https:\/\/api.w.org\/{rel}","templated":true}]}}