{"id":6200,"date":"1970-01-01T00:00:00","date_gmt":"1970-01-01T00:00:00","guid":{"rendered":"https:\/\/elfsight.com\/pl\/?page_id=6200"},"modified":"2024-11-14T08:58:45","modified_gmt":"2024-11-14T08:58:45","slug":"bigcommerce","status":"publish","type":"page","link":"https:\/\/elfsight.com\/pl\/qr-code-widget\/bigcommerce\/","title":{"rendered":"QR Code &#8211; BigCommerce"},"content":{"rendered":"<div class=\"application-platform-content-item-description application-platform-content-item\" id=\"description\" data-nav-section=\"description\"> <h2>Opis<\/h2> <p>Generator kod\u00f3w QR Elfsight to niezwyk\u0142a opcja dla BigCommerce, umo\u017cliwiaj\u0105ca natychmiastowe przekierowywanie go\u015bci do dowolnej witryny, udost\u0119pnianie link, Twoja lokalizacja, adres e-mail, dowolny plik i wiele innych. Wtyczka jest niezwykle elastyczna: mo\u017cesz doda\u0107 tytu\u0142, podpis, wybra\u0107 ikon\u0119 i logo &#8211; z naszej biblioteki lub przes\u0142a\u0107 w\u0142asne, przemalowa\u0107 tekst, t\u0142o, ramk\u0119 i zmieni\u0107 rozmiar zgodnie z potrzebami. Wszystko, co musisz zrobi\u0107, to rozpocz\u0105\u0107 tworzenie funkcji \u2013 instalacja jest prosta i nie b\u0119dzie wymaga\u0107 \u017cadnych umiej\u0119tno\u015bci kodowania. <\/p> <p><b>Wstaw generator kod\u00f3w QR Elfsight do swojej witryny i skieruj odwiedzaj\u0105cych prosto tam, gdzie chcesz, oraz usprawnij korzystanie z tre\u015bci<\/b><\/p> <\/div> <div class=\"application-platform-content-item- funkcje application-platform-content-item\" id=\" funkcje\" data-nav-section=\" funkcje\"> <h2>Najwa\u017cniejsze funkcje aplikacji obejmuj\u0105<\/h2> <ul><li>Natychmiastowy dost\u0119p do przes\u0142anych tre\u015bci<\/li><li>Dodaj dowolny tekst<\/li><li>Osiem wymiennych logo <\/li><li>Pi\u0119tna\u015bcie wymiennych ikon do wyboru<\/li><li>Pokoloruj ponownie wszystkie elementy<\/li><\/ul><p><a href=\"#demo\">Odkryj wszystkie funkcje personalizacji w pe\u0142ni funkcjonalnej wersji demo<\/a><\/p> <\/div> <div class=\"application-platform-content-item-installation application-platform-content-item\" id=\"installation\" data-nav-section=\"installation\"> <h2>Jak osadzi\u0107 kod QR na mojej stronie internetowej BigCommerce? <\/h2> <p>Wystarczy wykona\u0107 kroki opisane poni\u017cej, aby doda\u0107 aplikacj\u0119. <\/p> <ol><li><b>Otw\u00f3rz nasze bezp\u0142atne demo i zacznij tworzy\u0107 w\u0142asny widget. <\/b><br> Znajd\u017a po\u017c\u0105dany uk\u0142ad i wydajno\u015b\u0107 wid\u017cetu i zastosuj wszystkie modyfikacje. <\/li> <li><b>Odbierz sw\u00f3j unikalny kod ujawniony w specjalnym formularzu w aplikacjach Elfsight. <\/b><br> Zaraz po zako\u0144czeniu konfiguracji wid\u017cetu skopiuj sw\u00f3j kod w wy\u015bwietlonym wyskakuj\u0105cym okienku i zachowaj go na przysz\u0142o\u015b\u0107. <\/li> <li><b>Rozpocznij korzystanie z wid\u017cetu na swojej stronie internetowej BigCommerce. <\/b><br> Zintegruj ostatnio skopiowany kod ze swoj\u0105 stron\u0105 internetow\u0105 i zastosuj poprawki. <\/li> <li><b>Instalacja zosta\u0142a ca\u0142kowicie zako\u0144czona. <\/b><br> Otw\u00f3rz swoj\u0105 witryn\u0119, aby obserwowa\u0107 dzia\u0142anie wid\u017cetu. <\/li><\/ol> <p>Je\u015bli masz jakie\u015b trudno\u015bci, nie wahaj si\u0119 skontaktowa\u0107 z naszym zespo\u0142em obs\u0142ugi klienta. Nasi specjali\u015bci ch\u0119tnie odpowiedz\u0105 na wszystkie pytania dotycz\u0105ce produktu. <\/p> <div class=\"faq\" data-component=\"FAQ\"><div class=\"faq-item\">\r\n\t\t\t\t\t<div class=\"faq-item-question\">\r\n\t\t\t\t\t\t<h3 class=\"faq-item-question-text\">Czy istnieje metoda osadzenia Portfolio w mojej witrynie BigCommerce bez umiej\u0119tno\u015bci kodowania?<\/h3>\r\n\r\n\t\t\t\t\t\t<div class=\"faq-item-question-icon\"><\/div>\r\n\t\t\t\t\t<\/div>\r\n\r\n\t\t\t\t\t<div class=\"faq-item-answer\">\r\n\t\t\t\t\t\t<div class=\"faq-item-answer-text\"> <p>Firma Elfsight dostarcza rozwi\u0105zanie SaaS, kt\u00f3re umo\u017cliwia samodzielne utworzenie wtyczki Portfolio, poznaj proste instrukcje: Rozpocznij prac\u0119 bezpo\u015brednio w wersji demonstracyjnej na \u017cywo, aby zbudowa\u0107 aplikacj\u0119 Portfolio, kt\u00f3r\u0105 chcia\u0142by\u015b zobaczy\u0107 w BigCommerce. Zdecyduj si\u0119 na jeden z naszych gotowych szablon\u00f3w i zmodyfikuj ustawienia Portfolio, dodaj tre\u015b\u0107, zmie\u0144 uk\u0142ad i kolorystyk\u0119 bez znajomo\u015bci kodowania. Zapisz Portfolio i uzyskaj kod instalacyjny wid\u017cetu, kt\u00f3ry mo\u017cesz osadzi\u0107 na swojej stronie g\u0142\u00f3wnej BigCommerce w ramach bezp\u0142atnego planu. Dzi\u0119ki intuicyjnemu konfiguratorowi ka\u017cdy u\u017cytkownik Internetu mo\u017ce stworzy\u0107 wid\u017cet Portfolio online i \u0142atwo doda\u0107 go do dowolnej strony g\u0142\u00f3wnej BigCommerce. Aby uzyska\u0107 dost\u0119p do naszego Edytora, nie wolno p\u0142aci\u0107 ani wprowadza\u0107 danych uwierzytelniaj\u0105cych karty. Je\u015bli na kt\u00f3rymkolwiek etapie napotkasz jakiekolwiek problemy, nie wahaj si\u0119 skontaktowa\u0107 z naszym personelem pomocy technicznej.<\/p> <\/div>\r\n\t\t\t\t\t<\/div>\r\n\t\t\t\t<\/div> <\/div><\/div>","protected":false},"excerpt":{"rendered":"","protected":false},"author":9,"featured_media":0,"parent":3416,"menu_order":0,"comment_status":"closed","ping_status":"closed","template":"templates\/template-application-platform.php","meta":{"publish_to_discourse":"","publish_post_category":"","wpdc_auto_publish_overridden":"","wpdc_topic_tags":"","wpdc_pin_topic":"","wpdc_pin_until":"","discourse_post_id":"","discourse_permalink":"","wpdc_publishing_response":"","wpdc_publishing_error":"","footnotes":""},"class_list":["post-6200","page","type-page","status-publish","hentry"],"yoast_head":"<!-- This site is optimized with the Yoast SEO plugin v25.3.1 - https:\/\/yoast.com\/wordpress\/plugins\/seo\/ -->\n<title>Generator kod\u00f3w QR \u2014 Dodaj wid\u017cet kodu QR do BigCommerce [2025]<\/title>\n<meta name=\"description\" content=\"Szybko utw\u00f3rz sw\u00f3j unikalny kod QR dla witryny BigCommerce. Wystarczy skorzysta\u0107 z naszego demo, a Twoja aplikacja b\u0119dzie gotowa w mniej ni\u017c minut\u0119.\" \/>\n<meta name=\"robots\" content=\"index, follow, max-snippet:-1, max-image-preview:large, max-video-preview:-1\" \/>\n<link rel=\"canonical\" href=\"https:\/\/elfsight.com\/pl\/qr-code-widget\/bigcommerce\/\" \/>\n<meta property=\"og:locale\" content=\"pl_PL\" \/>\n<meta property=\"og:type\" content=\"article\" \/>\n<meta property=\"og:title\" content=\"Generator kod\u00f3w QR \u2014 Dodaj wid\u017cet kodu QR do BigCommerce [2025]\" \/>\n<meta property=\"og:description\" content=\"Szybko utw\u00f3rz sw\u00f3j unikalny kod QR dla witryny BigCommerce. Wystarczy skorzysta\u0107 z naszego demo, a Twoja aplikacja b\u0119dzie gotowa w mniej ni\u017c minut\u0119.\" \/>\n<meta property=\"og:url\" content=\"https:\/\/elfsight.com\/pl\/qr-code-widget\/bigcommerce\/\" \/>\n<meta property=\"og:site_name\" content=\"Elfsight PL\" \/>\n<meta property=\"article:modified_time\" content=\"2024-11-14T08:58:45+00:00\" \/>\n<meta name=\"twitter:card\" content=\"summary_large_image\" \/>\n<meta name=\"twitter:label1\" content=\"Szacowany czas czytania\" \/>\n\t<meta name=\"twitter:data1\" content=\"2 minuty\" \/>\n<!-- \/ Yoast SEO plugin. -->","yoast_head_json":{"title":"Generator kod\u00f3w QR \u2014 Dodaj wid\u017cet kodu QR do BigCommerce [2025]","description":"Szybko utw\u00f3rz sw\u00f3j unikalny kod QR dla witryny BigCommerce. Wystarczy skorzysta\u0107 z naszego demo, a Twoja aplikacja b\u0119dzie gotowa w mniej ni\u017c minut\u0119.","robots":{"index":"index","follow":"follow","max-snippet":"max-snippet:-1","max-image-preview":"max-image-preview:large","max-video-preview":"max-video-preview:-1"},"canonical":"https:\/\/elfsight.com\/pl\/qr-code-widget\/bigcommerce\/","og_locale":"pl_PL","og_type":"article","og_title":"Generator kod\u00f3w QR \u2014 Dodaj wid\u017cet kodu QR do BigCommerce [2025]","og_description":"Szybko utw\u00f3rz sw\u00f3j unikalny kod QR dla witryny BigCommerce. Wystarczy skorzysta\u0107 z naszego demo, a Twoja aplikacja b\u0119dzie gotowa w mniej ni\u017c minut\u0119.","og_url":"https:\/\/elfsight.com\/pl\/qr-code-widget\/bigcommerce\/","og_site_name":"Elfsight PL","article_modified_time":"2024-11-14T08:58:45+00:00","twitter_card":"summary_large_image","twitter_misc":{"Szacowany czas czytania":"2 minuty"},"schema":{"@context":"https:\/\/schema.org","@graph":[{"@type":"WebPage","@id":"https:\/\/elfsight.com\/pl\/qr-code-widget\/bigcommerce\/","url":"https:\/\/elfsight.com\/pl\/qr-code-widget\/bigcommerce\/","name":"Generator kod\u00f3w QR \u2014 Dodaj wid\u017cet kodu QR do BigCommerce [2025]","isPartOf":{"@id":"https:\/\/elfsight.com\/pl\/#website"},"datePublished":"1970-01-01T00:00:00+00:00","dateModified":"2024-11-14T08:58:45+00:00","description":"Szybko utw\u00f3rz sw\u00f3j unikalny kod QR dla witryny BigCommerce. Wystarczy skorzysta\u0107 z naszego demo, a Twoja aplikacja b\u0119dzie gotowa w mniej ni\u017c minut\u0119.","breadcrumb":{"@id":"https:\/\/elfsight.com\/pl\/qr-code-widget\/bigcommerce\/#breadcrumb"},"inLanguage":"pl-PL","potentialAction":[{"@type":"ReadAction","target":["https:\/\/elfsight.com\/pl\/qr-code-widget\/bigcommerce\/"]}]},{"@type":"BreadcrumbList","@id":"https:\/\/elfsight.com\/pl\/qr-code-widget\/bigcommerce\/#breadcrumb","itemListElement":[{"@type":"ListItem","position":1,"name":"Home","item":"https:\/\/elfsight.com\/pl\/"},{"@type":"ListItem","position":2,"name":"QR Code","item":"https:\/\/elfsight.com\/pl\/qr-code-widget\/"},{"@type":"ListItem","position":3,"name":"QR Code &#8211; BigCommerce"}]},{"@type":"WebSite","@id":"https:\/\/elfsight.com\/pl\/#website","url":"https:\/\/elfsight.com\/pl\/","name":"Elfsight PL","description":"Just another Elfsight Sites site","potentialAction":[{"@type":"SearchAction","target":{"@type":"EntryPoint","urlTemplate":"https:\/\/elfsight.com\/pl\/?s={search_term_string}"},"query-input":{"@type":"PropertyValueSpecification","valueRequired":true,"valueName":"search_term_string"}}],"inLanguage":"pl-PL"}]}},"meta_box":{"industry":"","seo_heading":"","heading":"","description":"","cta_heading":"","cta_description":"","application":"3359","h1":"Aplikacja z kodem QR BigCommerce","h1_caption":"Wygeneruj i wy\u015bwietl kod qr, aby \u0142atwo uzyska\u0107 dost\u0119p do adres\u00f3w URL, sieci Wi-Fi, wizyt\u00f3wek i nie tylko w swojej witrynie BigCommerce.","application_category":[],"applications_title":"","applications_request_title":"","applications_request_button_text":"","hero_text":"","hero_video":"","hero_video_schema_markup":"","selling_points_title":"","selling_points_caption":"","selling_points":[],"selling_points_cta_text":"","features_title":"","features":"","ed_cta_examples_text":"","ed_cta_examples_hidden":"","ed_cta_demo_text":"","ed_cta_demo_hidden":"","why_caption":"","why_editor_title":"","why_editor_text":"","why_team_title":"","why_team_text":"","why_service_title":"","why_service_text":"","template_catalog_visible":"","template_catalog_title":"","template_catalog_text":"","template_catalog_categories_visible":"","demo_title":"Utw\u00f3rz aplikacj\u0119 z kodem QR","demo_caption":"Skonfiguruj sw\u00f3j kod QR i dodaj go do swojej witryny BigCommerce za darmo!","default_faq_hidden":"","app_template_category":[],"platform":"41","template_public_id":"","codecanyon_url":"","codecanyon_item_id":"","codecanyon_price":"","pricing_caption":"","pricing_elfsight_apps_hide_column":"","pricing_elfsight_apps_url":"","pricing_codecanyon_price_caption":"","integration_category":[],"integration_request_title":"","integration_request_cta":"","integration_platform":"","integrations":[],"platform_category":[],"video_schema_markup":"","price":"od 0 USD \/ miesi\u0105c","trial":"","benefits":[{"text":"Bezp\u0142atna us\u0142uga monta\u017cu"},{"text":"Do\u015bwiadczona obs\u0142uga klienta"},{"text":"14-dniowa gwarancja zwrotu pieni\u0119dzy"}],"button_url":"#demo","button_target_blank":"","button_nofollow":"","attributes":[{"name":"Instaluje"},{"name":"Czu\u0142y"},{"name":"Kompatybilne przegl\u0105darki"}],"tags":[],"tags_disable_links":"","hide_more_platforms":"","video_object":"","demo_hide_cta":"","demo_hide_cloud_options":"","pricing_title":"","pricing":[{"pricing_icon":"platform","pricing_title":"Elfsight Apps","pricing_title_caption":"Wersja wieloplatformowa, kt\u00f3ra pasuje do ka\u017cdej witryny internetowej","pricing_price":"od 0 USD \/ miesi\u0105c","pricing_price_caption":"zacznij od bezp\u0142atnego planu","pricing_benefits":[{"text":"Nielimitowane domeny"},{"text":"Szybka obs\u0142uga klienta i dobrze udokumentowana"},{"text":"Bezp\u0142atne wsparcie przy instalacji"},{"text":"100% konfigurowalny"}],"pricing_button_text":"Dodaj do witryny","pricing_button_url":"#demo"}],"related_apps_title":"","related_apps_hidden":"","author":"","image":[],"title":"","job":"","social_networks":[]},"_links":{"self":[{"href":"https:\/\/elfsight.com\/pl\/wp-json\/wp\/v2\/pages\/6200","targetHints":{"allow":["GET"]}}],"collection":[{"href":"https:\/\/elfsight.com\/pl\/wp-json\/wp\/v2\/pages"}],"about":[{"href":"https:\/\/elfsight.com\/pl\/wp-json\/wp\/v2\/types\/page"}],"author":[{"embeddable":true,"href":"https:\/\/elfsight.com\/pl\/wp-json\/wp\/v2\/users\/9"}],"replies":[{"embeddable":true,"href":"https:\/\/elfsight.com\/pl\/wp-json\/wp\/v2\/comments?post=6200"}],"version-history":[{"count":1,"href":"https:\/\/elfsight.com\/pl\/wp-json\/wp\/v2\/pages\/6200\/revisions"}],"predecessor-version":[{"id":6204,"href":"https:\/\/elfsight.com\/pl\/wp-json\/wp\/v2\/pages\/6200\/revisions\/6204"}],"up":[{"embeddable":true,"href":"https:\/\/elfsight.com\/pl\/wp-json\/wp\/v2\/pages\/3416"}],"wp:attachment":[{"href":"https:\/\/elfsight.com\/pl\/wp-json\/wp\/v2\/media?parent=6200"}],"curies":[{"name":"wp","href":"https:\/\/api.w.org\/{rel}","templated":true}]}}