{"id":6199,"date":"1970-01-01T00:00:00","date_gmt":"1970-01-01T00:00:00","guid":{"rendered":"https:\/\/elfsight.com\/pl\/?page_id=6199"},"modified":"2024-11-14T08:58:45","modified_gmt":"2024-11-14T08:58:45","slug":"blogger","status":"publish","type":"page","link":"https:\/\/elfsight.com\/pl\/qr-code-widget\/blogger\/","title":{"rendered":"QR Code &#8211; Blogger"},"content":{"rendered":"<div class=\"application-platform-content-item-description application-platform-content-item\" id=\"description\" data-nav-section=\"description\"> <h2>Opis<\/h2> <p>Generator kod\u00f3w QR to zaawansowana opcja dla witryn Bloggera, umo\u017cliwiaj\u0105ca natychmiastowe przekierowywanie u\u017cytkownik\u00f3w na dowoln\u0105 stron\u0119 internetow\u0105, udost\u0119pnij adres URL, swoj\u0105 lokalizacj\u0119, adres e-mail, plik i wiele innych. Wtyczka ma szerokie mo\u017cliwo\u015bci dostosowania: mo\u017cesz doda\u0107 tytu\u0142, podpis, wybra\u0107 ikon\u0119 i logo &#8211; z naszej biblioteki lub pobra\u0107 w\u0142asne, przemalowa\u0107 tekst, t\u0142o, ramk\u0119 i dostosowa\u0107 rozmiar wid\u017cetu tak, aby pasowa\u0142 do Twojej witryny. Wszystko, co musisz zrobi\u0107, to rozpocz\u0105\u0107 tworzenie funkcji \u2014 instalacja jest prosta i nie wymaga \u017cadnych umiej\u0119tno\u015bci kodowania. <\/p> <p><b>Umie\u015b\u0107 generator kod\u00f3w QR Bloggera na swojej stronie internetowej i przekieruj odwiedzaj\u0105cych bezpo\u015brednio tam, gdzie ich potrzebujesz, a tak\u017ce upro\u015b\u0107 korzystanie z tre\u015bci<\/b><\/p> <\/div> <div class=\"application-platform-content-item-features application-platform-content-item\" id=\"features\" data-nav-section=\"features\"> <h2>Do najcenniejszych funkcji wid\u017cetu nale\u017c\u0105<\/h2> <ul><li>Natychmiastowy dost\u0119p do przes\u0142anych tre\u015bci<\/li><li>Dodaj dowolny tekst<\/li><li>Osiem wymienne logo<\/li><li>Dost\u0119pnych jest 15 wymiennych ikon<\/li><li>Przemaluj wszystkie elementy wid\u017cetu<\/li><\/ul><p><a href=\"#demo\">Wystarczy sprawdzi\u0107 to demo, aby zobacz, jak to dzia\u0142a<\/a><\/p> <\/div> <div class=\"application-platform-content-item-installation application-platform-content-item\" id=\"installation\" data-nav-section=\"installation\"> <h2>Jak mog\u0119 osadzi\u0107 kod QR w mojej witrynie Bloggera?<\/h2> <p>Wystarczy zastosowa\u0107 si\u0119 do poni\u017cszych instrukcji zintegrowa\u0107 widget. <\/p> <ol><li><b>Wykonaj nasze bezp\u0142atne demo i zacznij tworzy\u0107 w\u0142asn\u0105 wtyczk\u0119. <\/b><br> Znajd\u017a niestandardowy projekt i parametry wtyczki i zastosuj zmiany. <\/li> <li><b>Odbierz sw\u00f3j osobisty kod, kt\u00f3ry pojawi si\u0119 w specjalnym formularzu w aplikacjach Elfsight. <\/b><br> Po utworzeniu osobistego wid\u017cetu skopiuj osobisty kod z wy\u015bwietlonego okna i zapisz go na p\u00f3\u017aniej. <\/li> <li><b>Rozpocznij korzystanie z wid\u017cetu na stronie g\u0142\u00f3wnej Bloggera. <\/b><br> Wklej skopiowany wcze\u015bniej kod na swoj\u0105 stron\u0119 i zastosuj ulepszenia. <\/li> <li><b>Gotowe! Konfiguracja zosta\u0142a pomy\u015blnie zako\u0144czona. <\/b><br> Odwied\u017a swoj\u0105 stron\u0119 internetow\u0105, aby zobaczy\u0107, jak dzia\u0142a narz\u0119dzie. <\/li><\/ol> <p>Je\u015bli masz pytania lub napotkasz jakiekolwiek przeszkody, mo\u017cesz zwr\u00f3ci\u0107 si\u0119 o pomoc do naszego zespo\u0142u obs\u0142ugi klienta. Nasi specjali\u015bci ch\u0119tnie rozwi\u0105\u017c\u0105 wszelkie trudno\u015bci, jakie mo\u017cesz mie\u0107 z produktem. <\/p> <div class=\"faq\" data-component=\"FAQ\"><div class=\"faq-item\">\r\n\t\t\t\t\t<div class=\"faq-item-question\">\r\n\t\t\t\t\t\t<h3 class=\"faq-item-question-text\">W jaki spos\u00f3b mog\u0119 doda\u0107 Portfolio do mojej witryny Blogger bez znajomo\u015bci kodowania?<\/h3>\r\n\r\n\t\t\t\t\t\t<div class=\"faq-item-question-icon\"><\/div>\r\n\t\t\t\t\t<\/div>\r\n\r\n\t\t\t\t\t<div class=\"faq-item-answer\">\r\n\t\t\t\t\t\t<div class=\"faq-item-answer-text\"> <p>Firma Elfsight dostarcza rozwi\u0105zanie, kt\u00f3re pozwala samodzielnie stworzy\u0107 wtyczk\u0119 Portfolio, przekonaj si\u0119, jakie to nieskomplikowane to: Przejd\u017a do aktywnego edytora, aby utworzy\u0107 wtyczk\u0119 Portfolio, kt\u00f3r\u0105 chcesz widzie\u0107 w Bloggerze. Wybierz jeden z gotowych szablon\u00f3w i zmie\u0144 ustawienia Portfolio, zaktualizuj zawarto\u015b\u0107, zmie\u0144 uk\u0142ad i kolory bez kodowania. Zapisz ustawienia wprowadzone w Portfolio i uzyskaj kod instalacyjny, kt\u00f3ry mo\u017cesz po prostu wklei\u0107 na dowolnej stronie g\u0142\u00f3wnej Bloggera, korzystaj\u0105c z bezp\u0142atnego planu. Dzi\u0119ki intuicyjnemu edytorowi ka\u017cdy u\u017cytkownik Internetu mo\u017ce stworzy\u0107 portfolio online i \u0142atwo osadzi\u0107 je na dowolnej stronie g\u0142\u00f3wnej Bloggera. Aby uzyska\u0107 dost\u0119p do us\u0142ugi Elfsight, nie jest wymagane wykupienie p\u0142atnej subskrypcji ani ujawnianie danych uwierzytelniaj\u0105cych karty. Je\u015bli na kt\u00f3rymkolwiek etapie napotkasz jakiekolwiek problemy, nie wahaj si\u0119 porozmawia\u0107 z naszym personelem pomocy technicznej.<\/p> <\/div>\r\n\t\t\t\t\t<\/div>\r\n\t\t\t\t<\/div> <\/div><\/div>","protected":false},"excerpt":{"rendered":"","protected":false},"author":9,"featured_media":0,"parent":3416,"menu_order":0,"comment_status":"closed","ping_status":"closed","template":"templates\/template-application-platform.php","meta":{"publish_to_discourse":"","publish_post_category":"","wpdc_auto_publish_overridden":"","wpdc_topic_tags":"","wpdc_pin_topic":"","wpdc_pin_until":"","discourse_post_id":"","discourse_permalink":"","wpdc_publishing_response":"","wpdc_publishing_error":"","footnotes":""},"class_list":["post-6199","page","type-page","status-publish","hentry"],"yoast_head":"<!-- This site is optimized with the Yoast SEO plugin v25.3.1 - https:\/\/yoast.com\/wordpress\/plugins\/seo\/ -->\n<title>Generator kod\u00f3w QR \u2014 Dodaj wid\u017cet kodu QR do Bloggera (bezp\u0142atnie i szybko)<\/title>\n<meta name=\"description\" content=\"Szybko utw\u00f3rz w\u0142asny generator kod\u00f3w QR dla strony internetowej Bloggera. Po prostu skorzystaj z naszego aktywnego demo, a Tw\u00f3j widget zostanie zbudowany w mniej ni\u017c dwie minuty.\" \/>\n<meta name=\"robots\" content=\"index, follow, max-snippet:-1, max-image-preview:large, max-video-preview:-1\" \/>\n<link rel=\"canonical\" href=\"https:\/\/elfsight.com\/pl\/qr-code-widget\/blogger\/\" \/>\n<meta property=\"og:locale\" content=\"pl_PL\" \/>\n<meta property=\"og:type\" content=\"article\" \/>\n<meta property=\"og:title\" content=\"Generator kod\u00f3w QR \u2014 Dodaj wid\u017cet kodu QR do Bloggera (bezp\u0142atnie i szybko)\" \/>\n<meta property=\"og:description\" content=\"Szybko utw\u00f3rz w\u0142asny generator kod\u00f3w QR dla strony internetowej Bloggera. Po prostu skorzystaj z naszego aktywnego demo, a Tw\u00f3j widget zostanie zbudowany w mniej ni\u017c dwie minuty.\" \/>\n<meta property=\"og:url\" content=\"https:\/\/elfsight.com\/pl\/qr-code-widget\/blogger\/\" \/>\n<meta property=\"og:site_name\" content=\"Elfsight PL\" \/>\n<meta property=\"article:modified_time\" content=\"2024-11-14T08:58:45+00:00\" \/>\n<meta name=\"twitter:card\" content=\"summary_large_image\" \/>\n<meta name=\"twitter:label1\" content=\"Szacowany czas czytania\" \/>\n\t<meta name=\"twitter:data1\" content=\"2 minuty\" \/>\n<!-- \/ Yoast SEO plugin. -->","yoast_head_json":{"title":"Generator kod\u00f3w QR \u2014 Dodaj wid\u017cet kodu QR do Bloggera (bezp\u0142atnie i szybko)","description":"Szybko utw\u00f3rz w\u0142asny generator kod\u00f3w QR dla strony internetowej Bloggera. Po prostu skorzystaj z naszego aktywnego demo, a Tw\u00f3j widget zostanie zbudowany w mniej ni\u017c dwie minuty.","robots":{"index":"index","follow":"follow","max-snippet":"max-snippet:-1","max-image-preview":"max-image-preview:large","max-video-preview":"max-video-preview:-1"},"canonical":"https:\/\/elfsight.com\/pl\/qr-code-widget\/blogger\/","og_locale":"pl_PL","og_type":"article","og_title":"Generator kod\u00f3w QR \u2014 Dodaj wid\u017cet kodu QR do Bloggera (bezp\u0142atnie i szybko)","og_description":"Szybko utw\u00f3rz w\u0142asny generator kod\u00f3w QR dla strony internetowej Bloggera. Po prostu skorzystaj z naszego aktywnego demo, a Tw\u00f3j widget zostanie zbudowany w mniej ni\u017c dwie minuty.","og_url":"https:\/\/elfsight.com\/pl\/qr-code-widget\/blogger\/","og_site_name":"Elfsight PL","article_modified_time":"2024-11-14T08:58:45+00:00","twitter_card":"summary_large_image","twitter_misc":{"Szacowany czas czytania":"2 minuty"},"schema":{"@context":"https:\/\/schema.org","@graph":[{"@type":"WebPage","@id":"https:\/\/elfsight.com\/pl\/qr-code-widget\/blogger\/","url":"https:\/\/elfsight.com\/pl\/qr-code-widget\/blogger\/","name":"Generator kod\u00f3w QR \u2014 Dodaj wid\u017cet kodu QR do Bloggera (bezp\u0142atnie i szybko)","isPartOf":{"@id":"https:\/\/elfsight.com\/pl\/#website"},"datePublished":"1970-01-01T00:00:00+00:00","dateModified":"2024-11-14T08:58:45+00:00","description":"Szybko utw\u00f3rz w\u0142asny generator kod\u00f3w QR dla strony internetowej Bloggera. Po prostu skorzystaj z naszego aktywnego demo, a Tw\u00f3j widget zostanie zbudowany w mniej ni\u017c dwie minuty.","breadcrumb":{"@id":"https:\/\/elfsight.com\/pl\/qr-code-widget\/blogger\/#breadcrumb"},"inLanguage":"pl-PL","potentialAction":[{"@type":"ReadAction","target":["https:\/\/elfsight.com\/pl\/qr-code-widget\/blogger\/"]}]},{"@type":"BreadcrumbList","@id":"https:\/\/elfsight.com\/pl\/qr-code-widget\/blogger\/#breadcrumb","itemListElement":[{"@type":"ListItem","position":1,"name":"Home","item":"https:\/\/elfsight.com\/pl\/"},{"@type":"ListItem","position":2,"name":"QR Code","item":"https:\/\/elfsight.com\/pl\/qr-code-widget\/"},{"@type":"ListItem","position":3,"name":"QR Code &#8211; Blogger"}]},{"@type":"WebSite","@id":"https:\/\/elfsight.com\/pl\/#website","url":"https:\/\/elfsight.com\/pl\/","name":"Elfsight PL","description":"Just another Elfsight Sites site","potentialAction":[{"@type":"SearchAction","target":{"@type":"EntryPoint","urlTemplate":"https:\/\/elfsight.com\/pl\/?s={search_term_string}"},"query-input":{"@type":"PropertyValueSpecification","valueRequired":true,"valueName":"search_term_string"}}],"inLanguage":"pl-PL"}]}},"meta_box":{"industry":"","seo_heading":"","heading":"","description":"","cta_heading":"","cta_description":"","application":"3359","h1":"Widget z kodem QR Bloggera","h1_caption":"Wygeneruj i wy\u015bwietl kod QR, aby \u0142atwo uzyska\u0107 dost\u0119p do adres\u00f3w URL, sieci Wi-Fi, wizyt\u00f3wek i nie tylko w swojej witrynie Bloggera.","application_category":[],"applications_title":"","applications_request_title":"","applications_request_button_text":"","hero_text":"","hero_video":"","hero_video_schema_markup":"","selling_points_title":"","selling_points_caption":"","selling_points":[],"selling_points_cta_text":"","features_title":"","features":"","ed_cta_examples_text":"","ed_cta_examples_hidden":"","ed_cta_demo_text":"","ed_cta_demo_hidden":"","why_caption":"","why_editor_title":"","why_editor_text":"","why_team_title":"","why_team_text":"","why_service_title":"","why_service_text":"","template_catalog_visible":"","template_catalog_title":"","template_catalog_text":"","template_catalog_categories_visible":"","demo_title":"Utw\u00f3rz wid\u017cet z kodem QR","demo_caption":"Skonfiguruj sw\u00f3j kod QR i dodaj go za darmo do swojej witryny Bloggera!","default_faq_hidden":"","app_template_category":[],"platform":"44","template_public_id":"","codecanyon_url":"","codecanyon_item_id":"","codecanyon_price":"","pricing_caption":"","pricing_elfsight_apps_hide_column":"","pricing_elfsight_apps_url":"","pricing_codecanyon_price_caption":"","integration_category":[],"integration_request_title":"","integration_request_cta":"","integration_platform":"","integrations":[],"platform_category":[],"video_schema_markup":"","price":"od 0 USD \/ miesi\u0105c","trial":"","benefits":[{"text":"Bezp\u0142atna pomoc w instalacji"},{"text":"Do\u015bwiadczona obs\u0142uga klienta"},{"text":"14-dniowa gwarancja zwrotu pieni\u0119dzy"}],"button_url":"#demo","button_target_blank":"","button_nofollow":"","attributes":[{"name":"Instaluje"},{"name":"Czu\u0142y"},{"name":"Kompatybilne przegl\u0105darki"}],"tags":[],"tags_disable_links":"","hide_more_platforms":"","video_object":"","demo_hide_cta":"","demo_hide_cloud_options":"","pricing_title":"","pricing":[{"pricing_icon":"platform","pricing_title":"Elfsight Apps","pricing_title_caption":"Oprogramowanie wieloplatformowe, kt\u00f3re pasuje do ka\u017cdej witryny","pricing_price":"od 0 USD \/ miesi\u0105c","pricing_price_caption":"zacznij od bezp\u0142atnego planu","pricing_benefits":[{"text":"Oprogramowanie wieloplatformowe, kt\u00f3re pasuje do ka\u017cdej witryny"},{"text":"Szybkie wsparcie firmy"},{"text":"Bezp\u0142atna pomoc w monta\u017cu"},{"text":"100% konfigurowalny"}],"pricing_button_text":"Dodaj do witryny","pricing_button_url":"#demo"}],"related_apps_title":"","related_apps_hidden":"","author":"","image":[],"title":"","job":"","social_networks":[]},"_links":{"self":[{"href":"https:\/\/elfsight.com\/pl\/wp-json\/wp\/v2\/pages\/6199","targetHints":{"allow":["GET"]}}],"collection":[{"href":"https:\/\/elfsight.com\/pl\/wp-json\/wp\/v2\/pages"}],"about":[{"href":"https:\/\/elfsight.com\/pl\/wp-json\/wp\/v2\/types\/page"}],"author":[{"embeddable":true,"href":"https:\/\/elfsight.com\/pl\/wp-json\/wp\/v2\/users\/9"}],"replies":[{"embeddable":true,"href":"https:\/\/elfsight.com\/pl\/wp-json\/wp\/v2\/comments?post=6199"}],"version-history":[{"count":1,"href":"https:\/\/elfsight.com\/pl\/wp-json\/wp\/v2\/pages\/6199\/revisions"}],"predecessor-version":[{"id":6203,"href":"https:\/\/elfsight.com\/pl\/wp-json\/wp\/v2\/pages\/6199\/revisions\/6203"}],"up":[{"embeddable":true,"href":"https:\/\/elfsight.com\/pl\/wp-json\/wp\/v2\/pages\/3416"}],"wp:attachment":[{"href":"https:\/\/elfsight.com\/pl\/wp-json\/wp\/v2\/media?parent=6199"}],"curies":[{"name":"wp","href":"https:\/\/api.w.org\/{rel}","templated":true}]}}