{"id":6198,"date":"1970-01-01T00:00:00","date_gmt":"1970-01-01T00:00:00","guid":{"rendered":"https:\/\/elfsight.com\/pl\/?page_id=6198"},"modified":"2024-11-14T08:58:45","modified_gmt":"2024-11-14T08:58:45","slug":"drupal","status":"publish","type":"page","link":"https:\/\/elfsight.com\/pl\/qr-code-widget\/drupal\/","title":{"rendered":"QR Code &#8211; Drupal"},"content":{"rendered":"<div class=\"application-platform-content-item-description application-platform-content-item\" id=\"description\" data-nav-section=\"description\"> <h2>Opis<\/h2> <p>Generator kod\u00f3w QR Elfsight to imponuj\u0105cy modu\u0142 dla Drupala pozwalaj\u0105cy szybko przekierowywa\u0107 u\u017cytkownik\u00f3w do dowolnej witryny, udost\u0119pnia\u0107 link, lokalizacja, adres e-mail, plik i wiele innych. Narz\u0119dzie jest wysoce konfigurowalne: mo\u017cesz do\u0142\u0105czy\u0107 tytu\u0142, obja\u015bniaj\u0105cy podpis, wybra\u0107 najbardziej pasuj\u0105c\u0105 ikon\u0119 i typ logo, korzystaj\u0105c z naszej biblioteki lub przes\u0142a\u0107 w\u0142asne, przemalowa\u0107 tekst, t\u0142o, ramk\u0119 i zmieni\u0107 rozmiar zgodnie z potrzebami. Wszystko, co pozostaje do zrobienia, to po prostu rozpocz\u0105\u0107 tworzenie widgetu \u2013 instalacja jest prosta i nie b\u0119dzie wymaga\u0107 umiej\u0119tno\u015bci kodowania. <\/p> <p><b>Osad\u017a generator kod\u00f3w QR Drupala na swojej stronie internetowej i kieruj u\u017cytkownik\u00f3w bezpo\u015brednio tam, gdzie ich potrzebujesz, oraz upro\u015b\u0107 korzystanie z tre\u015bci<\/b><\/p> <\/div> <div class=\"application-platform-content-item-features application-platform-content-item\" id=\"features\" data-nav-section=\"features\"> <h2>Oferujemy przydatne i nieskomplikowane funkcje, oto niekt\u00f3re z nich: <\/h2> <ul><li>Natychmiastowy dost\u0119p do przes\u0142anych tre\u015bci<\/li><li>Do\u0142\u0105cz dowolny tekst<\/li><li>Osiem wymiennych logo<\/li><li>Dost\u0119pnych jest 15 wymiennych ikon<\/li><li>Ponowne kolorowanie wszystkich cz\u0119\u015bci wid\u017cetu<\/li><\/ul><p><a href=\"#demo \">Wystarczy wypr\u00f3bowa\u0107 t\u0119 wersj\u0119 demonstracyjn\u0105, aby zrozumie\u0107 funkcjonalno\u015b\u0107 modu\u0142u<\/a><\/p> <\/div> <div class=\"application-platform-content-item-installation application-platform-content-item\" id=\"installation\" data-nav-section=\"installation\"> <h2>Jak osadzi\u0107 kod QR w mojej witrynie Drupal? <\/h2> <p>Wystarczy wykona\u0107 poni\u017csze wskaz\u00f3wki, aby rozpocz\u0105\u0107 prac\u0119 z wtyczk\u0105. <\/p> <ol><li><b>Otw\u00f3rz nasze bezp\u0142atne demo i rozpocznij tworzenie w\u0142asnego modu\u0142u. <\/b><br> Znajd\u017a po\u017c\u0105dany uk\u0142ad i charakterystyk\u0119 modu\u0142u i zapisz wszystkie modyfikacje. <\/li> <li><b>Zdob\u0105d\u017a indywidualny kod wy\u015bwietlany w oknie aplikacji Elfsight. <\/b><br> Po zako\u0144czeniu generowania modu\u0142u skopiuj kod w wy\u015bwietlonym polu i zachowaj go do p\u00f3\u017aniejszego wykorzystania. <\/li> <li><b>Zaanga\u017cuj si\u0119 w korzystanie z modu\u0142u na swojej stronie Drupal. <\/b><br> Umie\u015b\u0107 skopiowany wcze\u015bniej kod na swojej stronie internetowej i zastosuj zmiany. <\/li> <li><b>Instalacja zosta\u0142a pomy\u015blnie zako\u0144czona. <\/b><br> Otw\u00f3rz swoj\u0105 stron\u0119 internetow\u0105, aby zobaczy\u0107 prac\u0119 modu\u0142u. <\/li><\/ol><p>Je\u015bli do\u015bwiadczysz trudno\u015bci, nie wahaj si\u0119 zwr\u00f3ci\u0107 o pomoc do naszego dzia\u0142u obs\u0142ugi klienta. Nasi konsultanci ch\u0119tnie pomog\u0105 Ci we wszystkich pytaniach zwi\u0105zanych z widgetem. <\/p> <div class=\"faq\" data-component=\"FAQ\"><div class=\"faq-item\">\r\n\t\t\t\t\t<div class=\"faq-item-question\">\r\n\t\t\t\t\t\t<h3 class=\"faq-item-question-text\">Czy istnieje mo\u017cliwo\u015b\u0107 osadzenia kodu QR w mojej witrynie Drupal bez do\u015bwiadczenia w kodowaniu?<\/h3>\r\n\r\n\t\t\t\t\t\t<div class=\"faq-item-question-icon\"><\/div>\r\n\t\t\t\t\t<\/div>\r\n\r\n\t\t\t\t\t<div class=\"faq-item-answer\">\r\n\t\t\t\t\t\t<div class=\"faq-item-answer-text\"> <p>Firma Elfsight dostarcza rozwi\u0105zanie, kt\u00f3re pozwala w\u0142a\u015bcicielom witryn samodzielnie utworzy\u0107 sekcj\u0119 z kodem QR, obejrzyj jakie to proste: Pracuj od razu w wersji demonstracyjnej na \u017cywo, aby utworzy\u0107 aplikacj\u0119 z kodem QR, kt\u00f3r\u0105 chcesz doda\u0107 na swoim Drupalu. Wybierz jeden z gotowych szablon\u00f3w i dostosuj ustawienia QR Code, zmie\u0144 uk\u0142ad i kolorystyk\u0119 uwzgl\u0119dniaj\u0105c\u0105 Twoj\u0105 tre\u015b\u0107, bez umiej\u0119tno\u015bci kodowania. Kliknij, aby zapisa\u0107 kod QR i uzyska\u0107 kod instalacyjny, kt\u00f3ry mo\u017cesz \u0142atwo doda\u0107 na swojej stronie g\u0142\u00f3wnej Drupala, bez konieczno\u015bci kupowania p\u0142atnej subskrypcji. Dzi\u0119ki naszemu prostemu edytorowi ka\u017cdy u\u017cytkownik sieci mo\u017ce utworzy\u0107 wid\u017cet kodu QR online i po prostu osadzi\u0107 go na dowolnej stronie Drupala. Aby wej\u015b\u0107 do us\u0142ugi, nie musisz wykupi\u0107 p\u0142atnego abonamentu ani podawa\u0107 danych swojej karty. Je\u015bli na kt\u00f3rymkolwiek etapie napotkasz jakiekolwiek problemy, nie wahaj si\u0119 skontaktowa\u0107 z naszym zespo\u0142em pomocy technicznej.<\/p> <\/div>\r\n\t\t\t\t\t<\/div>\r\n\t\t\t\t<\/div> <\/div><\/div>","protected":false},"excerpt":{"rendered":"","protected":false},"author":9,"featured_media":0,"parent":3416,"menu_order":0,"comment_status":"closed","ping_status":"closed","template":"templates\/template-application-platform.php","meta":{"publish_to_discourse":"","publish_post_category":"","wpdc_auto_publish_overridden":"","wpdc_topic_tags":"","wpdc_pin_topic":"","wpdc_pin_until":"","discourse_post_id":"","discourse_permalink":"","wpdc_publishing_response":"","wpdc_publishing_error":"","footnotes":""},"class_list":["post-6198","page","type-page","status-publish","hentry"],"yoast_head":"<!-- This site is optimized with the Yoast SEO plugin v25.3.1 - https:\/\/yoast.com\/wordpress\/plugins\/seo\/ -->\n<title>Kod QR \u2014 Dodaj generator kod\u00f3w QR do witryny Drupal [2025]<\/title>\n<meta name=\"description\" content=\"Z \u0142atwo\u015bci\u0105 zbuduj sw\u00f3j unikalny generator kod\u00f3w QR dla witryny Drupal. Po prostu skorzystaj z naszego przydatnego demo, a Tw\u00f3j modu\u0142 zostanie utworzony w mniej ni\u017c dwie minuty.\" \/>\n<meta name=\"robots\" content=\"index, follow, max-snippet:-1, max-image-preview:large, max-video-preview:-1\" \/>\n<link rel=\"canonical\" href=\"https:\/\/elfsight.com\/pl\/qr-code-widget\/drupal\/\" \/>\n<meta property=\"og:locale\" content=\"pl_PL\" \/>\n<meta property=\"og:type\" content=\"article\" \/>\n<meta property=\"og:title\" content=\"Kod QR \u2014 Dodaj generator kod\u00f3w QR do witryny Drupal [2025]\" \/>\n<meta property=\"og:description\" content=\"Z \u0142atwo\u015bci\u0105 zbuduj sw\u00f3j unikalny generator kod\u00f3w QR dla witryny Drupal. Po prostu skorzystaj z naszego przydatnego demo, a Tw\u00f3j modu\u0142 zostanie utworzony w mniej ni\u017c dwie minuty.\" \/>\n<meta property=\"og:url\" content=\"https:\/\/elfsight.com\/pl\/qr-code-widget\/drupal\/\" \/>\n<meta property=\"og:site_name\" content=\"Elfsight PL\" \/>\n<meta property=\"article:modified_time\" content=\"2024-11-14T08:58:45+00:00\" \/>\n<meta name=\"twitter:card\" content=\"summary_large_image\" \/>\n<meta name=\"twitter:label1\" content=\"Szacowany czas czytania\" \/>\n\t<meta name=\"twitter:data1\" content=\"3 minuty\" \/>\n<!-- \/ Yoast SEO plugin. -->","yoast_head_json":{"title":"Kod QR \u2014 Dodaj generator kod\u00f3w QR do witryny Drupal [2025]","description":"Z \u0142atwo\u015bci\u0105 zbuduj sw\u00f3j unikalny generator kod\u00f3w QR dla witryny Drupal. Po prostu skorzystaj z naszego przydatnego demo, a Tw\u00f3j modu\u0142 zostanie utworzony w mniej ni\u017c dwie minuty.","robots":{"index":"index","follow":"follow","max-snippet":"max-snippet:-1","max-image-preview":"max-image-preview:large","max-video-preview":"max-video-preview:-1"},"canonical":"https:\/\/elfsight.com\/pl\/qr-code-widget\/drupal\/","og_locale":"pl_PL","og_type":"article","og_title":"Kod QR \u2014 Dodaj generator kod\u00f3w QR do witryny Drupal [2025]","og_description":"Z \u0142atwo\u015bci\u0105 zbuduj sw\u00f3j unikalny generator kod\u00f3w QR dla witryny Drupal. Po prostu skorzystaj z naszego przydatnego demo, a Tw\u00f3j modu\u0142 zostanie utworzony w mniej ni\u017c dwie minuty.","og_url":"https:\/\/elfsight.com\/pl\/qr-code-widget\/drupal\/","og_site_name":"Elfsight PL","article_modified_time":"2024-11-14T08:58:45+00:00","twitter_card":"summary_large_image","twitter_misc":{"Szacowany czas czytania":"3 minuty"},"schema":{"@context":"https:\/\/schema.org","@graph":[{"@type":"WebPage","@id":"https:\/\/elfsight.com\/pl\/qr-code-widget\/drupal\/","url":"https:\/\/elfsight.com\/pl\/qr-code-widget\/drupal\/","name":"Kod QR \u2014 Dodaj generator kod\u00f3w QR do witryny Drupal [2025]","isPartOf":{"@id":"https:\/\/elfsight.com\/pl\/#website"},"datePublished":"1970-01-01T00:00:00+00:00","dateModified":"2024-11-14T08:58:45+00:00","description":"Z \u0142atwo\u015bci\u0105 zbuduj sw\u00f3j unikalny generator kod\u00f3w QR dla witryny Drupal. Po prostu skorzystaj z naszego przydatnego demo, a Tw\u00f3j modu\u0142 zostanie utworzony w mniej ni\u017c dwie minuty.","breadcrumb":{"@id":"https:\/\/elfsight.com\/pl\/qr-code-widget\/drupal\/#breadcrumb"},"inLanguage":"pl-PL","potentialAction":[{"@type":"ReadAction","target":["https:\/\/elfsight.com\/pl\/qr-code-widget\/drupal\/"]}]},{"@type":"BreadcrumbList","@id":"https:\/\/elfsight.com\/pl\/qr-code-widget\/drupal\/#breadcrumb","itemListElement":[{"@type":"ListItem","position":1,"name":"Home","item":"https:\/\/elfsight.com\/pl\/"},{"@type":"ListItem","position":2,"name":"QR Code","item":"https:\/\/elfsight.com\/pl\/qr-code-widget\/"},{"@type":"ListItem","position":3,"name":"QR Code &#8211; Drupal"}]},{"@type":"WebSite","@id":"https:\/\/elfsight.com\/pl\/#website","url":"https:\/\/elfsight.com\/pl\/","name":"Elfsight PL","description":"Just another Elfsight Sites site","potentialAction":[{"@type":"SearchAction","target":{"@type":"EntryPoint","urlTemplate":"https:\/\/elfsight.com\/pl\/?s={search_term_string}"},"query-input":{"@type":"PropertyValueSpecification","valueRequired":true,"valueName":"search_term_string"}}],"inLanguage":"pl-PL"}]}},"meta_box":{"industry":"","seo_heading":"","heading":"","description":"","cta_heading":"","cta_description":"","application":"3359","h1":"Modu\u0142 kodu QR Drupala","h1_caption":"Wygeneruj i wy\u015bwietl kod qr, aby \u0142atwo uzyska\u0107 dost\u0119p do adres\u00f3w URL, sieci Wi-Fi, wizyt\u00f3wek i innych element\u00f3w w witrynie Drupal.","application_category":[],"applications_title":"","applications_request_title":"","applications_request_button_text":"","hero_text":"","hero_video":"","hero_video_schema_markup":"","selling_points_title":"","selling_points_caption":"","selling_points":[],"selling_points_cta_text":"","features_title":"","features":"","ed_cta_examples_text":"","ed_cta_examples_hidden":"","ed_cta_demo_text":"","ed_cta_demo_hidden":"","why_caption":"","why_editor_title":"","why_editor_text":"","why_team_title":"","why_team_text":"","why_service_title":"","why_service_text":"","template_catalog_visible":"","template_catalog_title":"","template_catalog_text":"","template_catalog_categories_visible":"","demo_title":"Utw\u00f3rz modu\u0142 QR Code","demo_caption":"Skonfiguruj sw\u00f3j kod QR i dodaj go za darmo do swojej witryny Drupal!","default_faq_hidden":"","app_template_category":[],"platform":"47","template_public_id":"","codecanyon_url":"","codecanyon_item_id":"","codecanyon_price":"","pricing_caption":"","pricing_elfsight_apps_hide_column":"","pricing_elfsight_apps_url":"","pricing_codecanyon_price_caption":"","integration_category":[],"integration_request_title":"","integration_request_cta":"","integration_platform":"","integrations":[],"platform_category":[],"video_schema_markup":"","price":"od 0 USD \/ miesi\u0105c","trial":"","benefits":[{"text":"Bezp\u0142atna pomoc w monta\u017cu"},{"text":"Do\u015bwiadczona obs\u0142uga klienta"},{"text":"14-dniowa gwarancja zwrotu pieni\u0119dzy"}],"button_url":"#demo","button_target_blank":"","button_nofollow":"","attributes":[{"name":"Instaluje"},{"name":"Czu\u0142y"},{"name":"Kompatybilne przegl\u0105darki"}],"tags":[],"tags_disable_links":"","hide_more_platforms":"","video_object":"","demo_hide_cta":"","demo_hide_cloud_options":"","pricing_title":"","pricing":[{"pricing_icon":"platform","pricing_title":"Elfsight Apps","pricing_title_caption":"Wieloplatformowe rozwi\u0105zanie cyfrowe, kt\u00f3re dzia\u0142a na ka\u017cdej stronie","pricing_price":"od 0 USD \/ miesi\u0105c","pricing_price_caption":"zacznij od bezp\u0142atnego planu","pricing_benefits":[{"text":"Nielimitowane domeny"},{"text":"Profesjonalna obs\u0142uga klienta i dobrze udokumentowana"},{"text":"Bezp\u0142atne wsparcie instalacyjne"},{"text":"Oferta ograniczona czasowo dla wielu aplikacji"}],"pricing_button_text":"Dodaj do witryny","pricing_button_url":"#demo"}],"related_apps_title":"","related_apps_hidden":"","author":"","image":[],"title":"","job":"","social_networks":[]},"_links":{"self":[{"href":"https:\/\/elfsight.com\/pl\/wp-json\/wp\/v2\/pages\/6198","targetHints":{"allow":["GET"]}}],"collection":[{"href":"https:\/\/elfsight.com\/pl\/wp-json\/wp\/v2\/pages"}],"about":[{"href":"https:\/\/elfsight.com\/pl\/wp-json\/wp\/v2\/types\/page"}],"author":[{"embeddable":true,"href":"https:\/\/elfsight.com\/pl\/wp-json\/wp\/v2\/users\/9"}],"replies":[{"embeddable":true,"href":"https:\/\/elfsight.com\/pl\/wp-json\/wp\/v2\/comments?post=6198"}],"version-history":[{"count":1,"href":"https:\/\/elfsight.com\/pl\/wp-json\/wp\/v2\/pages\/6198\/revisions"}],"predecessor-version":[{"id":6202,"href":"https:\/\/elfsight.com\/pl\/wp-json\/wp\/v2\/pages\/6198\/revisions\/6202"}],"up":[{"embeddable":true,"href":"https:\/\/elfsight.com\/pl\/wp-json\/wp\/v2\/pages\/3416"}],"wp:attachment":[{"href":"https:\/\/elfsight.com\/pl\/wp-json\/wp\/v2\/media?parent=6198"}],"curies":[{"name":"wp","href":"https:\/\/api.w.org\/{rel}","templated":true}]}}