{"id":6197,"date":"1970-01-01T00:00:00","date_gmt":"1970-01-01T00:00:00","guid":{"rendered":"https:\/\/elfsight.com\/pl\/?page_id=6197"},"modified":"2024-09-13T13:51:04","modified_gmt":"2024-09-13T13:51:04","slug":"facebook","status":"publish","type":"page","link":"https:\/\/elfsight.com\/pl\/qr-code-widget\/facebook\/","title":{"rendered":"QR Code &#8211; Facebook"},"content":{"rendered":"<div class=\"application-platform-content-item-description application-platform-content-item\" id=\"description\" data-nav-section=\"description\"> <h2>Opis<\/h2> <p>Kod QR to pot\u0119\u017cne narz\u0119dzie dla strony na Facebooku, umo\u017cliwiaj\u0105ce szybkie przekierowanie odwiedzaj\u0105cych do dowolnej witryny, udost\u0119pnienie adres URL, Twoja lokalizacja, adres e-mail, dowolny plik i wiele innych. Narz\u0119dzie jest niezwykle konfigurowalne: mo\u017cesz doda\u0107 tytu\u0142, obja\u015bniaj\u0105cy podpis, wybra\u0107 ikon\u0119 i logo, korzystaj\u0105c z naszej biblioteki lub przes\u0142a\u0107 w\u0142asne, przemalowa\u0107 tekst, t\u0142o, ramk\u0119 i zmieni\u0107 rozmiar wid\u017cetu zgodnie z potrzebami. Pozostaje tylko rozpocz\u0105\u0107 tworzenie spersonalizowanego widgetu \u2013 instalacja jest prosta i nie b\u0119dzie wymaga\u0107 od Ciebie umiej\u0119tno\u015bci kodowania. <\/p> <p><b>Utw\u00f3rz generator kod\u00f3w QR Elfsight dla swojej strony firmowej na Facebooku i skieruj u\u017cytkownik\u00f3w prosto tam, gdzie chcesz, oraz upro\u015b\u0107 korzystanie z tre\u015bci<\/b><\/p> <\/div> <div class=\"application-platform-content-item-features application-platform-content-item\" id=\"features\" data-nav-section=\"features\"> <h2>Najcenniejsze funkcje widget\u00f3w<\/h2> <ul><li>Natychmiastowy dost\u0119p do tre\u015bci<\/li><li>Do\u0142\u0105cz dowolny tekst<\/li><li>Osiem prze\u0142\u0105czalnych logo<\/li><li>Dost\u0119pnych 15 wymiennych ikon<\/li><li>Przemaluj wszystkie cz\u0119\u015bci wid\u017cetu<\/li><\/ul><p><a href=\"#demo\">Mo\u017cesz sprawdzi\u0107, jak dzia\u0142a wid\u017cet za pomoc\u0105 wersja demonstracyjna<\/a><\/p> <\/div> <div class=\"application-platform-content-item-installation application-platform-content-item\" id=\"installation\" data-nav-section=\"installation\"> <h2>Jak doda\u0107 kod QR na mojej stronie na Facebooku?<\/h2> <p>Wystarczy wykona\u0107 poni\u017csze wskaz\u00f3wki, aby wstawi\u0107 wid\u017cet.<\/p> <ol><li><b>Korzystaj\u0105c z naszego bezp\u0142atnego edytora, rozpocznij tworzenie spersonalizowanego wid\u017cetu.<\/b><br> Okre\u015bl odpowiedni wygl\u0105d i opcje narz\u0119dzia oraz zastosuj zmiany.<\/b><br> li&gt; <li><b>Uzyskaj osobisty kod widoczny w oknie aplikacji Elfsight.<\/b><br> Zaraz po zako\u0144czeniu tworzenia osobistego wid\u017cetu skopiuj indywidualny kod z wy\u015bwietlonego wyskakuj\u0105cego okienka i zachowaj go do kolejn\u0105 okazj\u0119.<\/li> <li><b>Dodaj wid\u017cet do strony na Facebooku<\/b><br> Stw\u00f3rz w\u0142asn\u0105 zak\u0142adk\u0119 na Facebooku. Wpisz w zak\u0142adce kod otrzymany w aplikacji elfsight. Je\u015bli masz jakiekolwiek problemy, po prostu zapoznaj si\u0119 z naszym przewodnikiem na stronie <a href=\"https:\/\/elfsight.com\/blog\/how-to-add-custom-tab-to-facebook-page\/\" target=\"_blank\" rel=\"noopener noreferrer\">tworzenie niestandardowej karty na Facebooku<\/a><\/li> <li><b>Gotowe! Integracja zosta\u0142a pomy\u015blnie zako\u0144czona.<\/b><br> Przejd\u017a do swojej witryny, aby zobaczy\u0107, jak dzia\u0142a wtyczka.<\/li><\/ol> <p>W przypadku pyta\u0144 lub trudno\u015bci nie wahaj si\u0119 aplikuj do naszego zespo\u0142u obs\u0142ugi klienta. Nasi konsultanci pragn\u0105 rozwi\u0105za\u0107 wszystkie problemy, jakie mo\u017cesz mie\u0107 z wid\u017cetem.<\/p> <\/div><div class=\"faq\" data-component=\"FAQ\"><div class=\"faq-item\">\r\n\t\t\t\t\t<div class=\"faq-item-question\">\r\n\t\t\t\t\t\t<h3 class=\"faq-item-question-text\">Jak mog\u0119 osadzi\u0107 kod QR w moja witryna na Facebooku? <\/h3>\r\n\r\n\t\t\t\t\t\t<div class=\"faq-item-question-icon\"><\/div>\r\n\t\t\t\t\t<\/div>\r\n\r\n\t\t\t\t\t<div class=\"faq-item-answer\">\r\n\t\t\t\t\t\t<div class=\"faq-item-answer-text\"><p>Zak\u0142adanie widgetu odbywa si\u0119 w witrynie Elfsight i nie ma potrzeby kodowania. Skorzystaj z wersji demonstracyjnej online, aby zbudowa\u0107 aplikacj\u0119, uzyska\u0107 kod i zaimplementowa\u0107 go w swojej witrynie. <\/p><\/div>\r\n\t\t\t\t\t<\/div>\r\n\t\t\t\t<\/div><div class=\"faq-item\">\r\n\t\t\t\t\t<div class=\"faq-item-question\">\r\n\t\t\t\t\t\t<h3 class=\"faq-item-question-text\">Najlepsze przyk\u0142ady wykorzystania integracji generatora kod\u00f3w QR<\/h3>\r\n\r\n\t\t\t\t\t\t<div class=\"faq-item-question-icon\"><\/div>\r\n\t\t\t\t\t<\/div>\r\n\r\n\t\t\t\t\t<div class=\"faq-item-answer\">\r\n\t\t\t\t\t\t<div class=\"faq-item-answer-text\"><p>Oferujemy mn\u00f3stwo mo\u017cliwo\u015bci dostosowania: pe\u0142nowymiarowe wid\u017cety do osadzania w strefie tre\u015bci , p\u0142ywaj\u0105ce wid\u017cety z funkcj\u0105 przewijania, uk\u0142ady stopki, nag\u0142\u00f3wka i wszelkiego rodzaju pionowe mo\u017cliwo\u015bci pask\u00f3w bocznych i menu. <\/p><\/div>\r\n\t\t\t\t\t<\/div>\r\n\t\t\t\t<\/div><div class=\"faq-item\">\r\n\t\t\t\t\t<div class=\"faq-item-question\">\r\n\t\t\t\t\t\t<h3 class=\"faq-item-question-text\">Czy mog\u0119 utworzy\u0107 kod QR zeskanowany i zap\u0142acony za po\u015brednictwem Twojego redaktora? <\/h3>\r\n\r\n\t\t\t\t\t\t<div class=\"faq-item-question-icon\"><\/div>\r\n\t\t\t\t\t<\/div>\r\n\r\n\t\t\t\t\t<div class=\"faq-item-answer\">\r\n\t\t\t\t\t\t<div class=\"faq-item-answer-text\"><p>Mo\u017cesz tworzy\u0107 dowolne odmiany wid\u017cetu. W edytorze dost\u0119pnych jest mn\u00f3stwo uk\u0142ad\u00f3w, a ka\u017cdy z nich mo\u017cna \u0142atwo dostosowa\u0107, tak jak Ci brakuje. <\/p><\/div>\r\n\t\t\t\t\t<\/div>\r\n\t\t\t\t<\/div><\/div>","protected":false},"excerpt":{"rendered":"","protected":false},"author":9,"featured_media":0,"parent":3416,"menu_order":0,"comment_status":"closed","ping_status":"closed","template":"templates\/template-application-platform.php","meta":{"publish_to_discourse":"","publish_post_category":"","wpdc_auto_publish_overridden":"","wpdc_topic_tags":"","wpdc_pin_topic":"","wpdc_pin_until":"","discourse_post_id":"","discourse_permalink":"","wpdc_publishing_response":"","wpdc_publishing_error":"","footnotes":""},"class_list":["post-6197","page","type-page","status-publish","hentry"],"yoast_head":"<!-- This site is optimized with the Yoast SEO plugin v25.3.1 - https:\/\/yoast.com\/wordpress\/plugins\/seo\/ -->\n<title>Generator kod\u00f3w QR na Facebooku | Dodaj kod QR do Facebooka (bezp\u0142atnie i szybko)<\/title>\n<meta name=\"description\" content=\"Szybko utw\u00f3rz kod QR dla strony na Facebooku. Wystarczy zastosowa\u0107 nasze aktywne demo, a Twoje narz\u0119dzie zostanie utworzone w mniej ni\u017c minut\u0119.\" \/>\n<meta name=\"robots\" content=\"index, follow, max-snippet:-1, max-image-preview:large, max-video-preview:-1\" \/>\n<link rel=\"canonical\" href=\"https:\/\/elfsight.com\/pl\/qr-code-widget\/facebook\/\" \/>\n<meta property=\"og:locale\" content=\"pl_PL\" \/>\n<meta property=\"og:type\" content=\"article\" \/>\n<meta property=\"og:title\" content=\"Generator kod\u00f3w QR na Facebooku | Dodaj kod QR do Facebooka (bezp\u0142atnie i szybko)\" \/>\n<meta property=\"og:description\" content=\"Szybko utw\u00f3rz kod QR dla strony na Facebooku. Wystarczy zastosowa\u0107 nasze aktywne demo, a Twoje narz\u0119dzie zostanie utworzone w mniej ni\u017c minut\u0119.\" \/>\n<meta property=\"og:url\" content=\"https:\/\/elfsight.com\/pl\/qr-code-widget\/facebook\/\" \/>\n<meta property=\"og:site_name\" content=\"Elfsight PL\" \/>\n<meta property=\"article:modified_time\" content=\"2024-09-13T13:51:04+00:00\" \/>\n<meta name=\"twitter:card\" content=\"summary_large_image\" \/>\n<meta name=\"twitter:label1\" content=\"Szacowany czas czytania\" \/>\n\t<meta name=\"twitter:data1\" content=\"3 minuty\" \/>\n<!-- \/ Yoast SEO plugin. -->","yoast_head_json":{"title":"Generator kod\u00f3w QR na Facebooku | Dodaj kod QR do Facebooka (bezp\u0142atnie i szybko)","description":"Szybko utw\u00f3rz kod QR dla strony na Facebooku. Wystarczy zastosowa\u0107 nasze aktywne demo, a Twoje narz\u0119dzie zostanie utworzone w mniej ni\u017c minut\u0119.","robots":{"index":"index","follow":"follow","max-snippet":"max-snippet:-1","max-image-preview":"max-image-preview:large","max-video-preview":"max-video-preview:-1"},"canonical":"https:\/\/elfsight.com\/pl\/qr-code-widget\/facebook\/","og_locale":"pl_PL","og_type":"article","og_title":"Generator kod\u00f3w QR na Facebooku | Dodaj kod QR do Facebooka (bezp\u0142atnie i szybko)","og_description":"Szybko utw\u00f3rz kod QR dla strony na Facebooku. Wystarczy zastosowa\u0107 nasze aktywne demo, a Twoje narz\u0119dzie zostanie utworzone w mniej ni\u017c minut\u0119.","og_url":"https:\/\/elfsight.com\/pl\/qr-code-widget\/facebook\/","og_site_name":"Elfsight PL","article_modified_time":"2024-09-13T13:51:04+00:00","twitter_card":"summary_large_image","twitter_misc":{"Szacowany czas czytania":"3 minuty"},"schema":{"@context":"https:\/\/schema.org","@graph":[{"@type":"WebPage","@id":"https:\/\/elfsight.com\/pl\/qr-code-widget\/facebook\/","url":"https:\/\/elfsight.com\/pl\/qr-code-widget\/facebook\/","name":"Generator kod\u00f3w QR na Facebooku | Dodaj kod QR do Facebooka (bezp\u0142atnie i szybko)","isPartOf":{"@id":"https:\/\/elfsight.com\/pl\/#website"},"datePublished":"1970-01-01T00:00:00+00:00","dateModified":"2024-09-13T13:51:04+00:00","description":"Szybko utw\u00f3rz kod QR dla strony na Facebooku. Wystarczy zastosowa\u0107 nasze aktywne demo, a Twoje narz\u0119dzie zostanie utworzone w mniej ni\u017c minut\u0119.","breadcrumb":{"@id":"https:\/\/elfsight.com\/pl\/qr-code-widget\/facebook\/#breadcrumb"},"inLanguage":"pl-PL","potentialAction":[{"@type":"ReadAction","target":["https:\/\/elfsight.com\/pl\/qr-code-widget\/facebook\/"]}]},{"@type":"BreadcrumbList","@id":"https:\/\/elfsight.com\/pl\/qr-code-widget\/facebook\/#breadcrumb","itemListElement":[{"@type":"ListItem","position":1,"name":"Home","item":"https:\/\/elfsight.com\/pl\/"},{"@type":"ListItem","position":2,"name":"QR Code","item":"https:\/\/elfsight.com\/pl\/qr-code-widget\/"},{"@type":"ListItem","position":3,"name":"QR Code &#8211; Facebook"}]},{"@type":"WebSite","@id":"https:\/\/elfsight.com\/pl\/#website","url":"https:\/\/elfsight.com\/pl\/","name":"Elfsight PL","description":"Just another Elfsight Sites site","potentialAction":[{"@type":"SearchAction","target":{"@type":"EntryPoint","urlTemplate":"https:\/\/elfsight.com\/pl\/?s={search_term_string}"},"query-input":{"@type":"PropertyValueSpecification","valueRequired":true,"valueName":"search_term_string"}}],"inLanguage":"pl-PL"}]}},"meta_box":{"industry":"","seo_heading":"","heading":"","description":"","cta_heading":"","cta_description":"","application":"3359","h1":"Generator kod\u00f3w QR na Facebooku","h1_caption":"Przekazuj u\u017cytkownik\u00f3w na dowolne strony internetowe, natychmiast udost\u0119pniaj pliki i poprawiaj UX","application_category":[],"applications_title":"","applications_request_title":"","applications_request_button_text":"","hero_text":"","hero_video":"","hero_video_schema_markup":"","selling_points_title":"","selling_points_caption":"","selling_points":[],"selling_points_cta_text":"","features_title":"","features":"","ed_cta_examples_text":"","ed_cta_examples_hidden":"","ed_cta_demo_text":"","ed_cta_demo_hidden":"","why_caption":"","why_editor_title":"","why_editor_text":"","why_team_title":"","why_team_text":"","why_service_title":"","why_service_text":"","template_catalog_visible":"","template_catalog_title":"","template_catalog_text":"","template_catalog_categories_visible":"","demo_title":"Pospiesz si\u0119, aby utworzy\u0107 niestandardowy kod QR dla strony na Facebooku!","demo_caption":"Dostosuj i zintegruj widget ze swoj\u0105 stron\u0105, korzystaj\u0105c z wersji demonstracyjnej na \u017cywo","default_faq_hidden":"","app_template_category":[],"platform":"319","template_public_id":"","codecanyon_url":"","codecanyon_item_id":"","codecanyon_price":"","pricing_caption":"","pricing_elfsight_apps_hide_column":"","pricing_elfsight_apps_url":"","pricing_codecanyon_price_caption":"","integration_category":[],"integration_request_title":"","integration_request_cta":"","integration_platform":"","integrations":[],"platform_category":[],"video_schema_markup":"","price":"od 0 USD \/ miesi\u0105c","trial":"","benefits":[{"text":"Bezp\u0142atna pomoc w monta\u017cu"},{"text":"Do\u015bwiadczona obs\u0142uga klienta"},{"text":"14-dniowa gwarancja zwrotu pieni\u0119dzy"}],"button_url":"#demo","button_target_blank":"","button_nofollow":"","attributes":[{"name":"Instaluje"},{"name":"Reakcja na co\u015b"},{"name":"Kompatybilne przegl\u0105darki"}],"tags":[],"tags_disable_links":"","hide_more_platforms":"","video_object":"","demo_hide_cta":"","demo_hide_cloud_options":"","pricing_title":"","pricing":[{"pricing_icon":"platform","pricing_title":"Elfsight Apps","pricing_title_caption":"Wieloplatformowe rozwi\u0105zanie cyfrowe","pricing_price":"od 0 USD \/ miesi\u0105c","pricing_price_caption":"zacznij od bezp\u0142atnego planu","pricing_benefits":[{"text":"Nielimitowane domeny"},{"text":"Profesjonalna obs\u0142uga klienta"},{"text":"Bezp\u0142atna us\u0142uga monta\u017cu"},{"text":"W pe\u0142ni konfigurowalny"}],"pricing_button_text":"Dodaj do witryny","pricing_button_url":"#demo"}],"related_apps_title":"","related_apps_hidden":"","author":"","image":[],"title":"","job":"","social_networks":[]},"_links":{"self":[{"href":"https:\/\/elfsight.com\/pl\/wp-json\/wp\/v2\/pages\/6197","targetHints":{"allow":["GET"]}}],"collection":[{"href":"https:\/\/elfsight.com\/pl\/wp-json\/wp\/v2\/pages"}],"about":[{"href":"https:\/\/elfsight.com\/pl\/wp-json\/wp\/v2\/types\/page"}],"author":[{"embeddable":true,"href":"https:\/\/elfsight.com\/pl\/wp-json\/wp\/v2\/users\/9"}],"replies":[{"embeddable":true,"href":"https:\/\/elfsight.com\/pl\/wp-json\/wp\/v2\/comments?post=6197"}],"version-history":[{"count":1,"href":"https:\/\/elfsight.com\/pl\/wp-json\/wp\/v2\/pages\/6197\/revisions"}],"predecessor-version":[{"id":6201,"href":"https:\/\/elfsight.com\/pl\/wp-json\/wp\/v2\/pages\/6197\/revisions\/6201"}],"up":[{"embeddable":true,"href":"https:\/\/elfsight.com\/pl\/wp-json\/wp\/v2\/pages\/3416"}],"wp:attachment":[{"href":"https:\/\/elfsight.com\/pl\/wp-json\/wp\/v2\/media?parent=6197"}],"curies":[{"name":"wp","href":"https:\/\/api.w.org\/{rel}","templated":true}]}}