{"id":6192,"date":"1970-01-01T00:00:00","date_gmt":"1970-01-01T00:00:00","guid":{"rendered":"https:\/\/elfsight.com\/pl\/?page_id=6192"},"modified":"2024-11-14T08:58:37","modified_gmt":"2024-11-14T08:58:37","slug":"elementor","status":"publish","type":"page","link":"https:\/\/elfsight.com\/pl\/qr-code-widget\/elementor\/","title":{"rendered":"QR Code &#8211; Elementor"},"content":{"rendered":"<div class=\"application-platform-content-item-description application-platform-content-item\" id=\"description\" data-nav-section=\"description\"> <h2>Osad\u017a kod QR w Elementorze za pomoc\u0105 wid\u017cetu Elfsight<\/h2> <p>Generator kod\u00f3w QR to imponuj\u0105ce narz\u0119dzie dla witryn Elementor, umo\u017cliwiaj\u0105ce natychmiast przekieruj odwiedzaj\u0105cych na dowoln\u0105 stron\u0119 internetow\u0105, udost\u0119pnij adres URL, swoj\u0105 lokalizacj\u0119, adres e-mail, dowolny plik i nie tylko. Wid\u017cet jest niezwykle konfigurowalny: mo\u017cesz doda\u0107 tytu\u0142, obja\u015bniaj\u0105cy podpis, wybra\u0107 najbardziej pasuj\u0105c\u0105 ikon\u0119 i logo, korzystaj\u0105c z naszej biblioteki lub stworzy\u0107 w\u0142asne, przemalowa\u0107 tekst, t\u0142o, ramk\u0119 i zmieni\u0107 rozmiar wid\u017cetu tak, aby pasowa\u0142 do Twojej witryny . Wszystko, co musisz zrobi\u0107, to rozpocz\u0105\u0107 tworzenie widgetu \u2013 instalacja jest prosta i nie b\u0119dzie wymaga\u0107 umiej\u0119tno\u015bci kodowania. <\/p> <p><b>Umie\u015b\u0107 generator kod\u00f3w QR na swojej stronie internetowej i kieruj odwiedzaj\u0105cych bezpo\u015brednio tam, gdzie chcesz, oraz usprawnij korzystanie z tre\u015bci<\/b><\/p> <\/div> <div class=\"application-platform-content-item-\u201efunkcje\u201d application-platform-content-item\" id=\"\u201efunkcje\u201d\" data-nav-section=\"\u201efunkcje\u201d\"> <h2>Oto g\u0142\u00f3wne funkcje wid\u017cetu: <\/h2> <ul><li>Natychmiastowy dost\u0119p do tre\u015bci<\/li><li>Dodaj dowolny tekst<\/li><li>8 prze\u0142\u0105czalnych logo <\/li><li>Pi\u0119tna\u015bcie wymiennych ikon do wyboru<\/li><li>Pokoloruj ponownie wszystkie elementy<\/li><\/ul><p><a href=\"#demo\">Po prostu wypr\u00f3buj t\u0119 wersj\u0119 demonstracyjn\u0105, aby zobacz, ile wart jest widget<\/a><\/p> <\/div> <div class=\"application-platform-content-item-installation application-platform-content-item\" id=\"installation\" data-nav-section=\"installation\"> <h2>Jak mog\u0119 doda\u0107 kod QR do mojej witryny Elementor? <\/h2> <p>Wystarczy post\u0119powa\u0107 zgodnie z poni\u017cszymi wskaz\u00f3wkami, aby doda\u0107 narz\u0119dzie. <\/p> <ol><li><b>Uruchom nasz darmowy konfigurator i zacznij tworzy\u0107 w\u0142asn\u0105 wtyczk\u0119. <\/b><br> Wybierz po\u017c\u0105dany interfejs i aspekty wtyczki i zastosuj modyfikacje. <\/li> <li><b>Skopiuj unikalny kod pojawiaj\u0105cy si\u0119 w specjalnym formularzu w aplikacjach Elfsight. <\/b><br> Po skonfigurowaniu osobistej wtyczki skopiuj osobisty kod w wy\u015bwietlonym oknie i zapisz go na p\u00f3\u017aniej. <\/li> <li><b>Rozpocznij korzystanie z wid\u017cetu na swojej stronie internetowej Elementor. <\/b><br> Umie\u015b\u0107 skopiowany wcze\u015bniej kod na swojej stronie g\u0142\u00f3wnej i zapisz zmiany. <\/li> <li><b>Instalacja zosta\u0142a ca\u0142kowicie zako\u0144czona. <\/b><br> Przejd\u017a na swoj\u0105 stron\u0119 internetow\u0105, aby zobaczy\u0107 dzia\u0142anie wtyczki. <\/li><\/ol> <p>W przypadku pyta\u0144 lub problem\u00f3w nie wahaj si\u0119 skontaktowa\u0107 z naszym dzia\u0142em obs\u0142ugi klienta. Nasi specjali\u015bci z przyjemno\u015bci\u0105 odpowiedz\u0105 na wszystkie pytania dotycz\u0105ce produktu. <\/p> <div class=\"faq\" data-component=\"FAQ\"><div class=\"faq-item\">\r\n\t\t\t\t\t<div class=\"faq-item-question\">\r\n\t\t\t\t\t\t<h3 class=\"faq-item-question-text\">Czy istnieje metoda osadzenia kodu QR na mojej stronie g\u0142\u00f3wnej Elementora bez kodowania?<\/h3>\r\n\r\n\t\t\t\t\t\t<div class=\"faq-item-question-icon\"><\/div>\r\n\t\t\t\t\t<\/div>\r\n\r\n\t\t\t\t\t<div class=\"faq-item-answer\">\r\n\t\t\t\t\t\t<div class=\"faq-item-answer-text\"> <p>Firma Elfsight dostarcza rozwi\u0105zanie w chmurze, kt\u00f3re umo\u017cliwia u\u017cytkownikom samodzielne zbudowanie wtyczki z kodem QR, poznaj prosty przewodnik: Przejd\u017a do wersji demonstracyjnej na \u017cywo, aby utworzy\u0107 wid\u017cet z kodem QR, kt\u00f3ry chcesz doda\u0107 na swojej stronie g\u0142\u00f3wnej Elementora. Wybierz jeden z gotowych szablon\u00f3w i zmodyfikuj ustawienia kodu QR, zmie\u0144 uk\u0142ad i kolory oraz dodaj swoj\u0105 tre\u015b\u0107, bez znajomo\u015bci kodowania. Zapisz kod QR i uzyskaj kod instalacyjny, kt\u00f3ry mo\u017cesz \u0142atwo i bezp\u0142atnie umie\u015bci\u0107 na stronie Elementora. Za pomoc\u0105 naszego \u0142atwego w obs\u0142udze Konfiguratora ka\u017cdy u\u017cytkownik Internetu mo\u017ce zbudowa\u0107 sekcj\u0119 z kodem QR online i \u0142atwo osadzi\u0107 go na dowolnej stronie Elementora. Nie powiniene\u015b otrzymywa\u0107 p\u0142atnego planu ani wprowadza\u0107 danych uwierzytelniaj\u0105cych karty, aby uzyska\u0107 dost\u0119p do us\u0142ugi Elfsight. Je\u015bli na dowolnym etapie napotkasz jakiekolwiek przeszkody, skontaktuj si\u0119 z naszym dzia\u0142em obs\u0142ugi klienta.<\/p> <\/div>\r\n\t\t\t\t\t<\/div>\r\n\t\t\t\t<\/div> <\/div><\/div>","protected":false},"excerpt":{"rendered":"","protected":false},"author":9,"featured_media":0,"parent":3416,"menu_order":0,"comment_status":"closed","ping_status":"closed","template":"templates\/template-application-platform.php","meta":{"publish_to_discourse":"","publish_post_category":"","wpdc_auto_publish_overridden":"","wpdc_topic_tags":"","wpdc_pin_topic":"","wpdc_pin_until":"","discourse_post_id":"","discourse_permalink":"","wpdc_publishing_response":"","wpdc_publishing_error":"","footnotes":""},"class_list":["post-6192","page","type-page","status-publish","hentry"],"yoast_head":"<!-- This site is optimized with the Yoast SEO plugin v25.3.1 - https:\/\/yoast.com\/wordpress\/plugins\/seo\/ -->\n<title>Generator kod\u00f3w QR \u2014 Dodaj wid\u017cet kodu QR do Elementora [2025]<\/title>\n<meta name=\"description\" content=\"Szybko kszta\u0142tuj sw\u00f3j unikalny kod QR dla witryny Elementor. Po prostu skorzystaj z naszego demo, a Tw\u00f3j widget zostanie stworzony w mniej ni\u017c minut\u0119.\" \/>\n<meta name=\"robots\" content=\"index, follow, max-snippet:-1, max-image-preview:large, max-video-preview:-1\" \/>\n<link rel=\"canonical\" href=\"https:\/\/elfsight.com\/pl\/qr-code-widget\/elementor\/\" \/>\n<meta property=\"og:locale\" content=\"pl_PL\" \/>\n<meta property=\"og:type\" content=\"article\" \/>\n<meta property=\"og:title\" content=\"Generator kod\u00f3w QR \u2014 Dodaj wid\u017cet kodu QR do Elementora [2025]\" \/>\n<meta property=\"og:description\" content=\"Szybko kszta\u0142tuj sw\u00f3j unikalny kod QR dla witryny Elementor. Po prostu skorzystaj z naszego demo, a Tw\u00f3j widget zostanie stworzony w mniej ni\u017c minut\u0119.\" \/>\n<meta property=\"og:url\" content=\"https:\/\/elfsight.com\/pl\/qr-code-widget\/elementor\/\" \/>\n<meta property=\"og:site_name\" content=\"Elfsight PL\" \/>\n<meta property=\"article:modified_time\" content=\"2024-11-14T08:58:37+00:00\" \/>\n<meta name=\"twitter:card\" content=\"summary_large_image\" \/>\n<meta name=\"twitter:label1\" content=\"Szacowany czas czytania\" \/>\n\t<meta name=\"twitter:data1\" content=\"3 minuty\" \/>\n<!-- \/ Yoast SEO plugin. -->","yoast_head_json":{"title":"Generator kod\u00f3w QR \u2014 Dodaj wid\u017cet kodu QR do Elementora [2025]","description":"Szybko kszta\u0142tuj sw\u00f3j unikalny kod QR dla witryny Elementor. Po prostu skorzystaj z naszego demo, a Tw\u00f3j widget zostanie stworzony w mniej ni\u017c minut\u0119.","robots":{"index":"index","follow":"follow","max-snippet":"max-snippet:-1","max-image-preview":"max-image-preview:large","max-video-preview":"max-video-preview:-1"},"canonical":"https:\/\/elfsight.com\/pl\/qr-code-widget\/elementor\/","og_locale":"pl_PL","og_type":"article","og_title":"Generator kod\u00f3w QR \u2014 Dodaj wid\u017cet kodu QR do Elementora [2025]","og_description":"Szybko kszta\u0142tuj sw\u00f3j unikalny kod QR dla witryny Elementor. Po prostu skorzystaj z naszego demo, a Tw\u00f3j widget zostanie stworzony w mniej ni\u017c minut\u0119.","og_url":"https:\/\/elfsight.com\/pl\/qr-code-widget\/elementor\/","og_site_name":"Elfsight PL","article_modified_time":"2024-11-14T08:58:37+00:00","twitter_card":"summary_large_image","twitter_misc":{"Szacowany czas czytania":"3 minuty"},"schema":{"@context":"https:\/\/schema.org","@graph":[{"@type":"WebPage","@id":"https:\/\/elfsight.com\/pl\/qr-code-widget\/elementor\/","url":"https:\/\/elfsight.com\/pl\/qr-code-widget\/elementor\/","name":"Generator kod\u00f3w QR \u2014 Dodaj wid\u017cet kodu QR do Elementora [2025]","isPartOf":{"@id":"https:\/\/elfsight.com\/pl\/#website"},"datePublished":"1970-01-01T00:00:00+00:00","dateModified":"2024-11-14T08:58:37+00:00","description":"Szybko kszta\u0142tuj sw\u00f3j unikalny kod QR dla witryny Elementor. Po prostu skorzystaj z naszego demo, a Tw\u00f3j widget zostanie stworzony w mniej ni\u017c minut\u0119.","breadcrumb":{"@id":"https:\/\/elfsight.com\/pl\/qr-code-widget\/elementor\/#breadcrumb"},"inLanguage":"pl-PL","potentialAction":[{"@type":"ReadAction","target":["https:\/\/elfsight.com\/pl\/qr-code-widget\/elementor\/"]}]},{"@type":"BreadcrumbList","@id":"https:\/\/elfsight.com\/pl\/qr-code-widget\/elementor\/#breadcrumb","itemListElement":[{"@type":"ListItem","position":1,"name":"Home","item":"https:\/\/elfsight.com\/pl\/"},{"@type":"ListItem","position":2,"name":"QR Code","item":"https:\/\/elfsight.com\/pl\/qr-code-widget\/"},{"@type":"ListItem","position":3,"name":"QR Code &#8211; Elementor"}]},{"@type":"WebSite","@id":"https:\/\/elfsight.com\/pl\/#website","url":"https:\/\/elfsight.com\/pl\/","name":"Elfsight PL","description":"Just another Elfsight Sites site","potentialAction":[{"@type":"SearchAction","target":{"@type":"EntryPoint","urlTemplate":"https:\/\/elfsight.com\/pl\/?s={search_term_string}"},"query-input":{"@type":"PropertyValueSpecification","valueRequired":true,"valueName":"search_term_string"}}],"inLanguage":"pl-PL"}]}},"meta_box":{"industry":"","seo_heading":"","heading":"","description":"","cta_heading":"","cta_description":"","application":"3359","h1":"Wid\u017cet z kodem QR Elementora","h1_caption":"Wygeneruj i wy\u015bwietl kod qr, aby \u0142atwo uzyska\u0107 dost\u0119p do adres\u00f3w URL, sieci Wi-Fi, wizyt\u00f3wek i innych element\u00f3w w witrynie Elementor.","application_category":[],"applications_title":"","applications_request_title":"","applications_request_button_text":"","hero_text":"","hero_video":"","hero_video_schema_markup":"","selling_points_title":"","selling_points_caption":"","selling_points":[],"selling_points_cta_text":"","features_title":"","features":"","ed_cta_examples_text":"","ed_cta_examples_hidden":"","ed_cta_demo_text":"","ed_cta_demo_hidden":"","why_caption":"","why_editor_title":"","why_editor_text":"","why_team_title":"","why_team_text":"","why_service_title":"","why_service_text":"","template_catalog_visible":"","template_catalog_title":"","template_catalog_text":"","template_catalog_categories_visible":"","demo_title":"Utw\u00f3rz wid\u017cet z kodem QR","demo_caption":"Skonfiguruj sw\u00f3j kod QR i dodaj go za darmo do swojej witryny Elementor!","default_faq_hidden":"","app_template_category":[],"platform":"268","template_public_id":"","codecanyon_url":"","codecanyon_item_id":"","codecanyon_price":"","pricing_caption":"","pricing_elfsight_apps_hide_column":"","pricing_elfsight_apps_url":"","pricing_codecanyon_price_caption":"","integration_category":[],"integration_request_title":"","integration_request_cta":"","integration_platform":"","integrations":[],"platform_category":[],"video_schema_markup":"","price":"od 0 USD \/ miesi\u0105c","trial":"","benefits":[{"text":"Bezp\u0142atna pomoc w monta\u017cu"},{"text":"Kompetentna obs\u0142uga klienta"},{"text":"14-dniowa gwarancja zwrotu pieni\u0119dzy"}],"button_url":"#demo","button_target_blank":"","button_nofollow":"","attributes":[{"name":"Instaluje"},{"name":"Czu\u0142y"},{"name":"Kompatybilne przegl\u0105darki"}],"tags":[],"tags_disable_links":"","hide_more_platforms":"","video_object":"","demo_hide_cta":"","demo_hide_cloud_options":"","pricing_title":"","pricing":[{"pricing_icon":"platform","pricing_title":"Elfsight Apps","pricing_title_caption":"Wersja wieloplatformowa, kt\u00f3ra dzia\u0142a na ka\u017cdej stronie internetowej","pricing_price":"od 0 USD \/ miesi\u0105c","pricing_price_caption":"zacznij od bezp\u0142atnego planu","pricing_benefits":[{"text":"Nielimitowane domeny"},{"text":"Najwy\u017csza obs\u0142uga klienta"},{"text":"Bezp\u0142atna pomoc przy instalacji"},{"text":"Specjalna cena za wiele aplikacji"}],"pricing_button_text":"Dodaj do witryny","pricing_button_url":"#demo"}],"related_apps_title":"","related_apps_hidden":"","author":"","image":[],"title":"","job":"","social_networks":[]},"_links":{"self":[{"href":"https:\/\/elfsight.com\/pl\/wp-json\/wp\/v2\/pages\/6192","targetHints":{"allow":["GET"]}}],"collection":[{"href":"https:\/\/elfsight.com\/pl\/wp-json\/wp\/v2\/pages"}],"about":[{"href":"https:\/\/elfsight.com\/pl\/wp-json\/wp\/v2\/types\/page"}],"author":[{"embeddable":true,"href":"https:\/\/elfsight.com\/pl\/wp-json\/wp\/v2\/users\/9"}],"replies":[{"embeddable":true,"href":"https:\/\/elfsight.com\/pl\/wp-json\/wp\/v2\/comments?post=6192"}],"version-history":[{"count":1,"href":"https:\/\/elfsight.com\/pl\/wp-json\/wp\/v2\/pages\/6192\/revisions"}],"predecessor-version":[{"id":6196,"href":"https:\/\/elfsight.com\/pl\/wp-json\/wp\/v2\/pages\/6192\/revisions\/6196"}],"up":[{"embeddable":true,"href":"https:\/\/elfsight.com\/pl\/wp-json\/wp\/v2\/pages\/3416"}],"wp:attachment":[{"href":"https:\/\/elfsight.com\/pl\/wp-json\/wp\/v2\/media?parent=6192"}],"curies":[{"name":"wp","href":"https:\/\/api.w.org\/{rel}","templated":true}]}}