{"id":6191,"date":"1970-01-01T00:00:00","date_gmt":"1970-01-01T00:00:00","guid":{"rendered":"https:\/\/elfsight.com\/pl\/?page_id=6191"},"modified":"2025-06-26T16:56:45","modified_gmt":"2025-06-26T16:56:45","slug":"joomla","status":"publish","type":"page","link":"https:\/\/elfsight.com\/pl\/qr-code-widget\/joomla\/","title":{"rendered":"QR Code &#8211; Joomla"},"content":{"rendered":"<div class=\"application-platform-content-item-description application-platform-content-item\" id=\"description\" data-nav-section=\"description\">\n<h2>Opis<\/h2>\n<p>Generator kod\u00f3w QR to imponuj\u0105ca opcja dla witryn Joomla, umo\u017cliwiaj\u0105ca szybkie przekierowanie odwiedzaj\u0105cych do dowolnej witryny, udost\u0119pnij link, swoj\u0105 lokalizacj\u0119, adres e-mail, plik i wiele innych. Wtyczka jest niezwykle elastyczna: mo\u017cesz do\u0142\u0105czy\u0107 tytu\u0142, podpis, wybra\u0107 najbardziej pasuj\u0105c\u0105 ikon\u0119 i typ logo, korzystaj\u0105c z naszej biblioteki lub stworzy\u0107 w\u0142asne, zmieni\u0107 kolor tekstu, t\u0142a, ramki i zmieni\u0107 rozmiar zgodnie z potrzebami. Wszystko, co pozostaje do zrobienia, to po prostu rozpocz\u0105\u0107 tworzenie funkcji \u2014 instalacja jest prosta i nie b\u0119dzie wymaga\u0107 od Ciebie umiej\u0119tno\u015bci kodowania.<\/p>\n<p><b>Umie\u015b\u0107 rozszerzenie Joomla z kodem QR na swojej stronie internetowej i kieruj odwiedzaj\u0105cych bezpo\u015brednio tam, gdzie potrzebujesz, oraz usprawnij korzystanie z tre\u015bci.<\/b><\/p>\n<\/div>\n\n<div class=\"application-platform-content-item-features application-platform-content-item\" id=\"features\" data-nav-section=\"features\">\n<h2>Rozszerzenie oferuje przydatne i nieskomplikowane funkcje, sprawd\u017a niekt\u00f3re z nich:<\/h2>\n<ul>\n    <li>Natychmiastowy dost\u0119p do tre\u015bci<\/li>\n    <li>Do\u0142\u0105cz dowolny tekst<\/li>\n    <li>Osiem prze\u0142\u0105czalnych logo<\/li>\n    <li>Pi\u0119tna\u015bcie prze\u0142\u0105czalnych ikon do wyboru<\/li>\n    <li>Pokoloruj ponownie wszystkie cz\u0119\u015bci wid\u017cetu<\/li>\n<\/ul>\n<p><a href=\"#demo\">Odkryj wszystkie funkcje personalizacji w pe\u0142nej wersji demonstracyjnej<\/a><\/p>\n<\/div>\n\n<div class=\"application-platform-content-item-installation application-platform-content-item\" id=\"installation\" data-nav-section=\"installation\">\n<h2>Jak doda\u0107 rozszerzenie QR Code do mojej Joomla?<\/h2>\n<p>Aby wstawi\u0107 rozszerzenie, wykonaj poni\u017csze czynno\u015bci.<\/p>\n<ol>\n    <li><b>Skorzystaj z naszego darmowego edytora i zacznij tworzy\u0107 w\u0142asne rozszerzenie. <\/b><br> Okre\u015bl preferowan\u0105 form\u0119 i parametry wid\u017cetu i zapisz wszystkie zmiany.<\/li>\n    <li><b>Otrzymaj osobisty kod, kt\u00f3ry jest wy\u015bwietlany w specjalnym formularzu w aplikacjach Elfsight.<\/b><br> Zaraz po zako\u0144czeniu konfiguracji wid\u017cetu skopiuj ekskluzywny kod z wy\u015bwietlonego okna i zapisz go na przysz\u0142o\u015b\u0107.<\/li>\n    <li><b>Zacznij korzysta\u0107 z rozszerzenia na stronie internetowej Joomla.<\/b><br> Dodaj skopiowany ostatnio kod na swoj\u0105 stron\u0119 i zastosuj ulepszenia.<\/li>\n    <li><b>Gotowe! Osadzanie zosta\u0142o ca\u0142kowicie zako\u0144czone.<\/b><br> Przejd\u017a do swojej witryny, aby sprawdzi\u0107 dzia\u0142anie rozszerzenia.<\/li>\n<\/ol>\n<p>W przypadku pyta\u0144 lub problem\u00f3w nie wahaj si\u0119 aby skontaktowa\u0107 si\u0119 z naszym zespo\u0142em obs\u0142ugi klienta. Nasi ludzie ch\u0119tnie rozwi\u0105\u017c\u0105 wszystkie problemy, jakie mo\u017cesz napotka\u0107 w zwi\u0105zku z tym narz\u0119dziem.<\/p>\n<div class=\"faq\" data-component=\"FAQ\">\n    <div class=\"faq-item\">\r\n\t\t\t\t\t<div class=\"faq-item-question\">\r\n\t\t\t\t\t\t<h3 class=\"faq-item-question-text\">Czy istnieje spos\u00f3b na osadzenie kodu QR w mojej witrynie Joomla bez znajomo\u015bci kodowania?<\/h3>\r\n\r\n\t\t\t\t\t\t<div class=\"faq-item-question-icon\"><\/div>\r\n\t\t\t\t\t<\/div>\r\n\r\n\t\t\t\t\t<div class=\"faq-item-answer\">\r\n\t\t\t\t\t\t<div class=\"faq-item-answer-text\">\n    <p>Elfsight wprowadza rozwi\u0105zanie SaaS, kt\u00f3re umo\u017cliwia u\u017cytkownikom samodzielne wygenerowanie sekcji kodu QR, zobacz nieskomplikowane instrukcje: Przejd\u017a do edytora na \u017cywo, aby wygenerowa\u0107 wid\u017cet kodu QR, kt\u00f3ry chcesz umie\u015bci\u0107 na stronie Joomla. Zdecyduj si\u0119 na jeden z wielu gotowych szablon\u00f3w i dostosuj ustawienia QR Code, do\u0142\u0105cz swoj\u0105 tre\u015b\u0107, zmie\u0144 uk\u0142ad i kolor element\u00f3w bez do\u015bwiadczenia w kodowaniu. Kliknij, aby zapisa\u0107 kod QR i uzyska\u0107 kod do osadzenia, kt\u00f3ry mo\u017cesz \u0142atwo umie\u015bci\u0107 na dowolnej stronie Joomla, korzystaj\u0105c z bezp\u0142atnego planu. Za pomoc\u0105 naszego \u0142atwego w obs\u0142udze edytora ka\u017cdy u\u017cytkownik Internetu mo\u017ce stworzy\u0107 aplikacj\u0119 z kodem QR online i po prostu wklei\u0107 go na stron\u0119 Joomla. Aby uzyska\u0107 dost\u0119p do Edytora Elfsight, nie jest konieczne posiadanie p\u0142atnego planu ani wprowadzanie danych karty. Je\u015bli na kt\u00f3rymkolwiek etapie napotkasz jakiekolwiek przeszkody, skontaktuj si\u0119 z naszym zespo\u0142em pomocy technicznej.<\/p>\n    <\/div>\r\n\t\t\t\t\t<\/div>\r\n\t\t\t\t<\/div>\n<\/div>\n<\/div>","protected":false},"excerpt":{"rendered":"","protected":false},"author":9,"featured_media":0,"parent":3416,"menu_order":0,"comment_status":"closed","ping_status":"closed","template":"templates\/template-application-platform.php","meta":{"publish_to_discourse":"","publish_post_category":"","wpdc_auto_publish_overridden":"","wpdc_topic_tags":"","wpdc_pin_topic":"","wpdc_pin_until":"","discourse_post_id":"","discourse_permalink":"","wpdc_publishing_response":"","wpdc_publishing_error":"","footnotes":""},"class_list":["post-6191","page","type-page","status-publish","hentry"],"yoast_head":"<!-- This site is optimized with the Yoast SEO plugin v25.3.1 - https:\/\/yoast.com\/wordpress\/plugins\/seo\/ -->\n<title>Generator kod\u00f3w QR \u2014 Dodaj rozszerzenie kodu QR do Joomla [2025]<\/title>\n<meta name=\"description\" content=\"Szybko utw\u00f3rz sw\u00f3j unikalny generator kod\u00f3w QR dla witryny Joomla. Wystarczy, \u017ce skorzystasz z naszego aktywnego demo, a Twoje rozszerzenie b\u0119dzie gotowe w nieca\u0142e dwie minuty.\" \/>\n<meta name=\"robots\" content=\"index, follow, max-snippet:-1, max-image-preview:large, max-video-preview:-1\" \/>\n<link rel=\"canonical\" href=\"https:\/\/elfsight.com\/pl\/qr-code-widget\/joomla\/\" \/>\n<meta property=\"og:locale\" content=\"pl_PL\" \/>\n<meta property=\"og:type\" content=\"article\" \/>\n<meta property=\"og:title\" content=\"Generator kod\u00f3w QR \u2014 Dodaj rozszerzenie kodu QR do Joomla [2025]\" \/>\n<meta property=\"og:description\" content=\"Szybko utw\u00f3rz sw\u00f3j unikalny generator kod\u00f3w QR dla witryny Joomla. Wystarczy, \u017ce skorzystasz z naszego aktywnego demo, a Twoje rozszerzenie b\u0119dzie gotowe w nieca\u0142e dwie minuty.\" \/>\n<meta property=\"og:url\" content=\"https:\/\/elfsight.com\/pl\/qr-code-widget\/joomla\/\" \/>\n<meta property=\"og:site_name\" content=\"Elfsight PL\" \/>\n<meta property=\"article:modified_time\" content=\"2025-06-26T16:56:45+00:00\" \/>\n<meta name=\"twitter:card\" content=\"summary_large_image\" \/>\n<meta name=\"twitter:label1\" content=\"Szacowany czas czytania\" \/>\n\t<meta name=\"twitter:data1\" content=\"3 minuty\" \/>\n<!-- \/ Yoast SEO plugin. -->","yoast_head_json":{"title":"Generator kod\u00f3w QR \u2014 Dodaj rozszerzenie kodu QR do Joomla [2025]","description":"Szybko utw\u00f3rz sw\u00f3j unikalny generator kod\u00f3w QR dla witryny Joomla. Wystarczy, \u017ce skorzystasz z naszego aktywnego demo, a Twoje rozszerzenie b\u0119dzie gotowe w nieca\u0142e dwie minuty.","robots":{"index":"index","follow":"follow","max-snippet":"max-snippet:-1","max-image-preview":"max-image-preview:large","max-video-preview":"max-video-preview:-1"},"canonical":"https:\/\/elfsight.com\/pl\/qr-code-widget\/joomla\/","og_locale":"pl_PL","og_type":"article","og_title":"Generator kod\u00f3w QR \u2014 Dodaj rozszerzenie kodu QR do Joomla [2025]","og_description":"Szybko utw\u00f3rz sw\u00f3j unikalny generator kod\u00f3w QR dla witryny Joomla. Wystarczy, \u017ce skorzystasz z naszego aktywnego demo, a Twoje rozszerzenie b\u0119dzie gotowe w nieca\u0142e dwie minuty.","og_url":"https:\/\/elfsight.com\/pl\/qr-code-widget\/joomla\/","og_site_name":"Elfsight PL","article_modified_time":"2025-06-26T16:56:45+00:00","twitter_card":"summary_large_image","twitter_misc":{"Szacowany czas czytania":"3 minuty"},"schema":{"@context":"https:\/\/schema.org","@graph":[{"@type":"WebPage","@id":"https:\/\/elfsight.com\/pl\/qr-code-widget\/joomla\/","url":"https:\/\/elfsight.com\/pl\/qr-code-widget\/joomla\/","name":"Generator kod\u00f3w QR \u2014 Dodaj rozszerzenie kodu QR do Joomla [2025]","isPartOf":{"@id":"https:\/\/elfsight.com\/pl\/#website"},"datePublished":"1970-01-01T00:00:00+00:00","dateModified":"2025-06-26T16:56:45+00:00","description":"Szybko utw\u00f3rz sw\u00f3j unikalny generator kod\u00f3w QR dla witryny Joomla. Wystarczy, \u017ce skorzystasz z naszego aktywnego demo, a Twoje rozszerzenie b\u0119dzie gotowe w nieca\u0142e dwie minuty.","breadcrumb":{"@id":"https:\/\/elfsight.com\/pl\/qr-code-widget\/joomla\/#breadcrumb"},"inLanguage":"pl-PL","potentialAction":[{"@type":"ReadAction","target":["https:\/\/elfsight.com\/pl\/qr-code-widget\/joomla\/"]}]},{"@type":"BreadcrumbList","@id":"https:\/\/elfsight.com\/pl\/qr-code-widget\/joomla\/#breadcrumb","itemListElement":[{"@type":"ListItem","position":1,"name":"Home","item":"https:\/\/elfsight.com\/pl\/"},{"@type":"ListItem","position":2,"name":"QR Code","item":"https:\/\/elfsight.com\/pl\/qr-code-widget\/"},{"@type":"ListItem","position":3,"name":"QR Code &#8211; Joomla"}]},{"@type":"WebSite","@id":"https:\/\/elfsight.com\/pl\/#website","url":"https:\/\/elfsight.com\/pl\/","name":"Elfsight PL","description":"Just another Elfsight Sites site","potentialAction":[{"@type":"SearchAction","target":{"@type":"EntryPoint","urlTemplate":"https:\/\/elfsight.com\/pl\/?s={search_term_string}"},"query-input":{"@type":"PropertyValueSpecification","valueRequired":true,"valueName":"search_term_string"}}],"inLanguage":"pl-PL"}]}},"meta_box":{"industry":"","seo_heading":"","heading":"","description":"","cta_heading":"","cta_description":"","application":"3359","h1":"Rozszerzenie kodu QR Joomla","h1_caption":"Wygeneruj i wy\u015bwietl kod qr, aby \u0142atwo uzyska\u0107 dost\u0119p do adres\u00f3w URL, sieci Wi-Fi, wizyt\u00f3wek i nie tylko w swojej witrynie Joomla.","application_category":[],"applications_title":"","applications_request_title":"","applications_request_button_text":"","hero_text":"","hero_video":"","hero_video_schema_markup":"","selling_points_title":"","selling_points_caption":"","selling_points":[],"selling_points_cta_text":"","features_title":"","features":"","ed_cta_examples_text":"","ed_cta_examples_hidden":"","ed_cta_demo_text":"","ed_cta_demo_hidden":"","why_caption":"","why_editor_title":"","why_editor_text":"","why_team_title":"","why_team_text":"","why_service_title":"","why_service_text":"","template_catalog_visible":"0","template_catalog_title":"","template_catalog_text":"","template_catalog_categories_visible":"","demo_title":"Utw\u00f3rz wtyczk\u0119 z kodem QR","demo_caption":"Skonfiguruj sw\u00f3j kod QR i dodaj go do swojej witryny Joomla za darmo!","default_faq_hidden":"","app_template_category":[],"platform":"53","template_public_id":"","codecanyon_url":"","codecanyon_item_id":"","codecanyon_price":"","pricing_caption":"","pricing_elfsight_apps_hide_column":"","pricing_elfsight_apps_url":"","pricing_codecanyon_price_caption":"","integration_category":[],"integration_request_title":"","integration_request_cta":"","integration_platform":"","integrations":[],"platform_category":[],"video_schema_markup":"","price":"od 0 USD \/ miesi\u0105c","trial":"","benefits":[{"text":"Bezp\u0142atna pomoc w monta\u017cu"},{"text":"Profesjonalna obs\u0142uga klienta"},{"text":"14-dniowa gwarancja zwrotu pieni\u0119dzy"}],"button_url":"#demo","button_target_blank":"0","button_nofollow":"0","attributes":[{"name":"Instaluje"},{"name":"Czu\u0142y"},{"name":"Kompatybilne przegl\u0105darki"}],"tags":[],"tags_disable_links":"0","hide_more_platforms":"0","video_object":"","demo_hide_cta":"0","demo_hide_cloud_options":"0","pricing_title":"","pricing":[{"pricing_icon":"platform","pricing_title":"Elfsight Apps","pricing_title_caption":"Rozwi\u0105zanie wieloplatformowe, kt\u00f3re pasuje do ka\u017cdej witryny","pricing_price":"od 0 USD \/ miesi\u0105c","pricing_price_caption":"zacznij od bezp\u0142atnego planu","pricing_benefits":[{"text":"Nielimitowane strony internetowe"},{"text":"Najwy\u017csza obs\u0142uga klienta"},{"text":"Bezp\u0142atna us\u0142uga monta\u017cu"},{"text":"Oferta ograniczona czasowo dla wielu aplikacji"}],"pricing_button_text":"Dodaj do witryny","pricing_button_url":"#demo"}],"related_apps_title":"","related_apps_hidden":"0","author":"","image":[],"title":"","job":"","social_networks":[]},"_links":{"self":[{"href":"https:\/\/elfsight.com\/pl\/wp-json\/wp\/v2\/pages\/6191","targetHints":{"allow":["GET"]}}],"collection":[{"href":"https:\/\/elfsight.com\/pl\/wp-json\/wp\/v2\/pages"}],"about":[{"href":"https:\/\/elfsight.com\/pl\/wp-json\/wp\/v2\/types\/page"}],"author":[{"embeddable":true,"href":"https:\/\/elfsight.com\/pl\/wp-json\/wp\/v2\/users\/9"}],"replies":[{"embeddable":true,"href":"https:\/\/elfsight.com\/pl\/wp-json\/wp\/v2\/comments?post=6191"}],"version-history":[{"count":2,"href":"https:\/\/elfsight.com\/pl\/wp-json\/wp\/v2\/pages\/6191\/revisions"}],"predecessor-version":[{"id":10621,"href":"https:\/\/elfsight.com\/pl\/wp-json\/wp\/v2\/pages\/6191\/revisions\/10621"}],"up":[{"embeddable":true,"href":"https:\/\/elfsight.com\/pl\/wp-json\/wp\/v2\/pages\/3416"}],"wp:attachment":[{"href":"https:\/\/elfsight.com\/pl\/wp-json\/wp\/v2\/media?parent=6191"}],"curies":[{"name":"wp","href":"https:\/\/api.w.org\/{rel}","templated":true}]}}