{"id":6190,"date":"1970-01-01T00:00:00","date_gmt":"1970-01-01T00:00:00","guid":{"rendered":"https:\/\/elfsight.com\/pl\/?page_id=6190"},"modified":"2024-11-14T08:58:37","modified_gmt":"2024-11-14T08:58:37","slug":"jquery","status":"publish","type":"page","link":"https:\/\/elfsight.com\/pl\/qr-code-widget\/jquery\/","title":{"rendered":"QR Code &#8211; jQuery"},"content":{"rendered":"<div class=\"application-platform-content-item-description application-platform-content-item\" id=\"description\" data-nav-section=\"description\"> <h2>Opis<\/h2> <p>Generator kod\u00f3w QR to imponuj\u0105ca opcja dla witryn jQuery, pozwalaj\u0105ca szybko przekierowywa\u0107 u\u017cytkownik\u00f3w na dowoln\u0105 stron\u0119 internetow\u0105, udost\u0119pnij adres URL, swoj\u0105 lokalizacj\u0119, adres e-mail, dowolny plik i wiele innych. Narz\u0119dzie jest niezwykle konfigurowalne: mo\u017cesz doda\u0107 tytu\u0142, obja\u015bniaj\u0105cy podpis, wybra\u0107 najbardziej pasuj\u0105c\u0105 ikon\u0119 i logo z naszej biblioteki lub przes\u0142a\u0107 w\u0142asne, zmieni\u0107 kolor tekstu, t\u0142a, ramki i dostosowa\u0107 rozmiar wed\u0142ug w\u0142asnego uznania. potrzebowa\u0107. Wszystko, co musisz zrobi\u0107, to po prostu zacz\u0105\u0107 tworzy\u0107 spersonalizowany widget \u2013 instalacja jest prosta i nie b\u0119dzie wymaga\u0107 umiej\u0119tno\u015bci kodowania.<\/p> <p><b>Osad\u017a generator kod\u00f3w QR na swojej stronie jQuery i przekieruj u\u017cytkownik\u00f3w bezpo\u015brednio tam, gdzie chcesz ich potrzebujesz i upraszczaj\u0105 korzystanie z tre\u015bci<\/b><\/p> <\/div> <div class=\"application-platform-content-item-features application-platform-content-item\" id=\"features\" data-nav-section=\"features\"> <h2>Oto podstawowe funkcje wtyczki:<\/h2> <ul><li> Natychmiastowy dost\u0119p do tre\u015bci<\/li><li>Do\u0142\u0105cz dowolny tekst<\/li><li>8 prze\u0142\u0105czalnych logo<\/li><li>Dost\u0119pnych jest 15 wymiennych ikon<\/li><li>Przemaluj wszystkie elementy wid\u017cetu<\/li><\/ul><p><a href=\"#demo\">Pe\u0142n\u0105 funkcjonalno\u015b\u0107 wtyczki z kodem QR mo\u017cesz przetestowa\u0107 w wersji demonstracyjnej <\/a><\/p> <\/div> <div class=\"application-platform-content-item-installation  application-platform-content-item\" id=\"installation \" data-nav-section=\"installation \"> <h2>Jak doda\u0107 kod QR do mojej witryny jQuery?<\/h2> <p>Wystarczy wykona\u0107 kilka krok\u00f3w opisanych poni\u017cej, aby zintegrowa\u0107 wtyczk\u0119.<\/p> <ol><li><b>Uruchamianie naszej darmowy edytor i zacznij tworzy\u0107 sw\u00f3j unikalny widget. <\/b><br> Wybierz po\u017c\u0105dany projekt i parametry narz\u0119dzia i zapisz zmiany. <\/li> <li><b>Odbierz sw\u00f3j osobisty kod pokazany w specjalnym formularzu w aplikacjach Elfsight. <\/b><br> Po zako\u0144czeniu konfiguracji osobistej wtyczki skopiuj ekskluzywny kod z wy\u015bwietlonego wyskakuj\u0105cego okienka i zapisz go do p\u00f3\u017aniejszego wykorzystania. <\/li> <li><b>Zacznij u\u017cywa\u0107 wtyczki na stronie internetowej jQuery. <\/b><br> Zintegruj kod, kt\u00f3ry ostatnio zapisa\u0142e\u015b na swojej stronie i zapisz zmiany. <\/li> <li><b>Gotowe! Osadzanie zosta\u0142o w pe\u0142ni zako\u0144czone. <\/b><br> Wejd\u017a na swoj\u0105 stron\u0119 i sprawd\u017a dzia\u0142anie widgetu. <\/li><\/ol> <p>Je\u015bli napotkasz jakiekolwiek komplikacje, nie wahaj si\u0119 zwr\u00f3ci\u0107 o pomoc do naszego zespo\u0142u wsparcia. Nasi ludzie z przyjemno\u015bci\u0105 pomog\u0105 Ci we wszystkich problemach, jakie mo\u017cesz mie\u0107 z tym narz\u0119dziem. <\/p> <div class=\"faq\" data-component=\"FAQ\"><div class=\"faq-item\">\r\n\t\t\t\t\t<div class=\"faq-item-question\">\r\n\t\t\t\t\t\t<h3 class=\"faq-item-question-text\">Czy istnieje spos\u00f3b na osadzenie kodu QR w mojej witrynie jQuery bez umiej\u0119tno\u015bci kodowania?<\/h3>\r\n\r\n\t\t\t\t\t\t<div class=\"faq-item-question-icon\"><\/div>\r\n\t\t\t\t\t<\/div>\r\n\r\n\t\t\t\t\t<div class=\"faq-item-answer\">\r\n\t\t\t\t\t\t<div class=\"faq-item-answer-text\"> <p>Elfsight oferuje rozwi\u0105zanie, kt\u00f3re umo\u017cliwia u\u017cytkownikom samodzielne utworzenie wtyczki z kodem QR, znajd\u017a skorzystaj z prostego przewodnika: Rozpocznij prac\u0119 od razu w wersji demonstracyjnej online, aby wygenerowa\u0107 sekcj\u0119 z kodem QR, kt\u00f3r\u0105 chcesz umie\u015bci\u0107 na stronie internetowej jQuery. Wybierz jeden z wielu gotowych szablon\u00f3w i dostosuj ustawienia QR Code, do\u0142\u0105cz swoj\u0105 tre\u015b\u0107, zmie\u0144 uk\u0142ad i kolorystyk\u0119 bez kodowania. Zapisz ustawienia wprowadzone w kodzie QR i uzyskaj kod instalacyjny, kt\u00f3ry mo\u017cesz bezp\u0142atnie doda\u0107 na stronie g\u0142\u00f3wnej jQuery. Za pomoc\u0105 \u0142atwego w u\u017cyciu edytora ka\u017cdy u\u017cytkownik sieci mo\u017ce stworzy\u0107 wtyczk\u0119 QR Code online i \u0142atwo osadzi\u0107 j\u0105 na stronie g\u0142\u00f3wnej jQuery. Aby uzyska\u0107 dost\u0119p do naszych us\u0142ug, nie trzeba p\u0142aci\u0107 ani podawa\u0107 danych uwierzytelniaj\u0105cych karty. Je\u015bli napotkasz jakiekolwiek problemy, skontaktuj si\u0119 z naszym personelem pomocy technicznej.<\/p> <\/div>\r\n\t\t\t\t\t<\/div>\r\n\t\t\t\t<\/div> <\/div><\/div>","protected":false},"excerpt":{"rendered":"","protected":false},"author":9,"featured_media":0,"parent":3416,"menu_order":0,"comment_status":"closed","ping_status":"closed","template":"templates\/template-application-platform.php","meta":{"publish_to_discourse":"","publish_post_category":"","wpdc_auto_publish_overridden":"","wpdc_topic_tags":"","wpdc_pin_topic":"","wpdc_pin_until":"","discourse_post_id":"","discourse_permalink":"","wpdc_publishing_response":"","wpdc_publishing_error":"","footnotes":""},"class_list":["post-6190","page","type-page","status-publish","hentry"],"yoast_head":"<!-- This site is optimized with the Yoast SEO plugin v25.3.1 - https:\/\/yoast.com\/wordpress\/plugins\/seo\/ -->\n<title>Generator kod\u00f3w QR \u2014 Dodaj wtyczk\u0119 kodu QR do jQuery [2025]<\/title>\n<meta name=\"description\" content=\"Szybko tw\u00f3rz unikalne wtyczki z kodami QR jQuery. Po prostu zastosuj nasze przydatne demo, a Twoja wtyczka zostanie zbudowana w mniej ni\u017c dwie minuty.\" \/>\n<meta name=\"robots\" content=\"index, follow, max-snippet:-1, max-image-preview:large, max-video-preview:-1\" \/>\n<link rel=\"canonical\" href=\"https:\/\/elfsight.com\/pl\/qr-code-widget\/jquery\/\" \/>\n<meta property=\"og:locale\" content=\"pl_PL\" \/>\n<meta property=\"og:type\" content=\"article\" \/>\n<meta property=\"og:title\" content=\"Generator kod\u00f3w QR \u2014 Dodaj wtyczk\u0119 kodu QR do jQuery [2025]\" \/>\n<meta property=\"og:description\" content=\"Szybko tw\u00f3rz unikalne wtyczki z kodami QR jQuery. Po prostu zastosuj nasze przydatne demo, a Twoja wtyczka zostanie zbudowana w mniej ni\u017c dwie minuty.\" \/>\n<meta property=\"og:url\" content=\"https:\/\/elfsight.com\/pl\/qr-code-widget\/jquery\/\" \/>\n<meta property=\"og:site_name\" content=\"Elfsight PL\" \/>\n<meta property=\"article:modified_time\" content=\"2024-11-14T08:58:37+00:00\" \/>\n<meta name=\"twitter:card\" content=\"summary_large_image\" \/>\n<meta name=\"twitter:label1\" content=\"Szacowany czas czytania\" \/>\n\t<meta name=\"twitter:data1\" content=\"3 minuty\" \/>\n<!-- \/ Yoast SEO plugin. -->","yoast_head_json":{"title":"Generator kod\u00f3w QR \u2014 Dodaj wtyczk\u0119 kodu QR do jQuery [2025]","description":"Szybko tw\u00f3rz unikalne wtyczki z kodami QR jQuery. Po prostu zastosuj nasze przydatne demo, a Twoja wtyczka zostanie zbudowana w mniej ni\u017c dwie minuty.","robots":{"index":"index","follow":"follow","max-snippet":"max-snippet:-1","max-image-preview":"max-image-preview:large","max-video-preview":"max-video-preview:-1"},"canonical":"https:\/\/elfsight.com\/pl\/qr-code-widget\/jquery\/","og_locale":"pl_PL","og_type":"article","og_title":"Generator kod\u00f3w QR \u2014 Dodaj wtyczk\u0119 kodu QR do jQuery [2025]","og_description":"Szybko tw\u00f3rz unikalne wtyczki z kodami QR jQuery. Po prostu zastosuj nasze przydatne demo, a Twoja wtyczka zostanie zbudowana w mniej ni\u017c dwie minuty.","og_url":"https:\/\/elfsight.com\/pl\/qr-code-widget\/jquery\/","og_site_name":"Elfsight PL","article_modified_time":"2024-11-14T08:58:37+00:00","twitter_card":"summary_large_image","twitter_misc":{"Szacowany czas czytania":"3 minuty"},"schema":{"@context":"https:\/\/schema.org","@graph":[{"@type":"WebPage","@id":"https:\/\/elfsight.com\/pl\/qr-code-widget\/jquery\/","url":"https:\/\/elfsight.com\/pl\/qr-code-widget\/jquery\/","name":"Generator kod\u00f3w QR \u2014 Dodaj wtyczk\u0119 kodu QR do jQuery [2025]","isPartOf":{"@id":"https:\/\/elfsight.com\/pl\/#website"},"datePublished":"1970-01-01T00:00:00+00:00","dateModified":"2024-11-14T08:58:37+00:00","description":"Szybko tw\u00f3rz unikalne wtyczki z kodami QR jQuery. Po prostu zastosuj nasze przydatne demo, a Twoja wtyczka zostanie zbudowana w mniej ni\u017c dwie minuty.","breadcrumb":{"@id":"https:\/\/elfsight.com\/pl\/qr-code-widget\/jquery\/#breadcrumb"},"inLanguage":"pl-PL","potentialAction":[{"@type":"ReadAction","target":["https:\/\/elfsight.com\/pl\/qr-code-widget\/jquery\/"]}]},{"@type":"BreadcrumbList","@id":"https:\/\/elfsight.com\/pl\/qr-code-widget\/jquery\/#breadcrumb","itemListElement":[{"@type":"ListItem","position":1,"name":"Home","item":"https:\/\/elfsight.com\/pl\/"},{"@type":"ListItem","position":2,"name":"QR Code","item":"https:\/\/elfsight.com\/pl\/qr-code-widget\/"},{"@type":"ListItem","position":3,"name":"QR Code &#8211; jQuery"}]},{"@type":"WebSite","@id":"https:\/\/elfsight.com\/pl\/#website","url":"https:\/\/elfsight.com\/pl\/","name":"Elfsight PL","description":"Just another Elfsight Sites site","potentialAction":[{"@type":"SearchAction","target":{"@type":"EntryPoint","urlTemplate":"https:\/\/elfsight.com\/pl\/?s={search_term_string}"},"query-input":{"@type":"PropertyValueSpecification","valueRequired":true,"valueName":"search_term_string"}}],"inLanguage":"pl-PL"}]}},"meta_box":{"industry":"","seo_heading":"","heading":"","description":"","cta_heading":"","cta_description":"","application":"3359","h1":"Wtyczka jQuery QR Code","h1_caption":"Wygeneruj i wy\u015bwietl kod qr, aby \u0142atwo uzyska\u0107 dost\u0119p do adres\u00f3w URL, sieci Wi-Fi, wizyt\u00f3wek i nie tylko w swojej witrynie jQuery.","application_category":[],"applications_title":"","applications_request_title":"","applications_request_button_text":"","hero_text":"","hero_video":"","hero_video_schema_markup":"","selling_points_title":"","selling_points_caption":"","selling_points":[],"selling_points_cta_text":"","features_title":"","features":"","ed_cta_examples_text":"","ed_cta_examples_hidden":"","ed_cta_demo_text":"","ed_cta_demo_hidden":"","why_caption":"","why_editor_title":"","why_editor_text":"","why_team_title":"","why_team_text":"","why_service_title":"","why_service_text":"","template_catalog_visible":"","template_catalog_title":"","template_catalog_text":"","template_catalog_categories_visible":"","demo_title":"Utw\u00f3rz wtyczk\u0119 z kodem QR","demo_caption":"Skonfiguruj sw\u00f3j kod QR i dodaj go do swojej witryny jQuery za darmo!","default_faq_hidden":"","app_template_category":[],"platform":"56","template_public_id":"","codecanyon_url":"","codecanyon_item_id":"","codecanyon_price":"","pricing_caption":"","pricing_elfsight_apps_hide_column":"","pricing_elfsight_apps_url":"","pricing_codecanyon_price_caption":"","integration_category":[],"integration_request_title":"","integration_request_cta":"","integration_platform":"","integrations":[],"platform_category":[],"video_schema_markup":"","price":"od 0 USD \/ miesi\u0105c","trial":"","benefits":[{"text":"Bezp\u0142atna pomoc w instalacji"},{"text":"Do\u015bwiadczona obs\u0142uga klienta"},{"text":"14-dniowa gwarancja zwrotu pieni\u0119dzy"}],"button_url":"#demo","button_target_blank":"","button_nofollow":"","attributes":[{"name":"Instaluje"},{"name":"Czu\u0142y"},{"name":"Kompatybilne przegl\u0105darki"}],"tags":[],"tags_disable_links":"","hide_more_platforms":"","video_object":"","demo_hide_cta":"","demo_hide_cloud_options":"","pricing_title":"","pricing":[{"pricing_icon":"platform","pricing_title":"Elfsight Apps","pricing_title_caption":"Wersja niezale\u017cna od platformy, kt\u00f3ra dzia\u0142a na ka\u017cdej stronie","pricing_price":"od 0 USD \/ miesi\u0105c","pricing_price_caption":"zacznij od bezp\u0142atnego planu","pricing_benefits":[{"text":"Nielimitowane strony internetowe"},{"text":"Wsparcie premium, terminowe i dobrze udokumentowane"},{"text":"Bezp\u0142atne wsparcie instalacyjne"},{"text":"W pe\u0142ni konfigurowalny"}],"pricing_button_text":"Dodaj do witryny","pricing_button_url":"#demo"}],"related_apps_title":"","related_apps_hidden":"","author":"","image":[],"title":"","job":"","social_networks":[]},"_links":{"self":[{"href":"https:\/\/elfsight.com\/pl\/wp-json\/wp\/v2\/pages\/6190","targetHints":{"allow":["GET"]}}],"collection":[{"href":"https:\/\/elfsight.com\/pl\/wp-json\/wp\/v2\/pages"}],"about":[{"href":"https:\/\/elfsight.com\/pl\/wp-json\/wp\/v2\/types\/page"}],"author":[{"embeddable":true,"href":"https:\/\/elfsight.com\/pl\/wp-json\/wp\/v2\/users\/9"}],"replies":[{"embeddable":true,"href":"https:\/\/elfsight.com\/pl\/wp-json\/wp\/v2\/comments?post=6190"}],"version-history":[{"count":1,"href":"https:\/\/elfsight.com\/pl\/wp-json\/wp\/v2\/pages\/6190\/revisions"}],"predecessor-version":[{"id":6194,"href":"https:\/\/elfsight.com\/pl\/wp-json\/wp\/v2\/pages\/6190\/revisions\/6194"}],"up":[{"embeddable":true,"href":"https:\/\/elfsight.com\/pl\/wp-json\/wp\/v2\/pages\/3416"}],"wp:attachment":[{"href":"https:\/\/elfsight.com\/pl\/wp-json\/wp\/v2\/media?parent=6190"}],"curies":[{"name":"wp","href":"https:\/\/api.w.org\/{rel}","templated":true}]}}