{"id":6182,"date":"1970-01-01T00:00:00","date_gmt":"1970-01-01T00:00:00","guid":{"rendered":"https:\/\/elfsight.com\/pl\/?page_id=6182"},"modified":"2024-11-14T08:58:29","modified_gmt":"2024-11-14T08:58:29","slug":"html","status":"publish","type":"page","link":"https:\/\/elfsight.com\/pl\/qr-code-widget\/html\/","title":{"rendered":"QR Code &#8211; HTML"},"content":{"rendered":"<div class=\"application-platform-content-item-description application-platform-content-item\" id=\"description\" data-nav-section=\"description\"> <h2>Opis<\/h2> <p>Kod QR Elfsight to imponuj\u0105ca opcja umo\u017cliwiaj\u0105ca natychmiastowe przekierowanie u\u017cytkownik\u00f3w do dowolnej witryny internetowej, udost\u0119pnienie adresu URL i lokalizacji , e-mail, plik i wiele innych. Wtyczka jest niezwykle elastyczna: mo\u017cesz doda\u0107 tytu\u0142, podpis, wybra\u0107 ikon\u0119 i logo &#8211; z naszej biblioteki lub stworzy\u0107 w\u0142asne, zmieni\u0107 kolor tekstu, t\u0142a, ramki i zmieni\u0107 rozmiar wid\u017cetu tak, aby pasowa\u0142 do Twojej witryny. Wszystko, co pozostaje do zrobienia, to po prostu zacz\u0105\u0107 kszta\u0142towa\u0107 funkcj\u0119 \u2013 instalacja jest prosta i nie b\u0119dzie wymaga\u0107 od Ciebie umiej\u0119tno\u015bci kodowania.<\/p> <p><b>Zintegruj generator kod\u00f3w QR Elfsight ze swoj\u0105 witryn\u0105 HTML i kieruj odwiedzaj\u0105cych prosto tam, gdzie chcesz, aby by\u0142y i upro\u015bci\u0142y korzystanie z tre\u015bci<\/b><\/p> <\/div> <div class=\"application-platform-content-item-features application-platform-content-item\" id=\"features\" data-nav-section=\"features\"> <h2>Oferujemy przydatne i \u0142atwe funkcje, zobacz niekt\u00f3re z nich: <\/h2> <ul><li>Natychmiastowy dost\u0119p do przes\u0142anych tre\u015bci<\/li><li>Do\u0142\u0105cz dowolny tekst<\/li><li>8 wymiennych logo<\/li><li>Dost\u0119pnych pi\u0119tna\u015bcie prze\u0142\u0105czalnych ikon<\/li><li>Pokoloruj ponownie wszystkie elementy wid\u017cetu<\/li><\/ul><p><a href=\"#demo\">Pe\u0142n\u0105 funkcjonalno\u015b\u0107 wid\u017cetu mo\u017cesz pozna\u0107 w wersji demonstracyjnej na tej stronie<\/a><\/p> [ \/application_platform_content_item] <div class=\"application-platform-content-item-installation application-platform-content-item\" id=\"installation\" data-nav-section=\"installation\"><\/div> <h2>Jak mog\u0119 doda\u0107 kod QR do mojej witryny HTML? <\/h2> <p>Wystarczy wykona\u0107 poni\u017csze kroki, aby aktywowa\u0107 wtyczk\u0119. <\/p> <ol><li><b>Otw\u00f3rz nasze bezp\u0142atne demo i rozpocznij tworzenie w\u0142asnego generatora. <\/b><br> Znajd\u017a preferowany projekt i specyfikacje wtyczki i zastosuj modyfikacje. <\/li> <li><b>Odbierz unikalny kod widoczny w pude\u0142ku w aplikacjach Elfsight. <\/b><br> Po skonfigurowaniu narz\u0119dzia skopiuj indywidualny kod z wy\u015bwietlonego wyskakuj\u0105cego okienka i zapisz go do dalszego wykorzystania. <\/li> <li><b>Zacznij korzysta\u0107 z narz\u0119dzia na stronie g\u0142\u00f3wnej HTML. <\/b><br> Umie\u015b\u0107 ostatnio skopiowany kod na swojej stronie internetowej i zapisz ulepszenia. <\/li> <li><b>Instalacja zosta\u0142a ca\u0142kowicie zako\u0144czona. <\/b><br> Odwied\u017a swoj\u0105 stron\u0119, aby sprawdzi\u0107, jak dzia\u0142a widget. <\/li><\/ol> <p>W przypadku pyta\u0144 lub napotkania jakichkolwiek przeszk\u00f3d nie wahaj si\u0119 skontaktowa\u0107 z naszym zespo\u0142em wsparcia. Nasi pracownicy z przyjemno\u015bci\u0105 rozwi\u0105\u017c\u0105 wszystkie problemy, jakie mo\u017cesz mie\u0107 z produktem. <\/p> <\/div><div class=\"faq\" data-component=\"FAQ\"><div class=\"faq-item\">\r\n\t\t\t\t\t<div class=\"faq-item-question\">\r\n\t\t\t\t\t\t<h3 class=\"faq-item-question-text\">W jaki spos\u00f3b mog\u0119 osadzi\u0107 kod QR w mojej witrynie HTML? <\/h3>\r\n\r\n\t\t\t\t\t\t<div class=\"faq-item-question-icon\"><\/div>\r\n\t\t\t\t\t<\/div>\r\n\r\n\t\t\t\t\t<div class=\"faq-item-answer\">\r\n\t\t\t\t\t\t<div class=\"faq-item-answer-text\"><p>Nast\u0119puje tworzenie wid\u017cetu na stronach Elfsight i nie ma potrzeby uczenia si\u0119 kodowania. Skorzystaj z naszej wersji demonstracyjnej na \u017cywo, aby utworzy\u0107 aplikacj\u0119, pobierz kod i wstaw go na swojej stronie. <\/p><\/div>\r\n\t\t\t\t\t<\/div>\r\n\t\t\t\t<\/div><div class=\"faq-item\">\r\n\t\t\t\t\t<div class=\"faq-item-question\">\r\n\t\t\t\t\t\t<h3 class=\"faq-item-question-text\">Najlepsze przyk\u0142ady u\u017cycia generatora kod\u00f3w QR<\/h3>\r\n\r\n\t\t\t\t\t\t<div class=\"faq-item-question-icon\"><\/div>\r\n\t\t\t\t\t<\/div>\r\n\r\n\t\t\t\t\t<div class=\"faq-item-answer\">\r\n\t\t\t\t\t\t<div class=\"faq-item-answer-text\"><p>Zapewnimy mn\u00f3stwo mo\u017cliwo\u015bci dostosowania: pe\u0142nowymiarowe wid\u017cety do wstawiania w strefa tre\u015bci, p\u0142ywaj\u0105ce wid\u017cety do opcji przewijania, miniatury stopki, nag\u0142\u00f3wka i wszystkie odmiany opcji pionowych pask\u00f3w bocznych i menu. <\/p><\/div>\r\n\t\t\t\t\t<\/div>\r\n\t\t\t\t<\/div><div class=\"faq-item\">\r\n\t\t\t\t\t<div class=\"faq-item-question\">\r\n\t\t\t\t\t\t<h3 class=\"faq-item-question-text\">Czy istnieje mo\u017cliwo\u015b\u0107 zbudowania kodu QR obrazu lub \u0142\u0105cza za po\u015brednictwem redaktora? <\/h3>\r\n\r\n\t\t\t\t\t\t<div class=\"faq-item-question-icon\"><\/div>\r\n\t\t\t\t\t<\/div>\r\n\r\n\t\t\t\t\t<div class=\"faq-item-answer\">\r\n\t\t\t\t\t\t<div class=\"faq-item-answer-text\"><p>Mo\u017cesz stworzy\u0107 dowolne zmiany wid\u017cetu . W edytorze dost\u0119pnych jest mn\u00f3stwo uk\u0142ad\u00f3w, a ka\u017cdy z nich mo\u017cna \u0142atwo dostosowa\u0107 do w\u0142asnych potrzeb. <\/p><\/div>\r\n\t\t\t\t\t<\/div>\r\n\t\t\t\t<\/div><\/div>","protected":false},"excerpt":{"rendered":"","protected":false},"author":9,"featured_media":0,"parent":3416,"menu_order":0,"comment_status":"closed","ping_status":"closed","template":"templates\/template-application-platform.php","meta":{"publish_to_discourse":"","publish_post_category":"","wpdc_auto_publish_overridden":"","wpdc_topic_tags":"","wpdc_pin_topic":"","wpdc_pin_until":"","discourse_post_id":"","discourse_permalink":"","wpdc_publishing_response":"","wpdc_publishing_error":"","footnotes":""},"class_list":["post-6182","page","type-page","status-publish","hentry"],"yoast_head":"<!-- This site is optimized with the Yoast SEO plugin v25.3.1 - https:\/\/yoast.com\/wordpress\/plugins\/seo\/ -->\n<title>Kod QR \u2014 Dodaj wid\u017cet generatora kod\u00f3w QR do HTML [2025]<\/title>\n<meta name=\"description\" content=\"Szybko utw\u00f3rz sw\u00f3j unikalny generator kod\u00f3w QR dla strony internetowej HTML. Poznaj nasz interaktywny edytor i stw\u00f3rz osobisty kod QR bezp\u0142atnie i szybko!\" \/>\n<meta name=\"robots\" content=\"index, follow, max-snippet:-1, max-image-preview:large, max-video-preview:-1\" \/>\n<link rel=\"canonical\" href=\"https:\/\/elfsight.com\/pl\/qr-code-widget\/html\/\" \/>\n<meta property=\"og:locale\" content=\"pl_PL\" \/>\n<meta property=\"og:type\" content=\"article\" \/>\n<meta property=\"og:title\" content=\"Kod QR \u2014 Dodaj wid\u017cet generatora kod\u00f3w QR do HTML [2025]\" \/>\n<meta property=\"og:description\" content=\"Szybko utw\u00f3rz sw\u00f3j unikalny generator kod\u00f3w QR dla strony internetowej HTML. Poznaj nasz interaktywny edytor i stw\u00f3rz osobisty kod QR bezp\u0142atnie i szybko!\" \/>\n<meta property=\"og:url\" content=\"https:\/\/elfsight.com\/pl\/qr-code-widget\/html\/\" \/>\n<meta property=\"og:site_name\" content=\"Elfsight PL\" \/>\n<meta property=\"article:modified_time\" content=\"2024-11-14T08:58:29+00:00\" \/>\n<meta name=\"twitter:card\" content=\"summary_large_image\" \/>\n<meta name=\"twitter:label1\" content=\"Szacowany czas czytania\" \/>\n\t<meta name=\"twitter:data1\" content=\"2 minuty\" \/>\n<!-- \/ Yoast SEO plugin. -->","yoast_head_json":{"title":"Kod QR \u2014 Dodaj wid\u017cet generatora kod\u00f3w QR do HTML [2025]","description":"Szybko utw\u00f3rz sw\u00f3j unikalny generator kod\u00f3w QR dla strony internetowej HTML. Poznaj nasz interaktywny edytor i stw\u00f3rz osobisty kod QR bezp\u0142atnie i szybko!","robots":{"index":"index","follow":"follow","max-snippet":"max-snippet:-1","max-image-preview":"max-image-preview:large","max-video-preview":"max-video-preview:-1"},"canonical":"https:\/\/elfsight.com\/pl\/qr-code-widget\/html\/","og_locale":"pl_PL","og_type":"article","og_title":"Kod QR \u2014 Dodaj wid\u017cet generatora kod\u00f3w QR do HTML [2025]","og_description":"Szybko utw\u00f3rz sw\u00f3j unikalny generator kod\u00f3w QR dla strony internetowej HTML. Poznaj nasz interaktywny edytor i stw\u00f3rz osobisty kod QR bezp\u0142atnie i szybko!","og_url":"https:\/\/elfsight.com\/pl\/qr-code-widget\/html\/","og_site_name":"Elfsight PL","article_modified_time":"2024-11-14T08:58:29+00:00","twitter_card":"summary_large_image","twitter_misc":{"Szacowany czas czytania":"2 minuty"},"schema":{"@context":"https:\/\/schema.org","@graph":[{"@type":"WebPage","@id":"https:\/\/elfsight.com\/pl\/qr-code-widget\/html\/","url":"https:\/\/elfsight.com\/pl\/qr-code-widget\/html\/","name":"Kod QR \u2014 Dodaj wid\u017cet generatora kod\u00f3w QR do HTML [2025]","isPartOf":{"@id":"https:\/\/elfsight.com\/pl\/#website"},"datePublished":"1970-01-01T00:00:00+00:00","dateModified":"2024-11-14T08:58:29+00:00","description":"Szybko utw\u00f3rz sw\u00f3j unikalny generator kod\u00f3w QR dla strony internetowej HTML. Poznaj nasz interaktywny edytor i stw\u00f3rz osobisty kod QR bezp\u0142atnie i szybko!","breadcrumb":{"@id":"https:\/\/elfsight.com\/pl\/qr-code-widget\/html\/#breadcrumb"},"inLanguage":"pl-PL","potentialAction":[{"@type":"ReadAction","target":["https:\/\/elfsight.com\/pl\/qr-code-widget\/html\/"]}]},{"@type":"BreadcrumbList","@id":"https:\/\/elfsight.com\/pl\/qr-code-widget\/html\/#breadcrumb","itemListElement":[{"@type":"ListItem","position":1,"name":"Home","item":"https:\/\/elfsight.com\/pl\/"},{"@type":"ListItem","position":2,"name":"QR Code","item":"https:\/\/elfsight.com\/pl\/qr-code-widget\/"},{"@type":"ListItem","position":3,"name":"QR Code &#8211; HTML"}]},{"@type":"WebSite","@id":"https:\/\/elfsight.com\/pl\/#website","url":"https:\/\/elfsight.com\/pl\/","name":"Elfsight PL","description":"Just another Elfsight Sites site","potentialAction":[{"@type":"SearchAction","target":{"@type":"EntryPoint","urlTemplate":"https:\/\/elfsight.com\/pl\/?s={search_term_string}"},"query-input":{"@type":"PropertyValueSpecification","valueRequired":true,"valueName":"search_term_string"}}],"inLanguage":"pl-PL"}]}},"meta_box":{"industry":"","seo_heading":"","heading":"","description":"","cta_heading":"","cta_description":"","application":"3359","h1":"Generator kod\u00f3w QR HTML","h1_caption":"Wygeneruj i wy\u015bwietl kod qr, aby \u0142atwo uzyska\u0107 dost\u0119p do adres\u00f3w URL, Wi-Fi, wizyt\u00f3wek i nie tylko w swojej witrynie HTML.","application_category":[],"applications_title":"","applications_request_title":"","applications_request_button_text":"","hero_text":"","hero_video":"","hero_video_schema_markup":"","selling_points_title":"","selling_points_caption":"","selling_points":[],"selling_points_cta_text":"","features_title":"","features":"","ed_cta_examples_text":"","ed_cta_examples_hidden":"","ed_cta_demo_text":"","ed_cta_demo_hidden":"","why_caption":"","why_editor_title":"","why_editor_text":"","why_team_title":"","why_team_text":"","why_service_title":"","why_service_text":"","template_catalog_visible":"","template_catalog_title":"","template_catalog_text":"","template_catalog_categories_visible":"","demo_title":"Utw\u00f3rz wid\u017cet z kodem QR","demo_caption":"Skonfiguruj sw\u00f3j kod QR i dodaj go do swojej witryny HTML za darmo!","default_faq_hidden":"","app_template_category":[],"platform":"50","template_public_id":"","codecanyon_url":"","codecanyon_item_id":"","codecanyon_price":"","pricing_caption":"","pricing_elfsight_apps_hide_column":"","pricing_elfsight_apps_url":"","pricing_codecanyon_price_caption":"","integration_category":[],"integration_request_title":"","integration_request_cta":"","integration_platform":"","integrations":[],"platform_category":[],"video_schema_markup":"","price":"od 0 USD \/ miesi\u0105c","trial":"","benefits":[{"text":"Bezp\u0142atna pomoc w monta\u017cu"},{"text":"Skuteczna obs\u0142uga klienta"},{"text":"14-dniowa gwarancja zwrotu pieni\u0119dzy"}],"button_url":"#demo","button_target_blank":"","button_nofollow":"","attributes":[{"name":"Instaluje"},{"name":"Czu\u0142y"},{"name":"Kompatybilne przegl\u0105darki"}],"tags":[],"tags_disable_links":"","hide_more_platforms":"","video_object":"","demo_hide_cta":"","demo_hide_cloud_options":"","pricing_title":"","pricing":[{"pricing_icon":"platform","pricing_title":"Elfsight Apps","pricing_title_caption":"Rozwi\u0105zanie wieloplatformowe, kt\u00f3re pasuje do ka\u017cdej witryny","pricing_price":"od 0 USD \/ miesi\u0105c","pricing_price_caption":"zacznij od bezp\u0142atnego planu","pricing_benefits":[{"text":"Nielimitowane domeny"},{"text":"Profesjonalna obs\u0142uga klienta"},{"text":"Bezp\u0142atna pomoc w monta\u017cu"},{"text":"Oferta specjalna na wiele aplikacji"}],"pricing_button_text":"Dodaj do witryny","pricing_button_url":"#demo"}],"related_apps_title":"","related_apps_hidden":"","author":"","image":[],"title":"","job":"","social_networks":[]},"_links":{"self":[{"href":"https:\/\/elfsight.com\/pl\/wp-json\/wp\/v2\/pages\/6182","targetHints":{"allow":["GET"]}}],"collection":[{"href":"https:\/\/elfsight.com\/pl\/wp-json\/wp\/v2\/pages"}],"about":[{"href":"https:\/\/elfsight.com\/pl\/wp-json\/wp\/v2\/types\/page"}],"author":[{"embeddable":true,"href":"https:\/\/elfsight.com\/pl\/wp-json\/wp\/v2\/users\/9"}],"replies":[{"embeddable":true,"href":"https:\/\/elfsight.com\/pl\/wp-json\/wp\/v2\/comments?post=6182"}],"version-history":[{"count":1,"href":"https:\/\/elfsight.com\/pl\/wp-json\/wp\/v2\/pages\/6182\/revisions"}],"predecessor-version":[{"id":6186,"href":"https:\/\/elfsight.com\/pl\/wp-json\/wp\/v2\/pages\/6182\/revisions\/6186"}],"up":[{"embeddable":true,"href":"https:\/\/elfsight.com\/pl\/wp-json\/wp\/v2\/pages\/3416"}],"wp:attachment":[{"href":"https:\/\/elfsight.com\/pl\/wp-json\/wp\/v2\/media?parent=6182"}],"curies":[{"name":"wp","href":"https:\/\/api.w.org\/{rel}","templated":true}]}}