{"id":6176,"date":"1970-01-01T00:00:00","date_gmt":"1970-01-01T00:00:00","guid":{"rendered":"https:\/\/elfsight.com\/pl\/?page_id=6176"},"modified":"2024-11-14T08:58:22","modified_gmt":"2024-11-14T08:58:22","slug":"opencart","status":"publish","type":"page","link":"https:\/\/elfsight.com\/pl\/qr-code-widget\/opencart\/","title":{"rendered":"QR Code &#8211; OpenCart"},"content":{"rendered":"<div class=\"application-platform-content-item-description application-platform-content-item\" id=\"description\" data-nav-section=\"description\"> <h2>Opis<\/h2> <p>Generator kod\u00f3w QR Elfsight to niezwyk\u0142e narz\u0119dzie dla OpenCart umo\u017cliwiaj\u0105ce natychmiastowe przekierowanie u\u017cytkownik\u00f3w na dowoln\u0105 stron\u0119 internetow\u0105, udost\u0119pnienie link, lokalizacja, adres e-mail, plik i inne. Narz\u0119dzie jest niezwykle konfigurowalne: mo\u017cesz doda\u0107 tytu\u0142, podpis, wybra\u0107 ikon\u0119 i logo &#8211; z naszej biblioteki lub pobra\u0107 w\u0142asne, przemalowa\u0107 tekst, t\u0142o, ramk\u0119 i dostosowa\u0107 rozmiar tak, jak potrzebujesz. Wszystko, co musisz zrobi\u0107, to rozpocz\u0105\u0107 tworzenie spersonalizowanego widgetu &#8211; instalacja jest prosta i nie b\u0119dzie wymaga\u0107 od Ciebie \u017cadnych umiej\u0119tno\u015bci kodowania.<\/p> <p><b>Zintegruj generator kod\u00f3w QR ze swoj\u0105 stron\u0105 internetow\u0105 i bezpo\u015brednio przyci\u0105gaj odwiedzaj\u0105cych tam, gdzie ich potrzebujesz i upraszczaj\u0105 korzystanie z tre\u015bci<\/b><\/p> <\/div> <div class=\"application-platform-content-item-features application-platform-content-item\" id=\"features\" data-nav-section=\"features\"> <h2>Rozszerzenie posiada przydatne i nieskomplikowane funkcje, zobacz niekt\u00f3re z nich: <\/h2> <ul><li>Natychmiastowy dost\u0119p do przes\u0142anych tre\u015bci<\/li><li>Do\u0142\u0105cz dowolny tekst<\/li><li>8 wymiennych logo<\/li><li>Pi\u0119tna\u015bcie wymiennych ikon do wyboru<\/li><li>Pokoloruj ponownie wszystkie elementy<\/li><\/ul><p><a href=\"#demo\">Wypr\u00f3buj t\u0119 wersj\u0119 demonstracyjn\u0105, aby zobaczy\u0107, ile warte jest rozszerzenie<\/a><\/p> [ \/application_platform_content_item] <div class=\"application-platform-content-item-installation application-platform-content-item\" id=\"installation\" data-nav-section=\"installation\"><\/div> <h2>Jak doda\u0107 generator kod\u00f3w QR do mojej witryny OpenCart? <\/h2> <p>Wystarczy spe\u0142ni\u0107 poni\u017csze wskaz\u00f3wki, aby rozpocz\u0105\u0107 korzystanie z narz\u0119dzia. <\/p> <ol><li><b>Otw\u00f3rz nasze bezp\u0142atne demo i zacznij tworzy\u0107 w\u0142asne rozszerzenie. <\/b><br> Wybierz wybrany interfejs i funkcje rozszerzenia i zapisz wszystkie zmiany. <\/li> <li><b>Skopiuj unikalny kod pokazany w oknie aplikacji Elfsight. <\/b><br> Po zako\u0144czeniu dostosowywania rozszerzenia skopiuj ekskluzywny kod z wy\u015bwietlonego pola i zachowaj go na p\u00f3\u017aniej. <\/li> <li><b>Wpisz ch\u0119\u0107 korzystania z rozszerzenia na stronie OpenCart. <\/b><br> Wklej zapisany ostatnio kod na swoj\u0105 stron\u0119 i zastosuj poprawki. <\/li> <li><b>Instalacja zosta\u0142a w pe\u0142ni przeprowadzona. <\/b><br> Odwied\u017a swoj\u0105 witryn\u0119, aby sprawdzi\u0107 dzia\u0142anie rozszerzenia. <\/li><\/ol><p>Je\u015bli masz jakie\u015b trudno\u015bci, bez wahania zwr\u00f3\u0107 si\u0119 do naszego zespo\u0142u wsparcia. Nasi specjali\u015bci z przyjemno\u015bci\u0105 rozwi\u0105\u017c\u0105 wszystkie problemy, jakie mo\u017cesz mie\u0107 z produktem. <\/p> <div class=\"faq\" data-component=\"FAQ\"><div class=\"faq-item\">\r\n\t\t\t\t\t<div class=\"faq-item-question\">\r\n\t\t\t\t\t\t<h3 class=\"faq-item-question-text\">W jaki spos\u00f3b mo\u017cna osadzi\u0107 kod QR na mojej stronie internetowej OpenCart bez umiej\u0119tno\u015bci kodowania?<\/h3>\r\n\r\n\t\t\t\t\t\t<div class=\"faq-item-question-icon\"><\/div>\r\n\t\t\t\t\t<\/div>\r\n\r\n\t\t\t\t\t<div class=\"faq-item-answer\">\r\n\t\t\t\t\t\t<div class=\"faq-item-answer-text\"> <p>Elfsight oferuje rozwi\u0105zanie SaaS, kt\u00f3re umo\u017cliwia szerokiemu gronu odbiorc\u00f3w utworzenie kodu QR samodzielnie, naucz si\u0119 prostych krok\u00f3w: Rozpocznij prac\u0119 bezpo\u015brednio w edytorze online, aby utworzy\u0107 wid\u017cet z kodem QR, kt\u00f3ry chcesz doda\u0107 do OpenCart. Kliknij jeden z naszych wst\u0119pnie zaprojektowanych szablon\u00f3w i dostosuj ustawienia kodu QR, zmie\u0144 uk\u0142ad i kolory oraz dodaj tre\u015b\u0107 bez znajomo\u015bci kodowania. Zapisz kod QR i uzyskaj kod instalacyjny wtyczki, kt\u00f3ry mo\u017cesz \u0142atwo osadzi\u0107 na stronie OpenCart, bez konieczno\u015bci wykupywania p\u0142atnej subskrypcji. Dzi\u0119ki intuicyjnemu edytorowi ka\u017cdy u\u017cytkownik sieci mo\u017ce wygenerowa\u0107 kod QR online i po prostu osadzi\u0107 go na stronie g\u0142\u00f3wnej OpenCart. Aby skorzysta\u0107 z us\u0142ugi, nie trzeba wykupi\u0107 p\u0142atnej subskrypcji ani podawa\u0107 danych uwierzytelniaj\u0105cych karty. Je\u015bli napotkasz jakiekolwiek problemy, skontaktuj si\u0119 z naszym personelem pomocy technicznej.<\/p> <\/div>\r\n\t\t\t\t\t<\/div>\r\n\t\t\t\t<\/div> <\/div><\/div>","protected":false},"excerpt":{"rendered":"","protected":false},"author":9,"featured_media":0,"parent":3416,"menu_order":0,"comment_status":"closed","ping_status":"closed","template":"templates\/template-application-platform.php","meta":{"publish_to_discourse":"","publish_post_category":"","wpdc_auto_publish_overridden":"","wpdc_topic_tags":"","wpdc_pin_topic":"","wpdc_pin_until":"","discourse_post_id":"","discourse_permalink":"","wpdc_publishing_response":"","wpdc_publishing_error":"","footnotes":""},"class_list":["post-6176","page","type-page","status-publish","hentry"],"yoast_head":"<!-- This site is optimized with the Yoast SEO plugin v25.3.1 - https:\/\/yoast.com\/wordpress\/plugins\/seo\/ -->\n<title>Kod QR \u2014 Dodaj generator kod\u00f3w QR do OpenCart (bezp\u0142atnie i szybko)<\/title>\n<meta name=\"description\" content=\"Z \u0142atwo\u015bci\u0105 kszta\u0142tuj swoje unikalne rozszerzenie kodu QR dla strony internetowej OpenCart. Po prostu skorzystaj z naszego przydatnego demo, a Twoje rozszerzenie b\u0119dzie gotowe w nieca\u0142e dwie minuty.\" \/>\n<meta name=\"robots\" content=\"index, follow, max-snippet:-1, max-image-preview:large, max-video-preview:-1\" \/>\n<link rel=\"canonical\" href=\"https:\/\/elfsight.com\/pl\/qr-code-widget\/opencart\/\" \/>\n<meta property=\"og:locale\" content=\"pl_PL\" \/>\n<meta property=\"og:type\" content=\"article\" \/>\n<meta property=\"og:title\" content=\"Kod QR \u2014 Dodaj generator kod\u00f3w QR do OpenCart (bezp\u0142atnie i szybko)\" \/>\n<meta property=\"og:description\" content=\"Z \u0142atwo\u015bci\u0105 kszta\u0142tuj swoje unikalne rozszerzenie kodu QR dla strony internetowej OpenCart. Po prostu skorzystaj z naszego przydatnego demo, a Twoje rozszerzenie b\u0119dzie gotowe w nieca\u0142e dwie minuty.\" \/>\n<meta property=\"og:url\" content=\"https:\/\/elfsight.com\/pl\/qr-code-widget\/opencart\/\" \/>\n<meta property=\"og:site_name\" content=\"Elfsight PL\" \/>\n<meta property=\"article:modified_time\" content=\"2024-11-14T08:58:22+00:00\" \/>\n<meta name=\"twitter:card\" content=\"summary_large_image\" \/>\n<meta name=\"twitter:label1\" content=\"Szacowany czas czytania\" \/>\n\t<meta name=\"twitter:data1\" content=\"2 minuty\" \/>\n<!-- \/ Yoast SEO plugin. -->","yoast_head_json":{"title":"Kod QR \u2014 Dodaj generator kod\u00f3w QR do OpenCart (bezp\u0142atnie i szybko)","description":"Z \u0142atwo\u015bci\u0105 kszta\u0142tuj swoje unikalne rozszerzenie kodu QR dla strony internetowej OpenCart. Po prostu skorzystaj z naszego przydatnego demo, a Twoje rozszerzenie b\u0119dzie gotowe w nieca\u0142e dwie minuty.","robots":{"index":"index","follow":"follow","max-snippet":"max-snippet:-1","max-image-preview":"max-image-preview:large","max-video-preview":"max-video-preview:-1"},"canonical":"https:\/\/elfsight.com\/pl\/qr-code-widget\/opencart\/","og_locale":"pl_PL","og_type":"article","og_title":"Kod QR \u2014 Dodaj generator kod\u00f3w QR do OpenCart (bezp\u0142atnie i szybko)","og_description":"Z \u0142atwo\u015bci\u0105 kszta\u0142tuj swoje unikalne rozszerzenie kodu QR dla strony internetowej OpenCart. Po prostu skorzystaj z naszego przydatnego demo, a Twoje rozszerzenie b\u0119dzie gotowe w nieca\u0142e dwie minuty.","og_url":"https:\/\/elfsight.com\/pl\/qr-code-widget\/opencart\/","og_site_name":"Elfsight PL","article_modified_time":"2024-11-14T08:58:22+00:00","twitter_card":"summary_large_image","twitter_misc":{"Szacowany czas czytania":"2 minuty"},"schema":{"@context":"https:\/\/schema.org","@graph":[{"@type":"WebPage","@id":"https:\/\/elfsight.com\/pl\/qr-code-widget\/opencart\/","url":"https:\/\/elfsight.com\/pl\/qr-code-widget\/opencart\/","name":"Kod QR \u2014 Dodaj generator kod\u00f3w QR do OpenCart (bezp\u0142atnie i szybko)","isPartOf":{"@id":"https:\/\/elfsight.com\/pl\/#website"},"datePublished":"1970-01-01T00:00:00+00:00","dateModified":"2024-11-14T08:58:22+00:00","description":"Z \u0142atwo\u015bci\u0105 kszta\u0142tuj swoje unikalne rozszerzenie kodu QR dla strony internetowej OpenCart. Po prostu skorzystaj z naszego przydatnego demo, a Twoje rozszerzenie b\u0119dzie gotowe w nieca\u0142e dwie minuty.","breadcrumb":{"@id":"https:\/\/elfsight.com\/pl\/qr-code-widget\/opencart\/#breadcrumb"},"inLanguage":"pl-PL","potentialAction":[{"@type":"ReadAction","target":["https:\/\/elfsight.com\/pl\/qr-code-widget\/opencart\/"]}]},{"@type":"BreadcrumbList","@id":"https:\/\/elfsight.com\/pl\/qr-code-widget\/opencart\/#breadcrumb","itemListElement":[{"@type":"ListItem","position":1,"name":"Home","item":"https:\/\/elfsight.com\/pl\/"},{"@type":"ListItem","position":2,"name":"QR Code","item":"https:\/\/elfsight.com\/pl\/qr-code-widget\/"},{"@type":"ListItem","position":3,"name":"QR Code &#8211; OpenCart"}]},{"@type":"WebSite","@id":"https:\/\/elfsight.com\/pl\/#website","url":"https:\/\/elfsight.com\/pl\/","name":"Elfsight PL","description":"Just another Elfsight Sites site","potentialAction":[{"@type":"SearchAction","target":{"@type":"EntryPoint","urlTemplate":"https:\/\/elfsight.com\/pl\/?s={search_term_string}"},"query-input":{"@type":"PropertyValueSpecification","valueRequired":true,"valueName":"search_term_string"}}],"inLanguage":"pl-PL"}]}},"meta_box":{"industry":"","seo_heading":"","heading":"","description":"","cta_heading":"","cta_description":"","application":"3359","h1":"Rozszerzenie kodu QR OpenCart","h1_caption":"Wygeneruj i wy\u015bwietl kod qr, aby \u0142atwo uzyska\u0107 dost\u0119p do adres\u00f3w URL, Wi-Fi, wizyt\u00f3wek i nie tylko na swojej stronie Opencart.","application_category":[],"applications_title":"","applications_request_title":"","applications_request_button_text":"","hero_text":"","hero_video":"","hero_video_schema_markup":"","selling_points_title":"","selling_points_caption":"","selling_points":[],"selling_points_cta_text":"","features_title":"","features":"","ed_cta_examples_text":"","ed_cta_examples_hidden":"","ed_cta_demo_text":"","ed_cta_demo_hidden":"","why_caption":"","why_editor_title":"","why_editor_text":"","why_team_title":"","why_team_text":"","why_service_title":"","why_service_text":"","template_catalog_visible":"","template_catalog_title":"","template_catalog_text":"","template_catalog_categories_visible":"","demo_title":"Utw\u00f3rz rozszerzenie kodu QR","demo_caption":"Skonfiguruj sw\u00f3j kod QR i dodaj go do swojej witryny OpenCart za darmo!","default_faq_hidden":"","app_template_category":[],"platform":"107","template_public_id":"","codecanyon_url":"","codecanyon_item_id":"","codecanyon_price":"","pricing_caption":"","pricing_elfsight_apps_hide_column":"","pricing_elfsight_apps_url":"","pricing_codecanyon_price_caption":"","integration_category":[],"integration_request_title":"","integration_request_cta":"","integration_platform":"","integrations":[],"platform_category":[],"video_schema_markup":"","price":"od 0 USD \/ miesi\u0105c","trial":"","benefits":[{"text":"Bezp\u0142atna us\u0142uga monta\u017cu"},{"text":"Wyj\u0105tkowe wsparcie"},{"text":"14-dniowa gwarancja zwrotu pieni\u0119dzy"}],"button_url":"#demo","button_target_blank":"","button_nofollow":"","attributes":[{"name":"Instaluje"},{"name":"Czu\u0142y"},{"name":"Kompatybilne przegl\u0105darki"}],"tags":[],"tags_disable_links":"","hide_more_platforms":"","video_object":"","demo_hide_cta":"","demo_hide_cloud_options":"","pricing_title":"","pricing":[{"pricing_icon":"platform","pricing_title":"Elfsight Apps","pricing_title_caption":"Wieloplatformowe rozwi\u0105zanie cyfrowe","pricing_price":"od 0 USD \/ miesi\u0105c","pricing_price_caption":"zacznij od bezp\u0142atnego planu","pricing_benefits":[{"text":"Nielimitowane strony internetowe"},{"text":"Szybkie i terminowe wsparcie"},{"text":"Bezp\u0142atna us\u0142uga monta\u017cu"},{"text":"100% konfigurowalny"}],"pricing_button_text":"Dodaj do witryny","pricing_button_url":"#demo"}],"related_apps_title":"","related_apps_hidden":"","author":"","image":[],"title":"","job":"","social_networks":[]},"_links":{"self":[{"href":"https:\/\/elfsight.com\/pl\/wp-json\/wp\/v2\/pages\/6176","targetHints":{"allow":["GET"]}}],"collection":[{"href":"https:\/\/elfsight.com\/pl\/wp-json\/wp\/v2\/pages"}],"about":[{"href":"https:\/\/elfsight.com\/pl\/wp-json\/wp\/v2\/types\/page"}],"author":[{"embeddable":true,"href":"https:\/\/elfsight.com\/pl\/wp-json\/wp\/v2\/users\/9"}],"replies":[{"embeddable":true,"href":"https:\/\/elfsight.com\/pl\/wp-json\/wp\/v2\/comments?post=6176"}],"version-history":[{"count":1,"href":"https:\/\/elfsight.com\/pl\/wp-json\/wp\/v2\/pages\/6176\/revisions"}],"predecessor-version":[{"id":6180,"href":"https:\/\/elfsight.com\/pl\/wp-json\/wp\/v2\/pages\/6176\/revisions\/6180"}],"up":[{"embeddable":true,"href":"https:\/\/elfsight.com\/pl\/wp-json\/wp\/v2\/pages\/3416"}],"wp:attachment":[{"href":"https:\/\/elfsight.com\/pl\/wp-json\/wp\/v2\/media?parent=6176"}],"curies":[{"name":"wp","href":"https:\/\/api.w.org\/{rel}","templated":true}]}}