{"id":6175,"date":"1970-01-01T00:00:00","date_gmt":"1970-01-01T00:00:00","guid":{"rendered":"https:\/\/elfsight.com\/pl\/?page_id=6175"},"modified":"2024-11-14T08:58:22","modified_gmt":"2024-11-14T08:58:22","slug":"shopify","status":"publish","type":"page","link":"https:\/\/elfsight.com\/pl\/qr-code-widget\/shopify\/","title":{"rendered":"QR Code &#8211; Shopify"},"content":{"rendered":"<div class=\"application-platform-content-item-description application-platform-content-item\" id=\"description\" data-nav-section=\"description\"> <h2>Osad\u017a kod QR w Shopify za pomoc\u0105 wid\u017cetu Elfsight<\/h2> <p>Aplikacja Elfsight QR Code to niezwyk\u0142a opcja dla Shopify, kt\u00f3ra umo\u017cliwia natychmiastowe przekieruj odwiedzaj\u0105cych do dowolnej witryny, udost\u0119pnij link, lokalizacj\u0119, adres e-mail, plik i nie tylko. Wid\u017cet jest niezwykle konfigurowalny: mo\u017cesz doda\u0107 tytu\u0142, obja\u015bniaj\u0105cy podpis, wybra\u0107 ikon\u0119 i logo &#8211; z naszej biblioteki lub pobra\u0107 w\u0142asne, przemalowa\u0107 tekst, t\u0142o, ramk\u0119 i zmieni\u0107 rozmiar wid\u017cetu zgodnie z potrzebami. Wszystko, co musisz zrobi\u0107, to rozpocz\u0105\u0107 tworzenie spersonalizowanej funkcji \u2014 instalacja jest prosta i nie b\u0119dzie wymaga\u0107 umiej\u0119tno\u015bci kodowania.<\/p> <p><b>Wstaw generator kod\u00f3w QR Elfsight do swojej witryny Shopify i kieruj u\u017cytkownik\u00f3w bezpo\u015brednio tam, gdzie chcesz chcesz, \u017ceby by\u0142y i usprawni\u0142y wykorzystanie tre\u015bci<\/b><\/p> <\/div> <div class=\"application-platform-content-item-features application-platform-content-item\" id=\"features\" data-nav-section=\"features\"> <h2>Widget oferuje zaawansowane i szybkie funkcje, zobacz niekt\u00f3re z nich:<\/h2> <ul><li>Natychmiastowy dost\u0119p do przes\u0142anych tre\u015bci<\/li><li>Dodaj dowolny tekst<\/li><li>8 prze\u0142\u0105czalnych logo<\/li><li>Dost\u0119pnych pi\u0119tna\u015bcie wymiennych ikon<\/li><li>Przemaluj wszystkie cz\u0119\u015bci<\/li><\/ul><p><a href=\"#demo\">Pe\u0142n\u0105 funkcjonalno\u015b\u0107 wid\u017cetu mo\u017cesz przetestowa\u0107 w poni\u017cszej wersji demonstracyjnej<\/a><\/p> <\/div> <div class=\"application-platform-content-item-installation application-platform-content-item\" id=\"installation\" data-nav-section=\"installation\"> <h2>Jak doda\u0107 kod QR na mojej stronie Shopify?<\/h2> <p>Wystarczy wykona\u0107 kilka krok\u00f3w przedstawionych poni\u017cej, aby aktywowa\u0107 aplikacj\u0119.<\/p> <ol><li><b>Otw\u00f3rz nasz darmowy edytor i zacznij tworzy\u0107 niestandardow\u0105 aplikacj\u0119.<\/b><br> Okre\u015bl preferowan\u0105 form\u0119 i specyfikacje wid\u017cetu oraz zapisz wszystkie modyfikacje.<\/li> <li><b> Otrzymaj osobisty kod pokazany w specjalnym formularzu w aplikacjach Elfsight.<\/b><br> Po zako\u0144czeniu konfiguracji osobistego wid\u017cetu skopiuj sw\u00f3j kod w wyskakuj\u0105cym okienku i zapisz go na przysz\u0142o\u015b\u0107.<\/li> <li><b>Potwierd\u017a korzystanie z aplikacji na swojej stronie Shopify.<\/b><br> Wklej ostatnio skopiowany kod do swojej witryny i zastosuj zmiany. <\/li> <li><b>Gotowe! Osadzanie zosta\u0142o zako\u0144czone.<\/b><br> Otw\u00f3rz swoj\u0105 witryn\u0119, aby sprawdzi\u0107 dzia\u0142anie aplikacji.<\/li><\/ol><p>W przypadku konieczno\u015bci skonfrontowania si\u0119 z zapytaniami lub napotkania pewnych trudno\u015bci, nie r\u00f3b tego b\u00f3j si\u0119 pisa\u0107 do naszego zespo\u0142u obs\u0142ugi klienta. Nasi konsultanci z przyjemno\u015bci\u0105 rozwi\u0105\u017c\u0105 wszystkie problemy, jakie mo\u017cesz mie\u0107 z wid\u017cetem.<\/p> <div class=\"faq\" data-component=\"FAQ\"><div class=\"faq-item\">\r\n\t\t\t\t\t<div class=\"faq-item-question\">\r\n\t\t\t\t\t\t<h3 class=\"faq-item-question-text\">Jak mog\u0119 osadzi\u0107 kod QR w moim Shopify bez do\u015bwiadczenia w kodowaniu?<\/h3>\r\n\r\n\t\t\t\t\t\t<div class=\"faq-item-question-icon\"><\/div>\r\n\t\t\t\t\t<\/div>\r\n\r\n\t\t\t\t\t<div class=\"faq-item-answer\">\r\n\t\t\t\t\t\t<div class=\"faq-item-answer-text\"> <p>Firma Elfsight dostarcza rozwi\u0105zanie w chmurze, kt\u00f3re pozwala szerokiemu gronu odbiorc\u00f3w samodzielnie wygenerowa\u0107 wid\u017cet kodu QR, odkryj, jak nieskomplikowany jest ten proces: Przejd\u017a do wersji demonstracyjnej online, aby wygenerowa\u0107 sekcj\u0119 kodu QR, kt\u00f3ra ma si\u0119 pojawia\u0107 w Twoim Shopify. Wybierz jeden z wielu gotowych szablon\u00f3w i dostosuj ustawienia kodu QR, do\u0142\u0105cz swoj\u0105 tre\u015b\u0107, zmie\u0144 uk\u0142ad i kolor element\u00f3w bez znajomo\u015bci kodowania. Zapisz ustawienia wprowadzone w kodzie QR i uzyskaj jego kod do instalacji, kt\u00f3ry mo\u017cna \u0142atwo doda\u0107 na dowolnej stronie internetowej Shopify bez konieczno\u015bci kupowania wersji p\u0142atnej. Dzi\u0119ki naszemu intuicyjnemu konfiguratorowi ka\u017cdy u\u017cytkownik Internetu mo\u017ce utworzy\u0107 kod QR i wklei\u0107 go na stronie Shopify. Aby wej\u015b\u0107 do Edytora Elfsight, nie jest konieczne p\u0142acenie ani ujawnianie danych karty. Je\u015bli na kt\u00f3rymkolwiek etapie napotkasz jakiekolwiek problemy, skontaktuj si\u0119 z naszym technicznym dzia\u0142em obs\u0142ugi klienta.<\/p> <\/div>\r\n\t\t\t\t\t<\/div>\r\n\t\t\t\t<\/div> <\/div><\/div>","protected":false},"excerpt":{"rendered":"","protected":false},"author":9,"featured_media":0,"parent":3416,"menu_order":0,"comment_status":"closed","ping_status":"closed","template":"templates\/template-application-platform.php","meta":{"publish_to_discourse":"","publish_post_category":"","wpdc_auto_publish_overridden":"","wpdc_topic_tags":"","wpdc_pin_topic":"","wpdc_pin_until":"","discourse_post_id":"","discourse_permalink":"","wpdc_publishing_response":"","wpdc_publishing_error":"","footnotes":""},"class_list":["post-6175","page","type-page","status-publish","hentry"],"yoast_head":"<!-- This site is optimized with the Yoast SEO plugin v25.3.1 - https:\/\/yoast.com\/wordpress\/plugins\/seo\/ -->\n<title>Kod QR \u2014 Dodaj generator kod\u00f3w QR do Shopify (bezp\u0142atnie i szybko)<\/title>\n<meta name=\"description\" content=\"Z \u0142atwo\u015bci\u0105 utw\u00f3rz sw\u00f3j unikalny generator kod\u00f3w QR dla strony internetowej Shopify. Skorzystaj z naszego demo, a Twoje narz\u0119dzie zostanie utworzone w mniej ni\u017c minut\u0119.\" \/>\n<meta name=\"robots\" content=\"index, follow, max-snippet:-1, max-image-preview:large, max-video-preview:-1\" \/>\n<link rel=\"canonical\" href=\"https:\/\/elfsight.com\/pl\/qr-code-widget\/shopify\/\" \/>\n<meta property=\"og:locale\" content=\"pl_PL\" \/>\n<meta property=\"og:type\" content=\"article\" \/>\n<meta property=\"og:title\" content=\"Kod QR \u2014 Dodaj generator kod\u00f3w QR do Shopify (bezp\u0142atnie i szybko)\" \/>\n<meta property=\"og:description\" content=\"Z \u0142atwo\u015bci\u0105 utw\u00f3rz sw\u00f3j unikalny generator kod\u00f3w QR dla strony internetowej Shopify. Skorzystaj z naszego demo, a Twoje narz\u0119dzie zostanie utworzone w mniej ni\u017c minut\u0119.\" \/>\n<meta property=\"og:url\" content=\"https:\/\/elfsight.com\/pl\/qr-code-widget\/shopify\/\" \/>\n<meta property=\"og:site_name\" content=\"Elfsight PL\" \/>\n<meta property=\"article:modified_time\" content=\"2024-11-14T08:58:22+00:00\" \/>\n<meta name=\"twitter:card\" content=\"summary_large_image\" \/>\n<meta name=\"twitter:label1\" content=\"Szacowany czas czytania\" \/>\n\t<meta name=\"twitter:data1\" content=\"3 minuty\" \/>\n<!-- \/ Yoast SEO plugin. -->","yoast_head_json":{"title":"Kod QR \u2014 Dodaj generator kod\u00f3w QR do Shopify (bezp\u0142atnie i szybko)","description":"Z \u0142atwo\u015bci\u0105 utw\u00f3rz sw\u00f3j unikalny generator kod\u00f3w QR dla strony internetowej Shopify. Skorzystaj z naszego demo, a Twoje narz\u0119dzie zostanie utworzone w mniej ni\u017c minut\u0119.","robots":{"index":"index","follow":"follow","max-snippet":"max-snippet:-1","max-image-preview":"max-image-preview:large","max-video-preview":"max-video-preview:-1"},"canonical":"https:\/\/elfsight.com\/pl\/qr-code-widget\/shopify\/","og_locale":"pl_PL","og_type":"article","og_title":"Kod QR \u2014 Dodaj generator kod\u00f3w QR do Shopify (bezp\u0142atnie i szybko)","og_description":"Z \u0142atwo\u015bci\u0105 utw\u00f3rz sw\u00f3j unikalny generator kod\u00f3w QR dla strony internetowej Shopify. Skorzystaj z naszego demo, a Twoje narz\u0119dzie zostanie utworzone w mniej ni\u017c minut\u0119.","og_url":"https:\/\/elfsight.com\/pl\/qr-code-widget\/shopify\/","og_site_name":"Elfsight PL","article_modified_time":"2024-11-14T08:58:22+00:00","twitter_card":"summary_large_image","twitter_misc":{"Szacowany czas czytania":"3 minuty"},"schema":{"@context":"https:\/\/schema.org","@graph":[{"@type":"WebPage","@id":"https:\/\/elfsight.com\/pl\/qr-code-widget\/shopify\/","url":"https:\/\/elfsight.com\/pl\/qr-code-widget\/shopify\/","name":"Kod QR \u2014 Dodaj generator kod\u00f3w QR do Shopify (bezp\u0142atnie i szybko)","isPartOf":{"@id":"https:\/\/elfsight.com\/pl\/#website"},"datePublished":"1970-01-01T00:00:00+00:00","dateModified":"2024-11-14T08:58:22+00:00","description":"Z \u0142atwo\u015bci\u0105 utw\u00f3rz sw\u00f3j unikalny generator kod\u00f3w QR dla strony internetowej Shopify. Skorzystaj z naszego demo, a Twoje narz\u0119dzie zostanie utworzone w mniej ni\u017c minut\u0119.","breadcrumb":{"@id":"https:\/\/elfsight.com\/pl\/qr-code-widget\/shopify\/#breadcrumb"},"inLanguage":"pl-PL","potentialAction":[{"@type":"ReadAction","target":["https:\/\/elfsight.com\/pl\/qr-code-widget\/shopify\/"]}]},{"@type":"BreadcrumbList","@id":"https:\/\/elfsight.com\/pl\/qr-code-widget\/shopify\/#breadcrumb","itemListElement":[{"@type":"ListItem","position":1,"name":"Home","item":"https:\/\/elfsight.com\/pl\/"},{"@type":"ListItem","position":2,"name":"QR Code","item":"https:\/\/elfsight.com\/pl\/qr-code-widget\/"},{"@type":"ListItem","position":3,"name":"QR Code &#8211; Shopify"}]},{"@type":"WebSite","@id":"https:\/\/elfsight.com\/pl\/#website","url":"https:\/\/elfsight.com\/pl\/","name":"Elfsight PL","description":"Just another Elfsight Sites site","potentialAction":[{"@type":"SearchAction","target":{"@type":"EntryPoint","urlTemplate":"https:\/\/elfsight.com\/pl\/?s={search_term_string}"},"query-input":{"@type":"PropertyValueSpecification","valueRequired":true,"valueName":"search_term_string"}}],"inLanguage":"pl-PL"}]}},"meta_box":{"industry":"","seo_heading":"","heading":"","description":"","cta_heading":"","cta_description":"","application":"3359","h1":"Generator kod\u00f3w QR Shopify","h1_caption":"Wygeneruj i wy\u015bwietl kod qr, aby \u0142atwo uzyska\u0107 dost\u0119p do adres\u00f3w URL, Wi-Fi, wizyt\u00f3wek i nie tylko w swojej witrynie Shopify.","application_category":[],"applications_title":"","applications_request_title":"","applications_request_button_text":"","hero_text":"","hero_video":"","hero_video_schema_markup":"","selling_points_title":"","selling_points_caption":"","selling_points":[],"selling_points_cta_text":"","features_title":"","features":"","ed_cta_examples_text":"","ed_cta_examples_hidden":"","ed_cta_demo_text":"","ed_cta_demo_hidden":"","why_caption":"","why_editor_title":"","why_editor_text":"","why_team_title":"","why_team_text":"","why_service_title":"","why_service_text":"","template_catalog_visible":"","template_catalog_title":"","template_catalog_text":"","template_catalog_categories_visible":"","demo_title":"Utw\u00f3rz aplikacj\u0119 z kodem QR","demo_caption":"Skonfiguruj sw\u00f3j kod QR i dodaj go za darmo do swojej witryny Shopify!","default_faq_hidden":"","app_template_category":[],"platform":"112","template_public_id":"","codecanyon_url":"","codecanyon_item_id":"","codecanyon_price":"","pricing_caption":"","pricing_elfsight_apps_hide_column":"","pricing_elfsight_apps_url":"","pricing_codecanyon_price_caption":"","integration_category":[],"integration_request_title":"","integration_request_cta":"","integration_platform":"","integrations":[],"platform_category":[],"video_schema_markup":"","price":"od 0 USD \/ miesi\u0105c","trial":"","benefits":[{"text":"Bezp\u0142atna us\u0142uga monta\u017cu"},{"text":"Wsparcie premium"},{"text":"14-dniowa gwarancja zwrotu pieni\u0119dzy"}],"button_url":"#demo","button_target_blank":"","button_nofollow":"","attributes":[{"name":"Instaluje"},{"name":"Czu\u0142y"},{"name":"Kompatybilne przegl\u0105darki"}],"tags":[],"tags_disable_links":"","hide_more_platforms":"","video_object":"","demo_hide_cta":"","demo_hide_cloud_options":"","pricing_title":"","pricing":[{"pricing_icon":"cloud","pricing_title":"Elfsight Apps","pricing_title_caption":"Wersja wieloplatformowa, kt\u00f3ra dzia\u0142a na ka\u017cdej stronie internetowej","pricing_price":"od 0 USD \/ miesi\u0105c","pricing_price_caption":"zacznij od bezp\u0142atnego planu","pricing_benefits":[{"text":"Nielimitowane strony internetowe"},{"text":"Wsparcie premium"},{"text":"Bezp\u0142atna us\u0142uga monta\u017cu"},{"text":"Oferta specjalna na wiele aplikacji"}],"pricing_button_text":"Dodaj do witryny","pricing_button_url":"#demo"}],"related_apps_title":"","related_apps_hidden":"","author":"","image":[],"title":"","job":"","social_networks":[]},"_links":{"self":[{"href":"https:\/\/elfsight.com\/pl\/wp-json\/wp\/v2\/pages\/6175","targetHints":{"allow":["GET"]}}],"collection":[{"href":"https:\/\/elfsight.com\/pl\/wp-json\/wp\/v2\/pages"}],"about":[{"href":"https:\/\/elfsight.com\/pl\/wp-json\/wp\/v2\/types\/page"}],"author":[{"embeddable":true,"href":"https:\/\/elfsight.com\/pl\/wp-json\/wp\/v2\/users\/9"}],"replies":[{"embeddable":true,"href":"https:\/\/elfsight.com\/pl\/wp-json\/wp\/v2\/comments?post=6175"}],"version-history":[{"count":1,"href":"https:\/\/elfsight.com\/pl\/wp-json\/wp\/v2\/pages\/6175\/revisions"}],"predecessor-version":[{"id":6179,"href":"https:\/\/elfsight.com\/pl\/wp-json\/wp\/v2\/pages\/6175\/revisions\/6179"}],"up":[{"embeddable":true,"href":"https:\/\/elfsight.com\/pl\/wp-json\/wp\/v2\/pages\/3416"}],"wp:attachment":[{"href":"https:\/\/elfsight.com\/pl\/wp-json\/wp\/v2\/media?parent=6175"}],"curies":[{"name":"wp","href":"https:\/\/api.w.org\/{rel}","templated":true}]}}