{"id":6174,"date":"1970-01-01T00:00:00","date_gmt":"1970-01-01T00:00:00","guid":{"rendered":"https:\/\/elfsight.com\/pl\/?page_id=6174"},"modified":"2025-06-26T16:59:26","modified_gmt":"2025-06-26T16:59:26","slug":"squarespace","status":"publish","type":"page","link":"https:\/\/elfsight.com\/pl\/qr-code-widget\/squarespace\/","title":{"rendered":"QR Code &#8211; Squarespace"},"content":{"rendered":"<div class=\"application-platform-content-item-description application-platform-content-item\" id=\"description\" data-nav-section=\"description\"> <h2>Osad\u017a kod QR w Squarespace za pomoc\u0105 wid\u017cetu Elfsight<\/h2> <p>Kod QR Elfsight to pot\u0119\u017cna wtyczka do Squarespace umo\u017cliwiaj\u0105ca natychmiastowe przekierowanie u\u017cytkownikom do dowolnej witryny, udost\u0119pniaj \u0142\u0105cze, swoj\u0105 lokalizacj\u0119, adres e-mail, plik i wiele innych. Wtyczka jest niezwykle elastyczna: mo\u017cesz do\u0142\u0105czy\u0107 tytu\u0142, podpis, wybra\u0107 ikon\u0119 i typ logo &#8211; z naszej biblioteki lub przes\u0142a\u0107 w\u0142asne, przemalowa\u0107 tekst, t\u0142o, ramk\u0119 i zmieni\u0107 rozmiar wid\u017cetu tak, aby pasowa\u0142 do Twojej witryny. Wszystko, co musisz zrobi\u0107, to zacz\u0105\u0107 kszta\u0142towa\u0107 swoje spersonalizowane narz\u0119dzie \u2013 instalacja jest prosta i nie b\u0119dzie wymaga\u0107 od Ciebie \u017cadnych umiej\u0119tno\u015bci kodowania. <\/p> <p><b>Zintegruj generator kod\u00f3w QR ze swoj\u0105 witryn\u0105 Squarespace i kieruj odwiedzaj\u0105cych bezpo\u015brednio tam, gdzie chcesz, oraz usprawnij korzystanie z tre\u015bci<\/b><\/p> <\/div> <div class=\"application-platform-content-item-\u201efunkcje\u201d application-platform-content-item\" id=\"\u201efunkcje\u201d\" data-nav-section=\"\u201efunkcje\u201d\"> <h2>Wy\u015bwietl list\u0119 najwa\u017cniejszych funkcji: <\/h2> <ul><li>Natychmiastowy dost\u0119p do tre\u015bci<\/li><li>Do\u0142\u0105cz dowolny tekst<\/li><li>8 prze\u0142\u0105czalnych logo <\/li><li>Dost\u0119pnych 15 prze\u0142\u0105czalnych ikon<\/li><li>Pokoloruj ponownie wszystkie cz\u0119\u015bci wid\u017cetu<\/li><\/ul><p><a href=\"#demo\">Wypr\u00f3buj w pe\u0142ni wszystkie funkcje personalizacji -funkcyjne demo<\/a><\/p> <\/div> <div class=\"application-platform-content-item-installation application-platform-content-item\" id=\"installation\" data-nav-section=\"installation\"> <h2>Jak doda\u0107 kod QR do mojej witryny Squarespace?<\/h2> <p>Wystarczy zastosowa\u0107 si\u0119 do poni\u017cszych instrukcji, aby zintegrowa\u0107 wtyczk\u0119.<\/p> <ol><li><b>Otw\u00f3rz nasze bezp\u0142atne demo i zacznij tworzy\u0107 w\u0142asn\u0105 wtyczk\u0119.<\/b><br> Okre\u015bl preferowany wygl\u0105d i funkcje wid\u017cetu oraz zapisz poprawki.<\/b><br> li&gt; <li><b>Odbierz indywidualny kod widoczny w pude\u0142ku w aplikacjach Elfsight. <\/b><br> Po zako\u0144czeniu konfiguracji wid\u017cetu skopiuj kod osobisty z wy\u015bwietlonego pola i zachowaj go na przysz\u0142o\u015b\u0107.<\/li> <li><b>Rozpocznij stosowanie wtyczki na stronie Squarespace. <\/b><br> Wprowad\u017a zapisany wcze\u015bniej kod na swojej stronie g\u0142\u00f3wnej i zastosuj poprawki.<\/li> <li><b>Gotowe! Integracja zosta\u0142a ca\u0142kowicie zako\u0144czona.<\/b><br> Przejd\u017a na swoj\u0105 stron\u0119, aby sprawdzi\u0107 dzia\u0142anie wtyczki.<\/li><\/ol> <p>W przypadku pyta\u0144 lub napotkania trudno\u015bci, prosimy o z\u0142o\u017cenie wniosku nasz zesp\u00f3\u0142 obs\u0142ugi klienta. Nasi konsultanci z przyjemno\u015bci\u0105 rozwi\u0105\u017c\u0105 wszystkie problemy, jakie mo\u017cesz mie\u0107 z wtyczk\u0105.<\/p> <div class=\"faq\" data-component=\"FAQ\"><div class=\"faq-item\">\r\n\t\t\t\t\t<div class=\"faq-item-question\">\r\n\t\t\t\t\t\t<h3 class=\"faq-item-question-text\">Czy istnieje spos\u00f3b na osadzenie kodu QR na mojej stronie Squarespace bez znajomo\u015bci kodowania?<\/h3>\r\n\r\n\t\t\t\t\t\t<div class=\"faq-item-question-icon\"><\/div>\r\n\t\t\t\t\t<\/div>\r\n\r\n\t\t\t\t\t<div class=\"faq-item-answer\">\r\n\t\t\t\t\t\t<div class=\"faq-item-answer-text\"> <p> Elfsight wprowadza rozwi\u0105zanie, kt\u00f3re umo\u017cliwia u\u017cytkownikom samodzielne utworzenie aplikacji z kodem QR. Przekonaj si\u0119, jak \u0142atwy jest ten proces: Przejd\u017a do edytora na \u017cywo, aby utworzy\u0107 sekcj\u0119 kodu QR, kt\u00f3r\u0105 chcesz osadzi\u0107 na swojej stronie internetowej Squarespace. Wybierz jeden z gotowych szablon\u00f3w i zmie\u0144 ustawienia QR Code, zmie\u0144 uk\u0142ad i kolor element\u00f3w, dodaj swoj\u0105 tre\u015b\u0107, bez kodowania. Zapisz kod QR i uzyskaj jego kod instalacyjny, kt\u00f3ry mo\u017cna \u0142atwo osadzi\u0107 w witrynie Squarespace w ramach bezp\u0142atnego planu. Pracuj\u0105c w naszym prostym edytorze, ka\u017cdy u\u017cytkownik Internetu mo\u017ce utworzy\u0107 kod QR i \u0142atwo osadzi\u0107 go na dowolnej witrynie Squarespace. Aby uzyska\u0107 dost\u0119p do us\u0142ugi Elfsight, nie trzeba wykupi\u0107 p\u0142atnej subskrypcji ani podawa\u0107 danych uwierzytelniaj\u0105cych karty. Je\u015bli napotkasz jakiekolwiek problemy, nie wahaj si\u0119 skontaktowa\u0107 z naszym zespo\u0142em pomocy technicznej.<\/p> <\/div>\r\n\t\t\t\t\t<\/div>\r\n\t\t\t\t<\/div> <\/div><\/div>","protected":false},"excerpt":{"rendered":"","protected":false},"author":9,"featured_media":0,"parent":3416,"menu_order":0,"comment_status":"closed","ping_status":"closed","template":"templates\/template-application-platform.php","meta":{"publish_to_discourse":"","publish_post_category":"","wpdc_auto_publish_overridden":"","wpdc_topic_tags":"","wpdc_pin_topic":"","wpdc_pin_until":"","discourse_post_id":"","discourse_permalink":"","wpdc_publishing_response":"","wpdc_publishing_error":"","footnotes":""},"class_list":["post-6174","page","type-page","status-publish","hentry"],"yoast_head":"<!-- This site is optimized with the Yoast SEO plugin v25.3.1 - https:\/\/yoast.com\/wordpress\/plugins\/seo\/ -->\n<title>Generator kod\u00f3w QR - Dodaj wtyczk\u0119 kodu QR do Squarespace [2025]<\/title>\n<meta name=\"description\" content=\"Szybko zbuduj sw\u00f3j niestandardowy generator kod\u00f3w QR dla witryny Squarespace. Po prostu zastosuj nasze demo, a Twoja wtyczka zostanie zbudowana w mniej ni\u017c dwie minuty.\" \/>\n<meta name=\"robots\" content=\"index, follow, max-snippet:-1, max-image-preview:large, max-video-preview:-1\" \/>\n<link rel=\"canonical\" href=\"https:\/\/elfsight.com\/pl\/qr-code-widget\/squarespace\/\" \/>\n<meta property=\"og:locale\" content=\"pl_PL\" \/>\n<meta property=\"og:type\" content=\"article\" \/>\n<meta property=\"og:title\" content=\"Generator kod\u00f3w QR - Dodaj wtyczk\u0119 kodu QR do Squarespace [2025]\" \/>\n<meta property=\"og:description\" content=\"Szybko zbuduj sw\u00f3j niestandardowy generator kod\u00f3w QR dla witryny Squarespace. Po prostu zastosuj nasze demo, a Twoja wtyczka zostanie zbudowana w mniej ni\u017c dwie minuty.\" \/>\n<meta property=\"og:url\" content=\"https:\/\/elfsight.com\/pl\/qr-code-widget\/squarespace\/\" \/>\n<meta property=\"og:site_name\" content=\"Elfsight PL\" \/>\n<meta property=\"article:modified_time\" content=\"2025-06-26T16:59:26+00:00\" \/>\n<meta name=\"twitter:card\" content=\"summary_large_image\" \/>\n<meta name=\"twitter:label1\" content=\"Szacowany czas czytania\" \/>\n\t<meta name=\"twitter:data1\" content=\"3 minuty\" \/>\n<!-- \/ Yoast SEO plugin. -->","yoast_head_json":{"title":"Generator kod\u00f3w QR - Dodaj wtyczk\u0119 kodu QR do Squarespace [2025]","description":"Szybko zbuduj sw\u00f3j niestandardowy generator kod\u00f3w QR dla witryny Squarespace. Po prostu zastosuj nasze demo, a Twoja wtyczka zostanie zbudowana w mniej ni\u017c dwie minuty.","robots":{"index":"index","follow":"follow","max-snippet":"max-snippet:-1","max-image-preview":"max-image-preview:large","max-video-preview":"max-video-preview:-1"},"canonical":"https:\/\/elfsight.com\/pl\/qr-code-widget\/squarespace\/","og_locale":"pl_PL","og_type":"article","og_title":"Generator kod\u00f3w QR - Dodaj wtyczk\u0119 kodu QR do Squarespace [2025]","og_description":"Szybko zbuduj sw\u00f3j niestandardowy generator kod\u00f3w QR dla witryny Squarespace. Po prostu zastosuj nasze demo, a Twoja wtyczka zostanie zbudowana w mniej ni\u017c dwie minuty.","og_url":"https:\/\/elfsight.com\/pl\/qr-code-widget\/squarespace\/","og_site_name":"Elfsight PL","article_modified_time":"2025-06-26T16:59:26+00:00","twitter_card":"summary_large_image","twitter_misc":{"Szacowany czas czytania":"3 minuty"},"schema":{"@context":"https:\/\/schema.org","@graph":[{"@type":"WebPage","@id":"https:\/\/elfsight.com\/pl\/qr-code-widget\/squarespace\/","url":"https:\/\/elfsight.com\/pl\/qr-code-widget\/squarespace\/","name":"Generator kod\u00f3w QR - Dodaj wtyczk\u0119 kodu QR do Squarespace [2025]","isPartOf":{"@id":"https:\/\/elfsight.com\/pl\/#website"},"datePublished":"1970-01-01T00:00:00+00:00","dateModified":"2025-06-26T16:59:26+00:00","description":"Szybko zbuduj sw\u00f3j niestandardowy generator kod\u00f3w QR dla witryny Squarespace. Po prostu zastosuj nasze demo, a Twoja wtyczka zostanie zbudowana w mniej ni\u017c dwie minuty.","breadcrumb":{"@id":"https:\/\/elfsight.com\/pl\/qr-code-widget\/squarespace\/#breadcrumb"},"inLanguage":"pl-PL","potentialAction":[{"@type":"ReadAction","target":["https:\/\/elfsight.com\/pl\/qr-code-widget\/squarespace\/"]}]},{"@type":"BreadcrumbList","@id":"https:\/\/elfsight.com\/pl\/qr-code-widget\/squarespace\/#breadcrumb","itemListElement":[{"@type":"ListItem","position":1,"name":"Home","item":"https:\/\/elfsight.com\/pl\/"},{"@type":"ListItem","position":2,"name":"QR Code","item":"https:\/\/elfsight.com\/pl\/qr-code-widget\/"},{"@type":"ListItem","position":3,"name":"QR Code &#8211; Squarespace"}]},{"@type":"WebSite","@id":"https:\/\/elfsight.com\/pl\/#website","url":"https:\/\/elfsight.com\/pl\/","name":"Elfsight PL","description":"Just another Elfsight Sites site","potentialAction":[{"@type":"SearchAction","target":{"@type":"EntryPoint","urlTemplate":"https:\/\/elfsight.com\/pl\/?s={search_term_string}"},"query-input":{"@type":"PropertyValueSpecification","valueRequired":true,"valueName":"search_term_string"}}],"inLanguage":"pl-PL"}]}},"meta_box":{"industry":"","seo_heading":"","heading":"","description":"","cta_heading":"","cta_description":"","application":"3359","h1":"Generator kod\u00f3w QR Squarespace","h1_caption":"Wygeneruj i wy\u015bwietl kod qr, aby \u0142atwo uzyska\u0107 dost\u0119p do adres\u00f3w URL, sieci Wi-Fi, wizyt\u00f3wek i innych element\u00f3w w witrynie Squarespace.","application_category":[],"applications_title":"","applications_request_title":"","applications_request_button_text":"","hero_text":"","hero_video":"","hero_video_schema_markup":"","selling_points_title":"","selling_points_caption":"","selling_points":[],"selling_points_cta_text":"","features_title":"","features":"","ed_cta_examples_text":"","ed_cta_examples_hidden":"","ed_cta_demo_text":"","ed_cta_demo_hidden":"","why_caption":"","why_editor_title":"","why_editor_text":"","why_team_title":"","why_team_text":"","why_service_title":"","why_service_text":"","template_catalog_visible":"0","template_catalog_title":"","template_catalog_text":"","template_catalog_categories_visible":"","demo_title":"Utw\u00f3rz wtyczk\u0119 z kodem QR","demo_caption":"Skonfiguruj sw\u00f3j kod QR i dodaj go do swojej witryny Squarespace za darmo!","default_faq_hidden":"","app_template_category":[],"platform":"7588","template_public_id":"","codecanyon_url":"","codecanyon_item_id":"","codecanyon_price":"","pricing_caption":"","pricing_elfsight_apps_hide_column":"","pricing_elfsight_apps_url":"","pricing_codecanyon_price_caption":"","integration_category":[],"integration_request_title":"","integration_request_cta":"","integration_platform":"","integrations":[],"platform_category":[],"video_schema_markup":"","price":"od 0 USD \/ miesi\u0105c","trial":"","benefits":[{"text":"Bezp\u0142atna pomoc w instalacji"},{"text":"Wsparcie premium"},{"text":"14-dniowa gwarancja zwrotu pieni\u0119dzy"}],"button_url":"#demo","button_target_blank":"0","button_nofollow":"0","attributes":[{"name":"Instaluje"},{"name":"Czu\u0142y"},{"name":"Kompatybilne przegl\u0105darki"}],"tags":[],"tags_disable_links":"0","hide_more_platforms":"0","video_object":"","demo_hide_cta":"0","demo_hide_cloud_options":"0","pricing_title":"","pricing":[{"pricing_icon":"platform","pricing_title":"Elfsight Apps","pricing_title_caption":"Wersja wieloplatformowa, kt\u00f3ra dzia\u0142a na dowolnej witrynie","pricing_price":"od 0 USD \/ miesi\u0105c","pricing_price_caption":"zacznij od bezp\u0142atnego planu","pricing_benefits":[{"text":"Nielimitowane domeny"},{"text":"Bezp\u0142atne wsparcie firmy"},{"text":"Bezp\u0142atne wsparcie przy instalacji"},{"text":"Elastyczny projekt"}],"pricing_button_text":"Dodaj do witryny","pricing_button_url":"#demo"}],"related_apps_title":"","related_apps_hidden":"0","author":"","image":[],"title":"","job":"","social_networks":[]},"_links":{"self":[{"href":"https:\/\/elfsight.com\/pl\/wp-json\/wp\/v2\/pages\/6174","targetHints":{"allow":["GET"]}}],"collection":[{"href":"https:\/\/elfsight.com\/pl\/wp-json\/wp\/v2\/pages"}],"about":[{"href":"https:\/\/elfsight.com\/pl\/wp-json\/wp\/v2\/types\/page"}],"author":[{"embeddable":true,"href":"https:\/\/elfsight.com\/pl\/wp-json\/wp\/v2\/users\/9"}],"replies":[{"embeddable":true,"href":"https:\/\/elfsight.com\/pl\/wp-json\/wp\/v2\/comments?post=6174"}],"version-history":[{"count":1,"href":"https:\/\/elfsight.com\/pl\/wp-json\/wp\/v2\/pages\/6174\/revisions"}],"predecessor-version":[{"id":6178,"href":"https:\/\/elfsight.com\/pl\/wp-json\/wp\/v2\/pages\/6174\/revisions\/6178"}],"up":[{"embeddable":true,"href":"https:\/\/elfsight.com\/pl\/wp-json\/wp\/v2\/pages\/3416"}],"wp:attachment":[{"href":"https:\/\/elfsight.com\/pl\/wp-json\/wp\/v2\/media?parent=6174"}],"curies":[{"name":"wp","href":"https:\/\/api.w.org\/{rel}","templated":true}]}}