{"id":6173,"date":"1970-01-01T00:00:00","date_gmt":"1970-01-01T00:00:00","guid":{"rendered":"https:\/\/elfsight.com\/pl\/?page_id=6173"},"modified":"2024-11-14T08:58:22","modified_gmt":"2024-11-14T08:58:22","slug":"webflow","status":"publish","type":"page","link":"https:\/\/elfsight.com\/pl\/qr-code-widget\/webflow\/","title":{"rendered":"QR Code &#8211; Webflow"},"content":{"rendered":"<div class=\"application-platform-content-item-description application-platform-content-item\" id=\"description\" data-nav-section=\"description\"> <h2>Osad\u017a kod QR w Webflow za pomoc\u0105 wid\u017cetu Elfsight<\/h2> <p>Kod QR to pot\u0119\u017cne narz\u0119dzie dla Webflow, umo\u017cliwiaj\u0105ce natychmiastowe przekierowanie u\u017cytkownikom do dowolnej strony internetowej, udost\u0119pniaj adres URL, lokalizacj\u0119, adres e-mail, dowolny plik i nie tylko. Widget jest niezwykle konfigurowalny: mo\u017cesz do\u0142\u0105czy\u0107 tytu\u0142, podpis, wybra\u0107 najbardziej pasuj\u0105c\u0105 ikon\u0119 i logo &#8211; z naszej biblioteki lub przes\u0142a\u0107 w\u0142asne, przemalowa\u0107 tekst, t\u0142o, ramk\u0119 i dostosowa\u0107 rozmiar tak, aby pasowa\u0142 do Twojej witryny. Pozostaje tylko rozpocz\u0105\u0107 tworzenie narz\u0119dzia \u2013 instalacja jest prosta i nie b\u0119dzie wymaga\u0107 od Ciebie \u017cadnych umiej\u0119tno\u015bci kodowania. <\/p> <p><b>Wstaw generator kod\u00f3w QR Elfsight do swojej witryny i przenie\u015b u\u017cytkownik\u00f3w bezpo\u015brednio tam, gdzie chcesz, i upro\u015b\u0107 korzystanie z tre\u015bci<\/b><\/p> <\/div> <div class=\"application-platform-content-item- funkcje application-platform-content-item\" id=\" funkcje\" data-nav-section=\" funkcje\"> <h2>Oferujemy zaawansowane i szybkie funkcje, zobacz niekt\u00f3re z nich: <\/h2> <ul><li>Natychmiastowy dost\u0119p do przes\u0142anych tre\u015bci<\/li><li>Do\u0142\u0105cz dowolny tekst<\/li> <li>8 prze\u0142\u0105czalnych logo<\/li><li>Dost\u0119pnych jest 15 prze\u0142\u0105czalnych ikon<\/li><li>Pokoloruj ponownie wszystkie cz\u0119\u015bci wid\u017cetu<\/li><\/ul><p><a href=\"#demo\">Ty mo\u017cesz sprawdzi\u0107, jakie mo\u017cliwo\u015bci widget oferuje za pomoc\u0105 wersji demonstracyjnej<\/a><\/p> <\/div> <div class=\"application-platform-content-item-installation application-platform-content-item\" id=\"installation\" data-nav-section=\"installation\"> <h2>Jak osadzi\u0107 kod QR w mojej witrynie Webflow? <\/h2> <p>Wystarczy zastosowa\u0107 si\u0119 do poni\u017cszych instrukcji, aby aktywowa\u0107 widget.<\/p> <ol><li><b>Skorzystaj z naszego bezp\u0142atnego konfiguratora i zacznij tworzy\u0107 sw\u00f3j unikalny widget. <\/b><br> Znajd\u017a niestandardowy wygl\u0105d i funkcje wid\u017cetu i zapisz zmiany. <\/li> <li><b>Wy\u015bwietl sw\u00f3j indywidualny kod w oknie aplikacji Elfsight. <\/b><br> Zaraz po zako\u0144czeniu tworzenia wtyczki skopiuj indywidualny kod w pojawiaj\u0105cym si\u0119 oknie i zapisz go do wykorzystania w przysz\u0142o\u015bci. <\/li> <li><b>Rozpocznij korzystanie z narz\u0119dzia w witrynie Webflow. <\/b><br> Zaimplementuj zapisany ostatnio kod na swojej stronie i zapisz zmiany. <\/li> <li><b>Gotowe! Konfiguracja zosta\u0142a ca\u0142kowicie zako\u0144czona. <\/b><br> Przejd\u017a na swoj\u0105 stron\u0119 i zobacz w akcji, jak dzia\u0142a widget. <\/li><\/ol> <p>W przypadku pyta\u0144 lub napotkania przeszk\u00f3d nie wahaj si\u0119 zwr\u00f3ci\u0107 do naszego personelu obs\u0142ugi klienta. Nasi konsultanci ch\u0119tnie odpowiedz\u0105 na wszystkie pytania, jakie mo\u017cesz mie\u0107 w zwi\u0105zku z tym narz\u0119dziem. <\/p> <div class=\"faq\" data-component=\"FAQ\"><div class=\"faq-item\">\r\n\t\t\t\t\t<div class=\"faq-item-question\">\r\n\t\t\t\t\t\t<h3 class=\"faq-item-question-text\">W jaki spos\u00f3b mog\u0119 doda\u0107 kod QR do mojego Webflow bez kodowania?<\/h3>\r\n\r\n\t\t\t\t\t\t<div class=\"faq-item-question-icon\"><\/div>\r\n\t\t\t\t\t<\/div>\r\n\r\n\t\t\t\t\t<div class=\"faq-item-answer\">\r\n\t\t\t\t\t\t<div class=\"faq-item-answer-text\"> <p>Firma Elfsight zapewnia rozwi\u0105zanie w chmurze, kt\u00f3re umo\u017cliwia w\u0142a\u015bcicielom witryn samodzielne utworzenie wtyczki kodu QR, odkryj proste kroki: Rozpocznij prac\u0119 bezpo\u015brednio w edytorze na \u017cywo, aby wygenerowa\u0107 wid\u017cet kodu QR, kt\u00f3ry chcesz doda\u0107 na stronie internetowej Webflow. Wybierz jeden z wst\u0119pnie zaprojektowanych szablon\u00f3w i zmie\u0144 ustawienia kodu QR, dodaj tre\u015b\u0107, zmie\u0144 uk\u0142ad i schemat kolor\u00f3w bez do\u015bwiadczenia w kodowaniu. Zapisz wprowadzone ustawienia w kodzie QR i uzyskaj jego kod do instalacji, kt\u00f3ry mo\u017cesz \u0142atwo i bezp\u0142atnie doda\u0107 w dowolnej witrynie Webflow. Dzi\u0119ki naszemu \u0142atwemu w u\u017cyciu edytorowi ka\u017cdy u\u017cytkownik Internetu mo\u017ce zbudowa\u0107 kod QR i po prostu umie\u015bci\u0107 go na dowolnej stronie g\u0142\u00f3wnej Webflow. Aby skorzysta\u0107 z us\u0142ugi Elfsight, nie trzeba p\u0142aci\u0107 ani ujawnia\u0107 danych uwierzytelniaj\u0105cych karty. Je\u015bli napotkasz jakiekolwiek problemy, skontaktuj si\u0119 z naszym personelem pomocy technicznej.<\/p> <\/div>\r\n\t\t\t\t\t<\/div>\r\n\t\t\t\t<\/div> <\/div><\/div>","protected":false},"excerpt":{"rendered":"","protected":false},"author":9,"featured_media":0,"parent":3416,"menu_order":0,"comment_status":"closed","ping_status":"closed","template":"templates\/template-application-platform.php","meta":{"publish_to_discourse":"","publish_post_category":"","wpdc_auto_publish_overridden":"","wpdc_topic_tags":"","wpdc_pin_topic":"","wpdc_pin_until":"","discourse_post_id":"","discourse_permalink":"","wpdc_publishing_response":"","wpdc_publishing_error":"","footnotes":""},"class_list":["post-6173","page","type-page","status-publish","hentry"],"yoast_head":"<!-- This site is optimized with the Yoast SEO plugin v25.3.1 - https:\/\/yoast.com\/wordpress\/plugins\/seo\/ -->\n<title>Generator kod\u00f3w QR - Dodaj wid\u017cet kodu QR do Webflow [2025]<\/title>\n<meta name=\"description\" content=\"Z \u0142atwo\u015bci\u0105 utw\u00f3rz w\u0142asny generator kod\u00f3w QR dla witryny Webflow. Po prostu zastosuj nasze aktywne demo, a Tw\u00f3j widget zostanie zbudowany w mniej ni\u017c dwie minuty.\" \/>\n<meta name=\"robots\" content=\"index, follow, max-snippet:-1, max-image-preview:large, max-video-preview:-1\" \/>\n<link rel=\"canonical\" href=\"https:\/\/elfsight.com\/pl\/qr-code-widget\/webflow\/\" \/>\n<meta property=\"og:locale\" content=\"pl_PL\" \/>\n<meta property=\"og:type\" content=\"article\" \/>\n<meta property=\"og:title\" content=\"Generator kod\u00f3w QR - Dodaj wid\u017cet kodu QR do Webflow [2025]\" \/>\n<meta property=\"og:description\" content=\"Z \u0142atwo\u015bci\u0105 utw\u00f3rz w\u0142asny generator kod\u00f3w QR dla witryny Webflow. Po prostu zastosuj nasze aktywne demo, a Tw\u00f3j widget zostanie zbudowany w mniej ni\u017c dwie minuty.\" \/>\n<meta property=\"og:url\" content=\"https:\/\/elfsight.com\/pl\/qr-code-widget\/webflow\/\" \/>\n<meta property=\"og:site_name\" content=\"Elfsight PL\" \/>\n<meta property=\"article:modified_time\" content=\"2024-11-14T08:58:22+00:00\" \/>\n<meta name=\"twitter:card\" content=\"summary_large_image\" \/>\n<meta name=\"twitter:label1\" content=\"Szacowany czas czytania\" \/>\n\t<meta name=\"twitter:data1\" content=\"3 minuty\" \/>\n<!-- \/ Yoast SEO plugin. -->","yoast_head_json":{"title":"Generator kod\u00f3w QR - Dodaj wid\u017cet kodu QR do Webflow [2025]","description":"Z \u0142atwo\u015bci\u0105 utw\u00f3rz w\u0142asny generator kod\u00f3w QR dla witryny Webflow. Po prostu zastosuj nasze aktywne demo, a Tw\u00f3j widget zostanie zbudowany w mniej ni\u017c dwie minuty.","robots":{"index":"index","follow":"follow","max-snippet":"max-snippet:-1","max-image-preview":"max-image-preview:large","max-video-preview":"max-video-preview:-1"},"canonical":"https:\/\/elfsight.com\/pl\/qr-code-widget\/webflow\/","og_locale":"pl_PL","og_type":"article","og_title":"Generator kod\u00f3w QR - Dodaj wid\u017cet kodu QR do Webflow [2025]","og_description":"Z \u0142atwo\u015bci\u0105 utw\u00f3rz w\u0142asny generator kod\u00f3w QR dla witryny Webflow. Po prostu zastosuj nasze aktywne demo, a Tw\u00f3j widget zostanie zbudowany w mniej ni\u017c dwie minuty.","og_url":"https:\/\/elfsight.com\/pl\/qr-code-widget\/webflow\/","og_site_name":"Elfsight PL","article_modified_time":"2024-11-14T08:58:22+00:00","twitter_card":"summary_large_image","twitter_misc":{"Szacowany czas czytania":"3 minuty"},"schema":{"@context":"https:\/\/schema.org","@graph":[{"@type":"WebPage","@id":"https:\/\/elfsight.com\/pl\/qr-code-widget\/webflow\/","url":"https:\/\/elfsight.com\/pl\/qr-code-widget\/webflow\/","name":"Generator kod\u00f3w QR - Dodaj wid\u017cet kodu QR do Webflow [2025]","isPartOf":{"@id":"https:\/\/elfsight.com\/pl\/#website"},"datePublished":"1970-01-01T00:00:00+00:00","dateModified":"2024-11-14T08:58:22+00:00","description":"Z \u0142atwo\u015bci\u0105 utw\u00f3rz w\u0142asny generator kod\u00f3w QR dla witryny Webflow. Po prostu zastosuj nasze aktywne demo, a Tw\u00f3j widget zostanie zbudowany w mniej ni\u017c dwie minuty.","breadcrumb":{"@id":"https:\/\/elfsight.com\/pl\/qr-code-widget\/webflow\/#breadcrumb"},"inLanguage":"pl-PL","potentialAction":[{"@type":"ReadAction","target":["https:\/\/elfsight.com\/pl\/qr-code-widget\/webflow\/"]}]},{"@type":"BreadcrumbList","@id":"https:\/\/elfsight.com\/pl\/qr-code-widget\/webflow\/#breadcrumb","itemListElement":[{"@type":"ListItem","position":1,"name":"Home","item":"https:\/\/elfsight.com\/pl\/"},{"@type":"ListItem","position":2,"name":"QR Code","item":"https:\/\/elfsight.com\/pl\/qr-code-widget\/"},{"@type":"ListItem","position":3,"name":"QR Code &#8211; Webflow"}]},{"@type":"WebSite","@id":"https:\/\/elfsight.com\/pl\/#website","url":"https:\/\/elfsight.com\/pl\/","name":"Elfsight PL","description":"Just another Elfsight Sites site","potentialAction":[{"@type":"SearchAction","target":{"@type":"EntryPoint","urlTemplate":"https:\/\/elfsight.com\/pl\/?s={search_term_string}"},"query-input":{"@type":"PropertyValueSpecification","valueRequired":true,"valueName":"search_term_string"}}],"inLanguage":"pl-PL"}]}},"meta_box":{"industry":"","seo_heading":"","heading":"","description":"","cta_heading":"","cta_description":"","application":"3359","h1":"Generator kod\u00f3w QR Webflow","h1_caption":"Wygeneruj i wy\u015bwietl kod qr, aby \u0142atwo uzyska\u0107 dost\u0119p do adres\u00f3w URL, Wi-Fi, wizyt\u00f3wek i nie tylko w swojej witrynie Webflow.","application_category":[],"applications_title":"","applications_request_title":"","applications_request_button_text":"","hero_text":"","hero_video":"","hero_video_schema_markup":"","selling_points_title":"","selling_points_caption":"","selling_points":[],"selling_points_cta_text":"","features_title":"","features":"","ed_cta_examples_text":"","ed_cta_examples_hidden":"","ed_cta_demo_text":"","ed_cta_demo_hidden":"","why_caption":"","why_editor_title":"","why_editor_text":"","why_team_title":"","why_team_text":"","why_service_title":"","why_service_text":"","template_catalog_visible":"","template_catalog_title":"","template_catalog_text":"","template_catalog_categories_visible":"","demo_title":"Utw\u00f3rz wid\u017cet z kodem QR","demo_caption":"Skonfiguruj sw\u00f3j kod QR i dodaj go za darmo do swojej witryny Webflow!","default_faq_hidden":"","app_template_category":[],"platform":"127","template_public_id":"","codecanyon_url":"","codecanyon_item_id":"","codecanyon_price":"","pricing_caption":"","pricing_elfsight_apps_hide_column":"","pricing_elfsight_apps_url":"","pricing_codecanyon_price_caption":"","integration_category":[],"integration_request_title":"","integration_request_cta":"","integration_platform":"","integrations":[],"platform_category":[],"video_schema_markup":"","price":"od 0 USD \/ miesi\u0105c","trial":"","benefits":[{"text":"Bezp\u0142atna us\u0142uga monta\u017cu"},{"text":"Wyj\u0105tkowe wsparcie"},{"text":"14-dniowa gwarancja zwrotu pieni\u0119dzy"}],"button_url":"#demo","button_target_blank":"","button_nofollow":"","attributes":[{"name":"Instaluje"},{"name":"Czu\u0142y"},{"name":"Kompatybilne przegl\u0105darki"}],"tags":[],"tags_disable_links":"","hide_more_platforms":"","video_object":"","demo_hide_cta":"","demo_hide_cloud_options":"","pricing_title":"","pricing":[{"pricing_icon":"platform","pricing_title":"Elfsight Apps","pricing_title_caption":"Rozwi\u0105zanie wieloplatformowe, kt\u00f3re pasuje do ka\u017cdej witryny","pricing_price":"od 0 USD \/ miesi\u0105c","pricing_price_caption":"zacznij od bezp\u0142atnego planu","pricing_benefits":[{"text":"Nieograniczona liczba domen"},{"text":"Bezp\u0142atne i terminowe wsparcie"},{"text":"Bezp\u0142atna pomoc w instalacji"},{"text":"Oferta specjalna na wiele aplikacji"}],"pricing_button_text":"Dodaj do witryny","pricing_button_url":"#demo"}],"related_apps_title":"","related_apps_hidden":"","author":"","image":[],"title":"","job":"","social_networks":[]},"_links":{"self":[{"href":"https:\/\/elfsight.com\/pl\/wp-json\/wp\/v2\/pages\/6173","targetHints":{"allow":["GET"]}}],"collection":[{"href":"https:\/\/elfsight.com\/pl\/wp-json\/wp\/v2\/pages"}],"about":[{"href":"https:\/\/elfsight.com\/pl\/wp-json\/wp\/v2\/types\/page"}],"author":[{"embeddable":true,"href":"https:\/\/elfsight.com\/pl\/wp-json\/wp\/v2\/users\/9"}],"replies":[{"embeddable":true,"href":"https:\/\/elfsight.com\/pl\/wp-json\/wp\/v2\/comments?post=6173"}],"version-history":[{"count":1,"href":"https:\/\/elfsight.com\/pl\/wp-json\/wp\/v2\/pages\/6173\/revisions"}],"predecessor-version":[{"id":6177,"href":"https:\/\/elfsight.com\/pl\/wp-json\/wp\/v2\/pages\/6173\/revisions\/6177"}],"up":[{"embeddable":true,"href":"https:\/\/elfsight.com\/pl\/wp-json\/wp\/v2\/pages\/3416"}],"wp:attachment":[{"href":"https:\/\/elfsight.com\/pl\/wp-json\/wp\/v2\/media?parent=6173"}],"curies":[{"name":"wp","href":"https:\/\/api.w.org\/{rel}","templated":true}]}}