{"id":6167,"date":"2024-05-03T06:45:10","date_gmt":"2024-05-03T06:45:10","guid":{"rendered":"https:\/\/elfsight.com\/pl\/?page_id=6167"},"modified":"2024-11-14T08:58:13","modified_gmt":"2024-11-14T08:58:13","slug":"weebly","status":"publish","type":"page","link":"https:\/\/elfsight.com\/pl\/qr-code-widget\/weebly\/","title":{"rendered":"QR Code &#8211; Weebly"},"content":{"rendered":"<div class=\"application-platform-content-item-description application-platform-content-item\" id=\"description\" data-nav-section=\"description\"> <h2>Opis<\/h2> <p>Generator kod\u00f3w QR to imponuj\u0105ce narz\u0119dzie dla Weebly, umo\u017cliwiaj\u0105ce szybkie przekierowywanie odwiedzaj\u0105cych do dowolnej witryny internetowej, udost\u0119pnianie link, lokalizacja, adres e-mail, plik i inne. Wid\u017cet jest niezwykle konfigurowalny: mo\u017cesz do\u0142\u0105czy\u0107 tytu\u0142, podpis, wybra\u0107 ikon\u0119 i logo, korzystaj\u0105c z naszej biblioteki lub przes\u0142a\u0107 w\u0142asne, zmieni\u0107 kolor tekstu, t\u0142a, ramki i zmieni\u0107 rozmiar tak, aby pasowa\u0142 do Twojej witryny. Pozostaje tylko rozpocz\u0105\u0107 tworzenie widgetu \u2013 instalacja jest prosta i nie b\u0119dzie wymaga\u0107 od Ciebie umiej\u0119tno\u015bci kodowania. <\/p> <p><b>Wstaw kod QR do swojej witryny i przekieruj odwiedzaj\u0105cych bezpo\u015brednio tam, gdzie chcesz, i usprawnij korzystanie z tre\u015bci<\/b><\/p> <\/div> <div class=\"application-platform-content-item-features  application-platform-content-item\" id=\"features \" data-nav-section=\"features \"> <h2>Oto podstawowe funkcje wid\u017cetu: <\/h2> <ul><li>Natychmiastowy dost\u0119p do przes\u0142anych tre\u015bci<\/li><li>Do\u0142\u0105cz dowolny tekst<\/li><li>8 prze\u0142\u0105czanych logos<\/li><li>Pi\u0119tna\u015bcie wymiennych ikon do wyboru<\/li><li>Przemaluj wszystkie cz\u0119\u015bci<\/li><\/ul><p><a href=\"#demo\">Mo\u017cesz wypr\u00f3bowa\u0107 pe\u0142ne mo\u017cliwo\u015bci wid\u017cetu w wersji demonstracyjnej na tej stronie<\/a><\/p> <\/div> <div class=\"application-platform-content-item-installation application-platform-content-item\" id=\"installation\" data-nav-section=\"installation\"> <h2>Jak osadzi\u0107 kod QR na mojej stronie internetowej Weebly? <\/h2> <p>Wystarczy wykona\u0107 poni\u017csze kroki, aby osadzi\u0107 wtyczk\u0119. <\/p> <ol><li><b>Uruchom nasz bezp\u0142atny konfigurator i zacznij tworzy\u0107 swoj\u0105 spersonalizowan\u0105 aplikacj\u0119. <\/b><br> Wybierz niestandardowy interfejs i aspekty aplikacji i zapisz wszystkie zmiany. <\/li> <li><b>Odbierz sw\u00f3j osobisty kod pojawiaj\u0105cy si\u0119 w specjalnym formularzu w aplikacjach Elfsight. <\/b><br> Zaraz po zako\u0144czeniu tworzenia aplikacji skopiuj indywidualny kod w wy\u015bwietlonym oknie i zapisz go do p\u00f3\u017aniejszego wykorzystania. <\/li> <li><b>Wyra\u017a ch\u0119\u0107 korzystania z aplikacji na swojej stronie internetowej Weebly. <\/b><br> Umie\u015b\u0107 ostatnio skopiowany kod na swojej stronie i zapisz poprawki. <\/li> <li><b>Gotowe! Integracja zosta\u0142a w pe\u0142ni uko\u0144czona. <\/b><br> Otw\u00f3rz swoj\u0105 stron\u0119 internetow\u0105, aby sprawdzi\u0107 dzia\u0142anie aplikacji. <\/li><\/ol><p>Je\u015bli napotkasz jakiekolwiek problemy, nie wahaj si\u0119 zwr\u00f3ci\u0107 o pomoc do naszego zespo\u0142u wsparcia. Nasi specjali\u015bci ch\u0119tnie odpowiedz\u0105 na wszystkie pytania, jakie mo\u017cesz mie\u0107 w zwi\u0105zku z produktem. <\/p> <div class=\"faq\" data-component=\"FAQ\"><div class=\"faq-item\">\r\n\t\t\t\t\t<div class=\"faq-item-question\">\r\n\t\t\t\t\t\t<h3 class=\"faq-item-question-text\">Czy istnieje mo\u017cliwo\u015b\u0107 dodania kodu QR do mojej strony g\u0142\u00f3wnej Weebly bez umiej\u0119tno\u015bci kodowania?<\/h3>\r\n\r\n\t\t\t\t\t\t<div class=\"faq-item-question-icon\"><\/div>\r\n\t\t\t\t\t<\/div>\r\n\r\n\t\t\t\t\t<div class=\"faq-item-answer\">\r\n\t\t\t\t\t\t<div class=\"faq-item-answer-text\"> <p>Elfsight dostarcza rozwi\u0105zanie, kt\u00f3re umo\u017cliwia u\u017cytkownikom samodzielne utworzenie wid\u017cetu kodu QR, zobacz prosty przewodnik: Rozpocznij prac\u0119 bezpo\u015brednio w edytorze na \u017cywo, aby wygenerowa\u0107 wid\u017cet kodu QR, kt\u00f3ry chcesz zobaczy\u0107 na stronie Weebly. Zdecyduj si\u0119 na jeden z gotowych szablon\u00f3w i zmie\u0144 ustawienia kodu QR, dodaj tre\u015b\u0107, zmie\u0144 uk\u0142ad i kolory, nie maj\u0105c do\u015bwiadczenia w kodowaniu. Zapisz kod QR i uzyskaj jego kod do umieszczenia, kt\u00f3ry mo\u017cesz \u0142atwo i bezp\u0142atnie umie\u015bci\u0107 na stronie Weebly. Korzystaj\u0105c z naszego intuicyjnego konfiguratora, ka\u017cdy u\u017cytkownik Internetu mo\u017ce utworzy\u0107 kod QR i bez problemu umie\u015bci\u0107 go na stronie Weebly. Aby wej\u015b\u0107 do Edytora, nie trzeba wykupi\u0107 p\u0142atnej subskrypcji ani ujawnia\u0107 danych uwierzytelniaj\u0105cych karty. Je\u015bli na kt\u00f3rymkolwiek etapie napotkasz jakiekolwiek problemy, skontaktuj si\u0119 z naszym dzia\u0142em obs\u0142ugi klienta.<\/p> <\/div>\r\n\t\t\t\t\t<\/div>\r\n\t\t\t\t<\/div> <\/div><\/div>","protected":false},"excerpt":{"rendered":"","protected":false},"author":9,"featured_media":0,"parent":3416,"menu_order":0,"comment_status":"closed","ping_status":"closed","template":"templates\/template-application-platform.php","meta":{"publish_to_discourse":"","publish_post_category":"","wpdc_auto_publish_overridden":"","wpdc_topic_tags":"","wpdc_pin_topic":"","wpdc_pin_until":"","discourse_post_id":"","discourse_permalink":"","wpdc_publishing_response":"","wpdc_publishing_error":"","footnotes":""},"class_list":["post-6167","page","type-page","status-publish","hentry"],"yoast_head":"<!-- This site is optimized with the Yoast SEO plugin v25.3.1 - https:\/\/yoast.com\/wordpress\/plugins\/seo\/ -->\n<title>Generator kod\u00f3w QR - Utw\u00f3rz kod QR dla witryny Weebly [2025]<\/title>\n<meta name=\"description\" content=\"Z \u0142atwo\u015bci\u0105 zbuduj sw\u00f3j unikalny generator kod\u00f3w QR dla witryny Weebly. Po prostu skorzystaj z naszego aktywnego demo, a Twoja aplikacja zostanie zbudowana w mniej ni\u017c dwie minuty.\" \/>\n<meta name=\"robots\" content=\"index, follow, max-snippet:-1, max-image-preview:large, max-video-preview:-1\" \/>\n<link rel=\"canonical\" href=\"https:\/\/elfsight.com\/pl\/qr-code-widget\/weebly\/\" \/>\n<meta property=\"og:locale\" content=\"pl_PL\" \/>\n<meta property=\"og:type\" content=\"article\" \/>\n<meta property=\"og:title\" content=\"Generator kod\u00f3w QR - Utw\u00f3rz kod QR dla witryny Weebly [2025]\" \/>\n<meta property=\"og:description\" content=\"Z \u0142atwo\u015bci\u0105 zbuduj sw\u00f3j unikalny generator kod\u00f3w QR dla witryny Weebly. Po prostu skorzystaj z naszego aktywnego demo, a Twoja aplikacja zostanie zbudowana w mniej ni\u017c dwie minuty.\" \/>\n<meta property=\"og:url\" content=\"https:\/\/elfsight.com\/pl\/qr-code-widget\/weebly\/\" \/>\n<meta property=\"og:site_name\" content=\"Elfsight PL\" \/>\n<meta property=\"article:modified_time\" content=\"2024-11-14T08:58:13+00:00\" \/>\n<meta name=\"twitter:card\" content=\"summary_large_image\" \/>\n<meta name=\"twitter:label1\" content=\"Szacowany czas czytania\" \/>\n\t<meta name=\"twitter:data1\" content=\"3 minuty\" \/>\n<!-- \/ Yoast SEO plugin. -->","yoast_head_json":{"title":"Generator kod\u00f3w QR - Utw\u00f3rz kod QR dla witryny Weebly [2025]","description":"Z \u0142atwo\u015bci\u0105 zbuduj sw\u00f3j unikalny generator kod\u00f3w QR dla witryny Weebly. Po prostu skorzystaj z naszego aktywnego demo, a Twoja aplikacja zostanie zbudowana w mniej ni\u017c dwie minuty.","robots":{"index":"index","follow":"follow","max-snippet":"max-snippet:-1","max-image-preview":"max-image-preview:large","max-video-preview":"max-video-preview:-1"},"canonical":"https:\/\/elfsight.com\/pl\/qr-code-widget\/weebly\/","og_locale":"pl_PL","og_type":"article","og_title":"Generator kod\u00f3w QR - Utw\u00f3rz kod QR dla witryny Weebly [2025]","og_description":"Z \u0142atwo\u015bci\u0105 zbuduj sw\u00f3j unikalny generator kod\u00f3w QR dla witryny Weebly. Po prostu skorzystaj z naszego aktywnego demo, a Twoja aplikacja zostanie zbudowana w mniej ni\u017c dwie minuty.","og_url":"https:\/\/elfsight.com\/pl\/qr-code-widget\/weebly\/","og_site_name":"Elfsight PL","article_modified_time":"2024-11-14T08:58:13+00:00","twitter_card":"summary_large_image","twitter_misc":{"Szacowany czas czytania":"3 minuty"},"schema":{"@context":"https:\/\/schema.org","@graph":[{"@type":"WebPage","@id":"https:\/\/elfsight.com\/pl\/qr-code-widget\/weebly\/","url":"https:\/\/elfsight.com\/pl\/qr-code-widget\/weebly\/","name":"Generator kod\u00f3w QR - Utw\u00f3rz kod QR dla witryny Weebly [2025]","isPartOf":{"@id":"https:\/\/elfsight.com\/pl\/#website"},"datePublished":"2024-05-03T06:45:10+00:00","dateModified":"2024-11-14T08:58:13+00:00","description":"Z \u0142atwo\u015bci\u0105 zbuduj sw\u00f3j unikalny generator kod\u00f3w QR dla witryny Weebly. Po prostu skorzystaj z naszego aktywnego demo, a Twoja aplikacja zostanie zbudowana w mniej ni\u017c dwie minuty.","breadcrumb":{"@id":"https:\/\/elfsight.com\/pl\/qr-code-widget\/weebly\/#breadcrumb"},"inLanguage":"pl-PL","potentialAction":[{"@type":"ReadAction","target":["https:\/\/elfsight.com\/pl\/qr-code-widget\/weebly\/"]}]},{"@type":"BreadcrumbList","@id":"https:\/\/elfsight.com\/pl\/qr-code-widget\/weebly\/#breadcrumb","itemListElement":[{"@type":"ListItem","position":1,"name":"Home","item":"https:\/\/elfsight.com\/pl\/"},{"@type":"ListItem","position":2,"name":"QR Code","item":"https:\/\/elfsight.com\/pl\/qr-code-widget\/"},{"@type":"ListItem","position":3,"name":"QR Code &#8211; Weebly"}]},{"@type":"WebSite","@id":"https:\/\/elfsight.com\/pl\/#website","url":"https:\/\/elfsight.com\/pl\/","name":"Elfsight PL","description":"Just another Elfsight Sites site","potentialAction":[{"@type":"SearchAction","target":{"@type":"EntryPoint","urlTemplate":"https:\/\/elfsight.com\/pl\/?s={search_term_string}"},"query-input":{"@type":"PropertyValueSpecification","valueRequired":true,"valueName":"search_term_string"}}],"inLanguage":"pl-PL"}]}},"meta_box":{"industry":"","seo_heading":"","heading":"","description":"","cta_heading":"","cta_description":"","application":"3359","h1":"Generator kod\u00f3w QR Weebly","h1_caption":"Wygeneruj i wy\u015bwietl kod QR, aby \u0142atwo uzyska\u0107 dost\u0119p do adres\u00f3w URL, sieci Wi-Fi, wizyt\u00f3wek i nie tylko w swojej witrynie Weebly.","application_category":[],"applications_title":"","applications_request_title":"","applications_request_button_text":"","hero_text":"","hero_video":"","hero_video_schema_markup":"","selling_points_title":"","selling_points_caption":"","selling_points":[],"selling_points_cta_text":"","features_title":"","features":"","ed_cta_examples_text":"","ed_cta_examples_hidden":"","ed_cta_demo_text":"","ed_cta_demo_hidden":"","why_caption":"","why_editor_title":"","why_editor_text":"","why_team_title":"","why_team_text":"","why_service_title":"","why_service_text":"","template_catalog_visible":"","template_catalog_title":"","template_catalog_text":"","template_catalog_categories_visible":"","demo_title":"Utw\u00f3rz aplikacj\u0119 z kodem QR","demo_caption":"Skonfiguruj sw\u00f3j kod QR i dodaj go za darmo do swojej witryny Weebly!","default_faq_hidden":"","app_template_category":[],"platform":"132","template_public_id":"","codecanyon_url":"","codecanyon_item_id":"","codecanyon_price":"","pricing_caption":"","pricing_elfsight_apps_hide_column":"","pricing_elfsight_apps_url":"","pricing_codecanyon_price_caption":"","integration_category":[],"integration_request_title":"","integration_request_cta":"","integration_platform":"","integrations":[],"platform_category":[],"video_schema_markup":"","price":"od 0 USD \/ miesi\u0105c","trial":"","benefits":[{"text":"Bezp\u0142atna pomoc w instalacji"},{"text":"Wyj\u0105tkowe wsparcie"},{"text":"14-dniowa gwarancja zwrotu pieni\u0119dzy"}],"button_url":"#demo","button_target_blank":"","button_nofollow":"","attributes":[{"name":"Instaluje"},{"name":"Czu\u0142y"},{"name":"Kompatybilne przegl\u0105darki"}],"tags":[],"tags_disable_links":"","hide_more_platforms":"","video_object":"","demo_hide_cta":"","demo_hide_cloud_options":"","pricing_title":"","pricing":[{"pricing_icon":"platform","pricing_title":"Elfsight Apps","pricing_title_caption":"Niezale\u017cne od platformy rozwi\u0105zanie cyfrowe, kt\u00f3re dzia\u0142a na ka\u017cdej stronie","pricing_price":"od 0 USD \/ miesi\u0105c","pricing_price_caption":"zacznij od bezp\u0142atnego planu","pricing_benefits":[{"text":"Nielimitowane domeny"},{"text":"Profesjonalne wsparcie firmy i dobrze udokumentowane"},{"text":"Bezp\u0142atna pomoc w instalacji"},{"text":"Elastyczny projekt"}],"pricing_button_text":"Dodaj do witryny","pricing_button_url":"#demo"}],"related_apps_title":"","related_apps_hidden":"","author":"","image":[],"title":"","job":"","social_networks":[]},"_links":{"self":[{"href":"https:\/\/elfsight.com\/pl\/wp-json\/wp\/v2\/pages\/6167","targetHints":{"allow":["GET"]}}],"collection":[{"href":"https:\/\/elfsight.com\/pl\/wp-json\/wp\/v2\/pages"}],"about":[{"href":"https:\/\/elfsight.com\/pl\/wp-json\/wp\/v2\/types\/page"}],"author":[{"embeddable":true,"href":"https:\/\/elfsight.com\/pl\/wp-json\/wp\/v2\/users\/9"}],"replies":[{"embeddable":true,"href":"https:\/\/elfsight.com\/pl\/wp-json\/wp\/v2\/comments?post=6167"}],"version-history":[{"count":1,"href":"https:\/\/elfsight.com\/pl\/wp-json\/wp\/v2\/pages\/6167\/revisions"}],"predecessor-version":[{"id":6171,"href":"https:\/\/elfsight.com\/pl\/wp-json\/wp\/v2\/pages\/6167\/revisions\/6171"}],"up":[{"embeddable":true,"href":"https:\/\/elfsight.com\/pl\/wp-json\/wp\/v2\/pages\/3416"}],"wp:attachment":[{"href":"https:\/\/elfsight.com\/pl\/wp-json\/wp\/v2\/media?parent=6167"}],"curies":[{"name":"wp","href":"https:\/\/api.w.org\/{rel}","templated":true}]}}