{"id":6165,"date":"1970-01-01T00:00:00","date_gmt":"1970-01-01T00:00:00","guid":{"rendered":"https:\/\/elfsight.com\/pl\/?page_id=6165"},"modified":"2024-11-14T08:58:13","modified_gmt":"2024-11-14T08:58:13","slug":"wordpress","status":"publish","type":"page","link":"https:\/\/elfsight.com\/pl\/qr-code-widget\/wordpress\/","title":{"rendered":"QR Code &#8211; WordPress"},"content":{"rendered":"<div class=\"application-platform-content-item-description application-platform-content-item\" id=\"description\" data-nav-section=\"description\"> <h2>Osad\u017a kod QR w WordPressie za pomoc\u0105 wid\u017cetu Elfsight<\/h2> <p>Generator kod\u00f3w QR to pot\u0119\u017cna wtyczka do WordPressa, kt\u00f3ra pozwala szybko przekieruj u\u017cytkownik\u00f3w na dowoln\u0105 stron\u0119 internetow\u0105, udost\u0119pnij link, swoj\u0105 lokalizacj\u0119, adres e-mail, plik i nie tylko. Widget jest niezwykle konfigurowalny: mo\u017cesz doda\u0107 tytu\u0142, podpis, wybra\u0107 ikon\u0119 i logo &#8211; z naszej biblioteki lub stworzy\u0107 w\u0142asne, przemalowa\u0107 tekst, t\u0142o, ramk\u0119 i zmieni\u0107 rozmiar tak, jak potrzebujesz. Wszystko, co pozostaje do zrobienia, to po prostu rozpocz\u0105\u0107 kszta\u0142towanie spersonalizowanego narz\u0119dzia \u2013 instalacja jest prosta i nie b\u0119dzie wymaga\u0107 \u017cadnych umiej\u0119tno\u015bci kodowania. <\/p> <p><b>Wstaw generator kod\u00f3w QR do swojej strony internetowej WordPress i przekieruj odwiedzaj\u0105cych bezpo\u015brednio tam, gdzie ich potrzebujesz, i upro\u015b\u0107 korzystanie z tre\u015bci<\/b><\/p> <\/div> <div class=\"application-platform-content-item-features application-platform-content-item\" id=\"features\" data-nav-section=\"features\"> <h2>Najwa\u017cniejsze funkcje widgetu obejmuj\u0105<\/h2> <ul><li>Natychmiastowy dost\u0119p do tre\u015bci<\/li><li>Dodaj dowolny tekst<\/li><li>8 wymiennych logo<\/li><li>Dost\u0119pnych pi\u0119tna\u015bcie prze\u0142\u0105czalnych ikon<\/li><li>Przemaluj wszystkie elementy<\/li><\/ul><p><a href=\"#demo\">Mo\u017cesz przetestowa\u0107 pe\u0142n\u0105 funkcjonalno\u015b\u0107 wtyczki w wersji demonstracyjnej tutaj<\/a><\/p> <\/div> <div class=\"application-platform-content-item-installation application-platform-content-item\" id=\"installation\" data-nav-section=\"installation\"> <h2>Jak mog\u0119 osadzi\u0107 wtyczk\u0119 QR Code w mojej witrynie WordPress? <\/h2> <p>Wystarczy wykona\u0107 poni\u017csze kroki, aby osadzi\u0107 narz\u0119dzie. <\/p> <ol><li><b>Uruchom nasze bezp\u0142atne demo i rozpocznij prac\u0119 z w\u0142asn\u0105 wtyczk\u0105.<\/b><br> Okre\u015bl wybrany uk\u0142ad i opcje wid\u017cetu oraz zapisz wszystkie modyfikacje.<\/li> <li><b>Zdob\u0105d\u017a indywidualny kod pojawiaj\u0105cy si\u0119 w specjalnym formularzu w aplikacjach Elfsight.<\/b><br> Zaraz po zako\u0144czeniu konfiguracji wtyczki skopiuj sw\u00f3j kod w wy\u015bwietlonym wyskakuj\u0105cym okienku i zapisz go na p\u00f3\u017aniej .<\/li> <li><b>Rozpocznij korzystanie z wtyczki w witrynie WordPress.<\/b><br> Dodaj kod zapisany ostatnio w swojej witrynie i zastosuj ulepszenia.<\/li> <li><b> Sko\u0144czy\u0142e\u015b! Konfiguracja zosta\u0142a w pe\u0142ni wykonana.<\/b><br> Przejd\u017a do swojej witryny, aby zobaczy\u0107 dzia\u0142anie wtyczki.<\/li><\/ol><p>Je\u015bli b\u0119dziesz musia\u0142 stawi\u0107 czo\u0142a pytaniom lub pokona\u0107 przeszkody, czuj si\u0119 bezp\u0142atny kontakt z naszym dzia\u0142em obs\u0142ugi klienta. Nasi konsultanci z przyjemno\u015bci\u0105 rozwi\u0105\u017c\u0105 wszystkie problemy, jakie mo\u017cesz mie\u0107 z produktem.<\/p> <div class=\"faq\" data-component=\"FAQ\"><div class=\"faq-item\">\r\n\t\t\t\t\t<div class=\"faq-item-question\">\r\n\t\t\t\t\t\t<h3 class=\"faq-item-question-text\">Czy istnieje metoda osadzania kodu QR w mojej witrynie WordPress bez kodowania?<\/h3>\r\n\r\n\t\t\t\t\t\t<div class=\"faq-item-question-icon\"><\/div>\r\n\t\t\t\t\t<\/div>\r\n\r\n\t\t\t\t\t<div class=\"faq-item-answer\">\r\n\t\t\t\t\t\t<div class=\"faq-item-answer-text\"> <p> Firma Elfsight oferuje rozwi\u0105zanie w chmurze, kt\u00f3re umo\u017cliwia samodzielne utworzenie sekcji kodu QR, poznaj nieskomplikowany przewodnik: Rozpocznij prac\u0119 w edytorze na \u017cywo, aby utworzy\u0107 wtyczk\u0119 kodu QR, kt\u00f3r\u0105 chcesz zobaczy\u0107 na swojej stronie WordPress. Kliknij jeden z gotowych szablon\u00f3w i dostosuj ustawienia kodu QR, zmie\u0144 uk\u0142ad i kolory oraz zaktualizuj tre\u015b\u0107 bez kodowania. Kliknij, aby zapisa\u0107 kod QR i uzyska\u0107 kod instalacyjny wid\u017cetu, kt\u00f3ry mo\u017cna \u0142atwo wklei\u0107 na stronie g\u0142\u00f3wnej WordPress bez konieczno\u015bci zakupu wersji p\u0142atnej. Korzystaj\u0105c z prostego w obs\u0142udze Konfiguratora, ka\u017cdy internauta mo\u017ce wygenerowa\u0107 wid\u017cet QR Code online i po prostu wklei\u0107 go na stron\u0119 WordPress. Aby skorzysta\u0107 z us\u0142ugi, nie jest wymagana p\u0142atno\u015b\u0107 ani ujawnianie danych karty. Je\u015bli napotkasz jakiekolwiek problemy, skontaktuj si\u0119 z naszym zespo\u0142em pomocy technicznej.<\/p> <\/div>\r\n\t\t\t\t\t<\/div>\r\n\t\t\t\t<\/div> <\/div><\/div>","protected":false},"excerpt":{"rendered":"","protected":false},"author":9,"featured_media":0,"parent":3416,"menu_order":0,"comment_status":"closed","ping_status":"closed","template":"templates\/template-application-platform.php","meta":{"publish_to_discourse":"","publish_post_category":"","wpdc_auto_publish_overridden":"","wpdc_topic_tags":"","wpdc_pin_topic":"","wpdc_pin_until":"","discourse_post_id":"","discourse_permalink":"","wpdc_publishing_response":"","wpdc_publishing_error":"","footnotes":""},"class_list":["post-6165","page","type-page","status-publish","hentry"],"yoast_head":"<!-- This site is optimized with the Yoast SEO plugin v25.3.1 - https:\/\/yoast.com\/wordpress\/plugins\/seo\/ -->\n<title>Generator kod\u00f3w QR \u2014 Dodaj wtyczk\u0119 kodu QR do WordPress [2025]<\/title>\n<meta name=\"description\" content=\"Z \u0142atwo\u015bci\u0105 utw\u00f3rz sw\u00f3j unikalny generator kod\u00f3w QR dla witryny WordPress. Po prostu skorzystaj z naszego demo, a Twoja wtyczka zostanie utworzona w mniej ni\u017c 2 minuty.\" \/>\n<meta name=\"robots\" content=\"index, follow, max-snippet:-1, max-image-preview:large, max-video-preview:-1\" \/>\n<link rel=\"canonical\" href=\"https:\/\/elfsight.com\/pl\/qr-code-widget\/wordpress\/\" \/>\n<meta property=\"og:locale\" content=\"pl_PL\" \/>\n<meta property=\"og:type\" content=\"article\" \/>\n<meta property=\"og:title\" content=\"Generator kod\u00f3w QR \u2014 Dodaj wtyczk\u0119 kodu QR do WordPress [2025]\" \/>\n<meta property=\"og:description\" content=\"Z \u0142atwo\u015bci\u0105 utw\u00f3rz sw\u00f3j unikalny generator kod\u00f3w QR dla witryny WordPress. Po prostu skorzystaj z naszego demo, a Twoja wtyczka zostanie utworzona w mniej ni\u017c 2 minuty.\" \/>\n<meta property=\"og:url\" content=\"https:\/\/elfsight.com\/pl\/qr-code-widget\/wordpress\/\" \/>\n<meta property=\"og:site_name\" content=\"Elfsight PL\" \/>\n<meta property=\"article:modified_time\" content=\"2024-11-14T08:58:13+00:00\" \/>\n<meta name=\"twitter:card\" content=\"summary_large_image\" \/>\n<meta name=\"twitter:label1\" content=\"Szacowany czas czytania\" \/>\n\t<meta name=\"twitter:data1\" content=\"3 minuty\" \/>\n<!-- \/ Yoast SEO plugin. -->","yoast_head_json":{"title":"Generator kod\u00f3w QR \u2014 Dodaj wtyczk\u0119 kodu QR do WordPress [2025]","description":"Z \u0142atwo\u015bci\u0105 utw\u00f3rz sw\u00f3j unikalny generator kod\u00f3w QR dla witryny WordPress. Po prostu skorzystaj z naszego demo, a Twoja wtyczka zostanie utworzona w mniej ni\u017c 2 minuty.","robots":{"index":"index","follow":"follow","max-snippet":"max-snippet:-1","max-image-preview":"max-image-preview:large","max-video-preview":"max-video-preview:-1"},"canonical":"https:\/\/elfsight.com\/pl\/qr-code-widget\/wordpress\/","og_locale":"pl_PL","og_type":"article","og_title":"Generator kod\u00f3w QR \u2014 Dodaj wtyczk\u0119 kodu QR do WordPress [2025]","og_description":"Z \u0142atwo\u015bci\u0105 utw\u00f3rz sw\u00f3j unikalny generator kod\u00f3w QR dla witryny WordPress. Po prostu skorzystaj z naszego demo, a Twoja wtyczka zostanie utworzona w mniej ni\u017c 2 minuty.","og_url":"https:\/\/elfsight.com\/pl\/qr-code-widget\/wordpress\/","og_site_name":"Elfsight PL","article_modified_time":"2024-11-14T08:58:13+00:00","twitter_card":"summary_large_image","twitter_misc":{"Szacowany czas czytania":"3 minuty"},"schema":{"@context":"https:\/\/schema.org","@graph":[{"@type":"WebPage","@id":"https:\/\/elfsight.com\/pl\/qr-code-widget\/wordpress\/","url":"https:\/\/elfsight.com\/pl\/qr-code-widget\/wordpress\/","name":"Generator kod\u00f3w QR \u2014 Dodaj wtyczk\u0119 kodu QR do WordPress [2025]","isPartOf":{"@id":"https:\/\/elfsight.com\/pl\/#website"},"datePublished":"1970-01-01T00:00:00+00:00","dateModified":"2024-11-14T08:58:13+00:00","description":"Z \u0142atwo\u015bci\u0105 utw\u00f3rz sw\u00f3j unikalny generator kod\u00f3w QR dla witryny WordPress. Po prostu skorzystaj z naszego demo, a Twoja wtyczka zostanie utworzona w mniej ni\u017c 2 minuty.","breadcrumb":{"@id":"https:\/\/elfsight.com\/pl\/qr-code-widget\/wordpress\/#breadcrumb"},"inLanguage":"pl-PL","potentialAction":[{"@type":"ReadAction","target":["https:\/\/elfsight.com\/pl\/qr-code-widget\/wordpress\/"]}]},{"@type":"BreadcrumbList","@id":"https:\/\/elfsight.com\/pl\/qr-code-widget\/wordpress\/#breadcrumb","itemListElement":[{"@type":"ListItem","position":1,"name":"Home","item":"https:\/\/elfsight.com\/pl\/"},{"@type":"ListItem","position":2,"name":"QR Code","item":"https:\/\/elfsight.com\/pl\/qr-code-widget\/"},{"@type":"ListItem","position":3,"name":"QR Code &#8211; WordPress"}]},{"@type":"WebSite","@id":"https:\/\/elfsight.com\/pl\/#website","url":"https:\/\/elfsight.com\/pl\/","name":"Elfsight PL","description":"Just another Elfsight Sites site","potentialAction":[{"@type":"SearchAction","target":{"@type":"EntryPoint","urlTemplate":"https:\/\/elfsight.com\/pl\/?s={search_term_string}"},"query-input":{"@type":"PropertyValueSpecification","valueRequired":true,"valueName":"search_term_string"}}],"inLanguage":"pl-PL"}]}},"meta_box":{"industry":"","seo_heading":"","heading":"","description":"","cta_heading":"","cta_description":"","application":"3359","h1":"Wtyczka generatora kod\u00f3w QR WordPress","h1_caption":"Wygeneruj i wy\u015bwietl kod qr, aby \u0142atwo uzyska\u0107 dost\u0119p do adres\u00f3w URL, sieci Wi-Fi, wizyt\u00f3wek i innych element\u00f3w w witrynie WordPress.","application_category":[],"applications_title":"","applications_request_title":"","applications_request_button_text":"","hero_text":"","hero_video":"","hero_video_schema_markup":"","selling_points_title":"","selling_points_caption":"","selling_points":[],"selling_points_cta_text":"","features_title":"","features":"","ed_cta_examples_text":"","ed_cta_examples_hidden":"","ed_cta_demo_text":"","ed_cta_demo_hidden":"","why_caption":"","why_editor_title":"","why_editor_text":"","why_team_title":"","why_team_text":"","why_service_title":"","why_service_text":"","template_catalog_visible":"","template_catalog_title":"","template_catalog_text":"","template_catalog_categories_visible":"","demo_title":"Utw\u00f3rz wtyczk\u0119 z kodem QR","demo_caption":"Skonfiguruj sw\u00f3j kod QR i dodaj go za darmo do swojej witryny WordPress!","default_faq_hidden":"","app_template_category":[],"platform":"31","template_public_id":"","codecanyon_url":"","codecanyon_item_id":"","codecanyon_price":"","pricing_caption":"","pricing_elfsight_apps_hide_column":"","pricing_elfsight_apps_url":"","pricing_codecanyon_price_caption":"","integration_category":[],"integration_request_title":"","integration_request_cta":"","integration_platform":"","integrations":[],"platform_category":[],"video_schema_markup":"","price":"od 0 USD \/ miesi\u0105c","trial":"","benefits":[{"text":"Bezp\u0142atna us\u0142uga monta\u017cu"},{"text":"Wsparcie premium"},{"text":"14-dniowa gwarancja zwrotu pieni\u0119dzy"}],"button_url":"#demo","button_target_blank":"","button_nofollow":"","attributes":[{"name":"Instaluje"},{"name":"Czu\u0142y"},{"name":"Kompatybilne przegl\u0105darki"}],"tags":[],"tags_disable_links":"","hide_more_platforms":"","video_object":"","demo_hide_cta":"","demo_hide_cloud_options":"","pricing_title":"","pricing":[{"pricing_icon":"platform","pricing_title":"Elfsight Apps","pricing_title_caption":"Niezale\u017cne od platformy rozwi\u0105zanie, kt\u00f3re pasuje do ka\u017cdej witryny internetowej","pricing_price":"od 0 USD \/ miesi\u0105c","pricing_price_caption":"zacznij od bezp\u0142atnego planu","pricing_benefits":[{"text":"Nielimitowane strony internetowe"},{"text":"Ca\u0142odobowe wsparcie firmy"},{"text":"Bezp\u0142atna pomoc w monta\u017cu"},{"text":"Specjalna cena za wiele aplikacji"}],"pricing_button_text":"Dodaj do witryny","pricing_button_url":"#demo"}],"related_apps_title":"","related_apps_hidden":"","author":"","image":[],"title":"","job":"","social_networks":[]},"_links":{"self":[{"href":"https:\/\/elfsight.com\/pl\/wp-json\/wp\/v2\/pages\/6165","targetHints":{"allow":["GET"]}}],"collection":[{"href":"https:\/\/elfsight.com\/pl\/wp-json\/wp\/v2\/pages"}],"about":[{"href":"https:\/\/elfsight.com\/pl\/wp-json\/wp\/v2\/types\/page"}],"author":[{"embeddable":true,"href":"https:\/\/elfsight.com\/pl\/wp-json\/wp\/v2\/users\/9"}],"replies":[{"embeddable":true,"href":"https:\/\/elfsight.com\/pl\/wp-json\/wp\/v2\/comments?post=6165"}],"version-history":[{"count":1,"href":"https:\/\/elfsight.com\/pl\/wp-json\/wp\/v2\/pages\/6165\/revisions"}],"predecessor-version":[{"id":6169,"href":"https:\/\/elfsight.com\/pl\/wp-json\/wp\/v2\/pages\/6165\/revisions\/6169"}],"up":[{"embeddable":true,"href":"https:\/\/elfsight.com\/pl\/wp-json\/wp\/v2\/pages\/3416"}],"wp:attachment":[{"href":"https:\/\/elfsight.com\/pl\/wp-json\/wp\/v2\/media?parent=6165"}],"curies":[{"name":"wp","href":"https:\/\/api.w.org\/{rel}","templated":true}]}}