{"id":6160,"date":"1970-01-01T00:00:00","date_gmt":"1970-01-01T00:00:00","guid":{"rendered":"https:\/\/elfsight.com\/pl\/?page_id=6160"},"modified":"2024-11-14T08:58:06","modified_gmt":"2024-11-14T08:58:06","slug":"woocommerce","status":"publish","type":"page","link":"https:\/\/elfsight.com\/pl\/qr-code-widget\/woocommerce\/","title":{"rendered":"QR Code &#8211; WooCommerce"},"content":{"rendered":"<div class=\"application-platform-content-item-description application-platform-content-item\" id=\"description\" data-nav-section=\"description\"> <h2>Opis<\/h2> <p>Elfsight QR Code to niezwyk\u0142a wtyczka do WooCommerce umo\u017cliwiaj\u0105ca natychmiastowe przekierowanie odwiedzaj\u0105cych na dowoln\u0105 stron\u0119 internetow\u0105, udost\u0119pnienie link, Twoja lokalizacja, adres e-mail, dowolny plik i inne informacje. Wtyczka ma szerokie mo\u017cliwo\u015bci dostosowania: mo\u017cesz doda\u0107 tytu\u0142, podpis, wybra\u0107 najbardziej pasuj\u0105c\u0105 ikon\u0119 i typ logo, korzystaj\u0105c z naszej biblioteki lub stworzy\u0107 w\u0142asne, zmieni\u0107 kolor tekstu, t\u0142a, ramki i zmieni\u0107 rozmiar tak, aby pasowa\u0142 do Twojej witryny. Wszystko, co pozostaje do zrobienia, to po prostu rozpocz\u0105\u0107 tworzenie narz\u0119dzia \u2013 instalacja jest prosta i nie b\u0119dzie wymaga\u0107 od Ciebie \u017cadnych umiej\u0119tno\u015bci kodowania. <\/p> <p><b>Osad\u017a wtyczk\u0119 generatora kod\u00f3w QR na swojej stronie internetowej WooCommerce i przekieruj odwiedzaj\u0105cych bezpo\u015brednio tam, gdzie chcesz, i usprawnij korzystanie z tre\u015bci<\/b><\/p> <\/div> <div class=\"application-platform-content-item-features application-platform-content-item\" id=\"features\" data-nav-section=\"features\"> <h2>To tylko kilka z pot\u0119\u017cnych funkcji wtyczki: <\/h2> <ul><li>Natychmiastowy dost\u0119p do tre\u015bci<\/li><li>Do\u0142\u0105cz dowolny tekst<\/li><li>Osiem wymiennych logo<\/li><li>Dost\u0119pnych pi\u0119tna\u015bcie prze\u0142\u0105czalnych ikon<\/li><li>Przemaluj wszystkie cz\u0119\u015bci wid\u017cetu<\/li><\/ul><p><a href=\"#demo\">Mo\u017cesz sprawdzi\u0107 je\u015bli wtyczka jest przeznaczona dla Ciebie, wypr\u00f3buj wersj\u0119 demonstracyjn\u0105<\/a><\/p> <\/div> <div class=\"application-platform-content-item-installation application-platform-content-item\" id=\"installation\" data-nav-section=\"installation\"> <h2>Jak osadzi\u0107 kod QR na mojej stronie WooCommerce?<\/h2> <p> Aby osadzi\u0107 wtyczk\u0119, wystarczy wykona\u0107 poni\u017csze wskaz\u00f3wki. <\/p> <ol><li><b>Skorzystaj z naszej bezp\u0142atnej wersji demonstracyjnej i zacznij budowa\u0107 sw\u00f3j unikalny instrument. <\/b><br> Wybierz niestandardowy wygl\u0105d i cechy funkcjonalne wtyczki i zastosuj poprawki. <\/li> <li><b>Zdob\u0105d\u017a osobisty kod pojawiaj\u0105cy si\u0119 w polu w aplikacjach Elfsight. <\/b><br> Po zako\u0144czeniu tworzenia wtyczki skopiuj ekskluzywny kod z wy\u015bwietlonego okna i zachowaj go na p\u00f3\u017aniej. <\/li> <li><b>Wyra\u017a ch\u0119\u0107 korzystania z wid\u017cetu na swojej stronie g\u0142\u00f3wnej WooCommerce. <\/b><br> Umie\u015b\u0107 skopiowany wcze\u015bniej kod na swojej stronie i zapisz zmiany. <\/li> <li><b>Gotowe! Integracja zosta\u0142a pomy\u015blnie przeprowadzona. <\/b><br> Odwied\u017a swoj\u0105 stron\u0119, aby zobaczy\u0107 dzia\u0142anie narz\u0119dzia. <\/li><\/ol> <p>Je\u015bli napotkasz jakie\u015b problemy, nie b\u00f3j si\u0119 zwr\u00f3ci\u0107 do naszego zespo\u0142u wsparcia. Nasi konsultanci z przyjemno\u015bci\u0105 odpowiedz\u0105 na wszystkie pytania dotycz\u0105ce produktu. <\/p> <div class=\"faq\" data-component=\"FAQ\"><div class=\"faq-item\">\r\n\t\t\t\t\t<div class=\"faq-item-question\">\r\n\t\t\t\t\t\t<h3 class=\"faq-item-question-text\">W jaki spos\u00f3b mog\u0119 osadzi\u0107 kod QR w mojej witrynie WooCommerce bez do\u015bwiadczenia w kodowaniu?<\/h3>\r\n\r\n\t\t\t\t\t\t<div class=\"faq-item-question-icon\"><\/div>\r\n\t\t\t\t\t<\/div>\r\n\r\n\t\t\t\t\t<div class=\"faq-item-answer\">\r\n\t\t\t\t\t\t<div class=\"faq-item-answer-text\"> <p>Elfsight oferuje rozwi\u0105zanie w chmurze, kt\u00f3re umo\u017cliwia u\u017cytkownikom samodzielne utworzenie wtyczki kodu QR, zobacz prosty przewodnik: Pracuj bezpo\u015brednio w edytorze online, aby utworzy\u0107 sekcj\u0119 z kodem QR, kt\u00f3r\u0105 chcesz umie\u015bci\u0107 w swojej witrynie WooCommerce. Zdecyduj si\u0119 na jeden z gotowych szablon\u00f3w i zmie\u0144 ustawienia kodu QR, dodaj tre\u015b\u0107, zmie\u0144 uk\u0142ad i kolory bez umiej\u0119tno\u015bci kodowania. Kliknij, aby zapisa\u0107 ustawienia wprowadzone w kodzie QR i skopiuj kod instalacyjny, kt\u00f3ry mo\u017cna umie\u015bci\u0107 na stronie g\u0142\u00f3wnej WooCommerce bez konieczno\u015bci zakupu wersji p\u0142atnej. Pracuj\u0105c w przyjaznym dla u\u017cytkownika konfiguratorze, ka\u017cdy u\u017cytkownik sieci mo\u017ce utworzy\u0107 sekcj\u0119 z kodem QR online i wklei\u0107 go na dowolnej stronie g\u0142\u00f3wnej WooCommerce. Aby uzyska\u0107 dost\u0119p do us\u0142ugi, nie trzeba p\u0142aci\u0107 ani ujawnia\u0107 danych uwierzytelniaj\u0105cych karty. Je\u015bli na kt\u00f3rymkolwiek etapie napotkasz jakiekolwiek problemy, nie wahaj si\u0119 skontaktowa\u0107 z naszym personelem pomocy technicznej.<\/p> <\/div>\r\n\t\t\t\t\t<\/div>\r\n\t\t\t\t<\/div> <\/div><\/div><!-- \/wp:html - &gt; \/wp:html -->","protected":false},"excerpt":{"rendered":"","protected":false},"author":9,"featured_media":0,"parent":3416,"menu_order":0,"comment_status":"closed","ping_status":"closed","template":"templates\/template-application-platform.php","meta":{"publish_to_discourse":"","publish_post_category":"","wpdc_auto_publish_overridden":"","wpdc_topic_tags":"","wpdc_pin_topic":"","wpdc_pin_until":"","discourse_post_id":"","discourse_permalink":"","wpdc_publishing_response":"","wpdc_publishing_error":"","footnotes":""},"class_list":["post-6160","page","type-page","status-publish","hentry"],"yoast_head":"<!-- This site is optimized with the Yoast SEO plugin v25.3.1 - https:\/\/yoast.com\/wordpress\/plugins\/seo\/ -->\n<title>Kod QR \u2014 Dodaj generator kod\u00f3w QR do WooCommerce (bezp\u0142atnie i szybko)<\/title>\n<meta name=\"description\" content=\"Z \u0142atwo\u015bci\u0105 utw\u00f3rz w\u0142asny generator kod\u00f3w QR dla strony internetowej WooCommerce. Skorzystaj z naszego przydatnego demo, a Twoja wtyczka zostanie utworzona w mniej ni\u017c dwie minuty.\" \/>\n<meta name=\"robots\" content=\"index, follow, max-snippet:-1, max-image-preview:large, max-video-preview:-1\" \/>\n<link rel=\"canonical\" href=\"https:\/\/elfsight.com\/pl\/qr-code-widget\/woocommerce\/\" \/>\n<meta property=\"og:locale\" content=\"pl_PL\" \/>\n<meta property=\"og:type\" content=\"article\" \/>\n<meta property=\"og:title\" content=\"Kod QR \u2014 Dodaj generator kod\u00f3w QR do WooCommerce (bezp\u0142atnie i szybko)\" \/>\n<meta property=\"og:description\" content=\"Z \u0142atwo\u015bci\u0105 utw\u00f3rz w\u0142asny generator kod\u00f3w QR dla strony internetowej WooCommerce. Skorzystaj z naszego przydatnego demo, a Twoja wtyczka zostanie utworzona w mniej ni\u017c dwie minuty.\" \/>\n<meta property=\"og:url\" content=\"https:\/\/elfsight.com\/pl\/qr-code-widget\/woocommerce\/\" \/>\n<meta property=\"og:site_name\" content=\"Elfsight PL\" \/>\n<meta property=\"article:modified_time\" content=\"2024-11-14T08:58:06+00:00\" \/>\n<meta name=\"twitter:card\" content=\"summary_large_image\" \/>\n<meta name=\"twitter:label1\" content=\"Szacowany czas czytania\" \/>\n\t<meta name=\"twitter:data1\" content=\"3 minuty\" \/>\n<!-- \/ Yoast SEO plugin. -->","yoast_head_json":{"title":"Kod QR \u2014 Dodaj generator kod\u00f3w QR do WooCommerce (bezp\u0142atnie i szybko)","description":"Z \u0142atwo\u015bci\u0105 utw\u00f3rz w\u0142asny generator kod\u00f3w QR dla strony internetowej WooCommerce. Skorzystaj z naszego przydatnego demo, a Twoja wtyczka zostanie utworzona w mniej ni\u017c dwie minuty.","robots":{"index":"index","follow":"follow","max-snippet":"max-snippet:-1","max-image-preview":"max-image-preview:large","max-video-preview":"max-video-preview:-1"},"canonical":"https:\/\/elfsight.com\/pl\/qr-code-widget\/woocommerce\/","og_locale":"pl_PL","og_type":"article","og_title":"Kod QR \u2014 Dodaj generator kod\u00f3w QR do WooCommerce (bezp\u0142atnie i szybko)","og_description":"Z \u0142atwo\u015bci\u0105 utw\u00f3rz w\u0142asny generator kod\u00f3w QR dla strony internetowej WooCommerce. Skorzystaj z naszego przydatnego demo, a Twoja wtyczka zostanie utworzona w mniej ni\u017c dwie minuty.","og_url":"https:\/\/elfsight.com\/pl\/qr-code-widget\/woocommerce\/","og_site_name":"Elfsight PL","article_modified_time":"2024-11-14T08:58:06+00:00","twitter_card":"summary_large_image","twitter_misc":{"Szacowany czas czytania":"3 minuty"},"schema":{"@context":"https:\/\/schema.org","@graph":[{"@type":"WebPage","@id":"https:\/\/elfsight.com\/pl\/qr-code-widget\/woocommerce\/","url":"https:\/\/elfsight.com\/pl\/qr-code-widget\/woocommerce\/","name":"Kod QR \u2014 Dodaj generator kod\u00f3w QR do WooCommerce (bezp\u0142atnie i szybko)","isPartOf":{"@id":"https:\/\/elfsight.com\/pl\/#website"},"datePublished":"1970-01-01T00:00:00+00:00","dateModified":"2024-11-14T08:58:06+00:00","description":"Z \u0142atwo\u015bci\u0105 utw\u00f3rz w\u0142asny generator kod\u00f3w QR dla strony internetowej WooCommerce. Skorzystaj z naszego przydatnego demo, a Twoja wtyczka zostanie utworzona w mniej ni\u017c dwie minuty.","breadcrumb":{"@id":"https:\/\/elfsight.com\/pl\/qr-code-widget\/woocommerce\/#breadcrumb"},"inLanguage":"pl-PL","potentialAction":[{"@type":"ReadAction","target":["https:\/\/elfsight.com\/pl\/qr-code-widget\/woocommerce\/"]}]},{"@type":"BreadcrumbList","@id":"https:\/\/elfsight.com\/pl\/qr-code-widget\/woocommerce\/#breadcrumb","itemListElement":[{"@type":"ListItem","position":1,"name":"Home","item":"https:\/\/elfsight.com\/pl\/"},{"@type":"ListItem","position":2,"name":"QR Code","item":"https:\/\/elfsight.com\/pl\/qr-code-widget\/"},{"@type":"ListItem","position":3,"name":"QR Code &#8211; WooCommerce"}]},{"@type":"WebSite","@id":"https:\/\/elfsight.com\/pl\/#website","url":"https:\/\/elfsight.com\/pl\/","name":"Elfsight PL","description":"Just another Elfsight Sites site","potentialAction":[{"@type":"SearchAction","target":{"@type":"EntryPoint","urlTemplate":"https:\/\/elfsight.com\/pl\/?s={search_term_string}"},"query-input":{"@type":"PropertyValueSpecification","valueRequired":true,"valueName":"search_term_string"}}],"inLanguage":"pl-PL"}]}},"meta_box":{"industry":"","seo_heading":"","heading":"","description":"","cta_heading":"","cta_description":"","application":"3359","h1":"Generator kod\u00f3w QR WooCommerce","h1_caption":"Wygeneruj i wy\u015bwietl kod qr, aby \u0142atwo uzyska\u0107 dost\u0119p do adres\u00f3w URL, sieci Wi-Fi, wizyt\u00f3wek i nie tylko w swojej witrynie WooCommerce.","application_category":[],"applications_title":"","applications_request_title":"","applications_request_button_text":"","hero_text":"","hero_video":"","hero_video_schema_markup":"","selling_points_title":"","selling_points_caption":"","selling_points":[],"selling_points_cta_text":"","features_title":"","features":"","ed_cta_examples_text":"","ed_cta_examples_hidden":"","ed_cta_demo_text":"","ed_cta_demo_hidden":"","why_caption":"","why_editor_title":"","why_editor_text":"","why_team_title":"","why_team_text":"","why_service_title":"","why_service_text":"","template_catalog_visible":"","template_catalog_title":"","template_catalog_text":"","template_catalog_categories_visible":"","demo_title":"Utw\u00f3rz aplikacj\u0119 z kodem QR","demo_caption":"Skonfiguruj sw\u00f3j kod QR i dodaj go za darmo do swojej witryny WooCommerce!","default_faq_hidden":"","app_template_category":[],"platform":"335","template_public_id":"","codecanyon_url":"","codecanyon_item_id":"","codecanyon_price":"","pricing_caption":"","pricing_elfsight_apps_hide_column":"","pricing_elfsight_apps_url":"","pricing_codecanyon_price_caption":"","integration_category":[],"integration_request_title":"","integration_request_cta":"","integration_platform":"","integrations":[],"platform_category":[],"video_schema_markup":"","price":"od 0 USD \/ miesi\u0105c","trial":"","benefits":[{"text":"Bezp\u0142atna us\u0142uga monta\u017cu"},{"text":"Wsparcie premium"},{"text":"14-dniowa gwarancja zwrotu pieni\u0119dzy"}],"button_url":"#demo","button_target_blank":"","button_nofollow":"","attributes":[{"name":"Instaluje"},{"name":"Czu\u0142y"},{"name":"Kompatybilne przegl\u0105darki"}],"tags":[],"tags_disable_links":"","hide_more_platforms":"","video_object":"","demo_hide_cta":"","demo_hide_cloud_options":"","pricing_title":"","pricing":[{"pricing_icon":"platform","pricing_title":"Elfsight Apps","pricing_title_caption":"Oprogramowanie wieloplatformowe","pricing_price":"od 0 USD \/ miesi\u0105c","pricing_price_caption":"zacznij od bezp\u0142atnego planu","pricing_benefits":[{"text":"Nielimitowane strony internetowe"},{"text":"Bezp\u0142atne i terminowe wsparcie"},{"text":"Bezp\u0142atna us\u0142uga monta\u017cu"},{"text":"W pe\u0142ni konfigurowalny"}],"pricing_button_text":"Dodaj do witryny","pricing_button_url":"#demo"}],"related_apps_title":"","related_apps_hidden":"","author":"","image":[],"title":"","job":"","social_networks":[]},"_links":{"self":[{"href":"https:\/\/elfsight.com\/pl\/wp-json\/wp\/v2\/pages\/6160","targetHints":{"allow":["GET"]}}],"collection":[{"href":"https:\/\/elfsight.com\/pl\/wp-json\/wp\/v2\/pages"}],"about":[{"href":"https:\/\/elfsight.com\/pl\/wp-json\/wp\/v2\/types\/page"}],"author":[{"embeddable":true,"href":"https:\/\/elfsight.com\/pl\/wp-json\/wp\/v2\/users\/9"}],"replies":[{"embeddable":true,"href":"https:\/\/elfsight.com\/pl\/wp-json\/wp\/v2\/comments?post=6160"}],"version-history":[{"count":1,"href":"https:\/\/elfsight.com\/pl\/wp-json\/wp\/v2\/pages\/6160\/revisions"}],"predecessor-version":[{"id":6164,"href":"https:\/\/elfsight.com\/pl\/wp-json\/wp\/v2\/pages\/6160\/revisions\/6164"}],"up":[{"embeddable":true,"href":"https:\/\/elfsight.com\/pl\/wp-json\/wp\/v2\/pages\/3416"}],"wp:attachment":[{"href":"https:\/\/elfsight.com\/pl\/wp-json\/wp\/v2\/media?parent=6160"}],"curies":[{"name":"wp","href":"https:\/\/api.w.org\/{rel}","templated":true}]}}