{"id":6158,"date":"1970-01-01T00:00:00","date_gmt":"1970-01-01T00:00:00","guid":{"rendered":"https:\/\/elfsight.com\/pl\/?page_id=6158"},"modified":"2024-10-23T13:43:56","modified_gmt":"2024-10-23T13:43:56","slug":"godaddy","status":"publish","type":"page","link":"https:\/\/elfsight.com\/pl\/qr-code-widget\/godaddy\/","title":{"rendered":"QR Code &#8211; GoDaddy"},"content":{"rendered":"<div class=\"application-platform-content-item-description application-platform-content-item\" id=\"description\" data-nav-section=\"description\"> <h2>Umie\u015b\u0107 kod QR w GoDaddy za pomoc\u0105 wid\u017cetu Elfsight<\/h2> <p>Kod QR Elfsight to imponuj\u0105ca opcja umo\u017cliwiaj\u0105ca natychmiastowe przekierowywanie u\u017cytkownik\u00f3w do dowolnej witryny, udost\u0119pnij adres URL, lokalizacj\u0119, adres e-mail, dowolny plik i wiele innych. Narz\u0119dzie jest wysoce konfigurowalne: mo\u017cesz do\u0142\u0105czy\u0107 tytu\u0142, obja\u015bniaj\u0105cy podpis, wybra\u0107 ikon\u0119 i logo, korzystaj\u0105c z naszej biblioteki lub stworzy\u0107 w\u0142asne, zmieni\u0107 kolor tekstu, t\u0142a, ramki i dostosowa\u0107 rozmiar wtyczki tak, aby pasowa\u0142a do Twojej witryny. Wszystko, co musisz zrobi\u0107, to rozpocz\u0105\u0107 tworzenie spersonalizowanej funkcji \u2014 instalacja jest prosta i nie b\u0119dzie wymaga\u0107 od Ciebie umiej\u0119tno\u015bci kodowania. <\/p> <p><b>Zintegruj kod QR ze swoj\u0105 witryn\u0105 i prowad\u017a u\u017cytkownik\u00f3w bezpo\u015brednio tam, gdzie chcesz, oraz usprawnij korzystanie z tre\u015bci<\/b><\/p> <\/div> <div class=\"application-platform-content-item-features  application-platform-content-item\" id=\"features \" data-nav-section=\"features \"> <h2>To tylko kilka cennych funkcji wtyczki: <\/h2> <ul><li>Natychmiastowy dost\u0119p do tre\u015bci<\/li><li>Do\u0142\u0105cz dowolny tekst<\/li><li>Osiem wymiennych logo <\/li><li>Pi\u0119tna\u015bcie wymiennych ikon do wyboru<\/li><li>Przemaluj wszystkie elementy<\/li><\/ul><p><a href=\"#demo\">Po prostu wypr\u00f3buj t\u0119 wersj\u0119 demonstracyjn\u0105, aby zrozumie\u0107 funkcjonalno\u015b\u0107 wtyczki<\/a><\/p> <\/div> <div class=\"application-platform-content-item-installation application-platform-content-item\" id=\"installation\" data-nav-section=\"installation\"> <h2>Jak doda\u0107 kod QR do mojej witryny GoDaddy? <\/h2> <p>Wystarczy wykona\u0107 poni\u017csze kroki, aby rozpocz\u0105\u0107 prac\u0119 z wtyczk\u0105. <\/p> <ol><li><b>Skorzystaj z naszego bezp\u0142atnego edytora i zacznij kszta\u0142towa\u0107 sw\u00f3j niestandardowy instrument. <\/b><br> Znajd\u017a preferowan\u0105 form\u0119 i funkcje wtyczki i zapisz poprawki. <\/li> <li><b>Odbierz sw\u00f3j osobisty kod, kt\u00f3ry pojawi si\u0119 w oknie aplikacji Elfsight. <\/b><br> Po skonfigurowaniu osobistej wtyczki skopiuj ekskluzywny kod z wyskakuj\u0105cego okienka i zapisz go do dalszego wykorzystania. <\/li> <li><b>Rozpocznij korzystanie z wtyczki w witrynie GoDaddy. <\/b><br> Zintegruj skopiowany wcze\u015bniej kod ze swoj\u0105 witryn\u0105 i zastosuj zmiany. <\/li> <li><b>Gotowe! Osadzanie zosta\u0142o w pe\u0142ni zako\u0144czone. <\/b><br> Odwied\u017a swoj\u0105 witryn\u0119, aby sprawdzi\u0107 dzia\u0142anie wtyczki. <\/li><\/ol> <p>W przypadku pyta\u0144 lub wyst\u0105pienia jakichkolwiek komplikacji prosimy o kontakt z naszym personelem pomocy technicznej. Nasi konsultanci z przyjemno\u015bci\u0105 rozwi\u0105\u017c\u0105 wszystkie problemy, jakie mo\u017cesz mie\u0107 z produktem. <\/p> <div class=\"faq\" data-component=\"FAQ\"><div class=\"faq-item\">\r\n\t\t\t\t\t<div class=\"faq-item-question\">\r\n\t\t\t\t\t\t<h3 class=\"faq-item-question-text\">Czy istnieje spos\u00f3b na osadzenie kodu QR na mojej stronie g\u0142\u00f3wnej GoDaddy bez kodowania?<\/h3>\r\n\r\n\t\t\t\t\t\t<div class=\"faq-item-question-icon\"><\/div>\r\n\t\t\t\t\t<\/div>\r\n\r\n\t\t\t\t\t<div class=\"faq-item-answer\">\r\n\t\t\t\t\t\t<div class=\"faq-item-answer-text\"> <p>Firma Elfsight wprowadza rozwi\u0105zanie SaaS, kt\u00f3re pozwala u\u017cytkownikom samodzielnie utworzy\u0107 sekcj\u0119 z kodem QR, odkryj nieskomplikowane kroki: Przejd\u017a do edytora online, aby utworzy\u0107 sekcj\u0119 kodu QR, kt\u00f3ra ma by\u0107 wy\u015bwietlana w witrynie GoDaddy. Wybierz jeden z wielu wst\u0119pnie zaprojektowanych szablon\u00f3w i dostosuj ustawienia kodu QR, zmie\u0144 uk\u0142ad i schemat kolor\u00f3w, dodaj tre\u015b\u0107 bez \u017cadnego do\u015bwiadczenia w kodowaniu. Kliknij, aby zapisa\u0107 kod QR i skopiuj kod do umieszczenia na stronie, kt\u00f3ry mo\u017cesz \u0142atwo umie\u015bci\u0107 w dowolnej witrynie GoDaddy, bez konieczno\u015bci kupowania wersji p\u0142atnej. Korzystaj\u0105c z naszego prostego edytora, ka\u017cdy u\u017cytkownik Internetu mo\u017ce utworzy\u0107 aplikacj\u0119 z kodem QR i \u0142atwo umie\u015bci\u0107 j\u0105 w dowolnej witrynie GoDaddy. Aby uzyska\u0107 dost\u0119p do us\u0142ugi, nie jest wymagane wykupienie p\u0142atnej subskrypcji ani ujawnianie danych uwierzytelniaj\u0105cych karty. Je\u015bli na kt\u00f3rymkolwiek etapie napotkasz jakiekolwiek problemy, nie wahaj si\u0119 porozmawia\u0107 z naszym personelem pomocy technicznej.<\/p> <\/div>\r\n\t\t\t\t\t<\/div>\r\n\t\t\t\t<\/div> <\/div><\/div>","protected":false},"excerpt":{"rendered":"","protected":false},"author":9,"featured_media":0,"parent":3416,"menu_order":0,"comment_status":"closed","ping_status":"closed","template":"templates\/template-application-platform.php","meta":{"publish_to_discourse":"","publish_post_category":"","wpdc_auto_publish_overridden":"","wpdc_topic_tags":"","wpdc_pin_topic":"","wpdc_pin_until":"","discourse_post_id":"","discourse_permalink":"","wpdc_publishing_response":"","wpdc_publishing_error":"","footnotes":""},"class_list":["post-6158","page","type-page","status-publish","hentry"],"yoast_head":"<!-- This site is optimized with the Yoast SEO plugin v25.3.1 - https:\/\/yoast.com\/wordpress\/plugins\/seo\/ -->\n<title>Kod QR \u2014 dodaj wtyczk\u0119 kodu QR do witryny GoDaddy!<\/title>\n<meta name=\"description\" content=\"Szybko utw\u00f3rz sw\u00f3j unikalny kod QR dla witryny GoDaddy. Po prostu zastosuj nasze demo, a Twoja aplikacja zostanie zbudowana w mniej ni\u017c minut\u0119.\" \/>\n<meta name=\"robots\" content=\"index, follow, max-snippet:-1, max-image-preview:large, max-video-preview:-1\" \/>\n<link rel=\"canonical\" href=\"https:\/\/elfsight.com\/pl\/qr-code-widget\/godaddy\/\" \/>\n<meta property=\"og:locale\" content=\"pl_PL\" \/>\n<meta property=\"og:type\" content=\"article\" \/>\n<meta property=\"og:title\" content=\"Kod QR \u2014 dodaj wtyczk\u0119 kodu QR do witryny GoDaddy!\" \/>\n<meta property=\"og:description\" content=\"Szybko utw\u00f3rz sw\u00f3j unikalny kod QR dla witryny GoDaddy. Po prostu zastosuj nasze demo, a Twoja aplikacja zostanie zbudowana w mniej ni\u017c minut\u0119.\" \/>\n<meta property=\"og:url\" content=\"https:\/\/elfsight.com\/pl\/qr-code-widget\/godaddy\/\" \/>\n<meta property=\"og:site_name\" content=\"Elfsight PL\" \/>\n<meta property=\"article:modified_time\" content=\"2024-10-23T13:43:56+00:00\" \/>\n<meta name=\"twitter:card\" content=\"summary_large_image\" \/>\n<meta name=\"twitter:label1\" content=\"Szacowany czas czytania\" \/>\n\t<meta name=\"twitter:data1\" content=\"3 minuty\" \/>\n<!-- \/ Yoast SEO plugin. -->","yoast_head_json":{"title":"Kod QR \u2014 dodaj wtyczk\u0119 kodu QR do witryny GoDaddy!","description":"Szybko utw\u00f3rz sw\u00f3j unikalny kod QR dla witryny GoDaddy. Po prostu zastosuj nasze demo, a Twoja aplikacja zostanie zbudowana w mniej ni\u017c minut\u0119.","robots":{"index":"index","follow":"follow","max-snippet":"max-snippet:-1","max-image-preview":"max-image-preview:large","max-video-preview":"max-video-preview:-1"},"canonical":"https:\/\/elfsight.com\/pl\/qr-code-widget\/godaddy\/","og_locale":"pl_PL","og_type":"article","og_title":"Kod QR \u2014 dodaj wtyczk\u0119 kodu QR do witryny GoDaddy!","og_description":"Szybko utw\u00f3rz sw\u00f3j unikalny kod QR dla witryny GoDaddy. Po prostu zastosuj nasze demo, a Twoja aplikacja zostanie zbudowana w mniej ni\u017c minut\u0119.","og_url":"https:\/\/elfsight.com\/pl\/qr-code-widget\/godaddy\/","og_site_name":"Elfsight PL","article_modified_time":"2024-10-23T13:43:56+00:00","twitter_card":"summary_large_image","twitter_misc":{"Szacowany czas czytania":"3 minuty"},"schema":{"@context":"https:\/\/schema.org","@graph":[{"@type":"WebPage","@id":"https:\/\/elfsight.com\/pl\/qr-code-widget\/godaddy\/","url":"https:\/\/elfsight.com\/pl\/qr-code-widget\/godaddy\/","name":"Kod QR \u2014 dodaj wtyczk\u0119 kodu QR do witryny GoDaddy!","isPartOf":{"@id":"https:\/\/elfsight.com\/pl\/#website"},"datePublished":"1970-01-01T00:00:00+00:00","dateModified":"2024-10-23T13:43:56+00:00","description":"Szybko utw\u00f3rz sw\u00f3j unikalny kod QR dla witryny GoDaddy. Po prostu zastosuj nasze demo, a Twoja aplikacja zostanie zbudowana w mniej ni\u017c minut\u0119.","breadcrumb":{"@id":"https:\/\/elfsight.com\/pl\/qr-code-widget\/godaddy\/#breadcrumb"},"inLanguage":"pl-PL","potentialAction":[{"@type":"ReadAction","target":["https:\/\/elfsight.com\/pl\/qr-code-widget\/godaddy\/"]}]},{"@type":"BreadcrumbList","@id":"https:\/\/elfsight.com\/pl\/qr-code-widget\/godaddy\/#breadcrumb","itemListElement":[{"@type":"ListItem","position":1,"name":"Home","item":"https:\/\/elfsight.com\/pl\/"},{"@type":"ListItem","position":2,"name":"QR Code","item":"https:\/\/elfsight.com\/pl\/qr-code-widget\/"},{"@type":"ListItem","position":3,"name":"QR Code &#8211; GoDaddy"}]},{"@type":"WebSite","@id":"https:\/\/elfsight.com\/pl\/#website","url":"https:\/\/elfsight.com\/pl\/","name":"Elfsight PL","description":"Just another Elfsight Sites site","potentialAction":[{"@type":"SearchAction","target":{"@type":"EntryPoint","urlTemplate":"https:\/\/elfsight.com\/pl\/?s={search_term_string}"},"query-input":{"@type":"PropertyValueSpecification","valueRequired":true,"valueName":"search_term_string"}}],"inLanguage":"pl-PL"}]}},"meta_box":{"industry":"","seo_heading":"","heading":"","description":"","cta_heading":"","cta_description":"","application":"3359","h1":"Wtyczka kodu QR GoDaddy","h1_caption":"Wygeneruj i wy\u015bwietl kod QR, aby \u0142atwo uzyska\u0107 dost\u0119p do adres\u00f3w URL, sieci Wi-Fi, wizyt\u00f3wek i nie tylko w witrynie GoDaddy.","application_category":[],"applications_title":"","applications_request_title":"","applications_request_button_text":"","hero_text":"","hero_video":"","hero_video_schema_markup":"","selling_points_title":"","selling_points_caption":"","selling_points":[],"selling_points_cta_text":"","features_title":"","features":"","ed_cta_examples_text":"","ed_cta_examples_hidden":"","ed_cta_demo_text":"","ed_cta_demo_hidden":"","why_caption":"","why_editor_title":"","why_editor_text":"","why_team_title":"","why_team_text":"","why_service_title":"","why_service_text":"","template_catalog_visible":"","template_catalog_title":"","template_catalog_text":"","template_catalog_categories_visible":"","demo_title":"Nie wahaj si\u0119 zaprojektowa\u0107 w\u0142asnego odtwarzacza radiowego","demo_caption":"Dostosuj go i zintegruj ze swoj\u0105 stron\u0105 g\u0142\u00f3wn\u0105 z wersji demonstracyjnej na \u017cywo.","default_faq_hidden":"","app_template_category":[],"platform":"180","template_public_id":"","codecanyon_url":"","codecanyon_item_id":"","codecanyon_price":"","pricing_caption":"","pricing_elfsight_apps_hide_column":"","pricing_elfsight_apps_url":"","pricing_codecanyon_price_caption":"","integration_category":[],"integration_request_title":"","integration_request_cta":"","integration_platform":"","integrations":[],"platform_category":[],"video_schema_markup":"","price":"od 0 USD \/ miesi\u0105c","trial":"","benefits":[{"text":"Bezp\u0142atna us\u0142uga monta\u017cu"},{"text":"Skuteczna obs\u0142uga klienta"},{"text":"14-dniowa gwarancja zwrotu pieni\u0119dzy"}],"button_url":"#demo","button_target_blank":"","button_nofollow":"","attributes":[{"name":"Instaluje"},{"name":"Czu\u0142y"},{"name":"Kompatybilne przegl\u0105darki"}],"tags":[],"tags_disable_links":"","hide_more_platforms":"","video_object":"","demo_hide_cta":"","demo_hide_cloud_options":"","pricing_title":"","pricing":[{"pricing_icon":"platform","pricing_title":"Elfsight Apps","pricing_title_caption":"Wieloplatformowe rozwi\u0105zanie cyfrowe, kt\u00f3re pasuje do ka\u017cdej witryny","pricing_price":"od 0 USD \/ miesi\u0105c","pricing_price_caption":"zacznij od bezp\u0142atnego planu","pricing_benefits":[{"text":"Nielimitowane domeny"},{"text":"Ca\u0142odobowe i terminowe wsparcie oraz dobrze udokumentowane"},{"text":"Bezp\u0142atna pomoc w instalacji"},{"text":"Elastyczny projekt"}],"pricing_button_text":"Dodaj do witryny","pricing_button_url":"#demo"}],"related_apps_title":"","related_apps_hidden":"","author":"","image":[],"title":"","job":"","social_networks":[]},"_links":{"self":[{"href":"https:\/\/elfsight.com\/pl\/wp-json\/wp\/v2\/pages\/6158","targetHints":{"allow":["GET"]}}],"collection":[{"href":"https:\/\/elfsight.com\/pl\/wp-json\/wp\/v2\/pages"}],"about":[{"href":"https:\/\/elfsight.com\/pl\/wp-json\/wp\/v2\/types\/page"}],"author":[{"embeddable":true,"href":"https:\/\/elfsight.com\/pl\/wp-json\/wp\/v2\/users\/9"}],"replies":[{"embeddable":true,"href":"https:\/\/elfsight.com\/pl\/wp-json\/wp\/v2\/comments?post=6158"}],"version-history":[{"count":1,"href":"https:\/\/elfsight.com\/pl\/wp-json\/wp\/v2\/pages\/6158\/revisions"}],"predecessor-version":[{"id":6162,"href":"https:\/\/elfsight.com\/pl\/wp-json\/wp\/v2\/pages\/6158\/revisions\/6162"}],"up":[{"embeddable":true,"href":"https:\/\/elfsight.com\/pl\/wp-json\/wp\/v2\/pages\/3416"}],"wp:attachment":[{"href":"https:\/\/elfsight.com\/pl\/wp-json\/wp\/v2\/media?parent=6158"}],"curies":[{"name":"wp","href":"https:\/\/api.w.org\/{rel}","templated":true}]}}