{"id":6157,"date":"1970-01-01T00:00:00","date_gmt":"1970-01-01T00:00:00","guid":{"rendered":"https:\/\/elfsight.com\/pl\/?page_id=6157"},"modified":"2024-10-23T13:43:31","modified_gmt":"2024-10-23T13:43:31","slug":"prestashop","status":"publish","type":"page","link":"https:\/\/elfsight.com\/pl\/qr-code-widget\/prestashop\/","title":{"rendered":"QR Code &#8211; PrestaShop"},"content":{"rendered":"<div class=\"application-platform-content-item-description application-platform-content-item\" id=\"description\" data-nav-section=\"description\"> <h2>Opis<\/h2> <p>Kod QR to niezwyk\u0142e narz\u0119dzie, kt\u00f3re pozwala szybko przekierowa\u0107 odwiedzaj\u0105cych na dowoln\u0105 stron\u0119 internetow\u0105, udost\u0119pni\u0107 link , Twoj\u0105 lokalizacj\u0119, adres e-mail, plik i wiele innych. Narz\u0119dzie jest niezwykle konfigurowalne: mo\u017cesz doda\u0107 tytu\u0142, podpis, wybra\u0107 najbardziej pasuj\u0105c\u0105 ikon\u0119 i typ logo, korzystaj\u0105c z naszej biblioteki lub przes\u0142a\u0107 w\u0142asne, przemalowa\u0107 tekst, t\u0142o, ramk\u0119 i zmieni\u0107 rozmiar wid\u017cetu tak, aby pasowa\u0142 do Twojej witryny. Wszystko, co musisz zrobi\u0107, to po prostu rozpocz\u0105\u0107 tworzenie narz\u0119dzia \u2013 instalacja jest prosta i nie b\u0119dzie wymaga\u0107 od Ciebie umiej\u0119tno\u015bci kodowania. <\/p> <p><b>Zwi\u0119ksz skuteczno\u015b\u0107 swojej witryny w celach e-commerce za pomoc\u0105 kodu QR<\/b><\/p> <\/div> <div class=\"application-platform-content-item-features application-platform-content-item\" id=\"features\" data-nav-section=\"features\"> <h2>Te to tylko kilka z wielu funkcji widgetu: <\/h2> <ul><li>Natychmiastowy dost\u0119p do tre\u015bci<\/li><li>Mo\u017cliwo\u015b\u0107 udost\u0119pniania adres\u00f3w URL, lokalizacji, plik\u00f3w, profili w mediach spo\u0142eczno\u015bciowych i wielu innych<\/li><li>Dodaj dowolny tekst<\/li><li>8 wymiennych logo<\/li><li>Mo\u017cliwo\u015b\u0107 przes\u0142ania w\u0142asnego logo<\/li><li>Dost\u0119pnych jest 15 wymiennych ikon<\/li><li> Ramki prezentuj\u0105ce kod w najbardziej wymowny spos\u00f3b<\/li><li>Zmie\u0144 rozmiar kodu<\/li><li>Zmie\u0144 rozmiar tekstu<\/li><li>Do\u0142\u0105cz podpis<\/li><\/ul><p><a href=\"#demo\">Wystarczy sprawdzi\u0107 t\u0119 wersj\u0119 demonstracyjn\u0105, aby uzyska\u0107 pe\u0142ny obraz<\/a><\/p> <\/div> <div class=\"application-platform-content-item-installation application-platform-content-item\" id=\"installation\" data-nav-section=\"installation\"> <h2>Jak doda\u0107 kod QR do mojej witryny PrestaShop? <\/h2> <p>Wystarczy wykona\u0107 poni\u017csze wskaz\u00f3wki, aby zintegrowa\u0107 widget. <\/p> <ol><li><b>Otw\u00f3rz nasze bezp\u0142atne demo i zacznij tworzy\u0107 spersonalizowany widget. <\/b><br> Ustal odpowiedni\u0105 form\u0119 i opcje wid\u017cetu i zapisz poprawki. <\/li> <li><b>Uzyskaj osobisty kod pojawiaj\u0105cy si\u0119 w specjalnym formularzu w aplikacjach Elfsight. <\/b><br> Po zako\u0144czeniu dostosowywania dodatku skopiuj kod osobisty z wy\u015bwietlonego wyskakuj\u0105cego okienka i zachowaj go do dalszego wykorzystania. <\/li> <li><b>Zainicjuj u\u017cycie wid\u017cetu na swojej stronie PrestaShop. <\/b><br> Zaimplementuj skopiowany wcze\u015bniej kod na swojej stronie i zapisz poprawki. <\/li> <li><b>Gotowe! Integracja zosta\u0142a pomy\u015blnie przeprowadzona. <\/b><br> Przejd\u017a do swojej witryny, aby sprawdzi\u0107 dzia\u0142anie wid\u017cetu. <\/li><\/ol> <p>W przypadku pyta\u0144 lub komplikacji prosimy o kontakt z naszym dzia\u0142em obs\u0142ugi klienta. Nasi konsultanci z przyjemno\u015bci\u0105 rozwi\u0105\u017c\u0105 wszelkie trudno\u015bci, jakie mo\u017cesz napotka\u0107 w zwi\u0105zku z narz\u0119dziem. <\/p> <div class=\"faq\" data-component=\"FAQ\"><div class=\"faq-item\">\r\n\t\t\t\t\t<div class=\"faq-item-question\">\r\n\t\t\t\t\t\t<h3 class=\"faq-item-question-text\">Czy istnieje mo\u017cliwo\u015b\u0107 osadzenia kodu QR na mojej stronie PrestaShop bez umiej\u0119tno\u015bci kodowania?<\/h3>\r\n\r\n\t\t\t\t\t\t<div class=\"faq-item-question-icon\"><\/div>\r\n\t\t\t\t\t<\/div>\r\n\r\n\t\t\t\t\t<div class=\"faq-item-answer\">\r\n\t\t\t\t\t\t<div class=\"faq-item-answer-text\"> <p>Elfsight zapewnia rozwi\u0105zanie, kt\u00f3re pozwala szerokiemu gronu odbiorc\u00f3w samodzielnie wygenerowa\u0107 wtyczk\u0119 z kodem QR, sprawd\u017a jak prosty jest ten proces: Pracuj w edytorze online, aby utworzy\u0107 sekcj\u0119 z kodem QR, kt\u00f3r\u0105 chcesz osadzi\u0107 na stronie PrestaShop. Zdecyduj si\u0119 na jeden z gotowych szablon\u00f3w i dostosuj ustawienia QR Code, dodaj swoj\u0105 tre\u015b\u0107, zmie\u0144 uk\u0142ad i kolor element\u00f3w bez umiej\u0119tno\u015bci kodowania. Kliknij, aby zapisa\u0107 ustawienia wprowadzone w kodzie QR i skopiuj kod wid\u017cetu w celu instalacji, kt\u00f3ry mo\u017cna bezp\u0142atnie wklei\u0107 na dowolnej stronie g\u0142\u00f3wnej PrestaShop. Dzi\u0119ki naszemu przyjaznemu dla u\u017cytkownika konfiguratorowi ka\u017cdy u\u017cytkownik sieci mo\u017ce wygenerowa\u0107 sekcj\u0119 z kodem QR i \u0142atwo umie\u015bci\u0107 j\u0105 na dowolnej stronie g\u0142\u00f3wnej PrestaShop. Aby wej\u015b\u0107 do naszego Edytora, nie mo\u017cesz p\u0142aci\u0107 ani ujawnia\u0107 danych swojej karty. Je\u015bli napotkasz jakiekolwiek problemy, skontaktuj si\u0119 z naszym zespo\u0142em pomocy technicznej.<\/p> <\/div>\r\n\t\t\t\t\t<\/div>\r\n\t\t\t\t<\/div> <\/div><\/div>","protected":false},"excerpt":{"rendered":"","protected":false},"author":9,"featured_media":0,"parent":3416,"menu_order":0,"comment_status":"closed","ping_status":"closed","template":"templates\/template-application-platform.php","meta":{"publish_to_discourse":"","publish_post_category":"","wpdc_auto_publish_overridden":"","wpdc_topic_tags":"","wpdc_pin_topic":"","wpdc_pin_until":"","discourse_post_id":"","discourse_permalink":"","wpdc_publishing_response":"","wpdc_publishing_error":"","footnotes":""},"class_list":["post-6157","page","type-page","status-publish","hentry"],"yoast_head":"<!-- This site is optimized with the Yoast SEO plugin v25.3.1 - https:\/\/yoast.com\/wordpress\/plugins\/seo\/ -->\n<title>Generator kod\u00f3w QR - Dodaj wtyczk\u0119 kodu QR do PrestaShop [2026]<\/title>\n<meta name=\"description\" content=\"Szybko zbuduj w\u0142asny generator kod\u00f3w QR dla witryny PrestaShop. Po prostu zastosuj nasze demo, a Twoja wtyczka zostanie zbudowana w ci\u0105gu dw\u00f3ch minut.\" \/>\n<meta name=\"robots\" content=\"index, follow, max-snippet:-1, max-image-preview:large, max-video-preview:-1\" \/>\n<link rel=\"canonical\" href=\"https:\/\/elfsight.com\/pl\/qr-code-widget\/prestashop\/\" \/>\n<meta property=\"og:locale\" content=\"pl_PL\" \/>\n<meta property=\"og:type\" content=\"article\" \/>\n<meta property=\"og:title\" content=\"Generator kod\u00f3w QR - Dodaj wtyczk\u0119 kodu QR do PrestaShop [2026]\" \/>\n<meta property=\"og:description\" content=\"Szybko zbuduj w\u0142asny generator kod\u00f3w QR dla witryny PrestaShop. Po prostu zastosuj nasze demo, a Twoja wtyczka zostanie zbudowana w ci\u0105gu dw\u00f3ch minut.\" \/>\n<meta property=\"og:url\" content=\"https:\/\/elfsight.com\/pl\/qr-code-widget\/prestashop\/\" \/>\n<meta property=\"og:site_name\" content=\"Elfsight PL\" \/>\n<meta property=\"article:modified_time\" content=\"2024-10-23T13:43:31+00:00\" \/>\n<meta name=\"twitter:card\" content=\"summary_large_image\" \/>\n<meta name=\"twitter:label1\" content=\"Szacowany czas czytania\" \/>\n\t<meta name=\"twitter:data1\" content=\"3 minuty\" \/>\n<!-- \/ Yoast SEO plugin. -->","yoast_head_json":{"title":"Generator kod\u00f3w QR - Dodaj wtyczk\u0119 kodu QR do PrestaShop [2026]","description":"Szybko zbuduj w\u0142asny generator kod\u00f3w QR dla witryny PrestaShop. Po prostu zastosuj nasze demo, a Twoja wtyczka zostanie zbudowana w ci\u0105gu dw\u00f3ch minut.","robots":{"index":"index","follow":"follow","max-snippet":"max-snippet:-1","max-image-preview":"max-image-preview:large","max-video-preview":"max-video-preview:-1"},"canonical":"https:\/\/elfsight.com\/pl\/qr-code-widget\/prestashop\/","og_locale":"pl_PL","og_type":"article","og_title":"Generator kod\u00f3w QR - Dodaj wtyczk\u0119 kodu QR do PrestaShop [2026]","og_description":"Szybko zbuduj w\u0142asny generator kod\u00f3w QR dla witryny PrestaShop. Po prostu zastosuj nasze demo, a Twoja wtyczka zostanie zbudowana w ci\u0105gu dw\u00f3ch minut.","og_url":"https:\/\/elfsight.com\/pl\/qr-code-widget\/prestashop\/","og_site_name":"Elfsight PL","article_modified_time":"2024-10-23T13:43:31+00:00","twitter_card":"summary_large_image","twitter_misc":{"Szacowany czas czytania":"3 minuty"},"schema":{"@context":"https:\/\/schema.org","@graph":[{"@type":"WebPage","@id":"https:\/\/elfsight.com\/pl\/qr-code-widget\/prestashop\/","url":"https:\/\/elfsight.com\/pl\/qr-code-widget\/prestashop\/","name":"Generator kod\u00f3w QR - Dodaj wtyczk\u0119 kodu QR do PrestaShop [2026]","isPartOf":{"@id":"https:\/\/elfsight.com\/pl\/#website"},"datePublished":"1970-01-01T00:00:00+00:00","dateModified":"2024-10-23T13:43:31+00:00","description":"Szybko zbuduj w\u0142asny generator kod\u00f3w QR dla witryny PrestaShop. Po prostu zastosuj nasze demo, a Twoja wtyczka zostanie zbudowana w ci\u0105gu dw\u00f3ch minut.","breadcrumb":{"@id":"https:\/\/elfsight.com\/pl\/qr-code-widget\/prestashop\/#breadcrumb"},"inLanguage":"pl-PL","potentialAction":[{"@type":"ReadAction","target":["https:\/\/elfsight.com\/pl\/qr-code-widget\/prestashop\/"]}]},{"@type":"BreadcrumbList","@id":"https:\/\/elfsight.com\/pl\/qr-code-widget\/prestashop\/#breadcrumb","itemListElement":[{"@type":"ListItem","position":1,"name":"Home","item":"https:\/\/elfsight.com\/pl\/"},{"@type":"ListItem","position":2,"name":"QR Code","item":"https:\/\/elfsight.com\/pl\/qr-code-widget\/"},{"@type":"ListItem","position":3,"name":"QR Code &#8211; PrestaShop"}]},{"@type":"WebSite","@id":"https:\/\/elfsight.com\/pl\/#website","url":"https:\/\/elfsight.com\/pl\/","name":"Elfsight PL","description":"Just another Elfsight Sites site","potentialAction":[{"@type":"SearchAction","target":{"@type":"EntryPoint","urlTemplate":"https:\/\/elfsight.com\/pl\/?s={search_term_string}"},"query-input":{"@type":"PropertyValueSpecification","valueRequired":true,"valueName":"search_term_string"}}],"inLanguage":"pl-PL"}]}},"meta_box":{"industry":"","seo_heading":"","heading":"","description":"","cta_heading":"","cta_description":"","application":"3359","h1":"Generator kod\u00f3w QR PrestaShop","h1_caption":"Wygeneruj i wy\u015bwietl kod qr, aby \u0142atwo uzyska\u0107 dost\u0119p do adres\u00f3w URL, Wi-Fi, wizyt\u00f3wek i nie tylko na swojej stronie Prestashop.","application_category":[],"applications_title":"","applications_request_title":"","applications_request_button_text":"","hero_text":"","hero_video":"","hero_video_schema_markup":"","selling_points_title":"","selling_points_caption":"","selling_points":[],"selling_points_cta_text":"","features_title":"","features":"","ed_cta_examples_text":"","ed_cta_examples_hidden":"","ed_cta_demo_text":"","ed_cta_demo_hidden":"","why_caption":"","why_editor_title":"","why_editor_text":"","why_team_title":"","why_team_text":"","why_service_title":"","why_service_text":"","template_catalog_visible":"","template_catalog_title":"","template_catalog_text":"","template_catalog_categories_visible":"","demo_title":"Pospiesz si\u0119, aby stworzy\u0107 szyty na miar\u0119 kod QR PrestaShop!","demo_caption":"Dostosuj go i zintegruj ze swoj\u0105 stron\u0105 g\u0142\u00f3wn\u0105 poprzez demonstracj\u0119 na \u017cywo","default_faq_hidden":"","app_template_category":[],"platform":"586","template_public_id":"","codecanyon_url":"","codecanyon_item_id":"","codecanyon_price":"","pricing_caption":"","pricing_elfsight_apps_hide_column":"","pricing_elfsight_apps_url":"","pricing_codecanyon_price_caption":"","integration_category":[],"integration_request_title":"","integration_request_cta":"","integration_platform":"","integrations":[],"platform_category":[],"video_schema_markup":"","price":"od 0 USD \/ miesi\u0105c","trial":"","benefits":[{"text":"Bezp\u0142atna pomoc w monta\u017cu"},{"text":"Do\u015bwiadczona obs\u0142uga klienta"},{"text":"14-dniowa gwarancja zwrotu pieni\u0119dzy"}],"button_url":"#demo","button_target_blank":"","button_nofollow":"","attributes":[{"name":"Instaluje"},{"name":"Czu\u0142y"},{"name":"Kompatybilne przegl\u0105darki"}],"tags":[],"tags_disable_links":"","hide_more_platforms":"","video_object":"","demo_hide_cta":"","demo_hide_cloud_options":"","pricing_title":"","pricing":[{"pricing_icon":"platform","pricing_title":"Elfsight Apps","pricing_title_caption":"Oprogramowanie niezale\u017cne od platformy","pricing_price":"od 0 USD \/ miesi\u0105c","pricing_price_caption":"zacznij od bezp\u0142atnego planu","pricing_benefits":[{"text":"Nielimitowane strony internetowe"},{"text":"Ca\u0142odobowa obs\u0142uga klienta"},{"text":"Bezp\u0142atne wsparcie przy instalacji"},{"text":"100% konfigurowalny"}],"pricing_button_text":"Dodaj do witryny","pricing_button_url":"#demo"}],"related_apps_title":"","related_apps_hidden":"","author":"","image":[],"title":"","job":"","social_networks":[]},"_links":{"self":[{"href":"https:\/\/elfsight.com\/pl\/wp-json\/wp\/v2\/pages\/6157","targetHints":{"allow":["GET"]}}],"collection":[{"href":"https:\/\/elfsight.com\/pl\/wp-json\/wp\/v2\/pages"}],"about":[{"href":"https:\/\/elfsight.com\/pl\/wp-json\/wp\/v2\/types\/page"}],"author":[{"embeddable":true,"href":"https:\/\/elfsight.com\/pl\/wp-json\/wp\/v2\/users\/9"}],"replies":[{"embeddable":true,"href":"https:\/\/elfsight.com\/pl\/wp-json\/wp\/v2\/comments?post=6157"}],"version-history":[{"count":1,"href":"https:\/\/elfsight.com\/pl\/wp-json\/wp\/v2\/pages\/6157\/revisions"}],"predecessor-version":[{"id":6161,"href":"https:\/\/elfsight.com\/pl\/wp-json\/wp\/v2\/pages\/6157\/revisions\/6161"}],"up":[{"embeddable":true,"href":"https:\/\/elfsight.com\/pl\/wp-json\/wp\/v2\/pages\/3416"}],"wp:attachment":[{"href":"https:\/\/elfsight.com\/pl\/wp-json\/wp\/v2\/media?parent=6157"}],"curies":[{"name":"wp","href":"https:\/\/api.w.org\/{rel}","templated":true}]}}