{"id":6152,"date":"1970-01-01T00:00:00","date_gmt":"1970-01-01T00:00:00","guid":{"rendered":"https:\/\/elfsight.com\/pl\/?page_id=6152"},"modified":"2024-10-23T13:43:48","modified_gmt":"2024-10-23T13:43:48","slug":"jimdo","status":"publish","type":"page","link":"https:\/\/elfsight.com\/pl\/qr-code-widget\/jimdo\/","title":{"rendered":"QR Code &#8211; Jimdo"},"content":{"rendered":"<div class=\"application-platform-content-item-description application-platform-content-item\" id=\"description\" data-nav-section=\"description\"><h2>Opis<\/h2> <p>Kod QR Elfsight to niezwyk\u0142e narz\u0119dzie umo\u017cliwiaj\u0105ce natychmiastowe przekierowanie u\u017cytkownik\u00f3w na dowoln\u0105 stron\u0119 internetow\u0105, udost\u0119pnienie adresu URL , Twoj\u0105 lokalizacj\u0119, adres e-mail, dowolny plik i nie tylko. Narz\u0119dzie jest niezwykle konfigurowalne: mo\u017cesz doda\u0107 tytu\u0142, obja\u015bniaj\u0105cy podpis, wybra\u0107 najbardziej pasuj\u0105c\u0105 ikon\u0119 i logo, korzystaj\u0105c z naszej biblioteki lub stworzy\u0107 w\u0142asne, zmieni\u0107 kolor tekstu, t\u0142a, ramki i zmieni\u0107 rozmiar wid\u017cetu zgodnie z potrzebami. Pozostaje tylko rozpocz\u0105\u0107 tworzenie spersonalizowanej funkcji \u2014 instalacja jest prosta i nie wymaga \u017cadnych umiej\u0119tno\u015bci kodowania. <\/p> <p><b>Ulepsz swoj\u0105 witryn\u0119 internetow\u0105 pod k\u0105tem zada\u0144 biznesowych za pomoc\u0105 kodu QR.<\/b><\/p> <\/div> <div class=\"application-platform-content-item-features application-platform-content-item\" id=\"features\" data-nav-section=\"features\"> <h2>Najbardziej cenne funkcje widget\u00f3w<\/h2> <ul><li>Natychmiastowy dost\u0119p do tre\u015bci<\/li><li>Mo\u017cliwo\u015b\u0107 udost\u0119pniania adres\u00f3w URL, lokalizacji, plik\u00f3w, profili w mediach spo\u0142eczno\u015bciowych i wielu innych<\/li><li> Dodaj dowolny tekst<\/li><li>8 wymiennych logo<\/li><li>Mo\u017cliwo\u015b\u0107 przes\u0142ania w\u0142asnego logo<\/li><li>Dost\u0119pnych 15 wymiennych ikon<\/li><li>Ramki do prezentacji kodu najbardziej wymowny spos\u00f3b<\/li><li>Zmie\u0144 rozmiar kodu<\/li><li>Zmie\u0144 rozmiar tekstu<\/li><li>Do\u0142\u0105cz podpis<\/li><\/ul><p><a href=\"#demo\">Odkryj wszystkie opcje dostosowywania w 100% funkcjonalnej wersji demonstracyjnej<\/a><\/p> <\/div> <div class=\"application-platform-content-item-installation application-platform-content-item\" id=\"installation\" data-nav-section=\"installation\"> <h2>Jak doda\u0107 kod QR do strony internetowej Jimdo ? <\/h2> <p>Wystarczy post\u0119powa\u0107 zgodnie z poni\u017cszymi instrukcjami, aby rozpocz\u0105\u0107 prac\u0119 z wid\u017cetem. <\/p> <ol><li><b>Skorzystaj z naszego bezp\u0142atnego edytora i zacznij kszta\u0142towa\u0107 sw\u00f3j niestandardowy instrument. <\/b><br> Wybierz niestandardow\u0105 form\u0119 i opcje wid\u017cetu i zastosuj poprawki. <\/li> <li><b>Odbierz indywidualny kod wy\u015bwietlany w specjalnym formularzu w aplikacjach Elfsight. <\/b><br> Po zako\u0144czeniu dostosowywania osobistego wid\u017cetu skopiuj osobisty kod z wy\u015bwietlonego pola i zachowaj go do p\u00f3\u017aniejszego wykorzystania. <\/li> <li><b>Rozpocznij korzystanie z wid\u017cetu na stronie Jimdo. <\/b><br> Dodaj skopiowany wcze\u015bniej kod na swoj\u0105 stron\u0119 internetow\u0105 i zapisz zmiany. <\/li> <li><b>Konfiguracja zosta\u0142a w pe\u0142ni przeprowadzona. <\/b><br> Odwied\u017a swoj\u0105 stron\u0119 internetow\u0105, aby sprawdzi\u0107, jak dzia\u0142a widget. <\/li><\/ol> <p>Je\u015bli masz jakie\u015b problemy, nie b\u00f3j si\u0119 zwr\u00f3ci\u0107 do naszego personelu pomocy technicznej. Nasi pracownicy ch\u0119tnie odpowiedz\u0105 na wszystkie pytania dotycz\u0105ce produktu. <\/p> <div class=\"faq\" data-component=\"FAQ\"><div class=\"faq-item\">\r\n\t\t\t\t\t<div class=\"faq-item-question\">\r\n\t\t\t\t\t\t<h3 class=\"faq-item-question-text\">Czy istnieje metoda dodania kodu QR do mojej witryny Jimdo bez do\u015bwiadczenia w kodowaniu?<\/h3>\r\n\r\n\t\t\t\t\t\t<div class=\"faq-item-question-icon\"><\/div>\r\n\t\t\t\t\t<\/div>\r\n\r\n\t\t\t\t\t<div class=\"faq-item-answer\">\r\n\t\t\t\t\t\t<div class=\"faq-item-answer-text\"> <p>Elfsight oferuje rozwi\u0105zanie, kt\u00f3re pozwala u\u017cytkownikom samodzielnie utworzy\u0107 wtyczk\u0119 z kodem QR. Dowiedz si\u0119, jak to zrobi\u0107 to proste: zacznij pracowa\u0107 bezpo\u015brednio w wersji demonstracyjnej online, aby utworzy\u0107 sekcj\u0119 z kodem QR, kt\u00f3r\u0105 chcia\u0142by\u015b zobaczy\u0107 na stronie g\u0142\u00f3wnej Jimdo. Wybierz jeden z naszych wst\u0119pnie zaprojektowanych szablon\u00f3w i dostosuj ustawienia kodu QR, zmie\u0144 uk\u0142ad i schemat kolor\u00f3w, dodaj swoj\u0105 tre\u015b\u0107, bez do\u015bwiadczenia w kodowaniu. Zapisz kod QR i uzyskaj kod instalacyjny wid\u017cetu, kt\u00f3ry mo\u017cesz \u0142atwo umie\u015bci\u0107 na dowolnej stronie Jimdo, korzystaj\u0105c z bezp\u0142atnego planu. Dzi\u0119ki prostemu konfiguratorowi ka\u017cdy u\u017cytkownik Internetu mo\u017ce stworzy\u0107 wtyczk\u0119 z kodem QR i bez problemu wklei\u0107 j\u0105 na stron\u0119 Jimdo. Aby wej\u015b\u0107 do naszego Edytora, nie mo\u017cesz p\u0142aci\u0107 ani ujawnia\u0107 danych swojej karty. Je\u015bli na kt\u00f3rymkolwiek etapie napotkasz jakiekolwiek problemy, skontaktuj si\u0119 z naszym personelem pomocy technicznej.<\/p> <\/div>\r\n\t\t\t\t\t<\/div>\r\n\t\t\t\t<\/div> <\/div><\/div>","protected":false},"excerpt":{"rendered":"","protected":false},"author":9,"featured_media":0,"parent":3416,"menu_order":0,"comment_status":"closed","ping_status":"closed","template":"templates\/template-application-platform.php","meta":{"publish_to_discourse":"","publish_post_category":"","wpdc_auto_publish_overridden":"","wpdc_topic_tags":"","wpdc_pin_topic":"","wpdc_pin_until":"","discourse_post_id":"","discourse_permalink":"","wpdc_publishing_response":"","wpdc_publishing_error":"","footnotes":""},"class_list":["post-6152","page","type-page","status-publish","hentry"],"yoast_head":"<!-- This site is optimized with the Yoast SEO plugin v25.3.1 - https:\/\/yoast.com\/wordpress\/plugins\/seo\/ -->\n<title>Generator kod\u00f3w QR - Dodaj wtyczk\u0119 kodu QR do Jimdo [2025]<\/title>\n<meta name=\"description\" content=\"Szybko zbuduj sw\u00f3j w\u0142asny generator kod\u00f3w QR dla strony internetowej Jimdo. Po prostu zastosuj nasze demo, a Twoja wtyczka zostanie zbudowana w mniej ni\u017c dwie minuty.\" \/>\n<meta name=\"robots\" content=\"index, follow, max-snippet:-1, max-image-preview:large, max-video-preview:-1\" \/>\n<link rel=\"canonical\" href=\"https:\/\/elfsight.com\/pl\/qr-code-widget\/jimdo\/\" \/>\n<meta property=\"og:locale\" content=\"pl_PL\" \/>\n<meta property=\"og:type\" content=\"article\" \/>\n<meta property=\"og:title\" content=\"Generator kod\u00f3w QR - Dodaj wtyczk\u0119 kodu QR do Jimdo [2025]\" \/>\n<meta property=\"og:description\" content=\"Szybko zbuduj sw\u00f3j w\u0142asny generator kod\u00f3w QR dla strony internetowej Jimdo. Po prostu zastosuj nasze demo, a Twoja wtyczka zostanie zbudowana w mniej ni\u017c dwie minuty.\" \/>\n<meta property=\"og:url\" content=\"https:\/\/elfsight.com\/pl\/qr-code-widget\/jimdo\/\" \/>\n<meta property=\"og:site_name\" content=\"Elfsight PL\" \/>\n<meta property=\"article:modified_time\" content=\"2024-10-23T13:43:48+00:00\" \/>\n<meta name=\"twitter:card\" content=\"summary_large_image\" \/>\n<meta name=\"twitter:label1\" content=\"Szacowany czas czytania\" \/>\n\t<meta name=\"twitter:data1\" content=\"3 minuty\" \/>\n<!-- \/ Yoast SEO plugin. -->","yoast_head_json":{"title":"Generator kod\u00f3w QR - Dodaj wtyczk\u0119 kodu QR do Jimdo [2025]","description":"Szybko zbuduj sw\u00f3j w\u0142asny generator kod\u00f3w QR dla strony internetowej Jimdo. Po prostu zastosuj nasze demo, a Twoja wtyczka zostanie zbudowana w mniej ni\u017c dwie minuty.","robots":{"index":"index","follow":"follow","max-snippet":"max-snippet:-1","max-image-preview":"max-image-preview:large","max-video-preview":"max-video-preview:-1"},"canonical":"https:\/\/elfsight.com\/pl\/qr-code-widget\/jimdo\/","og_locale":"pl_PL","og_type":"article","og_title":"Generator kod\u00f3w QR - Dodaj wtyczk\u0119 kodu QR do Jimdo [2025]","og_description":"Szybko zbuduj sw\u00f3j w\u0142asny generator kod\u00f3w QR dla strony internetowej Jimdo. Po prostu zastosuj nasze demo, a Twoja wtyczka zostanie zbudowana w mniej ni\u017c dwie minuty.","og_url":"https:\/\/elfsight.com\/pl\/qr-code-widget\/jimdo\/","og_site_name":"Elfsight PL","article_modified_time":"2024-10-23T13:43:48+00:00","twitter_card":"summary_large_image","twitter_misc":{"Szacowany czas czytania":"3 minuty"},"schema":{"@context":"https:\/\/schema.org","@graph":[{"@type":"WebPage","@id":"https:\/\/elfsight.com\/pl\/qr-code-widget\/jimdo\/","url":"https:\/\/elfsight.com\/pl\/qr-code-widget\/jimdo\/","name":"Generator kod\u00f3w QR - Dodaj wtyczk\u0119 kodu QR do Jimdo [2025]","isPartOf":{"@id":"https:\/\/elfsight.com\/pl\/#website"},"datePublished":"1970-01-01T00:00:00+00:00","dateModified":"2024-10-23T13:43:48+00:00","description":"Szybko zbuduj sw\u00f3j w\u0142asny generator kod\u00f3w QR dla strony internetowej Jimdo. Po prostu zastosuj nasze demo, a Twoja wtyczka zostanie zbudowana w mniej ni\u017c dwie minuty.","breadcrumb":{"@id":"https:\/\/elfsight.com\/pl\/qr-code-widget\/jimdo\/#breadcrumb"},"inLanguage":"pl-PL","potentialAction":[{"@type":"ReadAction","target":["https:\/\/elfsight.com\/pl\/qr-code-widget\/jimdo\/"]}]},{"@type":"BreadcrumbList","@id":"https:\/\/elfsight.com\/pl\/qr-code-widget\/jimdo\/#breadcrumb","itemListElement":[{"@type":"ListItem","position":1,"name":"Home","item":"https:\/\/elfsight.com\/pl\/"},{"@type":"ListItem","position":2,"name":"QR Code","item":"https:\/\/elfsight.com\/pl\/qr-code-widget\/"},{"@type":"ListItem","position":3,"name":"QR Code &#8211; Jimdo"}]},{"@type":"WebSite","@id":"https:\/\/elfsight.com\/pl\/#website","url":"https:\/\/elfsight.com\/pl\/","name":"Elfsight PL","description":"Just another Elfsight Sites site","potentialAction":[{"@type":"SearchAction","target":{"@type":"EntryPoint","urlTemplate":"https:\/\/elfsight.com\/pl\/?s={search_term_string}"},"query-input":{"@type":"PropertyValueSpecification","valueRequired":true,"valueName":"search_term_string"}}],"inLanguage":"pl-PL"}]}},"meta_box":{"industry":"","seo_heading":"","heading":"","description":"","cta_heading":"","cta_description":"","application":"3359","h1":"Widget generatora kod\u00f3w QR Jimdo","h1_caption":"Wygeneruj i wy\u015bwietl kod qr, aby \u0142atwo uzyska\u0107 dost\u0119p do adres\u00f3w URL, sieci Wi-Fi, wizyt\u00f3wek i nie tylko na swojej stronie internetowej Jimdo.","application_category":[],"applications_title":"","applications_request_title":"","applications_request_button_text":"","hero_text":"","hero_video":"","hero_video_schema_markup":"","selling_points_title":"","selling_points_caption":"","selling_points":[],"selling_points_cta_text":"","features_title":"","features":"","ed_cta_examples_text":"","ed_cta_examples_hidden":"","ed_cta_demo_text":"","ed_cta_demo_hidden":"","why_caption":"","why_editor_title":"","why_editor_text":"","why_team_title":"","why_team_text":"","why_service_title":"","why_service_text":"","template_catalog_visible":"","template_catalog_title":"","template_catalog_text":"","template_catalog_categories_visible":"","demo_title":"Pospiesz si\u0119, aby zbudowa\u0107 generator kod\u00f3w QR Jimdo!","demo_caption":"Dostosuj widget i zintegruj go ze swoj\u0105 witryn\u0105 za pomoc\u0105 demonstracji na \u017cywo.","default_faq_hidden":"","app_template_category":[],"platform":"193","template_public_id":"","codecanyon_url":"","codecanyon_item_id":"","codecanyon_price":"","pricing_caption":"","pricing_elfsight_apps_hide_column":"","pricing_elfsight_apps_url":"","pricing_codecanyon_price_caption":"","integration_category":[],"integration_request_title":"","integration_request_cta":"","integration_platform":"","integrations":[],"platform_category":[],"video_schema_markup":"","price":"od 0 USD \/ miesi\u0105c","trial":"","benefits":[{"text":"Bezp\u0142atna pomoc w instalacji"},{"text":"Wsparcie premium"},{"text":"14-dniowa gwarancja zwrotu pieni\u0119dzy"}],"button_url":"#demo","button_target_blank":"","button_nofollow":"","attributes":[{"name":"Instaluje"},{"name":"Czu\u0142y"},{"name":"Kompatybilne przegl\u0105darki"}],"tags":[],"tags_disable_links":"","hide_more_platforms":"","video_object":"","demo_hide_cta":"","demo_hide_cloud_options":"","pricing_title":"","pricing":[{"pricing_icon":"platform","pricing_title":"Elfsight Apps","pricing_title_caption":"Wieloplatformowe rozwi\u0105zanie cyfrowe, kt\u00f3re pasuje do ka\u017cdej witryny internetowej","pricing_price":"od 0 USD \/ miesi\u0105c","pricing_price_caption":"zacznij od bezp\u0142atnego planu","pricing_benefits":[{"text":"Nieograniczona liczba domen"},{"text":"Profesjonalna obs\u0142uga klienta"},{"text":"Bezp\u0142atna us\u0142uga monta\u017cu"},{"text":"100% konfigurowalny"}],"pricing_button_text":"Dodaj do witryny","pricing_button_url":"#demo"}],"related_apps_title":"","related_apps_hidden":"","author":"","image":[],"title":"","job":"","social_networks":[]},"_links":{"self":[{"href":"https:\/\/elfsight.com\/pl\/wp-json\/wp\/v2\/pages\/6152","targetHints":{"allow":["GET"]}}],"collection":[{"href":"https:\/\/elfsight.com\/pl\/wp-json\/wp\/v2\/pages"}],"about":[{"href":"https:\/\/elfsight.com\/pl\/wp-json\/wp\/v2\/types\/page"}],"author":[{"embeddable":true,"href":"https:\/\/elfsight.com\/pl\/wp-json\/wp\/v2\/users\/9"}],"replies":[{"embeddable":true,"href":"https:\/\/elfsight.com\/pl\/wp-json\/wp\/v2\/comments?post=6152"}],"version-history":[{"count":1,"href":"https:\/\/elfsight.com\/pl\/wp-json\/wp\/v2\/pages\/6152\/revisions"}],"predecessor-version":[{"id":6156,"href":"https:\/\/elfsight.com\/pl\/wp-json\/wp\/v2\/pages\/6152\/revisions\/6156"}],"up":[{"embeddable":true,"href":"https:\/\/elfsight.com\/pl\/wp-json\/wp\/v2\/pages\/3416"}],"wp:attachment":[{"href":"https:\/\/elfsight.com\/pl\/wp-json\/wp\/v2\/media?parent=6152"}],"curies":[{"name":"wp","href":"https:\/\/api.w.org\/{rel}","templated":true}]}}