{"id":6151,"date":"1970-01-01T00:00:00","date_gmt":"1970-01-01T00:00:00","guid":{"rendered":"https:\/\/elfsight.com\/pl\/?page_id=6151"},"modified":"2024-11-14T12:51:29","modified_gmt":"2024-11-14T12:51:29","slug":"wordpress","status":"publish","type":"page","link":"https:\/\/elfsight.com\/pl\/pricing-table-plugin\/wordpress\/","title":{"rendered":"Pricing Table &#8211; WordPress"},"content":{"rendered":"<div class=\"application-platform-content-item-description application-platform-content-item\" id=\"description\" data-nav-section=\"description\"><h2>Osad\u017a tabel\u0119 cen na WordPress za pomoc\u0105 wid\u017cetu Elfsight<\/h2><p>Dobrze zaprojektowane i responsywne wyceny to jedno z najlepszych narz\u0119dzi stymuluj\u0105cych klient\u00f3w do sk\u0142adania zam\u00f3wie\u0144 na Twojej stronie. Nasza wtyczka nie tylko umo\u017cliwia odwiedzaj\u0105cym stron\u0119 szybk\u0105 wizualizacj\u0119 i por\u00f3wnanie kilku plan\u00f3w cenowych. Pomaga tak\u017ce zwi\u0119kszy\u0107 konwersj\u0119 poprzez zastosowanie inteligentnych trik\u00f3w w projektowaniu i szablonach.<\/p><p><b>Przenie\u015b sprzeda\u017c swojej witryny na wy\u017cszy poziom, korzystaj\u0105c z pot\u0119\u017cnej wtyczki cenowej.<\/b><\/p><ul><li><b>Zdob\u0105d\u017a wi\u0119cej klient\u00f3w<\/b>.<br>Wykorzystaj najm\u0105drzejszy projekt, aby pokona\u0107 obawy i w\u0105tpliwo\u015bci Twoich klient\u00f3w, kt\u00f3re mog\u0105 pojawi\u0107 si\u0119 podczas podejmowania decyzji o zakupie &#8211; i zwi\u0119kszy\u0107 swoj\u0105 konwersj\u0119.<\/li><li><b>Dostosowywanie wtyczki w zaledwie 3 minuty<\/b>.<br>Utw\u00f3rz spersonalizowan\u0105 wtyczk\u0119 w ci\u0105gu kilku sekund. Dopasuj \u017c\u0105dane parametry szablonu i dodaj swoj\u0105 tre\u015b\u0107 &#8211; wy\u015bwietl to wszystko w zaledwie kilku akcjach.<\/li><li><b>Spraw, aby Twoje ceny by\u0142y atrakcyjne dla odwiedzaj\u0105cych<\/b>.<br>Wybierz potrzebne kolory, wstawiaj elementy, u\u017cywaj obraz\u00f3w, aby Twoja cena by\u0142a atrakcyjna dla klient\u00f3w i mia\u0142a pozytywny wp\u0142yw na wynik zakupu.<\/li><\/ul><\/div><div class=\"application-platform-content-item-features application-platform-content-item\" id=\"features\" data-nav-section=\"features\"><h2>G\u0142\u00f3wne cechy Cennika Widget tabeli<\/h2><p>Zalety, kt\u00f3re czyni\u0105 nasz\u0105 tabel\u0119 cen najlepsz\u0105 wtyczk\u0105 do stron WordPress.<\/p><ul><li>6 predefiniowanych element\u00f3w kolumn, kt\u00f3re mo\u017cna uk\u0142ada\u0107 i dostosowywa\u0107 tak, aby uzyska\u0107 idealny wygl\u0105d; <\/li><li>5 predefiniowanych sk\u00f3rek z r\u00f3\u017cnymi schematami kolor\u00f3w;<\/li><li>3 predefiniowane style funkcji;<\/li><li>\u0141\u0105czenie przycisku z wymagan\u0105 stron\u0105;<\/li><li> Responsywny uk\u0142ad mobilny.<\/li><\/ul><p><a href=\"#demo\">Mo\u017cesz sprawdzi\u0107 wszystkie funkcje, korzystaj\u0105c z demonstracji na \u017cywo<\/a><\/p><\/div><div class=\"application-platform-content-item- instalacja application-platform-content-item\" id=\" instalacja\" data-nav-section=\" instalacja\"><h2>Jak utworzy\u0107 tabel\u0119 cen dla witryny WordpPress<\/h2><div class=\"video-container\"><iframe width=\"720\" height=\"405\" src=\"https:\/\/www.youtube.com\/embed\/egjLB_Rh-Eo\" frameborder=\"0\" allowfullscreen=\"\"><\/iframe><\/div><p>Wystarczy wykona\u0107 poni\u017csze kroki, aby aktywowa\u0107 wid\u017cet w WordPressie.<\/p> <ol> <li><b>Uruchom nasz darmowy edytor i zacznij tworzy\u0107 w\u0142asny widget. <\/b><br> Znajd\u017a preferowan\u0105 konstrukcj\u0119 i parametry narz\u0119dzia i zapisz poprawki. <\/li> <li><b>Odbierz sw\u00f3j osobisty kod widoczny w oknie aplikacji Elfsight. <\/b><br> Po utworzeniu wid\u017cetu tabeli cen skopiuj indywidualny kod z wy\u015bwietlonego wyskakuj\u0105cego okienka i zachowaj go do p\u00f3\u017aniejszego wykorzystania. <\/li> <li><b>Rozpocznij korzystanie z wid\u017cetu w swojej witrynie WordPress. <\/b><br> Wstaw skopiowany ostatnio kod na swoj\u0105 stron\u0119 i zastosuj ulepszenia. <\/li> <li><b>Gotowe! Osadzanie zosta\u0142o pomy\u015blnie wykonane. <\/b><br> Odwied\u017a swoj\u0105 witryn\u0119, aby sprawdzi\u0107, jak dzia\u0142a wtyczka. <\/li><\/ol> <p>Masz problemy z dodaniem wtyczki do swojej witryny? Sprawd\u017a nasz\u0105 szczeg\u00f3\u0142ow\u0105 instrukcj\u0119 \u00ab<a href=\"https:\/\/elfsight.com\/tutorials\/how-to-add-pricing-table-to-wordpress\/\" target=\"_blank\" rel=\"noopener noreferrer\">Jak zainstalowa\u0107 tabel\u0119 cenow\u0105 do WordPressa<\/a>\u00bb lub zostaw wiadomo\u015b\u0107 naszemu zespo\u0142owi pomocy technicznej \u2013 rozwi\u0105\u017c\u0105 oni wszystkie problemy w mgnieniu oka.<\/p><\/div><div class=\"faq\" data-component=\"FAQ\"><div class=\"faq-item\">\r\n\t\t\t\t\t<div class=\"faq-item-question\">\r\n\t\t\t\t\t\t<h3 class=\"faq-item-question-text\">W jaki spos\u00f3b mog\u0119 osadzi\u0107 Tabel\u0119 Cenow\u0105 na mojej stronie WordPress?<\/h3>\r\n\r\n\t\t\t\t\t\t<div class=\"faq-item-question-icon\"><\/div>\r\n\t\t\t\t\t<\/div>\r\n\r\n\t\t\t\t\t<div class=\"faq-item-answer\">\r\n\t\t\t\t\t\t<div class=\"faq-item-answer-text\"><p>Budowa narz\u0119dzia odbywa si\u0119 w ramach us\u0142ugi Elfsight i nie musisz uczy\u0107 si\u0119 kodowania. Zastosuj demo online, aby dostosowa\u0107 sw\u00f3j osobisty widget, uzyskaj kod i zaimplementuj go na swojej stronie. <\/p><\/div>\r\n\t\t\t\t\t<\/div>\r\n\t\t\t\t<\/div><div class=\"faq-item\">\r\n\t\t\t\t\t<div class=\"faq-item-question\">\r\n\t\t\t\t\t\t<h3 class=\"faq-item-question-text\">Najlepsze przyk\u0142ady wykorzystania integracji cennik\u00f3w<\/h3>\r\n\r\n\t\t\t\t\t\t<div class=\"faq-item-question-icon\"><\/div>\r\n\t\t\t\t\t<\/div>\r\n\r\n\t\t\t\t\t<div class=\"faq-item-answer\">\r\n\t\t\t\t\t\t<div class=\"faq-item-answer-text\"><p>Zapewniamy szeroki zakres mo\u017cliwo\u015bci dostosowywania: pe\u0142nowymiarowe wid\u017cety do osadzania w tre\u015bci stref\u0119, p\u0142ywaj\u0105ce wid\u017cety z funkcj\u0105 przewijania, uk\u0142ady stopki, nag\u0142\u00f3wka i wszelkiego rodzaju pionowe mo\u017cliwo\u015bci pask\u00f3w bocznych i menu. <\/p><\/div>\r\n\t\t\t\t\t<\/div>\r\n\t\t\t\t<\/div><div class=\"faq-item\">\r\n\t\t\t\t\t<div class=\"faq-item-question\">\r\n\t\t\t\t\t\t<h3 class=\"faq-item-question-text\">Jak utworzy\u0107 tabel\u0119 cenow\u0105 plan\u00f3w us\u0142ug lub por\u00f3wnawcz\u0105 za pomoc\u0105 edytora? <\/h3>\r\n\r\n\t\t\t\t\t\t<div class=\"faq-item-question-icon\"><\/div>\r\n\t\t\t\t\t<\/div>\r\n\r\n\t\t\t\t\t<div class=\"faq-item-answer\">\r\n\t\t\t\t\t\t<div class=\"faq-item-answer-text\"><p>Mo\u017cesz wprowadzi\u0107 zmiany w dowolnym wid\u017cecie. W edytorze dost\u0119pnych jest wiele uk\u0142ad\u00f3w, a ka\u017cdy z nich mo\u017cna \u0142atwo spersonalizowa\u0107 wed\u0142ug w\u0142asnych potrzeb. <\/p><\/div>\r\n\t\t\t\t\t<\/div>\r\n\t\t\t\t<\/div><\/div>","protected":false},"excerpt":{"rendered":"","protected":false},"author":9,"featured_media":0,"parent":2029,"menu_order":0,"comment_status":"closed","ping_status":"closed","template":"templates\/template-application-platform.php","meta":{"publish_to_discourse":"","publish_post_category":"","wpdc_auto_publish_overridden":"","wpdc_topic_tags":"","wpdc_pin_topic":"","wpdc_pin_until":"","discourse_post_id":"","discourse_permalink":"","wpdc_publishing_response":"","wpdc_publishing_error":"","footnotes":""},"class_list":["post-6151","page","type-page","status-publish","hentry"],"yoast_head":"<!-- This site is optimized with the Yoast SEO plugin v25.3.1 - https:\/\/yoast.com\/wordpress\/plugins\/seo\/ -->\n<title>Najlepsza wtyczka WordPress do tabeli cen dla Twojej witryny (2025)<\/title>\n<meta name=\"description\" content=\"Zainstaluj responsywn\u0105 wtyczk\u0119 Cennik dla WordPress w zaledwie 2 minuty. Wypr\u00f3buj wszystkie funkcje najlepszej wtyczki cenowej w darmowym edytorze.\" \/>\n<meta name=\"robots\" content=\"index, follow, max-snippet:-1, max-image-preview:large, max-video-preview:-1\" \/>\n<link rel=\"canonical\" href=\"https:\/\/elfsight.com\/pl\/pricing-table-plugin\/wordpress\/\" \/>\n<meta property=\"og:locale\" content=\"pl_PL\" \/>\n<meta property=\"og:type\" content=\"article\" \/>\n<meta property=\"og:title\" content=\"Najlepsza wtyczka WordPress do tabeli cen dla Twojej witryny (2025)\" \/>\n<meta property=\"og:description\" content=\"Zainstaluj responsywn\u0105 wtyczk\u0119 Cennik dla WordPress w zaledwie 2 minuty. Wypr\u00f3buj wszystkie funkcje najlepszej wtyczki cenowej w darmowym edytorze.\" \/>\n<meta property=\"og:url\" content=\"https:\/\/elfsight.com\/pl\/pricing-table-plugin\/wordpress\/\" \/>\n<meta property=\"og:site_name\" content=\"Elfsight PL\" \/>\n<meta property=\"article:modified_time\" content=\"2024-11-14T12:51:29+00:00\" \/>\n<meta name=\"twitter:card\" content=\"summary_large_image\" \/>\n<meta name=\"twitter:label1\" content=\"Szacowany czas czytania\" \/>\n\t<meta name=\"twitter:data1\" content=\"3 minuty\" \/>\n<!-- \/ Yoast SEO plugin. -->","yoast_head_json":{"title":"Najlepsza wtyczka WordPress do tabeli cen dla Twojej witryny (2025)","description":"Zainstaluj responsywn\u0105 wtyczk\u0119 Cennik dla WordPress w zaledwie 2 minuty. Wypr\u00f3buj wszystkie funkcje najlepszej wtyczki cenowej w darmowym edytorze.","robots":{"index":"index","follow":"follow","max-snippet":"max-snippet:-1","max-image-preview":"max-image-preview:large","max-video-preview":"max-video-preview:-1"},"canonical":"https:\/\/elfsight.com\/pl\/pricing-table-plugin\/wordpress\/","og_locale":"pl_PL","og_type":"article","og_title":"Najlepsza wtyczka WordPress do tabeli cen dla Twojej witryny (2025)","og_description":"Zainstaluj responsywn\u0105 wtyczk\u0119 Cennik dla WordPress w zaledwie 2 minuty. Wypr\u00f3buj wszystkie funkcje najlepszej wtyczki cenowej w darmowym edytorze.","og_url":"https:\/\/elfsight.com\/pl\/pricing-table-plugin\/wordpress\/","og_site_name":"Elfsight PL","article_modified_time":"2024-11-14T12:51:29+00:00","twitter_card":"summary_large_image","twitter_misc":{"Szacowany czas czytania":"3 minuty"},"schema":{"@context":"https:\/\/schema.org","@graph":[{"@type":"WebPage","@id":"https:\/\/elfsight.com\/pl\/pricing-table-plugin\/wordpress\/","url":"https:\/\/elfsight.com\/pl\/pricing-table-plugin\/wordpress\/","name":"Najlepsza wtyczka WordPress do tabeli cen dla Twojej witryny (2025)","isPartOf":{"@id":"https:\/\/elfsight.com\/pl\/#website"},"datePublished":"1970-01-01T00:00:00+00:00","dateModified":"2024-11-14T12:51:29+00:00","description":"Zainstaluj responsywn\u0105 wtyczk\u0119 Cennik dla WordPress w zaledwie 2 minuty. Wypr\u00f3buj wszystkie funkcje najlepszej wtyczki cenowej w darmowym edytorze.","breadcrumb":{"@id":"https:\/\/elfsight.com\/pl\/pricing-table-plugin\/wordpress\/#breadcrumb"},"inLanguage":"pl-PL","potentialAction":[{"@type":"ReadAction","target":["https:\/\/elfsight.com\/pl\/pricing-table-plugin\/wordpress\/"]}]},{"@type":"BreadcrumbList","@id":"https:\/\/elfsight.com\/pl\/pricing-table-plugin\/wordpress\/#breadcrumb","itemListElement":[{"@type":"ListItem","position":1,"name":"Home","item":"https:\/\/elfsight.com\/pl\/"},{"@type":"ListItem","position":2,"name":"Pricing Table","item":"https:\/\/elfsight.com\/pl\/pricing-table-plugin\/"},{"@type":"ListItem","position":3,"name":"Pricing Table &#8211; WordPress"}]},{"@type":"WebSite","@id":"https:\/\/elfsight.com\/pl\/#website","url":"https:\/\/elfsight.com\/pl\/","name":"Elfsight PL","description":"Just another Elfsight Sites site","potentialAction":[{"@type":"SearchAction","target":{"@type":"EntryPoint","urlTemplate":"https:\/\/elfsight.com\/pl\/?s={search_term_string}"},"query-input":{"@type":"PropertyValueSpecification","valueRequired":true,"valueName":"search_term_string"}}],"inLanguage":"pl-PL"}]}},"meta_box":{"industry":"","seo_heading":"","heading":"","description":"","cta_heading":"","cta_description":"","application":"2028","h1":"Wtyczka WordPress Tabela Cen","h1_caption":"Przedstaw swoje opcje cenowe w spos\u00f3b jasny i atrakcyjny, pomagaj\u0105c klientom bez wysi\u0142ku wybra\u0107 plan odpowiadaj\u0105cy ich potrzebom w Twojej witrynie WordPress.","application_category":[],"applications_title":"","applications_request_title":"","applications_request_button_text":"","hero_text":"","hero_video":"","hero_video_schema_markup":"","selling_points_title":"","selling_points_caption":"","selling_points":[],"selling_points_cta_text":"","features_title":"","features":"","ed_cta_examples_text":"","ed_cta_examples_hidden":"","ed_cta_demo_text":"","ed_cta_demo_hidden":"","why_caption":"","why_editor_title":"","why_editor_text":"","why_team_title":"","why_team_text":"","why_service_title":"","why_service_text":"","template_catalog_visible":"","template_catalog_title":"","template_catalog_text":"","template_catalog_categories_visible":"","demo_title":"Utw\u00f3rz wtyczk\u0119 tabeli cen","demo_caption":"Skonfiguruj swoj\u0105 Tabel\u0119 Cenow\u0105 i dodaj j\u0105 do swojej witryny WordPress za darmo!","default_faq_hidden":"","app_template_category":[],"platform":"31","template_public_id":"","codecanyon_url":"","codecanyon_item_id":"","codecanyon_price":"","pricing_caption":"","pricing_elfsight_apps_hide_column":"","pricing_elfsight_apps_url":"","pricing_codecanyon_price_caption":"","integration_category":[],"integration_request_title":"","integration_request_cta":"","integration_platform":"","integrations":[],"platform_category":[],"video_schema_markup":"","price":"od 0 USD \/ miesi\u0105c","trial":"","benefits":[{"text":"Bezp\u0142atna pomoc w instalacji"},{"text":"Kompetentna obs\u0142uga klienta"},{"text":"14-dniowa gwarancja zwrotu pieni\u0119dzy"}],"button_url":"#demo","button_target_blank":"","button_nofollow":"","attributes":[{"name":"Instaluje"},{"name":"Czu\u0142y"},{"name":"Kompatybilne przegl\u0105darki"}],"tags":[],"tags_disable_links":"","hide_more_platforms":"","video_object":"","demo_hide_cta":"","demo_hide_cloud_options":"","pricing_title":"","pricing":[{"pricing_icon":"cloud","pricing_title":"Elfsight Apps","pricing_title_caption":"Wieloplatformowe rozwi\u0105zanie cyfrowe, kt\u00f3re pasuje do ka\u017cdej witryny","pricing_price":"od 0 USD \/ miesi\u0105c","pricing_price_caption":"zacznij od bezp\u0142atnego planu","pricing_benefits":[{"text":"Nielimitowane strony internetowe"},{"text":"Wsparcie premium"},{"text":"Bezp\u0142atna us\u0142uga monta\u017cu"},{"text":"Specjalna oferta na wiele aplikacji"}],"pricing_button_text":"Dodaj do witryny","pricing_button_url":"#demo"}],"related_apps_title":"","related_apps_hidden":"","author":"","image":[],"title":"","job":"","social_networks":[]},"_links":{"self":[{"href":"https:\/\/elfsight.com\/pl\/wp-json\/wp\/v2\/pages\/6151","targetHints":{"allow":["GET"]}}],"collection":[{"href":"https:\/\/elfsight.com\/pl\/wp-json\/wp\/v2\/pages"}],"about":[{"href":"https:\/\/elfsight.com\/pl\/wp-json\/wp\/v2\/types\/page"}],"author":[{"embeddable":true,"href":"https:\/\/elfsight.com\/pl\/wp-json\/wp\/v2\/users\/9"}],"replies":[{"embeddable":true,"href":"https:\/\/elfsight.com\/pl\/wp-json\/wp\/v2\/comments?post=6151"}],"version-history":[{"count":2,"href":"https:\/\/elfsight.com\/pl\/wp-json\/wp\/v2\/pages\/6151\/revisions"}],"predecessor-version":[{"id":7968,"href":"https:\/\/elfsight.com\/pl\/wp-json\/wp\/v2\/pages\/6151\/revisions\/7968"}],"up":[{"embeddable":true,"href":"https:\/\/elfsight.com\/pl\/wp-json\/wp\/v2\/pages\/2029"}],"wp:attachment":[{"href":"https:\/\/elfsight.com\/pl\/wp-json\/wp\/v2\/media?parent=6151"}],"curies":[{"name":"wp","href":"https:\/\/api.w.org\/{rel}","templated":true}]}}