{"id":6150,"date":"1970-01-01T00:00:00","date_gmt":"1970-01-01T00:00:00","guid":{"rendered":"https:\/\/elfsight.com\/pl\/?page_id=6150"},"modified":"2025-06-25T16:35:21","modified_gmt":"2025-06-25T16:35:21","slug":"shopify","status":"publish","type":"page","link":"https:\/\/elfsight.com\/pl\/pricing-table-plugin\/shopify\/","title":{"rendered":"Pricing Table &#8211; Shopify"},"content":{"rendered":"<div class=\"application-platform-content-item-description application-platform-content-item\" id=\"description\" data-nav-section=\"description\"><h2>Osad\u017a tabel\u0119 cen w Shopify za pomoc\u0105 wid\u017cetu Elfsight<\/h2><p>Ceny odgrywaj\u0105 jedn\u0105 z g\u0142\u00f3wnych r\u00f3l w zach\u0119caniu odwiedzaj\u0105cych do zakupu lub zamawianie czego\u015b. Aplikacja firmy Elfsight nie tylko umo\u017cliwia klientom witryny bardzo szybkie sprawdzenie i analiz\u0119 wielu opcji cenowych. Przyczynia si\u0119 tak\u017ce do zwi\u0119kszenia konwersji dzi\u0119ki zastosowaniu najnowszych trend\u00f3w w interfejsie i modelowaniu.<\/p><p><b>Przenie\u015b sprzeda\u017c swojej witryny na wy\u017cszy poziom, korzystaj\u0105c z efektywnej wyceny.<\/b><\/p><p>&nbsp;<\/p><ul><li><b>Znajd\u017a wi\u0119cej klient\u00f3w<\/b>.<br>Wykorzystaj wszystkie pot\u0119\u017cne narz\u0119dzia projektowania, aby rozwia\u0107 wszelkie b\u0142\u0119dne przekonania i w\u0105tpliwo\u015bci klienta podczas tworzenia ich kroki, aby dokona\u0107 zakupu w Twojej witrynie &#8211; i osi\u0105gn\u0105\u0107 maksymaln\u0105 konwersj\u0119.<\/li><li><b>B\u0142yskawiczna i skuteczna personalizacja<\/b>.<br>Dzi\u0119ki du\u017cej liczbie opcji, kt\u00f3re pozwalaj\u0105 na tworzenie zr\u00f3\u017cnicowanych cen w kilka minut, a otrzymasz ten, kt\u00f3ry b\u0119dzie bardzo skuteczny dla Twojej witryny.<\/li><li><b>Napisz wi\u0119cej o swoich ofertach<\/b>.<br>Powiedz wi\u0119cej o ka\u017cdym swoim planie cenowym i wy\u015bwietlaczu je za po\u015brednictwem dedykowanej aplikacji, dzi\u0119ki czemu u\u017cytkownicy b\u0119d\u0105 mogli szybko sprawdzi\u0107 i przeanalizowa\u0107 Twoje plany.<\/li><\/ul><\/div><div class=\"application-platform-content-item-features application-platform-content-item\" id=\"features\" data-nav-section=\"features\"><h2>G\u0142\u00f3wne funkcje wid\u017cetu Tabela cen<\/h2><p>Zalety, kt\u00f3re przekszta\u0142caj\u0105 nasz\u0105 aplikacj\u0119 w najlepsz\u0105 tabel\u0119 cen dla witryn Shopify.<\/p><ul><li>2 predefiniowane typy promienia obramowania i 4 predefiniowane typy szeroko\u015bci obramowania;<\/li><li>Lista regulowanych funkcji, zawieraj\u0105ca ikony funkcji, wskaz\u00f3wki i nieograniczon\u0105 liczb\u0119 funkcji;<\/li><li>Elementy kolorystyczne ka\u017cdej kolumny mo\u017cna indywidualnie dostosowa\u0107;<\/li><li>Mo\u017cliwo\u015b\u0107 dostosowania promienia i szeroko\u015bci obramowania przycisku;<\/li><li>Mo\u017cna dostosowa\u0107 promie\u0144 i szeroko\u015b\u0107 obramowania przycisku;<\/li> li&gt;<li>Uk\u0142ad zoptymalizowany pod k\u0105tem urz\u0105dze\u0144 mobilnych.<\/li><\/ul><p><a href=\"#demo\">Mo\u017cesz sprawdzi\u0107 wszystkie zalety, korzystaj\u0105c z demonstracji na \u017cywo<\/a><\/p><\/div> <div class=\"application-platform-content-item-installation application-platform-content-item\" id=\"installation\" data-nav-section=\"installation\"><h2>Jak doda\u0107 tabel\u0119 cen do witryny Shopify<\/h2><div class=\"video-container\"><iframe width=\"720\" height=\"405\" src=\"https:\/\/www.youtube.com\/embed\/4RUBRdMHAc8\" frameborder=\"0\" allowfullscreen=\"\"><\/iframe><\/div><p>Poradnik dotycz\u0105cy konfigurowania aplikacji. Aby to osi\u0105gn\u0105\u0107, nie potrzebujesz do\u015bwiadczenia w programowaniu ani du\u017cej ilo\u015bci czasu. Wykonaj 3 proste kroki, kt\u00f3re zajm\u0105 Ci 1 minut\u0119.<\/p><ol><li><b>Zarz\u0105dzaj naszym bezp\u0142atnym konfiguratorem i rozpocznij prac\u0119 ze swoj\u0105 spersonalizowan\u0105 aplikacj\u0105. <\/b><br> Wybierz preferowany interfejs i opcje aplikacji i zapisz wszystkie zmiany. <\/li> <li><b>Zdob\u0105d\u017a sw\u00f3j unikalny kod, kt\u00f3ry pojawi si\u0119 w polu aplikacji Elfsight. <\/b><br> Zaraz po zako\u0144czeniu generowania aplikacji osobistej skopiuj indywidualny kod z wy\u015bwietlonego wyskakuj\u0105cego okienka i zapisz go na dalsze potrzeby. <\/li> <li><b>Rozpocznij korzystanie z aplikacji w witrynie Shopify. <\/b><br> Wpisz kod, kt\u00f3ry ostatnio zapisa\u0142e\u015b na swojej stronie i zapisz zmiany. <\/li> <li><b>Instalacja zosta\u0142a ca\u0142kowicie zako\u0144czona. <\/b><br> Odwied\u017a swoj\u0105 witryn\u0119, aby sprawdzi\u0107, jak dzia\u0142a aplikacja. <\/li><\/ol><p>Masz pytania dotycz\u0105ce instalacji aplikacji? Przeczytaj nasz obszerny podr\u0119cznik \u00ab<a href=\"https:\/\/elfsight.com\/tutorials\/how-to-add-pricing-table-to-shopify\/\" target=\"_blank\" rel=\"noopener noreferrer\">Jak wstawi\u0107 tabel\u0119 cen do Shopify<\/a>\u00bb lub skontaktuj si\u0119 z naszym zespo\u0142em pomocy technicznej, kt\u00f3ry szybko rozwi\u0105\u017ce ka\u017cdy problem.<\/p><div class=\"faq\" data-component=\"FAQ\"> <div class=\"faq-item\">\r\n\t\t\t\t\t<div class=\"faq-item-question\">\r\n\t\t\t\t\t\t<h3 class=\"faq-item-question-text\">Jak mog\u0119 doda\u0107 tabel\u0119 cen do mojego Shopify stron\u0119 internetow\u0105 bez umiej\u0119tno\u015bci kodowania?<\/h3>\r\n\r\n\t\t\t\t\t\t<div class=\"faq-item-question-icon\"><\/div>\r\n\t\t\t\t\t<\/div>\r\n\r\n\t\t\t\t\t<div class=\"faq-item-answer\">\r\n\t\t\t\t\t\t<div class=\"faq-item-answer-text\"> <p>Elfsight zapewnia rozwi\u0105zanie SaaS, kt\u00f3re pozwala samodzielnie utworzy\u0107 wid\u017cet Tabeli cenowej. Zobacz, jak \u0142atwy jest ten proces: Pracuj bezpo\u015brednio w edytorze online, aby utworzy\u0107 wid\u017cet Tabeli cenowej, w kt\u00f3rym chcesz go zobaczy\u0107 Twoja witryna Shopify. Wybierz jeden z gotowych szablon\u00f3w i dostosuj ustawienia Tabeli cenowej, dodaj tre\u015b\u0107, zmie\u0144 uk\u0142ad i kolory bez umiej\u0119tno\u015bci kodowania. Zapisz Tabel\u0119 cen i skopiuj jej kod instalacyjny, kt\u00f3ry mo\u017cesz \u0142atwo osadzi\u0107 na swojej stronie Shopify bez konieczno\u015bci zakupu p\u0142atnego planu. Dzi\u0119ki naszemu intuicyjnemu edytorowi ka\u017cdy u\u017cytkownik Internetu mo\u017ce utworzy\u0107 wid\u017cet tabeli cen online i \u0142atwo osadzi\u0107 go na swojej stronie internetowej Shopify. Aby uzyska\u0107 dost\u0119p do us\u0142ugi, nie trzeba p\u0142aci\u0107 ani wprowadza\u0107 danych uwierzytelniaj\u0105cych karty. Je\u015bli na kt\u00f3rymkolwiek etapie napotkasz jakiekolwiek problemy, skontaktuj si\u0119 z naszym zespo\u0142em pomocy technicznej.<\/p> <\/div>\r\n\t\t\t\t\t<\/div>\r\n\t\t\t\t<\/div> <\/div> <\/div>","protected":false},"excerpt":{"rendered":"","protected":false},"author":9,"featured_media":0,"parent":2029,"menu_order":0,"comment_status":"closed","ping_status":"closed","template":"templates\/template-application-platform.php","meta":{"publish_to_discourse":"","publish_post_category":"","wpdc_auto_publish_overridden":"","wpdc_topic_tags":"","wpdc_pin_topic":"","wpdc_pin_until":"","discourse_post_id":"","discourse_permalink":"","wpdc_publishing_response":"","wpdc_publishing_error":"","footnotes":""},"class_list":["post-6150","page","type-page","status-publish","hentry"],"yoast_head":"<!-- This site is optimized with the Yoast SEO plugin v25.3.1 - https:\/\/yoast.com\/wordpress\/plugins\/seo\/ -->\n<title>Tabela cen \u2014 dodaj aplikacj\u0119 cenow\u0105 do sklepu Shopify (w 2 minuty)<\/title>\n<meta name=\"description\" content=\"Pobierz aplikacj\u0119 Tabela cen dla Shopify w zaledwie 1 minut\u0119. Sprawd\u017a wszystkie najwa\u017cniejsze zalety najlepszego widgetu cenowego w darmowym panelu.\" \/>\n<meta name=\"robots\" content=\"index, follow, max-snippet:-1, max-image-preview:large, max-video-preview:-1\" \/>\n<link rel=\"canonical\" href=\"https:\/\/elfsight.com\/pl\/pricing-table-plugin\/shopify\/\" \/>\n<meta property=\"og:locale\" content=\"pl_PL\" \/>\n<meta property=\"og:type\" content=\"article\" \/>\n<meta property=\"og:title\" content=\"Tabela cen \u2014 dodaj aplikacj\u0119 cenow\u0105 do sklepu Shopify (w 2 minuty)\" \/>\n<meta property=\"og:description\" content=\"Pobierz aplikacj\u0119 Tabela cen dla Shopify w zaledwie 1 minut\u0119. Sprawd\u017a wszystkie najwa\u017cniejsze zalety najlepszego widgetu cenowego w darmowym panelu.\" \/>\n<meta property=\"og:url\" content=\"https:\/\/elfsight.com\/pl\/pricing-table-plugin\/shopify\/\" \/>\n<meta property=\"og:site_name\" content=\"Elfsight PL\" \/>\n<meta property=\"article:modified_time\" content=\"2025-06-25T16:35:21+00:00\" \/>\n<meta name=\"twitter:card\" content=\"summary_large_image\" \/>\n<meta name=\"twitter:label1\" content=\"Szacowany czas czytania\" \/>\n\t<meta name=\"twitter:data1\" content=\"4 minuty\" \/>\n<!-- \/ Yoast SEO plugin. -->","yoast_head_json":{"title":"Tabela cen \u2014 dodaj aplikacj\u0119 cenow\u0105 do sklepu Shopify (w 2 minuty)","description":"Pobierz aplikacj\u0119 Tabela cen dla Shopify w zaledwie 1 minut\u0119. Sprawd\u017a wszystkie najwa\u017cniejsze zalety najlepszego widgetu cenowego w darmowym panelu.","robots":{"index":"index","follow":"follow","max-snippet":"max-snippet:-1","max-image-preview":"max-image-preview:large","max-video-preview":"max-video-preview:-1"},"canonical":"https:\/\/elfsight.com\/pl\/pricing-table-plugin\/shopify\/","og_locale":"pl_PL","og_type":"article","og_title":"Tabela cen \u2014 dodaj aplikacj\u0119 cenow\u0105 do sklepu Shopify (w 2 minuty)","og_description":"Pobierz aplikacj\u0119 Tabela cen dla Shopify w zaledwie 1 minut\u0119. Sprawd\u017a wszystkie najwa\u017cniejsze zalety najlepszego widgetu cenowego w darmowym panelu.","og_url":"https:\/\/elfsight.com\/pl\/pricing-table-plugin\/shopify\/","og_site_name":"Elfsight PL","article_modified_time":"2025-06-25T16:35:21+00:00","twitter_card":"summary_large_image","twitter_misc":{"Szacowany czas czytania":"4 minuty"},"schema":{"@context":"https:\/\/schema.org","@graph":[{"@type":"WebPage","@id":"https:\/\/elfsight.com\/pl\/pricing-table-plugin\/shopify\/","url":"https:\/\/elfsight.com\/pl\/pricing-table-plugin\/shopify\/","name":"Tabela cen \u2014 dodaj aplikacj\u0119 cenow\u0105 do sklepu Shopify (w 2 minuty)","isPartOf":{"@id":"https:\/\/elfsight.com\/pl\/#website"},"datePublished":"1970-01-01T00:00:00+00:00","dateModified":"2025-06-25T16:35:21+00:00","description":"Pobierz aplikacj\u0119 Tabela cen dla Shopify w zaledwie 1 minut\u0119. Sprawd\u017a wszystkie najwa\u017cniejsze zalety najlepszego widgetu cenowego w darmowym panelu.","breadcrumb":{"@id":"https:\/\/elfsight.com\/pl\/pricing-table-plugin\/shopify\/#breadcrumb"},"inLanguage":"pl-PL","potentialAction":[{"@type":"ReadAction","target":["https:\/\/elfsight.com\/pl\/pricing-table-plugin\/shopify\/"]}]},{"@type":"BreadcrumbList","@id":"https:\/\/elfsight.com\/pl\/pricing-table-plugin\/shopify\/#breadcrumb","itemListElement":[{"@type":"ListItem","position":1,"name":"Home","item":"https:\/\/elfsight.com\/pl\/"},{"@type":"ListItem","position":2,"name":"Pricing Table","item":"https:\/\/elfsight.com\/pl\/pricing-table-plugin\/"},{"@type":"ListItem","position":3,"name":"Pricing Table &#8211; Shopify"}]},{"@type":"WebSite","@id":"https:\/\/elfsight.com\/pl\/#website","url":"https:\/\/elfsight.com\/pl\/","name":"Elfsight PL","description":"Just another Elfsight Sites site","potentialAction":[{"@type":"SearchAction","target":{"@type":"EntryPoint","urlTemplate":"https:\/\/elfsight.com\/pl\/?s={search_term_string}"},"query-input":{"@type":"PropertyValueSpecification","valueRequired":true,"valueName":"search_term_string"}}],"inLanguage":"pl-PL"}]}},"meta_box":{"industry":"","seo_heading":"","heading":"","description":"","cta_heading":"","cta_description":"","application":"2028","h1":"Aplikacja Tabela cen dla Shopify","h1_caption":"Przedstaw opcje cenowe w jasny i atrakcyjny spos\u00f3b, pomagaj\u0105c klientom w bezproblemowym wyborze planu odpowiadaj\u0105cego ich potrzebom w Twojej witrynie Shopify.","application_category":[],"applications_title":"","applications_request_title":"","applications_request_button_text":"","hero_text":"","hero_video":"","hero_video_schema_markup":"","selling_points_title":"","selling_points_caption":"","selling_points":[],"selling_points_cta_text":"","features_title":"","features":"","ed_cta_examples_text":"","ed_cta_examples_hidden":"","ed_cta_demo_text":"","ed_cta_demo_hidden":"","why_caption":"","why_editor_title":"","why_editor_text":"","why_team_title":"","why_team_text":"","why_service_title":"","why_service_text":"","template_catalog_visible":"0","template_catalog_title":"","template_catalog_text":"","template_catalog_categories_visible":"","demo_title":"Utw\u00f3rz aplikacj\u0119 z tabel\u0105 cen","demo_caption":"Skonfiguruj swoj\u0105 Tabel\u0119 Cen i dodaj j\u0105 do swojej witryny Shopify za darmo!","default_faq_hidden":"","app_template_category":[],"platform":"7580","template_public_id":"","codecanyon_url":"","codecanyon_item_id":"","codecanyon_price":"","pricing_caption":"","pricing_elfsight_apps_hide_column":"","pricing_elfsight_apps_url":"","pricing_codecanyon_price_caption":"","integration_category":[],"integration_request_title":"","integration_request_cta":"","integration_platform":"","integrations":[],"platform_category":[],"video_schema_markup":"","price":"od 0 USD \/ miesi\u0105c","trial":"","benefits":[{"text":"Bezp\u0142atna us\u0142uga monta\u017cu"},{"text":"Wsparcie premium"},{"text":"14-dniowa gwarancja zwrotu pieni\u0119dzy"}],"button_url":"#demo","button_target_blank":"0","button_nofollow":"0","attributes":[{"name":"Instaluje"},{"name":"Czu\u0142y"},{"name":"Kompatybilne przegl\u0105darki"}],"tags":[],"tags_disable_links":"0","hide_more_platforms":"0","video_object":"","demo_hide_cta":"0","demo_hide_cloud_options":"0","pricing_title":"","pricing":[{"pricing_icon":"cloud","pricing_title":"Elfsight Apps","pricing_title_caption":"Wersja wieloplatformowa dzia\u0142aj\u0105ca na dowolnej stronie internetowej (w tym Shopify)","pricing_price":"od 0 USD \/ miesi\u0105c","pricing_price_caption":"Zacznij od bezp\u0142atnego planu","pricing_benefits":[{"text":"Nielimitowane strony internetowe"},{"text":"Oferta specjalna na wiele aplikacji"},{"text":"Wsparcie premium"},{"text":"Bezp\u0142atna us\u0142uga monta\u017cu"}],"pricing_button_text":"Dodaj do witryny","pricing_button_url":"#demo"}],"related_apps_title":"","related_apps_hidden":"0","author":"","image":[],"title":"","job":"","social_networks":[]},"_links":{"self":[{"href":"https:\/\/elfsight.com\/pl\/wp-json\/wp\/v2\/pages\/6150","targetHints":{"allow":["GET"]}}],"collection":[{"href":"https:\/\/elfsight.com\/pl\/wp-json\/wp\/v2\/pages"}],"about":[{"href":"https:\/\/elfsight.com\/pl\/wp-json\/wp\/v2\/types\/page"}],"author":[{"embeddable":true,"href":"https:\/\/elfsight.com\/pl\/wp-json\/wp\/v2\/users\/9"}],"replies":[{"embeddable":true,"href":"https:\/\/elfsight.com\/pl\/wp-json\/wp\/v2\/comments?post=6150"}],"version-history":[{"count":2,"href":"https:\/\/elfsight.com\/pl\/wp-json\/wp\/v2\/pages\/6150\/revisions"}],"predecessor-version":[{"id":7967,"href":"https:\/\/elfsight.com\/pl\/wp-json\/wp\/v2\/pages\/6150\/revisions\/7967"}],"up":[{"embeddable":true,"href":"https:\/\/elfsight.com\/pl\/wp-json\/wp\/v2\/pages\/2029"}],"wp:attachment":[{"href":"https:\/\/elfsight.com\/pl\/wp-json\/wp\/v2\/media?parent=6150"}],"curies":[{"name":"wp","href":"https:\/\/api.w.org\/{rel}","templated":true}]}}