{"id":6149,"date":"2024-05-03T06:45:00","date_gmt":"2024-05-03T06:45:00","guid":{"rendered":"https:\/\/elfsight.com\/pl\/?page_id=6149"},"modified":"2024-11-14T12:48:51","modified_gmt":"2024-11-14T12:48:51","slug":"webflow","status":"publish","type":"page","link":"https:\/\/elfsight.com\/pl\/pricing-table-plugin\/webflow\/","title":{"rendered":"Pricing Table &#8211; Webflow"},"content":{"rendered":"<div class=\"application-platform-content-item-description application-platform-content-item\" id=\"description\" data-nav-section=\"description\"><h2>Osad\u017a tabel\u0119 cen w Webflow za pomoc\u0105 wid\u017cetu Elfsight<\/h2><p>Ceny odgrywaj\u0105 jedn\u0105 z g\u0142\u00f3wnych r\u00f3l w przekonywaniu klient\u00f3w do zakupu Twojej produkt lub us\u0142uga. Wid\u017cet autorstwa naszego zespo\u0142u nie tylko pozwala kupuj\u0105cym na szybk\u0105 wizualizacj\u0119 i por\u00f3wnanie dost\u0119pnych opcji cenowych. Pomaga tak\u017ce zwi\u0119kszy\u0107 konwersj\u0119 dzi\u0119ki najnowszym trendom w projektowaniu i konfiguracji cen.<\/p><p><b>Wynie\u015b sprzeda\u017c swojej witryny na nowy poziom dzi\u0119ki atrakcyjnym cenom.<\/b><\/p><ul><li><b>Prowad\u017a klient\u00f3w do zakupu<\/b>.<br>Przedstaw w najprostszy i najskuteczniejszy spos\u00f3b wszystkie informacje, kt\u00f3rych szukaj\u0105 Twoi potencjalni klienci, i przekonaj ich do podj\u0119cia w\u0142a\u015bciwej decyzji.<\/li><li><b>Szybka i skuteczna personalizacja<\/b>.<br>Dzi\u0119ki szerokiej gamie opcji mo\u017cesz kszta\u0142towa\u0107 r\u00f3\u017cne rodzaje cen w kilku krokach, dzi\u0119ki czemu otrzymasz taki, kt\u00f3ry b\u0119dzie ca\u0142kowicie efektywny dla Twojej witryny.<\/li><li><b>Spraw, aby Twoje oferty by\u0142y atrakcyjne dla klient\u00f3w<\/b>.<br>Wybieraj r\u00f3\u017cne kolory, wstawiaj elementy, dodawaj obrazy, aby Twoje ceny by\u0142y atrakcyjne dla klient\u00f3w i pozytywnie wp\u0142ywa\u0142y na wynik zakupu.<\/li><\/ul><\/div><div class=\"application-platform-content-item-features application-platform-content-item\" id=\"features\" data-nav-section=\"features\"><h2>G\u0142\u00f3wne cechy wid\u017cetu Tabela cen<\/h2><p>Korzy\u015bci, kt\u00f3re czyni\u0105 nasz widget najlepsz\u0105 Tabel\u0105 cen dla witryn Webflow.<\/p><ul><li>2 predefiniowane typy promieni obramowania i 4 predefiniowane typy szeroko\u015bci obramowania;<\/li><li>5 predefiniowanych sk\u00f3rek o r\u00f3\u017cnych schematach kolor\u00f3w;<\/li><li>Wyr\u00f3\u017cnij dowoln\u0105 kolumn\u0119;<\/li> <li>\u0141\u0105czenie przycisku z wymagan\u0105 stron\u0105;<\/li><li>Uk\u0142ad zoptymalizowany pod k\u0105tem urz\u0105dze\u0144 mobilnych.<\/li><\/ul><p><a href=\"#demo\">Mo\u017cesz wypr\u00f3bowa\u0107 wszystkie korzy\u015bci na \u017cywo konfigurator<\/a><\/p><\/div><div class=\"application-platform-content-item-installation application-platform-content-item\" id=\"installation\" data-nav-section=\"installation\"><h2>Jak doda\u0107 tabel\u0119 cen do witryny Webflow<\/h2><div class=\"video-container\"><iframe width=\"720\" height=\"405\" src=\"https:\/\/www.youtube.com\/embed\/a2UMiwjpLq8\" frameborder=\"0\" allowfullscreen=\"\"><\/iframe><\/div><p>Instrukcja osadzania Widget Elfsight na stron\u0119 internetow\u0105. Aby to wykona\u0107, nie potrzebujesz wiedzy z zakresu tworzenia stron internetowych i nie zajmie to du\u017co czasu. Tylko kilka prostych krok\u00f3w i 1 minuta.<\/p><ol><li><b>Utw\u00f3rz spersonalizowan\u0105 Tabel\u0119 Cen<\/b>.<br>Korzystaj\u0105c z naszej bezp\u0142atnej wersji demonstracyjnej, utw\u00f3rz wtyczk\u0119 z wymaganym uk\u0142adem i opcjami.<\/b> li&gt;<li><b>Zdob\u0105d\u017a kod do dodania wtyczki<\/b>.<br>Po ustawieniu wid\u017cetu pobierz kod wtyczki Cennik z wy\u015bwietlonego okna aplikacji Elfsight.<\/li><li><b>Osad\u017a wtyczk\u0119 na stronie Webflow<\/b>.<br>Umie\u015b\u0107 wtyczk\u0119 w odpowiednim miejscu witryny i zapisz zmiany.<\/li><li><b>Gotowe!<\/b><br>Wejd\u017a na swoj\u0105 stron\u0119 internetow\u0105, aby zobaczy\u0107 sw\u00f3j cennik.<\/li><\/ol><p>Masz pytania dotycz\u0105ce konfiguracji wid\u017cetu? Zobacz nasz pe\u0142ny przewodnik \u00ab<a href=\"https:\/\/elfsight.com\/tutorials\/how-to-add-pricing-table-to-webflow\/\" target=\"_blank\" rel=\"noopener noreferrer\">Jak zainstalowa\u0107 tabela cen w Webflow<\/a>\u00bb lub zwr\u00f3\u0107 si\u0119 do naszej obs\u0142ugi klienta, kt\u00f3ra szybko pomo\u017ce w rozwi\u0105zaniu wszelkich problem\u00f3w.<\/p><div class=\"faq\" data-component=\"FAQ\"> <div class=\"faq-item\">\r\n\t\t\t\t\t<div class=\"faq-item-question\">\r\n\t\t\t\t\t\t<h3 class=\"faq-item-question-text\">Jak mog\u0119 doda\u0107 tabel\u0119 cen do mojej witryny Webflow bez umiej\u0119tno\u015bci kodowania ?<\/h3>\r\n\r\n\t\t\t\t\t\t<div class=\"faq-item-question-icon\"><\/div>\r\n\t\t\t\t\t<\/div>\r\n\r\n\t\t\t\t\t<div class=\"faq-item-answer\">\r\n\t\t\t\t\t\t<div class=\"faq-item-answer-text\"> <p>Elfsight zapewnia rozwi\u0105zanie SaaS, kt\u00f3re umo\u017cliwia samodzielne utworzenie wid\u017cetu Tabeli Cen. Przekonaj si\u0119, jak \u0142atwy jest ten proces: Pracuj bezpo\u015brednio w Edytorze online, aby utworzy\u0107 wid\u017cet Tabeli Cen, kt\u00f3ry chcesz widzie\u0107 na swojej stronie internetowej Webflow. Wybierz jeden z gotowych szablon\u00f3w i dostosuj ustawienia Tabeli cenowej, dodaj tre\u015b\u0107, zmie\u0144 uk\u0142ad i kolory bez umiej\u0119tno\u015bci kodowania. Zapisz Tabel\u0119 Cenow\u0105 i skopiuj jej kod instalacyjny, kt\u00f3ry mo\u017cesz doda\u0107 na swojej stronie internetowej Webflow bez konieczno\u015bci kupowania p\u0142atnego planu. Dzi\u0119ki naszemu intuicyjnemu Edytorowi ka\u017cdy u\u017cytkownik Internetu mo\u017ce stworzy\u0107 wid\u017cet Tabela Cen online i \u0142atwo osadzi\u0107 go na swojej stronie internetowej Webflow. Aby uzyska\u0107 dost\u0119p do us\u0142ugi, nie trzeba p\u0142aci\u0107 ani wprowadza\u0107 danych uwierzytelniaj\u0105cych karty. Je\u015bli na kt\u00f3rymkolwiek etapie napotkasz jakiekolwiek problemy, skontaktuj si\u0119 z naszym zespo\u0142em pomocy technicznej.<\/p> <\/div>\r\n\t\t\t\t\t<\/div>\r\n\t\t\t\t<\/div> <\/div> <\/div>","protected":false},"excerpt":{"rendered":"","protected":false},"author":9,"featured_media":0,"parent":2029,"menu_order":0,"comment_status":"closed","ping_status":"closed","template":"templates\/template-application-platform.php","meta":{"publish_to_discourse":"","publish_post_category":"","wpdc_auto_publish_overridden":"","wpdc_topic_tags":"","wpdc_pin_topic":"","wpdc_pin_until":"","discourse_post_id":"","discourse_permalink":"","wpdc_publishing_response":"","wpdc_publishing_error":"","footnotes":""},"class_list":["post-6149","page","type-page","status-publish","hentry"],"yoast_head":"<!-- This site is optimized with the Yoast SEO plugin v25.3.1 - https:\/\/yoast.com\/wordpress\/plugins\/seo\/ -->\n<title>Tabela cen - Dodaj wid\u017cet cenowy do witryny Webflow<\/title>\n<meta name=\"description\" content=\"Zdob\u0105d\u017a widget tabeli cen dla Webflow w zaledwie 3 minuty. Sprawd\u017a wszystkie funkcje najlepszej wtyczki cenowej w darmowym panelu.\" \/>\n<meta name=\"robots\" content=\"index, follow, max-snippet:-1, max-image-preview:large, max-video-preview:-1\" \/>\n<link rel=\"canonical\" href=\"https:\/\/elfsight.com\/pl\/pricing-table-plugin\/webflow\/\" \/>\n<meta property=\"og:locale\" content=\"pl_PL\" \/>\n<meta property=\"og:type\" content=\"article\" \/>\n<meta property=\"og:title\" content=\"Tabela cen - Dodaj wid\u017cet cenowy do witryny Webflow\" \/>\n<meta property=\"og:description\" content=\"Zdob\u0105d\u017a widget tabeli cen dla Webflow w zaledwie 3 minuty. Sprawd\u017a wszystkie funkcje najlepszej wtyczki cenowej w darmowym panelu.\" \/>\n<meta property=\"og:url\" content=\"https:\/\/elfsight.com\/pl\/pricing-table-plugin\/webflow\/\" \/>\n<meta property=\"og:site_name\" content=\"Elfsight PL\" \/>\n<meta property=\"article:modified_time\" content=\"2024-11-14T12:48:51+00:00\" \/>\n<meta name=\"twitter:card\" content=\"summary_large_image\" \/>\n<meta name=\"twitter:label1\" content=\"Szacowany czas czytania\" \/>\n\t<meta name=\"twitter:data1\" content=\"3 minuty\" \/>\n<!-- \/ Yoast SEO plugin. -->","yoast_head_json":{"title":"Tabela cen - Dodaj wid\u017cet cenowy do witryny Webflow","description":"Zdob\u0105d\u017a widget tabeli cen dla Webflow w zaledwie 3 minuty. Sprawd\u017a wszystkie funkcje najlepszej wtyczki cenowej w darmowym panelu.","robots":{"index":"index","follow":"follow","max-snippet":"max-snippet:-1","max-image-preview":"max-image-preview:large","max-video-preview":"max-video-preview:-1"},"canonical":"https:\/\/elfsight.com\/pl\/pricing-table-plugin\/webflow\/","og_locale":"pl_PL","og_type":"article","og_title":"Tabela cen - Dodaj wid\u017cet cenowy do witryny Webflow","og_description":"Zdob\u0105d\u017a widget tabeli cen dla Webflow w zaledwie 3 minuty. Sprawd\u017a wszystkie funkcje najlepszej wtyczki cenowej w darmowym panelu.","og_url":"https:\/\/elfsight.com\/pl\/pricing-table-plugin\/webflow\/","og_site_name":"Elfsight PL","article_modified_time":"2024-11-14T12:48:51+00:00","twitter_card":"summary_large_image","twitter_misc":{"Szacowany czas czytania":"3 minuty"},"schema":{"@context":"https:\/\/schema.org","@graph":[{"@type":"WebPage","@id":"https:\/\/elfsight.com\/pl\/pricing-table-plugin\/webflow\/","url":"https:\/\/elfsight.com\/pl\/pricing-table-plugin\/webflow\/","name":"Tabela cen - Dodaj wid\u017cet cenowy do witryny Webflow","isPartOf":{"@id":"https:\/\/elfsight.com\/pl\/#website"},"datePublished":"2024-05-03T06:45:00+00:00","dateModified":"2024-11-14T12:48:51+00:00","description":"Zdob\u0105d\u017a widget tabeli cen dla Webflow w zaledwie 3 minuty. Sprawd\u017a wszystkie funkcje najlepszej wtyczki cenowej w darmowym panelu.","breadcrumb":{"@id":"https:\/\/elfsight.com\/pl\/pricing-table-plugin\/webflow\/#breadcrumb"},"inLanguage":"pl-PL","potentialAction":[{"@type":"ReadAction","target":["https:\/\/elfsight.com\/pl\/pricing-table-plugin\/webflow\/"]}]},{"@type":"BreadcrumbList","@id":"https:\/\/elfsight.com\/pl\/pricing-table-plugin\/webflow\/#breadcrumb","itemListElement":[{"@type":"ListItem","position":1,"name":"Home","item":"https:\/\/elfsight.com\/pl\/"},{"@type":"ListItem","position":2,"name":"Pricing Table","item":"https:\/\/elfsight.com\/pl\/pricing-table-plugin\/"},{"@type":"ListItem","position":3,"name":"Pricing Table &#8211; Webflow"}]},{"@type":"WebSite","@id":"https:\/\/elfsight.com\/pl\/#website","url":"https:\/\/elfsight.com\/pl\/","name":"Elfsight PL","description":"Just another Elfsight Sites site","potentialAction":[{"@type":"SearchAction","target":{"@type":"EntryPoint","urlTemplate":"https:\/\/elfsight.com\/pl\/?s={search_term_string}"},"query-input":{"@type":"PropertyValueSpecification","valueRequired":true,"valueName":"search_term_string"}}],"inLanguage":"pl-PL"}]}},"meta_box":{"industry":"","seo_heading":"","heading":"","description":"","cta_heading":"","cta_description":"","application":"2028","h1":"Widget Tabela cen dla Webflow","h1_caption":"Przedstaw swoje opcje cenowe w spos\u00f3b jasny i atrakcyjny, pomagaj\u0105c klientom w \u0142atwym wyborze planu odpowiadaj\u0105cego ich potrzebom w Twojej witrynie Webflow.","application_category":[],"applications_title":"","applications_request_title":"","applications_request_button_text":"","hero_text":"","hero_video":"","hero_video_schema_markup":"","selling_points_title":"","selling_points_caption":"","selling_points":[],"selling_points_cta_text":"","features_title":"","features":"","ed_cta_examples_text":"","ed_cta_examples_hidden":"","ed_cta_demo_text":"","ed_cta_demo_hidden":"","why_caption":"","why_editor_title":"","why_editor_text":"","why_team_title":"","why_team_text":"","why_service_title":"","why_service_text":"","template_catalog_visible":"","template_catalog_title":"","template_catalog_text":"","template_catalog_categories_visible":"","demo_title":"Utw\u00f3rz wid\u017cet Tabela cen","demo_caption":"Skonfiguruj swoj\u0105 Tabel\u0119 Cenow\u0105 i dodaj j\u0105 do swojej witryny Webflow za darmo!","default_faq_hidden":"","app_template_category":[],"platform":"127","template_public_id":"","codecanyon_url":"","codecanyon_item_id":"","codecanyon_price":"","pricing_caption":"","pricing_elfsight_apps_hide_column":"","pricing_elfsight_apps_url":"","pricing_codecanyon_price_caption":"","integration_category":[],"integration_request_title":"","integration_request_cta":"","integration_platform":"","integrations":[],"platform_category":[],"video_schema_markup":"","price":"od 0 USD \/ miesi\u0105c","trial":"","benefits":[{"text":"Bezp\u0142atna pomoc w monta\u017cu"},{"text":"Profesjonalna obs\u0142uga klienta"},{"text":"14-dniowa gwarancja zwrotu pieni\u0119dzy"}],"button_url":"#demo","button_target_blank":"","button_nofollow":"","attributes":[{"name":"Instaluje"},{"name":"Reakcja na co\u015b"},{"name":"Kompatybilne przegl\u0105darki"}],"tags":[],"tags_disable_links":"","hide_more_platforms":"","video_object":"","demo_hide_cta":"","demo_hide_cloud_options":"","pricing_title":"","pricing":[{"pricing_icon":"platform","pricing_title":"Webflow widget","pricing_title_caption":"Wersja wieloplatformowa dzia\u0142aj\u0105ca na dowolnej stronie internetowej (w tym Webflow)","pricing_price":"od 0 USD \/ miesi\u0105c","pricing_price_caption":"zacznij od bezp\u0142atnego planu","pricing_benefits":[{"text":"Nielimitowane strony internetowe"},{"text":"Profesjonalne i terminowe wsparcie"},{"text":"Bezp\u0142atna pomoc w monta\u017cu"},{"text":"W pe\u0142ni konfigurowalny"}],"pricing_button_text":"Dodaj do witryny","pricing_button_url":"#demo"}],"related_apps_title":"","related_apps_hidden":"","author":"","image":[],"title":"","job":"","social_networks":[]},"_links":{"self":[{"href":"https:\/\/elfsight.com\/pl\/wp-json\/wp\/v2\/pages\/6149","targetHints":{"allow":["GET"]}}],"collection":[{"href":"https:\/\/elfsight.com\/pl\/wp-json\/wp\/v2\/pages"}],"about":[{"href":"https:\/\/elfsight.com\/pl\/wp-json\/wp\/v2\/types\/page"}],"author":[{"embeddable":true,"href":"https:\/\/elfsight.com\/pl\/wp-json\/wp\/v2\/users\/9"}],"replies":[{"embeddable":true,"href":"https:\/\/elfsight.com\/pl\/wp-json\/wp\/v2\/comments?post=6149"}],"version-history":[{"count":2,"href":"https:\/\/elfsight.com\/pl\/wp-json\/wp\/v2\/pages\/6149\/revisions"}],"predecessor-version":[{"id":7966,"href":"https:\/\/elfsight.com\/pl\/wp-json\/wp\/v2\/pages\/6149\/revisions\/7966"}],"up":[{"embeddable":true,"href":"https:\/\/elfsight.com\/pl\/wp-json\/wp\/v2\/pages\/2029"}],"wp:attachment":[{"href":"https:\/\/elfsight.com\/pl\/wp-json\/wp\/v2\/media?parent=6149"}],"curies":[{"name":"wp","href":"https:\/\/api.w.org\/{rel}","templated":true}]}}