{"id":6144,"date":"1970-01-01T00:00:00","date_gmt":"1970-01-01T00:00:00","guid":{"rendered":"https:\/\/elfsight.com\/pl\/?page_id=6144"},"modified":"2025-12-25T12:55:15","modified_gmt":"2025-12-25T12:55:15","slug":"wix","status":"publish","type":"page","link":"https:\/\/elfsight.com\/pl\/pricing-table-plugin\/wix\/","title":{"rendered":"Pricing Table &#8211; Wix"},"content":{"rendered":"<div class=\"application-platform-content-item-description application-platform-content-item\" id=\"description\" data-nav-section=\"description\"><h2>Opis<\/h2><p>Ceny odgrywaj\u0105 jedn\u0105 z podstawowych r\u00f3l w zach\u0119caniu u\u017cytkownik\u00f3w do sk\u0142adania zam\u00f3wie\u0144 w Twojej witrynie. Aplikacja naszego zespo\u0142u nie tylko pomaga klientom witryny szybko i \u0142atwo wizualizowa\u0107 i por\u00f3wnywa\u0107 kilka ofert cenowych. Przyczynia si\u0119 r\u00f3wnie\u017c do podniesienia konwersji, wykorzystuj\u0105c najnowsze tendencje w projektowaniu i uk\u0142adach.<\/p><p><b>Przenie\u015b sprzeda\u017c swojej witryny na inny etap, korzystaj\u0105c z inteligentnych cen.<\/b><\/p><ul> <li><b>Zdob\u0105d\u017a wi\u0119cej klient\u00f3w<\/b>.<br>Wykorzystuj r\u00f3\u017cne skuteczne triki tworzenia cen, aby rozwia\u0107 wszelkie obawy i w\u0105tpliwo\u015bci Twoich klient\u00f3w, kt\u00f3re mog\u0105 pojawi\u0107 si\u0119 na drodze do zakupu i uzyska\u0107 najlepsz\u0105 mo\u017cliw\u0105 konwersj\u0119. <\/li><li><b>Ustawianie aplikacji w zaledwie 90 sekund<\/b>.<br>Po\u015bwi\u0119\u0107 kilka minut na wygenerowanie idealnej aplikacji. Wybierz wszystkie niezb\u0119dne parametry interfejsu i szczeg\u00f3\u0142owe informacje, aby wy\u015bwietli\u0107 je jednym klikni\u0119ciem.<\/li><li><b>Uczy\u0144 swoje ceny atrakcyjnymi dla klient\u00f3w<\/b>.<br>Zmieniaj r\u00f3\u017cnorodne kolory, umieszczaj jednostki, dodawaj obrazy , aby Twoje ceny by\u0142y atrakcyjne dla klient\u00f3w i mia\u0142y pozytywny wp\u0142yw na decyzj\u0119 o zakupie.<\/li><\/ul><\/div><div class=\"application-platform-content-item-features application-platform-content-item\" id=\"features\" data-nav-section=\"features\"><h2>Funkcje<\/h2><p>Zalety co czyni nasz\u0105 aplikacj\u0119 najlepsz\u0105 Tabel\u0105 Cen dla witryn Wix.<\/p><ul><li>6 predefiniowanych element\u00f3w kolumn, kt\u00f3re mo\u017cna uk\u0142ada\u0107 i dostosowywa\u0107 tak, aby uzyska\u0107 idealny wygl\u0105d;<\/li><li>5 predefiniowanych sk\u00f3rek, z r\u00f3\u017cnymi schematami kolor\u00f3w;<\/li><li>3 predefiniowane style funkcji;<\/li><li>\u0141\u0105czenie przycisku z wymagan\u0105 stron\u0105;<\/li><li>Uk\u0142ad zoptymalizowany pod k\u0105tem urz\u0105dze\u0144 mobilnych.<\/li><\/ul><p><a href=\"#demo\">Mo\u017cesz wypr\u00f3bowa\u0107 wszystkie zalety w wersji demonstracyjnej na \u017cywo<\/a><\/p><\/div><div class=\"application-platform-content-item-installation application-platform-content-item\" id=\"installation\" data-nav-section=\"installation\"><h2>Jak doda\u0107 tabel\u0119 cen do witryny Wix<\/h2><div class=\"video-container\">\n  <iframe allowfullscreen=\"\" frameborder=\"0\" height=\"405\" src=\"https:\/\/www.youtube.com\/embed\/paL5984Ivz4?si=ZUJcllHAiDuUMXlr\" width=\"720\"><\/iframe>\n<\/div><p>Instrukcja dotycz\u0105ca integracji naszej aplikacji. Aby to przeprowadzi\u0107, nie b\u0119dziesz potrzebowa\u0107 wiedzy z zakresu programowania ani du\u017cej ilo\u015bci czasu. Tylko kilka szybkich czynno\u015bci i 3 minuty.<\/p><ol><li><b>Stw\u00f3rz swoj\u0105 unikaln\u0105 Tabel\u0119 Cen<\/b>.<br> Dzi\u0119ki naszemu <a href=\"#demo\">darmowemu edytorowi<\/a> , utw\u00f3rz wid\u017cet o niezb\u0119dnym wygl\u0105dzie i funkcjach.<\/li><li><b>Skopiuj kod do dodania aplikacji<\/b>.<br> Po utworzeniu wid\u017cetu pobierz kod do wid\u017cetu Cennik z pojawiaj\u0105cego si\u0119 okna Aplikacje Elfsight.<\/li><li><b>Umie\u015b\u0107 aplikacj\u0119 na stronie Wix<\/b>.<br> Poka\u017c wid\u017cet w wybranym miejscu witryny i opublikuj zmiany.<\/li><li><b>Instalacja zosta\u0142a ca\u0142kowicie uko\u0144czona!<\/b><br> Przejd\u017a do swojej witryny i zobacz swoj\u0105 prac\u0119.<\/li><\/ol><p>Masz pytania dotycz\u0105ce konfiguracji aplikacji? Sprawd\u017a nasz\u0105 szczeg\u00f3\u0142ow\u0105 instrukcj\u0119 \u00ab<a href=\"https:\/\/elfsight.com\/tutorials\/how-to-add-pricing-table-to-wix\/\" target=\"_blank\" rel=\"noopener noreferrer\">Jak wy\u015bwietli\u0107 tabel\u0119 cen do Wix<\/a>\u00bb lub zwr\u00f3\u0107 si\u0119 do naszej obs\u0142ugi klienta, kt\u00f3ra szybko rozwi\u0105\u017ce ka\u017cdy problem.<\/p><div class=\"faq\" data-component=\"FAQ\"> <div class=\"faq-item\">\r\n\t\t\t\t\t<div class=\"faq-item-question\">\r\n\t\t\t\t\t\t<h3 class=\"faq-item-question-text\">Jak mog\u0119 doda\u0107 tabel\u0119 cen do mojej witryny Wix bez kodowania umiej\u0119tno\u015bci?<\/h3>\r\n\r\n\t\t\t\t\t\t<div class=\"faq-item-question-icon\"><\/div>\r\n\t\t\t\t\t<\/div>\r\n\r\n\t\t\t\t\t<div class=\"faq-item-answer\">\r\n\t\t\t\t\t\t<div class=\"faq-item-answer-text\"> <p>Elfsight zapewnia rozwi\u0105zanie SaaS, kt\u00f3re pozwala Ci samodzielnie utworzy\u0107 wid\u017cet Tabeli Cen, przekonaj si\u0119, jak \u0142atwy jest ten proces: Pracuj bezpo\u015brednio w Edytorze online, aby utworzy\u0107 wid\u017cet Tabeli Cen, kt\u00f3ry chcia\u0142by\u015b zobaczy\u0107 na swojej stronie Wix . Wybierz jeden z gotowych szablon\u00f3w i dostosuj ustawienia Tabeli cenowej, dodaj tre\u015b\u0107, zmie\u0144 uk\u0142ad i kolory bez umiej\u0119tno\u015bci kodowania. Zapisz Tabel\u0119 Cen i skopiuj jej kod instalacyjny, kt\u00f3ry mo\u017cesz osadzi\u0107 na swojej stronie Wix bez konieczno\u015bci zakupu wersji p\u0142atnej. Dzi\u0119ki naszemu intuicyjnemu Edytorowi ka\u017cdy u\u017cytkownik Internetu mo\u017ce stworzy\u0107 wid\u017cet Tabela Cen online i \u0142atwo osadzi\u0107 go na swojej stronie Wix. Aby uzyska\u0107 dost\u0119p do us\u0142ugi, nie trzeba p\u0142aci\u0107 ani wprowadza\u0107 danych uwierzytelniaj\u0105cych karty. Je\u015bli na kt\u00f3rymkolwiek etapie napotkasz jakiekolwiek problemy, skontaktuj si\u0119 z naszym zespo\u0142em pomocy technicznej.<\/p> <\/div>\r\n\t\t\t\t\t<\/div>\r\n\t\t\t\t<\/div> <\/div> <\/div>","protected":false},"excerpt":{"rendered":"","protected":false},"author":9,"featured_media":0,"parent":2029,"menu_order":0,"comment_status":"closed","ping_status":"closed","template":"templates\/template-application-platform.php","meta":{"publish_to_discourse":"","publish_post_category":"","wpdc_auto_publish_overridden":"","wpdc_topic_tags":"","wpdc_pin_topic":"","wpdc_pin_until":"","discourse_post_id":"","discourse_permalink":"","wpdc_publishing_response":"","wpdc_publishing_error":"","footnotes":""},"class_list":["post-6144","page","type-page","status-publish","hentry"],"yoast_head":"<!-- This site is optimized with the Yoast SEO plugin v25.3.1 - https:\/\/yoast.com\/wordpress\/plugins\/seo\/ -->\n<title>Tabela cen \u2014 dodaj aplikacj\u0119 cenow\u0105 do witryny Wix (\u0142atwo i szybko)<\/title>\n<meta name=\"description\" content=\"Dodaj aplikacj\u0119 Tabela cen dla Wix w zaledwie 2 minuty. Wypr\u00f3buj wszystkie najwa\u017cniejsze cechy najlepszego widgetu cenowego w bezp\u0142atnej wersji demonstracyjnej.\" \/>\n<meta name=\"robots\" content=\"index, follow, max-snippet:-1, max-image-preview:large, max-video-preview:-1\" \/>\n<link rel=\"canonical\" href=\"https:\/\/elfsight.com\/pl\/pricing-table-plugin\/wix\/\" \/>\n<meta property=\"og:locale\" content=\"pl_PL\" \/>\n<meta property=\"og:type\" content=\"article\" \/>\n<meta property=\"og:title\" content=\"Tabela cen \u2014 dodaj aplikacj\u0119 cenow\u0105 do witryny Wix (\u0142atwo i szybko)\" \/>\n<meta property=\"og:description\" content=\"Dodaj aplikacj\u0119 Tabela cen dla Wix w zaledwie 2 minuty. Wypr\u00f3buj wszystkie najwa\u017cniejsze cechy najlepszego widgetu cenowego w bezp\u0142atnej wersji demonstracyjnej.\" \/>\n<meta property=\"og:url\" content=\"https:\/\/elfsight.com\/pl\/pricing-table-plugin\/wix\/\" \/>\n<meta property=\"og:site_name\" content=\"Elfsight PL\" \/>\n<meta property=\"article:modified_time\" content=\"2025-12-25T12:55:15+00:00\" \/>\n<meta name=\"twitter:card\" content=\"summary_large_image\" \/>\n<meta name=\"twitter:label1\" content=\"Szacowany czas czytania\" \/>\n\t<meta name=\"twitter:data1\" content=\"3 minuty\" \/>\n<!-- \/ Yoast SEO plugin. -->","yoast_head_json":{"title":"Tabela cen \u2014 dodaj aplikacj\u0119 cenow\u0105 do witryny Wix (\u0142atwo i szybko)","description":"Dodaj aplikacj\u0119 Tabela cen dla Wix w zaledwie 2 minuty. Wypr\u00f3buj wszystkie najwa\u017cniejsze cechy najlepszego widgetu cenowego w bezp\u0142atnej wersji demonstracyjnej.","robots":{"index":"index","follow":"follow","max-snippet":"max-snippet:-1","max-image-preview":"max-image-preview:large","max-video-preview":"max-video-preview:-1"},"canonical":"https:\/\/elfsight.com\/pl\/pricing-table-plugin\/wix\/","og_locale":"pl_PL","og_type":"article","og_title":"Tabela cen \u2014 dodaj aplikacj\u0119 cenow\u0105 do witryny Wix (\u0142atwo i szybko)","og_description":"Dodaj aplikacj\u0119 Tabela cen dla Wix w zaledwie 2 minuty. Wypr\u00f3buj wszystkie najwa\u017cniejsze cechy najlepszego widgetu cenowego w bezp\u0142atnej wersji demonstracyjnej.","og_url":"https:\/\/elfsight.com\/pl\/pricing-table-plugin\/wix\/","og_site_name":"Elfsight PL","article_modified_time":"2025-12-25T12:55:15+00:00","twitter_card":"summary_large_image","twitter_misc":{"Szacowany czas czytania":"3 minuty"},"schema":{"@context":"https:\/\/schema.org","@graph":[{"@type":"WebPage","@id":"https:\/\/elfsight.com\/pl\/pricing-table-plugin\/wix\/","url":"https:\/\/elfsight.com\/pl\/pricing-table-plugin\/wix\/","name":"Tabela cen \u2014 dodaj aplikacj\u0119 cenow\u0105 do witryny Wix (\u0142atwo i szybko)","isPartOf":{"@id":"https:\/\/elfsight.com\/pl\/#website"},"datePublished":"1970-01-01T00:00:00+00:00","dateModified":"2025-12-25T12:55:15+00:00","description":"Dodaj aplikacj\u0119 Tabela cen dla Wix w zaledwie 2 minuty. Wypr\u00f3buj wszystkie najwa\u017cniejsze cechy najlepszego widgetu cenowego w bezp\u0142atnej wersji demonstracyjnej.","breadcrumb":{"@id":"https:\/\/elfsight.com\/pl\/pricing-table-plugin\/wix\/#breadcrumb"},"inLanguage":"pl-PL","potentialAction":[{"@type":"ReadAction","target":["https:\/\/elfsight.com\/pl\/pricing-table-plugin\/wix\/"]}]},{"@type":"BreadcrumbList","@id":"https:\/\/elfsight.com\/pl\/pricing-table-plugin\/wix\/#breadcrumb","itemListElement":[{"@type":"ListItem","position":1,"name":"Home","item":"https:\/\/elfsight.com\/pl\/"},{"@type":"ListItem","position":2,"name":"Pricing Table","item":"https:\/\/elfsight.com\/pl\/pricing-table-plugin\/"},{"@type":"ListItem","position":3,"name":"Pricing Table &#8211; Wix"}]},{"@type":"WebSite","@id":"https:\/\/elfsight.com\/pl\/#website","url":"https:\/\/elfsight.com\/pl\/","name":"Elfsight PL","description":"Just another Elfsight Sites site","potentialAction":[{"@type":"SearchAction","target":{"@type":"EntryPoint","urlTemplate":"https:\/\/elfsight.com\/pl\/?s={search_term_string}"},"query-input":{"@type":"PropertyValueSpecification","valueRequired":true,"valueName":"search_term_string"}}],"inLanguage":"pl-PL"}]}},"meta_box":{"industry":"","seo_heading":"","heading":"","description":"","cta_heading":"","cta_description":"","application":"2028","h1":"Aplikacja Tabela cen dla Wix","h1_caption":"Przedstaw swoje opcje cenowe w spos\u00f3b jasny i atrakcyjny, pomagaj\u0105c klientom bez wysi\u0142ku wybra\u0107 plan odpowiadaj\u0105cy ich potrzebom na Twojej stronie Wix.","application_category":[],"applications_title":"","applications_request_title":"","applications_request_button_text":"","hero_text":"","hero_video":"","hero_video_schema_markup":"","selling_points_title":"","selling_points_caption":"","selling_points":[],"selling_points_cta_text":"","features_title":"","features":"","ed_cta_examples_text":"","ed_cta_examples_hidden":"","ed_cta_demo_text":"","ed_cta_demo_hidden":"","why_caption":"","why_editor_title":"","why_editor_text":"","why_team_title":"","why_team_text":"","why_service_title":"","why_service_text":"","template_catalog_visible":"0","template_catalog_title":"","template_catalog_text":"","template_catalog_categories_visible":"","demo_title":"Utw\u00f3rz aplikacj\u0119 z tabel\u0105 cen","demo_caption":"Skonfiguruj swoj\u0105 Tabel\u0119 Cen i dodaj j\u0105 do swojej witryny Wix za darmo!","default_faq_hidden":"","app_template_category":[],"platform":"30","template_public_id":"","codecanyon_url":"","codecanyon_item_id":"","codecanyon_price":"","pricing_caption":"","pricing_elfsight_apps_hide_column":"","pricing_elfsight_apps_url":"","pricing_codecanyon_price_caption":"","integration_category":[],"integration_request_title":"","integration_request_cta":"","integration_platform":"","integrations":[],"platform_category":[],"video_schema_markup":"","price":"od 0 USD \/ miesi\u0105c","trial":"","benefits":[{"text":"Bezp\u0142atna pomoc w instalacji"},{"text":"Profesjonalna obs\u0142uga klienta"},{"text":"14-dniowa gwarancja zwrotu pieni\u0119dzy"}],"button_url":"#demo","button_target_blank":"0","button_nofollow":"0","attributes":[{"name":"Instaluje"},{"name":"Czu\u0142y"},{"name":"Kompatybilne przegl\u0105darki"}],"tags":[],"tags_disable_links":"0","hide_more_platforms":"0","video_object":"","demo_hide_cta":"0","demo_hide_cloud_options":"0","pricing_title":"","pricing":[{"pricing_icon":"platform","pricing_title":"Elfsight app","pricing_title_caption":"Wersja wieloplatformowa, kt\u00f3ra pasuje do ka\u017cdej witryny","pricing_price":"od 0 USD \/ miesi\u0105c","pricing_price_caption":"zacznij od bezp\u0142atnego planu","pricing_benefits":[{"text":"Nielimitowane domeny"},{"text":"Bezp\u0142atna obs\u0142uga klienta"},{"text":"Bezp\u0142atna us\u0142uga monta\u017cu"},{"text":"Specjalna cena za wiele aplikacji"}],"pricing_button_text":"Dodaj do witryny","pricing_button_url":"#demo"}],"related_apps_title":"","related_apps_hidden":"0","author":"","image":[],"title":"","job":"","social_networks":[]},"_links":{"self":[{"href":"https:\/\/elfsight.com\/pl\/wp-json\/wp\/v2\/pages\/6144","targetHints":{"allow":["GET"]}}],"collection":[{"href":"https:\/\/elfsight.com\/pl\/wp-json\/wp\/v2\/pages"}],"about":[{"href":"https:\/\/elfsight.com\/pl\/wp-json\/wp\/v2\/types\/page"}],"author":[{"embeddable":true,"href":"https:\/\/elfsight.com\/pl\/wp-json\/wp\/v2\/users\/9"}],"replies":[{"embeddable":true,"href":"https:\/\/elfsight.com\/pl\/wp-json\/wp\/v2\/comments?post=6144"}],"version-history":[{"count":3,"href":"https:\/\/elfsight.com\/pl\/wp-json\/wp\/v2\/pages\/6144\/revisions"}],"predecessor-version":[{"id":10830,"href":"https:\/\/elfsight.com\/pl\/wp-json\/wp\/v2\/pages\/6144\/revisions\/10830"}],"up":[{"embeddable":true,"href":"https:\/\/elfsight.com\/pl\/wp-json\/wp\/v2\/pages\/2029"}],"wp:attachment":[{"href":"https:\/\/elfsight.com\/pl\/wp-json\/wp\/v2\/media?parent=6144"}],"curies":[{"name":"wp","href":"https:\/\/api.w.org\/{rel}","templated":true}]}}