{"id":6142,"date":"1970-01-01T00:00:00","date_gmt":"1970-01-01T00:00:00","guid":{"rendered":"https:\/\/elfsight.com\/pl\/?page_id=6142"},"modified":"2024-11-14T12:48:19","modified_gmt":"2024-11-14T12:48:19","slug":"webnode","status":"publish","type":"page","link":"https:\/\/elfsight.com\/pl\/pricing-table-plugin\/webnode\/","title":{"rendered":"Pricing Table &#8211; Webnode"},"content":{"rendered":"<div class=\"application-platform-content-item-description application-platform-content-item\" id=\"description\" data-nav-section=\"description\"><h2>Opis<\/h2><p>Ceny odgrywaj\u0105 jedn\u0105 z najwa\u017cniejszych r\u00f3l w przekonywaniu odwiedzaj\u0105cych do dokonania zakupu lub zam\u00f3wienia. Nasza wtyczka nie tylko pozwala kupuj\u0105cym na stronie internetowej szybko i \u0142atwo zobaczy\u0107 i por\u00f3wna\u0107 kilka opcji cenowych. Pomaga tak\u017ce poprawi\u0107 konwersj\u0119 dzi\u0119ki naj\u015bwie\u017cszym trendom zawartym w opcjach projektowania i szablon\u00f3w.<\/p><p><b>Znacznie zwi\u0119ksz sprzeda\u017c swojej witryny, korzystaj\u0105c z zaawansowanych cen.<\/b><\/p><ul><li><b>Pozw\u00f3l klientom odby\u0107 podr\u00f3\u017c zakupow\u0105 do ko\u0144ca<\/b>.<br>Wy\u015bwietlaj w najprostszy i najskuteczniejszy spos\u00f3b dane, kt\u00f3rych potrzebuj\u0105 Twoi przyszli klienci, i pom\u00f3\u017c im podj\u0105\u0107 w\u0142a\u015bciw\u0105 decyzj\u0119.<\/li><li><b>Szybka i skuteczna personalizacja<\/b>.<br>Dzi\u0119ki szerokiej gamie ustawie\u0144, kt\u00f3re pozwalaj\u0105 skonfigurowa\u0107 r\u00f3\u017cne rodzaje cen w kilku krokach, znajdziesz taki, kt\u00f3ry b\u0119dzie najbardziej skuteczny dla Twojej witryny. <\/li><li><b>Podaj wi\u0119cej szczeg\u00f3\u0142\u00f3w na temat swoich ofert<\/b>.<br>Opisz wszystkie warunki cenowe i wy\u015bwietl plany za pomoc\u0105 spersonalizowanej wtyczki, aby klienci mogli szybko zobaczy\u0107 i przeanalizowa\u0107 mo\u017cliwe warunki.<\/li><\/ul><\/div><div class=\"application-platform-content-item-features application-platform-content-item\" id=\"features\" data-nav-section=\"features\"><h2>Funkcje<\/h2><p>Korzy\u015bci, kt\u00f3re sprawiaj\u0105, \u017ce nasza wtyczka jest najlepsz\u0105 tabel\u0105 cenow\u0105 dla witryn Webnode.<\/p><ul><li>6 predefiniowanych element\u00f3w kolumn, kt\u00f3re mo\u017cna uk\u0142ada\u0107 i dostosowywa\u0107 w celu uzyskania idealnego wygl\u0105du;<\/li><li>Lista regulowanych funkcji wraz z ikonami funkcji, wskaz\u00f3wkami i nieograniczon\u0105 liczb\u0105 funkcji;<\/li><li> Elementy kolorystyczne ka\u017cdej kolumny mo\u017cna indywidualnie dostosowa\u0107;<\/li><li>Mo\u017cliwo\u015b\u0107 dostosowania promienia i szeroko\u015bci obramowania przycisku;<\/li><li>Uk\u0142ad zoptymalizowany pod k\u0105tem urz\u0105dze\u0144 mobilnych.<\/li><\/ul><p><a href=\" #demo\">Wszystkie zalety mo\u017cesz odkry\u0107 w wersji demonstracyjnej na \u017cywo<\/a><\/p><\/div><div class=\"application-platform-content-item-installation application-platform-content-item\" id=\"installation\" data-nav-section=\"installation\"><h2>Jak doda\u0107 tabel\u0119 cen do witryny Webnode<\/h2><p>Instrukcja konfiguracji naszej wtyczki. Aby go spe\u0142ni\u0107, nie b\u0119dziesz potrzebowa\u0107 umiej\u0119tno\u015bci programowania i nie zajmie to du\u017co czasu. Tylko kilka prostych krok\u00f3w i 2 minuty.<\/p><ol><li><b>Utw\u00f3rz w\u0142asn\u0105 tabel\u0119 cen<\/b>.<br> Korzystaj\u0105c z naszego darmowego edytora, utw\u00f3rz wtyczk\u0119 z preferowanym uk\u0142adem i funkcjami.<\/b> li&gt;<li><b>Odbierz kod do integracji wtyczki<\/b>.<br> Po skonfigurowaniu wid\u017cetu odbierz kod do wtyczki Pricing z powiadomienia pojawiaj\u0105cego si\u0119 w aplikacji Elfsight.<\/li><li><b>Osad\u017a wtyczk\u0119 na stronie Webnode<\/b>.<br> Zintegruj wtyczk\u0119 w odpowiednim miejscu strony i opublikuj zmiany.<\/li><li><b>Gotowe!<\/b><br> Enter swoj\u0105 witryn\u0119 internetow\u0105, aby zobaczy\u0107 ceny.<\/li><\/ol><p>Masz pytania dotycz\u0105ce integracji wtyczki? Zobacz nasz kompletny samouczek lub skontaktuj si\u0119 z naszym centrum pomocy, a ch\u0119tnie pomo\u017cemy.<\/p><div class=\"faq\" data-component=\"FAQ\"> <div class=\"faq-item\">\r\n\t\t\t\t\t<div class=\"faq-item-question\">\r\n\t\t\t\t\t\t<h3 class=\"faq-item-question-text\">Jak mog\u0119 doda\u0107 tabel\u0119 cen do mojej witryny Webnode bez umiej\u0119tno\u015bci kodowania?<\/h3>\r\n\r\n\t\t\t\t\t\t<div class=\"faq-item-question-icon\"><\/div>\r\n\t\t\t\t\t<\/div>\r\n\r\n\t\t\t\t\t<div class=\"faq-item-answer\">\r\n\t\t\t\t\t\t<div class=\"faq-item-answer-text\"> <p>Elfsight zapewnia rozwi\u0105zanie SaaS, kt\u00f3re umo\u017cliwia samodzielne utworzenie wid\u017cetu Tabeli Cen. Przekonaj si\u0119, jak \u0142atwy jest ten proces: Pracuj bezpo\u015brednio w edytorze online, aby utworzy\u0107 wid\u017cet Tabeli Cen, kt\u00f3ry chcesz zobaczy\u0107 na swojej stronie internetowej Webnode. Wybierz jeden z gotowych szablon\u00f3w i dostosuj ustawienia Tabeli cenowej, dodaj tre\u015b\u0107, zmie\u0144 uk\u0142ad i kolory bez umiej\u0119tno\u015bci kodowania. Zapisz Tabel\u0119 Cenow\u0105 i skopiuj jej kod instalacyjny, kt\u00f3ry mo\u017cesz bez wysi\u0142ku doda\u0107 do swojej witryny Webnode, bez konieczno\u015bci kupowania p\u0142atnego planu. Dzi\u0119ki naszemu intuicyjnemu Edytorowi ka\u017cdy u\u017cytkownik Internetu mo\u017ce stworzy\u0107 wid\u017cet Tabela Cen online i \u0142atwo osadzi\u0107 go na swojej stronie internetowej Webnode. Aby uzyska\u0107 dost\u0119p do us\u0142ugi, nie trzeba p\u0142aci\u0107 ani wprowadza\u0107 danych uwierzytelniaj\u0105cych karty. Je\u015bli na kt\u00f3rymkolwiek etapie napotkasz jakiekolwiek problemy, skontaktuj si\u0119 z naszym zespo\u0142em pomocy technicznej.<\/p> <\/div>\r\n\t\t\t\t\t<\/div>\r\n\t\t\t\t<\/div> <\/div> <\/div>","protected":false},"excerpt":{"rendered":"","protected":false},"author":9,"featured_media":0,"parent":2029,"menu_order":0,"comment_status":"closed","ping_status":"closed","template":"templates\/template-application-platform.php","meta":{"publish_to_discourse":"","publish_post_category":"","wpdc_auto_publish_overridden":"","wpdc_topic_tags":"","wpdc_pin_topic":"","wpdc_pin_until":"","discourse_post_id":"","discourse_permalink":"","wpdc_publishing_response":"","wpdc_publishing_error":"","footnotes":""},"class_list":["post-6142","page","type-page","status-publish","hentry"],"yoast_head":"<!-- This site is optimized with the Yoast SEO plugin v25.3.1 - https:\/\/yoast.com\/wordpress\/plugins\/seo\/ -->\n<title>Tabela cen - Dodaj wid\u017cet cenowy do witryny Webnode<\/title>\n<meta name=\"description\" content=\"Skonfiguruj wtyczk\u0119 Cennik dla Webnode w zaledwie 1 minut\u0119. Sprawd\u017a wszystkie najwa\u017cniejsze zalety najlepszego widgetu cenowego w darmowej wersji demonstracyjnej.\" \/>\n<meta name=\"robots\" content=\"index, follow, max-snippet:-1, max-image-preview:large, max-video-preview:-1\" \/>\n<link rel=\"canonical\" href=\"https:\/\/elfsight.com\/pl\/pricing-table-plugin\/webnode\/\" \/>\n<meta property=\"og:locale\" content=\"pl_PL\" \/>\n<meta property=\"og:type\" content=\"article\" \/>\n<meta property=\"og:title\" content=\"Tabela cen - Dodaj wid\u017cet cenowy do witryny Webnode\" \/>\n<meta property=\"og:description\" content=\"Skonfiguruj wtyczk\u0119 Cennik dla Webnode w zaledwie 1 minut\u0119. Sprawd\u017a wszystkie najwa\u017cniejsze zalety najlepszego widgetu cenowego w darmowej wersji demonstracyjnej.\" \/>\n<meta property=\"og:url\" content=\"https:\/\/elfsight.com\/pl\/pricing-table-plugin\/webnode\/\" \/>\n<meta property=\"og:site_name\" content=\"Elfsight PL\" \/>\n<meta property=\"article:modified_time\" content=\"2024-11-14T12:48:19+00:00\" \/>\n<meta name=\"twitter:card\" content=\"summary_large_image\" \/>\n<meta name=\"twitter:label1\" content=\"Szacowany czas czytania\" \/>\n\t<meta name=\"twitter:data1\" content=\"3 minuty\" \/>\n<!-- \/ Yoast SEO plugin. -->","yoast_head_json":{"title":"Tabela cen - Dodaj wid\u017cet cenowy do witryny Webnode","description":"Skonfiguruj wtyczk\u0119 Cennik dla Webnode w zaledwie 1 minut\u0119. Sprawd\u017a wszystkie najwa\u017cniejsze zalety najlepszego widgetu cenowego w darmowej wersji demonstracyjnej.","robots":{"index":"index","follow":"follow","max-snippet":"max-snippet:-1","max-image-preview":"max-image-preview:large","max-video-preview":"max-video-preview:-1"},"canonical":"https:\/\/elfsight.com\/pl\/pricing-table-plugin\/webnode\/","og_locale":"pl_PL","og_type":"article","og_title":"Tabela cen - Dodaj wid\u017cet cenowy do witryny Webnode","og_description":"Skonfiguruj wtyczk\u0119 Cennik dla Webnode w zaledwie 1 minut\u0119. Sprawd\u017a wszystkie najwa\u017cniejsze zalety najlepszego widgetu cenowego w darmowej wersji demonstracyjnej.","og_url":"https:\/\/elfsight.com\/pl\/pricing-table-plugin\/webnode\/","og_site_name":"Elfsight PL","article_modified_time":"2024-11-14T12:48:19+00:00","twitter_card":"summary_large_image","twitter_misc":{"Szacowany czas czytania":"3 minuty"},"schema":{"@context":"https:\/\/schema.org","@graph":[{"@type":"WebPage","@id":"https:\/\/elfsight.com\/pl\/pricing-table-plugin\/webnode\/","url":"https:\/\/elfsight.com\/pl\/pricing-table-plugin\/webnode\/","name":"Tabela cen - Dodaj wid\u017cet cenowy do witryny Webnode","isPartOf":{"@id":"https:\/\/elfsight.com\/pl\/#website"},"datePublished":"1970-01-01T00:00:00+00:00","dateModified":"2024-11-14T12:48:19+00:00","description":"Skonfiguruj wtyczk\u0119 Cennik dla Webnode w zaledwie 1 minut\u0119. Sprawd\u017a wszystkie najwa\u017cniejsze zalety najlepszego widgetu cenowego w darmowej wersji demonstracyjnej.","breadcrumb":{"@id":"https:\/\/elfsight.com\/pl\/pricing-table-plugin\/webnode\/#breadcrumb"},"inLanguage":"pl-PL","potentialAction":[{"@type":"ReadAction","target":["https:\/\/elfsight.com\/pl\/pricing-table-plugin\/webnode\/"]}]},{"@type":"BreadcrumbList","@id":"https:\/\/elfsight.com\/pl\/pricing-table-plugin\/webnode\/#breadcrumb","itemListElement":[{"@type":"ListItem","position":1,"name":"Home","item":"https:\/\/elfsight.com\/pl\/"},{"@type":"ListItem","position":2,"name":"Pricing Table","item":"https:\/\/elfsight.com\/pl\/pricing-table-plugin\/"},{"@type":"ListItem","position":3,"name":"Pricing Table &#8211; Webnode"}]},{"@type":"WebSite","@id":"https:\/\/elfsight.com\/pl\/#website","url":"https:\/\/elfsight.com\/pl\/","name":"Elfsight PL","description":"Just another Elfsight Sites site","potentialAction":[{"@type":"SearchAction","target":{"@type":"EntryPoint","urlTemplate":"https:\/\/elfsight.com\/pl\/?s={search_term_string}"},"query-input":{"@type":"PropertyValueSpecification","valueRequired":true,"valueName":"search_term_string"}}],"inLanguage":"pl-PL"}]}},"meta_box":{"industry":"","seo_heading":"","heading":"","description":"","cta_heading":"","cta_description":"","application":"2028","h1":"Wtyczka Cennik dla Webnode","h1_caption":"Przedstaw swoje opcje cenowe w jasny i atrakcyjny spos\u00f3b, pomagaj\u0105c klientom w \u0142atwym wyborze planu odpowiadaj\u0105cego ich potrzebom w Twojej witrynie Webnode.","application_category":[],"applications_title":"","applications_request_title":"","applications_request_button_text":"","hero_text":"","hero_video":"","hero_video_schema_markup":"","selling_points_title":"","selling_points_caption":"","selling_points":[],"selling_points_cta_text":"","features_title":"","features":"","ed_cta_examples_text":"","ed_cta_examples_hidden":"","ed_cta_demo_text":"","ed_cta_demo_hidden":"","why_caption":"","why_editor_title":"","why_editor_text":"","why_team_title":"","why_team_text":"","why_service_title":"","why_service_text":"","template_catalog_visible":"","template_catalog_title":"","template_catalog_text":"","template_catalog_categories_visible":"","demo_title":"Utw\u00f3rz wid\u017cet Tabela cen","demo_caption":"Skonfiguruj swoj\u0105 Tabel\u0119 Cenow\u0105 i dodaj j\u0105 do swojej witryny Webnode za darmo!","default_faq_hidden":"","app_template_category":[],"platform":"138","template_public_id":"","codecanyon_url":"","codecanyon_item_id":"","codecanyon_price":"","pricing_caption":"","pricing_elfsight_apps_hide_column":"","pricing_elfsight_apps_url":"","pricing_codecanyon_price_caption":"","integration_category":[],"integration_request_title":"","integration_request_cta":"","integration_platform":"","integrations":[],"platform_category":[],"video_schema_markup":"","price":"od 0 USD \/ miesi\u0105c","trial":"","benefits":[{"text":"Bezp\u0142atna pomoc w monta\u017cu"},{"text":"Do\u015bwiadczona obs\u0142uga klienta"},{"text":"14-dniowa gwarancja zwrotu pieni\u0119dzy"}],"button_url":"#demo","button_target_blank":"","button_nofollow":"","attributes":[{"name":"Instaluje"},{"name":"Czu\u0142y"},{"name":"Kompatybilne przegl\u0105darki"}],"tags":[],"tags_disable_links":"","hide_more_platforms":"","video_object":"","demo_hide_cta":"","demo_hide_cloud_options":"","pricing_title":"","pricing":[{"pricing_icon":"platform","pricing_title":"Elfsight Apps","pricing_title_caption":"Rozwi\u0105zanie wieloplatformowe","pricing_price":"od 0 USD \/ miesi\u0105c","pricing_price_caption":"zacznij od bezp\u0142atnego planu","pricing_benefits":[{"text":"Nielimitowane strony internetowe"},{"text":"Wsparcie 24\/7"},{"text":"Bezp\u0142atna pomoc w monta\u017cu"},{"text":"Specjalna cena za wiele aplikacji"}],"pricing_button_text":"Dodaj do witryny","pricing_button_url":"#demo"}],"related_apps_title":"","related_apps_hidden":"","author":"","image":[],"title":"","job":"","social_networks":[]},"_links":{"self":[{"href":"https:\/\/elfsight.com\/pl\/wp-json\/wp\/v2\/pages\/6142","targetHints":{"allow":["GET"]}}],"collection":[{"href":"https:\/\/elfsight.com\/pl\/wp-json\/wp\/v2\/pages"}],"about":[{"href":"https:\/\/elfsight.com\/pl\/wp-json\/wp\/v2\/types\/page"}],"author":[{"embeddable":true,"href":"https:\/\/elfsight.com\/pl\/wp-json\/wp\/v2\/users\/9"}],"replies":[{"embeddable":true,"href":"https:\/\/elfsight.com\/pl\/wp-json\/wp\/v2\/comments?post=6142"}],"version-history":[{"count":1,"href":"https:\/\/elfsight.com\/pl\/wp-json\/wp\/v2\/pages\/6142\/revisions"}],"predecessor-version":[{"id":6146,"href":"https:\/\/elfsight.com\/pl\/wp-json\/wp\/v2\/pages\/6142\/revisions\/6146"}],"up":[{"embeddable":true,"href":"https:\/\/elfsight.com\/pl\/wp-json\/wp\/v2\/pages\/2029"}],"wp:attachment":[{"href":"https:\/\/elfsight.com\/pl\/wp-json\/wp\/v2\/media?parent=6142"}],"curies":[{"name":"wp","href":"https:\/\/api.w.org\/{rel}","templated":true}]}}