{"id":6141,"date":"1970-01-01T00:00:00","date_gmt":"1970-01-01T00:00:00","guid":{"rendered":"https:\/\/elfsight.com\/pl\/?page_id=6141"},"modified":"2025-06-25T16:37:13","modified_gmt":"2025-06-25T16:37:13","slug":"squarespace","status":"publish","type":"page","link":"https:\/\/elfsight.com\/pl\/pricing-table-plugin\/squarespace\/","title":{"rendered":"Pricing Table &#8211; Squarespace"},"content":{"rendered":"<div class=\"application-platform-content-item-description application-platform-content-item\" id=\"description\" data-nav-section=\"description\">\n<h2>Osad\u017a tabel\u0119 cen w Squarespace za pomoc\u0105 wid\u017cetu Elfsight<\/h2>\n<p>Ceny sta\u0142y si\u0119 jednym z kluczowych czynnik\u00f3w przekonuj\u0105cych u\u017cytkownik\u00f3w do dokonania zakupu zakup. Wid\u017cet Elfsight nie tylko daje kupuj\u0105cym na stronie mo\u017cliwo\u015b\u0107 szybkiego poznania i por\u00f3wnania ofert cenowych. Przyczynia si\u0119 tak\u017ce do poprawy konwersji poprzez wykorzystanie najnowszych trik\u00f3w w interfejsie i modelowaniu.<\/p>\n<p><b>Przenie\u015b sprzeda\u017c swojej witryny na wy\u017cszy poziom, za pomoc\u0105 efektywnej wyceny.<\/b><\/p>\n<ul>\n    <li><b>Zdob\u0105d\u017a wi\u0119cej klient\u00f3w<\/b>.<br>Wykorzystuj najbardziej zaawansowane trendy interfejsu, aby wykluczy\u0107 wszelkie b\u0142\u0119dne przekonania, jakie Twoi klienci mog\u0105 mie\u0107 przy podejmowaniu decyzji o zakupie i osi\u0105gn\u0105\u0107 maksimum konwersji.<\/li>\n    <li><b>Dostosowywanie wid\u017cetu w zaledwie 1 minut\u0119<\/b>.<br>Po\u015bwi\u0119\u0107 tylko kilka minut, aby stworzy\u0107 idealny wid\u017cet. Wybierz dowoln\u0105 wymagan\u0105 konfiguracj\u0119 projektu i informacji, aby wy\u015bwietli\u0107 je za pomoc\u0105 kilku klikni\u0119\u0107.<\/li>\n    <li><b>Zapisz wszystkie szczeg\u00f3\u0142y dotycz\u0105ce swoich plan\u00f3w cenowych<\/b>.<br>Podaj wi\u0119cej szczeg\u00f3\u0142\u00f3w na temat warunk\u00f3w cenowych i dodaj swoje plany do osobistego wid\u017cetu, aby klienci mogli zobaczy\u0107 i por\u00f3wna\u0107 mo\u017cliwe taryfy.<\/li>\n<\/ul>\n<\/div>\n\n<div class=\"application-platform-content-item-features application-platform-content-item\" id=\"features\" data-nav-section=\"features\">\n<h2>G\u0142\u00f3wne cechy wid\u017cetu Tabela cen<\/h2>\n<p>Cechy, kt\u00f3re przekszta\u0142caj\u0105 nasz widget w najlepsz\u0105 tabel\u0119 cen dla witryn Squarespace.<\/p>\n<ul>\n    <li>2 predefiniowane typy promienia obramowania i 4 predefiniowane typy szeroko\u015bci obramowania;<\/li>\n    <li>Lista regulowanych funkcji, zawieraj\u0105ca ikony funkcji, wskaz\u00f3wki i nieograniczon\u0105 liczb\u0119 funkcji;<\/li>\n    <li>3 predefiniowane style funkcji;<\/li>\n    <li>\u0141\u0105czenie przycisku z wymagan\u0105 stron\u0105;<\/li>\n    <li>Uk\u0142ad zoptymalizowany pod k\u0105tem urz\u0105dze\u0144 mobilnych.<\/li>\n<\/ul>\n<p><a href=\"#demo\">Wszystkie korzy\u015bci mo\u017cesz sprawdzi\u0107 za pomoc\u0105 konfiguratora na \u017cywo<\/a><\/p>\n<\/div>\n\n<div class=\"application-platform-content-item-installation application-platform-content-item\" id=\"installation\" data-nav-section=\"installation\">\n<h2>Jak doda\u0107 tabel\u0119 cen do witryny Squarespace<\/h2>\n<div class=\"video-container\"><iframe width=\"720\" height=\"405\" src=\"https:\/\/www.youtube.com\/embed\/Z4wm8dOO78k\" frameborder=\"0\" allowfullscreen=\"\"><\/iframe><\/div>\n<p>Instrukcja instalacji naszego widgetu. Aby go wykona\u0107, nie b\u0119dziesz potrzebowa\u0107 wiedzy z zakresu programowania ani du\u017cej ilo\u015bci czasu. Tylko 4 proste kroki i 3 minuty.<\/p>\n<ol>\n    <li><b>Utw\u00f3rz swoj\u0105 unikaln\u0105 tabel\u0119 cen<\/b>.<br> Dzi\u0119ki naszej bezp\u0142atnej wersji demonstracyjnej mo\u017cesz stworzy\u0107 wtyczk\u0119 o wymaganym wygl\u0105dzie i funkcjach.<\/li>\n    <li><b>Zdob\u0105d\u017a kod do wy\u015bwietlenia wtyczki<\/b>.<br> Po dostrojeniu wid\u017cetu uzyskaj kod wtyczki Cennik z wyskakuj\u0105cego powiadomienia w aplikacji Elfsight.<\/li>\n    <li><b>Umie\u015b\u0107 wtyczk\u0119 w witrynie SquareSpace<\/b>.<br> Umie\u015b\u0107 wtyczk\u0119 w wymaganym miejscu strony i opublikuj zmiany.<\/li>\n    <li><b>Instalacja zako\u0144czy\u0142a si\u0119 pomy\u015blnie<\/b>.<br> Odwied\u017a swoj\u0105 witryn\u0119, aby sprawdzi\u0107 ceny.<\/li>\n<\/ol>\n<p>Masz pytania podczas tworzenia wid\u017cetu? Sprawd\u017a nasz\u0105 pe\u0142n\u0105 instrukcj\u0119 \u00ab<a href=\"https:\/\/elfsight.com\/tutorials\/how-to-add-pricing-table-to-squarespace\/\" target=\"_blank\" rel=\"noopener noreferrer\">Jak zintegrowa\u0107 tabel\u0119 cen do Squarespace<\/a>\u00bb lub skontaktuj si\u0119 z naszym zespo\u0142em pomocy technicznej, ch\u0119tnie pomo\u017cemy w ka\u017cdym problemie!<\/p>\n<div class=\"faq\" data-component=\"FAQ\">\n    <div class=\"faq-item\">\r\n\t\t\t\t\t<div class=\"faq-item-question\">\r\n\t\t\t\t\t\t<h3 class=\"faq-item-question-text\">Jak mog\u0119 doda\u0107 tabel\u0119 cen do mojej witryny Squarespace bez umiej\u0119tno\u015bci kodowania?<\/h3>\r\n\r\n\t\t\t\t\t\t<div class=\"faq-item-question-icon\"><\/div>\r\n\t\t\t\t\t<\/div>\r\n\r\n\t\t\t\t\t<div class=\"faq-item-answer\">\r\n\t\t\t\t\t\t<div class=\"faq-item-answer-text\">\n    <p>Elfsight zapewnia rozwi\u0105zanie SaaS, kt\u00f3re pozwala samodzielnie utworzy\u0107 wid\u017cet Tabeli cenowej. Zobacz, jak \u0142atwy jest ten proces: Pracuj bezpo\u015brednio w edytorze online, aby utworzy\u0107 wid\u017cet Tabeli cenowej, kt\u00f3ry chcesz widzie\u0107 w swoim Squarespace strona internetowa. Wybierz jeden z gotowych szablon\u00f3w i dostosuj ustawienia Tabeli cenowej, dodaj tre\u015b\u0107, zmie\u0144 uk\u0142ad i kolory bez umiej\u0119tno\u015bci kodowania. Zapisz Tabel\u0119 cen i skopiuj jej kod instalacyjny, kt\u00f3ry mo\u017cesz \u0142atwo osadzi\u0107 na swojej stronie Squarespace bez konieczno\u015bci kupowania p\u0142atnego planu. Dzi\u0119ki naszemu intuicyjnemu edytorowi ka\u017cdy u\u017cytkownik Internetu mo\u017ce utworzy\u0107 wid\u017cet Tabela cen online i \u0142atwo osadzi\u0107 go na swojej stronie internetowej Squarespace. Aby uzyska\u0107 dost\u0119p do us\u0142ugi, nie trzeba p\u0142aci\u0107 ani wprowadza\u0107 danych uwierzytelniaj\u0105cych karty. Je\u015bli na kt\u00f3rymkolwiek etapie napotkasz jakiekolwiek problemy, skontaktuj si\u0119 z naszym zespo\u0142em pomocy technicznej.<\/p>\n    <\/div>\r\n\t\t\t\t\t<\/div>\r\n\t\t\t\t<\/div>\n<\/div>\n<\/div>","protected":false},"excerpt":{"rendered":"","protected":false},"author":9,"featured_media":0,"parent":2029,"menu_order":0,"comment_status":"closed","ping_status":"closed","template":"templates\/template-application-platform.php","meta":{"publish_to_discourse":"","publish_post_category":"","wpdc_auto_publish_overridden":"","wpdc_topic_tags":"","wpdc_pin_topic":"","wpdc_pin_until":"","discourse_post_id":"","discourse_permalink":"","wpdc_publishing_response":"","wpdc_publishing_error":"","footnotes":""},"class_list":["post-6141","page","type-page","status-publish","hentry"],"yoast_head":"<!-- This site is optimized with the Yoast SEO plugin v25.3.1 - https:\/\/yoast.com\/wordpress\/plugins\/seo\/ -->\n<title>Tabela cen \u2014 dodaj wid\u017cet cenowy do witryny Squarespace<\/title>\n<meta name=\"description\" content=\"Zainstaluj wtyczk\u0119 Cennik dla Squarespace w zaledwie 3 minuty. Odkryj wszystkie kluczowe cechy najlepszej wtyczki cenowej w bezp\u0142atnej wersji demonstracyjnej.\" \/>\n<meta name=\"robots\" content=\"index, follow, max-snippet:-1, max-image-preview:large, max-video-preview:-1\" \/>\n<link rel=\"canonical\" href=\"https:\/\/elfsight.com\/pl\/pricing-table-plugin\/squarespace\/\" \/>\n<meta property=\"og:locale\" content=\"pl_PL\" \/>\n<meta property=\"og:type\" content=\"article\" \/>\n<meta property=\"og:title\" content=\"Tabela cen \u2014 dodaj wid\u017cet cenowy do witryny Squarespace\" \/>\n<meta property=\"og:description\" content=\"Zainstaluj wtyczk\u0119 Cennik dla Squarespace w zaledwie 3 minuty. Odkryj wszystkie kluczowe cechy najlepszej wtyczki cenowej w bezp\u0142atnej wersji demonstracyjnej.\" \/>\n<meta property=\"og:url\" content=\"https:\/\/elfsight.com\/pl\/pricing-table-plugin\/squarespace\/\" \/>\n<meta property=\"og:site_name\" content=\"Elfsight PL\" \/>\n<meta property=\"article:modified_time\" content=\"2025-06-25T16:37:13+00:00\" \/>\n<meta name=\"twitter:card\" content=\"summary_large_image\" \/>\n<meta name=\"twitter:label1\" content=\"Szacowany czas czytania\" \/>\n\t<meta name=\"twitter:data1\" content=\"3 minuty\" \/>\n<!-- \/ Yoast SEO plugin. -->","yoast_head_json":{"title":"Tabela cen \u2014 dodaj wid\u017cet cenowy do witryny Squarespace","description":"Zainstaluj wtyczk\u0119 Cennik dla Squarespace w zaledwie 3 minuty. Odkryj wszystkie kluczowe cechy najlepszej wtyczki cenowej w bezp\u0142atnej wersji demonstracyjnej.","robots":{"index":"index","follow":"follow","max-snippet":"max-snippet:-1","max-image-preview":"max-image-preview:large","max-video-preview":"max-video-preview:-1"},"canonical":"https:\/\/elfsight.com\/pl\/pricing-table-plugin\/squarespace\/","og_locale":"pl_PL","og_type":"article","og_title":"Tabela cen \u2014 dodaj wid\u017cet cenowy do witryny Squarespace","og_description":"Zainstaluj wtyczk\u0119 Cennik dla Squarespace w zaledwie 3 minuty. Odkryj wszystkie kluczowe cechy najlepszej wtyczki cenowej w bezp\u0142atnej wersji demonstracyjnej.","og_url":"https:\/\/elfsight.com\/pl\/pricing-table-plugin\/squarespace\/","og_site_name":"Elfsight PL","article_modified_time":"2025-06-25T16:37:13+00:00","twitter_card":"summary_large_image","twitter_misc":{"Szacowany czas czytania":"3 minuty"},"schema":{"@context":"https:\/\/schema.org","@graph":[{"@type":"WebPage","@id":"https:\/\/elfsight.com\/pl\/pricing-table-plugin\/squarespace\/","url":"https:\/\/elfsight.com\/pl\/pricing-table-plugin\/squarespace\/","name":"Tabela cen \u2014 dodaj wid\u017cet cenowy do witryny Squarespace","isPartOf":{"@id":"https:\/\/elfsight.com\/pl\/#website"},"datePublished":"1970-01-01T00:00:00+00:00","dateModified":"2025-06-25T16:37:13+00:00","description":"Zainstaluj wtyczk\u0119 Cennik dla Squarespace w zaledwie 3 minuty. Odkryj wszystkie kluczowe cechy najlepszej wtyczki cenowej w bezp\u0142atnej wersji demonstracyjnej.","breadcrumb":{"@id":"https:\/\/elfsight.com\/pl\/pricing-table-plugin\/squarespace\/#breadcrumb"},"inLanguage":"pl-PL","potentialAction":[{"@type":"ReadAction","target":["https:\/\/elfsight.com\/pl\/pricing-table-plugin\/squarespace\/"]}]},{"@type":"BreadcrumbList","@id":"https:\/\/elfsight.com\/pl\/pricing-table-plugin\/squarespace\/#breadcrumb","itemListElement":[{"@type":"ListItem","position":1,"name":"Home","item":"https:\/\/elfsight.com\/pl\/"},{"@type":"ListItem","position":2,"name":"Pricing Table","item":"https:\/\/elfsight.com\/pl\/pricing-table-plugin\/"},{"@type":"ListItem","position":3,"name":"Pricing Table &#8211; Squarespace"}]},{"@type":"WebSite","@id":"https:\/\/elfsight.com\/pl\/#website","url":"https:\/\/elfsight.com\/pl\/","name":"Elfsight PL","description":"Just another Elfsight Sites site","potentialAction":[{"@type":"SearchAction","target":{"@type":"EntryPoint","urlTemplate":"https:\/\/elfsight.com\/pl\/?s={search_term_string}"},"query-input":{"@type":"PropertyValueSpecification","valueRequired":true,"valueName":"search_term_string"}}],"inLanguage":"pl-PL"}]}},"meta_box":{"industry":"","seo_heading":"","heading":"","description":"","cta_heading":"","cta_description":"","application":"2028","h1":"Wid\u017cet tabeli cen dla Squarespace","h1_caption":"Przedstaw swoje opcje cenowe w spos\u00f3b jasny i atrakcyjny, pomagaj\u0105c klientom w \u0142atwym wyborze planu odpowiadaj\u0105cego ich potrzebom w Twojej witrynie Squarespace.","application_category":[],"applications_title":"","applications_request_title":"","applications_request_button_text":"","hero_text":"","hero_video":"","hero_video_schema_markup":"","selling_points_title":"","selling_points_caption":"","selling_points":[],"selling_points_cta_text":"","features_title":"","features":"","ed_cta_examples_text":"","ed_cta_examples_hidden":"","ed_cta_demo_text":"","ed_cta_demo_hidden":"","why_caption":"","why_editor_title":"","why_editor_text":"","why_team_title":"","why_team_text":"","why_service_title":"","why_service_text":"","template_catalog_visible":"0","template_catalog_title":"","template_catalog_text":"","template_catalog_categories_visible":"","demo_title":"Utw\u00f3rz wtyczk\u0119 tabeli cen","demo_caption":"Skonfiguruj swoj\u0105 tabel\u0119 cen i dodaj j\u0105 do swojej witryny Squarespace za darmo!","default_faq_hidden":"","app_template_category":[],"platform":"7588","template_public_id":"","codecanyon_url":"","codecanyon_item_id":"","codecanyon_price":"","pricing_caption":"","pricing_elfsight_apps_hide_column":"","pricing_elfsight_apps_url":"","pricing_codecanyon_price_caption":"","integration_category":[],"integration_request_title":"","integration_request_cta":"","integration_platform":"","integrations":[],"platform_category":[],"video_schema_markup":"","price":"od 0 USD \/ miesi\u0105c","trial":"","benefits":[{"text":"Bezp\u0142atna pomoc w monta\u017cu"},{"text":"Profesjonalna obs\u0142uga klienta"},{"text":"14-dniowa gwarancja zwrotu pieni\u0119dzy"}],"button_url":"#demo","button_target_blank":"0","button_nofollow":"0","attributes":[{"name":"Instaluje"},{"name":"Czu\u0142y"},{"name":"Kompatybilne przegl\u0105darki"}],"tags":[],"tags_disable_links":"0","hide_more_platforms":"0","video_object":"","demo_hide_cta":"0","demo_hide_cloud_options":"0","pricing_title":"","pricing":[{"pricing_icon":"platform","pricing_title":"Elfsight Apps","pricing_title_caption":"Rozwi\u0105zanie wieloplatformowe, kt\u00f3re pasuje do ka\u017cdej witryny","pricing_price":"od 0 USD \/ miesi\u0105c","pricing_price_caption":"zacznij od bezp\u0142atnego planu","pricing_benefits":[{"text":"Nielimitowane domeny"},{"text":"Bezp\u0142atne wsparcie firmy i dobrze udokumentowane"},{"text":"Bezp\u0142atna us\u0142uga monta\u017cu"},{"text":"100% konfigurowalny"}],"pricing_button_text":"Dodaj do witryny","pricing_button_url":"#demo"}],"related_apps_title":"","related_apps_hidden":"0","author":"","image":[],"title":"","job":"","social_networks":[]},"_links":{"self":[{"href":"https:\/\/elfsight.com\/pl\/wp-json\/wp\/v2\/pages\/6141","targetHints":{"allow":["GET"]}}],"collection":[{"href":"https:\/\/elfsight.com\/pl\/wp-json\/wp\/v2\/pages"}],"about":[{"href":"https:\/\/elfsight.com\/pl\/wp-json\/wp\/v2\/types\/page"}],"author":[{"embeddable":true,"href":"https:\/\/elfsight.com\/pl\/wp-json\/wp\/v2\/users\/9"}],"replies":[{"embeddable":true,"href":"https:\/\/elfsight.com\/pl\/wp-json\/wp\/v2\/comments?post=6141"}],"version-history":[{"count":4,"href":"https:\/\/elfsight.com\/pl\/wp-json\/wp\/v2\/pages\/6141\/revisions"}],"predecessor-version":[{"id":10526,"href":"https:\/\/elfsight.com\/pl\/wp-json\/wp\/v2\/pages\/6141\/revisions\/10526"}],"up":[{"embeddable":true,"href":"https:\/\/elfsight.com\/pl\/wp-json\/wp\/v2\/pages\/2029"}],"wp:attachment":[{"href":"https:\/\/elfsight.com\/pl\/wp-json\/wp\/v2\/media?parent=6141"}],"curies":[{"name":"wp","href":"https:\/\/api.w.org\/{rel}","templated":true}]}}