{"id":6136,"date":"1970-01-01T00:00:00","date_gmt":"1970-01-01T00:00:00","guid":{"rendered":"https:\/\/elfsight.com\/pl\/?page_id=6136"},"modified":"2024-11-14T12:48:19","modified_gmt":"2024-11-14T12:48:19","slug":"opencart","status":"publish","type":"page","link":"https:\/\/elfsight.com\/pl\/pricing-table-plugin\/opencart\/","title":{"rendered":"Pricing Table &#8211; OpenCart"},"content":{"rendered":"<div class=\"application-platform-content-item-description application-platform-content-item\" id=\"description\" data-nav-section=\"description\"><h2>Opis<\/h2><p>Ceny odgrywaj\u0105 jedn\u0105 z kluczowych r\u00f3l w motywowaniu klient\u00f3w do zakupu. Modu\u0142 naszego zespo\u0142u nie tylko pozwala u\u017cytkownikom strony szybko zapozna\u0107 si\u0119 z Twoimi opcjami cenowymi. Przyczynia si\u0119 r\u00f3wnie\u017c do wzrostu konwersji dzi\u0119ki najnowszym technikom projektowania i szablon\u00f3w.<\/p><p><b>Przenie\u015b sprzeda\u017c swojej witryny na inny poziom, stosuj\u0105c efektywne ceny.<\/b><\/p><ul><li><b>Pom\u00f3\u017c u\u017cytkownikom sfinalizowa\u0107 zakup<\/b>.<br>W przejrzystym formacie poka\u017c dane, kt\u00f3rych szukaj\u0105 Twoi potencjalni klienci i przekonaj ich do dokonania w\u0142a\u015bciwego wyboru.<\/li><li><b>Tworzenie modu\u0142u w zaledwie 90 sekund<\/b>.<br>Po\u015bwi\u0119\u0107 tylko kilka minut, aby wygenerowa\u0107 idealny modu\u0142. Dostosuj parametry interfejsu i dodaj szczeg\u00f3\u0142owe informacje, aby wy\u015bwietli\u0107 je w ci\u0105gu kilku sekund.<\/li><li><b>Spraw, aby Twoje ceny by\u0142y atrakcyjne dla klient\u00f3w<\/b>.<br>Wykorzystaj najlepszy asortyment kolor\u00f3w, poka\u017c r\u00f3\u017cnych komponent\u00f3w, wy\u015bwietlaj zdj\u0119cia, aby ceny by\u0142y atrakcyjne dla odwiedzaj\u0105cych i zach\u0119ca\u0142y do \u200b\u200bzakup\u00f3w.<\/li><\/ul><\/div><div class=\"application-platform-content-item-features application-platform-content-item\" id=\"features\" data-nav-section=\"features\"><h2>Funkcje<\/h2><p>Korzy\u015bci kt\u00f3re przekszta\u0142caj\u0105 nasz modu\u0142 w najlepsz\u0105 Tabel\u0119 Cen dla witryn OpenCart.<\/p><ul><li>2 predefiniowane typy promieni obramowania i 4 predefiniowane typy szeroko\u015bci obramowania;<\/li><li>Lista regulowanych funkcji wraz z ikony funkcji, podpowiedzi i nieograniczona liczba funkcji;<\/li><li>Elementy kolorystyczne ka\u017cdej kolumny mo\u017cna indywidualnie dostosowa\u0107;<\/li><li>\u0141\u0105czenie przycisku z \u017c\u0105dan\u0105 stron\u0105;<\/li><li>Dostosowywalna czcionka rozmiar i waga.<\/li><\/ul><p><a href=\"#demo\">Mo\u017cesz przetestowa\u0107 wszystkie korzy\u015bci w konfiguratorze na \u017cywo<\/a><\/p><\/div><div class=\"application-platform-content-item- instalacja application-platform-content-item\" id=\" instalacja\" data-nav-section=\" instalacja\"><h2>Jak doda\u0107 modu\u0142 Tabela cen do witryny OpenCart<\/h2><p>Wystarczy post\u0119powa\u0107 zgodnie z poni\u017cszymi instrukcjami, aby zintegrowa\u0107 narz\u0119dzie z OpenCart.<\/p> <ol><li><b>Otw\u00f3rz nasze bezp\u0142atne edytor i zacznij budowa\u0107 w\u0142asne rozszerzenie. <\/b><br> Wybierz odpowiedni interfejs i charakterystyk\u0119 wid\u017cetu i zapisz poprawki. <\/li> <li><b>Skopiuj kod osobisty udost\u0119pniony w specjalnym formularzu w aplikacjach Elfsight. <\/b><br> Po zako\u0144czeniu tworzenia osobistej Tabeli Cenowej, w wy\u015bwietlonym oknie skopiuj kod osobisty i zapisz go na p\u00f3\u017aniej. <\/li> <li><b>Rozpocznij korzystanie z rozszerzenia na stronie OpenCart. <\/b><br> Zintegruj skopiowany wcze\u015bniej kod ze swoj\u0105 stron\u0105 i zapisz zmiany. <\/li> <li><b>Konfiguracja zosta\u0142a w pe\u0142ni uko\u0144czona. <\/b><br> Przejd\u017a do swojej witryny, aby sprawdzi\u0107 dzia\u0142anie rozszerzenia. <\/li><\/ol> <p>nie zajmie du\u017co czasu. Wystarczy wykona\u0107 kilka szybkich krok\u00f3w, kt\u00f3re nie zajm\u0105 wi\u0119cej ni\u017c 3 minuty.<br>Masz problemy z wygenerowaniem modu\u0142u? Zobacz nasz\u0105 pe\u0142n\u0105 instrukcj\u0119 \u00ab<a href=\"https:\/\/elfsight.com\/tutorials\/how-to-add-pricing-table-to-opencart\/\" target=\"_blank\" rel=\"noopener noreferrer\">Jak zintegrowa\u0107 tabel\u0119 cen do OpenCart<\/a>\u00bb lub skontaktuj si\u0119 z naszym zespo\u0142em wsparcia, kt\u00f3ry pomo\u017ce w przypadku ka\u017cdego zapytania.<\/p><div class=\"faq\" data-component=\"FAQ\"> <div class=\"faq-item\">\r\n\t\t\t\t\t<div class=\"faq-item-question\">\r\n\t\t\t\t\t\t<h3 class=\"faq-item-question-text\">Jak mog\u0119 doda\u0107 tabel\u0119 cen do mojej witryny OpenCart bez umiej\u0119tno\u015bci kodowania? <\/h3>\r\n\r\n\t\t\t\t\t\t<div class=\"faq-item-question-icon\"><\/div>\r\n\t\t\t\t\t<\/div>\r\n\r\n\t\t\t\t\t<div class=\"faq-item-answer\">\r\n\t\t\t\t\t\t<div class=\"faq-item-answer-text\"> <p>Elfsight zapewnia rozwi\u0105zanie SaaS, kt\u00f3re umo\u017cliwia samodzielne utworzenie wid\u017cetu Tabeli Cen. Zobacz, jak \u0142atwy jest ten proces: Pracuj bezpo\u015brednio w Edytorze online, aby utworzy\u0107 wid\u017cet Tabeli Cen, kt\u00f3ry chcia\u0142by\u015b widzie\u0107 na swojej stronie OpenCart. Wybierz jeden z gotowych szablon\u00f3w i dostosuj ustawienia Tabeli cenowej, dodaj tre\u015b\u0107, zmie\u0144 uk\u0142ad i kolory bez umiej\u0119tno\u015bci kodowania. Zapisz Tabel\u0119 Cen i skopiuj jej kod instalacyjny, aby\u015b m\u00f3g\u0142 bez wysi\u0142ku doda\u0107 swoj\u0105 witryn\u0119 OpenCart bez konieczno\u015bci zakupu wersji p\u0142atnej. Dzi\u0119ki naszemu intuicyjnemu Edytorowi ka\u017cdy u\u017cytkownik Internetu mo\u017ce stworzy\u0107 wid\u017cet Tabela Cen online i \u0142atwo osadzi\u0107 go na swojej stronie OpenCart. Aby uzyska\u0107 dost\u0119p do us\u0142ugi, nie trzeba p\u0142aci\u0107 ani wprowadza\u0107 danych uwierzytelniaj\u0105cych karty. Je\u015bli na kt\u00f3rymkolwiek etapie napotkasz jakiekolwiek problemy, skontaktuj si\u0119 z naszym zespo\u0142em pomocy technicznej.<\/p> <\/div>\r\n\t\t\t\t\t<\/div>\r\n\t\t\t\t<\/div> <\/div> <\/div>","protected":false},"excerpt":{"rendered":"","protected":false},"author":9,"featured_media":0,"parent":2029,"menu_order":0,"comment_status":"closed","ping_status":"closed","template":"templates\/template-application-platform.php","meta":{"publish_to_discourse":"","publish_post_category":"","wpdc_auto_publish_overridden":"","wpdc_topic_tags":"","wpdc_pin_topic":"","wpdc_pin_until":"","discourse_post_id":"","discourse_permalink":"","wpdc_publishing_response":"","wpdc_publishing_error":"","footnotes":""},"class_list":["post-6136","page","type-page","status-publish","hentry"],"yoast_head":"<!-- This site is optimized with the Yoast SEO plugin v25.3.1 - https:\/\/yoast.com\/wordpress\/plugins\/seo\/ -->\n<title>Tabela cen - Dodaj rozszerzenie cen do witryny OpenCart<\/title>\n<meta name=\"description\" content=\"Zainstaluj modu\u0142 Tabela cen dla OpenCart w zaledwie 2 minuty. Sprawd\u017a wszystkie najwa\u017cniejsze zalety najlepszego rozszerzenia cenowego w darmowym edytorze.\" \/>\n<meta name=\"robots\" content=\"index, follow, max-snippet:-1, max-image-preview:large, max-video-preview:-1\" \/>\n<link rel=\"canonical\" href=\"https:\/\/elfsight.com\/pl\/pricing-table-plugin\/opencart\/\" \/>\n<meta property=\"og:locale\" content=\"pl_PL\" \/>\n<meta property=\"og:type\" content=\"article\" \/>\n<meta property=\"og:title\" content=\"Tabela cen - Dodaj rozszerzenie cen do witryny OpenCart\" \/>\n<meta property=\"og:description\" content=\"Zainstaluj modu\u0142 Tabela cen dla OpenCart w zaledwie 2 minuty. Sprawd\u017a wszystkie najwa\u017cniejsze zalety najlepszego rozszerzenia cenowego w darmowym edytorze.\" \/>\n<meta property=\"og:url\" content=\"https:\/\/elfsight.com\/pl\/pricing-table-plugin\/opencart\/\" \/>\n<meta property=\"og:site_name\" content=\"Elfsight PL\" \/>\n<meta property=\"article:modified_time\" content=\"2024-11-14T12:48:19+00:00\" \/>\n<meta name=\"twitter:card\" content=\"summary_large_image\" \/>\n<meta name=\"twitter:label1\" content=\"Szacowany czas czytania\" \/>\n\t<meta name=\"twitter:data1\" content=\"3 minuty\" \/>\n<!-- \/ Yoast SEO plugin. -->","yoast_head_json":{"title":"Tabela cen - Dodaj rozszerzenie cen do witryny OpenCart","description":"Zainstaluj modu\u0142 Tabela cen dla OpenCart w zaledwie 2 minuty. Sprawd\u017a wszystkie najwa\u017cniejsze zalety najlepszego rozszerzenia cenowego w darmowym edytorze.","robots":{"index":"index","follow":"follow","max-snippet":"max-snippet:-1","max-image-preview":"max-image-preview:large","max-video-preview":"max-video-preview:-1"},"canonical":"https:\/\/elfsight.com\/pl\/pricing-table-plugin\/opencart\/","og_locale":"pl_PL","og_type":"article","og_title":"Tabela cen - Dodaj rozszerzenie cen do witryny OpenCart","og_description":"Zainstaluj modu\u0142 Tabela cen dla OpenCart w zaledwie 2 minuty. Sprawd\u017a wszystkie najwa\u017cniejsze zalety najlepszego rozszerzenia cenowego w darmowym edytorze.","og_url":"https:\/\/elfsight.com\/pl\/pricing-table-plugin\/opencart\/","og_site_name":"Elfsight PL","article_modified_time":"2024-11-14T12:48:19+00:00","twitter_card":"summary_large_image","twitter_misc":{"Szacowany czas czytania":"3 minuty"},"schema":{"@context":"https:\/\/schema.org","@graph":[{"@type":"WebPage","@id":"https:\/\/elfsight.com\/pl\/pricing-table-plugin\/opencart\/","url":"https:\/\/elfsight.com\/pl\/pricing-table-plugin\/opencart\/","name":"Tabela cen - Dodaj rozszerzenie cen do witryny OpenCart","isPartOf":{"@id":"https:\/\/elfsight.com\/pl\/#website"},"datePublished":"1970-01-01T00:00:00+00:00","dateModified":"2024-11-14T12:48:19+00:00","description":"Zainstaluj modu\u0142 Tabela cen dla OpenCart w zaledwie 2 minuty. Sprawd\u017a wszystkie najwa\u017cniejsze zalety najlepszego rozszerzenia cenowego w darmowym edytorze.","breadcrumb":{"@id":"https:\/\/elfsight.com\/pl\/pricing-table-plugin\/opencart\/#breadcrumb"},"inLanguage":"pl-PL","potentialAction":[{"@type":"ReadAction","target":["https:\/\/elfsight.com\/pl\/pricing-table-plugin\/opencart\/"]}]},{"@type":"BreadcrumbList","@id":"https:\/\/elfsight.com\/pl\/pricing-table-plugin\/opencart\/#breadcrumb","itemListElement":[{"@type":"ListItem","position":1,"name":"Home","item":"https:\/\/elfsight.com\/pl\/"},{"@type":"ListItem","position":2,"name":"Pricing Table","item":"https:\/\/elfsight.com\/pl\/pricing-table-plugin\/"},{"@type":"ListItem","position":3,"name":"Pricing Table &#8211; OpenCart"}]},{"@type":"WebSite","@id":"https:\/\/elfsight.com\/pl\/#website","url":"https:\/\/elfsight.com\/pl\/","name":"Elfsight PL","description":"Just another Elfsight Sites site","potentialAction":[{"@type":"SearchAction","target":{"@type":"EntryPoint","urlTemplate":"https:\/\/elfsight.com\/pl\/?s={search_term_string}"},"query-input":{"@type":"PropertyValueSpecification","valueRequired":true,"valueName":"search_term_string"}}],"inLanguage":"pl-PL"}]}},"meta_box":{"industry":"","seo_heading":"","heading":"","description":"","cta_heading":"","cta_description":"","application":"2028","h1":"Rozszerzenie tabeli cenowej dla OpenCart","h1_caption":"Przedstaw swoje opcje cenowe w spos\u00f3b jasny i atrakcyjny, pomagaj\u0105c klientom bez wysi\u0142ku wybra\u0107 plan odpowiedni do ich potrzeb na Twojej stronie internetowej Opencart.","application_category":[],"applications_title":"","applications_request_title":"","applications_request_button_text":"","hero_text":"","hero_video":"","hero_video_schema_markup":"","selling_points_title":"","selling_points_caption":"","selling_points":[],"selling_points_cta_text":"","features_title":"","features":"","ed_cta_examples_text":"","ed_cta_examples_hidden":"","ed_cta_demo_text":"","ed_cta_demo_hidden":"","why_caption":"","why_editor_title":"","why_editor_text":"","why_team_title":"","why_team_text":"","why_service_title":"","why_service_text":"","template_catalog_visible":"","template_catalog_title":"","template_catalog_text":"","template_catalog_categories_visible":"","demo_title":"Utw\u00f3rz rozszerzenie tabeli cen","demo_caption":"Skonfiguruj swoj\u0105 Tabel\u0119 Cen i dodaj j\u0105 do swojej witryny OpenCart za darmo!","default_faq_hidden":"","app_template_category":[],"platform":"107","template_public_id":"","codecanyon_url":"","codecanyon_item_id":"","codecanyon_price":"","pricing_caption":"","pricing_elfsight_apps_hide_column":"","pricing_elfsight_apps_url":"","pricing_codecanyon_price_caption":"","integration_category":[],"integration_request_title":"","integration_request_cta":"","integration_platform":"","integrations":[],"platform_category":[],"video_schema_markup":"","price":"od 0 USD \/ miesi\u0105c","trial":"","benefits":[{"text":"Bezp\u0142atna pomoc w instalacji"},{"text":"Wyj\u0105tkowe wsparcie"},{"text":"14-dniowa gwarancja zwrotu pieni\u0119dzy"}],"button_url":"#demo","button_target_blank":"","button_nofollow":"","attributes":[{"name":"Instaluje"},{"name":"Czu\u0142y"},{"name":"Kompatybilne przegl\u0105darki"}],"tags":[],"tags_disable_links":"","hide_more_platforms":"","video_object":"","demo_hide_cta":"","demo_hide_cloud_options":"","pricing_title":"","pricing":[{"pricing_icon":"platform","pricing_title":"Elfsight Apps","pricing_title_caption":"Wieloplatformowe rozwi\u0105zanie cyfrowe, kt\u00f3re dzia\u0142a na ka\u017cdej stronie internetowej","pricing_price":"od 0 USD \/ miesi\u0105c","pricing_price_caption":"zacznij od bezp\u0142atnego planu","pricing_benefits":[{"text":"Nielimitowane strony internetowe"},{"text":"Bezp\u0142atne wsparcie firmy"},{"text":"Bezp\u0142atna pomoc w monta\u017cu"},{"text":"Elastyczny projekt"}],"pricing_button_text":"Dodaj do witryny","pricing_button_url":"#demo"}],"related_apps_title":"","related_apps_hidden":"","author":"","image":[],"title":"","job":"","social_networks":[]},"_links":{"self":[{"href":"https:\/\/elfsight.com\/pl\/wp-json\/wp\/v2\/pages\/6136","targetHints":{"allow":["GET"]}}],"collection":[{"href":"https:\/\/elfsight.com\/pl\/wp-json\/wp\/v2\/pages"}],"about":[{"href":"https:\/\/elfsight.com\/pl\/wp-json\/wp\/v2\/types\/page"}],"author":[{"embeddable":true,"href":"https:\/\/elfsight.com\/pl\/wp-json\/wp\/v2\/users\/9"}],"replies":[{"embeddable":true,"href":"https:\/\/elfsight.com\/pl\/wp-json\/wp\/v2\/comments?post=6136"}],"version-history":[{"count":1,"href":"https:\/\/elfsight.com\/pl\/wp-json\/wp\/v2\/pages\/6136\/revisions"}],"predecessor-version":[{"id":6140,"href":"https:\/\/elfsight.com\/pl\/wp-json\/wp\/v2\/pages\/6136\/revisions\/6140"}],"up":[{"embeddable":true,"href":"https:\/\/elfsight.com\/pl\/wp-json\/wp\/v2\/pages\/2029"}],"wp:attachment":[{"href":"https:\/\/elfsight.com\/pl\/wp-json\/wp\/v2\/media?parent=6136"}],"curies":[{"name":"wp","href":"https:\/\/api.w.org\/{rel}","templated":true}]}}