{"id":6133,"date":"1970-01-01T00:00:00","date_gmt":"1970-01-01T00:00:00","guid":{"rendered":"https:\/\/elfsight.com\/pl\/?page_id=6133"},"modified":"2024-11-14T12:48:11","modified_gmt":"2024-11-14T12:48:11","slug":"joomla","status":"publish","type":"page","link":"https:\/\/elfsight.com\/pl\/pricing-table-plugin\/joomla\/","title":{"rendered":"Pricing Table &#8211; Joomla"},"content":{"rendered":"<div class=\"application-platform-content-item-description application-platform-content-item\" id=\"description\" data-nav-section=\"description\"><h2>Opis<\/h2><p>Ceny odgrywaj\u0105 jedn\u0105 z kluczowych r\u00f3l w motywowaniu klient\u00f3w do zakupu. Modu\u0142 Elfsight nie tylko pomaga klientom strony szybko zapozna\u0107 si\u0119 i zrozumie\u0107 oferty cenowe. Pomaga tak\u017ce zwi\u0119kszy\u0107 konwersj\u0119 dzi\u0119ki najnowszym trendom w interfejsach i szablonach.<\/p><p><b>Zwi\u0119ksz sprzeda\u017c swojej witryny dzi\u0119ki efektywnej wycenie.<\/b><\/p><ul><li><b>Pom\u00f3\u017c u\u017cytkownikom zako\u0144czy\u0107 \u015bcie\u017ck\u0119 zakupow\u0105 pozytywn\u0105 decyzj\u0105<\/b>.<br>Poka\u017c w prosty i skuteczny spos\u00f3b wszystkie dane, kt\u00f3rych szukaj\u0105 Twoi potencjalni klienci, i pom\u00f3\u017c im dokona\u0107 w\u0142a\u015bciwego wyboru.<\/li><li><b>Szybka i skuteczna personalizacja<\/b>.<br>Dzi\u0119ki bogatej gamie opcji pozwalaj\u0105cych wygenerowa\u0107 wszystkie mo\u017cliwe zestawy cenowe zaledwie trzema klikni\u0119ciami, na pewno znajdziesz ten, kt\u00f3ry b\u0119dzie dla Ciebie wysoce skuteczny.<\/b> li&gt;<li><b>Podaj pe\u0142ne informacje o swoich ofertach<\/b>.<br>Opowiedz ca\u0142\u0105 histori\u0119 o ka\u017cdym ze swoich plan\u00f3w cenowych i zaprezentuj je w swoim module, aby klienci mogli \u0142atwo wyszukiwa\u0107 i sprawdza\u0107 Twoje warunki. <\/li><\/ul><\/div><div class=\"application-platform-content-item-features application-platform-content-item\" id=\"features\" data-nav-section=\"features\"><h2>Funkcje<\/h2><p>Funkcje, kt\u00f3re zmieniaj\u0105 nasz modu\u0142 w najlepsz\u0105 tabel\u0119 cen dla witryn Joomla.<\/p> <ul><li>2 predefiniowane typy promieni obramowania i 4 predefiniowane typy szeroko\u015bci obramowania;<\/li><li>Lista regulowanych funkcji wraz z ikonami funkcji, podpowiedziami i nieograniczon\u0105 liczb\u0105 funkcji;<\/li><li> 2 predefiniowane typy wyr\u00f3wnywania funkcji;<\/li><li>\u0141\u0105czenie przycisku z wymagan\u0105 stron\u0105;<\/li><li>Uk\u0142ad zoptymalizowany pod k\u0105tem urz\u0105dze\u0144 mobilnych.<\/li><\/ul><p><a href=\"#demo \">Mo\u017cesz zapozna\u0107 si\u0119 ze wszystkimi korzy\u015bciami w edytorze na \u017cywo<\/a><\/p><\/div><div class=\"application-platform-content-item-installation application-platform-content-item\" id=\"installation\" data-nav-section=\"installation\"><h2>Jak doda\u0107 tabel\u0119 cen do witryny Joomla<\/h2><p>Po prostu post\u0119puj zgodnie z poni\u017cszymi instrukcjami, aby doda\u0107 rozszerzenie do Joomla.<\/p> <ol><li><b>Zarz\u0105dzaj nasz\u0105 bezp\u0142atn\u0105 wersj\u0105 demonstracyjn\u0105 i zacznij tworzy\u0107 niestandardowe rozszerzenie tabeli cen. <\/b><br> Wybierz wybrany wygl\u0105d i cechy funkcjonalne narz\u0119dzia i zastosuj zmiany. <\/li> <li><b>Wy\u015bwietl sw\u00f3j osobisty kod w oknie aplikacji Elfsight. <\/b><br> Po zako\u0144czeniu konfiguracji narz\u0119dzia skopiuj kod osobisty z wy\u015bwietlonego wyskakuj\u0105cego okienka i zachowaj go na p\u00f3\u017aniej. <\/li> <li><b>Rozpocznij korzystanie z narz\u0119dzia w swojej witrynie Joomla. <\/b><br> Umie\u015b\u0107 skopiowany wcze\u015bniej kod na swojej stronie internetowej i zastosuj zmiany. <\/li> <li><b>Gotowe! Osadzanie zosta\u0142o pomy\u015blnie zako\u0144czone. <\/b><br> Przejd\u017a do swojej witryny, aby zobaczy\u0107 dzia\u0142anie wid\u017cetu. <\/li><\/ol><p>Masz problemy z dodaniem modu\u0142u? Zapoznaj si\u0119 z naszym pe\u0142nym samouczkiem \u00ab<a href=\"https:\/\/elfsight.com\/tutorials\/how-to-add-pricing-table-to-joomla\/\" target=\"_blank\" rel=\"noopener noreferrer\">Jak integrowa\u0107 tabel\u0119 cen do Joomla<\/a>\u00bb lub zwr\u00f3\u0107 si\u0119 do naszej obs\u0142ugi klienta, kt\u00f3ra z przyjemno\u015bci\u0105 rozwi\u0105\u017ce wszelkiego rodzaju problemy.<\/p><div class=\"faq\" data-component=\"FAQ\"> <div class=\"faq-item\">\r\n\t\t\t\t\t<div class=\"faq-item-question\">\r\n\t\t\t\t\t\t<h3 class=\"faq-item-question-text\">Jak doda\u0107 tabel\u0119 cen do mojej witryny Joomla bez kodowania umiej\u0119tno\u015bci?<\/h3>\r\n\r\n\t\t\t\t\t\t<div class=\"faq-item-question-icon\"><\/div>\r\n\t\t\t\t\t<\/div>\r\n\r\n\t\t\t\t\t<div class=\"faq-item-answer\">\r\n\t\t\t\t\t\t<div class=\"faq-item-answer-text\"> <p>Elfsight zapewnia rozwi\u0105zanie SaaS, kt\u00f3re umo\u017cliwia samodzielne utworzenie wid\u017cetu Tabeli Cen. Zobacz, jak \u0142atwy jest ten proces: Pracuj bezpo\u015brednio w edytorze online, aby utworzy\u0107 wid\u017cet Tabeli Cen, kt\u00f3ry chcesz zobaczy\u0107 na swojej stronie Joomla . Wybierz jeden z gotowych szablon\u00f3w i dostosuj ustawienia Tabeli cenowej, dodaj tre\u015b\u0107, zmie\u0144 uk\u0142ad i kolory bez umiej\u0119tno\u015bci kodowania. Zapisz Tabel\u0119 Cen i skopiuj jej kod instalacyjny, kt\u00f3ry mo\u017cesz po prostu umie\u015bci\u0107 na swojej stronie Joomla bez konieczno\u015bci kupowania wersji p\u0142atnej. Dzi\u0119ki naszemu intuicyjnemu Edytorowi ka\u017cdy u\u017cytkownik Internetu mo\u017ce stworzy\u0107 wid\u017cet Tabela Cen online i \u0142atwo osadzi\u0107 go na swojej stronie Joomla. Aby uzyska\u0107 dost\u0119p do us\u0142ugi, nie trzeba p\u0142aci\u0107 ani wprowadza\u0107 danych uwierzytelniaj\u0105cych karty. Je\u015bli na kt\u00f3rymkolwiek etapie napotkasz jakiekolwiek problemy, skontaktuj si\u0119 z naszym zespo\u0142em pomocy technicznej.<\/p> <\/div>\r\n\t\t\t\t\t<\/div>\r\n\t\t\t\t<\/div> <\/div> <\/div>","protected":false},"excerpt":{"rendered":"","protected":false},"author":9,"featured_media":0,"parent":2029,"menu_order":0,"comment_status":"closed","ping_status":"closed","template":"templates\/template-application-platform.php","meta":{"publish_to_discourse":"","publish_post_category":"","wpdc_auto_publish_overridden":"","wpdc_topic_tags":"","wpdc_pin_topic":"","wpdc_pin_until":"","discourse_post_id":"","discourse_permalink":"","wpdc_publishing_response":"","wpdc_publishing_error":"","footnotes":""},"class_list":["post-6133","page","type-page","status-publish","hentry"],"yoast_head":"<!-- This site is optimized with the Yoast SEO plugin v25.3.1 - https:\/\/yoast.com\/wordpress\/plugins\/seo\/ -->\n<title>Tabela cen - Dodaj rozszerzenie cen do witryny Joomla<\/title>\n<meta name=\"description\" content=\"Dodaj rozszerzenie tabeli cen dla Joomla w zaledwie 2 minuty. Sprawd\u017a wszystkie solidne zalety najlepszego modu\u0142u cenowego w darmowym panelu.\" \/>\n<meta name=\"robots\" content=\"index, follow, max-snippet:-1, max-image-preview:large, max-video-preview:-1\" \/>\n<link rel=\"canonical\" href=\"https:\/\/elfsight.com\/pl\/pricing-table-plugin\/joomla\/\" \/>\n<meta property=\"og:locale\" content=\"pl_PL\" \/>\n<meta property=\"og:type\" content=\"article\" \/>\n<meta property=\"og:title\" content=\"Tabela cen - Dodaj rozszerzenie cen do witryny Joomla\" \/>\n<meta property=\"og:description\" content=\"Dodaj rozszerzenie tabeli cen dla Joomla w zaledwie 2 minuty. Sprawd\u017a wszystkie solidne zalety najlepszego modu\u0142u cenowego w darmowym panelu.\" \/>\n<meta property=\"og:url\" content=\"https:\/\/elfsight.com\/pl\/pricing-table-plugin\/joomla\/\" \/>\n<meta property=\"og:site_name\" content=\"Elfsight PL\" \/>\n<meta property=\"article:modified_time\" content=\"2024-11-14T12:48:11+00:00\" \/>\n<meta name=\"twitter:card\" content=\"summary_large_image\" \/>\n<meta name=\"twitter:label1\" content=\"Szacowany czas czytania\" \/>\n\t<meta name=\"twitter:data1\" content=\"3 minuty\" \/>\n<!-- \/ Yoast SEO plugin. -->","yoast_head_json":{"title":"Tabela cen - Dodaj rozszerzenie cen do witryny Joomla","description":"Dodaj rozszerzenie tabeli cen dla Joomla w zaledwie 2 minuty. Sprawd\u017a wszystkie solidne zalety najlepszego modu\u0142u cenowego w darmowym panelu.","robots":{"index":"index","follow":"follow","max-snippet":"max-snippet:-1","max-image-preview":"max-image-preview:large","max-video-preview":"max-video-preview:-1"},"canonical":"https:\/\/elfsight.com\/pl\/pricing-table-plugin\/joomla\/","og_locale":"pl_PL","og_type":"article","og_title":"Tabela cen - Dodaj rozszerzenie cen do witryny Joomla","og_description":"Dodaj rozszerzenie tabeli cen dla Joomla w zaledwie 2 minuty. Sprawd\u017a wszystkie solidne zalety najlepszego modu\u0142u cenowego w darmowym panelu.","og_url":"https:\/\/elfsight.com\/pl\/pricing-table-plugin\/joomla\/","og_site_name":"Elfsight PL","article_modified_time":"2024-11-14T12:48:11+00:00","twitter_card":"summary_large_image","twitter_misc":{"Szacowany czas czytania":"3 minuty"},"schema":{"@context":"https:\/\/schema.org","@graph":[{"@type":"WebPage","@id":"https:\/\/elfsight.com\/pl\/pricing-table-plugin\/joomla\/","url":"https:\/\/elfsight.com\/pl\/pricing-table-plugin\/joomla\/","name":"Tabela cen - Dodaj rozszerzenie cen do witryny Joomla","isPartOf":{"@id":"https:\/\/elfsight.com\/pl\/#website"},"datePublished":"1970-01-01T00:00:00+00:00","dateModified":"2024-11-14T12:48:11+00:00","description":"Dodaj rozszerzenie tabeli cen dla Joomla w zaledwie 2 minuty. Sprawd\u017a wszystkie solidne zalety najlepszego modu\u0142u cenowego w darmowym panelu.","breadcrumb":{"@id":"https:\/\/elfsight.com\/pl\/pricing-table-plugin\/joomla\/#breadcrumb"},"inLanguage":"pl-PL","potentialAction":[{"@type":"ReadAction","target":["https:\/\/elfsight.com\/pl\/pricing-table-plugin\/joomla\/"]}]},{"@type":"BreadcrumbList","@id":"https:\/\/elfsight.com\/pl\/pricing-table-plugin\/joomla\/#breadcrumb","itemListElement":[{"@type":"ListItem","position":1,"name":"Home","item":"https:\/\/elfsight.com\/pl\/"},{"@type":"ListItem","position":2,"name":"Pricing Table","item":"https:\/\/elfsight.com\/pl\/pricing-table-plugin\/"},{"@type":"ListItem","position":3,"name":"Pricing Table &#8211; Joomla"}]},{"@type":"WebSite","@id":"https:\/\/elfsight.com\/pl\/#website","url":"https:\/\/elfsight.com\/pl\/","name":"Elfsight PL","description":"Just another Elfsight Sites site","potentialAction":[{"@type":"SearchAction","target":{"@type":"EntryPoint","urlTemplate":"https:\/\/elfsight.com\/pl\/?s={search_term_string}"},"query-input":{"@type":"PropertyValueSpecification","valueRequired":true,"valueName":"search_term_string"}}],"inLanguage":"pl-PL"}]}},"meta_box":{"industry":"","seo_heading":"","heading":"","description":"","cta_heading":"","cta_description":"","application":"2028","h1":"Rozszerzenie tabeli cen dla Joomla","h1_caption":"Przedstaw opcje cenowe w spos\u00f3b jasny i atrakcyjny, pomagaj\u0105c klientom w \u0142atwym wyborze planu odpowiadaj\u0105cego ich potrzebom w Twojej witrynie Joomla.","application_category":[],"applications_title":"","applications_request_title":"","applications_request_button_text":"","hero_text":"","hero_video":"","hero_video_schema_markup":"","selling_points_title":"","selling_points_caption":"","selling_points":[],"selling_points_cta_text":"","features_title":"","features":"","ed_cta_examples_text":"","ed_cta_examples_hidden":"","ed_cta_demo_text":"","ed_cta_demo_hidden":"","why_caption":"","why_editor_title":"","why_editor_text":"","why_team_title":"","why_team_text":"","why_service_title":"","why_service_text":"","template_catalog_visible":"","template_catalog_title":"","template_catalog_text":"","template_catalog_categories_visible":"","demo_title":"Utw\u00f3rz wtyczk\u0119 tabeli cen","demo_caption":"Skonfiguruj swoj\u0105 tabel\u0119 cen i dodaj j\u0105 do swojej witryny Joomla za darmo!","default_faq_hidden":"","app_template_category":[],"platform":"53","template_public_id":"","codecanyon_url":"","codecanyon_item_id":"","codecanyon_price":"","pricing_caption":"","pricing_elfsight_apps_hide_column":"","pricing_elfsight_apps_url":"","pricing_codecanyon_price_caption":"","integration_category":[],"integration_request_title":"","integration_request_cta":"","integration_platform":"","integrations":[],"platform_category":[],"video_schema_markup":"","price":"od 0 USD \/ miesi\u0105c","trial":"","benefits":[{"text":"Bezp\u0142atna pomoc w monta\u017cu"},{"text":"Wyj\u0105tkowe wsparcie"},{"text":"14-dniowa gwarancja zwrotu pieni\u0119dzy"}],"button_url":"#demo","button_target_blank":"","button_nofollow":"","attributes":[{"name":"Instaluje"},{"name":"Czu\u0142y"},{"name":"Kompatybilne przegl\u0105darki"}],"tags":[],"tags_disable_links":"","hide_more_platforms":"","video_object":"","demo_hide_cta":"","demo_hide_cloud_options":"","pricing_title":"","pricing":[{"pricing_icon":"cloud","pricing_title":"Elfsight Apps","pricing_title_caption":"Rozwi\u0105zanie niezale\u017cne od platformy, kt\u00f3re dzia\u0142a na ka\u017cdej witrynie","pricing_price":"od 0 USD \/ miesi\u0105c","pricing_price_caption":"zacznij od bezp\u0142atnego planu","pricing_benefits":[{"text":"Nielimitowane domeny"},{"text":"Dedykowane wsparcie firmy"},{"text":"Bezp\u0142atne wsparcie instalacyjne"},{"text":"Cena do z\u0142apania dla wielu aplikacji"}],"pricing_button_text":"Dodaj do witryny","pricing_button_url":"#demo"}],"related_apps_title":"","related_apps_hidden":"","author":"","image":[],"title":"","job":"","social_networks":[]},"_links":{"self":[{"href":"https:\/\/elfsight.com\/pl\/wp-json\/wp\/v2\/pages\/6133","targetHints":{"allow":["GET"]}}],"collection":[{"href":"https:\/\/elfsight.com\/pl\/wp-json\/wp\/v2\/pages"}],"about":[{"href":"https:\/\/elfsight.com\/pl\/wp-json\/wp\/v2\/types\/page"}],"author":[{"embeddable":true,"href":"https:\/\/elfsight.com\/pl\/wp-json\/wp\/v2\/users\/9"}],"replies":[{"embeddable":true,"href":"https:\/\/elfsight.com\/pl\/wp-json\/wp\/v2\/comments?post=6133"}],"version-history":[{"count":1,"href":"https:\/\/elfsight.com\/pl\/wp-json\/wp\/v2\/pages\/6133\/revisions"}],"predecessor-version":[{"id":6137,"href":"https:\/\/elfsight.com\/pl\/wp-json\/wp\/v2\/pages\/6133\/revisions\/6137"}],"up":[{"embeddable":true,"href":"https:\/\/elfsight.com\/pl\/wp-json\/wp\/v2\/pages\/2029"}],"wp:attachment":[{"href":"https:\/\/elfsight.com\/pl\/wp-json\/wp\/v2\/media?parent=6133"}],"curies":[{"name":"wp","href":"https:\/\/api.w.org\/{rel}","templated":true}]}}