{"id":6128,"date":"1970-01-01T00:00:00","date_gmt":"1970-01-01T00:00:00","guid":{"rendered":"https:\/\/elfsight.com\/pl\/?page_id=6128"},"modified":"2024-11-14T12:48:11","modified_gmt":"2024-11-14T12:48:11","slug":"html","status":"publish","type":"page","link":"https:\/\/elfsight.com\/pl\/pricing-table-plugin\/html\/","title":{"rendered":"Pricing Table &#8211; HTML"},"content":{"rendered":"<div class=\"application-platform-content-item-description application-platform-content-item\" id=\"description\" data-nav-section=\"description\"><h2>Opis<\/h2><p>Ceny odgrywaj\u0105 jedn\u0105 z g\u0142\u00f3wnych r\u00f3l w przekonywaniu odwiedzaj\u0105cych do sk\u0142adania zam\u00f3wie\u0144 lub zakup\u00f3w w Twojej witrynie. Wid\u017cet stworzony przez nasz zesp\u00f3\u0142 nie tylko pozwala Twoim klientom b\u0142yskawicznie pozna\u0107 i por\u00f3wna\u0107 dost\u0119pne plany cenowe. Pomaga tak\u017ce zwi\u0119kszy\u0107 konwersj\u0119 dzi\u0119ki najnowocze\u015bniejszym technikom zawartym w interfejsie i szablonach.<\/p><p><b>Podnie\u015b sprzeda\u017c swojej witryny na inny poziom, korzystaj\u0105c z inteligentnych cen.<\/b><\/p> <ul><li><b>Pom\u00f3\u017c klientom dokona\u0107 zakupu<\/b>.<br>Przedstaw informacje, kt\u00f3rych potrzebuj\u0105 Twoi przyszli klienci w jak najbardziej przejrzysty spos\u00f3b i pom\u00f3\u017c im podj\u0105\u0107 w\u0142a\u015bciw\u0105 decyzj\u0119.<\/li><li> <b>Szybka i wydajna personalizacja<\/b>.<br>Dzi\u0119ki bogatemu zbiorowi ustawie\u0144, kt\u00f3re pozwalaj\u0105 skonfigurowa\u0107 wszystkie mo\u017cliwe rodzaje cen w 2 krokach, mo\u017cesz stworzy\u0107 wtyczk\u0119, kt\u00f3ra b\u0119dzie ca\u0142kowicie sprzedawa\u0107 dla Twojej witryny .<\/li><li><b>Spraw, aby Twoje ceny by\u0142y atrakcyjne dla u\u017cytkownik\u00f3w<\/b>.<br>Wykorzystuj r\u00f3\u017cne kolory, dodawaj jednostki, pokazuj zdj\u0119cia, aby Twoje ceny by\u0142y atrakcyjne dla klient\u00f3w i wywiera\u0142y silny pozytywny wp\u0142yw na wynik zakupu.<\/li><\/ul><\/div><div class=\"application-platform-content-item-features application-platform-content-item\" id=\"features\" data-nav-section=\"features\"><h2>Funkcje<\/h2><p>Cechy, kt\u00f3re przekszta\u0142caj\u0105 nasz widget w najlepsz\u0105 Tabel\u0119 Cen dla stron HTML. <\/p><ul><li>6 predefiniowanych element\u00f3w kolumn, kt\u00f3re mo\u017cna uk\u0142ada\u0107 i dostosowywa\u0107 w celu uzyskania idealnego wygl\u0105du;<\/li><li>Lista regulowanych funkcji wraz z ikonami funkcji, wskaz\u00f3wkami i nieograniczon\u0105 liczb\u0105 funkcji;<\/li><li>Elementy kolorystyczne ka\u017cdej kolumny mo\u017cna indywidualnie dostosowa\u0107;<\/li><li>Dostosowywalny promie\u0144 i szeroko\u015b\u0107 obramowania przycisku<\/li><li>Uk\u0142ad zoptymalizowany pod k\u0105tem urz\u0105dze\u0144 mobilnych.<\/li><\/ul><p> <a href=\"#demo\">Mo\u017cesz wypr\u00f3bowa\u0107 wszystkie korzy\u015bci w edytorze na \u017cywo<\/a><\/p><\/div><div class=\"application-platform-content-item-installation application-platform-content-item\" id=\"installation\" data-nav-section=\"installation\"><h2>Jak utworzy\u0107 tabel\u0119 cen dla witryny HTML<\/h2><div class=\"video-container\"><iframe width=\"720\" height=\"405\" src=\"https:\/\/www.youtube.com\/embed\/cK2T6ohZcAU\" frameborder=\"0\" allowfullscreen=\"\"><\/iframe><\/div><p>Przewodnik dotycz\u0105cy instalacji wid\u017cetu Elfsight. Aby przeprowadzi\u0107 ten proces, nie potrzebujesz do\u015bwiadczenia w tworzeniu stron internetowych ani du\u017cej ilo\u015bci czasu. Tylko kilka szybkich krok\u00f3w i 2 minuty.<\/p><ol><li><b>Wygeneruj sw\u00f3j unikalny wid\u017cet cenowy<\/b>.<br> Korzystaj\u0105c z naszej bezp\u0142atnej wersji demonstracyjnej, wygeneruj wtyczk\u0119 o po\u017c\u0105danym wygl\u0105dzie i ustawienia.<\/li><li><b>Odbierz kod do osadzenia wtyczki<\/b>.<br> Po skonfigurowaniu wid\u017cetu pobierz kod do tabeli cen z powiadomienia, kt\u00f3re pojawi si\u0119 w aplikacji Elfsight.<\/li><li><b>Dodaj wid\u017cet na stronie HTML<\/b>.<br> Otw\u00f3rz kod strony w edytorze HTML i wstaw wid\u017cet w potrzebne miejsce (tre\u015b\u0107, stopk\u0119, pasek boczny itp.), a nast\u0119pnie opublikuj zmiany. <\/li><li><b>Osadzanie powiod\u0142o si\u0119!<\/b><br> Wejd\u017a na stron\u0119 i sprawd\u017a swoj\u0105 prac\u0119.<\/li><\/ol><p>Masz problemy z wygenerowaniem wid\u017cetu ? Zapoznaj si\u0119 z naszym obszernym przewodnikiem \u00ab<a href=\"https:\/\/elfsight.com\/tutorials\/how-to-add-pricing-table-to-html\/\" target=\"_blank\" rel=\"noopener noreferrer\">Jak doda\u0107 tabel\u0119 cen do kodu HTML<\/a>\u00bb lub zostaw wiadomo\u015b\u0107 naszemu zespo\u0142owi pomocy technicznej, kt\u00f3ry szybko rozwi\u0105\u017ce wszelkiego rodzaju problemy.<\/p><\/div><div class=\"faq\" data-component=\"FAQ\"><div class=\"faq-item\">\r\n\t\t\t\t\t<div class=\"faq-item-question\">\r\n\t\t\t\t\t\t<h3 class=\"faq-item-question-text\">Jak doda\u0107 Cennik do strony HTML?<\/h3>\r\n\r\n\t\t\t\t\t\t<div class=\"faq-item-question-icon\"><\/div>\r\n\t\t\t\t\t<\/div>\r\n\r\n\t\t\t\t\t<div class=\"faq-item-answer\">\r\n\t\t\t\t\t\t<div class=\"faq-item-answer-text\"><p>Konstrukcja narz\u0119dzia odbywa si\u0119 na stronach Elfsight i nie wymaga kodowania. Skorzystaj z naszej wersji demonstracyjnej online, aby dostosowa\u0107 swoj\u0105 aplikacj\u0119 osobist\u0105, zdob\u0105d\u017a kod i umie\u015b\u0107 go na swojej stronie internetowej. <\/p><\/div>\r\n\t\t\t\t\t<\/div>\r\n\t\t\t\t<\/div><div class=\"faq-item\">\r\n\t\t\t\t\t<div class=\"faq-item-question\">\r\n\t\t\t\t\t\t<h3 class=\"faq-item-question-text\">Najlepsze sposoby wykorzystania integracji cennik\u00f3w<\/h3>\r\n\r\n\t\t\t\t\t\t<div class=\"faq-item-question-icon\"><\/div>\r\n\t\t\t\t\t<\/div>\r\n\r\n\t\t\t\t\t<div class=\"faq-item-answer\">\r\n\t\t\t\t\t\t<div class=\"faq-item-answer-text\"><p>Dajemy Ci mn\u00f3stwo mo\u017cliwo\u015bci dostosowania: pe\u0142nowymiarowe wid\u017cety do osadzania w obszarze tre\u015bci, p\u0142ywaj\u0105ce wtyczki z opcjami przewijania, uk\u0142adami stopki, nag\u0142\u00f3wka i wszelkiego rodzaju pionowymi mo\u017cliwo\u015bciami pask\u00f3w bocznych i menu. <\/p><\/div>\r\n\t\t\t\t\t<\/div>\r\n\t\t\t\t<\/div><div class=\"faq-item\">\r\n\t\t\t\t\t<div class=\"faq-item-question\">\r\n\t\t\t\t\t\t<h3 class=\"faq-item-question-text\">Czy mog\u0119 zbudowa\u0107 kolumn\u0119 lub tabel\u0119 por\u00f3wnawcz\u0105 za po\u015brednictwem Twojego redaktora? <\/h3>\r\n\r\n\t\t\t\t\t\t<div class=\"faq-item-question-icon\"><\/div>\r\n\t\t\t\t\t<\/div>\r\n\r\n\t\t\t\t\t<div class=\"faq-item-answer\">\r\n\t\t\t\t\t\t<div class=\"faq-item-answer-text\"><p>Mo\u017cesz tworzy\u0107 dowolne modyfikacje wid\u017cet\u00f3w. W edytorze dost\u0119pnych jest wiele uk\u0142ad\u00f3w, a ka\u017cdy z nich mo\u017cna szybko spersonalizowa\u0107 tak, jak Ci brakuje. <\/p><\/div>\r\n\t\t\t\t\t<\/div>\r\n\t\t\t\t<\/div><\/div>","protected":false},"excerpt":{"rendered":"","protected":false},"author":9,"featured_media":0,"parent":2029,"menu_order":0,"comment_status":"closed","ping_status":"closed","template":"templates\/template-application-platform.php","meta":{"publish_to_discourse":"","publish_post_category":"","wpdc_auto_publish_overridden":"","wpdc_topic_tags":"","wpdc_pin_topic":"","wpdc_pin_until":"","discourse_post_id":"","discourse_permalink":"","wpdc_publishing_response":"","wpdc_publishing_error":"","footnotes":""},"class_list":["post-6128","page","type-page","status-publish","hentry"],"yoast_head":"<!-- This site is optimized with the Yoast SEO plugin v25.3.1 - https:\/\/yoast.com\/wordpress\/plugins\/seo\/ -->\n<title>Tabela cen - Dodaj wid\u017cet cenowy do strony HTML<\/title>\n<meta name=\"description\" content=\"Dodaj wid\u017cet Tabela cen dla HTML w zaledwie 2 minuty. Sprawd\u017a wszystkie najwa\u017cniejsze funkcje najlepszej wtyczki cenowej w bezp\u0142atnej wersji demonstracyjnej.\" \/>\n<meta name=\"robots\" content=\"index, follow, max-snippet:-1, max-image-preview:large, max-video-preview:-1\" \/>\n<link rel=\"canonical\" href=\"https:\/\/elfsight.com\/pl\/pricing-table-plugin\/html\/\" \/>\n<meta property=\"og:locale\" content=\"pl_PL\" \/>\n<meta property=\"og:type\" content=\"article\" \/>\n<meta property=\"og:title\" content=\"Tabela cen - Dodaj wid\u017cet cenowy do strony HTML\" \/>\n<meta property=\"og:description\" content=\"Dodaj wid\u017cet Tabela cen dla HTML w zaledwie 2 minuty. Sprawd\u017a wszystkie najwa\u017cniejsze funkcje najlepszej wtyczki cenowej w bezp\u0142atnej wersji demonstracyjnej.\" \/>\n<meta property=\"og:url\" content=\"https:\/\/elfsight.com\/pl\/pricing-table-plugin\/html\/\" \/>\n<meta property=\"og:site_name\" content=\"Elfsight PL\" \/>\n<meta property=\"article:modified_time\" content=\"2024-11-14T12:48:11+00:00\" \/>\n<meta name=\"twitter:card\" content=\"summary_large_image\" \/>\n<meta name=\"twitter:label1\" content=\"Szacowany czas czytania\" \/>\n\t<meta name=\"twitter:data1\" content=\"3 minuty\" \/>\n<!-- \/ Yoast SEO plugin. -->","yoast_head_json":{"title":"Tabela cen - Dodaj wid\u017cet cenowy do strony HTML","description":"Dodaj wid\u017cet Tabela cen dla HTML w zaledwie 2 minuty. Sprawd\u017a wszystkie najwa\u017cniejsze funkcje najlepszej wtyczki cenowej w bezp\u0142atnej wersji demonstracyjnej.","robots":{"index":"index","follow":"follow","max-snippet":"max-snippet:-1","max-image-preview":"max-image-preview:large","max-video-preview":"max-video-preview:-1"},"canonical":"https:\/\/elfsight.com\/pl\/pricing-table-plugin\/html\/","og_locale":"pl_PL","og_type":"article","og_title":"Tabela cen - Dodaj wid\u017cet cenowy do strony HTML","og_description":"Dodaj wid\u017cet Tabela cen dla HTML w zaledwie 2 minuty. Sprawd\u017a wszystkie najwa\u017cniejsze funkcje najlepszej wtyczki cenowej w bezp\u0142atnej wersji demonstracyjnej.","og_url":"https:\/\/elfsight.com\/pl\/pricing-table-plugin\/html\/","og_site_name":"Elfsight PL","article_modified_time":"2024-11-14T12:48:11+00:00","twitter_card":"summary_large_image","twitter_misc":{"Szacowany czas czytania":"3 minuty"},"schema":{"@context":"https:\/\/schema.org","@graph":[{"@type":"WebPage","@id":"https:\/\/elfsight.com\/pl\/pricing-table-plugin\/html\/","url":"https:\/\/elfsight.com\/pl\/pricing-table-plugin\/html\/","name":"Tabela cen - Dodaj wid\u017cet cenowy do strony HTML","isPartOf":{"@id":"https:\/\/elfsight.com\/pl\/#website"},"datePublished":"1970-01-01T00:00:00+00:00","dateModified":"2024-11-14T12:48:11+00:00","description":"Dodaj wid\u017cet Tabela cen dla HTML w zaledwie 2 minuty. Sprawd\u017a wszystkie najwa\u017cniejsze funkcje najlepszej wtyczki cenowej w bezp\u0142atnej wersji demonstracyjnej.","breadcrumb":{"@id":"https:\/\/elfsight.com\/pl\/pricing-table-plugin\/html\/#breadcrumb"},"inLanguage":"pl-PL","potentialAction":[{"@type":"ReadAction","target":["https:\/\/elfsight.com\/pl\/pricing-table-plugin\/html\/"]}]},{"@type":"BreadcrumbList","@id":"https:\/\/elfsight.com\/pl\/pricing-table-plugin\/html\/#breadcrumb","itemListElement":[{"@type":"ListItem","position":1,"name":"Home","item":"https:\/\/elfsight.com\/pl\/"},{"@type":"ListItem","position":2,"name":"Pricing Table","item":"https:\/\/elfsight.com\/pl\/pricing-table-plugin\/"},{"@type":"ListItem","position":3,"name":"Pricing Table &#8211; HTML"}]},{"@type":"WebSite","@id":"https:\/\/elfsight.com\/pl\/#website","url":"https:\/\/elfsight.com\/pl\/","name":"Elfsight PL","description":"Just another Elfsight Sites site","potentialAction":[{"@type":"SearchAction","target":{"@type":"EntryPoint","urlTemplate":"https:\/\/elfsight.com\/pl\/?s={search_term_string}"},"query-input":{"@type":"PropertyValueSpecification","valueRequired":true,"valueName":"search_term_string"}}],"inLanguage":"pl-PL"}]}},"meta_box":{"industry":"","seo_heading":"","heading":"","description":"","cta_heading":"","cta_description":"","application":"2028","h1":"Widget Tabela cen dla HTML","h1_caption":"Przedstaw opcje cenowe w spos\u00f3b jasny i atrakcyjny, pomagaj\u0105c klientom w \u0142atwym wyborze planu odpowiadaj\u0105cego ich potrzebom w Twojej witrynie HTML.","application_category":[],"applications_title":"","applications_request_title":"","applications_request_button_text":"","hero_text":"","hero_video":"","hero_video_schema_markup":"","selling_points_title":"","selling_points_caption":"","selling_points":[],"selling_points_cta_text":"","features_title":"","features":"","ed_cta_examples_text":"","ed_cta_examples_hidden":"","ed_cta_demo_text":"","ed_cta_demo_hidden":"","why_caption":"","why_editor_title":"","why_editor_text":"","why_team_title":"","why_team_text":"","why_service_title":"","why_service_text":"","template_catalog_visible":"","template_catalog_title":"","template_catalog_text":"","template_catalog_categories_visible":"","demo_title":"Utw\u00f3rz wid\u017cet Tabela cen","demo_caption":"Skonfiguruj swoj\u0105 Tabel\u0119 Cen i dodaj j\u0105 do swojej witryny HTML za darmo!","default_faq_hidden":"","app_template_category":[],"platform":"50","template_public_id":"","codecanyon_url":"","codecanyon_item_id":"","codecanyon_price":"","pricing_caption":"","pricing_elfsight_apps_hide_column":"","pricing_elfsight_apps_url":"","pricing_codecanyon_price_caption":"","integration_category":[],"integration_request_title":"","integration_request_cta":"","integration_platform":"","integrations":[],"platform_category":[],"video_schema_markup":"","price":"od 0 USD \/ miesi\u0105c","trial":"","benefits":[{"text":"Bezp\u0142atna pomoc w monta\u017cu"},{"text":"Skuteczna obs\u0142uga klienta"},{"text":"14-dniowa gwarancja zwrotu pieni\u0119dzy"}],"button_url":"#demo","button_target_blank":"","button_nofollow":"","attributes":[{"name":"Instaluje"},{"name":"Czu\u0142y"},{"name":"Kompatybilne przegl\u0105darki"}],"tags":[],"tags_disable_links":"","hide_more_platforms":"","video_object":"","demo_hide_cta":"","demo_hide_cloud_options":"","pricing_title":"","pricing":[{"pricing_icon":"platform","pricing_title":"Elfsight Apps","pricing_title_caption":"Oprogramowanie niezale\u017cne od platformy, kt\u00f3re dzia\u0142a na dowolnej witrynie","pricing_price":"od 0 USD \/ miesi\u0105c","pricing_price_caption":"zacznij od bezp\u0142atnego planu","pricing_benefits":[{"text":"Nielimitowane strony internetowe"},{"text":"Wsparcie firmy premium"},{"text":"Bezp\u0142atna us\u0142uga monta\u017cu"},{"text":"Oferta specjalna na wiele aplikacji"}],"pricing_button_text":"Dodaj do witryny","pricing_button_url":"#demo"}],"related_apps_title":"","related_apps_hidden":"","author":"","image":[],"title":"","job":"","social_networks":[]},"_links":{"self":[{"href":"https:\/\/elfsight.com\/pl\/wp-json\/wp\/v2\/pages\/6128","targetHints":{"allow":["GET"]}}],"collection":[{"href":"https:\/\/elfsight.com\/pl\/wp-json\/wp\/v2\/pages"}],"about":[{"href":"https:\/\/elfsight.com\/pl\/wp-json\/wp\/v2\/types\/page"}],"author":[{"embeddable":true,"href":"https:\/\/elfsight.com\/pl\/wp-json\/wp\/v2\/users\/9"}],"replies":[{"embeddable":true,"href":"https:\/\/elfsight.com\/pl\/wp-json\/wp\/v2\/comments?post=6128"}],"version-history":[{"count":2,"href":"https:\/\/elfsight.com\/pl\/wp-json\/wp\/v2\/pages\/6128\/revisions"}],"predecessor-version":[{"id":7962,"href":"https:\/\/elfsight.com\/pl\/wp-json\/wp\/v2\/pages\/6128\/revisions\/7962"}],"up":[{"embeddable":true,"href":"https:\/\/elfsight.com\/pl\/wp-json\/wp\/v2\/pages\/2029"}],"wp:attachment":[{"href":"https:\/\/elfsight.com\/pl\/wp-json\/wp\/v2\/media?parent=6128"}],"curies":[{"name":"wp","href":"https:\/\/api.w.org\/{rel}","templated":true}]}}