{"id":6127,"date":"2024-05-03T06:44:50","date_gmt":"2024-05-03T06:44:50","guid":{"rendered":"https:\/\/elfsight.com\/pl\/?page_id=6127"},"modified":"2024-11-14T12:48:11","modified_gmt":"2024-11-14T12:48:11","slug":"drupal","status":"publish","type":"page","link":"https:\/\/elfsight.com\/pl\/pricing-table-plugin\/drupal\/","title":{"rendered":"Pricing Table &#8211; Drupal"},"content":{"rendered":"<div class=\"application-platform-content-item-description application-platform-content-item\" id=\"description\" data-nav-section=\"description\"><h2>Opis<\/h2><p>Cena odgrywa jedn\u0105 z g\u0142\u00f3wnych r\u00f3l w zach\u0119caniu klient\u00f3w do dokonania zakupu. Nasza wtyczka nie tylko umo\u017cliwia u\u017cytkownikom strony szybkie zapoznanie si\u0119 i por\u00f3wnanie r\u00f3\u017cnych opcji cenowych. Pomaga tak\u017ce zwi\u0119kszy\u0107 konwersj\u0119 dzi\u0119ki wykorzystaniu najnowszych trend\u00f3w w projektowaniu i szablonach.<\/p><p><b>Przenie\u015b sprzeda\u017c swojej witryny na nowy poziom, korzystaj\u0105c z inteligentnych cen.<\/b><\/p><ul> <li><b>Zdob\u0105d\u017a wi\u0119cej klient\u00f3w<\/b>.<br>Wykorzystuj skuteczniejsze trendy w prezentowaniu cen, aby wykluczy\u0107 wszelkie w\u0105tpliwo\u015bci odwiedzaj\u0105cych podczas podejmowania decyzji o zakupie i uzyska\u0107 wy\u017csz\u0105 konwersj\u0119.<\/li> <li><b>Tworzenie wtyczki w zaledwie 2 minuty<\/b>.<br>Po\u015bwi\u0119\u0107 kilka minut na skonstruowanie idealnej wtyczki. Dodaj potrzebne parametry szablonu i wklej swoje informacje, aby wy\u015bwietli\u0107 je w kilku krokach.<\/li><li><b>Poka\u017c wi\u0119cej informacji o swoich planach cenowych<\/b>.<br>Podaj pe\u0142ny opis ka\u017cdego z nich swoich plan\u00f3w cenowych i dodaj je do swojej osobistej wtyczki, aby klienci mogli \u0142atwo zobaczy\u0107 i por\u00f3wna\u0107 dost\u0119pne taryfy.<\/li><\/ul><\/div><div class=\"application-platform-content-item-features application-platform-content-item\" id=\"features\" data-nav-section=\"features\"><h2>Funkcje<\/h2><p>Zalety, kt\u00f3re czyni\u0105 nasz\u0105 wtyczk\u0119 najlepsz\u0105 tabel\u0105 cen dla witryn Drupal.<\/p><ul><li>6 predefiniowanych element\u00f3w kolumn, kt\u00f3re mo\u017cna uk\u0142ada\u0107 i dostosowywa\u0107 tak, aby uzyska\u0107 idealny wygl\u0105d;<\/li><li>5 predefiniowanych sk\u00f3rek z r\u00f3\u017cnymi schematami kolor\u00f3w;<\/li><li>3 predefiniowane style funkcji;<\/li><li>\u0141\u0105czenie przycisku z wymagan\u0105 stron\u0105;<\/li><li>Uk\u0142ad zoptymalizowany pod k\u0105tem urz\u0105dze\u0144 mobilnych.<\/li><\/ul><p><a href=\"#demo\">Wszystkie korzy\u015bci mo\u017cesz sprawdzi\u0107 za pomoc\u0105 konfiguratora na \u017cywo<\/a><\/p><\/div><div class=\"application-platform-content-item-installation application-platform-content-item\" id=\"installation\" data-nav-section=\"installation\"><h2>Jak doda\u0107 Cennik do strony Drupala<\/h2><p>Wystarczy wykona\u0107 poni\u017csze wskaz\u00f3wki, aby aktywowa\u0107 wtyczk\u0119 na Drupalu.<\/p> <ol><li><b>Skorzystaj z naszego darmowego konfiguratora i rozpocznij tworzenie Tw\u00f3j unikalny modu\u0142 Tabeli Cen. <\/b><br> Znajd\u017a wybrany wygl\u0105d i funkcje modu\u0142u oraz zastosuj modyfikacje. <\/li> <li><b>Skopiuj sw\u00f3j osobisty kod pojawiaj\u0105cy si\u0119 w oknie aplikacji Elfsight. <\/b><br> Po zako\u0144czeniu tworzenia modu\u0142u skopiuj kod osobisty z wy\u015bwietlonego pola i zapisz go do p\u00f3\u017aniejszego wykorzystania. <\/li> <li><b>Rozpocznij stosowanie widgetu na stronie Drupal. <\/b><br> Wklej wcze\u015bniej zapisany kod do swojej witryny i zastosuj zmiany. <\/li> <li><b>Instalacja zosta\u0142a w pe\u0142ni przeprowadzona. <\/b><br> Odwied\u017a swoj\u0105 stron\u0119 internetow\u0105, aby sprawdzi\u0107 dzia\u0142anie modu\u0142u. <\/li><\/ol><p>Masz pytania dotycz\u0105ce instalacji wtyczki? Zapoznaj si\u0119 z naszym dok\u0142adnym podr\u0119cznikiem \u00ab<a href=\"https:\/\/elfsight.com\/tutorials\/how-to-add-pricing-table-to-drupal\/\" target=\"_blank\" rel=\"noopener noreferrer\">Jak doda\u0107 tabel\u0119 cen do Drupala<\/a>\u00bb lub skontaktuj si\u0119 z naszym centrum pomocy, kt\u00f3re szybko rozwi\u0105\u017ce ka\u017cdy Tw\u00f3j problem.<\/p><div class=\"faq\" data-component=\"FAQ\"> <div class=\"faq-item\">\r\n\t\t\t\t\t<div class=\"faq-item-question\">\r\n\t\t\t\t\t\t<h3 class=\"faq-item-question-text\">Jak doda\u0107 przycisk PayPal do mojego Drupala strona internetowa bez umiej\u0119tno\u015bci kodowania?<\/h3>\r\n\r\n\t\t\t\t\t\t<div class=\"faq-item-question-icon\"><\/div>\r\n\t\t\t\t\t<\/div>\r\n\r\n\t\t\t\t\t<div class=\"faq-item-answer\">\r\n\t\t\t\t\t\t<div class=\"faq-item-answer-text\"> <p>Elfsight zapewnia rozwi\u0105zanie SaaS, kt\u00f3re pozwala samodzielnie utworzy\u0107 wid\u017cet przycisku PayPal. Zobacz, jak \u0142atwy jest ten proces: Pracuj bezpo\u015brednio w edytorze online, aby utworzy\u0107 wid\u017cet przycisku PayPal, w kt\u00f3rym chcesz go widzie\u0107 Twoja witryna Drupal. Wybierz jeden z gotowych szablon\u00f3w i dostosuj ustawienia przycisku PayPal, dodaj tre\u015b\u0107, zmie\u0144 uk\u0142ad i kolory bez umiej\u0119tno\u015bci kodowania. Zapisz przycisk PayPal i skopiuj jego kod instalacyjny, kt\u00f3ry mo\u017cesz bez problemu osadzi\u0107 na swojej stronie Drupal, bez konieczno\u015bci kupowania p\u0142atnej subskrypcji. Dzi\u0119ki naszemu intuicyjnemu Edytorowi ka\u017cdy u\u017cytkownik Internetu mo\u017ce stworzy\u0107 wid\u017cet przycisku PayPal online i \u0142atwo osadzi\u0107 go na swojej stronie Drupal. Aby uzyska\u0107 dost\u0119p do us\u0142ugi, nie trzeba p\u0142aci\u0107 ani wprowadza\u0107 danych uwierzytelniaj\u0105cych karty. Je\u015bli na kt\u00f3rymkolwiek etapie napotkasz jakiekolwiek problemy, skontaktuj si\u0119 z naszym zespo\u0142em pomocy technicznej.<\/p> <\/div>\r\n\t\t\t\t\t<\/div>\r\n\t\t\t\t<\/div> <\/div> <\/div>","protected":false},"excerpt":{"rendered":"","protected":false},"author":9,"featured_media":0,"parent":2029,"menu_order":0,"comment_status":"closed","ping_status":"closed","template":"templates\/template-application-platform.php","meta":{"publish_to_discourse":"","publish_post_category":"","wpdc_auto_publish_overridden":"","wpdc_topic_tags":"","wpdc_pin_topic":"","wpdc_pin_until":"","discourse_post_id":"","discourse_permalink":"","wpdc_publishing_response":"","wpdc_publishing_error":"","footnotes":""},"class_list":["post-6127","page","type-page","status-publish","hentry"],"yoast_head":"<!-- This site is optimized with the Yoast SEO plugin v25.3.1 - https:\/\/yoast.com\/wordpress\/plugins\/seo\/ -->\n<title>Tabela cen - Dodaj modu\u0142 cenowy do witryny Drupal<\/title>\n<meta name=\"description\" content=\"Zintegruj modu\u0142 Cennik dla Drupala w zaledwie 2 minuty. Przetestuj wszystkie g\u0142\u00f3wne cechy najlepszej wtyczki cenowej w darmowym edytorze.\" \/>\n<meta name=\"robots\" content=\"index, follow, max-snippet:-1, max-image-preview:large, max-video-preview:-1\" \/>\n<link rel=\"canonical\" href=\"https:\/\/elfsight.com\/pl\/pricing-table-plugin\/drupal\/\" \/>\n<meta property=\"og:locale\" content=\"pl_PL\" \/>\n<meta property=\"og:type\" content=\"article\" \/>\n<meta property=\"og:title\" content=\"Tabela cen - Dodaj modu\u0142 cenowy do witryny Drupal\" \/>\n<meta property=\"og:description\" content=\"Zintegruj modu\u0142 Cennik dla Drupala w zaledwie 2 minuty. Przetestuj wszystkie g\u0142\u00f3wne cechy najlepszej wtyczki cenowej w darmowym edytorze.\" \/>\n<meta property=\"og:url\" content=\"https:\/\/elfsight.com\/pl\/pricing-table-plugin\/drupal\/\" \/>\n<meta property=\"og:site_name\" content=\"Elfsight PL\" \/>\n<meta property=\"article:modified_time\" content=\"2024-11-14T12:48:11+00:00\" \/>\n<meta name=\"twitter:card\" content=\"summary_large_image\" \/>\n<meta name=\"twitter:label1\" content=\"Szacowany czas czytania\" \/>\n\t<meta name=\"twitter:data1\" content=\"3 minuty\" \/>\n<!-- \/ Yoast SEO plugin. -->","yoast_head_json":{"title":"Tabela cen - Dodaj modu\u0142 cenowy do witryny Drupal","description":"Zintegruj modu\u0142 Cennik dla Drupala w zaledwie 2 minuty. Przetestuj wszystkie g\u0142\u00f3wne cechy najlepszej wtyczki cenowej w darmowym edytorze.","robots":{"index":"index","follow":"follow","max-snippet":"max-snippet:-1","max-image-preview":"max-image-preview:large","max-video-preview":"max-video-preview:-1"},"canonical":"https:\/\/elfsight.com\/pl\/pricing-table-plugin\/drupal\/","og_locale":"pl_PL","og_type":"article","og_title":"Tabela cen - Dodaj modu\u0142 cenowy do witryny Drupal","og_description":"Zintegruj modu\u0142 Cennik dla Drupala w zaledwie 2 minuty. Przetestuj wszystkie g\u0142\u00f3wne cechy najlepszej wtyczki cenowej w darmowym edytorze.","og_url":"https:\/\/elfsight.com\/pl\/pricing-table-plugin\/drupal\/","og_site_name":"Elfsight PL","article_modified_time":"2024-11-14T12:48:11+00:00","twitter_card":"summary_large_image","twitter_misc":{"Szacowany czas czytania":"3 minuty"},"schema":{"@context":"https:\/\/schema.org","@graph":[{"@type":"WebPage","@id":"https:\/\/elfsight.com\/pl\/pricing-table-plugin\/drupal\/","url":"https:\/\/elfsight.com\/pl\/pricing-table-plugin\/drupal\/","name":"Tabela cen - Dodaj modu\u0142 cenowy do witryny Drupal","isPartOf":{"@id":"https:\/\/elfsight.com\/pl\/#website"},"datePublished":"2024-05-03T06:44:50+00:00","dateModified":"2024-11-14T12:48:11+00:00","description":"Zintegruj modu\u0142 Cennik dla Drupala w zaledwie 2 minuty. Przetestuj wszystkie g\u0142\u00f3wne cechy najlepszej wtyczki cenowej w darmowym edytorze.","breadcrumb":{"@id":"https:\/\/elfsight.com\/pl\/pricing-table-plugin\/drupal\/#breadcrumb"},"inLanguage":"pl-PL","potentialAction":[{"@type":"ReadAction","target":["https:\/\/elfsight.com\/pl\/pricing-table-plugin\/drupal\/"]}]},{"@type":"BreadcrumbList","@id":"https:\/\/elfsight.com\/pl\/pricing-table-plugin\/drupal\/#breadcrumb","itemListElement":[{"@type":"ListItem","position":1,"name":"Home","item":"https:\/\/elfsight.com\/pl\/"},{"@type":"ListItem","position":2,"name":"Pricing Table","item":"https:\/\/elfsight.com\/pl\/pricing-table-plugin\/"},{"@type":"ListItem","position":3,"name":"Pricing Table &#8211; Drupal"}]},{"@type":"WebSite","@id":"https:\/\/elfsight.com\/pl\/#website","url":"https:\/\/elfsight.com\/pl\/","name":"Elfsight PL","description":"Just another Elfsight Sites site","potentialAction":[{"@type":"SearchAction","target":{"@type":"EntryPoint","urlTemplate":"https:\/\/elfsight.com\/pl\/?s={search_term_string}"},"query-input":{"@type":"PropertyValueSpecification","valueRequired":true,"valueName":"search_term_string"}}],"inLanguage":"pl-PL"}]}},"meta_box":{"industry":"","seo_heading":"","heading":"","description":"","cta_heading":"","cta_description":"","application":"2028","h1":"Modu\u0142 tabeli cen dla Drupala","h1_caption":"Przedstaw swoje opcje cenowe w jasny i atrakcyjny spos\u00f3b, pomagaj\u0105c klientom w \u0142atwym wyborze planu odpowiadaj\u0105cego ich potrzebom na Twojej stronie Drupal.","application_category":[],"applications_title":"","applications_request_title":"","applications_request_button_text":"","hero_text":"","hero_video":"","hero_video_schema_markup":"","selling_points_title":"","selling_points_caption":"","selling_points":[],"selling_points_cta_text":"","features_title":"","features":"","ed_cta_examples_text":"","ed_cta_examples_hidden":"","ed_cta_demo_text":"","ed_cta_demo_hidden":"","why_caption":"","why_editor_title":"","why_editor_text":"","why_team_title":"","why_team_text":"","why_service_title":"","why_service_text":"","template_catalog_visible":"","template_catalog_title":"","template_catalog_text":"","template_catalog_categories_visible":"","demo_title":"Utw\u00f3rz modu\u0142 tabeli cen","demo_caption":"Skonfiguruj swoj\u0105 Tabel\u0119 Cenow\u0105 i dodaj j\u0105 do swojej witryny Drupal za darmo!","default_faq_hidden":"","app_template_category":[],"platform":"47","template_public_id":"","codecanyon_url":"","codecanyon_item_id":"","codecanyon_price":"","pricing_caption":"","pricing_elfsight_apps_hide_column":"","pricing_elfsight_apps_url":"","pricing_codecanyon_price_caption":"","integration_category":[],"integration_request_title":"","integration_request_cta":"","integration_platform":"","integrations":[],"platform_category":[],"video_schema_markup":"","price":"od 0 USD \/ miesi\u0105c","trial":"","benefits":[{"text":"Bezp\u0142atna pomoc w instalacji"},{"text":"Kompetentna obs\u0142uga klienta"},{"text":"14-dniowa gwarancja zwrotu pieni\u0119dzy"}],"button_url":"#demo","button_target_blank":"","button_nofollow":"","attributes":[{"name":"Instaluje"},{"name":"Czu\u0142y"},{"name":"Kompatybilne przegl\u0105darki"}],"tags":[],"tags_disable_links":"","hide_more_platforms":"","video_object":"","demo_hide_cta":"","demo_hide_cloud_options":"","pricing_title":"","pricing":[{"pricing_icon":"cloud","pricing_title":"Elfsight Apps","pricing_title_caption":"Wieloplatformowe rozwi\u0105zanie cyfrowe","pricing_price":"od 0 USD \/ miesi\u0105c","pricing_price_caption":"zacznij od bezp\u0142atnego planu","pricing_benefits":[{"text":"Nielimitowane domeny"},{"text":"Wsparcie 24\/7"},{"text":"Bezp\u0142atna pomoc w instalacji"},{"text":"Cena do z\u0142apania dla wielu aplikacji"}],"pricing_button_text":"Dodaj do witryny","pricing_button_url":"#demo"}],"related_apps_title":"","related_apps_hidden":"","author":"","image":[],"title":"","job":"","social_networks":[]},"_links":{"self":[{"href":"https:\/\/elfsight.com\/pl\/wp-json\/wp\/v2\/pages\/6127","targetHints":{"allow":["GET"]}}],"collection":[{"href":"https:\/\/elfsight.com\/pl\/wp-json\/wp\/v2\/pages"}],"about":[{"href":"https:\/\/elfsight.com\/pl\/wp-json\/wp\/v2\/types\/page"}],"author":[{"embeddable":true,"href":"https:\/\/elfsight.com\/pl\/wp-json\/wp\/v2\/users\/9"}],"replies":[{"embeddable":true,"href":"https:\/\/elfsight.com\/pl\/wp-json\/wp\/v2\/comments?post=6127"}],"version-history":[{"count":1,"href":"https:\/\/elfsight.com\/pl\/wp-json\/wp\/v2\/pages\/6127\/revisions"}],"predecessor-version":[{"id":6131,"href":"https:\/\/elfsight.com\/pl\/wp-json\/wp\/v2\/pages\/6127\/revisions\/6131"}],"up":[{"embeddable":true,"href":"https:\/\/elfsight.com\/pl\/wp-json\/wp\/v2\/pages\/2029"}],"wp:attachment":[{"href":"https:\/\/elfsight.com\/pl\/wp-json\/wp\/v2\/media?parent=6127"}],"curies":[{"name":"wp","href":"https:\/\/api.w.org\/{rel}","templated":true}]}}