{"id":6126,"date":"1970-01-01T00:00:00","date_gmt":"1970-01-01T00:00:00","guid":{"rendered":"https:\/\/elfsight.com\/pl\/?page_id=6126"},"modified":"2024-11-14T12:48:03","modified_gmt":"2024-11-14T12:48:03","slug":"blogger","status":"publish","type":"page","link":"https:\/\/elfsight.com\/pl\/pricing-table-plugin\/blogger\/","title":{"rendered":"Pricing Table &#8211; Blogger"},"content":{"rendered":"<div class=\"application-platform-content-item-description application-platform-content-item\" id=\"description\" data-nav-section=\"description\"><h2>Opis<\/h2><p>Ceny odgrywaj\u0105 jedn\u0105 z kluczowych r\u00f3l w motywowaniu u\u017cytkownik\u00f3w do zakupu. Wid\u017cet naszego zespo\u0142u nie tylko pomaga kupuj\u0105cym na stronie bardzo szybko sprawdzi\u0107 i przeanalizowa\u0107 dost\u0119pne oferty cenowe. Przyczynia si\u0119 tak\u017ce do zwi\u0119kszenia konwersji dzi\u0119ki zaawansowanym funkcjom interfejsu i szablon\u00f3w.<\/p><p><b>Przenie\u015b sprzeda\u017c swojej witryny na kolejny etap, dzi\u0119ki efektywnej wycenie.<\/b><\/p><ul><li><b>Znajd\u017a wi\u0119cej klient\u00f3w<\/b>.<br>Wykorzystaj najpot\u0119\u017cniejsze sztuczki interfejsu, aby rozwia\u0107 wszelkie obawy klient\u00f3w podczas podejmowania krok\u00f3w przed zakupem i uzyska\u0107 maksymaln\u0105 konwersj\u0119. <\/li><li><b>Ustawienie wid\u017cetu w zaledwie 50 sekund<\/b>.<br>Po\u015bwi\u0119\u0107 tylko kilka minut na ukszta\u0142towanie najlepszego wid\u017cetu. Zastosuj niezb\u0119dne konfiguracje projektu i tre\u015bci, aby pokaza\u0107 je w zaledwie kilku krokach.<\/li><li><b>Uczy\u0144 swoje oferty atrakcyjnymi dla klient\u00f3w<\/b>.<br>Wybierz dowolne kolory, poka\u017c tabel\u0119 i zdj\u0119cia aby Twoje ceny by\u0142y atrakcyjne dla klient\u00f3w i mia\u0142y pozytywny wp\u0142yw na wynik zakupu.<\/li><\/ul><\/div><div class=\"application-platform-content-item-features application-platform-content-item\" id=\"features\" data-nav-section=\"features\"><h2>Cechy<\/h2><p>Cechy, kt\u00f3re uczy\u0144 nasz widget najlepsz\u0105 tabel\u0105 cen dla witryn Bloggera.<\/p><ul><li>2 predefiniowane typy promienia obramowania i 4 predefiniowane typy szeroko\u015bci obramowania;<\/li><li>Lista regulowanych funkcji wraz z ikonami funkcji , podpowiedzi i nieograniczona liczba funkcji;<\/li><li>Wyr\u00f3\u017cnij dowoln\u0105 kolumn\u0119;<\/li><li>Promie\u0144 i szeroko\u015b\u0107 obramowania przycisku z mo\u017cliwo\u015bci\u0105 dostosowania;<\/li><li>Uk\u0142ad zoptymalizowany pod k\u0105tem urz\u0105dze\u0144 mobilnych.<\/li><\/ul><p><a href=\"#demo\">Mo\u017cesz przetestowa\u0107 wszystkie korzy\u015bci za pomoc\u0105 demonstracji na \u017cywo<\/a><\/p><\/div><div class=\"application-platform-content-item-installation application-platform-content-item\" id=\"installation\" data-nav-section=\"installation\"><h2> Jak doda\u0107 tabel\u0119 cen do witryny Bloggera<\/h2><div class=\"video-container\"><iframe width=\"720\" height=\"405\" src=\"https:\/\/www.youtube.com\/embed\/Fy40pvo-epU\" frameborder=\"0\" allowfullscreen=\"\"><\/iframe><\/div><p>Instrukcja dotycz\u0105ca osadzania naszego wid\u017cetu w witrynie Bloggera. Aby to zrobi\u0107, nie musisz mie\u0107 kompetencji w tworzeniu stron internetowych ani du\u017co czasu. Tylko kilka prostych czynno\u015bci i 2 minuty.<\/p><ol><li><b>Wygeneruj w\u0142asn\u0105 Tabel\u0119 Cenow\u0105<\/b>.<br> Za pomoc\u0105 naszego bezp\u0142atnego konfiguratora utw\u00f3rz wtyczk\u0119 z \u017c\u0105danym szablonem i ustawienia.<\/li><li><b>Odbierz kod do instalacji wtyczki<\/b>.<br> Po dostosowaniu wid\u017cetu pobierz kod wtyczki Cennik z wy\u015bwietlonego okna aplikacji Elfsight.<\/li><li><b>Osad\u017a wtyczk\u0119 w witrynie Bloggera<\/b>.<br> Umie\u015b\u0107 wtyczk\u0119 w odpowiednim miejscu witryny i opublikuj wyniki.<\/li><li><b>Gotowe!<\/b><br> Wejd\u017a na swoj\u0105 witryn\u0119, aby zobaczy\u0107 ceny.<\/li><\/ol><p>Masz problemy z konfiguracj\u0105 wid\u017cetu? Sprawd\u017a nasz\u0105 szczeg\u00f3\u0142ow\u0105 instrukcj\u0119 \u00ab<a href=\"https:\/\/elfsight.com\/tutorials\/how-to-add-pricing-table-to-blogger\/\" target=\"_blank\" rel=\"noopener noreferrer\">Jak wy\u015bwietli\u0107 cennik do Bloggera<\/a>\u00bb lub skontaktuj si\u0119 z naszym zespo\u0142em wsparcia, kt\u00f3ry z przyjemno\u015bci\u0105 rozwi\u0105\u017ce ka\u017cdy problem.<\/p><div class=\"faq\" data-component=\"FAQ\"> <div class=\"faq-item\">\r\n\t\t\t\t\t<div class=\"faq-item-question\">\r\n\t\t\t\t\t\t<h3 class=\"faq-item-question-text\">Jak doda\u0107 przycisk PayPal do mojej witryny Bloggera bez umiej\u0119tno\u015bci kodowania?<\/h3>\r\n\r\n\t\t\t\t\t\t<div class=\"faq-item-question-icon\"><\/div>\r\n\t\t\t\t\t<\/div>\r\n\r\n\t\t\t\t\t<div class=\"faq-item-answer\">\r\n\t\t\t\t\t\t<div class=\"faq-item-answer-text\"> <p>Elfsight zapewnia rozwi\u0105zanie SaaS, kt\u00f3re umo\u017cliwia samodzielne utworzenie wid\u017cetu przycisku PayPal. Zobacz, jak \u0142atwy jest ten proces: Pracuj bezpo\u015brednio w edytorze online, aby utworzy\u0107 wid\u017cet przycisku PayPal, kt\u00f3ry chcesz widzie\u0107 na swoim Witryna Blogera. Wybierz jeden z gotowych szablon\u00f3w i dostosuj ustawienia przycisku PayPal, dodaj tre\u015b\u0107, zmie\u0144 uk\u0142ad i kolory bez umiej\u0119tno\u015bci kodowania. Zapisz przycisk PayPal i skopiuj jego kod instalacyjny, kt\u00f3ry mo\u017cesz \u0142atwo umie\u015bci\u0107 na swojej stronie Bloggera, bez konieczno\u015bci kupowania wersji p\u0142atnej. Dzi\u0119ki naszemu intuicyjnemu edytorowi ka\u017cdy u\u017cytkownik Internetu mo\u017ce utworzy\u0107 wid\u017cet przycisku PayPal online i \u0142atwo osadzi\u0107 go na swojej witrynie Bloggera. Aby uzyska\u0107 dost\u0119p do us\u0142ugi, nie trzeba p\u0142aci\u0107 ani wprowadza\u0107 danych uwierzytelniaj\u0105cych karty. Je\u015bli na kt\u00f3rymkolwiek etapie napotkasz jakiekolwiek problemy, skontaktuj si\u0119 z naszym zespo\u0142em pomocy technicznej.<\/p> <\/div>\r\n\t\t\t\t\t<\/div>\r\n\t\t\t\t<\/div> <\/div> <\/div>","protected":false},"excerpt":{"rendered":"","protected":false},"author":9,"featured_media":0,"parent":2029,"menu_order":0,"comment_status":"closed","ping_status":"closed","template":"templates\/template-application-platform.php","meta":{"publish_to_discourse":"","publish_post_category":"","wpdc_auto_publish_overridden":"","wpdc_topic_tags":"","wpdc_pin_topic":"","wpdc_pin_until":"","discourse_post_id":"","discourse_permalink":"","wpdc_publishing_response":"","wpdc_publishing_error":"","footnotes":""},"class_list":["post-6126","page","type-page","status-publish","hentry"],"yoast_head":"<!-- This site is optimized with the Yoast SEO plugin v25.3.1 - https:\/\/yoast.com\/wordpress\/plugins\/seo\/ -->\n<title>Tabela cen \u2014 dodaj wid\u017cet cenowy do witryny Bloggera<\/title>\n<meta name=\"description\" content=\"Zainstaluj wid\u017cet Tabela cen dla Bloggera w zaledwie 2 minuty. Sprawd\u017a wszystkie najwa\u017cniejsze cechy najlepszej wtyczki cenowej w darmowym edytorze.\" \/>\n<meta name=\"robots\" content=\"index, follow, max-snippet:-1, max-image-preview:large, max-video-preview:-1\" \/>\n<link rel=\"canonical\" href=\"https:\/\/elfsight.com\/pl\/pricing-table-plugin\/blogger\/\" \/>\n<meta property=\"og:locale\" content=\"pl_PL\" \/>\n<meta property=\"og:type\" content=\"article\" \/>\n<meta property=\"og:title\" content=\"Tabela cen \u2014 dodaj wid\u017cet cenowy do witryny Bloggera\" \/>\n<meta property=\"og:description\" content=\"Zainstaluj wid\u017cet Tabela cen dla Bloggera w zaledwie 2 minuty. Sprawd\u017a wszystkie najwa\u017cniejsze cechy najlepszej wtyczki cenowej w darmowym edytorze.\" \/>\n<meta property=\"og:url\" content=\"https:\/\/elfsight.com\/pl\/pricing-table-plugin\/blogger\/\" \/>\n<meta property=\"og:site_name\" content=\"Elfsight PL\" \/>\n<meta property=\"article:modified_time\" content=\"2024-11-14T12:48:03+00:00\" \/>\n<meta name=\"twitter:card\" content=\"summary_large_image\" \/>\n<meta name=\"twitter:label1\" content=\"Szacowany czas czytania\" \/>\n\t<meta name=\"twitter:data1\" content=\"3 minuty\" \/>\n<!-- \/ Yoast SEO plugin. -->","yoast_head_json":{"title":"Tabela cen \u2014 dodaj wid\u017cet cenowy do witryny Bloggera","description":"Zainstaluj wid\u017cet Tabela cen dla Bloggera w zaledwie 2 minuty. Sprawd\u017a wszystkie najwa\u017cniejsze cechy najlepszej wtyczki cenowej w darmowym edytorze.","robots":{"index":"index","follow":"follow","max-snippet":"max-snippet:-1","max-image-preview":"max-image-preview:large","max-video-preview":"max-video-preview:-1"},"canonical":"https:\/\/elfsight.com\/pl\/pricing-table-plugin\/blogger\/","og_locale":"pl_PL","og_type":"article","og_title":"Tabela cen \u2014 dodaj wid\u017cet cenowy do witryny Bloggera","og_description":"Zainstaluj wid\u017cet Tabela cen dla Bloggera w zaledwie 2 minuty. Sprawd\u017a wszystkie najwa\u017cniejsze cechy najlepszej wtyczki cenowej w darmowym edytorze.","og_url":"https:\/\/elfsight.com\/pl\/pricing-table-plugin\/blogger\/","og_site_name":"Elfsight PL","article_modified_time":"2024-11-14T12:48:03+00:00","twitter_card":"summary_large_image","twitter_misc":{"Szacowany czas czytania":"3 minuty"},"schema":{"@context":"https:\/\/schema.org","@graph":[{"@type":"WebPage","@id":"https:\/\/elfsight.com\/pl\/pricing-table-plugin\/blogger\/","url":"https:\/\/elfsight.com\/pl\/pricing-table-plugin\/blogger\/","name":"Tabela cen \u2014 dodaj wid\u017cet cenowy do witryny Bloggera","isPartOf":{"@id":"https:\/\/elfsight.com\/pl\/#website"},"datePublished":"1970-01-01T00:00:00+00:00","dateModified":"2024-11-14T12:48:03+00:00","description":"Zainstaluj wid\u017cet Tabela cen dla Bloggera w zaledwie 2 minuty. Sprawd\u017a wszystkie najwa\u017cniejsze cechy najlepszej wtyczki cenowej w darmowym edytorze.","breadcrumb":{"@id":"https:\/\/elfsight.com\/pl\/pricing-table-plugin\/blogger\/#breadcrumb"},"inLanguage":"pl-PL","potentialAction":[{"@type":"ReadAction","target":["https:\/\/elfsight.com\/pl\/pricing-table-plugin\/blogger\/"]}]},{"@type":"BreadcrumbList","@id":"https:\/\/elfsight.com\/pl\/pricing-table-plugin\/blogger\/#breadcrumb","itemListElement":[{"@type":"ListItem","position":1,"name":"Home","item":"https:\/\/elfsight.com\/pl\/"},{"@type":"ListItem","position":2,"name":"Pricing Table","item":"https:\/\/elfsight.com\/pl\/pricing-table-plugin\/"},{"@type":"ListItem","position":3,"name":"Pricing Table &#8211; Blogger"}]},{"@type":"WebSite","@id":"https:\/\/elfsight.com\/pl\/#website","url":"https:\/\/elfsight.com\/pl\/","name":"Elfsight PL","description":"Just another Elfsight Sites site","potentialAction":[{"@type":"SearchAction","target":{"@type":"EntryPoint","urlTemplate":"https:\/\/elfsight.com\/pl\/?s={search_term_string}"},"query-input":{"@type":"PropertyValueSpecification","valueRequired":true,"valueName":"search_term_string"}}],"inLanguage":"pl-PL"}]}},"meta_box":{"industry":"","seo_heading":"","heading":"","description":"","cta_heading":"","cta_description":"","application":"2028","h1":"Widget Tabela cen dla Bloggera","h1_caption":"Przedstaw opcje cenowe w jasny i atrakcyjny spos\u00f3b, pomagaj\u0105c klientom w \u0142atwym wyborze planu odpowiadaj\u0105cego ich potrzebom w Twojej witrynie Bloggera.","application_category":[],"applications_title":"","applications_request_title":"","applications_request_button_text":"","hero_text":"","hero_video":"","hero_video_schema_markup":"","selling_points_title":"","selling_points_caption":"","selling_points":[],"selling_points_cta_text":"","features_title":"","features":"","ed_cta_examples_text":"","ed_cta_examples_hidden":"","ed_cta_demo_text":"","ed_cta_demo_hidden":"","why_caption":"","why_editor_title":"","why_editor_text":"","why_team_title":"","why_team_text":"","why_service_title":"","why_service_text":"","template_catalog_visible":"","template_catalog_title":"","template_catalog_text":"","template_catalog_categories_visible":"","demo_title":"Utw\u00f3rz wid\u017cet Tabela cen","demo_caption":"Skonfiguruj swoj\u0105 tabel\u0119 cen i dodaj j\u0105 do swojej witryny Bloggera za darmo!","default_faq_hidden":"","app_template_category":[],"platform":"44","template_public_id":"","codecanyon_url":"","codecanyon_item_id":"","codecanyon_price":"","pricing_caption":"","pricing_elfsight_apps_hide_column":"","pricing_elfsight_apps_url":"","pricing_codecanyon_price_caption":"","integration_category":[],"integration_request_title":"","integration_request_cta":"","integration_platform":"","integrations":[],"platform_category":[],"video_schema_markup":"","price":"od 0 USD \/ miesi\u0105c","trial":"","benefits":[{"text":"Bezp\u0142atna us\u0142uga monta\u017cu"},{"text":"Profesjonalna obs\u0142uga klienta"},{"text":"14-dniowa gwarancja zwrotu pieni\u0119dzy"}],"button_url":"#demo","button_target_blank":"","button_nofollow":"","attributes":[{"name":"Instaluje"},{"name":"Czu\u0142y"},{"name":"Kompatybilne przegl\u0105darki"}],"tags":[],"tags_disable_links":"","hide_more_platforms":"","video_object":"","demo_hide_cta":"","demo_hide_cloud_options":"","pricing_title":"","pricing":[{"pricing_icon":"platform","pricing_title":"Blogger widget","pricing_title_caption":"Oprogramowanie niezale\u017cne od platformy, kt\u00f3re dzia\u0142a na ka\u017cdej stronie internetowej","pricing_price":"od 0 USD \/ miesi\u0105c","pricing_price_caption":"zacznij od bezp\u0142atnego planu","pricing_benefits":[{"text":"Nielimitowane strony internetowe"},{"text":"Bezp\u0142atna obs\u0142uga klienta i dobrze udokumentowana"},{"text":"Bezp\u0142atne wsparcie przy instalacji"},{"text":"W pe\u0142ni konfigurowalny"}],"pricing_button_text":"Dodaj do witryny","pricing_button_url":"#demo"}],"related_apps_title":"","related_apps_hidden":"","author":"","image":[],"title":"","job":"","social_networks":[]},"_links":{"self":[{"href":"https:\/\/elfsight.com\/pl\/wp-json\/wp\/v2\/pages\/6126","targetHints":{"allow":["GET"]}}],"collection":[{"href":"https:\/\/elfsight.com\/pl\/wp-json\/wp\/v2\/pages"}],"about":[{"href":"https:\/\/elfsight.com\/pl\/wp-json\/wp\/v2\/types\/page"}],"author":[{"embeddable":true,"href":"https:\/\/elfsight.com\/pl\/wp-json\/wp\/v2\/users\/9"}],"replies":[{"embeddable":true,"href":"https:\/\/elfsight.com\/pl\/wp-json\/wp\/v2\/comments?post=6126"}],"version-history":[{"count":2,"href":"https:\/\/elfsight.com\/pl\/wp-json\/wp\/v2\/pages\/6126\/revisions"}],"predecessor-version":[{"id":7961,"href":"https:\/\/elfsight.com\/pl\/wp-json\/wp\/v2\/pages\/6126\/revisions\/7961"}],"up":[{"embeddable":true,"href":"https:\/\/elfsight.com\/pl\/wp-json\/wp\/v2\/pages\/2029"}],"wp:attachment":[{"href":"https:\/\/elfsight.com\/pl\/wp-json\/wp\/v2\/media?parent=6126"}],"curies":[{"name":"wp","href":"https:\/\/api.w.org\/{rel}","templated":true}]}}