{"id":6125,"date":"1970-01-01T00:00:00","date_gmt":"1970-01-01T00:00:00","guid":{"rendered":"https:\/\/elfsight.com\/pl\/?page_id=6125"},"modified":"2024-11-14T12:48:03","modified_gmt":"2024-11-14T12:48:03","slug":"bigcommerce","status":"publish","type":"page","link":"https:\/\/elfsight.com\/pl\/pricing-table-plugin\/bigcommerce\/","title":{"rendered":"Pricing Table &#8211; BigCommerce"},"content":{"rendered":"<div class=\"application-platform-content-item-description application-platform-content-item\" id=\"description\" data-nav-section=\"description\"><h2>Opis<\/h2><p>Cena odgrywa jedn\u0105 z g\u0142\u00f3wnych r\u00f3l w przekonywaniu klient\u00f3w do zam\u00f3wienia. Aplikacja Elfsight nie tylko umo\u017cliwia klientom witryny bardzo szybk\u0105 wizualizacj\u0119 i mierzenie mo\u017cliwych plan\u00f3w cenowych. Pomaga tak\u017ce zwi\u0119kszy\u0107 konwersj\u0119 dzi\u0119ki dodaniu naj\u015bwie\u017cszych trend\u00f3w w interfejsie i uk\u0142adzie.<\/p><p><b>Zwi\u0119ksz sprzeda\u017c swojej witryny, aby osi\u0105gn\u0105\u0107 nowy poziom, za pomoc\u0105 atrakcyjnej wyceny.<\/b><\/p><ul><li><b>Motywuj klient\u00f3w do zakupu<\/b>.<br>Wy\u015bwietlaj w prosty i skuteczny spos\u00f3b maksymalnie informacje, kt\u00f3rych szukaj\u0105 Twoi przyszli odwiedzaj\u0105cy, i przekonaj ich, aby dokonali wyboru \u201etak\u201d .<\/li><li><b>Tworzenie aplikacji w zaledwie 90 sekund<\/b>.<br>Po\u015bwi\u0119\u0107 kilka minut, aby stworzy\u0107 idealn\u0105 aplikacj\u0119. Wybierz r\u00f3\u017cnorodne parametry interfejsu i informacje, aby wy\u015bwietli\u0107 je jednym klikni\u0119ciem.<\/li><li><b>Spraw, aby Twoje ceny by\u0142y atrakcyjne dla klient\u00f3w<\/b>.<br>Zastosuj r\u00f3\u017cne kolory, zmie\u0144 kolejno\u015b\u0107 komponent\u00f3w, zastosuj zdj\u0119cia, aby spraw, aby Twoje ceny by\u0142y atrakcyjne dla klient\u00f3w i mia\u0142y pozytywny wp\u0142yw na ich decyzj\u0119 o zakupie.<\/li><\/ul><\/div><div class=\"application-platform-content-item-features application-platform-content-item\" id=\"features\" data-nav-section=\"features\"><h2>Funkcje<\/h2><p>Funkcje, kt\u00f3re zmieniaj\u0105 nasz\u0105 aplikacj\u0119 w najlepszej tabeli cen dla witryn BigCommerce.<\/p><ul><li>6 predefiniowanych element\u00f3w kolumn, kt\u00f3re mo\u017cna uk\u0142ada\u0107 i dostosowywa\u0107 tak, aby uzyska\u0107 idealny wygl\u0105d;<\/li><li>5 predefiniowanych sk\u00f3rek, wyposa\u017conych w r\u00f3\u017cne schematy kolor\u00f3w;<\/li><li>Elementy kolorystyczne ka\u017cdej kolumny mo\u017cna indywidualnie dostosowa\u0107;<\/li><li>\u0141\u0105czenie przycisku z \u017c\u0105dan\u0105 stron\u0105;<\/li><li>Mo\u017cliwo\u015b\u0107 dostosowania rozmiaru i grubo\u015bci czcionki.&lt;\/li <\/ul><p><a href=\"#demo\">Mo\u017cesz wypr\u00f3bowa\u0107 wszystkie zalety konfiguratora na \u017cywo<\/a><\/p><\/div><div class=\"application-platform-content-item-installation application-platform-content-item\" id=\"installation\" data-nav-section=\"installation\"><h2>Jak aby doda\u0107 tabel\u0119 cen do witryny BigCommerce<\/h2><div class=\"video-container\"><iframe width=\"720\" height=\"405\" src=\"https:\/\/www.youtube.com\/embed\/6FAtK0nPi1o\" frameborder=\"0\" allowfullscreen=\"\"><\/iframe><\/div><p>Wystarczy wykona\u0107 poni\u017csze kroki, aby zintegrowa\u0107 aplikacj\u0119 z BigCommerce.<\/p> <ol><li><b>Wykonaj nasze darmowy edytor i zacznij kszta\u0142towa\u0107 sw\u00f3j niestandardowy widget. <\/b><br> Znajd\u017a preferowany interfejs i funkcje wid\u017cetu i zapisz zmiany. <\/li> <li><b>Zdob\u0105d\u017a kod osobisty pokazany w specjalnym formularzu w aplikacjach Elfsight. <\/b><br> Zaraz po zako\u0144czeniu konfiguracji wid\u017cetu skopiuj indywidualny kod z pojawiaj\u0105cego si\u0119 wyskakuj\u0105cego okienka i zachowaj go na przysz\u0142o\u015b\u0107. <\/li> <li><b>Rozpocznij korzystanie z wid\u017cetu cenowego na stronie BigCommerce. <\/b><br> Umie\u015b\u0107 ostatnio zapisany kod w swojej witrynie i zastosuj ulepszenia. <\/li> <li><b>Gotowe! Integracja zosta\u0142a pomy\u015blnie przeprowadzona. <\/b><br> Przejd\u017a na swoj\u0105 stron\u0119 i zobacz jak dzia\u0142a wtyczka. <\/li><\/ol><p>Masz problemy z integracj\u0105 aplikacji? Zobacz nasz obszerny przewodnik \u00ab<a href=\"https:\/\/elfsight.com\/tutorials\/how-to-add-pricing-table-to-bigcommerce\/\" target=\"_blank\" rel=\"noopener noreferrer\">Jak integrowa\u0107 tabel\u0119 cenow\u0105 do BigCommerce<\/a>\u00bb lub zwr\u00f3\u0107 si\u0119 do naszej obs\u0142ugi klienta, kt\u00f3ra b\u0142yskawicznie rozwi\u0105\u017ce ka\u017cdy Tw\u00f3j problem.<\/p><div class=\"faq\" data-component=\"FAQ\"> <div class=\"faq-item\">\r\n\t\t\t\t\t<div class=\"faq-item-question\">\r\n\t\t\t\t\t\t<h3 class=\"faq-item-question-text\">Jak mog\u0119 doda\u0107 przycisk PayPal do mojego BigCommerce strona internetowa bez umiej\u0119tno\u015bci kodowania?<\/h3>\r\n\r\n\t\t\t\t\t\t<div class=\"faq-item-question-icon\"><\/div>\r\n\t\t\t\t\t<\/div>\r\n\r\n\t\t\t\t\t<div class=\"faq-item-answer\">\r\n\t\t\t\t\t\t<div class=\"faq-item-answer-text\"> <p>Elfsight zapewnia rozwi\u0105zanie SaaS, kt\u00f3re pozwala samodzielnie utworzy\u0107 wid\u017cet przycisku PayPal. Zobacz, jak \u0142atwy jest ten proces: Pracuj bezpo\u015brednio w edytorze online, aby utworzy\u0107 wid\u017cet przycisku PayPal, w kt\u00f3rym chcesz go widzie\u0107 Twoja witryna BigCommerce. Wybierz jeden z gotowych szablon\u00f3w i dostosuj ustawienia przycisku PayPal, dodaj tre\u015b\u0107, zmie\u0144 uk\u0142ad i kolory bez umiej\u0119tno\u015bci kodowania. Zapisz przycisk PayPal i skopiuj jego kod instalacyjny, kt\u00f3ry mo\u017cesz umie\u015bci\u0107 na swojej stronie BigCommerce bez konieczno\u015bci zakupu p\u0142atnej subskrypcji. Dzi\u0119ki naszemu intuicyjnemu edytorowi ka\u017cdy u\u017cytkownik Internetu mo\u017ce utworzy\u0107 wid\u017cet przycisku PayPal online i \u0142atwo osadzi\u0107 go na swojej stronie BigCommerce. Aby uzyska\u0107 dost\u0119p do us\u0142ugi, nie trzeba p\u0142aci\u0107 ani wprowadza\u0107 danych uwierzytelniaj\u0105cych karty. Je\u015bli na kt\u00f3rymkolwiek etapie napotkasz jakiekolwiek problemy, skontaktuj si\u0119 z naszym zespo\u0142em pomocy technicznej.<\/p> <\/div>\r\n\t\t\t\t\t<\/div>\r\n\t\t\t\t<\/div> <\/div> <\/div>","protected":false},"excerpt":{"rendered":"","protected":false},"author":9,"featured_media":0,"parent":2029,"menu_order":0,"comment_status":"closed","ping_status":"closed","template":"templates\/template-application-platform.php","meta":{"publish_to_discourse":"","publish_post_category":"","wpdc_auto_publish_overridden":"","wpdc_topic_tags":"","wpdc_pin_topic":"","wpdc_pin_until":"","discourse_post_id":"","discourse_permalink":"","wpdc_publishing_response":"","wpdc_publishing_error":"","footnotes":""},"class_list":["post-6125","page","type-page","status-publish","hentry"],"yoast_head":"<!-- This site is optimized with the Yoast SEO plugin v25.3.1 - https:\/\/yoast.com\/wordpress\/plugins\/seo\/ -->\n<title>Tabela cen - dodaj aplikacj\u0119 cenow\u0105 do witryny BigCommerce<\/title>\n<meta name=\"description\" content=\"Pobierz aplikacj\u0119 Tabela cen dla Bigcommerce w zaledwie 3 minuty. Przetestuj wszystkie kluczowe zalety najlepszej wtyczki cenowej w bezp\u0142atnej wersji demonstracyjnej.\" \/>\n<meta name=\"robots\" content=\"index, follow, max-snippet:-1, max-image-preview:large, max-video-preview:-1\" \/>\n<link rel=\"canonical\" href=\"https:\/\/elfsight.com\/pl\/pricing-table-plugin\/bigcommerce\/\" \/>\n<meta property=\"og:locale\" content=\"pl_PL\" \/>\n<meta property=\"og:type\" content=\"article\" \/>\n<meta property=\"og:title\" content=\"Tabela cen - dodaj aplikacj\u0119 cenow\u0105 do witryny BigCommerce\" \/>\n<meta property=\"og:description\" content=\"Pobierz aplikacj\u0119 Tabela cen dla Bigcommerce w zaledwie 3 minuty. Przetestuj wszystkie kluczowe zalety najlepszej wtyczki cenowej w bezp\u0142atnej wersji demonstracyjnej.\" \/>\n<meta property=\"og:url\" content=\"https:\/\/elfsight.com\/pl\/pricing-table-plugin\/bigcommerce\/\" \/>\n<meta property=\"og:site_name\" content=\"Elfsight PL\" \/>\n<meta property=\"article:modified_time\" content=\"2024-11-14T12:48:03+00:00\" \/>\n<meta name=\"twitter:card\" content=\"summary_large_image\" \/>\n<meta name=\"twitter:label1\" content=\"Szacowany czas czytania\" \/>\n\t<meta name=\"twitter:data1\" content=\"3 minuty\" \/>\n<!-- \/ Yoast SEO plugin. -->","yoast_head_json":{"title":"Tabela cen - dodaj aplikacj\u0119 cenow\u0105 do witryny BigCommerce","description":"Pobierz aplikacj\u0119 Tabela cen dla Bigcommerce w zaledwie 3 minuty. Przetestuj wszystkie kluczowe zalety najlepszej wtyczki cenowej w bezp\u0142atnej wersji demonstracyjnej.","robots":{"index":"index","follow":"follow","max-snippet":"max-snippet:-1","max-image-preview":"max-image-preview:large","max-video-preview":"max-video-preview:-1"},"canonical":"https:\/\/elfsight.com\/pl\/pricing-table-plugin\/bigcommerce\/","og_locale":"pl_PL","og_type":"article","og_title":"Tabela cen - dodaj aplikacj\u0119 cenow\u0105 do witryny BigCommerce","og_description":"Pobierz aplikacj\u0119 Tabela cen dla Bigcommerce w zaledwie 3 minuty. Przetestuj wszystkie kluczowe zalety najlepszej wtyczki cenowej w bezp\u0142atnej wersji demonstracyjnej.","og_url":"https:\/\/elfsight.com\/pl\/pricing-table-plugin\/bigcommerce\/","og_site_name":"Elfsight PL","article_modified_time":"2024-11-14T12:48:03+00:00","twitter_card":"summary_large_image","twitter_misc":{"Szacowany czas czytania":"3 minuty"},"schema":{"@context":"https:\/\/schema.org","@graph":[{"@type":"WebPage","@id":"https:\/\/elfsight.com\/pl\/pricing-table-plugin\/bigcommerce\/","url":"https:\/\/elfsight.com\/pl\/pricing-table-plugin\/bigcommerce\/","name":"Tabela cen - dodaj aplikacj\u0119 cenow\u0105 do witryny BigCommerce","isPartOf":{"@id":"https:\/\/elfsight.com\/pl\/#website"},"datePublished":"1970-01-01T00:00:00+00:00","dateModified":"2024-11-14T12:48:03+00:00","description":"Pobierz aplikacj\u0119 Tabela cen dla Bigcommerce w zaledwie 3 minuty. Przetestuj wszystkie kluczowe zalety najlepszej wtyczki cenowej w bezp\u0142atnej wersji demonstracyjnej.","breadcrumb":{"@id":"https:\/\/elfsight.com\/pl\/pricing-table-plugin\/bigcommerce\/#breadcrumb"},"inLanguage":"pl-PL","potentialAction":[{"@type":"ReadAction","target":["https:\/\/elfsight.com\/pl\/pricing-table-plugin\/bigcommerce\/"]}]},{"@type":"BreadcrumbList","@id":"https:\/\/elfsight.com\/pl\/pricing-table-plugin\/bigcommerce\/#breadcrumb","itemListElement":[{"@type":"ListItem","position":1,"name":"Home","item":"https:\/\/elfsight.com\/pl\/"},{"@type":"ListItem","position":2,"name":"Pricing Table","item":"https:\/\/elfsight.com\/pl\/pricing-table-plugin\/"},{"@type":"ListItem","position":3,"name":"Pricing Table &#8211; BigCommerce"}]},{"@type":"WebSite","@id":"https:\/\/elfsight.com\/pl\/#website","url":"https:\/\/elfsight.com\/pl\/","name":"Elfsight PL","description":"Just another Elfsight Sites site","potentialAction":[{"@type":"SearchAction","target":{"@type":"EntryPoint","urlTemplate":"https:\/\/elfsight.com\/pl\/?s={search_term_string}"},"query-input":{"@type":"PropertyValueSpecification","valueRequired":true,"valueName":"search_term_string"}}],"inLanguage":"pl-PL"}]}},"meta_box":{"industry":"","seo_heading":"","heading":"","description":"","cta_heading":"","cta_description":"","application":"2028","h1":"Aplikacja Tabela cen dla BigCommerce","h1_caption":"Przedstaw swoje opcje cenowe w spos\u00f3b jasny i atrakcyjny, pomagaj\u0105c klientom bez wysi\u0142ku wybra\u0107 plan odpowiedni do ich potrzeb w Twojej witrynie BigCommerce.","application_category":[],"applications_title":"","applications_request_title":"","applications_request_button_text":"","hero_text":"","hero_video":"","hero_video_schema_markup":"","selling_points_title":"","selling_points_caption":"","selling_points":[],"selling_points_cta_text":"","features_title":"","features":"","ed_cta_examples_text":"","ed_cta_examples_hidden":"","ed_cta_demo_text":"","ed_cta_demo_hidden":"","why_caption":"","why_editor_title":"","why_editor_text":"","why_team_title":"","why_team_text":"","why_service_title":"","why_service_text":"","template_catalog_visible":"","template_catalog_title":"","template_catalog_text":"","template_catalog_categories_visible":"","demo_title":"Utw\u00f3rz aplikacj\u0119 z tabel\u0105 cen","demo_caption":"Skonfiguruj swoj\u0105 tabel\u0119 cen i dodaj j\u0105 do swojej witryny BigCommerce za darmo!","default_faq_hidden":"","app_template_category":[],"platform":"41","template_public_id":"","codecanyon_url":"","codecanyon_item_id":"","codecanyon_price":"","pricing_caption":"","pricing_elfsight_apps_hide_column":"","pricing_elfsight_apps_url":"","pricing_codecanyon_price_caption":"","integration_category":[],"integration_request_title":"","integration_request_cta":"","integration_platform":"","integrations":[],"platform_category":[],"video_schema_markup":"","price":"od 0 USD \/ miesi\u0105c","trial":"","benefits":[{"text":"Bezp\u0142atna us\u0142uga monta\u017cu"},{"text":"Do\u015bwiadczona obs\u0142uga klienta"},{"text":"14-dniowa gwarancja zwrotu pieni\u0119dzy"}],"button_url":"#demo","button_target_blank":"","button_nofollow":"","attributes":[{"name":"Instaluje"},{"name":"Czu\u0142y"},{"name":"Kompatybilne przegl\u0105darki"}],"tags":[],"tags_disable_links":"","hide_more_platforms":"","video_object":"","demo_hide_cta":"","demo_hide_cloud_options":"","pricing_title":"","pricing":[{"pricing_icon":"platform","pricing_title":"Elfsight Apps","pricing_title_caption":"Wieloplatformowe rozwi\u0105zanie cyfrowe","pricing_price":"od 0 USD \/ miesi\u0105c","pricing_price_caption":"zacznij od bezp\u0142atnego planu","pricing_benefits":[{"text":"Nielimitowane strony internetowe"},{"text":"Dedykowane i terminowe wsparcie"},{"text":"Bezp\u0142atna pomoc w monta\u017cu"},{"text":"Elastyczny projekt"}],"pricing_button_text":"Dodaj do witryny","pricing_button_url":"#demo"}],"related_apps_title":"","related_apps_hidden":"","author":"","image":[],"title":"","job":"","social_networks":[]},"_links":{"self":[{"href":"https:\/\/elfsight.com\/pl\/wp-json\/wp\/v2\/pages\/6125","targetHints":{"allow":["GET"]}}],"collection":[{"href":"https:\/\/elfsight.com\/pl\/wp-json\/wp\/v2\/pages"}],"about":[{"href":"https:\/\/elfsight.com\/pl\/wp-json\/wp\/v2\/types\/page"}],"author":[{"embeddable":true,"href":"https:\/\/elfsight.com\/pl\/wp-json\/wp\/v2\/users\/9"}],"replies":[{"embeddable":true,"href":"https:\/\/elfsight.com\/pl\/wp-json\/wp\/v2\/comments?post=6125"}],"version-history":[{"count":2,"href":"https:\/\/elfsight.com\/pl\/wp-json\/wp\/v2\/pages\/6125\/revisions"}],"predecessor-version":[{"id":7960,"href":"https:\/\/elfsight.com\/pl\/wp-json\/wp\/v2\/pages\/6125\/revisions\/7960"}],"up":[{"embeddable":true,"href":"https:\/\/elfsight.com\/pl\/wp-json\/wp\/v2\/pages\/2029"}],"wp:attachment":[{"href":"https:\/\/elfsight.com\/pl\/wp-json\/wp\/v2\/media?parent=6125"}],"curies":[{"name":"wp","href":"https:\/\/api.w.org\/{rel}","templated":true}]}}