{"id":6119,"date":"1970-01-01T00:00:00","date_gmt":"1970-01-01T00:00:00","guid":{"rendered":"https:\/\/elfsight.com\/pl\/?page_id=6119"},"modified":"2025-06-25T16:27:11","modified_gmt":"2025-06-25T16:27:11","slug":"jquery","status":"publish","type":"page","link":"https:\/\/elfsight.com\/pl\/pricing-table-plugin\/jquery\/","title":{"rendered":"Pricing Table &#8211; jQuery"},"content":{"rendered":"<div class=\"application-platform-content-item-description application-platform-content-item\" id=\"description\" data-nav-section=\"description\">\n<h2>Opis<\/h2>\n<p>Cena odgrywa jedn\u0105 z wiod\u0105cych pozycji w przekonaniu u\u017cytkownik\u00f3w do zam\u00f3wienia. Wtyczka Elfsight nie tylko umo\u017cliwia u\u017cytkownikom witryny szybkie sprawdzenie i por\u00f3wnanie Twoich plan\u00f3w cenowych. Pomaga tak\u017ce zwi\u0119kszy\u0107 konwersj\u0119 poprzez wykorzystanie naj\u015bwie\u017cszych trend\u00f3w w interfejsie i modelowaniu.<\/p>\n<p><b>Wynie\u015b sprzeda\u017c swojej witryny na nowy poziom, korzystaj\u0105c z zaawansowanych cen.<\/b><\/p>\n<ul>\n    <li><b>Przyci\u0105gnij wi\u0119cej klient\u00f3w<\/b>.<br> Wykorzystaj to, co najlepsze z najskuteczniejszych trend\u00f3w w projektowaniu, aby pokona\u0107 wszelkie obawy i niedowierzania, kt\u00f3re powstrzymuj\u0105 ludzi przed zakupem i uzyskanie najlepszej konwersji.<\/li>\n    <li><b>Zach\u0119\u0107 odwiedzaj\u0105cych do dokonania zakupu<\/b>.<br> Wy\u015bwietlaj dane, kt\u00f3rych potrzebuj\u0105 Twoi przyszli odwiedzaj\u0105cy w najprostszy i najskuteczniejszy spos\u00f3b, i poka\u017c im, kt\u00f3ra opcja jest w\u0142a\u015bciwym wyborem.<\/li>\n    <li><b>B\u0142yskawiczne i skuteczne dostosowywanie<\/b>.<br> Dzi\u0119ki ogromnej liczbie ustawie\u0144 umo\u017cliwiaj\u0105cych tworzenie r\u00f3\u017cnego rodzaju cen za pomoc\u0105 kilku klikni\u0119\u0107, znajdziesz taki, kt\u00f3ry b\u0119dzie dla Ciebie najbardziej efektywny.<\/li>\n<\/ul>\n<\/div>\n\n<div class=\"application-platform-content-item-features application-platform-content-item\" id=\"features\" data-nav-section=\"features\">\n<h2>Funkcje<\/h2>\n<p>Funkcje, kt\u00f3re zapewniaj\u0105, \u017ce nasza wtyczka jest najlepsz\u0105 tabel\u0105 cen dla witryn jQuery.<\/p>\n<ul>\n    <li>Minimalny zestaw p\u00f3l do przes\u0142ania opinii: imi\u0119 i nazwisko, adres e-mail, telefon i wiadomo\u015b\u0107;<\/li>\n    <li>Okre\u015bl symbol zast\u0119pczy dla dowolnego pola, na przyk\u0142ad w celu zademonstrowania wymaganego formatu;<\/li>\n    <li>Uk\u0142ad Inline z automatycznym dopasowaniem p\u00f3l do szeroko\u015bci formularza;<\/li>\n    <li>W zestawie 5 styl\u00f3w pola wizualnego: klasyczny, p\u0142aski, materia\u0142owy, klasyczny zaokr\u0105glony, p\u0142aski zaokr\u0105glony;<\/li>\n    <li>Umie\u015b\u0107 dowolne tekst, kt\u00f3rego potrzebujesz przed formularzem w podpisie.<\/li>\n<\/ul>\n<p><a href=\"#demo\">Mo\u017cesz przetestowa\u0107 wszystkie zalety za pomoc\u0105 edytora na \u017cywo<\/a><\/p>\n<\/div>\n\n<div class=\"application-platform-content-item-installation application-platform-content-item\" id=\"installation\" data-nav-section=\"installation\">\n<h2>Jak doda\u0107 Cennik do witryny jQuery<\/h2>\n<p>Poradnik dotycz\u0105cy osadzania wtyczki Elfsight na stronie internetowej. Aby przeprowadzi\u0107 ten proces, nie potrzebujesz wiedzy z zakresu tworzenia stron internetowych ani du\u017cej ilo\u015bci czasu. Tylko 3 szybkie czynno\u015bci i 3 minuty.<\/p>\n<ol>\n    <li><b>Utw\u00f3rz w\u0142asn\u0105 tabel\u0119 cen<\/b>.<br>Przy pomocy naszej bezp\u0142atnej wersji demonstracyjnej utw\u00f3rz wtyczk\u0119 z wymaganym uk\u0142adem i funkcje.<\/li>\n    <li><b>Skopiuj kod integracji wtyczki<\/b>.<br>Po skonfigurowaniu wid\u017cetu odbierz kod wtyczki Formularz kontaktowy z wy\u015bwietlonego okna aplikacji Elfsight.<\/li>\n    <li><b>Wy\u015bwietl wtyczk\u0119 na stronie jQuery<\/b>.<br>Umie\u015b\u0107 wtyczk\u0119 w wymaganym miejscu witryny i zapisz zmiany.<\/li>\n    <li><b>Instalacja zosta\u0142a w pe\u0142ni przeprowadzona<\/b>.<br>Przejd\u017a do swojej witryny i sprawd\u017a swoj\u0105 prac\u0119.<\/li>\n<\/ol>\n<p>Masz problemy z konfiguracj\u0105 wtyczki? Skontaktuj si\u0119 z naszym centrum pomocy i uzyskaj profesjonaln\u0105 pomoc w ka\u017cdej kwestii.<\/p>\n<div class=\"faq\" data-component=\"FAQ\">\n    <div class=\"faq-item\">\r\n\t\t\t\t\t<div class=\"faq-item-question\">\r\n\t\t\t\t\t\t<h3 class=\"faq-item-question-text\">Jak doda\u0107 tabel\u0119 cen do mojej witryny jQuery bez umiej\u0119tno\u015bci kodowania?<\/h3>\r\n\r\n\t\t\t\t\t\t<div class=\"faq-item-question-icon\"><\/div>\r\n\t\t\t\t\t<\/div>\r\n\r\n\t\t\t\t\t<div class=\"faq-item-answer\">\r\n\t\t\t\t\t\t<div class=\"faq-item-answer-text\">\n    <p>Elfsight zapewnia Rozwi\u0105zanie SaaS, kt\u00f3re pozwala samodzielnie utworzy\u0107 wid\u017cet Tabela cen. Przekonaj si\u0119, jak \u0142atwy jest ten proces: Pracuj bezpo\u015brednio w edytorze online, aby utworzy\u0107 wid\u017cet Tabela cen, kt\u00f3ry chcia\u0142by\u015b widzie\u0107 na swojej stronie internetowej jQuery. Wybierz jeden z gotowych szablon\u00f3w i dostosuj ustawienia Tabeli cenowej, dodaj tre\u015b\u0107, zmie\u0144 uk\u0142ad i kolory bez umiej\u0119tno\u015bci kodowania. Zapisz Tabel\u0119 Cenow\u0105 i skopiuj jej kod instalacyjny, kt\u00f3ry mo\u017cesz osadzi\u0107 na swojej stronie jQuery bez konieczno\u015bci zakupu p\u0142atnego planu. Dzi\u0119ki naszemu intuicyjnemu Edytorowi ka\u017cdy u\u017cytkownik Internetu mo\u017ce stworzy\u0107 wid\u017cet Tabela Cen online i \u0142atwo osadzi\u0107 go na swojej stronie internetowej jQuery. Aby uzyska\u0107 dost\u0119p do us\u0142ugi, nie trzeba p\u0142aci\u0107 ani wprowadza\u0107 danych uwierzytelniaj\u0105cych karty. Je\u015bli na kt\u00f3rymkolwiek etapie napotkasz jakiekolwiek problemy, skontaktuj si\u0119 z naszym zespo\u0142em pomocy technicznej.<\/p>\n    <\/div>\r\n\t\t\t\t\t<\/div>\r\n\t\t\t\t<\/div>\n<\/div>\n<\/div>","protected":false},"excerpt":{"rendered":"","protected":false},"author":9,"featured_media":0,"parent":2029,"menu_order":0,"comment_status":"closed","ping_status":"closed","template":"templates\/template-application-platform.php","meta":{"publish_to_discourse":"","publish_post_category":"","wpdc_auto_publish_overridden":"","wpdc_topic_tags":"","wpdc_pin_topic":"","wpdc_pin_until":"","discourse_post_id":"","discourse_permalink":"","wpdc_publishing_response":"","wpdc_publishing_error":"","footnotes":""},"class_list":["post-6119","page","type-page","status-publish","hentry"],"yoast_head":"<!-- This site is optimized with the Yoast SEO plugin v25.3.1 - https:\/\/yoast.com\/wordpress\/plugins\/seo\/ -->\n<title>Wtyczka jQuery Cennik dla Twojej witryny (szybka i \u0142atwa)<\/title>\n<meta name=\"description\" content=\"Zintegruj wtyczk\u0119 Cennik dla jQuery w zaledwie 1 minut\u0119. Wypr\u00f3buj wszystkie najwa\u017cniejsze zalety najlepszej wtyczki cenowej w darmowym edytorze.\" \/>\n<meta name=\"robots\" content=\"index, follow, max-snippet:-1, max-image-preview:large, max-video-preview:-1\" \/>\n<link rel=\"canonical\" href=\"https:\/\/elfsight.com\/pl\/pricing-table-plugin\/jquery\/\" \/>\n<meta property=\"og:locale\" content=\"pl_PL\" \/>\n<meta property=\"og:type\" content=\"article\" \/>\n<meta property=\"og:title\" content=\"Wtyczka jQuery Cennik dla Twojej witryny (szybka i \u0142atwa)\" \/>\n<meta property=\"og:description\" content=\"Zintegruj wtyczk\u0119 Cennik dla jQuery w zaledwie 1 minut\u0119. Wypr\u00f3buj wszystkie najwa\u017cniejsze zalety najlepszej wtyczki cenowej w darmowym edytorze.\" \/>\n<meta property=\"og:url\" content=\"https:\/\/elfsight.com\/pl\/pricing-table-plugin\/jquery\/\" \/>\n<meta property=\"og:site_name\" content=\"Elfsight PL\" \/>\n<meta property=\"article:modified_time\" content=\"2025-06-25T16:27:11+00:00\" \/>\n<meta name=\"twitter:card\" content=\"summary_large_image\" \/>\n<meta name=\"twitter:label1\" content=\"Szacowany czas czytania\" \/>\n\t<meta name=\"twitter:data1\" content=\"3 minuty\" \/>\n<!-- \/ Yoast SEO plugin. -->","yoast_head_json":{"title":"Wtyczka jQuery Cennik dla Twojej witryny (szybka i \u0142atwa)","description":"Zintegruj wtyczk\u0119 Cennik dla jQuery w zaledwie 1 minut\u0119. Wypr\u00f3buj wszystkie najwa\u017cniejsze zalety najlepszej wtyczki cenowej w darmowym edytorze.","robots":{"index":"index","follow":"follow","max-snippet":"max-snippet:-1","max-image-preview":"max-image-preview:large","max-video-preview":"max-video-preview:-1"},"canonical":"https:\/\/elfsight.com\/pl\/pricing-table-plugin\/jquery\/","og_locale":"pl_PL","og_type":"article","og_title":"Wtyczka jQuery Cennik dla Twojej witryny (szybka i \u0142atwa)","og_description":"Zintegruj wtyczk\u0119 Cennik dla jQuery w zaledwie 1 minut\u0119. Wypr\u00f3buj wszystkie najwa\u017cniejsze zalety najlepszej wtyczki cenowej w darmowym edytorze.","og_url":"https:\/\/elfsight.com\/pl\/pricing-table-plugin\/jquery\/","og_site_name":"Elfsight PL","article_modified_time":"2025-06-25T16:27:11+00:00","twitter_card":"summary_large_image","twitter_misc":{"Szacowany czas czytania":"3 minuty"},"schema":{"@context":"https:\/\/schema.org","@graph":[{"@type":"WebPage","@id":"https:\/\/elfsight.com\/pl\/pricing-table-plugin\/jquery\/","url":"https:\/\/elfsight.com\/pl\/pricing-table-plugin\/jquery\/","name":"Wtyczka jQuery Cennik dla Twojej witryny (szybka i \u0142atwa)","isPartOf":{"@id":"https:\/\/elfsight.com\/pl\/#website"},"datePublished":"1970-01-01T00:00:00+00:00","dateModified":"2025-06-25T16:27:11+00:00","description":"Zintegruj wtyczk\u0119 Cennik dla jQuery w zaledwie 1 minut\u0119. Wypr\u00f3buj wszystkie najwa\u017cniejsze zalety najlepszej wtyczki cenowej w darmowym edytorze.","breadcrumb":{"@id":"https:\/\/elfsight.com\/pl\/pricing-table-plugin\/jquery\/#breadcrumb"},"inLanguage":"pl-PL","potentialAction":[{"@type":"ReadAction","target":["https:\/\/elfsight.com\/pl\/pricing-table-plugin\/jquery\/"]}]},{"@type":"BreadcrumbList","@id":"https:\/\/elfsight.com\/pl\/pricing-table-plugin\/jquery\/#breadcrumb","itemListElement":[{"@type":"ListItem","position":1,"name":"Home","item":"https:\/\/elfsight.com\/pl\/"},{"@type":"ListItem","position":2,"name":"Pricing Table","item":"https:\/\/elfsight.com\/pl\/pricing-table-plugin\/"},{"@type":"ListItem","position":3,"name":"Pricing Table &#8211; jQuery"}]},{"@type":"WebSite","@id":"https:\/\/elfsight.com\/pl\/#website","url":"https:\/\/elfsight.com\/pl\/","name":"Elfsight PL","description":"Just another Elfsight Sites site","potentialAction":[{"@type":"SearchAction","target":{"@type":"EntryPoint","urlTemplate":"https:\/\/elfsight.com\/pl\/?s={search_term_string}"},"query-input":{"@type":"PropertyValueSpecification","valueRequired":true,"valueName":"search_term_string"}}],"inLanguage":"pl-PL"}]}},"meta_box":{"industry":"","seo_heading":"","heading":"","description":"","cta_heading":"","cta_description":"","application":"2028","h1":"Wtyczka jQuery Cennik Table","h1_caption":"Przedstaw opcje cenowe w spos\u00f3b jasny i atrakcyjny, pomagaj\u0105c klientom bez wysi\u0142ku wybra\u0107 plan odpowiadaj\u0105cy ich potrzebom w Twojej witrynie jQuery.","application_category":[],"applications_title":"","applications_request_title":"","applications_request_button_text":"","hero_text":"","hero_video":"","hero_video_schema_markup":"","selling_points_title":"","selling_points_caption":"","selling_points":[],"selling_points_cta_text":"","features_title":"","features":"","ed_cta_examples_text":"","ed_cta_examples_hidden":"","ed_cta_demo_text":"","ed_cta_demo_hidden":"","why_caption":"","why_editor_title":"","why_editor_text":"","why_team_title":"","why_team_text":"","why_service_title":"","why_service_text":"","template_catalog_visible":"0","template_catalog_title":"","template_catalog_text":"","template_catalog_categories_visible":"","demo_title":"Utw\u00f3rz wtyczk\u0119 tabeli cen","demo_caption":"Skonfiguruj swoj\u0105 Tabel\u0119 Cen i dodaj j\u0105 do swojej witryny jQuery za darmo!","default_faq_hidden":"","app_template_category":[],"platform":"56","template_public_id":"","codecanyon_url":"","codecanyon_item_id":"","codecanyon_price":"","pricing_caption":"","pricing_elfsight_apps_hide_column":"","pricing_elfsight_apps_url":"","pricing_codecanyon_price_caption":"","integration_category":[],"integration_request_title":"","integration_request_cta":"","integration_platform":"","integrations":[],"platform_category":[],"video_schema_markup":"","price":"od 0 USD \/ miesi\u0105c","trial":"","benefits":[{"text":"Bezp\u0142atna us\u0142uga monta\u017cu"},{"text":"Kompetentna obs\u0142uga klienta"},{"text":"14-dniowa gwarancja zwrotu pieni\u0119dzy"}],"button_url":"#demo","button_target_blank":"0","button_nofollow":"0","attributes":[{"name":"Instaluje"},{"name":"Czu\u0142y"},{"name":"Kompatybilne przegl\u0105darki"}],"tags":[],"tags_disable_links":"0","hide_more_platforms":"0","video_object":"","demo_hide_cta":"0","demo_hide_cloud_options":"0","pricing_title":"","pricing":[{"pricing_icon":"platform","pricing_title":"Elfsight Apps","pricing_title_caption":"Oprogramowanie wieloplatformowe, kt\u00f3re dzia\u0142a na dowolnej witrynie","pricing_price":"od 0 USD \/ miesi\u0105c","pricing_price_caption":"zacznij od bezp\u0142atnego planu","pricing_benefits":[{"text":"Nielimitowane strony internetowe"},{"text":"Bezp\u0142atna obs\u0142uga klienta i dobrze udokumentowana"},{"text":"Bezp\u0142atna us\u0142uga monta\u017cu"},{"text":"Elastyczny projekt"}],"pricing_button_text":"Dodaj do witryny","pricing_button_url":"#demo"}],"related_apps_title":"","related_apps_hidden":"0","author":"","image":[],"title":"","job":"","social_networks":[]},"_links":{"self":[{"href":"https:\/\/elfsight.com\/pl\/wp-json\/wp\/v2\/pages\/6119","targetHints":{"allow":["GET"]}}],"collection":[{"href":"https:\/\/elfsight.com\/pl\/wp-json\/wp\/v2\/pages"}],"about":[{"href":"https:\/\/elfsight.com\/pl\/wp-json\/wp\/v2\/types\/page"}],"author":[{"embeddable":true,"href":"https:\/\/elfsight.com\/pl\/wp-json\/wp\/v2\/users\/9"}],"replies":[{"embeddable":true,"href":"https:\/\/elfsight.com\/pl\/wp-json\/wp\/v2\/comments?post=6119"}],"version-history":[{"count":2,"href":"https:\/\/elfsight.com\/pl\/wp-json\/wp\/v2\/pages\/6119\/revisions"}],"predecessor-version":[{"id":10523,"href":"https:\/\/elfsight.com\/pl\/wp-json\/wp\/v2\/pages\/6119\/revisions\/10523"}],"up":[{"embeddable":true,"href":"https:\/\/elfsight.com\/pl\/wp-json\/wp\/v2\/pages\/2029"}],"wp:attachment":[{"href":"https:\/\/elfsight.com\/pl\/wp-json\/wp\/v2\/media?parent=6119"}],"curies":[{"name":"wp","href":"https:\/\/api.w.org\/{rel}","templated":true}]}}