{"id":6118,"date":"1970-01-01T00:00:00","date_gmt":"1970-01-01T00:00:00","guid":{"rendered":"https:\/\/elfsight.com\/pl\/?page_id=6118"},"modified":"2024-11-14T12:39:55","modified_gmt":"2024-11-14T12:39:55","slug":"elementor","status":"publish","type":"page","link":"https:\/\/elfsight.com\/pl\/pricing-table-plugin\/elementor\/","title":{"rendered":"Pricing Table &#8211; Elementor"},"content":{"rendered":"<div class=\"application-platform-content-item-description application-platform-content-item\" id=\"description\" data-nav-section=\"description\"><h2>Osad\u017a tabel\u0119 cen na Elementorze za pomoc\u0105 wid\u017cetu Elfsight<\/h2><p>Ceny odgrywaj\u0105 jedn\u0105 z podstawowych r\u00f3l w zach\u0119caniu u\u017cytkownik\u00f3w do zakupu. Wtyczka Elfsight nie tylko pozwala u\u017cytkownikom serwisu b\u0142yskawicznie pozna\u0107 i por\u00f3wna\u0107 dost\u0119pne taryfy cenowe. Przyczynia si\u0119 tak\u017ce do zwi\u0119kszenia konwersji dzi\u0119ki naj\u015bwie\u017cszym trendom w projektowaniu.<\/p><p><b>Przenie\u015b sprzeda\u017c swojej witryny na inny etap, korzystaj\u0105c z inteligentnej wyceny.<\/b><\/p> <p><b>Zdob\u0105d\u017a wi\u0119cej klient\u00f3w<\/b><br> Wykorzystaj wszystkie najnowsze trendy w projektowaniu interfejsu, aby obali\u0107 wszelkie mo\u017cliwe b\u0142\u0119dne przekonania, jakie mo\u017ce mie\u0107 u\u017cytkownik podczas podejmowania krok\u00f3w zakupowych.<\/p><p><b>Pom\u00f3\u017c odwiedzaj\u0105cym dokona\u0107 zakupu<\/b><br> Wy\u015bwietlaj w najprostszy i najskuteczniejszy spos\u00f3b informacje, kt\u00f3rych szukaj\u0105 Twoi prawdopodobni odwiedzaj\u0105cy, i przekonuj ich do podj\u0119cia w 100% w\u0142a\u015bciwej decyzji.<\/p><p><b>Natychmiastowe i sprawn\u0105 personalizacj\u0119<\/b><br> Maj\u0105c szerok\u0105 gam\u0119 opcji pozwalaj\u0105cych ustawi\u0107 r\u00f3\u017cnego rodzaju ceny ju\u017c za 3 klikni\u0119cia, znajdziesz tak\u0105, kt\u00f3ra b\u0119dzie dla Ciebie absolutnie skuteczna.<\/p><\/div> <div class=\"application-platform-content-item-features application-platform-content-item\" id=\"features\" data-nav-section=\"features\"><h2>G\u0142\u00f3wne cechy wid\u017cetu Tabela cen<\/h2><p>Najwa\u017cniejsze funkcje, kt\u00f3re czyni\u0105 nasz\u0105 wtyczk\u0119 najlepsz\u0105 Tabel\u0105 cen dla witryn Elementor.<\/p><ul><li>6 predefiniowanych element\u00f3w kolumn, kt\u00f3re mo\u017cna uk\u0142ada\u0107 i dostosowywa\u0107 w celu uzyskania idealnego wygl\u0105du;<\/li><li>Lista regulowanych funkcji wraz z ikonami funkcji, wskaz\u00f3wkami i nieograniczon\u0105 liczb\u0105 funkcji;<\/li><li>Lista ka\u017cdej kolumny elementy kolorystyczne mo\u017cna indywidualnie dostosowywa\u0107;<\/li><li>Mo\u017cliwo\u015b\u0107 dostosowania promienia i szeroko\u015bci obramowania przycisku;<\/li><li>Uk\u0142ad zoptymalizowany pod k\u0105tem urz\u0105dze\u0144 mobilnych.<\/li><\/ul><p><a href=\"#demo \">Mo\u017cesz wypr\u00f3bowa\u0107 wszystkie funkcje za pomoc\u0105 naszego edytora na \u017cywo<\/a><\/p><\/div><div class=\"application-platform-content-item-installation application-platform-content-item\" id=\"installation\" data-nav-section=\"installation\"><h2>Jak doda\u0107 tabel\u0119 cen do witryny Elementora<\/h2><div class=\"video-container\"><iframe width=\"720\" height=\"405\" src=\"https:\/\/www.youtube.com\/embed\/2iatWQq7jI0\" frameborder=\"0\" allowfullscreen=\"\"><\/iframe> <\/div><p>Sprawd\u017a t\u0119 kr\u00f3tk\u0105 instrukcj\u0119, aby zainstalowa\u0107 nasz\u0105 wtyczk\u0119 na swojej stronie internetowej. Aby to osi\u0105gn\u0105\u0107, nie potrzebujesz kompetencji programistycznych ani du\u017cej ilo\u015bci czasu. Tylko kilka prostych czynno\u015bci i dwie, trzy minuty.<\/p><ol><li><b>Utw\u00f3rz swoj\u0105 osobist\u0105 tabel\u0119 cen<\/b><br> Korzystaj\u0105c z naszej bezp\u0142atnej wersji demonstracyjnej, wygeneruj wtyczk\u0119 z wybranym uk\u0142adem i opcjami .<\/li> <li><b>Zdob\u0105d\u017a unikalny kod do dodania wtyczki<\/b><br> Po skonfigurowaniu wid\u017cetu zdob\u0105d\u017a unikalny kod instalacyjny wtyczki Pricing z pojawiaj\u0105cego si\u0119 okna aplikacji Elfsight. <\/li><li><b>Poka\u017c wtyczk\u0119 na stronie Elementora<\/b><br> Wybierz miejsce, w kt\u00f3rym chcesz wstawi\u0107 wtyczk\u0119, wklej tam kod instalacyjny i opublikuj zmiany.<\/li><li><b>Instalacja zosta\u0142a zako\u0144czona<\/b><br> Przejd\u017a do swojej witryny, aby zobaczy\u0107 sw\u00f3j wid\u017cet.<\/li><\/ol><p>Masz problemy z konfiguracj\u0105 wtyczki? Skontaktuj si\u0119 z naszym centrum pomocy, pomo\u017cemy w ka\u017cdym problemie!<\/p><div class=\"faq\" data-component=\"FAQ\"> <div class=\"faq-item\">\r\n\t\t\t\t\t<div class=\"faq-item-question\">\r\n\t\t\t\t\t\t<h3 class=\"faq-item-question-text\">Jak mog\u0119 doda\u0107 tabel\u0119 cen do mojej witryny Elementor bez umiej\u0119tno\u015bci kodowania? <\/h3>\r\n\r\n\t\t\t\t\t\t<div class=\"faq-item-question-icon\"><\/div>\r\n\t\t\t\t\t<\/div>\r\n\r\n\t\t\t\t\t<div class=\"faq-item-answer\">\r\n\t\t\t\t\t\t<div class=\"faq-item-answer-text\"> <p>Elfsight zapewnia Rozwi\u0105zanie SaaS, kt\u00f3re pozwala samodzielnie utworzy\u0107 wid\u017cet Tabela cen, przekonaj si\u0119, jak \u0142atwy jest ten proces: Pracuj bezpo\u015brednio w edytorze online, aby utworzy\u0107 wid\u017cet tabeli cen, kt\u00f3ry chcesz zobaczy\u0107 na swojej stronie internetowej Elementor. Wybierz jeden z gotowych szablon\u00f3w i dostosuj ustawienia Tabeli cenowej, dodaj tre\u015b\u0107, zmie\u0144 uk\u0142ad i kolory bez umiej\u0119tno\u015bci kodowania. Zapisz Tabel\u0119 Cenow\u0105 i skopiuj jej kod instalacyjny, kt\u00f3ry mo\u017cesz bez problemu wklei\u0107 na swojej stronie Elementora, bez konieczno\u015bci kupowania p\u0142atnego planu. Dzi\u0119ki naszemu intuicyjnemu Edytorowi ka\u017cdy u\u017cytkownik Internetu mo\u017ce stworzy\u0107 wid\u017cet Tabela Cen online i \u0142atwo osadzi\u0107 go na swojej stronie internetowej Elementor. Aby uzyska\u0107 dost\u0119p do us\u0142ugi, nie trzeba p\u0142aci\u0107 ani wprowadza\u0107 danych uwierzytelniaj\u0105cych karty. Je\u015bli na kt\u00f3rymkolwiek etapie napotkasz jakiekolwiek problemy, skontaktuj si\u0119 z naszym zespo\u0142em pomocy technicznej.<\/p> <\/div>\r\n\t\t\t\t\t<\/div>\r\n\t\t\t\t<\/div> <\/div> <\/div>","protected":false},"excerpt":{"rendered":"","protected":false},"author":9,"featured_media":0,"parent":2029,"menu_order":0,"comment_status":"closed","ping_status":"closed","template":"templates\/template-application-platform.php","meta":{"publish_to_discourse":"","publish_post_category":"","wpdc_auto_publish_overridden":"","wpdc_topic_tags":"","wpdc_pin_topic":"","wpdc_pin_until":"","discourse_post_id":"","discourse_permalink":"","wpdc_publishing_response":"","wpdc_publishing_error":"","footnotes":""},"class_list":["post-6118","page","type-page","status-publish","hentry"],"yoast_head":"<!-- This site is optimized with the Yoast SEO plugin v25.3.1 - https:\/\/yoast.com\/wordpress\/plugins\/seo\/ -->\n<title>Widget Tabela cen dla witryny Elementor (2025)<\/title>\n<meta name=\"description\" content=\"Zdob\u0105d\u017a wtyczk\u0119 Cennik dla Elementora w zaledwie 3 minuty. Wypr\u00f3buj wszystkie najwa\u017cniejsze zalety najlepszej wtyczki cenowej w darmowym panelu.\" \/>\n<meta name=\"robots\" content=\"index, follow, max-snippet:-1, max-image-preview:large, max-video-preview:-1\" \/>\n<link rel=\"canonical\" href=\"https:\/\/elfsight.com\/pl\/pricing-table-plugin\/elementor\/\" \/>\n<meta property=\"og:locale\" content=\"pl_PL\" \/>\n<meta property=\"og:type\" content=\"article\" \/>\n<meta property=\"og:title\" content=\"Widget Tabela cen dla witryny Elementor (2025)\" \/>\n<meta property=\"og:description\" content=\"Zdob\u0105d\u017a wtyczk\u0119 Cennik dla Elementora w zaledwie 3 minuty. Wypr\u00f3buj wszystkie najwa\u017cniejsze zalety najlepszej wtyczki cenowej w darmowym panelu.\" \/>\n<meta property=\"og:url\" content=\"https:\/\/elfsight.com\/pl\/pricing-table-plugin\/elementor\/\" \/>\n<meta property=\"og:site_name\" content=\"Elfsight PL\" \/>\n<meta property=\"article:modified_time\" content=\"2024-11-14T12:39:55+00:00\" \/>\n<meta name=\"twitter:card\" content=\"summary_large_image\" \/>\n<meta name=\"twitter:label1\" content=\"Szacowany czas czytania\" \/>\n\t<meta name=\"twitter:data1\" content=\"3 minuty\" \/>\n<!-- \/ Yoast SEO plugin. -->","yoast_head_json":{"title":"Widget Tabela cen dla witryny Elementor (2025)","description":"Zdob\u0105d\u017a wtyczk\u0119 Cennik dla Elementora w zaledwie 3 minuty. Wypr\u00f3buj wszystkie najwa\u017cniejsze zalety najlepszej wtyczki cenowej w darmowym panelu.","robots":{"index":"index","follow":"follow","max-snippet":"max-snippet:-1","max-image-preview":"max-image-preview:large","max-video-preview":"max-video-preview:-1"},"canonical":"https:\/\/elfsight.com\/pl\/pricing-table-plugin\/elementor\/","og_locale":"pl_PL","og_type":"article","og_title":"Widget Tabela cen dla witryny Elementor (2025)","og_description":"Zdob\u0105d\u017a wtyczk\u0119 Cennik dla Elementora w zaledwie 3 minuty. Wypr\u00f3buj wszystkie najwa\u017cniejsze zalety najlepszej wtyczki cenowej w darmowym panelu.","og_url":"https:\/\/elfsight.com\/pl\/pricing-table-plugin\/elementor\/","og_site_name":"Elfsight PL","article_modified_time":"2024-11-14T12:39:55+00:00","twitter_card":"summary_large_image","twitter_misc":{"Szacowany czas czytania":"3 minuty"},"schema":{"@context":"https:\/\/schema.org","@graph":[{"@type":"WebPage","@id":"https:\/\/elfsight.com\/pl\/pricing-table-plugin\/elementor\/","url":"https:\/\/elfsight.com\/pl\/pricing-table-plugin\/elementor\/","name":"Widget Tabela cen dla witryny Elementor (2025)","isPartOf":{"@id":"https:\/\/elfsight.com\/pl\/#website"},"datePublished":"1970-01-01T00:00:00+00:00","dateModified":"2024-11-14T12:39:55+00:00","description":"Zdob\u0105d\u017a wtyczk\u0119 Cennik dla Elementora w zaledwie 3 minuty. Wypr\u00f3buj wszystkie najwa\u017cniejsze zalety najlepszej wtyczki cenowej w darmowym panelu.","breadcrumb":{"@id":"https:\/\/elfsight.com\/pl\/pricing-table-plugin\/elementor\/#breadcrumb"},"inLanguage":"pl-PL","potentialAction":[{"@type":"ReadAction","target":["https:\/\/elfsight.com\/pl\/pricing-table-plugin\/elementor\/"]}]},{"@type":"BreadcrumbList","@id":"https:\/\/elfsight.com\/pl\/pricing-table-plugin\/elementor\/#breadcrumb","itemListElement":[{"@type":"ListItem","position":1,"name":"Home","item":"https:\/\/elfsight.com\/pl\/"},{"@type":"ListItem","position":2,"name":"Pricing Table","item":"https:\/\/elfsight.com\/pl\/pricing-table-plugin\/"},{"@type":"ListItem","position":3,"name":"Pricing Table &#8211; Elementor"}]},{"@type":"WebSite","@id":"https:\/\/elfsight.com\/pl\/#website","url":"https:\/\/elfsight.com\/pl\/","name":"Elfsight PL","description":"Just another Elfsight Sites site","potentialAction":[{"@type":"SearchAction","target":{"@type":"EntryPoint","urlTemplate":"https:\/\/elfsight.com\/pl\/?s={search_term_string}"},"query-input":{"@type":"PropertyValueSpecification","valueRequired":true,"valueName":"search_term_string"}}],"inLanguage":"pl-PL"}]}},"meta_box":{"industry":"","seo_heading":"","heading":"","description":"","cta_heading":"","cta_description":"","application":"2028","h1":"Tabela cen Elementora","h1_caption":"Przedstaw opcje cenowe w jasny i atrakcyjny spos\u00f3b, pomagaj\u0105c klientom w \u0142atwym wyborze planu odpowiadaj\u0105cego ich potrzebom w Twojej witrynie Elementor.","application_category":[],"applications_title":"","applications_request_title":"","applications_request_button_text":"","hero_text":"","hero_video":"","hero_video_schema_markup":"","selling_points_title":"","selling_points_caption":"","selling_points":[],"selling_points_cta_text":"","features_title":"","features":"","ed_cta_examples_text":"","ed_cta_examples_hidden":"","ed_cta_demo_text":"","ed_cta_demo_hidden":"","why_caption":"","why_editor_title":"","why_editor_text":"","why_team_title":"","why_team_text":"","why_service_title":"","why_service_text":"","template_catalog_visible":"","template_catalog_title":"","template_catalog_text":"","template_catalog_categories_visible":"","demo_title":"Utw\u00f3rz wid\u017cet Tabela cen","demo_caption":"Skonfiguruj swoj\u0105 Tabel\u0119 Cen i dodaj j\u0105 do swojej witryny Elementor za darmo!","default_faq_hidden":"","app_template_category":[],"platform":"268","template_public_id":"","codecanyon_url":"","codecanyon_item_id":"","codecanyon_price":"","pricing_caption":"","pricing_elfsight_apps_hide_column":"","pricing_elfsight_apps_url":"","pricing_codecanyon_price_caption":"","integration_category":[],"integration_request_title":"","integration_request_cta":"","integration_platform":"","integrations":[],"platform_category":[],"video_schema_markup":"","price":"od 0 USD \/ miesi\u0105c","trial":"","benefits":[{"text":"Bezp\u0142atna us\u0142uga monta\u017cu"},{"text":"Wyj\u0105tkowe wsparcie"},{"text":"14-dniowa gwarancja zwrotu pieni\u0119dzy"}],"button_url":"#demo","button_target_blank":"","button_nofollow":"","attributes":[{"name":"Instaluje"},{"name":"Czu\u0142y"},{"name":"Kompatybilne przegl\u0105darki"}],"tags":[],"tags_disable_links":"","hide_more_platforms":"","video_object":"","demo_hide_cta":"","demo_hide_cloud_options":"","pricing_title":"","pricing":[{"pricing_icon":"platform","pricing_title":"Elfsight Apps","pricing_title_caption":"Oprogramowanie wieloplatformowe","pricing_price":"od 0 USD \/ miesi\u0105c","pricing_price_caption":"zacznij od bezp\u0142atnego planu","pricing_benefits":[{"text":"Nielimitowane strony internetowe"},{"text":"Profesjonalne wsparcie firmy"},{"text":"Bezp\u0142atna pomoc w instalacji"},{"text":"Specjalna oferta na wiele aplikacji"}],"pricing_button_text":"Dodaj do witryny","pricing_button_url":"#demo"}],"related_apps_title":"","related_apps_hidden":"","author":"","image":[],"title":"","job":"","social_networks":[]},"_links":{"self":[{"href":"https:\/\/elfsight.com\/pl\/wp-json\/wp\/v2\/pages\/6118","targetHints":{"allow":["GET"]}}],"collection":[{"href":"https:\/\/elfsight.com\/pl\/wp-json\/wp\/v2\/pages"}],"about":[{"href":"https:\/\/elfsight.com\/pl\/wp-json\/wp\/v2\/types\/page"}],"author":[{"embeddable":true,"href":"https:\/\/elfsight.com\/pl\/wp-json\/wp\/v2\/users\/9"}],"replies":[{"embeddable":true,"href":"https:\/\/elfsight.com\/pl\/wp-json\/wp\/v2\/comments?post=6118"}],"version-history":[{"count":2,"href":"https:\/\/elfsight.com\/pl\/wp-json\/wp\/v2\/pages\/6118\/revisions"}],"predecessor-version":[{"id":7959,"href":"https:\/\/elfsight.com\/pl\/wp-json\/wp\/v2\/pages\/6118\/revisions\/7959"}],"up":[{"embeddable":true,"href":"https:\/\/elfsight.com\/pl\/wp-json\/wp\/v2\/pages\/2029"}],"wp:attachment":[{"href":"https:\/\/elfsight.com\/pl\/wp-json\/wp\/v2\/media?parent=6118"}],"curies":[{"name":"wp","href":"https:\/\/api.w.org\/{rel}","templated":true}]}}