{"id":6117,"date":"1970-01-01T00:00:00","date_gmt":"1970-01-01T00:00:00","guid":{"rendered":"https:\/\/elfsight.com\/pl\/?page_id=6117"},"modified":"2025-06-25T16:27:49","modified_gmt":"2025-06-25T16:27:49","slug":"iframe","status":"publish","type":"page","link":"https:\/\/elfsight.com\/pl\/pricing-table-plugin\/iframe\/","title":{"rendered":"Pricing Table &#8211; iFrame"},"content":{"rendered":"<div class=\"application-platform-content-item-description application-platform-content-item\" id=\"description\" data-nav-section=\"description\">\n<h2>Osad\u017a tabel\u0119 cen w iFrame za pomoc\u0105 wid\u017cetu Elfsight<\/h2>\n<p>Ceny odgrywaj\u0105 jedn\u0105 z najwa\u017cniejszych r\u00f3l w zach\u0119caniu odwiedzaj\u0105cych do sk\u0142adania zam\u00f3wie\u0144. Wtyczka naszego zespo\u0142u nie tylko pozwala klientom strony zobaczy\u0107 i por\u00f3wna\u0107 dost\u0119pne plany cenowe. Przyczynia si\u0119 r\u00f3wnie\u017c do poprawy konwersji dzi\u0119ki najnowocze\u015bniejszym technikom interfejsu i konfiguracji.<\/p>\n<p><b>Przenie\u015b sprzeda\u017c swojej witryny na inny etap, za pomoc\u0105 pot\u0119\u017cnej wyceny.<\/b><\/p>\n<p><b>Przyci\u0105gnij wi\u0119cej klient\u00f3w<\/b><br>Wykorzystaj to, co najlepsze z najnowszych trend\u00f3w projektowych, aby pokona\u0107 wszelkie podejrzenia klient\u00f3w podczas podejmowania decyzji o zakupie i uzyska\u0107 najwy\u017csz\u0105 konwersj\u0119.<\/p>\n<p><b>Pom\u00f3\u017c klientom dokona\u0107 zakupu<\/b><br>Przedstaw najja\u015bniej i najskuteczniej wszystkie informacje, kt\u00f3rych szukaj\u0105 Twoi potencjalni u\u017cytkownicy, i pom\u00f3\u017c im dokona\u0107 w\u0142a\u015bciwego wyboru.<\/p>\n<p><b>Szybka i sprawna personalizacja<\/b><br>Dzi\u0119ki szerokiej liczbie ustawie\u0144 pozwalaj\u0105cych stworzy\u0107 wszystkie mo\u017cliwe zestawy cenowe w zaledwie 3 krokach, otrzymasz taki, kt\u00f3ry b\u0119dzie dla Ciebie absolutnie efektywny.<\/p>\n<\/div>\n\n<div class=\"application-platform-content-item-features application-platform-content-item\" id=\"features\" data-nav-section=\"features\">\n<h2>G\u0142\u00f3wne cechy wid\u017cetu Tabela cen<\/h2>\n<p>Sprawd\u017a cechy, kt\u00f3re sprawiaj\u0105, \u017ce nasza wtyczka staje si\u0119 najlepsz\u0105 Tabel\u0105 cen dla witryn iFrame.<\/p>\n<ul>\n    <li>5 predefiniowanych sk\u00f3rek o r\u00f3\u017cnych schematach kolor\u00f3w;<\/li>\n    <li>6 wbudowanych element\u00f3w kolumn, kt\u00f3re mo\u017cna uk\u0142ada\u0107 i dostosowywa\u0107 tak, aby uzyska\u0107 idealny wygl\u0105d;<\/li>\n    <li>Wyr\u00f3\u017cnij ka\u017cd\u0105 kolumn\u0119;<\/li>\n    <li>Elementy kolorystyczne ka\u017cdej kolumny mo\u017cna indywidualnie dostosowa\u0107.<\/li>\n<\/ul>\n<p><a href=\"#demo\">Mo\u017cesz wypr\u00f3bowa\u0107 wszystkie zalety w wersji demonstracyjnej na \u017cywo<\/a><\/p>\n<\/div>\n\n<div class=\"application-platform-content-item-installation application-platform-content-item\" id=\"installation\" data-nav-section=\"installation\">\n<h2>Jak doda\u0107 wtyczk\u0119 Cennik do witryny iFrame<\/h2>\n<p>Oto kr\u00f3tki przewodnik na temat osadzania naszej wtyczki. Aby przeprowadzi\u0107 ten proces, nie b\u0119dziesz potrzebowa\u0107 kompetencji w tworzeniu stron internetowych ani du\u017cej ilo\u015bci czasu. Tylko 3 proste czynno\u015bci i 3 minuty.<\/p>\n<ol>\n    <li><b>Stw\u00f3rz w\u0142asn\u0105 wtyczk\u0119 cenow\u0105<\/b><br> Za pomoc\u0105 naszego bezp\u0142atnego konfiguratora skonfiguruj wtyczk\u0119 o preferowanym wygl\u0105dzie i funkcjach. <\/li>\n    <li><b>Skopiuj kod osobisty, aby wy\u015bwietli\u0107 wtyczk\u0119<\/b><br> Po utworzeniu wtyczki otrzymasz sw\u00f3j osobisty kod z powiadomienia, kt\u00f3re pojawi si\u0119 w aplikacji Elfsight. Skopiuj go do wykorzystania w przysz\u0142o\u015bci. <\/li>\n    <li><b>Wy\u015bwietl wtyczk\u0119 na swojej stronie iFrame<\/b><br> Wybierz obszar, w kt\u00f3rym chcesz wy\u015bwietli\u0107 wtyczk\u0119 i wstaw tam zapisany kod. Zastosuj zmiany. <\/li>\n    <li><b>Instalacja zosta\u0142a zako\u0144czona<\/b><br> Przejd\u017a do witryny, aby zobaczy\u0107 swoje referencje. <\/li>\n<\/ol>\n<p>Napotka\u0142e\u015b problemy podczas konfigurowania wtyczki? Zobacz nasz\u0105 pe\u0142n\u0105 instrukcj\u0119 \u00abJak doda\u0107 tabel\u0119 cen do ramki iFrame\u00bb lub skontaktuj si\u0119 z naszym centrum pomocy, kt\u00f3re z \u0142atwo\u015bci\u0105 rozwi\u0105\u017ce ka\u017cdy Tw\u00f3j problem.<\/p>\n<div class=\"faq\" data-component=\"FAQ\">\n    <div class=\"faq-item\">\r\n\t\t\t\t\t<div class=\"faq-item-question\">\r\n\t\t\t\t\t\t<h3 class=\"faq-item-question-text\">Jak doda\u0107 tabel\u0119 cen do mojej ramki iFrame stron\u0119 internetow\u0105 bez umiej\u0119tno\u015bci kodowania?<\/h3>\r\n\r\n\t\t\t\t\t\t<div class=\"faq-item-question-icon\"><\/div>\r\n\t\t\t\t\t<\/div>\r\n\r\n\t\t\t\t\t<div class=\"faq-item-answer\">\r\n\t\t\t\t\t\t<div class=\"faq-item-answer-text\">\n    <p>Elfsight zapewnia rozwi\u0105zanie SaaS, kt\u00f3re pozwala samodzielnie utworzy\u0107 wid\u017cet Tabeli cenowej. Zobacz, jak \u0142atwy jest ten proces: Pracuj bezpo\u015brednio w edytorze online, aby utworzy\u0107 wid\u017cet Tabeli cenowej, w kt\u00f3rym chcesz go zobaczy\u0107 swoj\u0105 witryn\u0119 iFrame. Wybierz jeden z gotowych szablon\u00f3w i dostosuj ustawienia Tabeli cen, dodaj tre\u015b\u0107, zmie\u0144 uk\u0142ad i kolory bez umiej\u0119tno\u015bci kodowania. Zapisz Tabel\u0119 cenow\u0105 i skopiuj jej kod instalacyjny, kt\u00f3ry mo\u017cesz po prostu osadzi\u0107 na swojej stronie iFrame bez konieczno\u015bci kupowania wersji p\u0142atnej. Dzi\u0119ki naszemu intuicyjnemu edytorowi ka\u017cdy u\u017cytkownik Internetu mo\u017ce stworzy\u0107 wid\u017cet Tabela cen online i \u0142atwo osadzi\u0107 go na swojej stronie internetowej iFrame. Aby uzyska\u0107 dost\u0119p do us\u0142ugi, nie trzeba p\u0142aci\u0107 ani wprowadza\u0107 danych uwierzytelniaj\u0105cych karty. Je\u015bli na kt\u00f3rymkolwiek etapie napotkasz jakiekolwiek problemy, skontaktuj si\u0119 z naszym zespo\u0142em pomocy technicznej.<\/p>\n    <\/div>\r\n\t\t\t\t\t<\/div>\r\n\t\t\t\t<\/div>\n<\/div>\n<\/div>","protected":false},"excerpt":{"rendered":"","protected":false},"author":9,"featured_media":0,"parent":2029,"menu_order":0,"comment_status":"closed","ping_status":"closed","template":"templates\/template-application-platform.php","meta":{"publish_to_discourse":"","publish_post_category":"","wpdc_auto_publish_overridden":"","wpdc_topic_tags":"","wpdc_pin_topic":"","wpdc_pin_until":"","discourse_post_id":"","discourse_permalink":"","wpdc_publishing_response":"","wpdc_publishing_error":"","footnotes":""},"class_list":["post-6117","page","type-page","status-publish","hentry"],"yoast_head":"<!-- This site is optimized with the Yoast SEO plugin v25.3.1 - https:\/\/yoast.com\/wordpress\/plugins\/seo\/ -->\n<title>Wtyczka iFrame Cennik na Twoj\u0105 stron\u0119 internetow\u0105 (bezp\u0142atna i szybka)<\/title>\n<meta name=\"description\" content=\"Zainstaluj wtyczk\u0119 Cennik dla iFrame w zaledwie 1 minut\u0119. Wypr\u00f3buj wszystkie kluczowe cechy najlepszej wtyczki cenowej w darmowym edytorze.\" \/>\n<meta name=\"robots\" content=\"index, follow, max-snippet:-1, max-image-preview:large, max-video-preview:-1\" \/>\n<link rel=\"canonical\" href=\"https:\/\/elfsight.com\/pl\/pricing-table-plugin\/iframe\/\" \/>\n<meta property=\"og:locale\" content=\"pl_PL\" \/>\n<meta property=\"og:type\" content=\"article\" \/>\n<meta property=\"og:title\" content=\"Wtyczka iFrame Cennik na Twoj\u0105 stron\u0119 internetow\u0105 (bezp\u0142atna i szybka)\" \/>\n<meta property=\"og:description\" content=\"Zainstaluj wtyczk\u0119 Cennik dla iFrame w zaledwie 1 minut\u0119. Wypr\u00f3buj wszystkie kluczowe cechy najlepszej wtyczki cenowej w darmowym edytorze.\" \/>\n<meta property=\"og:url\" content=\"https:\/\/elfsight.com\/pl\/pricing-table-plugin\/iframe\/\" \/>\n<meta property=\"og:site_name\" content=\"Elfsight PL\" \/>\n<meta property=\"article:modified_time\" content=\"2025-06-25T16:27:49+00:00\" \/>\n<meta name=\"twitter:card\" content=\"summary_large_image\" \/>\n<meta name=\"twitter:label1\" content=\"Szacowany czas czytania\" \/>\n\t<meta name=\"twitter:data1\" content=\"3 minuty\" \/>\n<!-- \/ Yoast SEO plugin. -->","yoast_head_json":{"title":"Wtyczka iFrame Cennik na Twoj\u0105 stron\u0119 internetow\u0105 (bezp\u0142atna i szybka)","description":"Zainstaluj wtyczk\u0119 Cennik dla iFrame w zaledwie 1 minut\u0119. Wypr\u00f3buj wszystkie kluczowe cechy najlepszej wtyczki cenowej w darmowym edytorze.","robots":{"index":"index","follow":"follow","max-snippet":"max-snippet:-1","max-image-preview":"max-image-preview:large","max-video-preview":"max-video-preview:-1"},"canonical":"https:\/\/elfsight.com\/pl\/pricing-table-plugin\/iframe\/","og_locale":"pl_PL","og_type":"article","og_title":"Wtyczka iFrame Cennik na Twoj\u0105 stron\u0119 internetow\u0105 (bezp\u0142atna i szybka)","og_description":"Zainstaluj wtyczk\u0119 Cennik dla iFrame w zaledwie 1 minut\u0119. Wypr\u00f3buj wszystkie kluczowe cechy najlepszej wtyczki cenowej w darmowym edytorze.","og_url":"https:\/\/elfsight.com\/pl\/pricing-table-plugin\/iframe\/","og_site_name":"Elfsight PL","article_modified_time":"2025-06-25T16:27:49+00:00","twitter_card":"summary_large_image","twitter_misc":{"Szacowany czas czytania":"3 minuty"},"schema":{"@context":"https:\/\/schema.org","@graph":[{"@type":"WebPage","@id":"https:\/\/elfsight.com\/pl\/pricing-table-plugin\/iframe\/","url":"https:\/\/elfsight.com\/pl\/pricing-table-plugin\/iframe\/","name":"Wtyczka iFrame Cennik na Twoj\u0105 stron\u0119 internetow\u0105 (bezp\u0142atna i szybka)","isPartOf":{"@id":"https:\/\/elfsight.com\/pl\/#website"},"datePublished":"1970-01-01T00:00:00+00:00","dateModified":"2025-06-25T16:27:49+00:00","description":"Zainstaluj wtyczk\u0119 Cennik dla iFrame w zaledwie 1 minut\u0119. Wypr\u00f3buj wszystkie kluczowe cechy najlepszej wtyczki cenowej w darmowym edytorze.","breadcrumb":{"@id":"https:\/\/elfsight.com\/pl\/pricing-table-plugin\/iframe\/#breadcrumb"},"inLanguage":"pl-PL","potentialAction":[{"@type":"ReadAction","target":["https:\/\/elfsight.com\/pl\/pricing-table-plugin\/iframe\/"]}]},{"@type":"BreadcrumbList","@id":"https:\/\/elfsight.com\/pl\/pricing-table-plugin\/iframe\/#breadcrumb","itemListElement":[{"@type":"ListItem","position":1,"name":"Home","item":"https:\/\/elfsight.com\/pl\/"},{"@type":"ListItem","position":2,"name":"Pricing Table","item":"https:\/\/elfsight.com\/pl\/pricing-table-plugin\/"},{"@type":"ListItem","position":3,"name":"Pricing Table &#8211; iFrame"}]},{"@type":"WebSite","@id":"https:\/\/elfsight.com\/pl\/#website","url":"https:\/\/elfsight.com\/pl\/","name":"Elfsight PL","description":"Just another Elfsight Sites site","potentialAction":[{"@type":"SearchAction","target":{"@type":"EntryPoint","urlTemplate":"https:\/\/elfsight.com\/pl\/?s={search_term_string}"},"query-input":{"@type":"PropertyValueSpecification","valueRequired":true,"valueName":"search_term_string"}}],"inLanguage":"pl-PL"}]}},"meta_box":{"industry":"","seo_heading":"","heading":"","description":"","cta_heading":"","cta_description":"","application":"2028","h1":"Wtyczka tabeli cen iFrame","h1_caption":"Przedstaw swoje opcje cenowe w jasny i atrakcyjny spos\u00f3b, pomagaj\u0105c klientom w \u0142atwym wyborze planu odpowiadaj\u0105cego ich potrzebom w Twojej witrynie iFrame.","application_category":[],"applications_title":"","applications_request_title":"","applications_request_button_text":"","hero_text":"","hero_video":"","hero_video_schema_markup":"","selling_points_title":"","selling_points_caption":"","selling_points":[],"selling_points_cta_text":"","features_title":"","features":"","ed_cta_examples_text":"","ed_cta_examples_hidden":"","ed_cta_demo_text":"","ed_cta_demo_hidden":"","why_caption":"","why_editor_title":"","why_editor_text":"","why_team_title":"","why_team_text":"","why_service_title":"","why_service_text":"","template_catalog_visible":"0","template_catalog_title":"","template_catalog_text":"","template_catalog_categories_visible":"","demo_title":"Utw\u00f3rz wid\u017cet Tabela cen","demo_caption":"Skonfiguruj swoj\u0105 tabel\u0119 cen i dodaj j\u0105 do swojej witryny iFrame za darmo!","default_faq_hidden":"","app_template_category":[],"platform":"187","template_public_id":"","codecanyon_url":"","codecanyon_item_id":"","codecanyon_price":"","pricing_caption":"","pricing_elfsight_apps_hide_column":"","pricing_elfsight_apps_url":"","pricing_codecanyon_price_caption":"","integration_category":[],"integration_request_title":"","integration_request_cta":"","integration_platform":"","integrations":[],"platform_category":[],"video_schema_markup":"","price":"od 0 USD \/ miesi\u0105c","trial":"","benefits":[{"text":"Bezp\u0142atna us\u0142uga monta\u017cu"},{"text":"Kompetentna obs\u0142uga klienta"},{"text":"14-dniowa gwarancja zwrotu pieni\u0119dzy"}],"button_url":"#demo","button_target_blank":"0","button_nofollow":"0","attributes":[{"name":"Instaluje"},{"name":"Czu\u0142y"},{"name":"Kompatybilne przegl\u0105darki"}],"tags":[],"tags_disable_links":"0","hide_more_platforms":"0","video_object":"","demo_hide_cta":"0","demo_hide_cloud_options":"0","pricing_title":"","pricing":[{"pricing_icon":"platform","pricing_title":"Elfsight Apps","pricing_title_caption":"Rozwi\u0105zanie niezale\u017cne od platformy","pricing_price":"od 0 USD \/ miesi\u0105c","pricing_price_caption":"zacznij od bezp\u0142atnego planu","pricing_benefits":[{"text":"Nielimitowane strony internetowe"},{"text":"Bezp\u0142atne wsparcie"},{"text":"Bezp\u0142atne wsparcie przy instalacji"},{"text":"Oferta specjalna na wiele aplikacji"}],"pricing_button_text":"Dodaj do witryny","pricing_button_url":"#demo"}],"related_apps_title":"","related_apps_hidden":"0","author":"","image":[],"title":"","job":"","social_networks":[]},"_links":{"self":[{"href":"https:\/\/elfsight.com\/pl\/wp-json\/wp\/v2\/pages\/6117","targetHints":{"allow":["GET"]}}],"collection":[{"href":"https:\/\/elfsight.com\/pl\/wp-json\/wp\/v2\/pages"}],"about":[{"href":"https:\/\/elfsight.com\/pl\/wp-json\/wp\/v2\/types\/page"}],"author":[{"embeddable":true,"href":"https:\/\/elfsight.com\/pl\/wp-json\/wp\/v2\/users\/9"}],"replies":[{"embeddable":true,"href":"https:\/\/elfsight.com\/pl\/wp-json\/wp\/v2\/comments?post=6117"}],"version-history":[{"count":2,"href":"https:\/\/elfsight.com\/pl\/wp-json\/wp\/v2\/pages\/6117\/revisions"}],"predecessor-version":[{"id":10524,"href":"https:\/\/elfsight.com\/pl\/wp-json\/wp\/v2\/pages\/6117\/revisions\/10524"}],"up":[{"embeddable":true,"href":"https:\/\/elfsight.com\/pl\/wp-json\/wp\/v2\/pages\/2029"}],"wp:attachment":[{"href":"https:\/\/elfsight.com\/pl\/wp-json\/wp\/v2\/media?parent=6117"}],"curies":[{"name":"wp","href":"https:\/\/api.w.org\/{rel}","templated":true}]}}