{"id":6111,"date":"1970-01-01T00:00:00","date_gmt":"1970-01-01T00:00:00","guid":{"rendered":"https:\/\/elfsight.com\/pl\/?page_id=6111"},"modified":"2024-11-14T09:20:08","modified_gmt":"2024-11-14T09:20:08","slug":"woocommerce","status":"publish","type":"page","link":"https:\/\/elfsight.com\/pl\/pricing-table-plugin\/woocommerce\/","title":{"rendered":"Pricing Table &#8211; WooCommerce"},"content":{"rendered":"<div class=\"application-platform-content-item-description application-platform-content-item\" id=\"description\" data-nav-section=\"description\"><h2>Opis<\/h2><p>Ceny odgrywaj\u0105 jedn\u0105 z g\u0142\u00f3wnych r\u00f3l w motywowaniu klient\u00f3w do zakupu. Nasza wtyczka nie tylko pomaga u\u017cytkownikom serwisu szybko sprawdzi\u0107 i sprawdzi\u0107 wiele taryf cenowych. Pomaga tak\u017ce w podnoszeniu konwersji dzi\u0119ki zastosowaniu najnowocze\u015bniejszych technik projektowania i konfiguracji.<\/p><p><b>Przenie\u015b sprzeda\u017c swojej witryny na wy\u017cszy poziom, korzystaj\u0105c z inteligentnych cen.<\/b><\/p>[ \/application_platform_content_item] <div class=\"faq\" data-component=\"FAQ\"><div class=\"faq-item\">\r\n\t\t\t\t\t<div class=\"faq-item-question\">\r\n\t\t\t\t\t\t<h3 class=\"faq-item-question-text\">Jak mog\u0119 osadzi\u0107 Tabel\u0119 Cenow\u0105 na stronie WooCommerce? <\/h3>\r\n\r\n\t\t\t\t\t\t<div class=\"faq-item-question-icon\"><\/div>\r\n\t\t\t\t\t<\/div>\r\n\r\n\t\t\t\t\t<div class=\"faq-item-answer\">\r\n\t\t\t\t\t\t<div class=\"faq-item-answer-text\"><p>Tworzenie narz\u0119dzia odbywa si\u0119 na stronach Elfsight i nie musisz kodowa\u0107. Przejd\u017a do wersji demonstracyjnej na \u017cywo, aby ukszta\u0142towa\u0107 swoje narz\u0119dzie, zdoby\u0107 kod i wdro\u017cy\u0107 go na swojej stronie internetowej. <\/p><\/div>\r\n\t\t\t\t\t<\/div>\r\n\t\t\t\t<\/div><div class=\"faq-item\">\r\n\t\t\t\t\t<div class=\"faq-item-question\">\r\n\t\t\t\t\t\t<h3 class=\"faq-item-question-text\">Najlepsze sposoby wykorzystania integracji z witryn\u0105 z cennikami<\/h3>\r\n\r\n\t\t\t\t\t\t<div class=\"faq-item-question-icon\"><\/div>\r\n\t\t\t\t\t<\/div>\r\n\r\n\t\t\t\t\t<div class=\"faq-item-answer\">\r\n\t\t\t\t\t\t<div class=\"faq-item-answer-text\"><p>Zapewnimy Ci wiele mo\u017cliwo\u015bci dostosowywania: pe\u0142nowymiarowe wid\u017cety do dodawania w obszar zawarto\u015bci, p\u0142ywaj\u0105ce wtyczki umo\u017cliwiaj\u0105ce przewijanie, uk\u0142ady stopki, nag\u0142\u00f3wka i wszystkie odmiany mo\u017cliwo\u015bci pionowych pask\u00f3w bocznych i menu. <\/p><\/div>\r\n\t\t\t\t\t<\/div>\r\n\t\t\t\t<\/div><div class=\"faq-item\">\r\n\t\t\t\t\t<div class=\"faq-item-question\">\r\n\t\t\t\t\t\t<h3 class=\"faq-item-question-text\">Czy istnieje mo\u017cliwo\u015b\u0107 utworzenia tabeli cenowej sieci lub plan\u00f3w us\u0142ug za po\u015brednictwem redaktora? <\/h3>\r\n\r\n\t\t\t\t\t\t<div class=\"faq-item-question-icon\"><\/div>\r\n\t\t\t\t\t<\/div>\r\n\r\n\t\t\t\t\t<div class=\"faq-item-answer\">\r\n\t\t\t\t\t\t<div class=\"faq-item-answer-text\"><p>Mo\u017cesz dowolnie kszta\u0142towa\u0107 dowolne wid\u017cety odmiany. W edytorze dost\u0119pnych jest mn\u00f3stwo uk\u0142ad\u00f3w, a ka\u017cdy z nich mo\u017cna \u0142atwo dostosowa\u0107 do w\u0142asnych potrzeb. <\/p><\/div>\r\n\t\t\t\t\t<\/div>\r\n\t\t\t\t<\/div><\/div><div class=\"application-platform-content-item-features application-platform-content-item\" id=\"features\" data-nav-section=\"features\"><\/div><h2>Kluczowe funkcje wid\u017cetu obejmuj\u0105<\/h2><ul><li>Zdob\u0105d\u017a wi\u0119cej klient\u00f3w;<\/li><li>Niech u\u017cytkownicy ko\u0144cz\u0105 zakup;<\/li><li>Natychmiastowa i skuteczna personalizacja;<\/li><li>Tworzenie wtyczki w zaledwie 80 sekund;<\/li><li>Podaj swoje plany cenowe;<\/li><li>Uczy\u0144 swoje ceny atrakcyjnymi dla u\u017cytkownik\u00f3w.<\/li><\/ul><p><a href=\"#demo\">Mo\u017cesz poczu\u0107, kiedy wid\u017cet oferuje korzystanie z wersji demonstracyjnej<\/a><\/p><\/div> <div class=\"application-platform-content-item-installation application-platform-content-item\" id=\"installation\" data-nav-section=\"installation\"><h2>Jak utworzy\u0107 tabel\u0119 cen dla mojej witryny WooCommerce?<\/h2><p>Wystarczy wykona\u0107 kroki przedstawione poni\u017cej, aby aktywowa\u0107 narz\u0119dzie.<\/p><ol><li> <b>Zarz\u0105dzaj\u0105c naszym bezp\u0142atnym konfiguratorem, zacznij tworzy\u0107 sw\u00f3j w\u0142asny instrument.<\/b><br>Wybierz niestandardowy wygl\u0105d i cechy wid\u017cetu oraz zapisz zmiany.<\/li><li><b>Odbierz pojawiaj\u0105cy si\u0119 osobisty kod w specjalnym formularzu w aplikacjach Elfsight.<\/b><br>Po zako\u0144czeniu dostosowywania wtyczki skopiuj osobisty kod z wy\u015bwietlonego wyskakuj\u0105cego okienka i zapisz go do dalszego wykorzystania.<\/li><li><b>Zainicjuj zastosowanie wid\u017cetu na stronie WooCommerce.<\/b><br>Zaimplementuj skopiowany wcze\u015bniej kod na swoj\u0105 stron\u0119 i zastosuj modyfikacje.<\/li><li><b>Instalacja zosta\u0142a w pe\u0142ni wykonana.<\/b><br>Odwied\u017a swoj\u0105 witryn\u0119, aby sprawdzi\u0107 dzia\u0142anie narz\u0119dzia.<\/li><\/ol><p>Je\u015bli masz pytania lub napotkasz pewne komplikacje, bez wahania skontaktuj si\u0119 z naszym personelem pomocniczym. Nasi ludzie ch\u0119tnie rozwi\u0105\u017c\u0105 wszystkie problemy, jakie mo\u017cesz mie\u0107 z wid\u017cetem.<\/p><\/div>","protected":false},"excerpt":{"rendered":"","protected":false},"author":9,"featured_media":0,"parent":2029,"menu_order":0,"comment_status":"closed","ping_status":"closed","template":"templates\/template-application-platform.php","meta":{"publish_to_discourse":"","publish_post_category":"","wpdc_auto_publish_overridden":"","wpdc_topic_tags":"","wpdc_pin_topic":"","wpdc_pin_until":"","discourse_post_id":"","discourse_permalink":"","wpdc_publishing_response":"","wpdc_publishing_error":"","footnotes":""},"class_list":["post-6111","page","type-page","status-publish","hentry"],"yoast_head":"<!-- This site is optimized with the Yoast SEO plugin v25.3.1 - https:\/\/yoast.com\/wordpress\/plugins\/seo\/ -->\n<title>Wtyczka WooCommerce Cennik dla Twojej witryny (2026)<\/title>\n<meta name=\"description\" content=\"Wykorzystaj szans\u0119, aby spersonalizowa\u0107 wtyczk\u0119 Pricng Table ju\u017c teraz i wprowadzi\u0107 j\u0105 na swoj\u0105 stron\u0119 WooCommerce bezpo\u015brednio poprzez demo na \u017cywo.\" \/>\n<meta name=\"robots\" content=\"index, follow, max-snippet:-1, max-image-preview:large, max-video-preview:-1\" \/>\n<link rel=\"canonical\" href=\"https:\/\/elfsight.com\/pl\/pricing-table-plugin\/woocommerce\/\" \/>\n<meta property=\"og:locale\" content=\"pl_PL\" \/>\n<meta property=\"og:type\" content=\"article\" \/>\n<meta property=\"og:title\" content=\"Wtyczka WooCommerce Cennik dla Twojej witryny (2026)\" \/>\n<meta property=\"og:description\" content=\"Wykorzystaj szans\u0119, aby spersonalizowa\u0107 wtyczk\u0119 Pricng Table ju\u017c teraz i wprowadzi\u0107 j\u0105 na swoj\u0105 stron\u0119 WooCommerce bezpo\u015brednio poprzez demo na \u017cywo.\" \/>\n<meta property=\"og:url\" content=\"https:\/\/elfsight.com\/pl\/pricing-table-plugin\/woocommerce\/\" \/>\n<meta property=\"og:site_name\" content=\"Elfsight PL\" \/>\n<meta property=\"article:modified_time\" content=\"2024-11-14T09:20:08+00:00\" \/>\n<meta name=\"twitter:card\" content=\"summary_large_image\" \/>\n<meta name=\"twitter:label1\" content=\"Szacowany czas czytania\" \/>\n\t<meta name=\"twitter:data1\" content=\"2 minuty\" \/>\n<!-- \/ Yoast SEO plugin. -->","yoast_head_json":{"title":"Wtyczka WooCommerce Cennik dla Twojej witryny (2026)","description":"Wykorzystaj szans\u0119, aby spersonalizowa\u0107 wtyczk\u0119 Pricng Table ju\u017c teraz i wprowadzi\u0107 j\u0105 na swoj\u0105 stron\u0119 WooCommerce bezpo\u015brednio poprzez demo na \u017cywo.","robots":{"index":"index","follow":"follow","max-snippet":"max-snippet:-1","max-image-preview":"max-image-preview:large","max-video-preview":"max-video-preview:-1"},"canonical":"https:\/\/elfsight.com\/pl\/pricing-table-plugin\/woocommerce\/","og_locale":"pl_PL","og_type":"article","og_title":"Wtyczka WooCommerce Cennik dla Twojej witryny (2026)","og_description":"Wykorzystaj szans\u0119, aby spersonalizowa\u0107 wtyczk\u0119 Pricng Table ju\u017c teraz i wprowadzi\u0107 j\u0105 na swoj\u0105 stron\u0119 WooCommerce bezpo\u015brednio poprzez demo na \u017cywo.","og_url":"https:\/\/elfsight.com\/pl\/pricing-table-plugin\/woocommerce\/","og_site_name":"Elfsight PL","article_modified_time":"2024-11-14T09:20:08+00:00","twitter_card":"summary_large_image","twitter_misc":{"Szacowany czas czytania":"2 minuty"},"schema":{"@context":"https:\/\/schema.org","@graph":[{"@type":"WebPage","@id":"https:\/\/elfsight.com\/pl\/pricing-table-plugin\/woocommerce\/","url":"https:\/\/elfsight.com\/pl\/pricing-table-plugin\/woocommerce\/","name":"Wtyczka WooCommerce Cennik dla Twojej witryny (2026)","isPartOf":{"@id":"https:\/\/elfsight.com\/pl\/#website"},"datePublished":"1970-01-01T00:00:00+00:00","dateModified":"2024-11-14T09:20:08+00:00","description":"Wykorzystaj szans\u0119, aby spersonalizowa\u0107 wtyczk\u0119 Pricng Table ju\u017c teraz i wprowadzi\u0107 j\u0105 na swoj\u0105 stron\u0119 WooCommerce bezpo\u015brednio poprzez demo na \u017cywo.","breadcrumb":{"@id":"https:\/\/elfsight.com\/pl\/pricing-table-plugin\/woocommerce\/#breadcrumb"},"inLanguage":"pl-PL","potentialAction":[{"@type":"ReadAction","target":["https:\/\/elfsight.com\/pl\/pricing-table-plugin\/woocommerce\/"]}]},{"@type":"BreadcrumbList","@id":"https:\/\/elfsight.com\/pl\/pricing-table-plugin\/woocommerce\/#breadcrumb","itemListElement":[{"@type":"ListItem","position":1,"name":"Home","item":"https:\/\/elfsight.com\/pl\/"},{"@type":"ListItem","position":2,"name":"Pricing Table","item":"https:\/\/elfsight.com\/pl\/pricing-table-plugin\/"},{"@type":"ListItem","position":3,"name":"Pricing Table &#8211; WooCommerce"}]},{"@type":"WebSite","@id":"https:\/\/elfsight.com\/pl\/#website","url":"https:\/\/elfsight.com\/pl\/","name":"Elfsight PL","description":"Just another Elfsight Sites site","potentialAction":[{"@type":"SearchAction","target":{"@type":"EntryPoint","urlTemplate":"https:\/\/elfsight.com\/pl\/?s={search_term_string}"},"query-input":{"@type":"PropertyValueSpecification","valueRequired":true,"valueName":"search_term_string"}}],"inLanguage":"pl-PL"}]}},"meta_box":{"industry":"","seo_heading":"","heading":"","description":"","cta_heading":"","cta_description":"","application":"2028","h1":"Wtyczka Tabela cen WooCommerce","h1_caption":"Przedstaw swoje opcje cenowe w jasny i atrakcyjny spos\u00f3b, pomagaj\u0105c klientom w bezproblemowym wyborze planu odpowiadaj\u0105cego ich potrzebom w Twojej witrynie WooCommerce.","application_category":[],"applications_title":"","applications_request_title":"","applications_request_button_text":"","hero_text":"","hero_video":"","hero_video_schema_markup":"","selling_points_title":"","selling_points_caption":"","selling_points":[],"selling_points_cta_text":"","features_title":"","features":"","ed_cta_examples_text":"","ed_cta_examples_hidden":"","ed_cta_demo_text":"","ed_cta_demo_hidden":"","why_caption":"","why_editor_title":"","why_editor_text":"","why_team_title":"","why_team_text":"","why_service_title":"","why_service_text":"","template_catalog_visible":"","template_catalog_title":"","template_catalog_text":"","template_catalog_categories_visible":"","demo_title":"Utw\u00f3rz aplikacj\u0119 z tabel\u0105 cen","demo_caption":"Skonfiguruj swoj\u0105 tabel\u0119 cen i dodaj j\u0105 do swojej witryny WooCommerce za darmo!","default_faq_hidden":"","app_template_category":[],"platform":"335","template_public_id":"","codecanyon_url":"","codecanyon_item_id":"","codecanyon_price":"","pricing_caption":"","pricing_elfsight_apps_hide_column":"","pricing_elfsight_apps_url":"","pricing_codecanyon_price_caption":"","integration_category":[],"integration_request_title":"","integration_request_cta":"","integration_platform":"","integrations":[],"platform_category":[],"video_schema_markup":"","price":"od 0 USD \/ miesi\u0105c","trial":"","benefits":[{"text":"Bezp\u0142atna pomoc w instalacji"},{"text":"Wsparcie premium"},{"text":"14-dniowa gwarancja zwrotu pieni\u0119dzy"}],"button_url":"#demo","button_target_blank":"","button_nofollow":"","attributes":[{"name":"Instaluje"},{"name":"Czu\u0142y"},{"name":"Kompatybilne przegl\u0105darki"}],"tags":[],"tags_disable_links":"","hide_more_platforms":"","video_object":"","demo_hide_cta":"","demo_hide_cloud_options":"","pricing_title":"","pricing":[{"pricing_icon":"platform","pricing_title":"Elfsight Apps","pricing_title_caption":"Rozwi\u0105zanie wieloplatformowe, kt\u00f3re dzia\u0142a na dowolnej witrynie","pricing_price":"od 0 USD \/ miesi\u0105c","pricing_price_caption":"zacznij od bezp\u0142atnego planu","pricing_benefits":[{"text":"Nielimitowane domeny"},{"text":"Ca\u0142odobowa obs\u0142uga klienta, dobrze udokumentowana"},{"text":"Bezp\u0142atna pomoc przy instalacji"},{"text":"Elastyczny projekt"}],"pricing_button_text":"Dodaj do witryny","pricing_button_url":"#demo"}],"related_apps_title":"","related_apps_hidden":"","author":"","image":[],"title":"","job":"","social_networks":[]},"_links":{"self":[{"href":"https:\/\/elfsight.com\/pl\/wp-json\/wp\/v2\/pages\/6111","targetHints":{"allow":["GET"]}}],"collection":[{"href":"https:\/\/elfsight.com\/pl\/wp-json\/wp\/v2\/pages"}],"about":[{"href":"https:\/\/elfsight.com\/pl\/wp-json\/wp\/v2\/types\/page"}],"author":[{"embeddable":true,"href":"https:\/\/elfsight.com\/pl\/wp-json\/wp\/v2\/users\/9"}],"replies":[{"embeddable":true,"href":"https:\/\/elfsight.com\/pl\/wp-json\/wp\/v2\/comments?post=6111"}],"version-history":[{"count":1,"href":"https:\/\/elfsight.com\/pl\/wp-json\/wp\/v2\/pages\/6111\/revisions"}],"predecessor-version":[{"id":6115,"href":"https:\/\/elfsight.com\/pl\/wp-json\/wp\/v2\/pages\/6111\/revisions\/6115"}],"up":[{"embeddable":true,"href":"https:\/\/elfsight.com\/pl\/wp-json\/wp\/v2\/pages\/2029"}],"wp:attachment":[{"href":"https:\/\/elfsight.com\/pl\/wp-json\/wp\/v2\/media?parent=6111"}],"curies":[{"name":"wp","href":"https:\/\/api.w.org\/{rel}","templated":true}]}}